{"id":10322,"date":"2017-07-07T09:21:08","date_gmt":"2017-07-07T07:21:08","guid":{"rendered":"https:\/\/luxury-rental-mc.com\/?page_id=10322"},"modified":"2017-07-07T09:27:59","modified_gmt":"2017-07-07T07:27:59","slug":"location-gordes","status":"publish","type":"page","link":"https:\/\/luxury-rental-mc.com\/fr\/location-voiture-luxe\/autres-villes\/location-gordes\/","title":{"rendered":"Location Gordes"},"content":{"rendered":"[vc_row][vc_column][vc_column_text]\n<h1 style=\"text-align: center;\">Location voiture de luxe Gordes<\/h1>\n<p style=\"text-align: justify;\">Sp\u00e9cialis\u00e9e dans la location de voiture haut de gamme, Mc luxury rental s\u2019attache \u00e0 r\u00e9pondre aux besoins de tous ses clients. Fortement d\u00e9velopp\u00e9e sur la C\u00f4te d\u2019Azur, notre agence par \u00e0 la conqu\u00eate des amateurs de calme, s\u00e9r\u00e9nit\u00e9 et de nature. C\u2019est dans le massif du Lub\u00e9ron que nous retrouvons notre agence de location de voiture de luxe, Mc Luxury rental pour vous accompagner au c\u0153ur de ce lieu authentique.<\/p>\n<p style=\"text-align: justify;\">Envie de prendre l\u2019air, de go\u00fbter \u00e0 l\u2019air pur que cette r\u00e9gion a \u00e0 vous offrir? Venez admirer le ciel bleu, vous d\u00e9tendre et l\u00e2cher prise de vos tracas quotidiens sans pour autant laisser votre confort \u00e0 la maison. Avec Mc Luxury Rental, voyagez et profitez de ce moment de plaisir en louant une voiture de prestige. Venez d\u00e9couvrir ce lieu incontournable, entre cachet et traditions, il vous en faudra peu pour vous sentir bien. Cet endroit est au tournant d\u2019un bon nombre d\u2019activit\u00e9s ludiques et de paysages majestueux. Venez d\u00e9couvrir les vignobles, et go\u00fbter au savoir-faire local. Produits du terroirs, objets artisanaux \u00e9veilleront l\u2019\u00e2me provinciale qui sommeille en vous. Ces lieux culturels tel que la cit\u00e9 m\u00e9di\u00e9vale, ses ruelles \u00e9troites ainsi que la Citadelle seront vous charmer sur l\u2019instant et dans le temps.<\/p>\n[\/vc_column_text][\/vc_column][\/vc_row][mk_page_section bg_image=\u00a0\u00bbhttps:\/\/luxury-rental-mc.com\/wp-content\/uploads\/2017\/07\/gordes.jpg\u00a0\u00bb attachment=\u00a0\u00bbfixed\u00a0\u00bb bg_repeat=\u00a0\u00bbno-repeat\u00a0\u00bb bg_stretch=\u00a0\u00bbtrue\u00a0\u00bb min_height=\u00a0\u00bb400&Prime; full_width=\u00a0\u00bbtrue\u00a0\u00bb sidebar=\u00a0\u00bbsidebar-1&Prime;][vc_column][\/vc_column][\/mk_page_section][vc_row][vc_column][vc_column_text]\n<h2 style=\"text-align: justify;\">Un week-end en famille ?<\/h2>\n<p style=\"text-align: justify;\">Venez vous d\u00e9tendre dans un des nombreux H\u00f4tel et Mas prestigieux des alentours accompagn\u00e9 d\u2019un v\u00e9hicule luxe. Notre agence de location vous accompagne pour faire de vos s\u00e9jours les meilleurs gr\u00e2ce \u00e0 nos v\u00e9hicules haut de gamme.<\/p>\n<p style=\"text-align: justify;\">Des activit\u00e9s locales et culturelles tel que le mus\u00e9e du Salagon et l\u2019observatoire St Michel seront de la partie pour une balade familiale pleine de d\u00e9couverte et de charme. L\u2019\u00e9quitation saura ravir les petits comme les grands, et vous propose de nombreuses balades au calme. D\u00e9couvrez ces paysages \u00e0 bord d\u2019un de nos v\u00e9hicules tel que la SUV, 4&#215;4, une de nos Berlines.<\/p>\n<p style=\"text-align: justify;\">Pour les couples, un cabriolet sera votre meilleur alli\u00e9 pour vos sorties cheveux aux vents, sous le ciel bleu. Vous souhaitez vous essayer \u00e0 la ma\u00eetrise et au savoir-faire local ? Des ateliers et des stages sont organis\u00e9s pour d\u00e9couvrir tous les produits dans toute leur authenticit\u00e9.<\/p>\n<p style=\"text-align: justify;\">Sillonnez les all\u00e9es au volant d\u2019une cabriolet comme la <a href=\"https:\/\/luxury-rental-mc.com\/rent-car\/mercedes-class-e\">Mercedes Classe E<\/a> ou encore la Bentley GTC. Pour les amateurs de Golf, venez passer un agr\u00e9able moment sur les vastes parcours que cette r\u00e9gion propose. Pour vous accompagner dans vous trajets et \u00e0 vos activit\u00e9s favorites ne vous priver pas Des parcours de randonn\u00e9es sont aussi mis \u00e0 l\u2019honneur pour les plus sportifs et aventurier.<\/p>\n[\/vc_column_text][mk_image src=\u00a0\u00bbhttps:\/\/luxury-rental-mc.com\/wp-content\/uploads\/2017\/07\/gordes-1.jpg\u00a0\u00bb image_size=\u00a0\u00bbfull\u00a0\u00bb align=\u00a0\u00bbcenter\u00a0\u00bb][vc_column_text]\n<h2 style=\"text-align: justify;\">Louer votre voiture \u00e0 Gordes<\/h2>\n<p style=\"text-align: justify;\">Ce site d\u2019exception propose \u00e9galement de nombreuses balades, notamment en Montgolfi\u00e8re, de quoi se cr\u00e9er de beaux souvenirs \u00e0 la campagne. Dans un \u00e9crin de relaxation les spas sont \u00e9galement \u00e0 votre disposition sur toute le domaine, constitu\u00e9s de piscine, jacuzzi, hammam et sauna. Les massages et les soins visage expert beaut\u00e9 vous mettront sur votre 31 pour vos plus belles soir\u00e9es.<\/p>\n<p style=\"text-align: justify;\">Pour cela pensez \u00e9galement \u00e0 votre arriv\u00e9e princi\u00e8re ! Quoi de mieux que la voiture de vos r\u00eaves ? Audi, Bentley, Porsche, Lamborghini se mettent \u00e0 l\u2019honneur pour vous proposer leurs plus belles courses, une conduite d\u2019exception, une technologie de pointe.<\/p>\n<p style=\"text-align: justify;\">Le domaine du Lub\u00e9ron demeure proche des grands axes, \u00e0 1h15 de l\u2019a\u00e9roport de Marseille, proche de celui d\u2019Avignon et des gares des alentours. (Isle-sur-la-sorgue, Cavaillon) Il existe des h\u00e9liports priv\u00e9es aux abords des h\u00f4tels les plus prestigieux.<\/p>\n<h3 style=\"text-align: justify;\">Un S\u00e9minaire, un banquet, une incensive?<\/h3>\n<p style=\"text-align: justify;\">Vous serez dans les meilleures conditions pour allier travail et d\u00e9tente pour vous et vos collaborateurs. Pour une totale disponibilit\u00e9 envers vos h\u00f4tes, pensez \u00e0 louer un v\u00e9hicule pour vos trajets professionnels et vos rendez-vous d\u2019affaire. D\u00e9cuplez votre efficacit\u00e9 dans vos projets, laissez-nous la joie de vous proposer nos services sur mesures et enti\u00e8rement personnalisables selon vos go\u00fbts et vos envies.<\/p>\n<h3 style=\"text-align: justify;\">Un mariage, un \u00e9v\u00e9nement \u00e0 f\u00eater, un anniversaire ?<\/h3>\n<p style=\"text-align: justify;\">Nous vous proposons des v\u00e9hicules haut de gamme tel que la Bentley Mulsanne, la Ferrari 458 spider ou encore la Rolls Royce Ghost. Immortalisez ce moment unique et f\u00e9erique en choisissant Mc Luxury Rental.<\/p>\n<p>&nbsp;<\/p>\n<h3>D\u00e9couvrez \u00e9galement nos autres villes desservies<\/h3>\n<ul>\n<li><a href=\"https:\/\/luxury-rental-mc.com\/fr\/location-voiture-luxe\/autres-villes\/location-voiture-de-luxe-venise\">Location voiture luxe\u00a0Venise<\/a><\/li>\n<li><a href=\"https:\/\/luxury-rental-mc.com\/fr\/location-voiture-luxe\/autres-villes\/location-voiture-luxe-lac-de-come\">Location voiture luxe\u00a0Lac de C\u00f4me<\/a><\/li>\n<li><a href=\"https:\/\/luxury-rental-mc.com\/fr\/location-voiture-luxe\/autres-villes\/location-voiture-luxe-porto-cervo\">Location voiture luxe\u00a0Porto Cervo<\/a><\/li>\n<li><a href=\"https:\/\/luxury-rental-mc.com\/fr\/location-voiture-luxe\/autres-villes\/location-voiture-de-luxe-sardaigne\">Location voiture luxe\u00a0Positano<\/a><\/li>\n<li><a href=\"https:\/\/luxury-rental-mc.com\/fr\/location-voiture-luxe\/autres-villes\/location-voiture-de-luxe-sardaigne\">Location voiture luxe\u00a0Sardaigne<\/a><\/li>\n<li><a href=\"https:\/\/luxury-rental-mc.com\/fr\/location-voiture-luxe\/autres-villes\/location-voiture-de-luxe-florence\">Location voiture luxe\u00a0Florence<\/a><\/li>\n<li><a href=\"https:\/\/luxury-rental-mc.com\/fr\/location-voiture-luxe\/autres-villes\/location-voiture-de-luxe-forte-dei-marmi\">Location voiture luxe\u00a0Forte dei Marmi<\/a><\/li>\n<li><a href=\"https:\/\/luxury-rental-mc.com\/fr\/location-voiture-luxe\/autres-villes\/location-voiture-de-luxe-turin\">Location voiture luxe\u00a0Turin<\/a><\/li>\n<li><a href=\"https:\/\/luxury-rental-mc.com\/fr\/location-voiture-luxe\/autres-villes\/location-geneve\">Location voiture luxe Gen\u00e8ve<\/a><\/li>\n<li><a href=\"https:\/\/luxury-rental-mc.com\/fr\/location-voiture-luxe\/autres-villes\/location-voiture-luxe-chamonix\">Location voiture luxe Chamonix<\/a><\/li>\n<li><a href=\"https:\/\/luxury-rental-mc.com\/fr\/location-voiture-luxe\/autres-villes\/location-voiture-luxe-zurich\">Location voiture luxe Zurich<\/a><\/li>\n<li><a href=\"https:\/\/luxury-rental-mc.com\/fr\/location-voiture-luxe\/autres-villes\/location-davos\">Location voiture luxe Davos<\/a><\/li>\n<li><a href=\"https:\/\/luxury-rental-mc.com\/fr\/location-voiture-luxe\/autres-villes\/location-lausanne\">Location voiture luxe Lausanne<\/a><\/li>\n<li><a href=\"https:\/\/luxury-rental-mc.com\/fr\/location-voiture-luxe\/autres-villes\/location-laax\">Location voiture luxe Laax<\/a><\/li>\n<li><a href=\"https:\/\/luxury-rental-mc.com\/fr\/location-voiture-luxe\/autres-villes\/location-lucerne\">Location voiture luxe Lucerne<\/a><\/li>\n<li><a href=\"https:\/\/luxury-rental-mc.com\/fr\/location-voiture-luxe\/autres-villes\/location-voiture-luxe-berne-2\">Location voiture luxe\u00a0Berne<\/a><\/li>\n<\/ul>\n<div class=\"wpb_row vc_row mk-fullwidth-false attched-false vc_row-fluid js-master-row mk-in-viewport\"><\/div>\n[\/vc_column_text][\/vc_column][\/vc_row]\n","protected":false},"excerpt":{"rendered":"<p>[vc_row][vc_column][vc_column_text] Location voiture de luxe Gordes Sp\u00e9cialis\u00e9e dans la location de voiture haut de gamme, Mc luxury rental s\u2019attache \u00e0 r\u00e9pondre aux besoins de tous ses clients. Fortement d\u00e9velopp\u00e9e sur la C\u00f4te d\u2019Azur, notre agence par \u00e0 la conqu\u00eate des amateurs de calme, s\u00e9r\u00e9nit\u00e9 et de nature. C\u2019est dans le massif du Lub\u00e9ron que nous [&hellip;]<\/p>\n","protected":false},"author":1,"featured_media":0,"parent":9503,"menu_order":0,"comment_status":"closed","ping_status":"closed","template":"","meta":{"_monsterinsights_skip_tracking":false,"_monsterinsights_sitenote_active":false,"_monsterinsights_sitenote_note":"","_monsterinsights_sitenote_category":0},"yoast_head":"<!-- This site is optimized with the Yoast SEO plugin v20.3 - https:\/\/yoast.com\/wordpress\/plugins\/seo\/ -->\n<title>Location voiture de luxe Gordes - Luxury rental mc<\/title>\n<meta name=\"robots\" content=\"index, follow, max-snippet:-1, max-image-preview:large, max-video-preview:-1\" \/>\n<link rel=\"canonical\" href=\"https:\/\/luxury-rental-mc.com\/fr\/location-voiture-luxe\/autres-villes\/location-gordes\/\" \/>\n<meta property=\"og:locale\" content=\"fr_FR\" \/>\n<meta property=\"og:type\" content=\"article\" \/>\n<meta property=\"og:title\" content=\"Location voiture de luxe Gordes - Luxury rental mc\" \/>\n<meta property=\"og:description\" content=\"[vc_row][vc_column][vc_column_text] Location voiture de luxe Gordes Sp\u00e9cialis\u00e9e dans la location de voiture haut de gamme, Mc luxury rental s\u2019attache \u00e0 r\u00e9pondre aux besoins de tous ses clients. Fortement d\u00e9velopp\u00e9e sur la C\u00f4te d\u2019Azur, notre agence par \u00e0 la conqu\u00eate des amateurs de calme, s\u00e9r\u00e9nit\u00e9 et de nature. C\u2019est dans le massif du Lub\u00e9ron que nous [&hellip;]\" \/>\n<meta property=\"og:url\" content=\"https:\/\/luxury-rental-mc.com\/fr\/location-voiture-luxe\/autres-villes\/location-gordes\/\" \/>\n<meta property=\"og:site_name\" content=\"Luxury Car Rentals | Monaco, Nice, Cannes, Saint-Tropez\" \/>\n<meta property=\"article:modified_time\" content=\"2017-07-07T07:27:59+00:00\" \/>\n<meta name=\"twitter:label1\" content=\"Dur\u00e9e de lecture estim\u00e9e\" \/>\n\t<meta name=\"twitter:data1\" content=\"5 minutes\" \/>\n<script type=\"application\/ld+json\" class=\"yoast-schema-graph\">{\"@context\":\"https:\/\/schema.org\",\"@graph\":[{\"@type\":\"WebPage\",\"@id\":\"https:\/\/luxury-rental-mc.com\/fr\/location-voiture-luxe\/autres-villes\/location-gordes\/\",\"url\":\"https:\/\/luxury-rental-mc.com\/fr\/location-voiture-luxe\/autres-villes\/location-gordes\/\",\"name\":\"Location voiture de luxe Gordes - Luxury rental mc\",\"isPartOf\":{\"@id\":\"https:\/\/luxury-rental-mc.com\/#website\"},\"datePublished\":\"2017-07-07T07:21:08+00:00\",\"dateModified\":\"2017-07-07T07:27:59+00:00\",\"breadcrumb\":{\"@id\":\"https:\/\/luxury-rental-mc.com\/fr\/location-voiture-luxe\/autres-villes\/location-gordes\/#breadcrumb\"},\"inLanguage\":\"fr-FR\",\"potentialAction\":[{\"@type\":\"ReadAction\",\"target\":[\"https:\/\/luxury-rental-mc.com\/fr\/location-voiture-luxe\/autres-villes\/location-gordes\/\"]}]},{\"@type\":\"BreadcrumbList\",\"@id\":\"https:\/\/luxury-rental-mc.com\/fr\/location-voiture-luxe\/autres-villes\/location-gordes\/#breadcrumb\",\"itemListElement\":[{\"@type\":\"ListItem\",\"position\":1,\"name\":\"Accueil\",\"item\":\"https:\/\/luxury-rental-mc.com\/fr\/\"},{\"@type\":\"ListItem\",\"position\":2,\"name\":\"Location\",\"item\":\"https:\/\/luxury-rental-mc.com\/fr\/location-voiture-luxe\/\"},{\"@type\":\"ListItem\",\"position\":3,\"name\":\"Autres Villes\",\"item\":\"https:\/\/luxury-rental-mc.com\/fr\/location-voiture-luxe\/autres-villes\/\"},{\"@type\":\"ListItem\",\"position\":4,\"name\":\"Location Gordes\"}]},{\"@type\":\"WebSite\",\"@id\":\"https:\/\/luxury-rental-mc.com\/#website\",\"url\":\"https:\/\/luxury-rental-mc.com\/\",\"name\":\"Luxury Car Rentals | Monaco, Nice, Cannes, Saint-Tropez\",\"description\":\"Rent the finest brands : Porsche, Ferrari, Lamborghini, Mercedes...\",\"potentialAction\":[{\"@type\":\"SearchAction\",\"target\":{\"@type\":\"EntryPoint\",\"urlTemplate\":\"https:\/\/luxury-rental-mc.com\/?s={search_term_string}\"},\"query-input\":\"required name=search_term_string\"}],\"inLanguage\":\"fr-FR\"}]}<\/script>\n<!-- \/ Yoast SEO plugin. -->","yoast_head_json":{"title":"Location voiture de luxe Gordes - Luxury rental mc","robots":{"index":"index","follow":"follow","max-snippet":"max-snippet:-1","max-image-preview":"max-image-preview:large","max-video-preview":"max-video-preview:-1"},"canonical":"https:\/\/luxury-rental-mc.com\/fr\/location-voiture-luxe\/autres-villes\/location-gordes\/","og_locale":"fr_FR","og_type":"article","og_title":"Location voiture de luxe Gordes - Luxury rental mc","og_description":"[vc_row][vc_column][vc_column_text] Location voiture de luxe Gordes Sp\u00e9cialis\u00e9e dans la location de voiture haut de gamme, Mc luxury rental s\u2019attache \u00e0 r\u00e9pondre aux besoins de tous ses clients. Fortement d\u00e9velopp\u00e9e sur la C\u00f4te d\u2019Azur, notre agence par \u00e0 la conqu\u00eate des amateurs de calme, s\u00e9r\u00e9nit\u00e9 et de nature. C\u2019est dans le massif du Lub\u00e9ron que nous [&hellip;]","og_url":"https:\/\/luxury-rental-mc.com\/fr\/location-voiture-luxe\/autres-villes\/location-gordes\/","og_site_name":"Luxury Car Rentals | Monaco, Nice, Cannes, Saint-Tropez","article_modified_time":"2017-07-07T07:27:59+00:00","twitter_misc":{"Dur\u00e9e de lecture estim\u00e9e":"5 minutes"},"schema":{"@context":"https:\/\/schema.org","@graph":[{"@type":"WebPage","@id":"https:\/\/luxury-rental-mc.com\/fr\/location-voiture-luxe\/autres-villes\/location-gordes\/","url":"https:\/\/luxury-rental-mc.com\/fr\/location-voiture-luxe\/autres-villes\/location-gordes\/","name":"Location voiture de luxe Gordes - Luxury rental mc","isPartOf":{"@id":"https:\/\/luxury-rental-mc.com\/#website"},"datePublished":"2017-07-07T07:21:08+00:00","dateModified":"2017-07-07T07:27:59+00:00","breadcrumb":{"@id":"https:\/\/luxury-rental-mc.com\/fr\/location-voiture-luxe\/autres-villes\/location-gordes\/#breadcrumb"},"inLanguage":"fr-FR","potentialAction":[{"@type":"ReadAction","target":["https:\/\/luxury-rental-mc.com\/fr\/location-voiture-luxe\/autres-villes\/location-gordes\/"]}]},{"@type":"BreadcrumbList","@id":"https:\/\/luxury-rental-mc.com\/fr\/location-voiture-luxe\/autres-villes\/location-gordes\/#breadcrumb","itemListElement":[{"@type":"ListItem","position":1,"name":"Accueil","item":"https:\/\/luxury-rental-mc.com\/fr\/"},{"@type":"ListItem","position":2,"name":"Location","item":"https:\/\/luxury-rental-mc.com\/fr\/location-voiture-luxe\/"},{"@type":"ListItem","position":3,"name":"Autres Villes","item":"https:\/\/luxury-rental-mc.com\/fr\/location-voiture-luxe\/autres-villes\/"},{"@type":"ListItem","position":4,"name":"Location Gordes"}]},{"@type":"WebSite","@id":"https:\/\/luxury-rental-mc.com\/#website","url":"https:\/\/luxury-rental-mc.com\/","name":"Luxury Car Rentals | Monaco, Nice, Cannes, Saint-Tropez","description":"Rent the finest brands : Porsche, Ferrari, Lamborghini, Mercedes...","potentialAction":[{"@type":"SearchAction","target":{"@type":"EntryPoint","urlTemplate":"https:\/\/luxury-rental-mc.com\/?s={search_term_string}"},"query-input":"required name=search_term_string"}],"inLanguage":"fr-FR"}]}},"_links":{"self":[{"href":"https:\/\/luxury-rental-mc.com\/fr\/wp-json\/wp\/v2\/pages\/10322\/"}],"collection":[{"href":"https:\/\/luxury-rental-mc.com\/fr\/wp-json\/wp\/v2\/pages\/"}],"about":[{"href":"https:\/\/luxury-rental-mc.com\/fr\/wp-json\/wp\/v2\/types\/page\/"}],"author":[{"embeddable":true,"href":"https:\/\/luxury-rental-mc.com\/fr\/wp-json\/wp\/v2\/users\/1\/"}],"replies":[{"embeddable":true,"href":"https:\/\/luxury-rental-mc.com\/fr\/wp-json\/wp\/v2\/comments\/?post=10322"}],"version-history":[{"count":4,"href":"https:\/\/luxury-rental-mc.com\/fr\/wp-json\/wp\/v2\/pages\/10322\/revisions\/"}],"predecessor-version":[{"id":10329,"href":"https:\/\/luxury-rental-mc.com\/fr\/wp-json\/wp\/v2\/pages\/10322\/revisions\/10329\/"}],"up":[{"embeddable":true,"href":"https:\/\/luxury-rental-mc.com\/fr\/wp-json\/wp\/v2\/pages\/9503\/"}],"wp:attachment":[{"href":"https:\/\/luxury-rental-mc.com\/fr\/wp-json\/wp\/v2\/media\/?parent=10322"}],"curies":[{"name":"wp","href":"https:\/\/api.w.org\/{rel}","templated":true}]}}