{"id":10588,"date":"2017-12-15T09:44:31","date_gmt":"2017-12-15T08:44:31","guid":{"rendered":"https:\/\/luxury-rental-mc.com\/?page_id=10588"},"modified":"2017-12-15T09:49:43","modified_gmt":"2017-12-15T08:49:43","slug":"location-courchevel","status":"publish","type":"page","link":"https:\/\/luxury-rental-mc.com\/fr\/location-voiture-luxe\/location-courchevel\/","title":{"rendered":"Location Courchevel"},"content":{"rendered":"[vc_row][vc_column][vc_column_text]\n<h1>MC Luxury Rental s\u2019installe \u00e0 Courchevel !<\/h1>\n<p style=\"text-align: justify;\">Forte de nombreuses ann\u00e9es d\u2019exp\u00e9rience dans le domaine de la location de v\u00e9hicules de luxe, notre soci\u00e9t\u00e9 MC Luxury Rental a choisi de s\u2019implanter dans la prestigieuse station de ski de Courchevel.<\/p>\n<p style=\"text-align: justify;\">Retrouvez notre bureau MC Luxury Rental dans le plus grand complexe aquatique europ\u00e9en, Aquamotion Courchevel, situ\u00e9 au 1297 Route des Eaux Vives, 73120 Courchevel. Plac\u00e9 au coeur de la station hupp\u00e9e des 3 Vall\u00e9es en Savoie.<\/p>\n<p style=\"text-align: justify;\">Le domaine skiable des Trois Vall\u00e9es id\u00e9alement situ\u00e9 dans les Alpes Fran\u00e7aises, s\u00e9duit chaque hiver une client\u00e8le similaire \u00e0 celle de la principaut\u00e9 de Monaco ou encore de Saint-Tropez.<\/p>\n<p style=\"text-align: justify;\">Notre entreprise bas\u00e9e \u00e0 Monaco vous propose ses services de location de voitures haut de gamme. Durant la saison hivernale, tous nos v\u00e9hicules sont \u00e9quip\u00e9s pour les conditions extr\u00eames.<\/p>\n<p style=\"text-align: justify;\">Notre \u00e9quipe se trouvera sur place, sur le site d\u2019Aquamotion Courchevel, pour vous conseiller au mieux selon vos besoins. Nous \u00e9tablissons des devis sur mesure. Nous proposons la mise \u00e0 disposition d\u2019un ou plusieurs v\u00e9hicules pour la dur\u00e9e de votre choix. Possibilit\u00e9 de louer une voiture haut de gamme \u00e0 la journ\u00e9e, \u00e0 la semaine ou encore au mois. Id\u00e9al pour une location de v\u00e9hicule pour un chalet au pied des pistes.<\/p>\n<p><img loading=\"lazy\" class=\"aligncenter wp-image-10579\" src=\"https:\/\/luxury-rental-mc.com\/wp-content\/uploads\/2017\/12\/img_2485-1024x768.jpg\" alt=\"car rental\" width=\"400\" height=\"300\" srcset=\"https:\/\/luxury-rental-mc.com\/wp-content\/uploads\/2017\/12\/img_2485-1024x768.jpg 1024w, https:\/\/luxury-rental-mc.com\/wp-content\/uploads\/2017\/12\/img_2485-300x225.jpg 300w, https:\/\/luxury-rental-mc.com\/wp-content\/uploads\/2017\/12\/img_2485-768x576.jpg 768w\" sizes=\"(max-width: 400px) 100vw, 400px\" \/><\/p>\n<p><img loading=\"lazy\" class=\"aligncenter wp-image-10580\" src=\"https:\/\/luxury-rental-mc.com\/wp-content\/uploads\/2017\/12\/img_2393-1024x768.jpg\" alt=\"rental car courchevel\" width=\"399\" height=\"300\" srcset=\"https:\/\/luxury-rental-mc.com\/wp-content\/uploads\/2017\/12\/img_2393-1024x768.jpg 1024w, https:\/\/luxury-rental-mc.com\/wp-content\/uploads\/2017\/12\/img_2393-300x225.jpg 300w, https:\/\/luxury-rental-mc.com\/wp-content\/uploads\/2017\/12\/img_2393-768x576.jpg 768w, https:\/\/luxury-rental-mc.com\/wp-content\/uploads\/2017\/12\/img_2393.jpg 1600w\" sizes=\"(max-width: 399px) 100vw, 399px\" \/>[\/vc_column_text][vc_column_text]La livraison et la r\u00e9cup\u00e9ration de votre voiture de location s\u2019effectuera sur le lieux de votre choix.<\/p>\n<ul>\n<li>a\u00e9roport (Gen\u00e8ve, Lyon, Annecy, Chamb\u00e9ry, Grenoble\u2026)<\/li>\n<li>altiport (Courchevel, M\u00e9ribel, Meg\u00e8ve\u2026)<\/li>\n<li>Chalet (Courchevel 1850, Courchevel 1650, Courchevel 1550, Le Praz, M\u00e9ribel, La Plagne, St Moritz, Val Thorens\u2026)<\/li>\n<li>hotel et palace (Courchevel Village, Chamonix Mont Blanc\u2026)<\/li>\n<\/ul>\n<h2>location de v\u00e9hicule de luxe<\/h2>\n<p>Pour une conduite en toute s\u00e9curit\u00e9 <strong>MC Luxury Rental<\/strong> vous accompagne dans votre location de v\u00e9hicule de luxe pour atteindre les sommets des plus prestigieux endroits. Nous disposons d\u2019une large s\u00e9lection d\u2019automobiles de prestige, cat\u00e9gorie 4&#215;4 et SUV. Tout pour profiter entre famille et amis l\u00e0 o\u00f9 tout n\u2019est que calme, beaut\u00e9 et volupt\u00e9. MC Luxury Rental vous accompagne pour votre s\u00e9jour dans la plus chic des stations de France.<\/p>\n<p>A Courchevel, on ne fait pas que skier, la station regorge de lieux plus merveilleux et exclusifs les uns que les autres. Restaurants gastronomiques, h\u00f4tels 5 \u00e9toiles, chalets somptueux, palaces, quartiers privatis\u00e9s\u2026<\/p>\n<p>Comme \u00e0 Cannes sur la Cote d\u2019Azur, la Croisette est tr\u00e8s pris\u00e9e. Tous les cr\u00e9ateurs sont pr\u00e9sents pour votre shopping, Herm\u00e8s, Chanel, Dior, Cartier, Fendi et tant d\u2019autres.<\/p>\n<p>De nombreux \u00e9v\u00e9nements sont organis\u00e9s tout au long de la saison d\u2019hiver, shows, cabarets, soir\u00e9es VIP, championnat du monde de hockey, expositions\u2026<\/p>\n<p>&nbsp;<\/p>\n<p><img loading=\"lazy\" class=\"aligncenter wp-image-10581\" src=\"https:\/\/luxury-rental-mc.com\/wp-content\/uploads\/2017\/12\/fullsizerender-1024x747.jpg\" alt=\"rental courchevel\" width=\"401\" height=\"292\" srcset=\"https:\/\/luxury-rental-mc.com\/wp-content\/uploads\/2017\/12\/fullsizerender-1024x747.jpg 1024w, https:\/\/luxury-rental-mc.com\/wp-content\/uploads\/2017\/12\/fullsizerender-300x219.jpg 300w, https:\/\/luxury-rental-mc.com\/wp-content\/uploads\/2017\/12\/fullsizerender-768x560.jpg 768w\" sizes=\"(max-width: 401px) 100vw, 401px\" \/><\/p>\n<p><img loading=\"lazy\" class=\"aligncenter wp-image-10582\" src=\"https:\/\/luxury-rental-mc.com\/wp-content\/uploads\/2017\/12\/img_2487.jpeg\" alt=\"rent 4*4\" width=\"400\" height=\"300\" srcset=\"https:\/\/luxury-rental-mc.com\/wp-content\/uploads\/2017\/12\/img_2487.jpeg 640w, https:\/\/luxury-rental-mc.com\/wp-content\/uploads\/2017\/12\/img_2487-300x225.jpeg 300w\" sizes=\"(max-width: 400px) 100vw, 400px\" \/>[\/vc_column_text][vc_column_text]\n<h2>Louer votre mod\u00e8le phare 2017<\/h2>\n<p style=\"text-align: justify;\">Vous pourrez louer pour le mod\u00e8le phare de cette saison 2017, le Range Rover Sport. Compact et sportif il vous permettra d\u2019effectuer tous vos d\u00e9placements. Pour b\u00e9n\u00e9ficier de plus d\u2019espace pour vos skis ou bagages, choisissez le Range Rover Vogue.<\/p>\n<p style=\"text-align: justify;\">Louer un tout-terrain comme le <a href=\"https:\/\/luxury-rental-mc.com\/fr\/location-voiture\/mercedes-classe-g63\">Mercedes Benz Classe G63<\/a> sera le moyen de n\u2019avoir aucun limite. Le baroudeur historique bravera sans encombre tous les chemins de la<strong> station de Courchevel<\/strong>. Vous acc\u00e9derez sans difficult\u00e9 aux remont\u00e9es m\u00e9caniques.<\/p>\n<p style=\"text-align: justify;\">Faites vous plaisir au volant, louer un flambant <a href=\"https:\/\/luxury-rental-mc.com\/fr\/location-voiture\/porsche-cayenne-turbo\">Porsche Cayenne Turbo<\/a> durant votre s\u00e9jour dans le domaine des 3 vall\u00e9es est la meilleure option.<\/p>\n<p style=\"text-align: justify;\">Le Bentley Bentayga sera certainement la plus luxueux des SUV de la station de sport d\u2019hiver.<\/p>\n<p style=\"text-align: justify;\">Pour plus d\u2019espace nous disposons \u00e9galement de v\u00e9hicules 7 places tels qu\u2019un <a href=\"https:\/\/luxury-rental-mc.com\/rent-car\/bmw-x5-m\">BMW X5<\/a>, un Mercedes Benz GLS, ou un Audi Q7.<\/p>\n<p style=\"text-align: justify;\">Pour les plus nombreux, nous vous conseillons de louer un Mercedes Benz Classe V, un Vito ou un Volkwagen Caravelle<\/p>\n<p style=\"text-align: justify;\"><strong>R\u00e9servez votre voiture sportive<\/strong> en toutes circonstances, d\u00e9couvrez la nouvelle Audi RS6. Aussi confortable que fiable.<\/p>\n<p style=\"text-align: justify;\">Audacieux, vous ne renoncerez pas au luxe italien ! Effectivement, vous ne r\u00eavez pas, la Ferrari FF a \u00e9t\u00e9 con\u00e7ue pour b\u00e9n\u00e9ficier des plaisirs du chalet gr\u00e2ce \u00e0 sa traction int\u00e9grale. Son puissant moteur ronronnera jusqu\u2019aux sommets des montages.<\/p>\n<p style=\"text-align: justify;\">Si vous avez une pr\u00e9f\u00e9rence pour la location d\u2019une berline, l\u2019incontournable Mercedes Benz Class S sera privil\u00e9gi\u00e9e. Sa version limousine vous offrira un confort optimal.<\/p>\n<p style=\"text-align: justify;\">Pour garder votre standing habituel, louer une Rolls Royce Wraith.<\/p>\n[\/vc_column_text][vc_column_text]\n<ul>\n<li><strong>D\u00e9couvrez les autres villes :<\/strong>\n<ul>\n<li><a href=\"https:\/\/luxury-rental-mc.com\/fr\/location-voiture-luxe\/barcelone\">Location Barcelone<\/a><\/li>\n<li><a href=\"https:\/\/luxury-rental-mc.com\/fr\/location-voiture-luxe\/cannes\">Location Cannes<\/a><\/li>\n<li><a href=\"https:\/\/luxury-rental-mc.com\/fr\/location-voiture-luxe\/location-corse\">Location Corse<\/a><\/li>\n<li><a href=\"https:\/\/luxury-rental-mc.com\/fr\/location-voiture-luxe\/marbella\">Location Marbella<\/a><\/li>\n<li><a href=\"https:\/\/luxury-rental-mc.com\/fr\/location-voiture-luxe\/milan\">Location Milan<\/a><\/li>\n<li><a href=\"https:\/\/luxury-rental-mc.com\/fr\/location-voiture-luxe\/monaco\">Location Monaco<\/a><\/li>\n<li><a href=\"https:\/\/luxury-rental-mc.com\/fr\/location-voiture-luxe\/nice\">Location Nice<\/a><\/li>\n<li><a href=\"https:\/\/luxury-rental-mc.com\/fr\/location-voiture-luxe\/rome\">Location Rome<\/a><\/li>\n<li><a href=\"https:\/\/luxury-rental-mc.com\/fr\/location-voiture-luxe\/saint-tropez\">Location Saint Tropez<\/a><\/li>\n<li><a href=\"https:\/\/luxury-rental-mc.com\/fr\/location-voiture-luxe\/toulon\">Location Toulon\u00a0<\/a><\/li>\n<\/ul>\n<\/li>\n<\/ul>\n[\/vc_column_text][\/vc_column][\/vc_row]\n","protected":false},"excerpt":{"rendered":"<p>[vc_row][vc_column][vc_column_text] MC Luxury Rental s\u2019installe \u00e0 Courchevel ! Forte de nombreuses ann\u00e9es d\u2019exp\u00e9rience dans le domaine de la location de v\u00e9hicules de luxe, notre soci\u00e9t\u00e9 MC Luxury Rental a choisi de s\u2019implanter dans la prestigieuse station de ski de Courchevel. Retrouvez notre bureau MC Luxury Rental dans le plus grand complexe aquatique europ\u00e9en, Aquamotion Courchevel, [&hellip;]<\/p>\n","protected":false},"author":1,"featured_media":0,"parent":8650,"menu_order":0,"comment_status":"closed","ping_status":"closed","template":"","meta":{"_monsterinsights_skip_tracking":false,"_monsterinsights_sitenote_active":false,"_monsterinsights_sitenote_note":"","_monsterinsights_sitenote_category":0},"yoast_head":"<!-- This site is optimized with the Yoast SEO plugin v20.3 - https:\/\/yoast.com\/wordpress\/plugins\/seo\/ -->\n<title>Location de voiture Courchevel, voiture de luxe - LR MC<\/title>\n<meta name=\"description\" content=\"Pour la location d&#039;une voiture de luxe \/ 4*4 \u00e0 Courchevel, contactez notre soci\u00e9t\u00e9 Luxyru Rental Mc. Notre \u00e9quipe est \u00e0 votre enti\u00e8re disposition.\" \/>\n<meta name=\"robots\" content=\"index, follow, max-snippet:-1, max-image-preview:large, max-video-preview:-1\" \/>\n<link rel=\"canonical\" href=\"https:\/\/luxury-rental-mc.com\/fr\/location-voiture-luxe\/location-courchevel\/\" \/>\n<meta property=\"og:locale\" content=\"fr_FR\" \/>\n<meta property=\"og:type\" content=\"article\" \/>\n<meta property=\"og:title\" content=\"Location de voiture Courchevel, voiture de luxe - LR MC\" \/>\n<meta property=\"og:description\" content=\"Pour la location d&#039;une voiture de luxe \/ 4*4 \u00e0 Courchevel, contactez notre soci\u00e9t\u00e9 Luxyru Rental Mc. Notre \u00e9quipe est \u00e0 votre enti\u00e8re disposition.\" \/>\n<meta property=\"og:url\" content=\"https:\/\/luxury-rental-mc.com\/fr\/location-voiture-luxe\/location-courchevel\/\" \/>\n<meta property=\"og:site_name\" content=\"Luxury Car Rentals | Monaco, Nice, Cannes, Saint-Tropez\" \/>\n<meta property=\"article:modified_time\" content=\"2017-12-15T08:49:43+00:00\" \/>\n<meta property=\"og:image\" content=\"https:\/\/luxury-rental-mc.com\/wp-content\/uploads\/2017\/12\/img_2485-1024x768.jpg\" \/>\n<meta name=\"twitter:label1\" content=\"Dur\u00e9e de lecture estim\u00e9e\" \/>\n\t<meta name=\"twitter:data1\" content=\"4 minutes\" \/>\n<script type=\"application\/ld+json\" class=\"yoast-schema-graph\">{\"@context\":\"https:\/\/schema.org\",\"@graph\":[{\"@type\":\"WebPage\",\"@id\":\"https:\/\/luxury-rental-mc.com\/fr\/location-voiture-luxe\/location-courchevel\/\",\"url\":\"https:\/\/luxury-rental-mc.com\/fr\/location-voiture-luxe\/location-courchevel\/\",\"name\":\"Location de voiture Courchevel, voiture de luxe - LR MC\",\"isPartOf\":{\"@id\":\"https:\/\/luxury-rental-mc.com\/#website\"},\"datePublished\":\"2017-12-15T08:44:31+00:00\",\"dateModified\":\"2017-12-15T08:49:43+00:00\",\"description\":\"Pour la location d'une voiture de luxe \/ 4*4 \u00e0 Courchevel, contactez notre soci\u00e9t\u00e9 Luxyru Rental Mc. Notre \u00e9quipe est \u00e0 votre enti\u00e8re disposition.\",\"breadcrumb\":{\"@id\":\"https:\/\/luxury-rental-mc.com\/fr\/location-voiture-luxe\/location-courchevel\/#breadcrumb\"},\"inLanguage\":\"fr-FR\",\"potentialAction\":[{\"@type\":\"ReadAction\",\"target\":[\"https:\/\/luxury-rental-mc.com\/fr\/location-voiture-luxe\/location-courchevel\/\"]}]},{\"@type\":\"BreadcrumbList\",\"@id\":\"https:\/\/luxury-rental-mc.com\/fr\/location-voiture-luxe\/location-courchevel\/#breadcrumb\",\"itemListElement\":[{\"@type\":\"ListItem\",\"position\":1,\"name\":\"Accueil\",\"item\":\"https:\/\/luxury-rental-mc.com\/fr\/\"},{\"@type\":\"ListItem\",\"position\":2,\"name\":\"Location\",\"item\":\"https:\/\/luxury-rental-mc.com\/fr\/location-voiture-luxe\/\"},{\"@type\":\"ListItem\",\"position\":3,\"name\":\"Location Courchevel\"}]},{\"@type\":\"WebSite\",\"@id\":\"https:\/\/luxury-rental-mc.com\/#website\",\"url\":\"https:\/\/luxury-rental-mc.com\/\",\"name\":\"Luxury Car Rentals | Monaco, Nice, Cannes, Saint-Tropez\",\"description\":\"Rent the finest brands : Porsche, Ferrari, Lamborghini, Mercedes...\",\"potentialAction\":[{\"@type\":\"SearchAction\",\"target\":{\"@type\":\"EntryPoint\",\"urlTemplate\":\"https:\/\/luxury-rental-mc.com\/?s={search_term_string}\"},\"query-input\":\"required name=search_term_string\"}],\"inLanguage\":\"fr-FR\"}]}<\/script>\n<!-- \/ Yoast SEO plugin. -->","yoast_head_json":{"title":"Location de voiture Courchevel, voiture de luxe - LR MC","description":"Pour la location d'une voiture de luxe \/ 4*4 \u00e0 Courchevel, contactez notre soci\u00e9t\u00e9 Luxyru Rental Mc. Notre \u00e9quipe est \u00e0 votre enti\u00e8re disposition.","robots":{"index":"index","follow":"follow","max-snippet":"max-snippet:-1","max-image-preview":"max-image-preview:large","max-video-preview":"max-video-preview:-1"},"canonical":"https:\/\/luxury-rental-mc.com\/fr\/location-voiture-luxe\/location-courchevel\/","og_locale":"fr_FR","og_type":"article","og_title":"Location de voiture Courchevel, voiture de luxe - LR MC","og_description":"Pour la location d'une voiture de luxe \/ 4*4 \u00e0 Courchevel, contactez notre soci\u00e9t\u00e9 Luxyru Rental Mc. Notre \u00e9quipe est \u00e0 votre enti\u00e8re disposition.","og_url":"https:\/\/luxury-rental-mc.com\/fr\/location-voiture-luxe\/location-courchevel\/","og_site_name":"Luxury Car Rentals | Monaco, Nice, Cannes, Saint-Tropez","article_modified_time":"2017-12-15T08:49:43+00:00","og_image":[{"url":"https:\/\/luxury-rental-mc.com\/wp-content\/uploads\/2017\/12\/img_2485-1024x768.jpg"}],"twitter_misc":{"Dur\u00e9e de lecture estim\u00e9e":"4 minutes"},"schema":{"@context":"https:\/\/schema.org","@graph":[{"@type":"WebPage","@id":"https:\/\/luxury-rental-mc.com\/fr\/location-voiture-luxe\/location-courchevel\/","url":"https:\/\/luxury-rental-mc.com\/fr\/location-voiture-luxe\/location-courchevel\/","name":"Location de voiture Courchevel, voiture de luxe - LR MC","isPartOf":{"@id":"https:\/\/luxury-rental-mc.com\/#website"},"datePublished":"2017-12-15T08:44:31+00:00","dateModified":"2017-12-15T08:49:43+00:00","description":"Pour la location d'une voiture de luxe \/ 4*4 \u00e0 Courchevel, contactez notre soci\u00e9t\u00e9 Luxyru Rental Mc. Notre \u00e9quipe est \u00e0 votre enti\u00e8re disposition.","breadcrumb":{"@id":"https:\/\/luxury-rental-mc.com\/fr\/location-voiture-luxe\/location-courchevel\/#breadcrumb"},"inLanguage":"fr-FR","potentialAction":[{"@type":"ReadAction","target":["https:\/\/luxury-rental-mc.com\/fr\/location-voiture-luxe\/location-courchevel\/"]}]},{"@type":"BreadcrumbList","@id":"https:\/\/luxury-rental-mc.com\/fr\/location-voiture-luxe\/location-courchevel\/#breadcrumb","itemListElement":[{"@type":"ListItem","position":1,"name":"Accueil","item":"https:\/\/luxury-rental-mc.com\/fr\/"},{"@type":"ListItem","position":2,"name":"Location","item":"https:\/\/luxury-rental-mc.com\/fr\/location-voiture-luxe\/"},{"@type":"ListItem","position":3,"name":"Location Courchevel"}]},{"@type":"WebSite","@id":"https:\/\/luxury-rental-mc.com\/#website","url":"https:\/\/luxury-rental-mc.com\/","name":"Luxury Car Rentals | Monaco, Nice, Cannes, Saint-Tropez","description":"Rent the finest brands : Porsche, Ferrari, Lamborghini, Mercedes...","potentialAction":[{"@type":"SearchAction","target":{"@type":"EntryPoint","urlTemplate":"https:\/\/luxury-rental-mc.com\/?s={search_term_string}"},"query-input":"required name=search_term_string"}],"inLanguage":"fr-FR"}]}},"_links":{"self":[{"href":"https:\/\/luxury-rental-mc.com\/fr\/wp-json\/wp\/v2\/pages\/10588\/"}],"collection":[{"href":"https:\/\/luxury-rental-mc.com\/fr\/wp-json\/wp\/v2\/pages\/"}],"about":[{"href":"https:\/\/luxury-rental-mc.com\/fr\/wp-json\/wp\/v2\/types\/page\/"}],"author":[{"embeddable":true,"href":"https:\/\/luxury-rental-mc.com\/fr\/wp-json\/wp\/v2\/users\/1\/"}],"replies":[{"embeddable":true,"href":"https:\/\/luxury-rental-mc.com\/fr\/wp-json\/wp\/v2\/comments\/?post=10588"}],"version-history":[{"count":4,"href":"https:\/\/luxury-rental-mc.com\/fr\/wp-json\/wp\/v2\/pages\/10588\/revisions\/"}],"predecessor-version":[{"id":10593,"href":"https:\/\/luxury-rental-mc.com\/fr\/wp-json\/wp\/v2\/pages\/10588\/revisions\/10593\/"}],"up":[{"embeddable":true,"href":"https:\/\/luxury-rental-mc.com\/fr\/wp-json\/wp\/v2\/pages\/8650\/"}],"wp:attachment":[{"href":"https:\/\/luxury-rental-mc.com\/fr\/wp-json\/wp\/v2\/media\/?parent=10588"}],"curies":[{"name":"wp","href":"https:\/\/api.w.org\/{rel}","templated":true}]}}