{"id":10801,"date":"2018-04-16T15:14:06","date_gmt":"2018-04-16T13:14:06","guid":{"rendered":"https:\/\/luxury-rental-mc.com?page_id=10801"},"modified":"2018-04-17T12:22:02","modified_gmt":"2018-04-17T10:22:02","slug":"qui-sommes-nous","status":"publish","type":"page","link":"https:\/\/luxury-rental-mc.com\/fr\/qui-sommes-nous\/","title":{"rendered":"Qui sommes-nous?"},"content":{"rendered":"[vc_row][vc_column width=\u00a0\u00bb1\/2&Prime;][vc_column_text]\n<h1>Qui sommes-nous ?<\/h1>\n<h2>Nos services de luxe<\/h2>\n<div style=\"text-align: justify;\">MC Luxury Rental est une soci\u00e9t\u00e9 mon\u00e9gasque sp\u00e9cialis\u00e9e dans la location de v\u00e9hicules sans chauffeur, en courte et longue dur\u00e9e.<\/div>\n<div><\/div>\n<div style=\"text-align: justify;\">Notre soci\u00e9t\u00e9 est bas\u00e9e dans le Carr\u00e9 d\u2019Or \u00e0 Monte-Carlo, Monaco depuis 2010. Nous avons mis en place une strat\u00e9gie logistique afin de pouvoir proposer nos services de qualit\u00e9 \u00e0 Monaco, en France et dans toute l\u2019Europe (Espagne, Italie, Suisse\u2026)<\/div>\n<div style=\"text-align: justify;\"><\/div>\n<div style=\"text-align: justify;\">Forte de nombreuses ann\u00e9es d\u2019exp\u00e9rience dans le domaine de la location de v\u00e9hicules ne cesse de prosp\u00e9rer pour satisfaire tous ses clients (particuliers et professionnels).<\/div>\n<div style=\"text-align: justify;\">Notre \u00e9quipe qualifi\u00e9e, flexible et s\u00e9rieuse s\u2019efforce de fournir des prestations de luxe, \u00e0 la hauteur de vos attentes. Nous portons une attention particuli\u00e8re aux petits d\u00e9tails et une compr\u00e9hension des besoins de nos clients.<\/div>\n<div style=\"text-align: justify;\">Un accueil t\u00e9l\u00e9phonique est disponible 24\/24 7\/7 afin de vous offrir une r\u00e9activit\u00e9 imm\u00e9diate.<\/div>\n<div style=\"text-align: justify;\"><\/div>\n<div style=\"text-align: justify;\">Durant la saison estivale, nous aurons le plaisir de louer nos v\u00e9hicules de prestige sur les villes de Cannes, Nice, Saint-Tropez.<\/div>\n<div style=\"text-align: justify;\">Pendant la saison hivernale, des membres de notre \u00e9quipe professionnelle se d\u00e9placent dans notre bureau \u00e9ph\u00e9m\u00e8re \u00e0 Courchevel, pour effectuer toutes les livraisons de voitures de location \u00e0 Chamonix Mont-Blanc, Courchevel 1850, Cortina d\u2019Ampezzo, Gen\u00e8ve, Meg\u00e8ve, St Moritz\u2026<\/div>\n<div style=\"text-align: justify;\"><\/div>\n<div style=\"text-align: justify;\">Notre \u00e9quipe de chauffeurs vous offre un accueil sur mesure, en effectuant la livraison de votre v\u00e9hicule de location sur le lieux de votre choix. Celle ci peut s\u2019effectuer \u00e0 un a\u00e9roport international, \u00e0 un h\u00e9liport ou altiport, \u00e0 votre hotel, \u00e0 votre villa ou votre chalet.<\/div>\n<div style=\"text-align: justify;\">Nous vous proposons \u00e9galement de louer votre voiture en aller-simple, c\u2019est \u00e0 dire que vous pourrez restituer le v\u00e9hicule de location dans une autre ville.<\/div>\n<div style=\"text-align: justify;\"><\/div>\n<div style=\"text-align: justify;\"><\/div>\n<div style=\"text-align: justify;\"><\/div>\n<div style=\"text-align: justify;\"><\/div>\n[\/vc_column_text][mk_padding_divider][\/vc_column][vc_column width=\u00a0\u00bb1\/2&Prime;][mk_padding_divider size=\u00a0\u00bb100&Prime;][mk_image src=\u00a0\u00bbhttps:\/\/luxury-rental-mc.com\/wp-content\/uploads\/2018\/04\/img_3391.jpg\u00a0\u00bb image_size=\u00a0\u00bbfull\u00a0\u00bb frame_style=\u00a0\u00bbgray_border\u00a0\u00bb align=\u00a0\u00bbcenter\u00a0\u00bb][\/vc_column][\/vc_row][vc_row][vc_column][vc_column_text]\n<h2>Nos engagements qualit\u00e9<\/h2>\n<div><\/div>\n<div>Parmi les nombreux acteurs sur le march\u00e9 europ\u00e9en de la location de voitures, nous tenons \u00e0 nous d\u00e9marquer gr\u00e2ce \u00e0 notre professionnalisme.<\/div>\n<div><\/div>\n<div>\u2022Service d\u2019excellence : disponibilit\u00e9, ponctualit\u00e9 et fiabilit\u00e9 de notre \u00e9quipe MC Luxury Rental<\/div>\n<div>\u2022V\u00e9hicules r\u00e9cents et richement \u00e9quip\u00e9s : nos voitures de locations b\u00e9n\u00e9ficient de boites automatiques, navigation GPS, int\u00e9rieur cuir&#8230;<\/div>\n<div>\u2022Garantie du mod\u00e8le r\u00e9serv\u00e9 : nous garantissons le mod\u00e8le r\u00e9serv\u00e9 tout au long de l&rsquo;ann\u00e9e<\/div>\n<div>\u2022R\u00e9servation simple et rapide : r\u00e9servez votre moyen de transport sur notre boite mail s\u00e9curis\u00e9e ou par t\u00e9l\u00e9phone<\/div>\n<div>\u2022Conseil et service gr\u00e2ce \u00e0 un interlocuteur d\u00e9di\u00e9 : vous b\u00e9n\u00e9ficierez d\u2019un contact unique qui aura une connaissance parfaite de votre r\u00e9servation<\/div>\n<div>\u2022Proximit\u00e9 avec une large couverture g\u00e9ographique : pr\u00e9sence de MC Luxury Rental \u00e0 Monaco et dans de nombreuses villes d\u2019Europe comme Barcelone, Calvi, Cannes, Forte dei Marmi, Gen\u00e8ve, Marbella, Milan, Nice, Porto-Vecchio, Saint-Tropez&#8230;<\/div>\n<div><\/div>\n<div><\/div>\n<div><\/div>\n<div><\/div>\n[\/vc_column_text][mk_gallery images=\u00a0\u00bb10817,10818,10816&Prime; image_size=\u00a0\u00bbfull\u00a0\u00bb hover_scenarios=\u00a0\u00bbslow_zoom\u00a0\u00bb frame_style=\u00a0\u00bbgray_border\u00a0\u00bb][\/vc_column][\/vc_row][vc_row][vc_column][vc_column_text]\n<h2>Nos v\u00e9hicules de location de tourisme premi\u00e8re classe<\/h2>\n<div>Notre soci\u00e9t\u00e9 MC Luxury Rental met \u00e0 votre disposition plusieurs types de v\u00e9hicules \u00e0 la location :<\/div>\n<div><\/div>\n<div>\u20224&#215;4 ou SUV : sur la route comme en tout-terrain, pour une conduite raffin\u00e9e et des performances \u00e0 chaque m\u00e8tre parcouru<\/div>\n<div>\u2022vans : imagin\u00e9 et con\u00e7u pour vous faire voyager \u00e0 bord d\u2019une loge VIP, \u00a0il peut accueillir jusqu\u2019\u00e0 8 personnes,<\/div>\n<div>\u2022berlines ou limousines : l\u2019art de se faire plaisir en voyageant \u00e0 bord d\u2019un v\u00e9ritable salon priv\u00e9<\/div>\n<div>\u2022cabriolets : id\u00e9al pour profiter du soleil de la C\u00f4te d\u2019Azur pendant un d\u00e9placement professionnel ou priv\u00e9<\/div>\n<div>\u2022supercars : parfait pour enflammer vos \u00e9motions au volant d\u2019une voiture de sport<\/div>\n<div><\/div>\n<div>Principalement, nous proposons des marques de v\u00e9hicules Premium \u00e0 haut de gamme telles que : Audi, Aston Martin, Bentley, BMW, Bugatti, Ferrari, Lamborghini, Land Rover, Maserati, Maybach, McLaren, Mercedes-Benz, Mini Cooper, Porsche, Rolls Royce.<\/div>\n<div><\/div>\n<div>Toutes nos voitures de locations sont choisies avec soin afin de vous offrir le meilleur. Elles disposent des \u00e9quipements et options n\u00e9cessaires \u00e0 votre confort et votre s\u00e9curit\u00e9.<\/div>\n[\/vc_column_text][\/vc_column][\/vc_row]\n","protected":false},"excerpt":{"rendered":"<p>[vc_row][vc_column width=\u00a0\u00bb1\/2&Prime;][vc_column_text] Qui sommes-nous ? Nos services de luxe MC Luxury Rental est une soci\u00e9t\u00e9 mon\u00e9gasque sp\u00e9cialis\u00e9e dans la location de v\u00e9hicules sans chauffeur, en courte et longue dur\u00e9e. Notre soci\u00e9t\u00e9 est bas\u00e9e dans le Carr\u00e9 d\u2019Or \u00e0 Monte-Carlo, Monaco depuis 2010. Nous avons mis en place une strat\u00e9gie logistique afin de pouvoir proposer nos [&hellip;]<\/p>\n","protected":false},"author":1,"featured_media":0,"parent":0,"menu_order":0,"comment_status":"closed","ping_status":"closed","template":"","meta":{"_monsterinsights_skip_tracking":false,"_monsterinsights_sitenote_active":false,"_monsterinsights_sitenote_note":"","_monsterinsights_sitenote_category":0},"yoast_head":"<!-- This site is optimized with the Yoast SEO plugin v20.3 - https:\/\/yoast.com\/wordpress\/plugins\/seo\/ -->\n<title>Qui Sommes Nous ? - LR<\/title>\n<meta name=\"robots\" content=\"index, follow, max-snippet:-1, max-image-preview:large, max-video-preview:-1\" \/>\n<link rel=\"canonical\" href=\"https:\/\/luxury-rental-mc.com\/fr\/qui-sommes-nous\/\" \/>\n<meta property=\"og:locale\" content=\"fr_FR\" \/>\n<meta property=\"og:type\" content=\"article\" \/>\n<meta property=\"og:title\" content=\"Qui Sommes Nous ? - LR\" \/>\n<meta property=\"og:description\" content=\"[vc_row][vc_column width=\u00a0\u00bb1\/2&Prime;][vc_column_text] Qui sommes-nous ? Nos services de luxe MC Luxury Rental est une soci\u00e9t\u00e9 mon\u00e9gasque sp\u00e9cialis\u00e9e dans la location de v\u00e9hicules sans chauffeur, en courte et longue dur\u00e9e. Notre soci\u00e9t\u00e9 est bas\u00e9e dans le Carr\u00e9 d\u2019Or \u00e0 Monte-Carlo, Monaco depuis 2010. Nous avons mis en place une strat\u00e9gie logistique afin de pouvoir proposer nos [&hellip;]\" \/>\n<meta property=\"og:url\" content=\"https:\/\/luxury-rental-mc.com\/fr\/qui-sommes-nous\/\" \/>\n<meta property=\"og:site_name\" content=\"Luxury Car Rentals | Monaco, Nice, Cannes, Saint-Tropez\" \/>\n<meta property=\"article:modified_time\" content=\"2018-04-17T10:22:02+00:00\" \/>\n<meta name=\"twitter:label1\" content=\"Dur\u00e9e de lecture estim\u00e9e\" \/>\n\t<meta name=\"twitter:data1\" content=\"4 minutes\" \/>\n<script type=\"application\/ld+json\" class=\"yoast-schema-graph\">{\"@context\":\"https:\/\/schema.org\",\"@graph\":[{\"@type\":\"WebPage\",\"@id\":\"https:\/\/luxury-rental-mc.com\/fr\/qui-sommes-nous\/\",\"url\":\"https:\/\/luxury-rental-mc.com\/fr\/qui-sommes-nous\/\",\"name\":\"Qui Sommes Nous ? - LR\",\"isPartOf\":{\"@id\":\"https:\/\/luxury-rental-mc.com\/#website\"},\"datePublished\":\"2018-04-16T13:14:06+00:00\",\"dateModified\":\"2018-04-17T10:22:02+00:00\",\"breadcrumb\":{\"@id\":\"https:\/\/luxury-rental-mc.com\/fr\/qui-sommes-nous\/#breadcrumb\"},\"inLanguage\":\"fr-FR\",\"potentialAction\":[{\"@type\":\"ReadAction\",\"target\":[\"https:\/\/luxury-rental-mc.com\/fr\/qui-sommes-nous\/\"]}]},{\"@type\":\"BreadcrumbList\",\"@id\":\"https:\/\/luxury-rental-mc.com\/fr\/qui-sommes-nous\/#breadcrumb\",\"itemListElement\":[{\"@type\":\"ListItem\",\"position\":1,\"name\":\"Accueil\",\"item\":\"https:\/\/luxury-rental-mc.com\/fr\/\"},{\"@type\":\"ListItem\",\"position\":2,\"name\":\"Qui sommes-nous?\"}]},{\"@type\":\"WebSite\",\"@id\":\"https:\/\/luxury-rental-mc.com\/#website\",\"url\":\"https:\/\/luxury-rental-mc.com\/\",\"name\":\"Luxury Car Rentals | Monaco, Nice, Cannes, Saint-Tropez\",\"description\":\"Rent the finest brands : Porsche, Ferrari, Lamborghini, Mercedes...\",\"potentialAction\":[{\"@type\":\"SearchAction\",\"target\":{\"@type\":\"EntryPoint\",\"urlTemplate\":\"https:\/\/luxury-rental-mc.com\/?s={search_term_string}\"},\"query-input\":\"required name=search_term_string\"}],\"inLanguage\":\"fr-FR\"}]}<\/script>\n<!-- \/ Yoast SEO plugin. -->","yoast_head_json":{"title":"Qui Sommes Nous ? - LR","robots":{"index":"index","follow":"follow","max-snippet":"max-snippet:-1","max-image-preview":"max-image-preview:large","max-video-preview":"max-video-preview:-1"},"canonical":"https:\/\/luxury-rental-mc.com\/fr\/qui-sommes-nous\/","og_locale":"fr_FR","og_type":"article","og_title":"Qui Sommes Nous ? - LR","og_description":"[vc_row][vc_column width=\u00a0\u00bb1\/2&Prime;][vc_column_text] Qui sommes-nous ? Nos services de luxe MC Luxury Rental est une soci\u00e9t\u00e9 mon\u00e9gasque sp\u00e9cialis\u00e9e dans la location de v\u00e9hicules sans chauffeur, en courte et longue dur\u00e9e. Notre soci\u00e9t\u00e9 est bas\u00e9e dans le Carr\u00e9 d\u2019Or \u00e0 Monte-Carlo, Monaco depuis 2010. Nous avons mis en place une strat\u00e9gie logistique afin de pouvoir proposer nos [&hellip;]","og_url":"https:\/\/luxury-rental-mc.com\/fr\/qui-sommes-nous\/","og_site_name":"Luxury Car Rentals | Monaco, Nice, Cannes, Saint-Tropez","article_modified_time":"2018-04-17T10:22:02+00:00","twitter_misc":{"Dur\u00e9e de lecture estim\u00e9e":"4 minutes"},"schema":{"@context":"https:\/\/schema.org","@graph":[{"@type":"WebPage","@id":"https:\/\/luxury-rental-mc.com\/fr\/qui-sommes-nous\/","url":"https:\/\/luxury-rental-mc.com\/fr\/qui-sommes-nous\/","name":"Qui Sommes Nous ? - LR","isPartOf":{"@id":"https:\/\/luxury-rental-mc.com\/#website"},"datePublished":"2018-04-16T13:14:06+00:00","dateModified":"2018-04-17T10:22:02+00:00","breadcrumb":{"@id":"https:\/\/luxury-rental-mc.com\/fr\/qui-sommes-nous\/#breadcrumb"},"inLanguage":"fr-FR","potentialAction":[{"@type":"ReadAction","target":["https:\/\/luxury-rental-mc.com\/fr\/qui-sommes-nous\/"]}]},{"@type":"BreadcrumbList","@id":"https:\/\/luxury-rental-mc.com\/fr\/qui-sommes-nous\/#breadcrumb","itemListElement":[{"@type":"ListItem","position":1,"name":"Accueil","item":"https:\/\/luxury-rental-mc.com\/fr\/"},{"@type":"ListItem","position":2,"name":"Qui sommes-nous?"}]},{"@type":"WebSite","@id":"https:\/\/luxury-rental-mc.com\/#website","url":"https:\/\/luxury-rental-mc.com\/","name":"Luxury Car Rentals | Monaco, Nice, Cannes, Saint-Tropez","description":"Rent the finest brands : Porsche, Ferrari, Lamborghini, Mercedes...","potentialAction":[{"@type":"SearchAction","target":{"@type":"EntryPoint","urlTemplate":"https:\/\/luxury-rental-mc.com\/?s={search_term_string}"},"query-input":"required name=search_term_string"}],"inLanguage":"fr-FR"}]}},"_links":{"self":[{"href":"https:\/\/luxury-rental-mc.com\/fr\/wp-json\/wp\/v2\/pages\/10801\/"}],"collection":[{"href":"https:\/\/luxury-rental-mc.com\/fr\/wp-json\/wp\/v2\/pages\/"}],"about":[{"href":"https:\/\/luxury-rental-mc.com\/fr\/wp-json\/wp\/v2\/types\/page\/"}],"author":[{"embeddable":true,"href":"https:\/\/luxury-rental-mc.com\/fr\/wp-json\/wp\/v2\/users\/1\/"}],"replies":[{"embeddable":true,"href":"https:\/\/luxury-rental-mc.com\/fr\/wp-json\/wp\/v2\/comments\/?post=10801"}],"version-history":[{"count":5,"href":"https:\/\/luxury-rental-mc.com\/fr\/wp-json\/wp\/v2\/pages\/10801\/revisions\/"}],"predecessor-version":[{"id":10827,"href":"https:\/\/luxury-rental-mc.com\/fr\/wp-json\/wp\/v2\/pages\/10801\/revisions\/10827\/"}],"wp:attachment":[{"href":"https:\/\/luxury-rental-mc.com\/fr\/wp-json\/wp\/v2\/media\/?parent=10801"}],"curies":[{"name":"wp","href":"https:\/\/api.w.org\/{rel}","templated":true}]}}