{"id":10902,"date":"2018-05-03T15:00:18","date_gmt":"2018-05-03T13:00:18","guid":{"rendered":"https:\/\/luxury-rental-mc.com?page_id=10902"},"modified":"2020-03-07T13:54:30","modified_gmt":"2020-03-07T12:54:30","slug":"range-rover-2018","status":"publish","type":"page","link":"https:\/\/luxury-rental-mc.com\/fr\/location-voiture\/range-rover-2018\/","title":{"rendered":"Range Rover Supercharged"},"content":{"rendered":"[vc_row][vc_column width=\u00a0\u00bb2\/3&Prime;][mk_title_box size=\u00a0\u00bb16&Prime; letter_spacing=\u00a0\u00bb4&Prime; margin_bottom=\u00a0\u00bb0&Prime; font_family=\u00a0\u00bbnone\u00a0\u00bb]\n<h1><span style=\"font-size: 14pt;\">Location Range Rover Sport Supercharged<\/span><\/h1>\n[\/mk_title_box][mk_swipe_slideshow images=\u00a0\u00bb11852,11850,11848,10893&Prime; image_width=\u00a0\u00bb750&Prime; image_height=\u00a0\u00bb420&Prime;][vc_column_text css=\u00a0\u00bb.vc_custom_1555834455286{margin-bottom: 0px !important;}\u00a0\u00bb]<span style=\"font-size: 10pt;\">Le Range Rover est une r\u00e9f\u00e9rence automobile parmi les <strong>SUV et 4&#215;4 de luxe<\/strong>. Land Rover est le meilleur pour pour les longs voyages avec un confort in\u00e9galable. Mais pour le mod\u00e8le Sport Supercharged, la sportivit\u00e9 est une \u00e9vidence ! Un <strong>moteur V8 essence<\/strong> qui d\u00e9veloppe 510 chevaux pour abattre un 0 \u00e0 100 km\/h en moins de 5,4 secondes\u00a0! Le Range Rover Sport Supercharged est sportif comme une supercar et confortable comme une limousine. <strong>Louer ce SUV de luxe ultra sportif<\/strong> qui saura vous satisfaire dans toutes les situations. Gr\u00e2ce \u00e0 ses 4 roues motrices et son \u00e9quipement pneus hiver <a href=\"https:\/\/luxury-rental-mc.com\/fr\/location-megeve\">louer un 4&#215;4 \u00e0 Meg\u00e8ve<\/a> ou <strong>Courchevel 1850<\/strong> comme au bord de mer \u00e0 Monaco ou Nice. Ou encore pour de longs voyages \u00e0 travers l\u2019Europe, entre l\u2019<a href=\"https:\/\/luxury-rental-mc.com\/fr\/location-voiture-luxe\/milan\">a\u00e9roport international de Milan Malpensa<\/a> et Barcelone ou <strong>Paris a\u00e9roport CDG<\/strong> et Gen\u00e8ve. Le Range Rover Sport Supercharged est simplement le mod\u00e8le le plus luxueux et sportif de la marque Land Rover. Du confort, de la puissance et de la maniabilit\u00e9, <strong>louer le Range Rover Sport Supercharged<\/strong>, le SUV de luxe qui offre les meilleures performances.<\/span><br \/>\n<span style=\"font-size: 10pt;\">Gr\u00e2ce aux services propos\u00e9s par MC Luxury Rental, vous pouvez <strong>louer le Range Rover Sport Supercharged<\/strong>, fameux 4&#215;4 de prestige pour la dur\u00e9e de votre choix, notre \u00e9quipe se fera un plaisir de vous le livrer o\u00f9 vous le souhaitez <strong>en Europe<\/strong>.\u00a0Pour un s\u00e9jour au ski dans votre station de sport d\u2019hiver pr\u00e9f\u00e9r\u00e9e comme <strong>Courchevel 1850<\/strong>, M\u00e9ribel ou Meg\u00e8ve le Range Rover Sport Supercharged est incontournable par son bruit sourd et son design agressif.\u00a0Vous souhaitez passer une semaine de r\u00eave sur la C\u00f4te d\u2019Azur sous le soleil m\u00e9diterran\u00e9en ou dans une capitale Europ\u00e9enne\u00a0?\u00a0Optez pour la <a href=\"https:\/\/luxury-rental-mc.com\/fr\/location-voiture-luxe\/saint-tropez\">location d\u2019un Range Rover Supercharged \u00e0 Saint Tropez<\/a> devant votre villa, \u00e0 l\u2019altiport de Monaco, <a href=\"https:\/\/luxury-rental-mc.com\/fr\/location-voiture-luxe\/nice\">louer une voiture de luxe \u00e0 l&rsquo;a\u00e9roport de Nice<\/a> ou devant votre yacht \u00e0 Cannes. Le Range Rover Supercharged est <strong>disponible \u00e0 la location en courte ou longue dur\u00e9e \u00e0 Monte-Carlo<\/strong>.<\/span>[\/vc_column_text][\/vc_column][vc_column width=\u00a0\u00bb1\/3&Prime;][mk_padding_divider size=\u00a0\u00bb12&Prime;][mk_title_box size=\u00a0\u00bb16&Prime; letter_spacing=\u00a0\u00bb4&Prime; margin_bottom=\u00a0\u00bb0&Prime; font_family=\u00a0\u00bbnone\u00a0\u00bb]\n<h2>Tarifs<\/h2>\n[\/mk_title_box][vc_table vc_table_theme=\u00a0\u00bbsimple_pink\u00a0\u00bb][align-left]Jour%20(150%20Km),[align-left]650%20%E2%82%AC|[b;align-left]3%20Jours%20(500%20km),[align-left]1800%20%E2%82%AC|[b;align-left]5%20Jours%20(750%20Km),[align-left]2500%20%E2%82%AC|[b;align-left]Jour%20suppl%C3%A9mentaire,[align-left]450%20%E2%82%AC|[b]Caution,7000%20%E2%82%AC[\/vc_table][mk_button dimension=\u00a0\u00bboutline\u00a0\u00bb size=\u00a0\u00bblarge\u00a0\u00bb icon=\u00a0\u00bbmk-li-call\u00a0\u00bb url=\u00a0\u00bbhttps:\/\/luxury-rental-mc.com\/contact\/#contact\u00a0\u00bb align=\u00a0\u00bbcenter\u00a0\u00bb fullwidth=\u00a0\u00bbtrue\u00a0\u00bb visibility=\u00a0\u00bbhidden-sm\u00a0\u00bb]R\u00e9servation +33762841105[\/mk_button][mk_button dimension=\u00a0\u00bboutline\u00a0\u00bb size=\u00a0\u00bblarge\u00a0\u00bb icon=\u00a0\u00bbmk-li-call\u00a0\u00bb url=\u00a0\u00bbtel:+33762841105&Prime; align=\u00a0\u00bbcenter\u00a0\u00bb fullwidth=\u00a0\u00bbtrue\u00a0\u00bb visibility=\u00a0\u00bbhidden-dt\u00a0\u00bb]R\u00e9servation[\/mk_button][vc_column_text css=\u00a0\u00bb.vc_custom_1583585640106{margin-bottom: 0px !important;}\u00a0\u00bb]Marque : Range Rover<br \/>\nMod\u00e8le : Sport Supercharged<br \/>\nNombre de places : 5<br \/>\nPuissance : 525 Ch<br \/>\nCylindr\u00e9e : 2993<br \/>\nVitesse max : 209 Km\/h<br \/>\nConsommation Mixte : 6.9l \/100 km<br \/>\nAge minimum : 18 ans[\/vc_column_text][\/vc_column][\/vc_row][vc_row fullwidth=\u00a0\u00bbtrue\u00a0\u00bb][vc_column][mk_clients clients=\u00a0\u00bb7183,7187,7173,7185,7177,7175,7179,7181,7189&Prime;][\/vc_column][\/vc_row]\n","protected":false},"excerpt":{"rendered":"<p>[vc_row][vc_column width=\u00a0\u00bb2\/3&Prime;][mk_title_box size=\u00a0\u00bb16&Prime; letter_spacing=\u00a0\u00bb4&Prime; margin_bottom=\u00a0\u00bb0&Prime; font_family=\u00a0\u00bbnone\u00a0\u00bb] Location Range Rover Sport Supercharged [\/mk_title_box][mk_swipe_slideshow images=\u00a0\u00bb11852,11850,11848,10893&Prime; image_width=\u00a0\u00bb750&Prime; image_height=\u00a0\u00bb420&Prime;][vc_column_text css=\u00a0\u00bb.vc_custom_1555834455286{margin-bottom: 0px !important;}\u00a0\u00bb]Le Range Rover est une r\u00e9f\u00e9rence automobile parmi les SUV et 4&#215;4 de luxe. Land Rover est le meilleur pour pour les longs voyages avec un confort in\u00e9galable. Mais pour le mod\u00e8le Sport Supercharged, la sportivit\u00e9 est une [&hellip;]<\/p>\n","protected":false},"author":1,"featured_media":0,"parent":7038,"menu_order":0,"comment_status":"closed","ping_status":"closed","template":"","meta":{"_monsterinsights_skip_tracking":false,"_monsterinsights_sitenote_active":false,"_monsterinsights_sitenote_note":"","_monsterinsights_sitenote_category":0},"yoast_head":"<!-- This site is optimized with the Yoast SEO plugin v20.3 - https:\/\/yoast.com\/wordpress\/plugins\/seo\/ -->\n<title>Location range rover 2018 - LR MC<\/title>\n<meta name=\"robots\" content=\"index, follow, max-snippet:-1, max-image-preview:large, max-video-preview:-1\" \/>\n<link rel=\"canonical\" href=\"https:\/\/luxury-rental-mc.com\/fr\/location-voiture\/range-rover-2018\/\" \/>\n<meta property=\"og:locale\" content=\"fr_FR\" \/>\n<meta property=\"og:type\" content=\"article\" \/>\n<meta property=\"og:title\" content=\"Location range rover 2018 - LR MC\" \/>\n<meta property=\"og:description\" content=\"[vc_row][vc_column width=\u00a0\u00bb2\/3&Prime;][mk_title_box size=\u00a0\u00bb16&Prime; letter_spacing=\u00a0\u00bb4&Prime; margin_bottom=\u00a0\u00bb0&Prime; font_family=\u00a0\u00bbnone\u00a0\u00bb] Location Range Rover Sport Supercharged [\/mk_title_box][mk_swipe_slideshow images=\u00a0\u00bb11852,11850,11848,10893&Prime; image_width=\u00a0\u00bb750&Prime; image_height=\u00a0\u00bb420&Prime;][vc_column_text css=\u00a0\u00bb.vc_custom_1555834455286{margin-bottom: 0px !important;}\u00a0\u00bb]Le Range Rover est une r\u00e9f\u00e9rence automobile parmi les SUV et 4&#215;4 de luxe. Land Rover est le meilleur pour pour les longs voyages avec un confort in\u00e9galable. Mais pour le mod\u00e8le Sport Supercharged, la sportivit\u00e9 est une [&hellip;]\" \/>\n<meta property=\"og:url\" content=\"https:\/\/luxury-rental-mc.com\/fr\/location-voiture\/range-rover-2018\/\" \/>\n<meta property=\"og:site_name\" content=\"Luxury Car Rentals | Monaco, Nice, Cannes, Saint-Tropez\" \/>\n<meta property=\"article:modified_time\" content=\"2020-03-07T12:54:30+00:00\" \/>\n<meta name=\"twitter:label1\" content=\"Dur\u00e9e de lecture estim\u00e9e\" \/>\n\t<meta name=\"twitter:data1\" content=\"3 minutes\" \/>\n<script type=\"application\/ld+json\" class=\"yoast-schema-graph\">{\"@context\":\"https:\/\/schema.org\",\"@graph\":[{\"@type\":\"WebPage\",\"@id\":\"https:\/\/luxury-rental-mc.com\/fr\/location-voiture\/range-rover-2018\/\",\"url\":\"https:\/\/luxury-rental-mc.com\/fr\/location-voiture\/range-rover-2018\/\",\"name\":\"Location range rover 2018 - LR MC\",\"isPartOf\":{\"@id\":\"https:\/\/luxury-rental-mc.com\/#website\"},\"datePublished\":\"2018-05-03T13:00:18+00:00\",\"dateModified\":\"2020-03-07T12:54:30+00:00\",\"breadcrumb\":{\"@id\":\"https:\/\/luxury-rental-mc.com\/fr\/location-voiture\/range-rover-2018\/#breadcrumb\"},\"inLanguage\":\"fr-FR\",\"potentialAction\":[{\"@type\":\"ReadAction\",\"target\":[\"https:\/\/luxury-rental-mc.com\/fr\/location-voiture\/range-rover-2018\/\"]}]},{\"@type\":\"BreadcrumbList\",\"@id\":\"https:\/\/luxury-rental-mc.com\/fr\/location-voiture\/range-rover-2018\/#breadcrumb\",\"itemListElement\":[{\"@type\":\"ListItem\",\"position\":1,\"name\":\"Accueil\",\"item\":\"https:\/\/luxury-rental-mc.com\/fr\/\"},{\"@type\":\"ListItem\",\"position\":2,\"name\":\"Location\",\"item\":\"https:\/\/luxury-rental-mc.com\/fr\/location-voiture\/\"},{\"@type\":\"ListItem\",\"position\":3,\"name\":\"Range Rover Supercharged\"}]},{\"@type\":\"WebSite\",\"@id\":\"https:\/\/luxury-rental-mc.com\/#website\",\"url\":\"https:\/\/luxury-rental-mc.com\/\",\"name\":\"Luxury Car Rentals | Monaco, Nice, Cannes, Saint-Tropez\",\"description\":\"Rent the finest brands : Porsche, Ferrari, Lamborghini, Mercedes...\",\"potentialAction\":[{\"@type\":\"SearchAction\",\"target\":{\"@type\":\"EntryPoint\",\"urlTemplate\":\"https:\/\/luxury-rental-mc.com\/?s={search_term_string}\"},\"query-input\":\"required name=search_term_string\"}],\"inLanguage\":\"fr-FR\"}]}<\/script>\n<!-- \/ Yoast SEO plugin. -->","yoast_head_json":{"title":"Location range rover 2018 - LR MC","robots":{"index":"index","follow":"follow","max-snippet":"max-snippet:-1","max-image-preview":"max-image-preview:large","max-video-preview":"max-video-preview:-1"},"canonical":"https:\/\/luxury-rental-mc.com\/fr\/location-voiture\/range-rover-2018\/","og_locale":"fr_FR","og_type":"article","og_title":"Location range rover 2018 - LR MC","og_description":"[vc_row][vc_column width=\u00a0\u00bb2\/3&Prime;][mk_title_box size=\u00a0\u00bb16&Prime; letter_spacing=\u00a0\u00bb4&Prime; margin_bottom=\u00a0\u00bb0&Prime; font_family=\u00a0\u00bbnone\u00a0\u00bb] Location Range Rover Sport Supercharged [\/mk_title_box][mk_swipe_slideshow images=\u00a0\u00bb11852,11850,11848,10893&Prime; image_width=\u00a0\u00bb750&Prime; image_height=\u00a0\u00bb420&Prime;][vc_column_text css=\u00a0\u00bb.vc_custom_1555834455286{margin-bottom: 0px !important;}\u00a0\u00bb]Le Range Rover est une r\u00e9f\u00e9rence automobile parmi les SUV et 4&#215;4 de luxe. Land Rover est le meilleur pour pour les longs voyages avec un confort in\u00e9galable. Mais pour le mod\u00e8le Sport Supercharged, la sportivit\u00e9 est une [&hellip;]","og_url":"https:\/\/luxury-rental-mc.com\/fr\/location-voiture\/range-rover-2018\/","og_site_name":"Luxury Car Rentals | Monaco, Nice, Cannes, Saint-Tropez","article_modified_time":"2020-03-07T12:54:30+00:00","twitter_misc":{"Dur\u00e9e de lecture estim\u00e9e":"3 minutes"},"schema":{"@context":"https:\/\/schema.org","@graph":[{"@type":"WebPage","@id":"https:\/\/luxury-rental-mc.com\/fr\/location-voiture\/range-rover-2018\/","url":"https:\/\/luxury-rental-mc.com\/fr\/location-voiture\/range-rover-2018\/","name":"Location range rover 2018 - LR MC","isPartOf":{"@id":"https:\/\/luxury-rental-mc.com\/#website"},"datePublished":"2018-05-03T13:00:18+00:00","dateModified":"2020-03-07T12:54:30+00:00","breadcrumb":{"@id":"https:\/\/luxury-rental-mc.com\/fr\/location-voiture\/range-rover-2018\/#breadcrumb"},"inLanguage":"fr-FR","potentialAction":[{"@type":"ReadAction","target":["https:\/\/luxury-rental-mc.com\/fr\/location-voiture\/range-rover-2018\/"]}]},{"@type":"BreadcrumbList","@id":"https:\/\/luxury-rental-mc.com\/fr\/location-voiture\/range-rover-2018\/#breadcrumb","itemListElement":[{"@type":"ListItem","position":1,"name":"Accueil","item":"https:\/\/luxury-rental-mc.com\/fr\/"},{"@type":"ListItem","position":2,"name":"Location","item":"https:\/\/luxury-rental-mc.com\/fr\/location-voiture\/"},{"@type":"ListItem","position":3,"name":"Range Rover Supercharged"}]},{"@type":"WebSite","@id":"https:\/\/luxury-rental-mc.com\/#website","url":"https:\/\/luxury-rental-mc.com\/","name":"Luxury Car Rentals | Monaco, Nice, Cannes, Saint-Tropez","description":"Rent the finest brands : Porsche, Ferrari, Lamborghini, Mercedes...","potentialAction":[{"@type":"SearchAction","target":{"@type":"EntryPoint","urlTemplate":"https:\/\/luxury-rental-mc.com\/?s={search_term_string}"},"query-input":"required name=search_term_string"}],"inLanguage":"fr-FR"}]}},"_links":{"self":[{"href":"https:\/\/luxury-rental-mc.com\/fr\/wp-json\/wp\/v2\/pages\/10902\/"}],"collection":[{"href":"https:\/\/luxury-rental-mc.com\/fr\/wp-json\/wp\/v2\/pages\/"}],"about":[{"href":"https:\/\/luxury-rental-mc.com\/fr\/wp-json\/wp\/v2\/types\/page\/"}],"author":[{"embeddable":true,"href":"https:\/\/luxury-rental-mc.com\/fr\/wp-json\/wp\/v2\/users\/1\/"}],"replies":[{"embeddable":true,"href":"https:\/\/luxury-rental-mc.com\/fr\/wp-json\/wp\/v2\/comments\/?post=10902"}],"version-history":[{"count":10,"href":"https:\/\/luxury-rental-mc.com\/fr\/wp-json\/wp\/v2\/pages\/10902\/revisions\/"}],"predecessor-version":[{"id":49451,"href":"https:\/\/luxury-rental-mc.com\/fr\/wp-json\/wp\/v2\/pages\/10902\/revisions\/49451\/"}],"up":[{"embeddable":true,"href":"https:\/\/luxury-rental-mc.com\/fr\/wp-json\/wp\/v2\/pages\/7038\/"}],"wp:attachment":[{"href":"https:\/\/luxury-rental-mc.com\/fr\/wp-json\/wp\/v2\/media\/?parent=10902"}],"curies":[{"name":"wp","href":"https:\/\/api.w.org\/{rel}","templated":true}]}}