{"id":10934,"date":"2018-05-08T09:11:29","date_gmt":"2018-05-08T07:11:29","guid":{"rendered":"https:\/\/luxury-rental-mc.com?page_id=10934"},"modified":"2018-05-08T09:19:19","modified_gmt":"2018-05-08T07:19:19","slug":"location-portofino","status":"publish","type":"page","link":"https:\/\/luxury-rental-mc.com\/fr\/location-voiture-luxe\/location-portofino\/","title":{"rendered":"Location Portofino"},"content":{"rendered":"[vc_row][vc_column][vc_column_text]\n<h1>Louer une voiture de luxe \u00e0 Portofino<\/h1>\n<div><\/div>\n<div>Portofino est un village de p\u00eacheurs de la Riviera Ligure qui fait partie des destinations les plus prestigieuses d\u2019Italie.<\/div>\n<div>Situ\u00e9 \u00e0 seulement 200 kilom\u00e8tres de Monaco, Portofino est souvent qualifi\u00e9 de \u00ab\u00a0petit Saint-Tropez de l\u2019Italie\u00a0\u00bb<\/div>\n<div><\/div>\n<div>A Porfino, vous vivrez la dolce Vita \u00e0 l\u2019italienne. Ce village surplombant la mer offre un panorama somptueux, gr\u00e2ce \u00e0 un d\u00e9cor unique compos\u00e9 de criques naturelles, de maisonnettes color\u00e9es et de collines verdoyantes plant\u00e9es de pins, d\u2019oliviers et palmiers.<\/div>\n[\/vc_column_text][mk_padding_divider][mk_image src=\u00a0\u00bbhttps:\/\/luxury-rental-mc.com\/wp-content\/uploads\/2018\/05\/portofino16-tmb-768x404xfill.jpg\u00a0\u00bb image_size=\u00a0\u00bbfull\u00a0\u00bb align=\u00a0\u00bbcenter\u00a0\u00bb][mk_padding_divider][vc_column_text]\n<h2>Portofino et ses lieux incontournables<\/h2>\n<div><\/div>\n<div>Un diner au sur la c\u00e9l\u00e8bre place Piazzetta, offrez vous l\u2019excellence en louant une Rolls Royce Dawn. Cette voiture de prestige d\u00e9capotable \u00e9merveillera tous vos sens lors de vos vacances dans la baie de Portofino. \u00a0Acceptez l\u2019invitation \u00e0 la croisi\u00e8re automobile de la <a href=\"https:\/\/luxury-rental-mc.com\/fr\/location-voiture\/rolls-royce-drophead\">Rolls Royce cabriolet <\/a>la plus exclusive de la plan\u00e8te. Avec son mod\u00e8le \u00ab\u00a0Dawn\u00a0\u00bb, la marque anglaise a su repr\u00e9senter \u00e0 la perfection le summum du luxe.<\/div>\n<div><\/div>\n<div>Pour agr\u00e9menter votre s\u00e9jour farniente sur la c\u00f4te italienne, nous vous proposons de louer une voiture de sport telle qu\u2019une <a href=\"https:\/\/luxury-rental-mc.com\/fr\/location-voiture\/ferrari-488-gtb-spider\">Ferrari 488 Spider<\/a>. Ou encore mieux, louez une Ferrari Portofino, digne h\u00e9riti\u00e8re de la Ferrari California. Sur le terrain de jeu de la jet-set depuis des d\u00e9cennies, offrez vous une location de voiture de sport.<\/div>\n<div><\/div>\n<div>Tout au long de l\u2019\u00e9t\u00e9, le port de Portofino abrite les yachts les plus luxueux. Si vous aussi souhaitez profiter d\u2019une journ\u00e9e ensoleill\u00e9e sur la terre ferme de la Riviera Ligure, notre \u00e9quipe MC Luxury Rental vous recommande de louer une voiture de luxe \u00e0 Portofino. Louer un SUV de luxe comme le Range Rover, un Mercedes-Benz GLS ou encore un BMW X5.<\/div>\n<div><\/div>\n<div>La Bentley Continental GT Convertible sera la voiture cabriolet de location id\u00e9ale pour vous aller faire votre shopping dans les boutiques de luxe du centre historique de Portofino. Les plus grandes maisons fran\u00e7aises (Herm\u00e8s, Dior, Chanel&#8230;) et italiennes (Fendi, Gucci, Prada\u2026) seront ravis de vous accueillir. La Bentley GTC deviendra \u00e9galement votre meilleure alli\u00e9e pour d\u00e9couvrir les galeries d\u2019art du village de p\u00eacheurs.<\/div>\n<div>\n<div><\/div>\n<div>Portofino est aussi l\u2019endroit mythique pour partir en escapade glamour et romantique. A cette occasion louez une voiture cabriolet de prestige pour vous rendre dans la station baln\u00e9aire de Santa Margharita Ligure. A bord d\u2019une voiture d\u00e9capotable telle qu\u2019une Mercedes-Benz Classe E ou une Audi A5 cabriolet, vous d\u00e9couvrirez Santa Margharita Ligure qui regorge elle aussi de magnifiques plages.<\/div>\n<div><\/div>\n<div>Durant votre s\u00e9jour, vous pourrez vous rendre aux Cinque Terre pour une excursion exceptionnelle. Louer un 4&#215;4 tel que le <a href=\"https:\/\/luxury-rental-mc.com\/fr\/location-voiture\/mercedes-classe-g63\">Mercedes-Benz G63<\/a> AMG, il vous offrira une puissance de supercar tout en demeurant \u00e0 l\u2019aise malgr\u00e9 des routes parfois hasardeuses.<\/div>\n<div><\/div>\n<div>Pour vos d\u00e9placements depuis l\u2019a\u00e9roport de G\u00eanes jusqu\u2019\u00e0 la baie de Portofino lors de vos vacances, la location d\u2019une berline de luxe sera essentielle. Louer une Mercedes-Benz Classe S limousine ou louer une BMW S\u00e9rie 7. En famille ou entre amis, vous voyagerez en premi\u00e8re classe \u00e0 bord d\u2019une voiture de type berline de prestige.<\/div>\n<\/div>\n[\/vc_column_text][\/vc_column][\/vc_row][vc_row][vc_column][mk_padding_divider][mk_image src=\u00a0\u00bbhttps:\/\/luxury-rental-mc.com\/wp-content\/uploads\/2018\/05\/mars-2014-0472-copie-1.jpg\u00a0\u00bb image_size=\u00a0\u00bbfull\u00a0\u00bb align=\u00a0\u00bbcenter\u00a0\u00bb][mk_padding_divider][\/vc_column][\/vc_row][vc_row][vc_column][vc_column_text]\n<h2>Une escapade sensationnelle gr\u00e2ce \u00e0 MC Luxury Rental<\/h2>\n<div><\/div>\n<div>Sp\u00e9cialis\u00e9s dans la location de voitures de prestige, notre soci\u00e9t\u00e9 MC Luxury Rental vous propose d\u2019effectuer la livraison de votre v\u00e9hicule \u00e0 Portofino. Notre chauffeur livrera votre v\u00e9hicule de location \u00e0 votre l\u2019hotel, \u00e0 votre emplacement au port, dans votre somptueuse villa priv\u00e9e, dans un h\u00e9liport\u2026<\/div>\n<div>Notre agence de location de voitures de luxe peut \u00e9galement organiser la remise de votre v\u00e9hicule dans l\u2019une des villes aux alentours.<\/div>\n<div>La baie de Portofino \u00e9tant situ\u00e9e \u00e0 seulement 45 minutes de l\u2019a\u00e9roport international de G\u00eanes Cristoforo Colombo, et \u00e0 deux heures de Milan, Florence ou Nice. Nous sugg\u00e9rons \u00e0 nos clients une remise du v\u00e9hicule \u00e0 l\u2019a\u00e9roport de Milan-Malpensa ou l\u2019a\u00e9roport de Florence Peretola ou encore \u00e0 la gare de Milan Centrale ou Nice Ville.<\/div>\n<div><\/div>\n<div>Notre soci\u00e9t\u00e9 de location de v\u00e9hicules haut de gamme met \u00e0 votre disposition \u00e0 Portofino une large flotte automobile. Nous proposons des citadines comme la Mini Cooper S cabriolet, des supercars telles que la Porsche 911 S cabriolet, des SUV comme le Range Rover Sport ainsi des vans de luxe tels que le Mercedes-Benz Classe V\u2026<\/div>\n<div><\/div>\n<div>Notre \u00e9quipe professionnelle est \u00e0 votre service et \u00e0 votre \u00e9coute. A bient\u00f4t chez MC Luxury Rental.<\/div>\n[\/vc_column_text][mk_padding_divider][mk_image src=\u00a0\u00bbhttps:\/\/luxury-rental-mc.com\/wp-content\/uploads\/2018\/05\/portofino16-tmb-768x404xfill.jpg\u00a0\u00bb image_size=\u00a0\u00bbfull\u00a0\u00bb align=\u00a0\u00bbcenter\u00a0\u00bb][\/vc_column][\/vc_row]\n","protected":false},"excerpt":{"rendered":"<p>[vc_row][vc_column][vc_column_text] Louer une voiture de luxe \u00e0 Portofino Portofino est un village de p\u00eacheurs de la Riviera Ligure qui fait partie des destinations les plus prestigieuses d\u2019Italie. Situ\u00e9 \u00e0 seulement 200 kilom\u00e8tres de Monaco, Portofino est souvent qualifi\u00e9 de \u00ab\u00a0petit Saint-Tropez de l\u2019Italie\u00a0\u00bb A Porfino, vous vivrez la dolce Vita \u00e0 l\u2019italienne. Ce village surplombant [&hellip;]<\/p>\n","protected":false},"author":1,"featured_media":0,"parent":8650,"menu_order":0,"comment_status":"closed","ping_status":"closed","template":"","meta":{"_monsterinsights_skip_tracking":false,"_monsterinsights_sitenote_active":false,"_monsterinsights_sitenote_note":"","_monsterinsights_sitenote_category":0},"yoast_head":"<!-- This site is optimized with the Yoast SEO plugin v20.3 - https:\/\/yoast.com\/wordpress\/plugins\/seo\/ -->\n<title>Location voiture Portofino, voiture de luxe - LR MC<\/title>\n<meta name=\"robots\" content=\"index, follow, max-snippet:-1, max-image-preview:large, max-video-preview:-1\" \/>\n<link rel=\"canonical\" href=\"https:\/\/luxury-rental-mc.com\/fr\/location-voiture-luxe\/location-portofino\/\" \/>\n<meta property=\"og:locale\" content=\"fr_FR\" \/>\n<meta property=\"og:type\" content=\"article\" \/>\n<meta property=\"og:title\" content=\"Location voiture Portofino, voiture de luxe - LR MC\" \/>\n<meta property=\"og:description\" content=\"[vc_row][vc_column][vc_column_text] Louer une voiture de luxe \u00e0 Portofino Portofino est un village de p\u00eacheurs de la Riviera Ligure qui fait partie des destinations les plus prestigieuses d\u2019Italie. Situ\u00e9 \u00e0 seulement 200 kilom\u00e8tres de Monaco, Portofino est souvent qualifi\u00e9 de \u00ab\u00a0petit Saint-Tropez de l\u2019Italie\u00a0\u00bb A Porfino, vous vivrez la dolce Vita \u00e0 l\u2019italienne. Ce village surplombant [&hellip;]\" \/>\n<meta property=\"og:url\" content=\"https:\/\/luxury-rental-mc.com\/fr\/location-voiture-luxe\/location-portofino\/\" \/>\n<meta property=\"og:site_name\" content=\"Luxury Car Rentals | Monaco, Nice, Cannes, Saint-Tropez\" \/>\n<meta property=\"article:modified_time\" content=\"2018-05-08T07:19:19+00:00\" \/>\n<meta name=\"twitter:label1\" content=\"Dur\u00e9e de lecture estim\u00e9e\" \/>\n\t<meta name=\"twitter:data1\" content=\"4 minutes\" \/>\n<script type=\"application\/ld+json\" class=\"yoast-schema-graph\">{\"@context\":\"https:\/\/schema.org\",\"@graph\":[{\"@type\":\"WebPage\",\"@id\":\"https:\/\/luxury-rental-mc.com\/fr\/location-voiture-luxe\/location-portofino\/\",\"url\":\"https:\/\/luxury-rental-mc.com\/fr\/location-voiture-luxe\/location-portofino\/\",\"name\":\"Location voiture Portofino, voiture de luxe - LR MC\",\"isPartOf\":{\"@id\":\"https:\/\/luxury-rental-mc.com\/#website\"},\"datePublished\":\"2018-05-08T07:11:29+00:00\",\"dateModified\":\"2018-05-08T07:19:19+00:00\",\"breadcrumb\":{\"@id\":\"https:\/\/luxury-rental-mc.com\/fr\/location-voiture-luxe\/location-portofino\/#breadcrumb\"},\"inLanguage\":\"fr-FR\",\"potentialAction\":[{\"@type\":\"ReadAction\",\"target\":[\"https:\/\/luxury-rental-mc.com\/fr\/location-voiture-luxe\/location-portofino\/\"]}]},{\"@type\":\"BreadcrumbList\",\"@id\":\"https:\/\/luxury-rental-mc.com\/fr\/location-voiture-luxe\/location-portofino\/#breadcrumb\",\"itemListElement\":[{\"@type\":\"ListItem\",\"position\":1,\"name\":\"Accueil\",\"item\":\"https:\/\/luxury-rental-mc.com\/fr\/\"},{\"@type\":\"ListItem\",\"position\":2,\"name\":\"Location\",\"item\":\"https:\/\/luxury-rental-mc.com\/fr\/location-voiture-luxe\/\"},{\"@type\":\"ListItem\",\"position\":3,\"name\":\"Location Portofino\"}]},{\"@type\":\"WebSite\",\"@id\":\"https:\/\/luxury-rental-mc.com\/#website\",\"url\":\"https:\/\/luxury-rental-mc.com\/\",\"name\":\"Luxury Car Rentals | Monaco, Nice, Cannes, Saint-Tropez\",\"description\":\"Rent the finest brands : Porsche, Ferrari, Lamborghini, Mercedes...\",\"potentialAction\":[{\"@type\":\"SearchAction\",\"target\":{\"@type\":\"EntryPoint\",\"urlTemplate\":\"https:\/\/luxury-rental-mc.com\/?s={search_term_string}\"},\"query-input\":\"required name=search_term_string\"}],\"inLanguage\":\"fr-FR\"}]}<\/script>\n<!-- \/ Yoast SEO plugin. -->","yoast_head_json":{"title":"Location voiture Portofino, voiture de luxe - LR MC","robots":{"index":"index","follow":"follow","max-snippet":"max-snippet:-1","max-image-preview":"max-image-preview:large","max-video-preview":"max-video-preview:-1"},"canonical":"https:\/\/luxury-rental-mc.com\/fr\/location-voiture-luxe\/location-portofino\/","og_locale":"fr_FR","og_type":"article","og_title":"Location voiture Portofino, voiture de luxe - LR MC","og_description":"[vc_row][vc_column][vc_column_text] Louer une voiture de luxe \u00e0 Portofino Portofino est un village de p\u00eacheurs de la Riviera Ligure qui fait partie des destinations les plus prestigieuses d\u2019Italie. Situ\u00e9 \u00e0 seulement 200 kilom\u00e8tres de Monaco, Portofino est souvent qualifi\u00e9 de \u00ab\u00a0petit Saint-Tropez de l\u2019Italie\u00a0\u00bb A Porfino, vous vivrez la dolce Vita \u00e0 l\u2019italienne. Ce village surplombant [&hellip;]","og_url":"https:\/\/luxury-rental-mc.com\/fr\/location-voiture-luxe\/location-portofino\/","og_site_name":"Luxury Car Rentals | Monaco, Nice, Cannes, Saint-Tropez","article_modified_time":"2018-05-08T07:19:19+00:00","twitter_misc":{"Dur\u00e9e de lecture estim\u00e9e":"4 minutes"},"schema":{"@context":"https:\/\/schema.org","@graph":[{"@type":"WebPage","@id":"https:\/\/luxury-rental-mc.com\/fr\/location-voiture-luxe\/location-portofino\/","url":"https:\/\/luxury-rental-mc.com\/fr\/location-voiture-luxe\/location-portofino\/","name":"Location voiture Portofino, voiture de luxe - LR MC","isPartOf":{"@id":"https:\/\/luxury-rental-mc.com\/#website"},"datePublished":"2018-05-08T07:11:29+00:00","dateModified":"2018-05-08T07:19:19+00:00","breadcrumb":{"@id":"https:\/\/luxury-rental-mc.com\/fr\/location-voiture-luxe\/location-portofino\/#breadcrumb"},"inLanguage":"fr-FR","potentialAction":[{"@type":"ReadAction","target":["https:\/\/luxury-rental-mc.com\/fr\/location-voiture-luxe\/location-portofino\/"]}]},{"@type":"BreadcrumbList","@id":"https:\/\/luxury-rental-mc.com\/fr\/location-voiture-luxe\/location-portofino\/#breadcrumb","itemListElement":[{"@type":"ListItem","position":1,"name":"Accueil","item":"https:\/\/luxury-rental-mc.com\/fr\/"},{"@type":"ListItem","position":2,"name":"Location","item":"https:\/\/luxury-rental-mc.com\/fr\/location-voiture-luxe\/"},{"@type":"ListItem","position":3,"name":"Location Portofino"}]},{"@type":"WebSite","@id":"https:\/\/luxury-rental-mc.com\/#website","url":"https:\/\/luxury-rental-mc.com\/","name":"Luxury Car Rentals | Monaco, Nice, Cannes, Saint-Tropez","description":"Rent the finest brands : Porsche, Ferrari, Lamborghini, Mercedes...","potentialAction":[{"@type":"SearchAction","target":{"@type":"EntryPoint","urlTemplate":"https:\/\/luxury-rental-mc.com\/?s={search_term_string}"},"query-input":"required name=search_term_string"}],"inLanguage":"fr-FR"}]}},"_links":{"self":[{"href":"https:\/\/luxury-rental-mc.com\/fr\/wp-json\/wp\/v2\/pages\/10934\/"}],"collection":[{"href":"https:\/\/luxury-rental-mc.com\/fr\/wp-json\/wp\/v2\/pages\/"}],"about":[{"href":"https:\/\/luxury-rental-mc.com\/fr\/wp-json\/wp\/v2\/types\/page\/"}],"author":[{"embeddable":true,"href":"https:\/\/luxury-rental-mc.com\/fr\/wp-json\/wp\/v2\/users\/1\/"}],"replies":[{"embeddable":true,"href":"https:\/\/luxury-rental-mc.com\/fr\/wp-json\/wp\/v2\/comments\/?post=10934"}],"version-history":[{"count":5,"href":"https:\/\/luxury-rental-mc.com\/fr\/wp-json\/wp\/v2\/pages\/10934\/revisions\/"}],"predecessor-version":[{"id":10947,"href":"https:\/\/luxury-rental-mc.com\/fr\/wp-json\/wp\/v2\/pages\/10934\/revisions\/10947\/"}],"up":[{"embeddable":true,"href":"https:\/\/luxury-rental-mc.com\/fr\/wp-json\/wp\/v2\/pages\/8650\/"}],"wp:attachment":[{"href":"https:\/\/luxury-rental-mc.com\/fr\/wp-json\/wp\/v2\/media\/?parent=10934"}],"curies":[{"name":"wp","href":"https:\/\/api.w.org\/{rel}","templated":true}]}}