{"id":11276,"date":"2018-10-12T13:53:31","date_gmt":"2018-10-12T11:53:31","guid":{"rendered":"https:\/\/luxury-rental-mc.com\/?page_id=11276"},"modified":"2020-07-27T12:13:19","modified_gmt":"2020-07-27T10:13:19","slug":"rolls-royce-dawn","status":"publish","type":"page","link":"https:\/\/luxury-rental-mc.com\/fr\/location-voiture\/rolls-royce-dawn\/","title":{"rendered":"Rolls Royce Dawn"},"content":{"rendered":"[vc_row][vc_column width=\u00a0\u00bb2\/3&Prime;][mk_title_box size=\u00a0\u00bb16&Prime; letter_spacing=\u00a0\u00bb4&Prime; margin_bottom=\u00a0\u00bb0&Prime; font_family=\u00a0\u00bbnone\u00a0\u00bb]\n<h1><span style=\"font-size: 14pt;\">Location Rolls Royce Dawn<\/span><\/h1>\n[\/mk_title_box][mk_swipe_slideshow images=\u00a0\u00bb12344,12346,12348,12350,12352&Prime; image_width=\u00a0\u00bb750&Prime; image_height=\u00a0\u00bb380&Prime;][vc_column_text css=\u00a0\u00bb.vc_custom_1555831771727{margin-bottom: 0px !important;}\u00a0\u00bb]<span style=\"font-size: 10pt;\">Le luxe incarn\u00e9, un v\u00e9hicule sans \u00e9gal, la perfection : <a href=\"https:\/\/luxury-rental-mc.com\/fr\/rolls-royce\">Rolls-Royce<\/a>\u00a0! La seule marque automobile capable aujourd\u2019hui de repr\u00e9senter le luxe par excellence, car il n\u2019existe pas mieux que Rolls-Royce. Notre soci\u00e9t\u00e9 de location de v\u00e9hicules de prestige tient \u00e0 pr\u00e9senter des v\u00e9hicules aussi luxueux que ses services propos\u00e9s. Le sur-mesure est le ma\u00eetre-mot chez Rolls-Royce, chez MC Luxury Rental \u00e9galement. R\u00e9servez une <strong>location de Rolls-Royce Dawn<\/strong> sur mesure. En aller-simple, en livraison 24\/24 sur le lieu de votre choix. Gr\u00e2ce \u00e0 notre professionnalisme et notre disponibilit\u00e9, vous pouvez <strong>louer une Rolls Royce Dawn en Europe<\/strong>.\u00a0Ce tr\u00e8s luxueux cabriolet vous permettra de savourer le soleil pendant vos vacances sur la C\u00f4te d\u2019Azur dans la ville de Nice, \u00e0 <strong>Monaco<\/strong> pendant le salon Top Marques ou dans la station baln\u00e9aire de Cannes durant le Festival International du Film. A bord de cette <strong>Rolls-Royce Dawn disponible \u00e0 la location<\/strong>, vos trajets entre <a href=\"https:\/\/luxury-rental-mc.com\/fr\/location-voiture-luxe\/marbella\">Marbella<\/a> et Saint Tropez deviendront un pur moment de plaisir.\u00a0Pour des vacances \u00e0 <strong>Portofino<\/strong>, lors d\u2019un mariage \u00e0 Monte-Carlo ou pour un s\u00e9jour \u00e0 <strong>Gstaad<\/strong> en Suisse par exemple, il n\u2019y a rien de mieux, et nous savons que c\u2019est ce que vous m\u00e9ritez. Louer un cabriolet de prestige, une Rolls Royce Dawn. Notre \u00e9quipe de professionnels de la <a href=\"https:\/\/luxury-rental-mc.com\/fr\/location-voiture-luxe\/monaco\">location de v\u00e9hicules de luxe \u00e0 Monte Carlo <\/a>(Principaut\u00e9 de Monaco) se chargera d\u2019effectuer la livraison sur mesure de votre Rolls-Royce Dawn. Partout en Europe : \u00e0 l\u2019a\u00e9roport de Paris-Orly, \u00e0 l\u2019h\u00e9liport de Monaco, devant votre villa \u00e0 Forte dei Marmi, au Port Canto \u00e0 <strong>Cannes<\/strong>, devant votre hotel \u00e0 <strong>Barcelone<\/strong>, au pied de votre chalet \u00e0 Meg\u00e8ve vous trouverez notre chauffeur<span class=\"Apple-converted-space\">\u00a0 <\/span>pour vous accueillir ainsi votre <strong>Rolls Royce Dawn de location<\/strong>. Contactez-nous pour obtenir un devis sur-mesure pour la location de cette Rolls-Royce convertible de prestige. La Rolls-Royce Dawn est un incontournable dans le monde du luxe, visible sur la Place du Casino \u00e0 <strong>Monaco<\/strong>, devant les plus luxueux palaces \u00e0 <strong>Courchevel 1850<\/strong> et sur le Port de <a href=\"https:\/\/luxury-rental-mc.com\/fr\/location-voiture-luxe\/saint-tropez\">Saint-Tropez<\/a>.<\/span>[\/vc_column_text][\/vc_column][vc_column width=\u00a0\u00bb1\/3&Prime;][mk_padding_divider size=\u00a0\u00bb12&Prime;][mk_title_box size=\u00a0\u00bb16&Prime; letter_spacing=\u00a0\u00bb4&Prime; margin_bottom=\u00a0\u00bb0&Prime; font_family=\u00a0\u00bbnone\u00a0\u00bb]\n<h2><span style=\"font-size: 14pt;\">Tarifs<\/span><\/h2>\n[\/mk_title_box][vc_table vc_table_theme=\u00a0\u00bbsimple_pink\u00a0\u00bb][align-left]Journ%C3%A9e%20(150%20Km),[align-left]2600%E2%82%AC|[b;align-left]3%20Jours%20(500%20km),[align-left]7500%E2%82%AC|[b;align-left]5%20Jours%20(750%20Km),[align-left]12000%E2%82%AC|[b;align-left]Jour%20supp.,[align-left]1800%E2%82%AC[\/vc_table][mk_button dimension=\u00a0\u00bboutline\u00a0\u00bb size=\u00a0\u00bblarge\u00a0\u00bb icon=\u00a0\u00bbmk-li-call\u00a0\u00bb url=\u00a0\u00bbhttps:\/\/luxury-rental-mc.com\/fr\/contact\/\u00a0\u00bb align=\u00a0\u00bbcenter\u00a0\u00bb fullwidth=\u00a0\u00bbtrue\u00a0\u00bb visibility=\u00a0\u00bbhidden-sm\u00a0\u00bb]R\u00e9servation +33762841105[\/mk_button][mk_button dimension=\u00a0\u00bboutline\u00a0\u00bb size=\u00a0\u00bblarge\u00a0\u00bb icon=\u00a0\u00bbmk-li-call\u00a0\u00bb url=\u00a0\u00bbtel:+33762841105&Prime; align=\u00a0\u00bbcenter\u00a0\u00bb fullwidth=\u00a0\u00bbtrue\u00a0\u00bb visibility=\u00a0\u00bbhidden-dt\u00a0\u00bb]Reservation[\/mk_button][vc_column_text]Marque\u00a0:\u00a0Rolls Royce<br \/>\nMod\u00e8le : Dawn<br \/>\nNombre de places : 4<br \/>\nPuissance : 325\u00a0Ch<br \/>\nCylindr\u00e9e\u00a0: 5379\u00a0cm3<br \/>\nVitesse\u00a0max : 225\u00a0Km\/h<br \/>\nConsommation Mixte\u00a0: 17.4\u00a0l \/100 km<br \/>\nAge minimum\u00a0:\u00a018 ans[\/vc_column_text][\/vc_column][\/vc_row][vc_row fullwidth=\u00a0\u00bbtrue\u00a0\u00bb][vc_column][mk_clients clients=\u00a0\u00bb7183,7187,7173,7185,7177,7175,7179,7181,7189&Prime;][\/vc_column][\/vc_row]\n","protected":false},"excerpt":{"rendered":"<p>[vc_row][vc_column width=\u00a0\u00bb2\/3&Prime;][mk_title_box size=\u00a0\u00bb16&Prime; letter_spacing=\u00a0\u00bb4&Prime; margin_bottom=\u00a0\u00bb0&Prime; font_family=\u00a0\u00bbnone\u00a0\u00bb] Location Rolls Royce Dawn [\/mk_title_box][mk_swipe_slideshow images=\u00a0\u00bb12344,12346,12348,12350,12352&Prime; image_width=\u00a0\u00bb750&Prime; image_height=\u00a0\u00bb380&Prime;][vc_column_text css=\u00a0\u00bb.vc_custom_1555831771727{margin-bottom: 0px !important;}\u00a0\u00bb]Le luxe incarn\u00e9, un v\u00e9hicule sans \u00e9gal, la perfection : Rolls-Royce\u00a0! La seule marque automobile capable aujourd\u2019hui de repr\u00e9senter le luxe par excellence, car il n\u2019existe pas mieux que Rolls-Royce. Notre soci\u00e9t\u00e9 de location de v\u00e9hicules de prestige tient [&hellip;]<\/p>\n","protected":false},"author":1,"featured_media":0,"parent":7038,"menu_order":0,"comment_status":"closed","ping_status":"closed","template":"","meta":{"_monsterinsights_skip_tracking":false,"_monsterinsights_sitenote_active":false,"_monsterinsights_sitenote_note":"","_monsterinsights_sitenote_category":0},"yoast_head":"<!-- This site is optimized with the Yoast SEO plugin v20.3 - https:\/\/yoast.com\/wordpress\/plugins\/seo\/ -->\n<title>Rolls Royce Dawn - Luxury Car Rentals | Monaco, Nice, Cannes, Saint-Tropez<\/title>\n<meta name=\"robots\" content=\"index, follow, max-snippet:-1, max-image-preview:large, max-video-preview:-1\" \/>\n<link rel=\"canonical\" href=\"https:\/\/luxury-rental-mc.com\/fr\/location-voiture\/rolls-royce-dawn\/\" \/>\n<meta property=\"og:locale\" content=\"fr_FR\" \/>\n<meta property=\"og:type\" content=\"article\" \/>\n<meta property=\"og:title\" content=\"Rolls Royce Dawn - Luxury Car Rentals | Monaco, Nice, Cannes, Saint-Tropez\" \/>\n<meta property=\"og:description\" content=\"[vc_row][vc_column width=\u00a0\u00bb2\/3&Prime;][mk_title_box size=\u00a0\u00bb16&Prime; letter_spacing=\u00a0\u00bb4&Prime; margin_bottom=\u00a0\u00bb0&Prime; font_family=\u00a0\u00bbnone\u00a0\u00bb] Location Rolls Royce Dawn [\/mk_title_box][mk_swipe_slideshow images=\u00a0\u00bb12344,12346,12348,12350,12352&Prime; image_width=\u00a0\u00bb750&Prime; image_height=\u00a0\u00bb380&Prime;][vc_column_text css=\u00a0\u00bb.vc_custom_1555831771727{margin-bottom: 0px !important;}\u00a0\u00bb]Le luxe incarn\u00e9, un v\u00e9hicule sans \u00e9gal, la perfection : Rolls-Royce\u00a0! La seule marque automobile capable aujourd\u2019hui de repr\u00e9senter le luxe par excellence, car il n\u2019existe pas mieux que Rolls-Royce. Notre soci\u00e9t\u00e9 de location de v\u00e9hicules de prestige tient [&hellip;]\" \/>\n<meta property=\"og:url\" content=\"https:\/\/luxury-rental-mc.com\/fr\/location-voiture\/rolls-royce-dawn\/\" \/>\n<meta property=\"og:site_name\" content=\"Luxury Car Rentals | Monaco, Nice, Cannes, Saint-Tropez\" \/>\n<meta property=\"article:modified_time\" content=\"2020-07-27T10:13:19+00:00\" \/>\n<meta name=\"twitter:label1\" content=\"Dur\u00e9e de lecture estim\u00e9e\" \/>\n\t<meta name=\"twitter:data1\" content=\"3 minutes\" \/>\n<script type=\"application\/ld+json\" class=\"yoast-schema-graph\">{\"@context\":\"https:\/\/schema.org\",\"@graph\":[{\"@type\":\"WebPage\",\"@id\":\"https:\/\/luxury-rental-mc.com\/fr\/location-voiture\/rolls-royce-dawn\/\",\"url\":\"https:\/\/luxury-rental-mc.com\/fr\/location-voiture\/rolls-royce-dawn\/\",\"name\":\"Rolls Royce Dawn - Luxury Car Rentals | Monaco, Nice, Cannes, Saint-Tropez\",\"isPartOf\":{\"@id\":\"https:\/\/luxury-rental-mc.com\/#website\"},\"datePublished\":\"2018-10-12T11:53:31+00:00\",\"dateModified\":\"2020-07-27T10:13:19+00:00\",\"breadcrumb\":{\"@id\":\"https:\/\/luxury-rental-mc.com\/fr\/location-voiture\/rolls-royce-dawn\/#breadcrumb\"},\"inLanguage\":\"fr-FR\",\"potentialAction\":[{\"@type\":\"ReadAction\",\"target\":[\"https:\/\/luxury-rental-mc.com\/fr\/location-voiture\/rolls-royce-dawn\/\"]}]},{\"@type\":\"BreadcrumbList\",\"@id\":\"https:\/\/luxury-rental-mc.com\/fr\/location-voiture\/rolls-royce-dawn\/#breadcrumb\",\"itemListElement\":[{\"@type\":\"ListItem\",\"position\":1,\"name\":\"Accueil\",\"item\":\"https:\/\/luxury-rental-mc.com\/fr\/\"},{\"@type\":\"ListItem\",\"position\":2,\"name\":\"Location\",\"item\":\"https:\/\/luxury-rental-mc.com\/fr\/location-voiture\/\"},{\"@type\":\"ListItem\",\"position\":3,\"name\":\"Rolls Royce Dawn\"}]},{\"@type\":\"WebSite\",\"@id\":\"https:\/\/luxury-rental-mc.com\/#website\",\"url\":\"https:\/\/luxury-rental-mc.com\/\",\"name\":\"Luxury Car Rentals | Monaco, Nice, Cannes, Saint-Tropez\",\"description\":\"Rent the finest brands : Porsche, Ferrari, Lamborghini, Mercedes...\",\"potentialAction\":[{\"@type\":\"SearchAction\",\"target\":{\"@type\":\"EntryPoint\",\"urlTemplate\":\"https:\/\/luxury-rental-mc.com\/?s={search_term_string}\"},\"query-input\":\"required name=search_term_string\"}],\"inLanguage\":\"fr-FR\"}]}<\/script>\n<!-- \/ Yoast SEO plugin. -->","yoast_head_json":{"title":"Rolls Royce Dawn - Luxury Car Rentals | Monaco, Nice, Cannes, Saint-Tropez","robots":{"index":"index","follow":"follow","max-snippet":"max-snippet:-1","max-image-preview":"max-image-preview:large","max-video-preview":"max-video-preview:-1"},"canonical":"https:\/\/luxury-rental-mc.com\/fr\/location-voiture\/rolls-royce-dawn\/","og_locale":"fr_FR","og_type":"article","og_title":"Rolls Royce Dawn - Luxury Car Rentals | Monaco, Nice, Cannes, Saint-Tropez","og_description":"[vc_row][vc_column width=\u00a0\u00bb2\/3&Prime;][mk_title_box size=\u00a0\u00bb16&Prime; letter_spacing=\u00a0\u00bb4&Prime; margin_bottom=\u00a0\u00bb0&Prime; font_family=\u00a0\u00bbnone\u00a0\u00bb] Location Rolls Royce Dawn [\/mk_title_box][mk_swipe_slideshow images=\u00a0\u00bb12344,12346,12348,12350,12352&Prime; image_width=\u00a0\u00bb750&Prime; image_height=\u00a0\u00bb380&Prime;][vc_column_text css=\u00a0\u00bb.vc_custom_1555831771727{margin-bottom: 0px !important;}\u00a0\u00bb]Le luxe incarn\u00e9, un v\u00e9hicule sans \u00e9gal, la perfection : Rolls-Royce\u00a0! La seule marque automobile capable aujourd\u2019hui de repr\u00e9senter le luxe par excellence, car il n\u2019existe pas mieux que Rolls-Royce. Notre soci\u00e9t\u00e9 de location de v\u00e9hicules de prestige tient [&hellip;]","og_url":"https:\/\/luxury-rental-mc.com\/fr\/location-voiture\/rolls-royce-dawn\/","og_site_name":"Luxury Car Rentals | Monaco, Nice, Cannes, Saint-Tropez","article_modified_time":"2020-07-27T10:13:19+00:00","twitter_misc":{"Dur\u00e9e de lecture estim\u00e9e":"3 minutes"},"schema":{"@context":"https:\/\/schema.org","@graph":[{"@type":"WebPage","@id":"https:\/\/luxury-rental-mc.com\/fr\/location-voiture\/rolls-royce-dawn\/","url":"https:\/\/luxury-rental-mc.com\/fr\/location-voiture\/rolls-royce-dawn\/","name":"Rolls Royce Dawn - Luxury Car Rentals | Monaco, Nice, Cannes, Saint-Tropez","isPartOf":{"@id":"https:\/\/luxury-rental-mc.com\/#website"},"datePublished":"2018-10-12T11:53:31+00:00","dateModified":"2020-07-27T10:13:19+00:00","breadcrumb":{"@id":"https:\/\/luxury-rental-mc.com\/fr\/location-voiture\/rolls-royce-dawn\/#breadcrumb"},"inLanguage":"fr-FR","potentialAction":[{"@type":"ReadAction","target":["https:\/\/luxury-rental-mc.com\/fr\/location-voiture\/rolls-royce-dawn\/"]}]},{"@type":"BreadcrumbList","@id":"https:\/\/luxury-rental-mc.com\/fr\/location-voiture\/rolls-royce-dawn\/#breadcrumb","itemListElement":[{"@type":"ListItem","position":1,"name":"Accueil","item":"https:\/\/luxury-rental-mc.com\/fr\/"},{"@type":"ListItem","position":2,"name":"Location","item":"https:\/\/luxury-rental-mc.com\/fr\/location-voiture\/"},{"@type":"ListItem","position":3,"name":"Rolls Royce Dawn"}]},{"@type":"WebSite","@id":"https:\/\/luxury-rental-mc.com\/#website","url":"https:\/\/luxury-rental-mc.com\/","name":"Luxury Car Rentals | Monaco, Nice, Cannes, Saint-Tropez","description":"Rent the finest brands : Porsche, Ferrari, Lamborghini, Mercedes...","potentialAction":[{"@type":"SearchAction","target":{"@type":"EntryPoint","urlTemplate":"https:\/\/luxury-rental-mc.com\/?s={search_term_string}"},"query-input":"required name=search_term_string"}],"inLanguage":"fr-FR"}]}},"_links":{"self":[{"href":"https:\/\/luxury-rental-mc.com\/fr\/wp-json\/wp\/v2\/pages\/11276\/"}],"collection":[{"href":"https:\/\/luxury-rental-mc.com\/fr\/wp-json\/wp\/v2\/pages\/"}],"about":[{"href":"https:\/\/luxury-rental-mc.com\/fr\/wp-json\/wp\/v2\/types\/page\/"}],"author":[{"embeddable":true,"href":"https:\/\/luxury-rental-mc.com\/fr\/wp-json\/wp\/v2\/users\/1\/"}],"replies":[{"embeddable":true,"href":"https:\/\/luxury-rental-mc.com\/fr\/wp-json\/wp\/v2\/comments\/?post=11276"}],"version-history":[{"count":8,"href":"https:\/\/luxury-rental-mc.com\/fr\/wp-json\/wp\/v2\/pages\/11276\/revisions\/"}],"predecessor-version":[{"id":76787,"href":"https:\/\/luxury-rental-mc.com\/fr\/wp-json\/wp\/v2\/pages\/11276\/revisions\/76787\/"}],"up":[{"embeddable":true,"href":"https:\/\/luxury-rental-mc.com\/fr\/wp-json\/wp\/v2\/pages\/7038\/"}],"wp:attachment":[{"href":"https:\/\/luxury-rental-mc.com\/fr\/wp-json\/wp\/v2\/media\/?parent=11276"}],"curies":[{"name":"wp","href":"https:\/\/api.w.org\/{rel}","templated":true}]}}