{"id":11316,"date":"2018-10-15T09:22:46","date_gmt":"2018-10-15T07:22:46","guid":{"rendered":"https:\/\/luxury-rental-mc.com\/?page_id=11316"},"modified":"2019-05-09T16:02:28","modified_gmt":"2019-05-09T14:02:28","slug":"location-ferrari-portofino","status":"publish","type":"page","link":"https:\/\/luxury-rental-mc.com\/fr\/location-voiture\/location-ferrari-portofino\/","title":{"rendered":"Location Ferrari Portofino"},"content":{"rendered":"[vc_row][vc_column width=\u00a0\u00bb2\/3&Prime;][mk_title_box size=\u00a0\u00bb16&Prime; letter_spacing=\u00a0\u00bb4&Prime; margin_bottom=\u00a0\u00bb0&Prime; font_family=\u00a0\u00bbnone\u00a0\u00bb]\n<h1><span style=\"font-size: 14pt;\">Location Ferrari Portofino<\/span><\/h1>\n[\/mk_title_box][mk_swipe_slideshow images=\u00a0\u00bb12300,12298,12281,12296&Prime; image_width=\u00a0\u00bb750&Prime; image_height=\u00a0\u00bb380&Prime;][vc_column_text css=\u00a0\u00bb.vc_custom_1554066569803{margin-bottom: 0px !important;}\u00a0\u00bb]<span style=\"font-size: 10pt;\"><strong>Louer la Ferrari Portofino<\/strong>, la nouvelle supercar de luxe \u00e0 quatre places qui remplace la Ferrari California T. La location de cette luxueuse voiture de sport italienne cabriolet \u00e0 <strong>Monaco<\/strong> sera un r\u00e9el moment de plaisir sportif. La Ferrari Portofino fait partie des grand coup\u00e9 cabriolet les plus prestigieux de notre agence de location automobile. Louer une voiture de sport, <a href=\"https:\/\/luxury-rental-mc.com\/fr\/location-voiture-luxe\/cannes\">r\u00e9servez la Ferrari Portofino \u00e0 Cannes<\/a>. Equip\u00e9e d\u2019un moteur V8 de 3.9L bi-turbo capable de d\u00e9velopper 600 chevaux, la rempla\u00e7ante de la <strong>Ferrari California T<\/strong> est digne des voitures les plus sportives, et offre 4 places qui sauront se faire appr\u00e9cier durant votre <a href=\"https:\/\/luxury-rental-mc.com\/fr\/location-voiture-luxe\/autres-villes\/location-voiture-de-luxe-forte-dei-marmi\">location de Ferrari Portofino \u00e0 Forte Dei Marmi<\/a>. Cette voiture de sport est id\u00e9ale pour vos s\u00e9jours au ski, dans une station de sport d\u2019hiver de luxe tel que <strong>Courchevel 1850<\/strong> et Zermatt ou pendant vos vacances sur la C\u00f4te d\u2019Azur, dans une ville ensoleill\u00e9e comme Monaco ou Nice, ce grand coup\u00e9 cabriolet vous comblera. Louer la nouvelle Ferrari Portofino disponible dans les agences de MC Luxury Rental, que vous soyez \u00e0 <strong>Paris<\/strong>, Milan ou <strong>Barcelone<\/strong> pour un s\u00e9jour estival ou que vous soyez \u00e0 Gstaad ou Meg\u00e8ve pour des vacances hivernales notre \u00e9quipe se fera un plaisir de vous livrer la Ferrari Portofino de location devant votre chalet \u00e0 Chamonix-Mont Blanc, h\u00f4tel \u00e0 <strong>Cannes<\/strong> ou \u00e0 l\u2019a\u00e9roport de Nice &#8211; Cote d\u2019Azur. Si votre voiture de r\u00eave est celle qui alliera luxe et sportivit\u00e9, vous n\u2019avez qu\u2019\u00e0 <a href=\"https:\/\/luxury-rental-mc.com\/fr\/location-voiture-luxe\/milan\">louer la Ferrari Portofino \u00e0 Milan<\/a> ! Rien de mieux qu\u2019un bain de soleil \u00e0 Monte-Carlo (Principaut\u00e9 de Monaco) avec votre famille ou entre amis. Durant votre<strong> location de Ferrari Portofino \u00e0 Nice<\/strong>, laissez vous s\u00e9duire par cette voiture de sport d\u2019exception. La Ferrari Portofino de location saura vous charmer par sa puissance entre <strong>Saint-Tropez<\/strong> et Cannes.<\/span>[\/vc_column_text][\/vc_column][vc_column width=\u00a0\u00bb1\/3&Prime;][mk_padding_divider size=\u00a0\u00bb12&Prime;][mk_title_box size=\u00a0\u00bb16&Prime; letter_spacing=\u00a0\u00bb4&Prime; margin_bottom=\u00a0\u00bb0&Prime; font_family=\u00a0\u00bbnone\u00a0\u00bb]\n<h2><span style=\"font-size: 14pt;\">Tarifs<\/span><\/h2>\n[\/mk_title_box][vc_table vc_table_theme=\u00a0\u00bbsimple_pink\u00a0\u00bb][align-left]Journ%C3%A9e%20(150%20Km),[align-left]1800%E2%82%AC|[b;align-left]3%20Jours%20(500%20km),[align-left]5000%E2%82%AC|[b;align-left]5%20Jours%20(750%20Km),[align-left]8200%E2%82%AC|[b;align-left]Jour%20supp.,[align-left]1300%E2%82%AC[\/vc_table][mk_button dimension=\u00a0\u00bboutline\u00a0\u00bb size=\u00a0\u00bblarge\u00a0\u00bb icon=\u00a0\u00bbmk-li-call\u00a0\u00bb url=\u00a0\u00bbhttps:\/\/luxury-rental-mc.com\/fr\/contact\/\u00a0\u00bb align=\u00a0\u00bbcenter\u00a0\u00bb fullwidth=\u00a0\u00bbtrue\u00a0\u00bb visibility=\u00a0\u00bbhidden-sm\u00a0\u00bb]R\u00e9servation +33762841105[\/mk_button][mk_button dimension=\u00a0\u00bboutline\u00a0\u00bb size=\u00a0\u00bblarge\u00a0\u00bb icon=\u00a0\u00bbmk-li-call\u00a0\u00bb url=\u00a0\u00bbtel:+33762841105&Prime; align=\u00a0\u00bbcenter\u00a0\u00bb fullwidth=\u00a0\u00bbtrue\u00a0\u00bb visibility=\u00a0\u00bbhidden-dt\u00a0\u00bb]Reservation[\/mk_button][vc_column_text]Marque\u00a0: Ferrari<br \/>\nMod\u00e8le : Portofino<br \/>\nNombre de places : 4<br \/>\nPuissance : 600 Ch<br \/>\nCylindr\u00e9e\u00a0: 3855 cm3<br \/>\nVitesse\u00a0max : 320 Km\/h<br \/>\nConsommation Mixte\u00a0: 11 l \/100 km<br \/>\nAge minimum\u00a0:\u00a018 ans[\/vc_column_text][\/vc_column][\/vc_row][vc_row fullwidth=\u00a0\u00bbtrue\u00a0\u00bb][vc_column][mk_clients clients=\u00a0\u00bb7183,7187,7173,7185,7177,7175,7179,7181,7189&Prime;][\/vc_column][\/vc_row]\n","protected":false},"excerpt":{"rendered":"<p>[vc_row][vc_column width=\u00a0\u00bb2\/3&Prime;][mk_title_box size=\u00a0\u00bb16&Prime; letter_spacing=\u00a0\u00bb4&Prime; margin_bottom=\u00a0\u00bb0&Prime; font_family=\u00a0\u00bbnone\u00a0\u00bb] Location Ferrari Portofino [\/mk_title_box][mk_swipe_slideshow images=\u00a0\u00bb12300,12298,12281,12296&Prime; image_width=\u00a0\u00bb750&Prime; image_height=\u00a0\u00bb380&Prime;][vc_column_text css=\u00a0\u00bb.vc_custom_1554066569803{margin-bottom: 0px !important;}\u00a0\u00bb]Louer la Ferrari Portofino, la nouvelle supercar de luxe \u00e0 quatre places qui remplace la Ferrari California T. La location de cette luxueuse voiture de sport italienne cabriolet \u00e0 Monaco sera un r\u00e9el moment de plaisir sportif. La Ferrari Portofino [&hellip;]<\/p>\n","protected":false},"author":1,"featured_media":0,"parent":7038,"menu_order":0,"comment_status":"closed","ping_status":"closed","template":"","meta":{"_monsterinsights_skip_tracking":false,"_monsterinsights_sitenote_active":false,"_monsterinsights_sitenote_note":"","_monsterinsights_sitenote_category":0},"yoast_head":"<!-- This site is optimized with the Yoast SEO plugin v20.3 - https:\/\/yoast.com\/wordpress\/plugins\/seo\/ -->\n<title>Location Ferrari Portofino - Luxury Car Rentals | Monaco, Nice, Cannes, Saint-Tropez<\/title>\n<meta name=\"robots\" content=\"index, follow, max-snippet:-1, max-image-preview:large, max-video-preview:-1\" \/>\n<link rel=\"canonical\" href=\"https:\/\/luxury-rental-mc.com\/fr\/location-voiture\/location-ferrari-portofino\/\" \/>\n<meta property=\"og:locale\" content=\"fr_FR\" \/>\n<meta property=\"og:type\" content=\"article\" \/>\n<meta property=\"og:title\" content=\"Location Ferrari Portofino - Luxury Car Rentals | Monaco, Nice, Cannes, Saint-Tropez\" \/>\n<meta property=\"og:description\" content=\"[vc_row][vc_column width=\u00a0\u00bb2\/3&Prime;][mk_title_box size=\u00a0\u00bb16&Prime; letter_spacing=\u00a0\u00bb4&Prime; margin_bottom=\u00a0\u00bb0&Prime; font_family=\u00a0\u00bbnone\u00a0\u00bb] Location Ferrari Portofino [\/mk_title_box][mk_swipe_slideshow images=\u00a0\u00bb12300,12298,12281,12296&Prime; image_width=\u00a0\u00bb750&Prime; image_height=\u00a0\u00bb380&Prime;][vc_column_text css=\u00a0\u00bb.vc_custom_1554066569803{margin-bottom: 0px !important;}\u00a0\u00bb]Louer la Ferrari Portofino, la nouvelle supercar de luxe \u00e0 quatre places qui remplace la Ferrari California T. La location de cette luxueuse voiture de sport italienne cabriolet \u00e0 Monaco sera un r\u00e9el moment de plaisir sportif. La Ferrari Portofino [&hellip;]\" \/>\n<meta property=\"og:url\" content=\"https:\/\/luxury-rental-mc.com\/fr\/location-voiture\/location-ferrari-portofino\/\" \/>\n<meta property=\"og:site_name\" content=\"Luxury Car Rentals | Monaco, Nice, Cannes, Saint-Tropez\" \/>\n<meta property=\"article:modified_time\" content=\"2019-05-09T14:02:28+00:00\" \/>\n<meta name=\"twitter:label1\" content=\"Dur\u00e9e de lecture estim\u00e9e\" \/>\n\t<meta name=\"twitter:data1\" content=\"3 minutes\" \/>\n<script type=\"application\/ld+json\" class=\"yoast-schema-graph\">{\"@context\":\"https:\/\/schema.org\",\"@graph\":[{\"@type\":\"WebPage\",\"@id\":\"https:\/\/luxury-rental-mc.com\/fr\/location-voiture\/location-ferrari-portofino\/\",\"url\":\"https:\/\/luxury-rental-mc.com\/fr\/location-voiture\/location-ferrari-portofino\/\",\"name\":\"Location Ferrari Portofino - Luxury Car Rentals | Monaco, Nice, Cannes, Saint-Tropez\",\"isPartOf\":{\"@id\":\"https:\/\/luxury-rental-mc.com\/#website\"},\"datePublished\":\"2018-10-15T07:22:46+00:00\",\"dateModified\":\"2019-05-09T14:02:28+00:00\",\"breadcrumb\":{\"@id\":\"https:\/\/luxury-rental-mc.com\/fr\/location-voiture\/location-ferrari-portofino\/#breadcrumb\"},\"inLanguage\":\"fr-FR\",\"potentialAction\":[{\"@type\":\"ReadAction\",\"target\":[\"https:\/\/luxury-rental-mc.com\/fr\/location-voiture\/location-ferrari-portofino\/\"]}]},{\"@type\":\"BreadcrumbList\",\"@id\":\"https:\/\/luxury-rental-mc.com\/fr\/location-voiture\/location-ferrari-portofino\/#breadcrumb\",\"itemListElement\":[{\"@type\":\"ListItem\",\"position\":1,\"name\":\"Accueil\",\"item\":\"https:\/\/luxury-rental-mc.com\/fr\/\"},{\"@type\":\"ListItem\",\"position\":2,\"name\":\"Location\",\"item\":\"https:\/\/luxury-rental-mc.com\/fr\/location-voiture\/\"},{\"@type\":\"ListItem\",\"position\":3,\"name\":\"Location Ferrari Portofino\"}]},{\"@type\":\"WebSite\",\"@id\":\"https:\/\/luxury-rental-mc.com\/#website\",\"url\":\"https:\/\/luxury-rental-mc.com\/\",\"name\":\"Luxury Car Rentals | Monaco, Nice, Cannes, Saint-Tropez\",\"description\":\"Rent the finest brands : Porsche, Ferrari, Lamborghini, Mercedes...\",\"potentialAction\":[{\"@type\":\"SearchAction\",\"target\":{\"@type\":\"EntryPoint\",\"urlTemplate\":\"https:\/\/luxury-rental-mc.com\/?s={search_term_string}\"},\"query-input\":\"required name=search_term_string\"}],\"inLanguage\":\"fr-FR\"}]}<\/script>\n<!-- \/ Yoast SEO plugin. -->","yoast_head_json":{"title":"Location Ferrari Portofino - Luxury Car Rentals | Monaco, Nice, Cannes, Saint-Tropez","robots":{"index":"index","follow":"follow","max-snippet":"max-snippet:-1","max-image-preview":"max-image-preview:large","max-video-preview":"max-video-preview:-1"},"canonical":"https:\/\/luxury-rental-mc.com\/fr\/location-voiture\/location-ferrari-portofino\/","og_locale":"fr_FR","og_type":"article","og_title":"Location Ferrari Portofino - Luxury Car Rentals | Monaco, Nice, Cannes, Saint-Tropez","og_description":"[vc_row][vc_column width=\u00a0\u00bb2\/3&Prime;][mk_title_box size=\u00a0\u00bb16&Prime; letter_spacing=\u00a0\u00bb4&Prime; margin_bottom=\u00a0\u00bb0&Prime; font_family=\u00a0\u00bbnone\u00a0\u00bb] Location Ferrari Portofino [\/mk_title_box][mk_swipe_slideshow images=\u00a0\u00bb12300,12298,12281,12296&Prime; image_width=\u00a0\u00bb750&Prime; image_height=\u00a0\u00bb380&Prime;][vc_column_text css=\u00a0\u00bb.vc_custom_1554066569803{margin-bottom: 0px !important;}\u00a0\u00bb]Louer la Ferrari Portofino, la nouvelle supercar de luxe \u00e0 quatre places qui remplace la Ferrari California T. La location de cette luxueuse voiture de sport italienne cabriolet \u00e0 Monaco sera un r\u00e9el moment de plaisir sportif. La Ferrari Portofino [&hellip;]","og_url":"https:\/\/luxury-rental-mc.com\/fr\/location-voiture\/location-ferrari-portofino\/","og_site_name":"Luxury Car Rentals | Monaco, Nice, Cannes, Saint-Tropez","article_modified_time":"2019-05-09T14:02:28+00:00","twitter_misc":{"Dur\u00e9e de lecture estim\u00e9e":"3 minutes"},"schema":{"@context":"https:\/\/schema.org","@graph":[{"@type":"WebPage","@id":"https:\/\/luxury-rental-mc.com\/fr\/location-voiture\/location-ferrari-portofino\/","url":"https:\/\/luxury-rental-mc.com\/fr\/location-voiture\/location-ferrari-portofino\/","name":"Location Ferrari Portofino - Luxury Car Rentals | Monaco, Nice, Cannes, Saint-Tropez","isPartOf":{"@id":"https:\/\/luxury-rental-mc.com\/#website"},"datePublished":"2018-10-15T07:22:46+00:00","dateModified":"2019-05-09T14:02:28+00:00","breadcrumb":{"@id":"https:\/\/luxury-rental-mc.com\/fr\/location-voiture\/location-ferrari-portofino\/#breadcrumb"},"inLanguage":"fr-FR","potentialAction":[{"@type":"ReadAction","target":["https:\/\/luxury-rental-mc.com\/fr\/location-voiture\/location-ferrari-portofino\/"]}]},{"@type":"BreadcrumbList","@id":"https:\/\/luxury-rental-mc.com\/fr\/location-voiture\/location-ferrari-portofino\/#breadcrumb","itemListElement":[{"@type":"ListItem","position":1,"name":"Accueil","item":"https:\/\/luxury-rental-mc.com\/fr\/"},{"@type":"ListItem","position":2,"name":"Location","item":"https:\/\/luxury-rental-mc.com\/fr\/location-voiture\/"},{"@type":"ListItem","position":3,"name":"Location Ferrari Portofino"}]},{"@type":"WebSite","@id":"https:\/\/luxury-rental-mc.com\/#website","url":"https:\/\/luxury-rental-mc.com\/","name":"Luxury Car Rentals | Monaco, Nice, Cannes, Saint-Tropez","description":"Rent the finest brands : Porsche, Ferrari, Lamborghini, Mercedes...","potentialAction":[{"@type":"SearchAction","target":{"@type":"EntryPoint","urlTemplate":"https:\/\/luxury-rental-mc.com\/?s={search_term_string}"},"query-input":"required name=search_term_string"}],"inLanguage":"fr-FR"}]}},"_links":{"self":[{"href":"https:\/\/luxury-rental-mc.com\/fr\/wp-json\/wp\/v2\/pages\/11316\/"}],"collection":[{"href":"https:\/\/luxury-rental-mc.com\/fr\/wp-json\/wp\/v2\/pages\/"}],"about":[{"href":"https:\/\/luxury-rental-mc.com\/fr\/wp-json\/wp\/v2\/types\/page\/"}],"author":[{"embeddable":true,"href":"https:\/\/luxury-rental-mc.com\/fr\/wp-json\/wp\/v2\/users\/1\/"}],"replies":[{"embeddable":true,"href":"https:\/\/luxury-rental-mc.com\/fr\/wp-json\/wp\/v2\/comments\/?post=11316"}],"version-history":[{"count":7,"href":"https:\/\/luxury-rental-mc.com\/fr\/wp-json\/wp\/v2\/pages\/11316\/revisions\/"}],"predecessor-version":[{"id":12305,"href":"https:\/\/luxury-rental-mc.com\/fr\/wp-json\/wp\/v2\/pages\/11316\/revisions\/12305\/"}],"up":[{"embeddable":true,"href":"https:\/\/luxury-rental-mc.com\/fr\/wp-json\/wp\/v2\/pages\/7038\/"}],"wp:attachment":[{"href":"https:\/\/luxury-rental-mc.com\/fr\/wp-json\/wp\/v2\/media\/?parent=11316"}],"curies":[{"name":"wp","href":"https:\/\/api.w.org\/{rel}","templated":true}]}}