{"id":11327,"date":"2018-10-23T15:15:52","date_gmt":"2018-10-23T13:15:52","guid":{"rendered":"https:\/\/luxury-rental-mc.com\/?page_id=11327"},"modified":"2018-10-23T15:33:08","modified_gmt":"2018-10-23T13:33:08","slug":"location-megeve","status":"publish","type":"page","link":"https:\/\/luxury-rental-mc.com\/fr\/location-megeve\/","title":{"rendered":"Location Meg\u00e8ve"},"content":{"rendered":"[vc_row][vc_column][vc_column_text]\n<h1 style=\"text-align: justify;\">Location voiture de luxe Meg\u00e8ve<\/h1>\n<p class=\"p1\" style=\"text-align: justify;\"><span class=\"s1\">La station de sports d\u2019hiver de <strong>Meg\u00e8ve<\/strong> (Haute-Savoie) est depuis des d\u00e9cennies un lieu de vill\u00e9giature par excellence.\u00a0\u00a0<\/span><span class=\"s1\">Au coeur du massif du Mont-Blanc cette station de ski fran\u00e7aise se veut discr\u00e8te. Raffinement et retenue sont les ma\u00eetres mots pour la client\u00e8le privil\u00e9gi\u00e9e du domaine skiable de Meg\u00e8ve.\u00a0\u00a0<\/span><span class=\"s1\">La station de luxe de Meg\u00e8ve a toujours \u00e9t\u00e9 pr\u00e9destin\u00e9e accueillir une client\u00e8le de prestige. Lieu de s\u00e9jour de la famille Rothschild depuis 1910, la station de Haute-Savoie avait pour but de concurrencer la <a href=\"https:\/\/luxury-rental-mc.com\/fr\/location-voiture-luxe\/autres-villes\/location-moritz\"><span class=\"s2\">station de Saint-Moritz<\/span><\/a>.\u00a0<\/span><span class=\"s1\">Aujourd\u2019hui, la station de renomm\u00e9e mondiale correspond \u00e0 \u00ab\u00a0un symbole international de l\u2019art de vivre fran\u00e7ais\u00a0\u00bb<\/span><\/p>\n<p class=\"p1\" style=\"text-align: justify;\"><span class=\"s1\">La vie en famille, le ski, le soleil et surtout la d\u00e9tente sont les atouts qui nous m\u00e8nent \u00e0 la station touristique de Meg\u00e8ve.\u00a0<\/span><\/p>\n<p class=\"p1\" style=\"text-align: justify;\"><span class=\"s1\">Lors de votre s\u00e9jour d\u2019hiver, vous appr\u00e9cierez les traditions, l\u2019histoire et l\u2019architecture savoyarde.\u00a0<\/span><\/p>\n<p class=\"p1\" style=\"text-align: justify;\"><span class=\"s1\">H\u00f4tels de luxe et chalets de prestige au pied des remont\u00e9es m\u00e9caniques vous offriront tout le confort que vous m\u00e9ritez. La station de Meg\u00e8ve b\u00e9n\u00e9ficie d\u2019un village anim\u00e9. Boutiques haut de gammes (orf\u00e8vrerie, bijouterie, haute couture, \u00e9picerie fine) vous permettront de faire plaisir \u00e0 vos proches, le SPA vous offrira des moments de relaxation et de bien \u00eatre, les restaurants \u00e9toil\u00e9s vous enseigneront la gastronomie fran\u00e7aise, et agr\u00e9menteront votre s\u00e9jour au c\u0153ur du village de Meg\u00e8ve.<\/span><\/p>\n<p class=\"p1\" style=\"text-align: justify;\"><span class=\"s1\">Dans l\u2019un des plus beaux domaines du Mont-Blanc, vous rejoindrez vos activit\u00e9s (chiens de tra\u00eeneaux, parapente, h\u00e9licopt\u00e8re) au volant de l\u2019un des derniers mod\u00e8les berline ou SUV de prestige con\u00e7u par votre constructeur automobile favori (Audi, Bentley, Lamborghini, Land Rover, Maserati, Mercedes-Benz, Rolls Royce)<\/span><\/p>\n[\/vc_column_text][mk_padding_divider][mk_gallery images=\u00a0\u00bb11333,11335&Prime; column=\u00a0\u00bb2&Prime; height=\u00a0\u00bb300&Prime;][\/vc_column][\/vc_row][mk_page_section bg_image=\u00a0\u00bbhttps:\/\/luxury-rental-mc.com\/wp-content\/uploads\/2018\/10\/location-voiture-megeve.jpg\u00a0\u00bb bg_position=\u00a0\u00bbcenter center\u00a0\u00bb bg_repeat=\u00a0\u00bbno-repeat\u00a0\u00bb bg_stretch=\u00a0\u00bbtrue\u00a0\u00bb enable_3d=\u00a0\u00bbtrue\u00a0\u00bb min_height=\u00a0\u00bb400&Prime; full_width=\u00a0\u00bbtrue\u00a0\u00bb js_vertical_centered=\u00a0\u00bbtrue\u00a0\u00bb sidebar=\u00a0\u00bbsidebar-1&Prime;][vc_column][\/vc_column][\/mk_page_section][vc_row][vc_column][vc_column_text]\n<h2 style=\"text-align: justify;\">Louer votre SUV ou 4&#215;4 de luxe pour l&rsquo;une des plus belles stations des Alpes<\/h2>\n<p class=\"p1\" style=\"text-align: justify;\"><span class=\"s1\">Pour assurez votre s\u00e9curit\u00e9 lors de vos d\u00e9placements en voiture dans les Alpes, notre soci\u00e9t\u00e9 de location de v\u00e9hicules de luxe MC Luxury Rental vous offre ses services sur mesure.\u00a0<\/span><\/p>\n<p class=\"p1\" style=\"text-align: justify;\"><span class=\"s1\">Durant la p\u00e9riode hivernale, notre flotte de <a href=\"https:\/\/luxury-rental-mc.com\/fr\/news-fr\/faites-votre-choix-entre-suv-4x4-et-crossover\"><span class=\"s2\">voitures de location 4 roues motrices<\/span><\/a> (berlines, SUV, vans) est \u00e9quip\u00e9e de pneumatiques hiver. Ses \u00e9quipements sp\u00e9ciaux b\u00e9n\u00e9ficient de performances sup\u00e9rieures afin de palier aux conditions de conduite (pluie, neige, verglas) parfois p\u00e9rilleuses dans la station de Meg\u00e8ve.\u00a0<\/span><\/p>\n<p class=\"p1\" style=\"text-align: justify;\"><span class=\"s1\">Fini les cha\u00eenes \u00e0 neige ou cha\u00eenes antid\u00e9rapantes. Jouez la carte de la s\u00e9curit\u00e9 et d\u00e9couvrez toute l\u2019efficacit\u00e9 de nos v\u00e9hicules gr\u00e2ce \u00e0 la location d\u2019une voiture de prestige avec des pneus hiver. Sans oublier que dans certains pays frontaliers \u00e0 la France tels que l\u2019Allemagne ou Italie, les pneus \u00ab\u00a0neige\u00a0\u00bb sont obligatoires par la l\u00e9gislation locale durant la saison hivernale.<\/span><\/p>\n<p class=\"p1\" style=\"text-align: justify;\"><span class=\"s1\">Notre agence de location de voitures premium MC Luxury Rental vous propose de louer des v\u00e9hicules \u00e0 <a href=\"https:\/\/luxury-rental-mc.com\/fr\/location-voiture-luxe\/monaco\"><span class=\"s2\">Monaco<\/span><\/a>, dans toute la France et l\u2019Europe.\u00a0<\/span><\/p>\n<p class=\"p1\" style=\"text-align: justify;\"><span class=\"s1\">Notre parc automobile est compos\u00e9 de Berlines (Audi A8, <a href=\"https:\/\/luxury-rental-mc.com\/fr\/location-voiture\/bmw-serie-7\"><span class=\"s2\">BMW Serie 7<\/span><\/a>, Mercedes-Benz Classe S), de 4&#215;4 (Cadillac Escalade, Land Rover Range Rover, Jeep Wrangler, Mercedes-Benz Classe G), de SUV jusqu\u2019\u00e0 7 places (Audi Q8, <a href=\"https:\/\/luxury-rental-mc.com\/fr\/location-voiture\/bentley-bentayga\"><span class=\"s2\">Bentley Bentayga<\/span><\/a>, <a href=\"https:\/\/luxury-rental-mc.com\/fr\/location-voiture\/bmw-x5-m\"><span class=\"s2\">BMW X5<\/span><\/a>, Land Rover Range Rover Sport), de Vans 8 \u00e0 9 places (<a href=\"https:\/\/luxury-rental-mc.com\/fr\/location-voiture\/mercedes-class-v\"><span class=\"s2\">Mercedes-Benz Classe V<\/span><\/a>, Volkswagen Caravelle), de Limousines (Bentley Flying Spur, Mercedes Maybach, Rolls Royce Wraith), de Cabriolets (Bentley GTC, <a href=\"https:\/\/luxury-rental-mc.com\/fr\/news-fr\/range-rover-evoque-cabriolet\"><span class=\"s2\">Land Rover Evoque convertible<\/span><\/a>, Rolls Royce Dawn).<\/span><\/p>\n<p class=\"p1\" style=\"text-align: justify;\"><span class=\"s1\">L\u2019ensemble de nos v\u00e9hicules de location disposent des \u00e9quipements et options n\u00e9cessaires au bien-\u00eatre du conducteur et ses passagers durant les d\u00e9placements. Toutes notre flotte automobile b\u00e9n\u00e9ficie de boites \u00e0 vitesse automatiques, navigation GPS, climatisation, cam\u00e9ra de recul, sellerie cuir, feux automatiques, r\u00e9gulateur de vitesse. Puis selon les mod\u00e8les : Cam\u00e9ra 360\u00b0, climatisation bi-zone et quadri-zone, si\u00e8ges chauffants, soft close, coffre electrique, trappe \u00e0 skis, r\u00e9troviseurs et pare-brise chauffant, ouverture \u00e0 distance, reconnaissance des panneaux de signalisation\u2026<\/span><\/p>\n<p class=\"p1\" style=\"text-align: justify;\"><span class=\"s1\">R\u00e9servez d\u00e8s maintenant votre v\u00e9hicule 4 roues motrices (version Quattro, 4 matic, xDrive) et choisissez la livraison de celui ci dans un a\u00e9roport \u00e0 proximit\u00e9 de la station de ski Meg\u00e8ve (a\u00e9roport de <a href=\"https:\/\/luxury-rental-mc.com\/fr\/location-voiture-luxe\/autres-villes\/location-geneve\"><span class=\"s2\">Gen\u00e8ve<\/span><\/a> GVA, de Chamb\u00e9ry-Savoie, Lyon Saint-Exup\u00e9ry, de Grenoble-Is\u00e8re), au pied de votre chalet d\u2019exception ou de votre h\u00f4tel 5 \u00e9toiles luxe.<\/span><\/p>\n<p class=\"p1\" style=\"text-align: justify;\"><span class=\"s1\">Parmi nos services personnalis\u00e9s, nous proposons la location en aller simple. Par exemple, b\u00e9n\u00e9ficiez d\u2019une livraison du v\u00e9hicule 4&#215;4 \u00e0 l\u2019altiport de Meg\u00e8ve, et \u00e0 la fin de votre s\u00e9jour, restituez la voiture de location \u00e0 l\u2019a\u00e9roport international de Gen\u00e8ve (Suisse)<\/span><\/p>\n[\/vc_column_text][\/vc_column][\/vc_row][vc_row][vc_column][vc_column_text]\n<h2>D\u00e9couvrez les autres villes\u00a0:<\/h2>\n<ul>\n<li><a href=\"https:\/\/luxury-rental-mc.com\/fr\/location-voiture-luxe\/autres-villes\/location-geneve\">Location voiture luxe Gen\u00e8ve<\/a><\/li>\n<\/ul>\n<ul>\n<li><a href=\"https:\/\/luxury-rental-mc.com\/fr\/location-voiture-luxe\/autres-villes\/location-voiture-luxe-chamonix\">Location voiture luxe Chamonix<\/a><\/li>\n<\/ul>\n<ul>\n<li><a href=\"https:\/\/luxury-rental-mc.com\/fr\/location-voiture-luxe\/autres-villes\/location-voiture-luxe-zurich\">Location voiture luxe Zurich<\/a><\/li>\n<\/ul>\n<ul>\n<li><a href=\"https:\/\/luxury-rental-mc.com\/fr\/location-voiture-luxe\/autres-villes\/location-davos\">Location voiture luxe Davos<\/a><\/li>\n<\/ul>\n<ul>\n<li><a href=\"https:\/\/luxury-rental-mc.com\/fr\/location-voiture-luxe\/autres-villes\/location-laax\">Location voiture luxe Laax<\/a><\/li>\n<\/ul>\n<ul>\n<li><a href=\"https:\/\/luxury-rental-mc.com\/fr\/location-voiture-luxe\/autres-villes\/location-lucerne\">Location voiture luxe Lucerne<\/a><\/li>\n<\/ul>\n<ul>\n<li><a href=\"https:\/\/luxury-rental-mc.com\/fr\/location-voiture-luxe\/autres-villes\/location-voiture-luxe-berne-2\">Location voiture luxe\u00a0Berne<\/a><\/li>\n<\/ul>\n<ul>\n<li><a href=\"https:\/\/luxury-rental-mc.com\/fr\/location-voiture-luxe\/autres-villes\/location-voiture-de-luxe-venise\">Location voiture luxe\u00a0Venise<\/a><\/li>\n<\/ul>\n<ul>\n<li><a href=\"https:\/\/luxury-rental-mc.com\/fr\/location-voiture-luxe\/autres-villes\/location-voiture-luxe-lac-de-come\">Location voiture luxe\u00a0Lac de C\u00f4me<\/a><\/li>\n<\/ul>\n<ul>\n<li><a href=\"https:\/\/luxury-rental-mc.com\/fr\/location-voiture-luxe\/autres-villes\/location-voiture-luxe-porto-cervo\">Location voiture luxe\u00a0Porto Cervo<\/a><\/li>\n<\/ul>\n<ul>\n<li><a href=\"https:\/\/luxury-rental-mc.com\/fr\/location-voiture-luxe\/autres-villes\/location-voiture-luxe-positano\">Location voiture luxe\u00a0Positano<\/a><\/li>\n<li><a href=\"https:\/\/luxury-rental-mc.com\/fr\/location-voiture-luxe\/autres-villes\/location-voiture-de-luxe-turin\">Location voiture luxe\u00a0Turin<\/a><\/li>\n<\/ul>\n[\/vc_column_text][\/vc_column][\/vc_row]\n","protected":false},"excerpt":{"rendered":"<p>[vc_row][vc_column][vc_column_text] Location voiture de luxe Meg\u00e8ve La station de sports d\u2019hiver de Meg\u00e8ve (Haute-Savoie) est depuis des d\u00e9cennies un lieu de vill\u00e9giature par excellence.\u00a0\u00a0Au coeur du massif du Mont-Blanc cette station de ski fran\u00e7aise se veut discr\u00e8te. Raffinement et retenue sont les ma\u00eetres mots pour la client\u00e8le privil\u00e9gi\u00e9e du domaine skiable de Meg\u00e8ve.\u00a0\u00a0La station de [&hellip;]<\/p>\n","protected":false},"author":1,"featured_media":0,"parent":0,"menu_order":0,"comment_status":"closed","ping_status":"closed","template":"","meta":{"_monsterinsights_skip_tracking":false,"_monsterinsights_sitenote_active":false,"_monsterinsights_sitenote_note":"","_monsterinsights_sitenote_category":0},"yoast_head":"<!-- This site is optimized with the Yoast SEO plugin v20.3 - https:\/\/yoast.com\/wordpress\/plugins\/seo\/ -->\n<title>Location voiture de luxe Meg\u00e8ve - LR MC<\/title>\n<meta name=\"description\" content=\"D\u00e9couvrez la soci\u00e9t\u00e9 MC luxury car rental \u00e0 Meg\u00e8ve, pour la location de voiture de luxe, 4x4 ou SUV, Nous vous proposons tout type de gamme du cabriolet a la supercar\" \/>\n<meta name=\"robots\" content=\"index, follow, max-snippet:-1, max-image-preview:large, max-video-preview:-1\" \/>\n<link rel=\"canonical\" href=\"https:\/\/luxury-rental-mc.com\/fr\/location-megeve\/\" \/>\n<meta property=\"og:locale\" content=\"fr_FR\" \/>\n<meta property=\"og:type\" content=\"article\" \/>\n<meta property=\"og:title\" content=\"Location voiture de luxe Meg\u00e8ve - LR MC\" \/>\n<meta property=\"og:description\" content=\"D\u00e9couvrez la soci\u00e9t\u00e9 MC luxury car rental \u00e0 Meg\u00e8ve, pour la location de voiture de luxe, 4x4 ou SUV, Nous vous proposons tout type de gamme du cabriolet a la supercar\" \/>\n<meta property=\"og:url\" content=\"https:\/\/luxury-rental-mc.com\/fr\/location-megeve\/\" \/>\n<meta property=\"og:site_name\" content=\"Luxury Car Rentals | Monaco, Nice, Cannes, Saint-Tropez\" \/>\n<meta property=\"article:modified_time\" content=\"2018-10-23T13:33:08+00:00\" \/>\n<meta name=\"twitter:label1\" content=\"Dur\u00e9e de lecture estim\u00e9e\" \/>\n\t<meta name=\"twitter:data1\" content=\"5 minutes\" \/>\n<script type=\"application\/ld+json\" class=\"yoast-schema-graph\">{\"@context\":\"https:\/\/schema.org\",\"@graph\":[{\"@type\":\"WebPage\",\"@id\":\"https:\/\/luxury-rental-mc.com\/fr\/location-megeve\/\",\"url\":\"https:\/\/luxury-rental-mc.com\/fr\/location-megeve\/\",\"name\":\"Location voiture de luxe Meg\u00e8ve - LR MC\",\"isPartOf\":{\"@id\":\"https:\/\/luxury-rental-mc.com\/#website\"},\"datePublished\":\"2018-10-23T13:15:52+00:00\",\"dateModified\":\"2018-10-23T13:33:08+00:00\",\"description\":\"D\u00e9couvrez la soci\u00e9t\u00e9 MC luxury car rental \u00e0 Meg\u00e8ve, pour la location de voiture de luxe, 4x4 ou SUV, Nous vous proposons tout type de gamme du cabriolet a la supercar\",\"breadcrumb\":{\"@id\":\"https:\/\/luxury-rental-mc.com\/fr\/location-megeve\/#breadcrumb\"},\"inLanguage\":\"fr-FR\",\"potentialAction\":[{\"@type\":\"ReadAction\",\"target\":[\"https:\/\/luxury-rental-mc.com\/fr\/location-megeve\/\"]}]},{\"@type\":\"BreadcrumbList\",\"@id\":\"https:\/\/luxury-rental-mc.com\/fr\/location-megeve\/#breadcrumb\",\"itemListElement\":[{\"@type\":\"ListItem\",\"position\":1,\"name\":\"Accueil\",\"item\":\"https:\/\/luxury-rental-mc.com\/fr\/\"},{\"@type\":\"ListItem\",\"position\":2,\"name\":\"Location Meg\u00e8ve\"}]},{\"@type\":\"WebSite\",\"@id\":\"https:\/\/luxury-rental-mc.com\/#website\",\"url\":\"https:\/\/luxury-rental-mc.com\/\",\"name\":\"Luxury Car Rentals | Monaco, Nice, Cannes, Saint-Tropez\",\"description\":\"Rent the finest brands : Porsche, Ferrari, Lamborghini, Mercedes...\",\"potentialAction\":[{\"@type\":\"SearchAction\",\"target\":{\"@type\":\"EntryPoint\",\"urlTemplate\":\"https:\/\/luxury-rental-mc.com\/?s={search_term_string}\"},\"query-input\":\"required name=search_term_string\"}],\"inLanguage\":\"fr-FR\"}]}<\/script>\n<!-- \/ Yoast SEO plugin. -->","yoast_head_json":{"title":"Location voiture de luxe Meg\u00e8ve - LR MC","description":"D\u00e9couvrez la soci\u00e9t\u00e9 MC luxury car rental \u00e0 Meg\u00e8ve, pour la location de voiture de luxe, 4x4 ou SUV, Nous vous proposons tout type de gamme du cabriolet a la supercar","robots":{"index":"index","follow":"follow","max-snippet":"max-snippet:-1","max-image-preview":"max-image-preview:large","max-video-preview":"max-video-preview:-1"},"canonical":"https:\/\/luxury-rental-mc.com\/fr\/location-megeve\/","og_locale":"fr_FR","og_type":"article","og_title":"Location voiture de luxe Meg\u00e8ve - LR MC","og_description":"D\u00e9couvrez la soci\u00e9t\u00e9 MC luxury car rental \u00e0 Meg\u00e8ve, pour la location de voiture de luxe, 4x4 ou SUV, Nous vous proposons tout type de gamme du cabriolet a la supercar","og_url":"https:\/\/luxury-rental-mc.com\/fr\/location-megeve\/","og_site_name":"Luxury Car Rentals | Monaco, Nice, Cannes, Saint-Tropez","article_modified_time":"2018-10-23T13:33:08+00:00","twitter_misc":{"Dur\u00e9e de lecture estim\u00e9e":"5 minutes"},"schema":{"@context":"https:\/\/schema.org","@graph":[{"@type":"WebPage","@id":"https:\/\/luxury-rental-mc.com\/fr\/location-megeve\/","url":"https:\/\/luxury-rental-mc.com\/fr\/location-megeve\/","name":"Location voiture de luxe Meg\u00e8ve - LR MC","isPartOf":{"@id":"https:\/\/luxury-rental-mc.com\/#website"},"datePublished":"2018-10-23T13:15:52+00:00","dateModified":"2018-10-23T13:33:08+00:00","description":"D\u00e9couvrez la soci\u00e9t\u00e9 MC luxury car rental \u00e0 Meg\u00e8ve, pour la location de voiture de luxe, 4x4 ou SUV, Nous vous proposons tout type de gamme du cabriolet a la supercar","breadcrumb":{"@id":"https:\/\/luxury-rental-mc.com\/fr\/location-megeve\/#breadcrumb"},"inLanguage":"fr-FR","potentialAction":[{"@type":"ReadAction","target":["https:\/\/luxury-rental-mc.com\/fr\/location-megeve\/"]}]},{"@type":"BreadcrumbList","@id":"https:\/\/luxury-rental-mc.com\/fr\/location-megeve\/#breadcrumb","itemListElement":[{"@type":"ListItem","position":1,"name":"Accueil","item":"https:\/\/luxury-rental-mc.com\/fr\/"},{"@type":"ListItem","position":2,"name":"Location Meg\u00e8ve"}]},{"@type":"WebSite","@id":"https:\/\/luxury-rental-mc.com\/#website","url":"https:\/\/luxury-rental-mc.com\/","name":"Luxury Car Rentals | Monaco, Nice, Cannes, Saint-Tropez","description":"Rent the finest brands : Porsche, Ferrari, Lamborghini, Mercedes...","potentialAction":[{"@type":"SearchAction","target":{"@type":"EntryPoint","urlTemplate":"https:\/\/luxury-rental-mc.com\/?s={search_term_string}"},"query-input":"required name=search_term_string"}],"inLanguage":"fr-FR"}]}},"_links":{"self":[{"href":"https:\/\/luxury-rental-mc.com\/fr\/wp-json\/wp\/v2\/pages\/11327\/"}],"collection":[{"href":"https:\/\/luxury-rental-mc.com\/fr\/wp-json\/wp\/v2\/pages\/"}],"about":[{"href":"https:\/\/luxury-rental-mc.com\/fr\/wp-json\/wp\/v2\/types\/page\/"}],"author":[{"embeddable":true,"href":"https:\/\/luxury-rental-mc.com\/fr\/wp-json\/wp\/v2\/users\/1\/"}],"replies":[{"embeddable":true,"href":"https:\/\/luxury-rental-mc.com\/fr\/wp-json\/wp\/v2\/comments\/?post=11327"}],"version-history":[{"count":4,"href":"https:\/\/luxury-rental-mc.com\/fr\/wp-json\/wp\/v2\/pages\/11327\/revisions\/"}],"predecessor-version":[{"id":11337,"href":"https:\/\/luxury-rental-mc.com\/fr\/wp-json\/wp\/v2\/pages\/11327\/revisions\/11337\/"}],"wp:attachment":[{"href":"https:\/\/luxury-rental-mc.com\/fr\/wp-json\/wp\/v2\/media\/?parent=11327"}],"curies":[{"name":"wp","href":"https:\/\/api.w.org\/{rel}","templated":true}]}}