{"id":11394,"date":"2018-10-24T22:28:10","date_gmt":"2018-10-24T20:28:10","guid":{"rendered":"https:\/\/luxury-rental-mc.com\/?page_id=11394"},"modified":"2021-09-14T20:57:06","modified_gmt":"2021-09-14T18:57:06","slug":"lamborghini-urus","status":"publish","type":"page","link":"https:\/\/luxury-rental-mc.com\/fr\/location-voiture\/lamborghini-urus\/","title":{"rendered":"Lamborghini Urus"},"content":{"rendered":"[vc_row][vc_column width=\u00a0\u00bb2\/3&Prime;][mk_title_box size=\u00a0\u00bb16&Prime; letter_spacing=\u00a0\u00bb4&Prime; margin_bottom=\u00a0\u00bb0&Prime; font_family=\u00a0\u00bbnone\u00a0\u00bb]\n<h1><span style=\"font-size: 14pt;\">Location\u00a0Lamborghini Urus<\/span><\/h1>\n[\/mk_title_box][mk_swipe_slideshow images=\u00a0\u00bb45768,45762,45766&Prime; image_width=\u00a0\u00bb750&Prime; image_height=\u00a0\u00bb380&Prime;][vc_column_text css=\u00a0\u00bb.vc_custom_1556036645892{margin-bottom: 0px !important;}\u00a0\u00bb]<span style=\"font-size: 10pt;\">Le <strong>Lamborghini Urus<\/strong> est le SUV le plus agressif et sportif que le constructeur automobile italien peut confectionner aujourd\u2019hui et il est disponible \u00e0 la location courte et longue dur\u00e9e chez MC Luxury Rental.\u00a0Sa performance de 0 \u00e0 100 km\/h en 3,6 secondes est un r\u00e9sultat incroyable pour ce SUV de luxe. Son moteur V8 de 4,0 L qui d\u00e9veloppe 650 chevaux, le Lamborghini Urus est un v\u00e9hicule sportif et confortable tr\u00e8s luxueux qui saura vous d\u00e9marquer lors de votre <strong>location de voiture de luxe \u00e0 Monte-Carlo<\/strong>. Louer un Lamborghini Urus est id\u00e9al pour faire la course tout en \u00e9tant \u00e0 son aise. V\u00e9hicule du quotidien, Lamborghini, sport, rapidit\u00e9, confort et famille, ce SUV de luxe est le premier \u00e0 rassembler enfin la totalit\u00e9 de ces crit\u00e8res.<span class=\"Apple-converted-space\">\u00a0<\/span>Alors n\u2019h\u00e9sitez plus, venez <strong>louer ce Lamborghini Urus<\/strong> de luxe pour n\u2019importe quelle occasion, peu importe o\u00f9 vous \u00eates <strong>\u00e0 Monaco ou en Europe<\/strong>. Notre \u00e9quipe de professionnels se feront un plaisir d\u2019effectuer la livraison de ce SUV sportif de prestige dans votre ville de la C\u00f4te d\u2019Azur \u00e0 <strong>Cannes<\/strong> ou Nice. MC Luxury Rental est \u00e9galement pr\u00e9sent dans votre station de sport d\u2019hiver favorite comme <strong>Courchevel 1850<\/strong>, Saint-Moritz, Meg\u00e8ve ou Cortina d\u2019Ampezzo o\u00f9 le Lamborghini Urus sera le plus efficace gr\u00e2ce \u00e0 son mode neige, ou encore dans la station baln\u00e9aire de vos vacances telle que <strong>Saint-Tropez<\/strong> ou Portofino pour vous d\u00e9placer sous le soleil de la m\u00e9diterran\u00e9e. <strong>Louer le Lamborghini Urus,<\/strong> ce SUV ultra-luxe est parfait et r\u00e9pondra \u00e0 toutes vos attentes. Nous effectuons des locations sur mesure, en aller simple et vous proposons une livraison dans l\u2019a\u00e9roport international, l\u2019hotel ou devant votre chalet et nous reviendrons le r\u00e9cup\u00e9rer l\u00e0 o\u00f9 vous le souhaitez en <strong>France<\/strong>, en Italie, en <strong>Espagne <\/strong>ou encore en Suisse.\u00a0Au volant du Lamborghini Urus vous serez comme aux commandes d\u2019un avion, interfaces et commandes digne de conception a\u00e9ronautique, bruit d\u2019\u00e9chappement assourdissant, vous \u00e9paterez tout le monde et vous serez \u00e0 votre plus grande aise.<span class=\"Apple-converted-space\">\u00a0<\/span>Contactez-nous, le <strong>Lamborghini Urus est disponible \u00e0 la location<\/strong> rien que pour vous\u00a0!<span class=\"Apple-converted-space\">\u00a0<\/span><\/span>[\/vc_column_text][\/vc_column][vc_column width=\u00a0\u00bb1\/3&Prime;][mk_padding_divider size=\u00a0\u00bb12&Prime;][mk_title_box size=\u00a0\u00bb16&Prime; letter_spacing=\u00a0\u00bb4&Prime; margin_bottom=\u00a0\u00bb0&Prime; font_family=\u00a0\u00bbnone\u00a0\u00bb]\n<h2><span style=\"font-size: 14pt;\">Tarifs<\/span><\/h2>\n[\/mk_title_box][vc_table vc_table_theme=\u00a0\u00bbsimple_pink\u00a0\u00bb][align-left]Journ%C3%A9e%20(150%20Km),[align-left]1900%E2%82%AC|[b;align-left]3%20Jours%20(500%20km),[align-left]5200%E2%82%AC|[b;align-left]5%20Jours%20(750%20Km),[align-left]8600%E2%82%AC|[b;align-left]Jour%20supp.,[align-left]1200%E2%82%AC[\/vc_table][mk_button dimension=\u00a0\u00bboutline\u00a0\u00bb size=\u00a0\u00bblarge\u00a0\u00bb icon=\u00a0\u00bbmk-li-call\u00a0\u00bb url=\u00a0\u00bbhttps:\/\/luxury-rental-mc.com\/fr\/contact\/\u00a0\u00bb align=\u00a0\u00bbcenter\u00a0\u00bb fullwidth=\u00a0\u00bbtrue\u00a0\u00bb visibility=\u00a0\u00bbhidden-sm\u00a0\u00bb]R\u00e9servation +33762841105[\/mk_button][mk_button dimension=\u00a0\u00bboutline\u00a0\u00bb size=\u00a0\u00bblarge\u00a0\u00bb icon=\u00a0\u00bbmk-li-call\u00a0\u00bb url=\u00a0\u00bbtel:+33762841105&Prime; align=\u00a0\u00bbcenter\u00a0\u00bb fullwidth=\u00a0\u00bbtrue\u00a0\u00bb visibility=\u00a0\u00bbhidden-dt\u00a0\u00bb]Reservation[\/mk_button][vc_column_text]Marque\u00a0: Lamborghini<br \/>\nMod\u00e8le : Urus<br \/>\nNombre de places : 5<br \/>\nPuissance : 700 Ch<br \/>\nCylindr\u00e9e\u00a0: 6498 cm3<br \/>\nVitesse\u00a0max :\u00a0250 Km\/h<br \/>\nConsommation Mixte\u00a0: 19 l \/100 km<br \/>\nAge minimum\u00a0:\u00a018 ans[\/vc_column_text][\/vc_column][\/vc_row][vc_row fullwidth=\u00a0\u00bbtrue\u00a0\u00bb][vc_column][mk_clients clients=\u00a0\u00bb7183,7187,7173,7185,7177,7175,7179,7181,7189&Prime;][\/vc_column][\/vc_row]\n","protected":false},"excerpt":{"rendered":"<p>[vc_row][vc_column width=\u00a0\u00bb2\/3&Prime;][mk_title_box size=\u00a0\u00bb16&Prime; letter_spacing=\u00a0\u00bb4&Prime; margin_bottom=\u00a0\u00bb0&Prime; font_family=\u00a0\u00bbnone\u00a0\u00bb] Location\u00a0Lamborghini Urus [\/mk_title_box][mk_swipe_slideshow images=\u00a0\u00bb45768,45762,45766&Prime; image_width=\u00a0\u00bb750&Prime; image_height=\u00a0\u00bb380&Prime;][vc_column_text css=\u00a0\u00bb.vc_custom_1556036645892{margin-bottom: 0px !important;}\u00a0\u00bb]Le Lamborghini Urus est le SUV le plus agressif et sportif que le constructeur automobile italien peut confectionner aujourd\u2019hui et il est disponible \u00e0 la location courte et longue dur\u00e9e chez MC Luxury Rental.\u00a0Sa performance de 0 \u00e0 100 km\/h en [&hellip;]<\/p>\n","protected":false},"author":1,"featured_media":0,"parent":7038,"menu_order":0,"comment_status":"closed","ping_status":"closed","template":"","meta":{"_monsterinsights_skip_tracking":false,"_monsterinsights_sitenote_active":false,"_monsterinsights_sitenote_note":"","_monsterinsights_sitenote_category":0},"yoast_head":"<!-- This site is optimized with the Yoast SEO plugin v20.3 - https:\/\/yoast.com\/wordpress\/plugins\/seo\/ -->\n<title>Location Lamborghini Urus<\/title>\n<meta name=\"description\" content=\"D\u00e9couvrez le nouveau lamborghini Urus le SUV de luxe \u00e0 la location chez Luxury Car Rental MC\" \/>\n<meta name=\"robots\" content=\"index, follow, max-snippet:-1, max-image-preview:large, max-video-preview:-1\" \/>\n<link rel=\"canonical\" href=\"https:\/\/luxury-rental-mc.com\/fr\/location-voiture\/lamborghini-urus\/\" \/>\n<meta property=\"og:locale\" content=\"fr_FR\" \/>\n<meta property=\"og:type\" content=\"article\" \/>\n<meta property=\"og:title\" content=\"Location Lamborghini Urus\" \/>\n<meta property=\"og:description\" content=\"D\u00e9couvrez le nouveau lamborghini Urus le SUV de luxe \u00e0 la location chez Luxury Car Rental MC\" \/>\n<meta property=\"og:url\" content=\"https:\/\/luxury-rental-mc.com\/fr\/location-voiture\/lamborghini-urus\/\" \/>\n<meta property=\"og:site_name\" content=\"Luxury Car Rentals | Monaco, Nice, Cannes, Saint-Tropez\" \/>\n<meta property=\"article:modified_time\" content=\"2021-09-14T18:57:06+00:00\" \/>\n<meta name=\"twitter:label1\" content=\"Dur\u00e9e de lecture estim\u00e9e\" \/>\n\t<meta name=\"twitter:data1\" content=\"3 minutes\" \/>\n<script type=\"application\/ld+json\" class=\"yoast-schema-graph\">{\"@context\":\"https:\/\/schema.org\",\"@graph\":[{\"@type\":\"WebPage\",\"@id\":\"https:\/\/luxury-rental-mc.com\/fr\/location-voiture\/lamborghini-urus\/\",\"url\":\"https:\/\/luxury-rental-mc.com\/fr\/location-voiture\/lamborghini-urus\/\",\"name\":\"Location Lamborghini Urus\",\"isPartOf\":{\"@id\":\"https:\/\/luxury-rental-mc.com\/#website\"},\"datePublished\":\"2018-10-24T20:28:10+00:00\",\"dateModified\":\"2021-09-14T18:57:06+00:00\",\"description\":\"D\u00e9couvrez le nouveau lamborghini Urus le SUV de luxe \u00e0 la location chez Luxury Car Rental MC\",\"breadcrumb\":{\"@id\":\"https:\/\/luxury-rental-mc.com\/fr\/location-voiture\/lamborghini-urus\/#breadcrumb\"},\"inLanguage\":\"fr-FR\",\"potentialAction\":[{\"@type\":\"ReadAction\",\"target\":[\"https:\/\/luxury-rental-mc.com\/fr\/location-voiture\/lamborghini-urus\/\"]}]},{\"@type\":\"BreadcrumbList\",\"@id\":\"https:\/\/luxury-rental-mc.com\/fr\/location-voiture\/lamborghini-urus\/#breadcrumb\",\"itemListElement\":[{\"@type\":\"ListItem\",\"position\":1,\"name\":\"Accueil\",\"item\":\"https:\/\/luxury-rental-mc.com\/fr\/\"},{\"@type\":\"ListItem\",\"position\":2,\"name\":\"Location\",\"item\":\"https:\/\/luxury-rental-mc.com\/fr\/location-voiture\/\"},{\"@type\":\"ListItem\",\"position\":3,\"name\":\"Lamborghini Urus\"}]},{\"@type\":\"WebSite\",\"@id\":\"https:\/\/luxury-rental-mc.com\/#website\",\"url\":\"https:\/\/luxury-rental-mc.com\/\",\"name\":\"Luxury Car Rentals | Monaco, Nice, Cannes, Saint-Tropez\",\"description\":\"Rent the finest brands : Porsche, Ferrari, Lamborghini, Mercedes...\",\"potentialAction\":[{\"@type\":\"SearchAction\",\"target\":{\"@type\":\"EntryPoint\",\"urlTemplate\":\"https:\/\/luxury-rental-mc.com\/?s={search_term_string}\"},\"query-input\":\"required name=search_term_string\"}],\"inLanguage\":\"fr-FR\"}]}<\/script>\n<!-- \/ Yoast SEO plugin. -->","yoast_head_json":{"title":"Location Lamborghini Urus","description":"D\u00e9couvrez le nouveau lamborghini Urus le SUV de luxe \u00e0 la location chez Luxury Car Rental MC","robots":{"index":"index","follow":"follow","max-snippet":"max-snippet:-1","max-image-preview":"max-image-preview:large","max-video-preview":"max-video-preview:-1"},"canonical":"https:\/\/luxury-rental-mc.com\/fr\/location-voiture\/lamborghini-urus\/","og_locale":"fr_FR","og_type":"article","og_title":"Location Lamborghini Urus","og_description":"D\u00e9couvrez le nouveau lamborghini Urus le SUV de luxe \u00e0 la location chez Luxury Car Rental MC","og_url":"https:\/\/luxury-rental-mc.com\/fr\/location-voiture\/lamborghini-urus\/","og_site_name":"Luxury Car Rentals | Monaco, Nice, Cannes, Saint-Tropez","article_modified_time":"2021-09-14T18:57:06+00:00","twitter_misc":{"Dur\u00e9e de lecture estim\u00e9e":"3 minutes"},"schema":{"@context":"https:\/\/schema.org","@graph":[{"@type":"WebPage","@id":"https:\/\/luxury-rental-mc.com\/fr\/location-voiture\/lamborghini-urus\/","url":"https:\/\/luxury-rental-mc.com\/fr\/location-voiture\/lamborghini-urus\/","name":"Location Lamborghini Urus","isPartOf":{"@id":"https:\/\/luxury-rental-mc.com\/#website"},"datePublished":"2018-10-24T20:28:10+00:00","dateModified":"2021-09-14T18:57:06+00:00","description":"D\u00e9couvrez le nouveau lamborghini Urus le SUV de luxe \u00e0 la location chez Luxury Car Rental MC","breadcrumb":{"@id":"https:\/\/luxury-rental-mc.com\/fr\/location-voiture\/lamborghini-urus\/#breadcrumb"},"inLanguage":"fr-FR","potentialAction":[{"@type":"ReadAction","target":["https:\/\/luxury-rental-mc.com\/fr\/location-voiture\/lamborghini-urus\/"]}]},{"@type":"BreadcrumbList","@id":"https:\/\/luxury-rental-mc.com\/fr\/location-voiture\/lamborghini-urus\/#breadcrumb","itemListElement":[{"@type":"ListItem","position":1,"name":"Accueil","item":"https:\/\/luxury-rental-mc.com\/fr\/"},{"@type":"ListItem","position":2,"name":"Location","item":"https:\/\/luxury-rental-mc.com\/fr\/location-voiture\/"},{"@type":"ListItem","position":3,"name":"Lamborghini Urus"}]},{"@type":"WebSite","@id":"https:\/\/luxury-rental-mc.com\/#website","url":"https:\/\/luxury-rental-mc.com\/","name":"Luxury Car Rentals | Monaco, Nice, Cannes, Saint-Tropez","description":"Rent the finest brands : Porsche, Ferrari, Lamborghini, Mercedes...","potentialAction":[{"@type":"SearchAction","target":{"@type":"EntryPoint","urlTemplate":"https:\/\/luxury-rental-mc.com\/?s={search_term_string}"},"query-input":"required name=search_term_string"}],"inLanguage":"fr-FR"}]}},"_links":{"self":[{"href":"https:\/\/luxury-rental-mc.com\/fr\/wp-json\/wp\/v2\/pages\/11394\/"}],"collection":[{"href":"https:\/\/luxury-rental-mc.com\/fr\/wp-json\/wp\/v2\/pages\/"}],"about":[{"href":"https:\/\/luxury-rental-mc.com\/fr\/wp-json\/wp\/v2\/types\/page\/"}],"author":[{"embeddable":true,"href":"https:\/\/luxury-rental-mc.com\/fr\/wp-json\/wp\/v2\/users\/1\/"}],"replies":[{"embeddable":true,"href":"https:\/\/luxury-rental-mc.com\/fr\/wp-json\/wp\/v2\/comments\/?post=11394"}],"version-history":[{"count":9,"href":"https:\/\/luxury-rental-mc.com\/fr\/wp-json\/wp\/v2\/pages\/11394\/revisions\/"}],"predecessor-version":[{"id":83627,"href":"https:\/\/luxury-rental-mc.com\/fr\/wp-json\/wp\/v2\/pages\/11394\/revisions\/83627\/"}],"up":[{"embeddable":true,"href":"https:\/\/luxury-rental-mc.com\/fr\/wp-json\/wp\/v2\/pages\/7038\/"}],"wp:attachment":[{"href":"https:\/\/luxury-rental-mc.com\/fr\/wp-json\/wp\/v2\/media\/?parent=11394"}],"curies":[{"name":"wp","href":"https:\/\/api.w.org\/{rel}","templated":true}]}}