{"id":11479,"date":"2018-12-13T18:49:03","date_gmt":"2018-12-13T17:49:03","guid":{"rendered":"https:\/\/luxury-rental-mc.com\/?page_id=11479"},"modified":"2018-12-13T23:36:49","modified_gmt":"2018-12-13T22:36:49","slug":"location-lech-zurs","status":"publish","type":"page","link":"https:\/\/luxury-rental-mc.com\/fr\/location-voiture-luxe\/autres-villes\/location-lech-zurs\/","title":{"rendered":"Location Lech-Zurs"},"content":{"rendered":"[vc_row][\/vc_row][vc_row][vc_column][vc_column_text]\n<h1 class=\"p1\" style=\"text-align: center;\"><span class=\"s1\">Location de voiture de luxe \u00e0 Lech-Zurs am Arlberg<\/span><\/h1>\n<p class=\"p1\" style=\"text-align: justify;\"><span class=\"s1\">Lech Zurs am Arlberg est un village d\u2019Autriche, cette station de ski fait partie du cercle ferm\u00e9 des \u00ab\u00a0Best of the Apls\u00a0\u00bb.<\/span><\/p>\n<p class=\"p1\" style=\"text-align: justify;\"><span class=\"s1\">Perch\u00e9e \u00e0 plus de 1400 m\u00e8tres d\u2019altitude, cette station de ski est l\u2019une des plus r\u00e9put\u00e9e d\u2019Europe. Avec ses 35 h\u00f4tels de luxe et palaces (soit deux fois plus qu\u2019\u00e0 Saint Moritz), la station de Lech accueille chaque ann\u00e9e une client\u00e8le d\u2019exception venue du monde entier.\u00a0<\/span><span class=\"s1\">La station de Lech Zurs, est un domaine skiable merveilleux, qui offre de nombreuses activit\u00e9s comme le vol en parapente, la moto neige et la balade en chien de traineau.<\/span><\/p>\n<p class=\"p1\" style=\"text-align: justify;\"><span class=\"s1\">Notre soci\u00e9t\u00e9 de location de v\u00e9hicules de prestige vous accompagne pendant votre s\u00e9jour \u00e0 Lech. En effet, si vous souhaitez louer une berline ou un 4&#215;4 de luxe \u00e0 Lech, notre flotte automobile sera adapt\u00e9e \u00e0 vos attentes.<\/span><\/p>\n<p class=\"p1\" style=\"text-align: justify;\"><span class=\"s1\">Notre \u00e9quipe de professionnels de la location de voitures Premium a s\u00e9lectionn\u00e9 pour sa client\u00e8le privil\u00e9gi\u00e9e les meilleures automobiles du march\u00e9.\u00a0<\/span><span class=\"s1\">Si vous \u00eates un adepte de la marque allemande Mercedes-Benz, vous pourrez louer une limousine Mercedes-Benz Classe S 4 Matic. Cette berline sera votre meilleure alli\u00e9e pour vos moments shopping dans les boutiques de luxe la station de Lech.\u00a0<\/span><\/p>\n<p class=\"p1\" style=\"text-align: justify;\"><span class=\"s1\">Besoin de plus d\u2019espace pour accueillir jusqu\u2019\u00e0 8 personnes ? Optez pour <a href=\"https:\/\/luxury-rental-mc.com\/fr\/location-voiture\/mercedes-class-v\"><span class=\"s2\">louer le van de luxe Mercedes-Benz Classe V 4 Matic<\/span><\/a> \u00e0 Lech-Zurs.<\/span><\/p>\n<p class=\"p1\" style=\"text-align: justify;\"><span class=\"s1\">Par son emplacement isol\u00e9, la commune de Lech Zurs est difficilement inaccessible en cas d\u2019intemp\u00e9ries. Pour palier \u00e0 ces d\u00e9sagr\u00e9ments, MC Luxury Rental vous propose la location d\u2019un imposant Mercedes-Benz Classe G. En mode Off Road, ce 4&#215;4 intemporel et robuste, le Mercedes-Benz Classe G 63 AMG vous permettra de braver les conditions extr\u00e8mes\u00a0<\/span><span class=\"s1\">R\u00e9servez d\u00e8s maintenant pour louer le nouveau et prestigieux SUV Rolls Royce Cullinan \u00e0 Lech Zurs. Au volant de ce SUV \u00e9litiste vous ferez sensation dans les rues de la merveilleuse station de sports d\u2019hiver autrichienne. Ce Royce-Royce Cullinan tout-terrain de location repr\u00e9sente le summum du luxe en mati\u00e8re de 4&#215;4 de prestige. Avec la sortie de cette nouveaut\u00e9 Royce-Royce, le Bentley Bentayga a du soucis \u00e0 se faire !<\/span><\/p>\n[\/vc_column_text][\/vc_column][\/vc_row][mk_page_section bg_image=\u00a0\u00bbhttps:\/\/luxury-rental-mc.com\/wp-content\/uploads\/2018\/12\/luxury-rental-lech-zuers-1.jpg\u00a0\u00bb bg_position=\u00a0\u00bbcenter center\u00a0\u00bb bg_repeat=\u00a0\u00bbno-repeat\u00a0\u00bb bg_stretch=\u00a0\u00bbtrue\u00a0\u00bb full_width=\u00a0\u00bbtrue\u00a0\u00bb full_height=\u00a0\u00bbtrue\u00a0\u00bb padding_top=\u00a0\u00bb0&Prime; padding_bottom=\u00a0\u00bb0&Prime; sidebar=\u00a0\u00bbsidebar-1&Prime;][vc_column][\/vc_column][\/mk_page_section][vc_row][vc_column][vc_column_text]\n<div>\n<div id=\"tw-target\">\n<div id=\"tw-target-text-container\">\n<h2 id=\"tw-target-text\" dir=\"ltr\" style=\"text-align: center;\" data-placeholder=\"Traduction\"><span lang=\"en\">Location de 4&#215;4 de luxe\u00a0<\/span><\/h2>\n<\/div>\n<\/div>\n<\/div>\n<p class=\"p1\" style=\"text-align: justify;\"><span class=\"s1\"><a href=\"https:\/\/luxury-rental-mc.com\/fr\/location-voiture\/range-rover-sport\">L<span class=\"s2\">ouer un Land Rover Range Rover Sport<\/span><\/a> Supercharged pour vous rendre \u00e0 Lech Zurs. Ce 4&#215;4 sportif vous offrira confort, sportivit\u00e9 et s\u00e9curit\u00e9 sur les routes enneig\u00e9es aux abords de la rivi\u00e8re Lech qui deviendront un v\u00e9ritable terrain de jeu pour ce SUV de location. En mode Off-Road, ses capacit\u00e9s de franchissement seront semblables \u00e0 celles d\u2019un 4&#215;4 baroudeur tel que le Jeep Wrangler. Sensations fortes assur\u00e9es \u00e0 bord d\u2019un Range Rover Sport Supercharged de location.<\/span><\/p>\n<p class=\"p1\" style=\"text-align: justify;\"><span class=\"s1\">Planifiez votre d\u00e9couverte de l\u2019Autriche \u00e0 bord d\u2019un 4&#215;4 de luxe. Notre chauffeur vous accueillera d\u00e8s votre arriv\u00e9e \u00e0 l\u2019a\u00e9roport international d\u2019Innsbruck ou \u00e0 l\u2019a\u00e9roport de Friedrichshafen. Pour plus de simplicit\u00e9, optez pour la location en aller simple BMW X5 xDrive (lieu de retour diff\u00e9rent). Le majestueux <a href=\"https:\/\/luxury-rental-mc.com\/fr\/location-voiture\/bmw-x5-m\"><span class=\"s2\">SUV BMW X5<\/span><\/a> peut accueillir jusqu\u2019\u00e0 7 personnes gr\u00e2ce \u00e0 son option 7 places. Vous pr\u00e9f\u00e9rez une limousine ? Louer la magnifique BMW S\u00e9rie 7 xDrive version longue.\u00a0<\/span><span class=\"s1\">Plus sportivement encore, louer une supercar embl\u00e9matique, la Ferrari Portofino ! La rempla\u00e7ante de la Ferrari California T saura rapidement trouver sa place dans la station de Lech-Zurs. \u00a0L&rsquo;habitacle de cette voiture de sport italienne est dot\u00e9 d\u2019une trappe a skis \u00e0 \u00e9t\u00e9 con\u00e7u pour fr\u00e9quenter les stations de sports d\u2019hiver les plus pris\u00e9s telles que Lech Zurs. Son toit escamotable vous permettra de passer en mode cabriolet pour profiter des rayons de soleil.\u00a0<\/span><span class=\"s1\">Louer un v\u00e9hicule 4 roues motrices (4&#215;4) avec des \u00e9quipements sp\u00e9ciaux (pneus neige hiver) chez MC Luxury Rental, c\u2019est aussi assurer sa s\u00e9curit\u00e9 lors de ses vacances \u00e0 Lech am Arlberg (Autriche).\u00a0<\/span><\/p>\n[\/vc_column_text][\/vc_column][\/vc_row][vc_row][vc_column][vc_column_text]\n<h3 class=\"tw-swapa\"><\/h3>\n<h2 style=\"text-align: left;\">Luxury and prestige car rental all over Europe :<\/h2>\n<ul>\n<li><a href=\"https:\/\/luxury-rental-mc.com\/rental\/other-cities\/luxury-car-rental-chamonix\">Luxury car rental Chamonix<\/a><\/li>\n<li><a href=\"https:\/\/luxury-rental-mc.com\/rental\/other-cities\/luxury-car-rental-zurich\">Luxury car rental Zurich<\/a><\/li>\n<li><a href=\"https:\/\/luxury-rental-mc.com\/rental\/other-cities\/luxury-car-rental-davos\">Luxury car rental Davos<\/a><\/li>\n<li><a href=\"https:\/\/luxury-rental-mc.com\/rental\/other-cities\/luxuryc-car-rental-lausanne\">Luxury car rental Lausanne<\/a><\/li>\n<li><a href=\"https:\/\/luxury-rental-mc.com\/rental\/other-cities\/luxury-car-rental-laax\">Luxury car rental Laax<\/a><\/li>\n<li><a href=\"https:\/\/luxury-rental-mc.com\/rental\/other-cities\/luxury-car-rental-lucerne\">Luxury car rental Lucerne<\/a><\/li>\n<li><a href=\"https:\/\/luxury-rental-mc.com\/rental\/other-cities\/luxury-car-rental-saint-moritz\">Luxury car rental Moritz<\/a><\/li>\n<li><a href=\"https:\/\/luxury-rental-mc.com\/rental\/other-cities\/bern-luxury-car-rental\">Luxury car rental Bern<\/a><\/li>\n<li><a href=\"https:\/\/luxury-rental-mc.com\/rental\/other-cities\/luxury-car-rental-lake-como\">Luxury car rental Lake Como<\/a><\/li>\n<li><a href=\"https:\/\/luxury-rental-mc.com\/rental\/other-cities\/luxury-car-rental-porto-cervo\">Luxury car rental Porto Cervo<\/a><\/li>\n<li><a href=\"https:\/\/luxury-rental-mc.com\/rental\/other-cities\/luxury-car-rental-positano\">Luxury car rental Positano<\/a><\/li>\n<li><a href=\"https:\/\/luxury-rental-mc.com\/rental\/other-cities\/luxury-car-rental-turin\">Luxury car rental Turin<\/a><\/li>\n<li><a href=\"https:\/\/luxury-rental-mc.com\/rental\/other-cities\/luxury-car-rental-venice\">Luxury car rental Venice<\/a><\/li>\n<\/ul>\n<p>&nbsp;<\/p>\n<h3><\/h3>\n[\/vc_column_text][\/vc_column][\/vc_row]\n","protected":false},"excerpt":{"rendered":"<p>[vc_row][\/vc_row][vc_row][vc_column][vc_column_text] Location de voiture de luxe \u00e0 Lech-Zurs am Arlberg Lech Zurs am Arlberg est un village d\u2019Autriche, cette station de ski fait partie du cercle ferm\u00e9 des \u00ab\u00a0Best of the Apls\u00a0\u00bb. Perch\u00e9e \u00e0 plus de 1400 m\u00e8tres d\u2019altitude, cette station de ski est l\u2019une des plus r\u00e9put\u00e9e d\u2019Europe. Avec ses 35 h\u00f4tels de luxe [&hellip;]<\/p>\n","protected":false},"author":1,"featured_media":0,"parent":9503,"menu_order":0,"comment_status":"closed","ping_status":"closed","template":"","meta":{"_monsterinsights_skip_tracking":false,"_monsterinsights_sitenote_active":false,"_monsterinsights_sitenote_note":"","_monsterinsights_sitenote_category":0},"yoast_head":"<!-- This site is optimized with the Yoast SEO plugin v20.3 - https:\/\/yoast.com\/wordpress\/plugins\/seo\/ -->\n<title>Location de voiture de luxe \u00e0 Lech-Zurs - Luxury Car Rentals | Monaco, Nice, Cannes, Saint-Tropez<\/title>\n<meta name=\"robots\" content=\"index, follow, max-snippet:-1, max-image-preview:large, max-video-preview:-1\" \/>\n<link rel=\"canonical\" href=\"https:\/\/luxury-rental-mc.com\/fr\/location-voiture-luxe\/autres-villes\/location-lech-zurs\/\" \/>\n<meta property=\"og:locale\" content=\"fr_FR\" \/>\n<meta property=\"og:type\" content=\"article\" \/>\n<meta property=\"og:title\" content=\"Location de voiture de luxe \u00e0 Lech-Zurs - Luxury Car Rentals | Monaco, Nice, Cannes, Saint-Tropez\" \/>\n<meta property=\"og:description\" content=\"[vc_row][\/vc_row][vc_row][vc_column][vc_column_text] Location de voiture de luxe \u00e0 Lech-Zurs am Arlberg Lech Zurs am Arlberg est un village d\u2019Autriche, cette station de ski fait partie du cercle ferm\u00e9 des \u00ab\u00a0Best of the Apls\u00a0\u00bb. Perch\u00e9e \u00e0 plus de 1400 m\u00e8tres d\u2019altitude, cette station de ski est l\u2019une des plus r\u00e9put\u00e9e d\u2019Europe. Avec ses 35 h\u00f4tels de luxe [&hellip;]\" \/>\n<meta property=\"og:url\" content=\"https:\/\/luxury-rental-mc.com\/fr\/location-voiture-luxe\/autres-villes\/location-lech-zurs\/\" \/>\n<meta property=\"og:site_name\" content=\"Luxury Car Rentals | Monaco, Nice, Cannes, Saint-Tropez\" \/>\n<meta property=\"article:modified_time\" content=\"2018-12-13T22:36:49+00:00\" \/>\n<meta name=\"twitter:label1\" content=\"Dur\u00e9e de lecture estim\u00e9e\" \/>\n\t<meta name=\"twitter:data1\" content=\"4 minutes\" \/>\n<script type=\"application\/ld+json\" class=\"yoast-schema-graph\">{\"@context\":\"https:\/\/schema.org\",\"@graph\":[{\"@type\":\"WebPage\",\"@id\":\"https:\/\/luxury-rental-mc.com\/fr\/location-voiture-luxe\/autres-villes\/location-lech-zurs\/\",\"url\":\"https:\/\/luxury-rental-mc.com\/fr\/location-voiture-luxe\/autres-villes\/location-lech-zurs\/\",\"name\":\"Location de voiture de luxe \u00e0 Lech-Zurs - Luxury Car Rentals | Monaco, Nice, Cannes, Saint-Tropez\",\"isPartOf\":{\"@id\":\"https:\/\/luxury-rental-mc.com\/#website\"},\"datePublished\":\"2018-12-13T17:49:03+00:00\",\"dateModified\":\"2018-12-13T22:36:49+00:00\",\"breadcrumb\":{\"@id\":\"https:\/\/luxury-rental-mc.com\/fr\/location-voiture-luxe\/autres-villes\/location-lech-zurs\/#breadcrumb\"},\"inLanguage\":\"fr-FR\",\"potentialAction\":[{\"@type\":\"ReadAction\",\"target\":[\"https:\/\/luxury-rental-mc.com\/fr\/location-voiture-luxe\/autres-villes\/location-lech-zurs\/\"]}]},{\"@type\":\"BreadcrumbList\",\"@id\":\"https:\/\/luxury-rental-mc.com\/fr\/location-voiture-luxe\/autres-villes\/location-lech-zurs\/#breadcrumb\",\"itemListElement\":[{\"@type\":\"ListItem\",\"position\":1,\"name\":\"Accueil\",\"item\":\"https:\/\/luxury-rental-mc.com\/fr\/\"},{\"@type\":\"ListItem\",\"position\":2,\"name\":\"Location\",\"item\":\"https:\/\/luxury-rental-mc.com\/fr\/location-voiture-luxe\/\"},{\"@type\":\"ListItem\",\"position\":3,\"name\":\"Autres Villes\",\"item\":\"https:\/\/luxury-rental-mc.com\/fr\/location-voiture-luxe\/autres-villes\/\"},{\"@type\":\"ListItem\",\"position\":4,\"name\":\"Location Lech-Zurs\"}]},{\"@type\":\"WebSite\",\"@id\":\"https:\/\/luxury-rental-mc.com\/#website\",\"url\":\"https:\/\/luxury-rental-mc.com\/\",\"name\":\"Luxury Car Rentals | Monaco, Nice, Cannes, Saint-Tropez\",\"description\":\"Rent the finest brands : Porsche, Ferrari, Lamborghini, Mercedes...\",\"potentialAction\":[{\"@type\":\"SearchAction\",\"target\":{\"@type\":\"EntryPoint\",\"urlTemplate\":\"https:\/\/luxury-rental-mc.com\/?s={search_term_string}\"},\"query-input\":\"required name=search_term_string\"}],\"inLanguage\":\"fr-FR\"}]}<\/script>\n<!-- \/ Yoast SEO plugin. -->","yoast_head_json":{"title":"Location de voiture de luxe \u00e0 Lech-Zurs - Luxury Car Rentals | Monaco, Nice, Cannes, Saint-Tropez","robots":{"index":"index","follow":"follow","max-snippet":"max-snippet:-1","max-image-preview":"max-image-preview:large","max-video-preview":"max-video-preview:-1"},"canonical":"https:\/\/luxury-rental-mc.com\/fr\/location-voiture-luxe\/autres-villes\/location-lech-zurs\/","og_locale":"fr_FR","og_type":"article","og_title":"Location de voiture de luxe \u00e0 Lech-Zurs - Luxury Car Rentals | Monaco, Nice, Cannes, Saint-Tropez","og_description":"[vc_row][\/vc_row][vc_row][vc_column][vc_column_text] Location de voiture de luxe \u00e0 Lech-Zurs am Arlberg Lech Zurs am Arlberg est un village d\u2019Autriche, cette station de ski fait partie du cercle ferm\u00e9 des \u00ab\u00a0Best of the Apls\u00a0\u00bb. Perch\u00e9e \u00e0 plus de 1400 m\u00e8tres d\u2019altitude, cette station de ski est l\u2019une des plus r\u00e9put\u00e9e d\u2019Europe. Avec ses 35 h\u00f4tels de luxe [&hellip;]","og_url":"https:\/\/luxury-rental-mc.com\/fr\/location-voiture-luxe\/autres-villes\/location-lech-zurs\/","og_site_name":"Luxury Car Rentals | Monaco, Nice, Cannes, Saint-Tropez","article_modified_time":"2018-12-13T22:36:49+00:00","twitter_misc":{"Dur\u00e9e de lecture estim\u00e9e":"4 minutes"},"schema":{"@context":"https:\/\/schema.org","@graph":[{"@type":"WebPage","@id":"https:\/\/luxury-rental-mc.com\/fr\/location-voiture-luxe\/autres-villes\/location-lech-zurs\/","url":"https:\/\/luxury-rental-mc.com\/fr\/location-voiture-luxe\/autres-villes\/location-lech-zurs\/","name":"Location de voiture de luxe \u00e0 Lech-Zurs - Luxury Car Rentals | Monaco, Nice, Cannes, Saint-Tropez","isPartOf":{"@id":"https:\/\/luxury-rental-mc.com\/#website"},"datePublished":"2018-12-13T17:49:03+00:00","dateModified":"2018-12-13T22:36:49+00:00","breadcrumb":{"@id":"https:\/\/luxury-rental-mc.com\/fr\/location-voiture-luxe\/autres-villes\/location-lech-zurs\/#breadcrumb"},"inLanguage":"fr-FR","potentialAction":[{"@type":"ReadAction","target":["https:\/\/luxury-rental-mc.com\/fr\/location-voiture-luxe\/autres-villes\/location-lech-zurs\/"]}]},{"@type":"BreadcrumbList","@id":"https:\/\/luxury-rental-mc.com\/fr\/location-voiture-luxe\/autres-villes\/location-lech-zurs\/#breadcrumb","itemListElement":[{"@type":"ListItem","position":1,"name":"Accueil","item":"https:\/\/luxury-rental-mc.com\/fr\/"},{"@type":"ListItem","position":2,"name":"Location","item":"https:\/\/luxury-rental-mc.com\/fr\/location-voiture-luxe\/"},{"@type":"ListItem","position":3,"name":"Autres Villes","item":"https:\/\/luxury-rental-mc.com\/fr\/location-voiture-luxe\/autres-villes\/"},{"@type":"ListItem","position":4,"name":"Location Lech-Zurs"}]},{"@type":"WebSite","@id":"https:\/\/luxury-rental-mc.com\/#website","url":"https:\/\/luxury-rental-mc.com\/","name":"Luxury Car Rentals | Monaco, Nice, Cannes, Saint-Tropez","description":"Rent the finest brands : Porsche, Ferrari, Lamborghini, Mercedes...","potentialAction":[{"@type":"SearchAction","target":{"@type":"EntryPoint","urlTemplate":"https:\/\/luxury-rental-mc.com\/?s={search_term_string}"},"query-input":"required name=search_term_string"}],"inLanguage":"fr-FR"}]}},"_links":{"self":[{"href":"https:\/\/luxury-rental-mc.com\/fr\/wp-json\/wp\/v2\/pages\/11479\/"}],"collection":[{"href":"https:\/\/luxury-rental-mc.com\/fr\/wp-json\/wp\/v2\/pages\/"}],"about":[{"href":"https:\/\/luxury-rental-mc.com\/fr\/wp-json\/wp\/v2\/types\/page\/"}],"author":[{"embeddable":true,"href":"https:\/\/luxury-rental-mc.com\/fr\/wp-json\/wp\/v2\/users\/1\/"}],"replies":[{"embeddable":true,"href":"https:\/\/luxury-rental-mc.com\/fr\/wp-json\/wp\/v2\/comments\/?post=11479"}],"version-history":[{"count":4,"href":"https:\/\/luxury-rental-mc.com\/fr\/wp-json\/wp\/v2\/pages\/11479\/revisions\/"}],"predecessor-version":[{"id":11488,"href":"https:\/\/luxury-rental-mc.com\/fr\/wp-json\/wp\/v2\/pages\/11479\/revisions\/11488\/"}],"up":[{"embeddable":true,"href":"https:\/\/luxury-rental-mc.com\/fr\/wp-json\/wp\/v2\/pages\/9503\/"}],"wp:attachment":[{"href":"https:\/\/luxury-rental-mc.com\/fr\/wp-json\/wp\/v2\/media\/?parent=11479"}],"curies":[{"name":"wp","href":"https:\/\/api.w.org\/{rel}","templated":true}]}}