{"id":117148,"date":"2022-04-26T15:45:20","date_gmt":"2022-04-26T13:45:20","guid":{"rendered":"https:\/\/luxury-rental-mc.com\/?page_id=117148"},"modified":"2023-05-28T13:15:48","modified_gmt":"2023-05-28T11:15:48","slug":"location-ferrari","status":"publish","type":"page","link":"https:\/\/luxury-rental-mc.com\/fr\/location-ferrari\/","title":{"rendered":"Votre partenaire location Ferrari"},"content":{"rendered":"[vc_row][vc_column][vc_column_text css=\u00a0\u00bb.vc_custom_1654598236120{margin-bottom: 0px !important;}\u00a0\u00bb]\n<h1 style=\"text-align: center;\">Votre partenaire pour louer une Ferrari<\/h1>\n<p style=\"text-align: justify;\">Si vous <strong>recherchez \u00e0 louer<\/strong> une voiture sportive de luxe embl\u00e9matique, c&rsquo;est sans aucune h\u00e9sitation que nous vous recommandons de vous <strong>placer au volant d&rsquo;une Ferrari<\/strong>. Quel que soit le mod\u00e8le, l&rsquo;ann\u00e9e ou le coloris, conduire un bolide \u00e0 l&rsquo;effigie du cheval cabr\u00e9 est toujours synonyme d&rsquo;\u00e9motions et de sensations extraordinaires.<\/p>\n<p style=\"text-align: justify;\">Notre agence de<strong> location de Ferrai <\/strong>et de voiture de prestige Mc Luxury Rental vous permet de piloter la voiture de vos r\u00eaves en profitant du confort et de la puissance de conduite d&rsquo;une <strong>458 Spider<\/strong>, d&rsquo;une California ou encore d&rsquo;une <strong>Ferrari Portofino<\/strong> parmi de nombreux autres mod\u00e8les de la marque italienne.<\/p>\n<h2 style=\"text-align: center;\">Choisissez et r\u00e9servez d\u00e8s maintenant votre Ferrari<\/h2>\n[\/vc_column_text][\/vc_column][\/vc_row][vc_row][vc_column][mk_button dimension=\u00a0\u00bbflat\u00a0\u00bb size=\u00a0\u00bblarge\u00a0\u00bb url=\u00a0\u00bbtel:+337 628 411 05&Prime; align=\u00a0\u00bbcenter\u00a0\u00bb bg_color=\u00a0\u00bb#0a0a0a\u00a0\u00bb btn_hover_bg=\u00a0\u00bb#cc3e28&Prime; btn_hover_txt_color=\u00a0\u00bb#f7f7f7&Prime;]+337 628 411 05 [\/mk_button][\/vc_column][\/vc_row][vc_row][vc_column width=\u00a0\u00bb1\/4&Prime;][mk_image src=\u00a0\u00bbhttps:\/\/luxury-rental-mc.com\/wp-content\/uploads\/2016\/02\/image1_1.jpg\u00a0\u00bb image_size=\u00a0\u00bbImage Size 400*275&Prime; svg=\u00a0\u00bbtrue\u00a0\u00bb frame_style=\u00a0\u00bbshadow_only\u00a0\u00bb link=\u00a0\u00bbhttps:\/\/luxury-rental-mc.com\/fr\/location-voiture\/ferrari-458-coupe\u00a0\u00bb][vc_column_text css=\u00a0\u00bb.vc_custom_1654598242585{margin-bottom: 0px !important;}\u00a0\u00bb]\n<h3><span style=\"font-size: 12pt;\"><strong>Ferrari 458\u00a0:<\/strong> A partir de : 699 \u20ac*<\/span><\/h3>\n[\/vc_column_text][\/vc_column][vc_column width=\u00a0\u00bb1\/4&Prime;][mk_image src=\u00a0\u00bbhttps:\/\/luxury-rental-mc.com\/wp-content\/uploads\/2016\/01\/IMG_0183.jpg\u00a0\u00bb image_size=\u00a0\u00bbImage Size 400*275&Prime; frame_style=\u00a0\u00bbshadow_only\u00a0\u00bb link=\u00a0\u00bbhttps:\/\/luxury-rental-mc.com\/fr\/location-voiture\/ferrari-458-spider\u00a0\u00bb margin_bottom=\u00a0\u00bb5&Prime;][vc_column_text css=\u00a0\u00bb.vc_custom_1654598250033{margin-bottom: 0px !important;}\u00a0\u00bb]\n<h3><span style=\"font-size: 12pt;\"><strong>Ferrari 458 Spider\u00a0:<\/strong> A partir de : 699 \u20ac*<\/span><\/h3>\n[\/vc_column_text][\/vc_column][vc_column width=\u00a0\u00bb1\/4&Prime;][mk_image src=\u00a0\u00bbhttps:\/\/luxury-rental-mc.com\/wp-content\/uploads\/2016\/02\/image1_2.jpg\u00a0\u00bb image_size=\u00a0\u00bbImage Size 400*275&Prime; svg=\u00a0\u00bbtrue\u00a0\u00bb frame_style=\u00a0\u00bbshadow_only\u00a0\u00bb link=\u00a0\u00bbhttps:\/\/luxury-rental-mc.com\/fr\/location-voiture\/ferrari-488-gtb\u00a0\u00bb][vc_column_text css=\u00a0\u00bb.vc_custom_1654598257000{margin-bottom: 0px !important;}\u00a0\u00bb]\n<h3><span style=\"font-size: 12pt;\"><strong>Ferrari 488 GTB :<\/strong> A partir de : 799 \u20ac*<\/span><\/h3>\n[\/vc_column_text][\/vc_column][vc_column width=\u00a0\u00bb1\/4&Prime;][mk_image src=\u00a0\u00bbhttps:\/\/luxury-rental-mc.com\/wp-content\/uploads\/2019\/02\/1c7d0ae0-413c-410a-b258-69e641e5c9db.jpg\u00a0\u00bb image_size=\u00a0\u00bbImage Size 400*275&Prime; svg=\u00a0\u00bbtrue\u00a0\u00bb frame_style=\u00a0\u00bbshadow_only\u00a0\u00bb link=\u00a0\u00bbhttps:\/\/luxury-rental-mc.com\/fr\/location-voiture\/ferrari-488-gtb-spider\u00a0\u00bb][vc_column_text css=\u00a0\u00bb.vc_custom_1654598263433{margin-bottom: 0px !important;}\u00a0\u00bb]\n<h3><span style=\"font-size: 12pt;\"><strong>Ferrari 488 GTB Spyder\u00a0:<\/strong> A partir de : 799 \u20ac*<\/span><\/h3>\n[\/vc_column_text][\/vc_column][\/vc_row][vc_row][vc_column width=\u00a0\u00bb1\/4&Prime;][mk_image src=\u00a0\u00bbhttps:\/\/luxury-rental-mc.com\/wp-content\/uploads\/2016\/02\/image3_3.jpg\u00a0\u00bb image_size=\u00a0\u00bbImage Size 400*275&Prime; svg=\u00a0\u00bbtrue\u00a0\u00bb frame_style=\u00a0\u00bbshadow_only\u00a0\u00bb link=\u00a0\u00bbhttps:\/\/luxury-rental-mc.com\/fr\/location-voiture\/ferrari-california\u00a0\u00bb][vc_column_text css=\u00a0\u00bb.vc_custom_1654598269817{margin-bottom: 0px !important;}\u00a0\u00bb]\n<h3><span style=\"font-size: 12pt;\"><strong>Ferrari California\u00a0:<\/strong> A partir de : 699 \u20ac*<\/span><\/h3>\n[\/vc_column_text][\/vc_column][vc_column width=\u00a0\u00bb1\/4&Prime;][mk_image src=\u00a0\u00bbhttps:\/\/luxury-rental-mc.com\/wp-content\/uploads\/2016\/07\/image1-1.jpg\u00a0\u00bb image_size=\u00a0\u00bbImage Size 400*275&Prime; svg=\u00a0\u00bbtrue\u00a0\u00bb frame_style=\u00a0\u00bbshadow_only\u00a0\u00bb link=\u00a0\u00bbhttps:\/\/luxury-rental-mc.com\/fr\/location-voiture\/ferrari-california-t\u00a0\u00bb][vc_column_text css=\u00a0\u00bb.vc_custom_1654598275666{margin-bottom: 0px !important;}\u00a0\u00bb]\n<h3><span style=\"font-size: 12pt;\"><strong>Ferrari California T\u00a0:<\/strong> A partir de : 799 \u20ac*<\/span><\/h3>\n[\/vc_column_text][\/vc_column][vc_column width=\u00a0\u00bb1\/4&Prime;][mk_image src=\u00a0\u00bbhttps:\/\/luxury-rental-mc.com\/wp-content\/uploads\/2016\/07\/image2_1-1.jpg\u00a0\u00bb image_size=\u00a0\u00bbImage Size 400*275&Prime; svg=\u00a0\u00bbtrue\u00a0\u00bb frame_style=\u00a0\u00bbshadow_only\u00a0\u00bb link=\u00a0\u00bbhttps:\/\/luxury-rental-mc.com\/fr\/location-voiture\/ferrari-f12&Prime;][vc_column_text css=\u00a0\u00bb.vc_custom_1654598281231{margin-bottom: 0px !important;}\u00a0\u00bb]\n<h3><span style=\"font-size: 12pt;\"><strong>Ferrari F12\u00a0:<\/strong> A partir de : 799 \u20ac*<\/span><\/h3>\n[\/vc_column_text][\/vc_column][vc_column width=\u00a0\u00bb1\/4&Prime;][mk_image src=\u00a0\u00bbhttps:\/\/luxury-rental-mc.com\/wp-content\/uploads\/2019\/05\/photo-2019-04-18-18-10-21-2.jpg\u00a0\u00bb image_size=\u00a0\u00bbImage Size 400*275&Prime; svg=\u00a0\u00bbtrue\u00a0\u00bb frame_style=\u00a0\u00bbshadow_only\u00a0\u00bb link=\u00a0\u00bbhttps:\/\/luxury-rental-mc.com\/fr\/location-voiture\/location-ferrari-portofino\u00a0\u00bb][vc_column_text css=\u00a0\u00bb.vc_custom_1654598287300{margin-bottom: 0px !important;}\u00a0\u00bb]\n<h3><span style=\"font-size: 12pt;\"><strong>Ferrari Portofino\u00a0:<\/strong> A partir de : 799 \u20ac*<\/span><\/h3>\n[\/vc_column_text][\/vc_column][\/vc_row][vc_row][vc_column][vc_column_text css=\u00a0\u00bb.vc_custom_1654598107786{margin-bottom: 0px !important;}\u00a0\u00bb]\n<h2 style=\"text-align: justify;\">Ferrari, retour sur la l\u00e9gende des automobiles de luxe !<\/h2>\n<p style=\"text-align: justify;\">Depuis sa premi\u00e8re cr\u00e9ation, la <strong>c\u00e9l\u00e9brissime 815 Spider<\/strong> dans les ann\u00e9es 1940, la firme italienne, sous l&rsquo;impulsion du g\u00e9nie d&rsquo;<strong>Enzo Ferrari<\/strong>, n&rsquo;a eu de cesse que d&rsquo;imaginer des bolides tous plus performants et luxueux les uns que les autres. Les r\u00e9ussites et les nombreuses victoires en course, notamment gr\u00e2ce au puissant <strong>moteur 12 cylindres<\/strong> de la 125 S qui permit \u00e0 Enzo Ferrari de remporter plus de <strong>5000 courses<\/strong> autour du globe, ont grandement particip\u00e9 \u00e0 forger la <strong>r\u00e9putation et la l\u00e9gende<\/strong> de ces belles m\u00e9caniques.<\/p>\n<p style=\"text-align: justify;\">Apr\u00e8s les sacres de la 125 S, la pr\u00e9cision horlog\u00e8re des <strong>moteurs Ferrari<\/strong> s&rsquo;est exprim\u00e9e au travers de nombreux mod\u00e8les qui demeurent encore aujourd&rsquo;hui mythiques \u00e0 l&rsquo;image de la <strong>Ferrari Dino<\/strong>, de la <strong>Testarossa<\/strong>, la 348 Spider ou encore la <strong>550 Maranello<\/strong>.<\/p>\n<p style=\"text-align: justify;\">Que ce soit dans le monde de la comp\u00e9tition ou dans celui de l&rsquo;automobile premium, Ferrari est une marque incontournable qui doit son prestige \u00e0 l&rsquo;excellence ses <strong>motorisations<\/strong> autant qu&rsquo;\u00e0 la finesse et l&rsquo;\u00e9l\u00e9gance du design de ses diff\u00e9rentes versions. De nos jours, les lignes et les <strong>performances de la California T<\/strong>, de la F12 ou de la <strong>488 GTB<\/strong>, parmi tant d&rsquo;autres, contribuent \u00e0 perp\u00e9trer le mythe et l&rsquo;excellence de cette <strong>marque de voiture de luxe<\/strong>.<\/p>\n<h2 style=\"text-align: justify;\">O\u00f9 louer une Ferrari pour faire de vos r\u00eaves une r\u00e9alit\u00e9 ?<\/h2>\n<p style=\"text-align: justify;\">Quoi de plus plaisant que de vous mettre au volant d&rsquo;une voiture d&rsquo;exception, luxueuse et emplie d&rsquo;une force tranquille, le temps d&rsquo;une journ\u00e9e, d&rsquo;un <strong>week-end<\/strong> ou pour une dur\u00e9e plus longue le temps de vos <strong>vacances sur la C\u00f4te d&rsquo;Azur<\/strong> par exemple ? Ferrari 458 et 458 Spider, 488 GTB, <strong>California<\/strong>, F12 ou Ferrari Portofino, tous nos mod\u00e8les sont disponibles \u00e0 la location courte, moyenne ou longue-dur\u00e9e au sein de notre agence de <strong>location de voitures de prestige \u00e0 Monaco<\/strong>.<\/p>\n<p style=\"text-align: justify;\">Une simple prise de contact ou une visite dans nos <strong>locaux<\/strong> et vous voil\u00e0 assis dans l&rsquo;int\u00e9rieur voluptueux de la <strong>Ferrari<\/strong> de vos r\u00eaves pour vivre une exp\u00e9rience hors du commun sur route ou sur piste. Toutes les occasions sont bonnes pour vous offrir ce plaisir ind\u00e9finissable de conduire un de nos v\u00e9hicules de prestige : un road trip sur la c\u00f4te, une vir\u00e9e entre amis le temps d&rsquo;un <strong>week-end<\/strong>, une voiture d&rsquo;exception pour un mariage&#8230;<\/p>\n<p style=\"text-align: justify;\"><strong>Mc Luxury Rental<\/strong> donne vie \u00e0 ce r\u00eave en vous offrant la possibilit\u00e9 de louer votre Ferrari de la plus simple des mani\u00e8res sur <strong>Nice<\/strong> et <strong>Monaco<\/strong>, mais aussi partout ailleurs selon votre souhait gr\u00e2ce \u00e0 notre service de mise \u00e0 disposition sur mesure. <strong>Louez une Ferrari<\/strong> vous est d\u00e9sormais accessible gr\u00e2ce \u00e0 notre service de <strong>location de voiture de luxe<\/strong>. Le raffinement de ses voitures de prestiges se trouve \u00e0 port\u00e9e de conduite gr\u00e2ce \u00e0 nos <strong>voitures Ferrari<\/strong> disponibles \u00e0 la location.<\/p>\n<h2 style=\"text-align: justify;\">La location de Ferrari avec Mc Luxury Rental, comment \u00e7a marche ?<\/h2>\n<p style=\"text-align: justify;\">Vous aimeriez pouvoir profiter de ce cadeau inestimable que repr\u00e9sente la conduite d&rsquo;une Ferrari tout en vous disant que cela n&rsquo;est pas \u00e0 votre port\u00e9e ? Il n&rsquo;y a pourtant aucune contrainte \u00e0 se glisser sur le si\u00e8ge conducteur d&rsquo;un <strong>Ferrari Portofino<\/strong> ou d&rsquo;une <strong>488 GTB Spyder cabriolet<\/strong>. Notre <strong>service de location de voitures<\/strong> vous apporte toute la garantie et la qualit\u00e9 d&rsquo;une assurance haut de gamme pour une prestation totalement s\u00e9curis\u00e9e. Seule limite \u00e0 la location d&rsquo;une Ferrari : celle de faire le premier pas et de poss\u00e9der le permis de conduire, c&rsquo;est dire combien il est ais\u00e9 de parcourir les routes en toute <strong>d\u00e9contraction au volant<\/strong> de votre voiture de sport, arborant fi\u00e8rement l&rsquo;<strong>embl\u00e8me de la Scuderia Ferrari<\/strong> : le cheval cabr\u00e9 noir sur fond jaune.<\/p>\n<p style=\"text-align: justify;\">Vous souhaitez pouvoir profiter de votre <strong>location de Ferrari<\/strong> d\u00e8s votre descente d&rsquo;avion ? Vous d\u00e9sirez que votre <strong>Ferrari de location<\/strong> vous attende aux pieds de votre h\u00f4tel ou directement sur votre <strong>lieu de vacances sur la C\u00f4te d&rsquo;Azur<\/strong> ? Les \u00e9quipes de <strong>Mc Luxury Rental<\/strong> vous proposent un service de mise \u00e0 disposition sur mesure de nos voitures et assurent une disponibilit\u00e9 tous les jours de la semaine, toute l&rsquo;ann\u00e9e et \u00e0 n&rsquo;importe quelle heure du jour ou de la nuit pour r\u00e9pondre \u00e0 chacune de vos attentes.<\/p>\n[\/vc_column_text][\/vc_column][\/vc_row]\n","protected":false},"excerpt":{"rendered":"<p>[vc_row][vc_column][vc_column_text css=\u00a0\u00bb.vc_custom_1654598236120{margin-bottom: 0px !important;}\u00a0\u00bb] Votre partenaire pour louer une Ferrari Si vous recherchez \u00e0 louer une voiture sportive de luxe embl\u00e9matique, c&rsquo;est sans aucune h\u00e9sitation que nous vous recommandons de vous placer au volant d&rsquo;une Ferrari. Quel que soit le mod\u00e8le, l&rsquo;ann\u00e9e ou le coloris, conduire un bolide \u00e0 l&rsquo;effigie du cheval cabr\u00e9 est toujours [&hellip;]<\/p>\n","protected":false},"author":1,"featured_media":0,"parent":0,"menu_order":0,"comment_status":"closed","ping_status":"closed","template":"","meta":{"_monsterinsights_skip_tracking":false,"_monsterinsights_sitenote_active":false,"_monsterinsights_sitenote_note":"","_monsterinsights_sitenote_category":0},"yoast_head":"<!-- This site is optimized with the Yoast SEO plugin v20.3 - https:\/\/yoast.com\/wordpress\/plugins\/seo\/ -->\n<title>Location de Ferrari - Luxury Car Rental<\/title>\n<meta name=\"description\" content=\"Si vous recherchez \u00e0 louer une voiture sportive de luxe embl\u00e9matique, nous vous recommandons de vous placer au volant d&#039;une Ferrari !\" \/>\n<meta name=\"robots\" content=\"index, follow, max-snippet:-1, max-image-preview:large, max-video-preview:-1\" \/>\n<link rel=\"canonical\" href=\"https:\/\/luxury-rental-mc.com\/fr\/location-ferrari\/\" \/>\n<meta property=\"og:locale\" content=\"fr_FR\" \/>\n<meta property=\"og:type\" content=\"article\" \/>\n<meta property=\"og:title\" content=\"Location de Ferrari - Luxury Car Rental\" \/>\n<meta property=\"og:description\" content=\"Si vous recherchez \u00e0 louer une voiture sportive de luxe embl\u00e9matique, nous vous recommandons de vous placer au volant d&#039;une Ferrari !\" \/>\n<meta property=\"og:url\" content=\"https:\/\/luxury-rental-mc.com\/fr\/location-ferrari\/\" \/>\n<meta property=\"og:site_name\" content=\"Luxury Car Rentals | Monaco, Nice, Cannes, Saint-Tropez\" \/>\n<meta property=\"article:modified_time\" content=\"2023-05-28T11:15:48+00:00\" \/>\n<meta name=\"twitter:label1\" content=\"Dur\u00e9e de lecture estim\u00e9e\" \/>\n\t<meta name=\"twitter:data1\" content=\"5 minutes\" \/>\n<script type=\"application\/ld+json\" class=\"yoast-schema-graph\">{\"@context\":\"https:\/\/schema.org\",\"@graph\":[{\"@type\":\"WebPage\",\"@id\":\"https:\/\/luxury-rental-mc.com\/fr\/location-ferrari\/\",\"url\":\"https:\/\/luxury-rental-mc.com\/fr\/location-ferrari\/\",\"name\":\"Location de Ferrari - Luxury Car Rental\",\"isPartOf\":{\"@id\":\"https:\/\/luxury-rental-mc.com\/#website\"},\"datePublished\":\"2022-04-26T13:45:20+00:00\",\"dateModified\":\"2023-05-28T11:15:48+00:00\",\"description\":\"Si vous recherchez \u00e0 louer une voiture sportive de luxe embl\u00e9matique, nous vous recommandons de vous placer au volant d'une Ferrari !\",\"breadcrumb\":{\"@id\":\"https:\/\/luxury-rental-mc.com\/fr\/location-ferrari\/#breadcrumb\"},\"inLanguage\":\"fr-FR\",\"potentialAction\":[{\"@type\":\"ReadAction\",\"target\":[\"https:\/\/luxury-rental-mc.com\/fr\/location-ferrari\/\"]}]},{\"@type\":\"BreadcrumbList\",\"@id\":\"https:\/\/luxury-rental-mc.com\/fr\/location-ferrari\/#breadcrumb\",\"itemListElement\":[{\"@type\":\"ListItem\",\"position\":1,\"name\":\"Accueil\",\"item\":\"https:\/\/luxury-rental-mc.com\/fr\/\"},{\"@type\":\"ListItem\",\"position\":2,\"name\":\"Votre partenaire location Ferrari\"}]},{\"@type\":\"WebSite\",\"@id\":\"https:\/\/luxury-rental-mc.com\/#website\",\"url\":\"https:\/\/luxury-rental-mc.com\/\",\"name\":\"Luxury Car Rentals | Monaco, Nice, Cannes, Saint-Tropez\",\"description\":\"Rent the finest brands : Porsche, Ferrari, Lamborghini, Mercedes...\",\"potentialAction\":[{\"@type\":\"SearchAction\",\"target\":{\"@type\":\"EntryPoint\",\"urlTemplate\":\"https:\/\/luxury-rental-mc.com\/?s={search_term_string}\"},\"query-input\":\"required name=search_term_string\"}],\"inLanguage\":\"fr-FR\"}]}<\/script>\n<!-- \/ Yoast SEO plugin. -->","yoast_head_json":{"title":"Location de Ferrari - Luxury Car Rental","description":"Si vous recherchez \u00e0 louer une voiture sportive de luxe embl\u00e9matique, nous vous recommandons de vous placer au volant d'une Ferrari !","robots":{"index":"index","follow":"follow","max-snippet":"max-snippet:-1","max-image-preview":"max-image-preview:large","max-video-preview":"max-video-preview:-1"},"canonical":"https:\/\/luxury-rental-mc.com\/fr\/location-ferrari\/","og_locale":"fr_FR","og_type":"article","og_title":"Location de Ferrari - Luxury Car Rental","og_description":"Si vous recherchez \u00e0 louer une voiture sportive de luxe embl\u00e9matique, nous vous recommandons de vous placer au volant d'une Ferrari !","og_url":"https:\/\/luxury-rental-mc.com\/fr\/location-ferrari\/","og_site_name":"Luxury Car Rentals | Monaco, Nice, Cannes, Saint-Tropez","article_modified_time":"2023-05-28T11:15:48+00:00","twitter_misc":{"Dur\u00e9e de lecture estim\u00e9e":"5 minutes"},"schema":{"@context":"https:\/\/schema.org","@graph":[{"@type":"WebPage","@id":"https:\/\/luxury-rental-mc.com\/fr\/location-ferrari\/","url":"https:\/\/luxury-rental-mc.com\/fr\/location-ferrari\/","name":"Location de Ferrari - Luxury Car Rental","isPartOf":{"@id":"https:\/\/luxury-rental-mc.com\/#website"},"datePublished":"2022-04-26T13:45:20+00:00","dateModified":"2023-05-28T11:15:48+00:00","description":"Si vous recherchez \u00e0 louer une voiture sportive de luxe embl\u00e9matique, nous vous recommandons de vous placer au volant d'une Ferrari !","breadcrumb":{"@id":"https:\/\/luxury-rental-mc.com\/fr\/location-ferrari\/#breadcrumb"},"inLanguage":"fr-FR","potentialAction":[{"@type":"ReadAction","target":["https:\/\/luxury-rental-mc.com\/fr\/location-ferrari\/"]}]},{"@type":"BreadcrumbList","@id":"https:\/\/luxury-rental-mc.com\/fr\/location-ferrari\/#breadcrumb","itemListElement":[{"@type":"ListItem","position":1,"name":"Accueil","item":"https:\/\/luxury-rental-mc.com\/fr\/"},{"@type":"ListItem","position":2,"name":"Votre partenaire location Ferrari"}]},{"@type":"WebSite","@id":"https:\/\/luxury-rental-mc.com\/#website","url":"https:\/\/luxury-rental-mc.com\/","name":"Luxury Car Rentals | Monaco, Nice, Cannes, Saint-Tropez","description":"Rent the finest brands : Porsche, Ferrari, Lamborghini, Mercedes...","potentialAction":[{"@type":"SearchAction","target":{"@type":"EntryPoint","urlTemplate":"https:\/\/luxury-rental-mc.com\/?s={search_term_string}"},"query-input":"required name=search_term_string"}],"inLanguage":"fr-FR"}]}},"_links":{"self":[{"href":"https:\/\/luxury-rental-mc.com\/fr\/wp-json\/wp\/v2\/pages\/117148\/"}],"collection":[{"href":"https:\/\/luxury-rental-mc.com\/fr\/wp-json\/wp\/v2\/pages\/"}],"about":[{"href":"https:\/\/luxury-rental-mc.com\/fr\/wp-json\/wp\/v2\/types\/page\/"}],"author":[{"embeddable":true,"href":"https:\/\/luxury-rental-mc.com\/fr\/wp-json\/wp\/v2\/users\/1\/"}],"replies":[{"embeddable":true,"href":"https:\/\/luxury-rental-mc.com\/fr\/wp-json\/wp\/v2\/comments\/?post=117148"}],"version-history":[{"count":17,"href":"https:\/\/luxury-rental-mc.com\/fr\/wp-json\/wp\/v2\/pages\/117148\/revisions\/"}],"predecessor-version":[{"id":117150,"href":"https:\/\/luxury-rental-mc.com\/fr\/wp-json\/wp\/v2\/pages\/117148\/revisions\/117150\/"}],"wp:attachment":[{"href":"https:\/\/luxury-rental-mc.com\/fr\/wp-json\/wp\/v2\/media\/?parent=117148"}],"curies":[{"name":"wp","href":"https:\/\/api.w.org\/{rel}","templated":true}]}}