{"id":117212,"date":"2022-07-17T13:24:22","date_gmt":"2022-07-17T11:24:22","guid":{"rendered":"https:\/\/luxury-rental-mc.com\/?page_id=117212"},"modified":"2022-07-17T13:32:07","modified_gmt":"2022-07-17T11:32:07","slug":"olinid-aller-simple","status":"publish","type":"page","link":"https:\/\/luxury-rental-mc.com\/fr\/olinid-aller-simple\/","title":{"rendered":"Olinid : Aller Simple"},"content":{"rendered":"[vc_row][vc_column][vc_column_text css=\u00a0\u00bb.vc_custom_1658057318801{margin-bottom: 0px !important;}\u00a0\u00bb]\n<h1 style=\"text-align: center;\">Un voyage en Aller Simple avec OLINID<\/h1>\n<p style=\"text-align: center;\">Nos agences OLINID en France et en Europe proposent un service de<strong> location de voiture de luxe<\/strong> en aller simple. Un grand nombre d\u2019agences aujourd\u2019hui ne laisse pas la possibilit\u00e9 aux clients de partir d\u2019un <strong>point A pour aller vers un point B<\/strong>, ils sont donc oblig\u00e9s de retourner dans l\u2019agence de d\u00e9part pour restituer le v\u00e9hicule \u00e0 la fin de leur s\u00e9jour. Ce sont des kilom\u00e8tres \u00e0 prendre en compte dans le <strong>nombre de kilom\u00e8tres inclus<\/strong>. Ce syst\u00e8me est une contrainte pour les clients souhaitant <strong>voyager entre diff\u00e9rentes villes ou pays<\/strong>, ils ne sont pas libres dans leurs <strong>d\u00e9placements<\/strong>.<\/p>\n[\/vc_column_text][\/vc_column][\/vc_row][vc_row][vc_column][vc_video link=\u00a0\u00bbhttps:\/\/youtu.be\/_oJ-ShdXzys\u00a0\u00bb autoplay=\u00a0\u00bbtrue\u00a0\u00bb loop=\u00a0\u00bbtrue\u00a0\u00bb][\/vc_column][\/vc_row][vc_row][vc_column][vc_column_text css=\u00a0\u00bb.vc_custom_1658057523149{margin-bottom: 0px !important;}\u00a0\u00bb]\n<h2 style=\"text-align: justify;\">Prendre la route pour l\u2019Italie avec un billet sans retour<\/h2>\n<p style=\"text-align: justify;\">Vous <strong>souhaitez quitter Paris<\/strong>, capitale fran\u00e7aise tr\u00e8s dynamique vivant jour et nuit \u00e0 100 \u00e0 l\u2019heure, pour rejoindre le magnifique <strong>Lac de C\u00f4me en Italie<\/strong> au volant d\u2019une Lamborghini Urus. Ce lieu est une invitation au repos avec ses paysages verdoyants et son architecture datant de la Renaissance. Cette destination hupp\u00e9e accueille touristes cherchant \u00e0 se resourcer. Vous trouverez de <strong>grands h\u00f4tels de luxe<\/strong> pour y r\u00e9sider le temps de votre s\u00e9jour. Si vous d\u00e9sirez finir votre s\u00e9jour dans cette r\u00e9gion d\u2019Italie et rentrer \u00e0 Paris en avion en d\u00e9posant le v\u00e9hicule \u00e0 l\u2019<strong>a\u00e9roport de Lugano<\/strong> \u00e0 seulement 33 km de C\u00f4me, vous n\u2019avez qu\u2019\u00e0 nous en informer avant la fin de votre s\u00e9jour. Nos <strong>\u00e9quipes OLINID<\/strong> prendront leurs dispositions pour organiser la r\u00e9cup\u00e9ration de votre <strong>Lamborghini Urus de location<\/strong> directement \u00e0 votre arriv\u00e9e \u00e0 l\u2019a\u00e9roport de Lugano en Italie. Ce service vous \u00e9vite le stresse de la route et vous permet de <strong>profiter de vos vacances<\/strong> jusqu\u2019\u00e0 la derni\u00e8re minute.<\/p>\n<h2 style=\"text-align: justify;\">OLINID s\u2019adapte \u00e0 vos envies<\/h2>\n<p style=\"text-align: justify;\">Notre soci\u00e9t\u00e9 de location de <strong>voiture de luxe OLINID<\/strong>, vous laisse le choix de modifier votre lieu de r\u00e9cup\u00e9ration jusqu\u2019\u00e0 24h avant la fin de votre s\u00e9jour. Vous s\u00e9journez en <strong>Suisse \u00e0 Zurich<\/strong> au volant d\u2019un <a href=\"https:\/\/luxury-rental-mc.com\/fr\/location-voiture\/range-rover-sport\/\"><strong>Range Rover Sport de location<\/strong><\/a> et vous d\u00e9cidez de terminer vos vacances \u00e0 Munich en Allemagne, vous n\u2019aurez qu\u2019\u00e0 nous <strong>avertir 24h<\/strong> avant la fin de votre location, pour que nous puissions nous organiser et rejoindre votre nouvelle destination \u00e0 l\u2019heure. OLINID est une agence qui s\u2019adapte \u00e0 vous pour satisfaire vos demandes et vous permettre de passer le meilleur s\u00e9jour. Nous faisons en sorte que vos escapades routi\u00e8res soient agr\u00e9ables et facilitons vos d\u00e9placements \u00e0 travers la <strong>France et l\u2019Europe<\/strong>.<\/p>\n<h2 style=\"text-align: justify;\">Les services OLINID<\/h2>\n<p style=\"text-align: justify;\">Toutes nos <strong>agences<\/strong> fournissent un service similaire \u00e0 la hauteur de vos attentes. Nous sommes l\u00e0 pour rendre vos diff\u00e9rents <strong>d\u00e9placements en Europe<\/strong> plus agr\u00e9ables, vous ne serez pas d\u00e9pays\u00e9s d\u2019une agence \u00e0 l\u2019autre. Nos <strong>\u00e9quipes OLINID sont disponible 24\/7 et apportent un service premium<\/strong> \u00e0 nos clients. \u00c0 chaque retour de livraison, nous v\u00e9rifions l\u2019\u00e9tat de nos <strong>v\u00e9hicules de location haut de gamme<\/strong> permettant de r\u00e9gler tous probl\u00e8mes \u00e9ventuels avant la prochaine location. Nos voitures sont r\u00e9guli\u00e8rement v\u00e9rifi\u00e9es par des professionnels pour votre s\u00e9curit\u00e9. Nous portons \u00e9galement une grande importance \u00e0 la propret\u00e9 de nos<strong> voitures de luxe \u00e0 la location<\/strong>. Avant et apr\u00e8s chaque livraison, nous proc\u00e9dons au nettoyage complet, int\u00e9rieur comme ext\u00e9rieur des<strong> v\u00e9hicules<\/strong>. Nous conservons ainsi la qualit\u00e9 de nos voitures et fournissons des mod\u00e8les propres pour le bien-\u00eatre de nos clients.<\/p>\n<h2 style=\"text-align: justify;\">L\u2019application OLINID<\/h2>\n<p style=\"text-align: justify;\"><strong>OLINID<\/strong> a d\u00e9velopp\u00e9 son application, gr\u00e2ce \u00e0 cet outil, r\u00e9server un v\u00e9hicule sera plus facile pour vous. Notre <strong>application OLINID<\/strong> est disponible au t\u00e9l\u00e9chargement sur Android et Apple Store. Enregistrez-vous, d\u00e9posez votre permis de conduire et votre passeport, vous aurez ensuite acc\u00e8s directement \u00e0 l\u2019ensemble des voitures disponibles. Entrez les dates auxquelles vous souhaitez <strong>r\u00e9server un v\u00e9hicule de notre flotte de prestige<\/strong>, les <strong>voitures disponibles<\/strong> s\u2019afficheront, vous n\u2019aurez plus qu\u2019\u00e0 choisir la voiture qui vous convient.<\/p>\n<p style=\"text-align: justify;\">Avec OLINID, vous faites le choix de voyager librement !<\/p>\n[\/vc_column_text][\/vc_column][\/vc_row]\n","protected":false},"excerpt":{"rendered":"<p>[vc_row][vc_column][vc_column_text css=\u00a0\u00bb.vc_custom_1658057318801{margin-bottom: 0px !important;}\u00a0\u00bb] Un voyage en Aller Simple avec OLINID Nos agences OLINID en France et en Europe proposent un service de location de voiture de luxe en aller simple. Un grand nombre d\u2019agences aujourd\u2019hui ne laisse pas la possibilit\u00e9 aux clients de partir d\u2019un point A pour aller vers un point B, ils [&hellip;]<\/p>\n","protected":false},"author":1,"featured_media":0,"parent":0,"menu_order":0,"comment_status":"closed","ping_status":"closed","template":"","meta":{"_monsterinsights_skip_tracking":false,"_monsterinsights_sitenote_active":false,"_monsterinsights_sitenote_note":"","_monsterinsights_sitenote_category":0},"yoast_head":"<!-- This site is optimized with the Yoast SEO plugin v20.3 - https:\/\/yoast.com\/wordpress\/plugins\/seo\/ -->\n<title>Olinid : Aller Simple - Luxury Car Rentals | Monaco, Nice, Cannes, Saint-Tropez<\/title>\n<meta name=\"robots\" content=\"index, follow, max-snippet:-1, max-image-preview:large, max-video-preview:-1\" \/>\n<link rel=\"canonical\" href=\"https:\/\/luxury-rental-mc.com\/fr\/olinid-aller-simple\/\" \/>\n<meta property=\"og:locale\" content=\"fr_FR\" \/>\n<meta property=\"og:type\" content=\"article\" \/>\n<meta property=\"og:title\" content=\"Olinid : Aller Simple - Luxury Car Rentals | Monaco, Nice, Cannes, Saint-Tropez\" \/>\n<meta property=\"og:description\" content=\"[vc_row][vc_column][vc_column_text css=\u00a0\u00bb.vc_custom_1658057318801{margin-bottom: 0px !important;}\u00a0\u00bb] Un voyage en Aller Simple avec OLINID Nos agences OLINID en France et en Europe proposent un service de location de voiture de luxe en aller simple. Un grand nombre d\u2019agences aujourd\u2019hui ne laisse pas la possibilit\u00e9 aux clients de partir d\u2019un point A pour aller vers un point B, ils [&hellip;]\" \/>\n<meta property=\"og:url\" content=\"https:\/\/luxury-rental-mc.com\/fr\/olinid-aller-simple\/\" \/>\n<meta property=\"og:site_name\" content=\"Luxury Car Rentals | Monaco, Nice, Cannes, Saint-Tropez\" \/>\n<meta property=\"article:modified_time\" content=\"2022-07-17T11:32:07+00:00\" \/>\n<meta name=\"twitter:label1\" content=\"Dur\u00e9e de lecture estim\u00e9e\" \/>\n\t<meta name=\"twitter:data1\" content=\"4 minutes\" \/>\n<script type=\"application\/ld+json\" class=\"yoast-schema-graph\">{\"@context\":\"https:\/\/schema.org\",\"@graph\":[{\"@type\":\"WebPage\",\"@id\":\"https:\/\/luxury-rental-mc.com\/fr\/olinid-aller-simple\/\",\"url\":\"https:\/\/luxury-rental-mc.com\/fr\/olinid-aller-simple\/\",\"name\":\"Olinid : Aller Simple - Luxury Car Rentals | Monaco, Nice, Cannes, Saint-Tropez\",\"isPartOf\":{\"@id\":\"https:\/\/luxury-rental-mc.com\/#website\"},\"datePublished\":\"2022-07-17T11:24:22+00:00\",\"dateModified\":\"2022-07-17T11:32:07+00:00\",\"breadcrumb\":{\"@id\":\"https:\/\/luxury-rental-mc.com\/fr\/olinid-aller-simple\/#breadcrumb\"},\"inLanguage\":\"fr-FR\",\"potentialAction\":[{\"@type\":\"ReadAction\",\"target\":[\"https:\/\/luxury-rental-mc.com\/fr\/olinid-aller-simple\/\"]}]},{\"@type\":\"BreadcrumbList\",\"@id\":\"https:\/\/luxury-rental-mc.com\/fr\/olinid-aller-simple\/#breadcrumb\",\"itemListElement\":[{\"@type\":\"ListItem\",\"position\":1,\"name\":\"Accueil\",\"item\":\"https:\/\/luxury-rental-mc.com\/fr\/\"},{\"@type\":\"ListItem\",\"position\":2,\"name\":\"Olinid : Aller Simple\"}]},{\"@type\":\"WebSite\",\"@id\":\"https:\/\/luxury-rental-mc.com\/#website\",\"url\":\"https:\/\/luxury-rental-mc.com\/\",\"name\":\"Luxury Car Rentals | Monaco, Nice, Cannes, Saint-Tropez\",\"description\":\"Rent the finest brands : Porsche, Ferrari, Lamborghini, Mercedes...\",\"potentialAction\":[{\"@type\":\"SearchAction\",\"target\":{\"@type\":\"EntryPoint\",\"urlTemplate\":\"https:\/\/luxury-rental-mc.com\/?s={search_term_string}\"},\"query-input\":\"required name=search_term_string\"}],\"inLanguage\":\"fr-FR\"}]}<\/script>\n<!-- \/ Yoast SEO plugin. -->","yoast_head_json":{"title":"Olinid : Aller Simple - Luxury Car Rentals | Monaco, Nice, Cannes, Saint-Tropez","robots":{"index":"index","follow":"follow","max-snippet":"max-snippet:-1","max-image-preview":"max-image-preview:large","max-video-preview":"max-video-preview:-1"},"canonical":"https:\/\/luxury-rental-mc.com\/fr\/olinid-aller-simple\/","og_locale":"fr_FR","og_type":"article","og_title":"Olinid : Aller Simple - Luxury Car Rentals | Monaco, Nice, Cannes, Saint-Tropez","og_description":"[vc_row][vc_column][vc_column_text css=\u00a0\u00bb.vc_custom_1658057318801{margin-bottom: 0px !important;}\u00a0\u00bb] Un voyage en Aller Simple avec OLINID Nos agences OLINID en France et en Europe proposent un service de location de voiture de luxe en aller simple. Un grand nombre d\u2019agences aujourd\u2019hui ne laisse pas la possibilit\u00e9 aux clients de partir d\u2019un point A pour aller vers un point B, ils [&hellip;]","og_url":"https:\/\/luxury-rental-mc.com\/fr\/olinid-aller-simple\/","og_site_name":"Luxury Car Rentals | Monaco, Nice, Cannes, Saint-Tropez","article_modified_time":"2022-07-17T11:32:07+00:00","twitter_misc":{"Dur\u00e9e de lecture estim\u00e9e":"4 minutes"},"schema":{"@context":"https:\/\/schema.org","@graph":[{"@type":"WebPage","@id":"https:\/\/luxury-rental-mc.com\/fr\/olinid-aller-simple\/","url":"https:\/\/luxury-rental-mc.com\/fr\/olinid-aller-simple\/","name":"Olinid : Aller Simple - Luxury Car Rentals | Monaco, Nice, Cannes, Saint-Tropez","isPartOf":{"@id":"https:\/\/luxury-rental-mc.com\/#website"},"datePublished":"2022-07-17T11:24:22+00:00","dateModified":"2022-07-17T11:32:07+00:00","breadcrumb":{"@id":"https:\/\/luxury-rental-mc.com\/fr\/olinid-aller-simple\/#breadcrumb"},"inLanguage":"fr-FR","potentialAction":[{"@type":"ReadAction","target":["https:\/\/luxury-rental-mc.com\/fr\/olinid-aller-simple\/"]}]},{"@type":"BreadcrumbList","@id":"https:\/\/luxury-rental-mc.com\/fr\/olinid-aller-simple\/#breadcrumb","itemListElement":[{"@type":"ListItem","position":1,"name":"Accueil","item":"https:\/\/luxury-rental-mc.com\/fr\/"},{"@type":"ListItem","position":2,"name":"Olinid : Aller Simple"}]},{"@type":"WebSite","@id":"https:\/\/luxury-rental-mc.com\/#website","url":"https:\/\/luxury-rental-mc.com\/","name":"Luxury Car Rentals | Monaco, Nice, Cannes, Saint-Tropez","description":"Rent the finest brands : Porsche, Ferrari, Lamborghini, Mercedes...","potentialAction":[{"@type":"SearchAction","target":{"@type":"EntryPoint","urlTemplate":"https:\/\/luxury-rental-mc.com\/?s={search_term_string}"},"query-input":"required name=search_term_string"}],"inLanguage":"fr-FR"}]}},"_links":{"self":[{"href":"https:\/\/luxury-rental-mc.com\/fr\/wp-json\/wp\/v2\/pages\/117212\/"}],"collection":[{"href":"https:\/\/luxury-rental-mc.com\/fr\/wp-json\/wp\/v2\/pages\/"}],"about":[{"href":"https:\/\/luxury-rental-mc.com\/fr\/wp-json\/wp\/v2\/types\/page\/"}],"author":[{"embeddable":true,"href":"https:\/\/luxury-rental-mc.com\/fr\/wp-json\/wp\/v2\/users\/1\/"}],"replies":[{"embeddable":true,"href":"https:\/\/luxury-rental-mc.com\/fr\/wp-json\/wp\/v2\/comments\/?post=117212"}],"version-history":[{"count":2,"href":"https:\/\/luxury-rental-mc.com\/fr\/wp-json\/wp\/v2\/pages\/117212\/revisions\/"}],"predecessor-version":[{"id":117214,"href":"https:\/\/luxury-rental-mc.com\/fr\/wp-json\/wp\/v2\/pages\/117212\/revisions\/117214\/"}],"wp:attachment":[{"href":"https:\/\/luxury-rental-mc.com\/fr\/wp-json\/wp\/v2\/media\/?parent=117212"}],"curies":[{"name":"wp","href":"https:\/\/api.w.org\/{rel}","templated":true}]}}