{"id":117294,"date":"2023-05-25T23:51:46","date_gmt":"2023-05-25T21:51:46","guid":{"rendered":"https:\/\/luxury-rental-mc.com\/?page_id=117294"},"modified":"2023-05-26T00:04:56","modified_gmt":"2023-05-25T22:04:56","slug":"location-ferrari-f8-spider","status":"publish","type":"page","link":"https:\/\/luxury-rental-mc.com\/fr\/location-voiture\/location-ferrari-f8-spider\/","title":{"rendered":"Ferrari F8 Spider"},"content":{"rendered":"[vc_row][vc_column width=\u00a0\u00bb2\/3&Prime;][mk_title_box size=\u00a0\u00bb16&Prime; letter_spacing=\u00a0\u00bb4&Prime; margin_bottom=\u00a0\u00bb0&Prime; font_family=\u00a0\u00bbnone\u00a0\u00bb]\n<h1><span style=\"font-size: 14pt;\">Location Ferrari F8 Spider<\/span><\/h1>\n[\/mk_title_box][mk_swipe_slideshow images=\u00a0\u00bb117295,117297,117301,117299,117303,117305,117307&Prime; image_width=\u00a0\u00bb750&Prime; image_height=\u00a0\u00bb380&Prime;][vc_column_text css=\u00a0\u00bb.vc_custom_1685050785424{margin-bottom: 0px !important;}\u00a0\u00bb]\n<p style=\"text-align: justify;\">Des courbes \u00e9l\u00e9gantes \u00e0 la perfection. Ce qui rend la Ferrari F8 Spider si sp\u00e9ciale, c&rsquo;est que la puissance du V8 de 720 chevaux est lib\u00e9r\u00e9e sans aucun d\u00e9calage du turbo. Le design a\u00e9rodynamique inspir\u00e9 de la course et le cockpit enti\u00e8rement orient\u00e9 vers le conducteur cr\u00e9ent une relation symbiotique avec le v\u00e9hicule qui donne un sens \u00e0 l&#8217;embl\u00e8me du cheval cabr\u00e9. Votre location de Ferrari F8 Spider vous attend \u00e0 Nice, Monaco, Milan, Paris ou o\u00f9 vous voulez, nous livrons nos voitures de location partout en France et en Europe. <a href=\"https:\/\/luxury-rental-mc.com\/fr\/location-ferrari\/\">Louez une Ferrari<\/a> un week end<\/p>\n[\/vc_column_text][\/vc_column][vc_column width=\u00a0\u00bb1\/3&Prime;][mk_padding_divider size=\u00a0\u00bb12&Prime;][mk_title_box size=\u00a0\u00bb16&Prime; letter_spacing=\u00a0\u00bb4&Prime; margin_bottom=\u00a0\u00bb0&Prime; font_family=\u00a0\u00bbnone\u00a0\u00bb]\n<h2><span style=\"font-size: 14pt;\">Tarifs<\/span><\/h2>\n[\/mk_title_box][vc_table vc_table_theme=\u00a0\u00bbsimple_pink\u00a0\u00bb][align-left]Journ%C3%A9e%20(150%20Km),[align-left]2000%E2%82%AC|[b;align-left]3%20Jours%20(450%20km),[align-left]5700%E2%82%AC|[b;align-left]5%20Jours%20(750%20Km),[align-left]9300%E2%82%AC|[b;align-left]Jour%20supp.,[align-left]1700%E2%82%AC[\/vc_table][mk_button dimension=\u00a0\u00bboutline\u00a0\u00bb size=\u00a0\u00bblarge\u00a0\u00bb icon=\u00a0\u00bbmk-li-call\u00a0\u00bb url=\u00a0\u00bbhttps:\/\/luxury-rental-mc.com\/fr\/contact\/\u00a0\u00bb align=\u00a0\u00bbcenter\u00a0\u00bb fullwidth=\u00a0\u00bbtrue\u00a0\u00bb visibility=\u00a0\u00bbhidden-sm\u00a0\u00bb]R\u00e9servation +33762841105[\/mk_button][mk_button dimension=\u00a0\u00bboutline\u00a0\u00bb size=\u00a0\u00bblarge\u00a0\u00bb icon=\u00a0\u00bbmk-li-call\u00a0\u00bb url=\u00a0\u00bbtel:+33762841105&Prime; align=\u00a0\u00bbcenter\u00a0\u00bb fullwidth=\u00a0\u00bbtrue\u00a0\u00bb visibility=\u00a0\u00bbhidden-dt\u00a0\u00bb]Reservation[\/mk_button][vc_column_text css=\u00a0\u00bb.vc_custom_1685050647475{margin-bottom: 0px !important;}\u00a0\u00bb]Marque\u00a0:\u00a0Ferrari<br \/>\nMod\u00e8le : F8 Spider<br \/>\nNombre de places :\u00a02<br \/>\nPuissance : 720 Ch<br \/>\nCylindr\u00e9e : 3902 cm3<br \/>\nVitesse max : 340 Km\/h<br \/>\nConsommation Mixte\u00a0: 11.8\u00a0l \/100 km<br \/>\nAge minimum : 25 ans[\/vc_column_text][\/vc_column][\/vc_row][vc_row fullwidth=\u00a0\u00bbtrue\u00a0\u00bb][vc_column][mk_clients clients=\u00a0\u00bb7183,7187,7173,7185,7177,7175,7179,7181,7189&Prime;][\/vc_column][\/vc_row]\n","protected":false},"excerpt":{"rendered":"<p>[vc_row][vc_column width=\u00a0\u00bb2\/3&Prime;][mk_title_box size=\u00a0\u00bb16&Prime; letter_spacing=\u00a0\u00bb4&Prime; margin_bottom=\u00a0\u00bb0&Prime; font_family=\u00a0\u00bbnone\u00a0\u00bb] Location Ferrari F8 Spider [\/mk_title_box][mk_swipe_slideshow images=\u00a0\u00bb117295,117297,117301,117299,117303,117305,117307&Prime; image_width=\u00a0\u00bb750&Prime; image_height=\u00a0\u00bb380&Prime;][vc_column_text css=\u00a0\u00bb.vc_custom_1685050785424{margin-bottom: 0px !important;}\u00a0\u00bb] Des courbes \u00e9l\u00e9gantes \u00e0 la perfection. Ce qui rend la Ferrari F8 Spider si sp\u00e9ciale, c&rsquo;est que la puissance du V8 de 720 chevaux est lib\u00e9r\u00e9e sans aucun d\u00e9calage du turbo. Le design a\u00e9rodynamique inspir\u00e9 de la course [&hellip;]<\/p>\n","protected":false},"author":1,"featured_media":117305,"parent":7038,"menu_order":0,"comment_status":"closed","ping_status":"closed","template":"","meta":{"_monsterinsights_skip_tracking":false,"_monsterinsights_sitenote_active":false,"_monsterinsights_sitenote_note":"","_monsterinsights_sitenote_category":0},"yoast_head":"<!-- This site is optimized with the Yoast SEO plugin v20.3 - https:\/\/yoast.com\/wordpress\/plugins\/seo\/ -->\n<title>Location Ferrari F8 Spider - Location de Ferrari France &amp; Europe<\/title>\n<meta name=\"description\" content=\"Location Ferrari F8 Spider . Nous vous livrons partout en France et en Europe avec un service irr\u00e9prochable.\" \/>\n<meta name=\"robots\" content=\"index, follow, max-snippet:-1, max-image-preview:large, max-video-preview:-1\" \/>\n<link rel=\"canonical\" href=\"https:\/\/luxury-rental-mc.com\/fr\/location-voiture\/location-ferrari-f8-spider\/\" \/>\n<meta property=\"og:locale\" content=\"fr_FR\" \/>\n<meta property=\"og:type\" content=\"article\" \/>\n<meta property=\"og:title\" content=\"Location Ferrari F8 Spider - Location de Ferrari France &amp; Europe\" \/>\n<meta property=\"og:description\" content=\"Location Ferrari F8 Spider . Nous vous livrons partout en France et en Europe avec un service irr\u00e9prochable.\" \/>\n<meta property=\"og:url\" content=\"https:\/\/luxury-rental-mc.com\/fr\/location-voiture\/location-ferrari-f8-spider\/\" \/>\n<meta property=\"og:site_name\" content=\"Luxury Car Rentals | Monaco, Nice, Cannes, Saint-Tropez\" \/>\n<meta property=\"article:modified_time\" content=\"2023-05-25T22:04:56+00:00\" \/>\n<meta property=\"og:image\" content=\"https:\/\/luxury-rental-mc.com\/wp-content\/uploads\/2023\/05\/ferrari-f8-outside2.jpg\" \/>\n\t<meta property=\"og:image:width\" content=\"1200\" \/>\n\t<meta property=\"og:image:height\" content=\"798\" \/>\n\t<meta property=\"og:image:type\" content=\"image\/jpeg\" \/>\n<meta name=\"twitter:label1\" content=\"Dur\u00e9e de lecture estim\u00e9e\" \/>\n\t<meta name=\"twitter:data1\" content=\"1 minute\" \/>\n<script type=\"application\/ld+json\" class=\"yoast-schema-graph\">{\"@context\":\"https:\/\/schema.org\",\"@graph\":[{\"@type\":\"WebPage\",\"@id\":\"https:\/\/luxury-rental-mc.com\/fr\/location-voiture\/location-ferrari-f8-spider\/\",\"url\":\"https:\/\/luxury-rental-mc.com\/fr\/location-voiture\/location-ferrari-f8-spider\/\",\"name\":\"Location Ferrari F8 Spider - Location de Ferrari France & Europe\",\"isPartOf\":{\"@id\":\"https:\/\/luxury-rental-mc.com\/#website\"},\"datePublished\":\"2023-05-25T21:51:46+00:00\",\"dateModified\":\"2023-05-25T22:04:56+00:00\",\"description\":\"Location Ferrari F8 Spider . Nous vous livrons partout en France et en Europe avec un service irr\u00e9prochable.\",\"breadcrumb\":{\"@id\":\"https:\/\/luxury-rental-mc.com\/fr\/location-voiture\/location-ferrari-f8-spider\/#breadcrumb\"},\"inLanguage\":\"fr-FR\",\"potentialAction\":[{\"@type\":\"ReadAction\",\"target\":[\"https:\/\/luxury-rental-mc.com\/fr\/location-voiture\/location-ferrari-f8-spider\/\"]}]},{\"@type\":\"BreadcrumbList\",\"@id\":\"https:\/\/luxury-rental-mc.com\/fr\/location-voiture\/location-ferrari-f8-spider\/#breadcrumb\",\"itemListElement\":[{\"@type\":\"ListItem\",\"position\":1,\"name\":\"Accueil\",\"item\":\"https:\/\/luxury-rental-mc.com\/fr\/\"},{\"@type\":\"ListItem\",\"position\":2,\"name\":\"Location\",\"item\":\"https:\/\/luxury-rental-mc.com\/fr\/location-voiture\/\"},{\"@type\":\"ListItem\",\"position\":3,\"name\":\"Ferrari F8 Spider\"}]},{\"@type\":\"WebSite\",\"@id\":\"https:\/\/luxury-rental-mc.com\/#website\",\"url\":\"https:\/\/luxury-rental-mc.com\/\",\"name\":\"Luxury Car Rentals | Monaco, Nice, Cannes, Saint-Tropez\",\"description\":\"Rent the finest brands : Porsche, Ferrari, Lamborghini, Mercedes...\",\"potentialAction\":[{\"@type\":\"SearchAction\",\"target\":{\"@type\":\"EntryPoint\",\"urlTemplate\":\"https:\/\/luxury-rental-mc.com\/?s={search_term_string}\"},\"query-input\":\"required name=search_term_string\"}],\"inLanguage\":\"fr-FR\"}]}<\/script>\n<!-- \/ Yoast SEO plugin. -->","yoast_head_json":{"title":"Location Ferrari F8 Spider - Location de Ferrari France & Europe","description":"Location Ferrari F8 Spider . Nous vous livrons partout en France et en Europe avec un service irr\u00e9prochable.","robots":{"index":"index","follow":"follow","max-snippet":"max-snippet:-1","max-image-preview":"max-image-preview:large","max-video-preview":"max-video-preview:-1"},"canonical":"https:\/\/luxury-rental-mc.com\/fr\/location-voiture\/location-ferrari-f8-spider\/","og_locale":"fr_FR","og_type":"article","og_title":"Location Ferrari F8 Spider - Location de Ferrari France & Europe","og_description":"Location Ferrari F8 Spider . Nous vous livrons partout en France et en Europe avec un service irr\u00e9prochable.","og_url":"https:\/\/luxury-rental-mc.com\/fr\/location-voiture\/location-ferrari-f8-spider\/","og_site_name":"Luxury Car Rentals | Monaco, Nice, Cannes, Saint-Tropez","article_modified_time":"2023-05-25T22:04:56+00:00","og_image":[{"width":1200,"height":798,"url":"https:\/\/luxury-rental-mc.com\/wp-content\/uploads\/2023\/05\/ferrari-f8-outside2.jpg","type":"image\/jpeg"}],"twitter_misc":{"Dur\u00e9e de lecture estim\u00e9e":"1 minute"},"schema":{"@context":"https:\/\/schema.org","@graph":[{"@type":"WebPage","@id":"https:\/\/luxury-rental-mc.com\/fr\/location-voiture\/location-ferrari-f8-spider\/","url":"https:\/\/luxury-rental-mc.com\/fr\/location-voiture\/location-ferrari-f8-spider\/","name":"Location Ferrari F8 Spider - Location de Ferrari France & Europe","isPartOf":{"@id":"https:\/\/luxury-rental-mc.com\/#website"},"datePublished":"2023-05-25T21:51:46+00:00","dateModified":"2023-05-25T22:04:56+00:00","description":"Location Ferrari F8 Spider . Nous vous livrons partout en France et en Europe avec un service irr\u00e9prochable.","breadcrumb":{"@id":"https:\/\/luxury-rental-mc.com\/fr\/location-voiture\/location-ferrari-f8-spider\/#breadcrumb"},"inLanguage":"fr-FR","potentialAction":[{"@type":"ReadAction","target":["https:\/\/luxury-rental-mc.com\/fr\/location-voiture\/location-ferrari-f8-spider\/"]}]},{"@type":"BreadcrumbList","@id":"https:\/\/luxury-rental-mc.com\/fr\/location-voiture\/location-ferrari-f8-spider\/#breadcrumb","itemListElement":[{"@type":"ListItem","position":1,"name":"Accueil","item":"https:\/\/luxury-rental-mc.com\/fr\/"},{"@type":"ListItem","position":2,"name":"Location","item":"https:\/\/luxury-rental-mc.com\/fr\/location-voiture\/"},{"@type":"ListItem","position":3,"name":"Ferrari F8 Spider"}]},{"@type":"WebSite","@id":"https:\/\/luxury-rental-mc.com\/#website","url":"https:\/\/luxury-rental-mc.com\/","name":"Luxury Car Rentals | Monaco, Nice, Cannes, Saint-Tropez","description":"Rent the finest brands : Porsche, Ferrari, Lamborghini, Mercedes...","potentialAction":[{"@type":"SearchAction","target":{"@type":"EntryPoint","urlTemplate":"https:\/\/luxury-rental-mc.com\/?s={search_term_string}"},"query-input":"required name=search_term_string"}],"inLanguage":"fr-FR"}]}},"_links":{"self":[{"href":"https:\/\/luxury-rental-mc.com\/fr\/wp-json\/wp\/v2\/pages\/117294\/"}],"collection":[{"href":"https:\/\/luxury-rental-mc.com\/fr\/wp-json\/wp\/v2\/pages\/"}],"about":[{"href":"https:\/\/luxury-rental-mc.com\/fr\/wp-json\/wp\/v2\/types\/page\/"}],"author":[{"embeddable":true,"href":"https:\/\/luxury-rental-mc.com\/fr\/wp-json\/wp\/v2\/users\/1\/"}],"replies":[{"embeddable":true,"href":"https:\/\/luxury-rental-mc.com\/fr\/wp-json\/wp\/v2\/comments\/?post=117294"}],"version-history":[{"count":1,"href":"https:\/\/luxury-rental-mc.com\/fr\/wp-json\/wp\/v2\/pages\/117294\/revisions\/"}],"predecessor-version":[{"id":117309,"href":"https:\/\/luxury-rental-mc.com\/fr\/wp-json\/wp\/v2\/pages\/117294\/revisions\/117309\/"}],"up":[{"embeddable":true,"href":"https:\/\/luxury-rental-mc.com\/fr\/wp-json\/wp\/v2\/pages\/7038\/"}],"wp:featuredmedia":[{"embeddable":true,"href":"https:\/\/luxury-rental-mc.com\/fr\/wp-json\/wp\/v2\/media\/117305\/"}],"wp:attachment":[{"href":"https:\/\/luxury-rental-mc.com\/fr\/wp-json\/wp\/v2\/media\/?parent=117294"}],"curies":[{"name":"wp","href":"https:\/\/api.w.org\/{rel}","templated":true}]}}