{"id":117354,"date":"2023-06-05T12:49:57","date_gmt":"2023-06-05T10:49:57","guid":{"rendered":"https:\/\/luxury-rental-mc.com\/?page_id=117354"},"modified":"2023-06-05T13:33:13","modified_gmt":"2023-06-05T11:33:13","slug":"location-longue-duree","status":"publish","type":"page","link":"https:\/\/luxury-rental-mc.com\/fr\/location-longue-duree\/","title":{"rendered":"Location longue dur\u00e9e (LLD et LOA)"},"content":{"rendered":"[vc_row][vc_column][vc_single_image image=\u00a0\u00bb117367&Prime; img_size=\u00a0\u00bbfull\u00a0\u00bb alignment=\u00a0\u00bbcenter\u00a0\u00bb][vc_column_text css=\u00a0\u00bb.vc_custom_1597330486706{margin-bottom: 0px !important;}\u00a0\u00bb]\n<h1><\/h1>\n<h1 style=\"text-align: center;\">OLINID : Location en longue dur\u00e9e de v\u00e9hicules de luxe<\/h1>\n<p style=\"text-align: justify;\">Depuis sa cr\u00e9ation en 2010, OLINID s&rsquo;est impos\u00e9e comme une entreprise phare dans le secteur de la location de v\u00e9hicules de luxe en France et en Europe. Avec son approche novatrice et son engagement envers l&rsquo;excellence du service, OLINID s&rsquo;est rapidement distingu\u00e9e en offrant des solutions de location en longue dur\u00e9e (LLD) adapt\u00e9es aux besoins de sa client\u00e8le exigeante. Dans cet article, nous allons explorer en d\u00e9tail les avantages de l&rsquo;activit\u00e9 de location en longue dur\u00e9e d&rsquo;OLINID et pourquoi elle repr\u00e9sente la meilleure option, avec des marques prestigieuses telles que Ferrari, Porsche, Mercedes, Range Rover, Audi, BMW et Tesla, pour les amateurs de <strong>voitures de luxe.<\/strong><\/p>\n<h2 style=\"text-align: center;\">Une Flotte de v\u00e9hicules de luxe d&rsquo;exception (Bentley , Lamborghini, Ferrari, Porsche, Mercedes, Range Rover, Audi, BMW, Tesla)<\/h2>\n<p class=\"p1\"><span class=\"s1\">OLINID se distingue par sa flotte de v\u00e9hicules de luxe d&rsquo;exception. Des ic\u00f4nes de la performance comme <strong><a href=\"https:\/\/luxury-rental-mc.com\/fr\/location-voiture\/#lamborghini\">Lamborghini<\/a>,<\/strong> <a href=\"https:\/\/luxury-rental-mc.com\/fr\/location-voiture\/#ferrari\"><strong>Ferrari<\/strong><\/a> ou <a href=\"https:\/\/luxury-rental-mc.com\/fr\/location-voiture\/#porsche\"><strong>Porsche <\/strong><\/a>aux mod\u00e8les \u00e9l\u00e9gants de Mercedes et BMW, en passant par l&rsquo;aventure tout-terrain avec le Range Rover, OLINID propose une gamme compl\u00e8te de voitures de prestige pour r\u00e9pondre aux attentes les plus exigeantes de ses clients. De plus, OLINID a \u00e9galement inclus des <strong>v\u00e9hicules \u00e9lectriques<\/strong> haut de gamme tels que Tesla dans sa flotte, offrant ainsi une option respectueuse de l&rsquo;environnement sans compromettre le luxe et les performances.<\/span><\/p>\n<h3 style=\"text-align: center;\">Location en longue dur\u00e9e (LLD) et location avec option d&rsquo;achat (LOA) : La flexibilit\u00e9 au service des clients<\/h3>\n<p class=\"p1\"><span class=\"s1\">L&rsquo;un des points forts d&rsquo;OLINID r\u00e9side dans son offre de location en longue dur\u00e9e (LLD) et de location avec option d&rsquo;achat (LOA). Que vous souhaitiez conduire une Ferrari pendant plusieurs mois ou profiter de l&rsquo;exp\u00e9rience d&rsquo;une Porsche sur une p\u00e9riode prolong\u00e9e, OLINID vous offre la flexibilit\u00e9 de choisir parmi une gamme vari\u00e9e de mod\u00e8les de luxe. La location en longue dur\u00e9e vous permet de profiter de ces voitures d&rsquo;exception sans les contraintes de l&rsquo;achat, tandis que la location avec option d&rsquo;achat vous offre la possibilit\u00e9 d&rsquo;acqu\u00e9rir le v\u00e9hicule \u00e0 la fin du contrat.<\/span><\/p>\n<h3 style=\"text-align: center;\">Service client personnalis\u00e9 et Mobilize Financial Services<\/h3>\n<p style=\"text-align: justify;\">Chez OLINID, la satisfaction du client est une priorit\u00e9 absolue. L&rsquo;\u00e9quipe d\u00e9vou\u00e9e d&rsquo;OLINID, compos\u00e9e de professionnels exp\u00e9riment\u00e9s, travaille en \u00e9troite collaboration avec les clients pour comprendre leurs besoins sp\u00e9cifiques et leur offrir des solutions sur mesure. OLINID propose \u00e9galement des services financiers via Mobilize Financial Services, facilitant l&rsquo;acc\u00e8s \u00e0 un contrat de location longue dur\u00e9e (LLD) avec des options d&rsquo;entretien, d&rsquo;assurance et d&rsquo;assistance, pour que votre exp\u00e9rience de conduite soit encore plus agr\u00e9able.<\/p>\n[\/vc_column_text][\/vc_column][\/vc_row][vc_row][vc_column width=\u00a0\u00bb1\/4&Prime;][\/vc_column][vc_column width=\u00a0\u00bb1\/2&Prime;][mk_image_slideshow images=\u00a0\u00bb117363,117355,117254,117357,117365,117250,117252,117361&Prime; image_height=\u00a0\u00bb450&Prime; margin_bottom=\u00a0\u00bb20&Prime;][\/vc_column][vc_column width=\u00a0\u00bb1\/4&Prime;][\/vc_column][\/vc_row][vc_row][vc_column][vc_column_text css=\u00a0\u00bb.vc_custom_1597330457940{margin-bottom: 0px !important;}\u00a0\u00bb]\n<h3 style=\"text-align: center;\">Expansion en Europe : Un r\u00e9seau croissant et votre v\u00e9hicule d&rsquo;occasion<\/h3>\n<p class=\"p1\"><span class=\"s1\">Fort de son succ\u00e8s en France, OLINID a \u00e9tendu ses activit\u00e9s au-del\u00e0 des fronti\u00e8res et est d\u00e9sormais pr\u00e9sent dans plusieurs pays d&rsquo;Europe. Cette expansion strat\u00e9gique a permis \u00e0 OLINID de r\u00e9pondre \u00e0 la demande croissante des clients internationaux et de renforcer sa position en tant que <strong>leader de la location de v\u00e9hicules de luxe en Europe<\/strong>. OLINID propose \u00e9galement des v\u00e9hicules d&rsquo;occasion de marques renomm\u00e9es telles que <a href=\"https:\/\/luxury-rental-mc.com\/fr\/location-voiture\/#ferrari\">Ferrari<\/a>, <a href=\"https:\/\/luxury-rental-mc.com\/fr\/location-voiture\/#porsche\">Porsche<\/a>, <a href=\"https:\/\/luxury-rental-mc.com\/fr\/location-voiture\/#mercedes\">Mercedes<\/a>,<a href=\"https:\/\/luxury-rental-mc.com\/fr\/location-voiture\/#lamborghini\">Lamborghini<\/a>, <a href=\"https:\/\/luxury-rental-mc.com\/fr\/location-voiture\/#rangerover\">Range Rover<\/a>, <a href=\"https:\/\/luxury-rental-mc.com\/fr\/location-voiture\/#audi\">Audi<\/a>, <a href=\"https:\/\/luxury-rental-mc.com\/fr\/location-voiture\/#bmw\">BMW<\/a> et Tesla, offrant aux clients une alternative de qualit\u00e9 avec des garanties suppl\u00e9mentaires.<\/span><\/p>\n<p class=\"p1\"><span class=\"s1\">Lorsque vous choisissez la location en longue dur\u00e9e (LLD) avec OLINID, vous b\u00e9n\u00e9ficiez de nombreux avantages pour r\u00e9pondre \u00e0 vos besoins sp\u00e9cifiques. Vous pouvez s\u00e9lectionner le v\u00e9hicule de votre choix parmi notre large gamme, que ce soit une voiture longue dur\u00e9e, une location avec option d&rsquo;achat (LOA), ou tout simplement une location de voiture pour une p\u00e9riode prolong\u00e9e. Avec OLINID, vous pouvez personnaliser votre contrat de location en fonction de la dur\u00e9e souhait\u00e9e, de votre budget et de vos pr\u00e9f\u00e9rences. Que vous optiez pour une Tesla d&rsquo;occasion ou une voiture de luxe, OLINID s&rsquo;engage \u00e0 vous offrir un service de qualit\u00e9 et un accompagnement tout au long de votre contrat de location, que ce soit en LLD ou en LOA. Optez pour la simplicit\u00e9 et la flexibilit\u00e9 avec OLINID pour votre location longue dur\u00e9e (LLD) ou location avec option d&rsquo;achat (LOA).<\/span><\/p>\n[\/vc_column_text][\/vc_column][\/vc_row][vc_row][vc_column][vc_single_image image=\u00a0\u00bb117237&Prime; img_size=\u00a0\u00bblarge\u00a0\u00bb alignment=\u00a0\u00bbcenter\u00a0\u00bb][vc_column_text]\n<p class=\"p1\"><span class=\"s1\">Lorsque vous recherchez une solution de location de v\u00e9hicule, la location en longue dur\u00e9e (LLD) est une option \u00e0 consid\u00e9rer. Avec OLINID, vous pouvez louer votre voiture sur une p\u00e9riode prolong\u00e9e, en b\u00e9n\u00e9ficiant d&rsquo;<strong>un contrat de leasing flexible et avantageux<\/strong>. Quel que soit votre choix de v\u00e9hicule, nous avons une offre adapt\u00e9e \u00e0 vos besoins. Vous pouvez s\u00e9lectionner votre voiture parmi notre vaste gamme de v\u00e9hicules, qu&rsquo;il s&rsquo;agisse d&rsquo;une voiture d&rsquo;occasion ou d&rsquo;un mod\u00e8le neuf. En optant pour la LLD, vous profitez de nombreux avantages, tels que l&rsquo;entretien r\u00e9gulier inclus dans le contrat, l&rsquo;assurance auto et des services de qualit\u00e9. De plus, avec la LLD, vous n&rsquo;avez pas \u00e0 vous soucier de la d\u00e9cote de valeur du v\u00e9hicule, car vous ne devenez pas propri\u00e9taire. Vous payez simplement un loyer mensuel fixe, sans apport initial \u00e9lev\u00e9, ce qui vous permet de ma\u00eetriser votre budget. Si vous souhaitez poss\u00e9der le v\u00e9hicule \u00e0 la fin de la p\u00e9riode de location, vous pouvez envisager une location avec option d&rsquo;achat (LOA), o\u00f9 vous avez la possibilit\u00e9 d&rsquo;acheter le v\u00e9hicule \u00e0 un prix pr\u00e9\u00e9tabli. Quelle que soit votre d\u00e9cision, OLINID est l\u00e0 pour vous offrir des services de location en longue dur\u00e9e (LLD) de v\u00e9hicules de qualit\u00e9, avec une grande vari\u00e9t\u00e9 de mod\u00e8les et un accompagnement tout au long du contrat.<\/span><\/p>\n<p class=\"p1\"><span class=\"s1\">Le financement propos\u00e9 par OLINID vous permet d&rsquo;acqu\u00e9rir des v\u00e9hicules d&rsquo;exception tels que des <strong>Audi, Tesla, Lamborghini et Porsche<\/strong>, en vous offrant des options flexibles en termes de dur\u00e9e et de montant.<\/span><\/p>\n<p class=\"p1\"><span class=\"s1\">Depuis plus d&rsquo;une d\u00e9cennie, OLINID a su s&rsquo;imposer comme une r\u00e9f\u00e9rence incontournable dans le domaine de la location en longue dur\u00e9e de v\u00e9hicules de luxe en France et en Europe. Avec une flotte exceptionnelle comprenant les marques les plus prestigieuses, une flexibilit\u00e9 gr\u00e2ce \u00e0 la location en longue dur\u00e9e (LLD) et \u00e0 la location avec option d&rsquo;achat (LOA), un service client personnalis\u00e9 et une expansion europ\u00e9enne croissante, OLINID offre une exp\u00e9rience de location unique \u00e0 sa client\u00e8le haut de gamme. Louez votre v\u00e9hicule de luxe avec OLINID et profitez d&rsquo;une conduite incomparable avec des marques telles que <a href=\"https:\/\/luxury-rental-mc.com\/fr\/location-voiture\/#ferrari\">Ferrari<\/a>, <a href=\"https:\/\/luxury-rental-mc.com\/fr\/location-voiture\/#porsche\">Porsche<\/a>, <a href=\"https:\/\/luxury-rental-mc.com\/fr\/location-voiture\/#lamborghini\">Lamborghini<\/a>, <a href=\"https:\/\/luxury-rental-mc.com\/fr\/location-voiture\/#mercedes\">Mercedes<\/a>, <a href=\"https:\/\/luxury-rental-mc.com\/fr\/location-voiture\/#rangerover\">Range Rover<\/a>, <a href=\"https:\/\/luxury-rental-mc.com\/fr\/location-voiture\/#audi\">Audi<\/a>, <a href=\"https:\/\/luxury-rental-mc.com\/fr\/location-voiture\/#bmw\">BMW<\/a> et Tesla<\/span><\/p>\n<p>&nbsp;<\/p>\n<h3 style=\"text-align: justify;\">Obtenez une devis sur mesure pour de la location longue dur\u00e9e ou avec option d&rsquo;achat.<\/h3>\n<p style=\"text-align: justify;\">Alors n\u2019h\u00e9sitez plus, contactez-nous pour obtenir votre <a href=\"https:\/\/luxury-rental-mc.com\/fr\/contact\/#contact\"><strong>devis personnalis\u00e9\u00a0<\/strong><\/a>pour obtenir nos meilleurs tarifs.<\/p>\n[\/vc_column_text][\/vc_column][\/vc_row]\n","protected":false},"excerpt":{"rendered":"<p>[vc_row][vc_column][vc_single_image image=\u00a0\u00bb117367&Prime; img_size=\u00a0\u00bbfull\u00a0\u00bb alignment=\u00a0\u00bbcenter\u00a0\u00bb][vc_column_text css=\u00a0\u00bb.vc_custom_1597330486706{margin-bottom: 0px !important;}\u00a0\u00bb] OLINID : Location en longue dur\u00e9e de v\u00e9hicules de luxe Depuis sa cr\u00e9ation en 2010, OLINID s&rsquo;est impos\u00e9e comme une entreprise phare dans le secteur de la location de v\u00e9hicules de luxe en France et en Europe. Avec son approche novatrice et son engagement envers l&rsquo;excellence du service, [&hellip;]<\/p>\n","protected":false},"author":1,"featured_media":117363,"parent":0,"menu_order":0,"comment_status":"closed","ping_status":"closed","template":"","meta":{"_monsterinsights_skip_tracking":false,"_monsterinsights_sitenote_active":false,"_monsterinsights_sitenote_note":"","_monsterinsights_sitenote_category":0},"yoast_head":"<!-- This site is optimized with the Yoast SEO plugin v20.3 - https:\/\/yoast.com\/wordpress\/plugins\/seo\/ -->\n<title>Location longue dur\u00e9e (LLD et LOA) - Luxury Car Rentals | Monaco, Nice, Cannes, Saint-Tropez<\/title>\n<meta name=\"description\" content=\"Location en longue dur\u00e9e (LLD) et location avec option d&#039;achat (LOA) : La flexibilit\u00e9 au service des clients. Louez une voiture de luxe.\" \/>\n<meta name=\"robots\" content=\"index, follow, max-snippet:-1, max-image-preview:large, max-video-preview:-1\" \/>\n<link rel=\"canonical\" href=\"https:\/\/luxury-rental-mc.com\/fr\/location-longue-duree\/\" \/>\n<meta property=\"og:locale\" content=\"fr_FR\" \/>\n<meta property=\"og:type\" content=\"article\" \/>\n<meta property=\"og:title\" content=\"Location longue dur\u00e9e (LLD et LOA) - Luxury Car Rentals | Monaco, Nice, Cannes, Saint-Tropez\" \/>\n<meta property=\"og:description\" content=\"Location en longue dur\u00e9e (LLD) et location avec option d&#039;achat (LOA) : La flexibilit\u00e9 au service des clients. Louez une voiture de luxe.\" \/>\n<meta property=\"og:url\" content=\"https:\/\/luxury-rental-mc.com\/fr\/location-longue-duree\/\" \/>\n<meta property=\"og:site_name\" content=\"Luxury Car Rentals | Monaco, Nice, Cannes, Saint-Tropez\" \/>\n<meta property=\"article:modified_time\" content=\"2023-06-05T11:33:13+00:00\" \/>\n<meta property=\"og:image\" content=\"https:\/\/luxury-rental-mc.com\/wp-content\/uploads\/2023\/06\/taycan-scaled.jpeg\" \/>\n\t<meta property=\"og:image:width\" content=\"2560\" \/>\n\t<meta property=\"og:image:height\" content=\"1440\" \/>\n\t<meta property=\"og:image:type\" content=\"image\/jpeg\" \/>\n<meta name=\"twitter:label1\" content=\"Dur\u00e9e de lecture estim\u00e9e\" \/>\n\t<meta name=\"twitter:data1\" content=\"5 minutes\" \/>\n<script type=\"application\/ld+json\" class=\"yoast-schema-graph\">{\"@context\":\"https:\/\/schema.org\",\"@graph\":[{\"@type\":\"WebPage\",\"@id\":\"https:\/\/luxury-rental-mc.com\/fr\/location-longue-duree\/\",\"url\":\"https:\/\/luxury-rental-mc.com\/fr\/location-longue-duree\/\",\"name\":\"Location longue dur\u00e9e (LLD et LOA) - Luxury Car Rentals | Monaco, Nice, Cannes, Saint-Tropez\",\"isPartOf\":{\"@id\":\"https:\/\/luxury-rental-mc.com\/#website\"},\"datePublished\":\"2023-06-05T10:49:57+00:00\",\"dateModified\":\"2023-06-05T11:33:13+00:00\",\"description\":\"Location en longue dur\u00e9e (LLD) et location avec option d'achat (LOA) : La flexibilit\u00e9 au service des clients. Louez une voiture de luxe.\",\"breadcrumb\":{\"@id\":\"https:\/\/luxury-rental-mc.com\/fr\/location-longue-duree\/#breadcrumb\"},\"inLanguage\":\"fr-FR\",\"potentialAction\":[{\"@type\":\"ReadAction\",\"target\":[\"https:\/\/luxury-rental-mc.com\/fr\/location-longue-duree\/\"]}]},{\"@type\":\"BreadcrumbList\",\"@id\":\"https:\/\/luxury-rental-mc.com\/fr\/location-longue-duree\/#breadcrumb\",\"itemListElement\":[{\"@type\":\"ListItem\",\"position\":1,\"name\":\"Accueil\",\"item\":\"https:\/\/luxury-rental-mc.com\/fr\/\"},{\"@type\":\"ListItem\",\"position\":2,\"name\":\"Location longue dur\u00e9e (LLD et LOA)\"}]},{\"@type\":\"WebSite\",\"@id\":\"https:\/\/luxury-rental-mc.com\/#website\",\"url\":\"https:\/\/luxury-rental-mc.com\/\",\"name\":\"Luxury Car Rentals | Monaco, Nice, Cannes, Saint-Tropez\",\"description\":\"Rent the finest brands : Porsche, Ferrari, Lamborghini, Mercedes...\",\"potentialAction\":[{\"@type\":\"SearchAction\",\"target\":{\"@type\":\"EntryPoint\",\"urlTemplate\":\"https:\/\/luxury-rental-mc.com\/?s={search_term_string}\"},\"query-input\":\"required name=search_term_string\"}],\"inLanguage\":\"fr-FR\"}]}<\/script>\n<!-- \/ Yoast SEO plugin. -->","yoast_head_json":{"title":"Location longue dur\u00e9e (LLD et LOA) - Luxury Car Rentals | Monaco, Nice, Cannes, Saint-Tropez","description":"Location en longue dur\u00e9e (LLD) et location avec option d'achat (LOA) : La flexibilit\u00e9 au service des clients. Louez une voiture de luxe.","robots":{"index":"index","follow":"follow","max-snippet":"max-snippet:-1","max-image-preview":"max-image-preview:large","max-video-preview":"max-video-preview:-1"},"canonical":"https:\/\/luxury-rental-mc.com\/fr\/location-longue-duree\/","og_locale":"fr_FR","og_type":"article","og_title":"Location longue dur\u00e9e (LLD et LOA) - Luxury Car Rentals | Monaco, Nice, Cannes, Saint-Tropez","og_description":"Location en longue dur\u00e9e (LLD) et location avec option d'achat (LOA) : La flexibilit\u00e9 au service des clients. Louez une voiture de luxe.","og_url":"https:\/\/luxury-rental-mc.com\/fr\/location-longue-duree\/","og_site_name":"Luxury Car Rentals | Monaco, Nice, Cannes, Saint-Tropez","article_modified_time":"2023-06-05T11:33:13+00:00","og_image":[{"width":2560,"height":1440,"url":"https:\/\/luxury-rental-mc.com\/wp-content\/uploads\/2023\/06\/taycan-scaled.jpeg","type":"image\/jpeg"}],"twitter_misc":{"Dur\u00e9e de lecture estim\u00e9e":"5 minutes"},"schema":{"@context":"https:\/\/schema.org","@graph":[{"@type":"WebPage","@id":"https:\/\/luxury-rental-mc.com\/fr\/location-longue-duree\/","url":"https:\/\/luxury-rental-mc.com\/fr\/location-longue-duree\/","name":"Location longue dur\u00e9e (LLD et LOA) - Luxury Car Rentals | Monaco, Nice, Cannes, Saint-Tropez","isPartOf":{"@id":"https:\/\/luxury-rental-mc.com\/#website"},"datePublished":"2023-06-05T10:49:57+00:00","dateModified":"2023-06-05T11:33:13+00:00","description":"Location en longue dur\u00e9e (LLD) et location avec option d'achat (LOA) : La flexibilit\u00e9 au service des clients. Louez une voiture de luxe.","breadcrumb":{"@id":"https:\/\/luxury-rental-mc.com\/fr\/location-longue-duree\/#breadcrumb"},"inLanguage":"fr-FR","potentialAction":[{"@type":"ReadAction","target":["https:\/\/luxury-rental-mc.com\/fr\/location-longue-duree\/"]}]},{"@type":"BreadcrumbList","@id":"https:\/\/luxury-rental-mc.com\/fr\/location-longue-duree\/#breadcrumb","itemListElement":[{"@type":"ListItem","position":1,"name":"Accueil","item":"https:\/\/luxury-rental-mc.com\/fr\/"},{"@type":"ListItem","position":2,"name":"Location longue dur\u00e9e (LLD et LOA)"}]},{"@type":"WebSite","@id":"https:\/\/luxury-rental-mc.com\/#website","url":"https:\/\/luxury-rental-mc.com\/","name":"Luxury Car Rentals | Monaco, Nice, Cannes, Saint-Tropez","description":"Rent the finest brands : Porsche, Ferrari, Lamborghini, Mercedes...","potentialAction":[{"@type":"SearchAction","target":{"@type":"EntryPoint","urlTemplate":"https:\/\/luxury-rental-mc.com\/?s={search_term_string}"},"query-input":"required name=search_term_string"}],"inLanguage":"fr-FR"}]}},"_links":{"self":[{"href":"https:\/\/luxury-rental-mc.com\/fr\/wp-json\/wp\/v2\/pages\/117354\/"}],"collection":[{"href":"https:\/\/luxury-rental-mc.com\/fr\/wp-json\/wp\/v2\/pages\/"}],"about":[{"href":"https:\/\/luxury-rental-mc.com\/fr\/wp-json\/wp\/v2\/types\/page\/"}],"author":[{"embeddable":true,"href":"https:\/\/luxury-rental-mc.com\/fr\/wp-json\/wp\/v2\/users\/1\/"}],"replies":[{"embeddable":true,"href":"https:\/\/luxury-rental-mc.com\/fr\/wp-json\/wp\/v2\/comments\/?post=117354"}],"version-history":[{"count":11,"href":"https:\/\/luxury-rental-mc.com\/fr\/wp-json\/wp\/v2\/pages\/117354\/revisions\/"}],"predecessor-version":[{"id":117381,"href":"https:\/\/luxury-rental-mc.com\/fr\/wp-json\/wp\/v2\/pages\/117354\/revisions\/117381\/"}],"wp:featuredmedia":[{"embeddable":true,"href":"https:\/\/luxury-rental-mc.com\/fr\/wp-json\/wp\/v2\/media\/117363\/"}],"wp:attachment":[{"href":"https:\/\/luxury-rental-mc.com\/fr\/wp-json\/wp\/v2\/media\/?parent=117354"}],"curies":[{"name":"wp","href":"https:\/\/api.w.org\/{rel}","templated":true}]}}