{"id":11911,"date":"2019-02-26T11:40:41","date_gmt":"2019-02-26T10:40:41","guid":{"rendered":"https:\/\/luxury-rental-mc.com\/?page_id=11911"},"modified":"2019-05-29T22:48:50","modified_gmt":"2019-05-29T20:48:50","slug":"cullinan","status":"publish","type":"page","link":"https:\/\/luxury-rental-mc.com\/fr\/location-voiture\/cullinan\/","title":{"rendered":"Cullinan"},"content":{"rendered":"[vc_row][vc_column width=\u00a0\u00bb2\/3&Prime;][mk_title_box size=\u00a0\u00bb16&Prime; letter_spacing=\u00a0\u00bb4&Prime; margin_bottom=\u00a0\u00bb0&Prime; font_family=\u00a0\u00bbnone\u00a0\u00bb]\n<h1><span style=\"font-size: 14pt;\">Location Rolls-Royce Cullinan<\/span><\/h1>\n[\/mk_title_box][mk_swipe_slideshow images=\u00a0\u00bb12358,12360,12362,12364,12366&Prime; image_width=\u00a0\u00bb750&Prime; image_height=\u00a0\u00bb380&Prime;][vc_column_text css=\u00a0\u00bb.vc_custom_1554071266445{margin-bottom: 0px !important;}\u00a0\u00bb]<span style=\"font-size: 10pt;\">Notre agence de location de v\u00e9hicules de prestige MC Luxury Rental propose le nouveau SUV ultra-luxe du constructeur britannique Rolls-Royce, le Cullinan. Nos services sur mesure de livraison de v\u00e9hicule de luxe permettent de mettre \u00e0 votre disposition la Rolls-Royce Cullinan sur le lieu de votre choix 24\/7. D\u00e8s votre arriv\u00e9e \u00e0 l\u2019h\u00e9liport de Monaco ou \u00e0 l\u2019<strong>a\u00e9roport de Cannes-Mandelieu<\/strong>, devant votre h\u00f4tel \u00e0 St Jean Cap Ferrat ou encore devant votre villa \u00e0 <strong>Portofino<\/strong>, un professionnel de notre \u00e9quipe vous livre la Rolls-Royce Cullinan de location. Durant votre s\u00e9jour \u00e0 Monte-Carlo, offrez vous le confort d\u2019une limousine dans un v\u00e9hicule tout-terrain, <a href=\"https:\/\/luxury-rental-mc.com\/fr\/location-voiture-luxe\/monaco\">louer une Rolls-Royce Cullinan \u00e0 Monaco<\/a>. Louer un SUV Rolls-Royce Cullinan \u00e0 l\u2019<strong>a\u00e9roport de Marseille Marignane<\/strong> et prenez la route vers <strong>Gordes<\/strong> l\u2019un des plus beaux villages de France. Partir \u00e0 l\u2019aventure \u00e0 bord du summum du 4&#215;4 devient possible avec la <a href=\"https:\/\/luxury-rental-mc.com\/fr\/location-voiture-luxe\/saint-tropez\">location d\u2019une Rolls-Royce Cullinan \u00e0 Saint-Tropez<\/a>. R\u00e9servez une <strong>location de Rolls-Royce Cullinan \u00e0 l\u2019a\u00e9roport de Nice Cote d\u2019Azur<\/strong> en aller simple et restituez le SUV ultra-luxe \u00e0 l\u2019<strong>a\u00e9roport de Milan Malpensa<\/strong>. R\u00e9servez la <strong>location du tout-terrain Rolls-Royce en Corse<\/strong> et voyager vers Calvi, Porto-Vecchio, ou Saint-Florent \u00e0 bord du plus exclusif des 4&#215;4. Si l\u2019\u00e9l\u00e9gance et le prestige sont vos maitres mots, la Rolls-Royce Cullinan est l\u2019automobile de location id\u00e9ale pour votre s\u00e9jour sur la C\u00f4te d\u2019Azur. Avec ses 4 roues motrices, ce tout-terrain Rolls-Royce Cullinan est le v\u00e9hicule parfait pour vos vacances hivernales dans les Alpes suisses et fran\u00e7aises. Ce luxueux SUV offre plaisir et performances dans les stations de ski de <strong>Courchevel 1850<\/strong> et <strong>Saint-Moritz<\/strong>. <a href=\"https:\/\/luxury-rental-mc.com\/fr\/location-megeve\">Louer la Rolls-Royce Cullinan \u00e0 Meg\u00e8ve<\/a> et faites vous livrer \u00e0 l\u2019a\u00e9roport de Chamb\u00e9ry ou \u00e0 l\u2019<strong>a\u00e9roport de Gen\u00e8ve<\/strong>.<\/span><br \/>\n<span style=\"font-size: 10pt;\">Le prestigieux SUV <strong>Rolls-Royce Cullinan est disponible \u00e0 la location<\/strong> \u00e0 Monaco et dans toute l\u2019<strong>Europe<\/strong> (France, Espagne, Italie, Suisse, Autriche, Allemagne\u2026)<\/span>[\/vc_column_text][\/vc_column][vc_column width=\u00a0\u00bb1\/3&Prime;][mk_padding_divider size=\u00a0\u00bb12&Prime;][mk_title_box size=\u00a0\u00bb16&Prime; letter_spacing=\u00a0\u00bb4&Prime; margin_bottom=\u00a0\u00bb0&Prime; font_family=\u00a0\u00bbnone\u00a0\u00bb]\n<h2><span style=\"font-size: 14pt;\">Tarifs<\/span><\/h2>\n[\/mk_title_box][vc_table vc_table_theme=\u00a0\u00bbsimple_pink\u00a0\u00bb][align-left]Journ%C3%A9e%20(150%20Km),[align-left]3500%20%E2%82%AC|[b;align-left]3%20Jours%20(500%20km),[align-left]9900%20%E2%82%AC|[b;align-left]5%20Jours%20(750%20Km),[align-left]15000%20%E2%82%AC|[b;align-left]Jour%20supp.,[align-left]2800%20%E2%82%AC[\/vc_table][mk_button dimension=\u00a0\u00bboutline\u00a0\u00bb size=\u00a0\u00bblarge\u00a0\u00bb icon=\u00a0\u00bbmk-li-call\u00a0\u00bb url=\u00a0\u00bbhttps:\/\/luxury-rental-mc.com\/fr\/contact\/\u00a0\u00bb align=\u00a0\u00bbcenter\u00a0\u00bb fullwidth=\u00a0\u00bbtrue\u00a0\u00bb visibility=\u00a0\u00bbhidden-sm\u00a0\u00bb]R\u00e9servation +33762841105[\/mk_button][mk_button dimension=\u00a0\u00bboutline\u00a0\u00bb size=\u00a0\u00bblarge\u00a0\u00bb icon=\u00a0\u00bbmk-li-call\u00a0\u00bb url=\u00a0\u00bbtel:+33762841105&Prime; align=\u00a0\u00bbcenter\u00a0\u00bb fullwidth=\u00a0\u00bbtrue\u00a0\u00bb visibility=\u00a0\u00bbhidden-dt\u00a0\u00bb]Reservation[\/mk_button][vc_column_text css=\u00a0\u00bb.vc_custom_1551972710779{margin-bottom: 0px !important;}\u00a0\u00bb]Marque\u00a0:\u00a0Rolls-Royce<br \/>\nMod\u00e8le : Cullinan<br \/>\nNombre de places : 5<br \/>\nPuissance : 563 ch<br \/>\nCylindr\u00e9e\u00a0: 6750 cm3<br \/>\nVitesse\u00a0max : 250 km\/h<br \/>\nConsommation Mixte\u00a0: 15l\/100 km<br \/>\nAge minimum\u00a0: 25 ans[\/vc_column_text][\/vc_column][\/vc_row][vc_row fullwidth=\u00a0\u00bbtrue\u00a0\u00bb][vc_column][mk_clients clients=\u00a0\u00bb7183,7187,7173,7185,7177,7175,7179,7181,7189&Prime;][\/vc_column][\/vc_row]\n","protected":false},"excerpt":{"rendered":"<p>[vc_row][vc_column width=\u00a0\u00bb2\/3&Prime;][mk_title_box size=\u00a0\u00bb16&Prime; letter_spacing=\u00a0\u00bb4&Prime; margin_bottom=\u00a0\u00bb0&Prime; font_family=\u00a0\u00bbnone\u00a0\u00bb] Location Rolls-Royce Cullinan [\/mk_title_box][mk_swipe_slideshow images=\u00a0\u00bb12358,12360,12362,12364,12366&Prime; image_width=\u00a0\u00bb750&Prime; image_height=\u00a0\u00bb380&Prime;][vc_column_text css=\u00a0\u00bb.vc_custom_1554071266445{margin-bottom: 0px !important;}\u00a0\u00bb]Notre agence de location de v\u00e9hicules de prestige MC Luxury Rental propose le nouveau SUV ultra-luxe du constructeur britannique Rolls-Royce, le Cullinan. Nos services sur mesure de livraison de v\u00e9hicule de luxe permettent de mettre \u00e0 votre disposition la Rolls-Royce [&hellip;]<\/p>\n","protected":false},"author":1,"featured_media":0,"parent":7038,"menu_order":0,"comment_status":"closed","ping_status":"closed","template":"","meta":{"_monsterinsights_skip_tracking":false,"_monsterinsights_sitenote_active":false,"_monsterinsights_sitenote_note":"","_monsterinsights_sitenote_category":0},"yoast_head":"<!-- This site is optimized with the Yoast SEO plugin v20.3 - https:\/\/yoast.com\/wordpress\/plugins\/seo\/ -->\n<title>Location cullinan - LR MC<\/title>\n<meta name=\"robots\" content=\"index, follow, max-snippet:-1, max-image-preview:large, max-video-preview:-1\" \/>\n<link rel=\"canonical\" href=\"https:\/\/luxury-rental-mc.com\/fr\/location-voiture\/cullinan\/\" \/>\n<meta property=\"og:locale\" content=\"fr_FR\" \/>\n<meta property=\"og:type\" content=\"article\" \/>\n<meta property=\"og:title\" content=\"Location cullinan - LR MC\" \/>\n<meta property=\"og:description\" content=\"[vc_row][vc_column width=\u00a0\u00bb2\/3&Prime;][mk_title_box size=\u00a0\u00bb16&Prime; letter_spacing=\u00a0\u00bb4&Prime; margin_bottom=\u00a0\u00bb0&Prime; font_family=\u00a0\u00bbnone\u00a0\u00bb] Location Rolls-Royce Cullinan [\/mk_title_box][mk_swipe_slideshow images=\u00a0\u00bb12358,12360,12362,12364,12366&Prime; image_width=\u00a0\u00bb750&Prime; image_height=\u00a0\u00bb380&Prime;][vc_column_text css=\u00a0\u00bb.vc_custom_1554071266445{margin-bottom: 0px !important;}\u00a0\u00bb]Notre agence de location de v\u00e9hicules de prestige MC Luxury Rental propose le nouveau SUV ultra-luxe du constructeur britannique Rolls-Royce, le Cullinan. Nos services sur mesure de livraison de v\u00e9hicule de luxe permettent de mettre \u00e0 votre disposition la Rolls-Royce [&hellip;]\" \/>\n<meta property=\"og:url\" content=\"https:\/\/luxury-rental-mc.com\/fr\/location-voiture\/cullinan\/\" \/>\n<meta property=\"og:site_name\" content=\"Luxury Car Rentals | Monaco, Nice, Cannes, Saint-Tropez\" \/>\n<meta property=\"article:modified_time\" content=\"2019-05-29T20:48:50+00:00\" \/>\n<meta name=\"twitter:label1\" content=\"Dur\u00e9e de lecture estim\u00e9e\" \/>\n\t<meta name=\"twitter:data1\" content=\"3 minutes\" \/>\n<script type=\"application\/ld+json\" class=\"yoast-schema-graph\">{\"@context\":\"https:\/\/schema.org\",\"@graph\":[{\"@type\":\"WebPage\",\"@id\":\"https:\/\/luxury-rental-mc.com\/fr\/location-voiture\/cullinan\/\",\"url\":\"https:\/\/luxury-rental-mc.com\/fr\/location-voiture\/cullinan\/\",\"name\":\"Location cullinan - LR MC\",\"isPartOf\":{\"@id\":\"https:\/\/luxury-rental-mc.com\/#website\"},\"datePublished\":\"2019-02-26T10:40:41+00:00\",\"dateModified\":\"2019-05-29T20:48:50+00:00\",\"breadcrumb\":{\"@id\":\"https:\/\/luxury-rental-mc.com\/fr\/location-voiture\/cullinan\/#breadcrumb\"},\"inLanguage\":\"fr-FR\",\"potentialAction\":[{\"@type\":\"ReadAction\",\"target\":[\"https:\/\/luxury-rental-mc.com\/fr\/location-voiture\/cullinan\/\"]}]},{\"@type\":\"BreadcrumbList\",\"@id\":\"https:\/\/luxury-rental-mc.com\/fr\/location-voiture\/cullinan\/#breadcrumb\",\"itemListElement\":[{\"@type\":\"ListItem\",\"position\":1,\"name\":\"Accueil\",\"item\":\"https:\/\/luxury-rental-mc.com\/fr\/\"},{\"@type\":\"ListItem\",\"position\":2,\"name\":\"Location\",\"item\":\"https:\/\/luxury-rental-mc.com\/fr\/location-voiture\/\"},{\"@type\":\"ListItem\",\"position\":3,\"name\":\"Cullinan\"}]},{\"@type\":\"WebSite\",\"@id\":\"https:\/\/luxury-rental-mc.com\/#website\",\"url\":\"https:\/\/luxury-rental-mc.com\/\",\"name\":\"Luxury Car Rentals | Monaco, Nice, Cannes, Saint-Tropez\",\"description\":\"Rent the finest brands : Porsche, Ferrari, Lamborghini, Mercedes...\",\"potentialAction\":[{\"@type\":\"SearchAction\",\"target\":{\"@type\":\"EntryPoint\",\"urlTemplate\":\"https:\/\/luxury-rental-mc.com\/?s={search_term_string}\"},\"query-input\":\"required name=search_term_string\"}],\"inLanguage\":\"fr-FR\"}]}<\/script>\n<!-- \/ Yoast SEO plugin. -->","yoast_head_json":{"title":"Location cullinan - LR MC","robots":{"index":"index","follow":"follow","max-snippet":"max-snippet:-1","max-image-preview":"max-image-preview:large","max-video-preview":"max-video-preview:-1"},"canonical":"https:\/\/luxury-rental-mc.com\/fr\/location-voiture\/cullinan\/","og_locale":"fr_FR","og_type":"article","og_title":"Location cullinan - LR MC","og_description":"[vc_row][vc_column width=\u00a0\u00bb2\/3&Prime;][mk_title_box size=\u00a0\u00bb16&Prime; letter_spacing=\u00a0\u00bb4&Prime; margin_bottom=\u00a0\u00bb0&Prime; font_family=\u00a0\u00bbnone\u00a0\u00bb] Location Rolls-Royce Cullinan [\/mk_title_box][mk_swipe_slideshow images=\u00a0\u00bb12358,12360,12362,12364,12366&Prime; image_width=\u00a0\u00bb750&Prime; image_height=\u00a0\u00bb380&Prime;][vc_column_text css=\u00a0\u00bb.vc_custom_1554071266445{margin-bottom: 0px !important;}\u00a0\u00bb]Notre agence de location de v\u00e9hicules de prestige MC Luxury Rental propose le nouveau SUV ultra-luxe du constructeur britannique Rolls-Royce, le Cullinan. Nos services sur mesure de livraison de v\u00e9hicule de luxe permettent de mettre \u00e0 votre disposition la Rolls-Royce [&hellip;]","og_url":"https:\/\/luxury-rental-mc.com\/fr\/location-voiture\/cullinan\/","og_site_name":"Luxury Car Rentals | Monaco, Nice, Cannes, Saint-Tropez","article_modified_time":"2019-05-29T20:48:50+00:00","twitter_misc":{"Dur\u00e9e de lecture estim\u00e9e":"3 minutes"},"schema":{"@context":"https:\/\/schema.org","@graph":[{"@type":"WebPage","@id":"https:\/\/luxury-rental-mc.com\/fr\/location-voiture\/cullinan\/","url":"https:\/\/luxury-rental-mc.com\/fr\/location-voiture\/cullinan\/","name":"Location cullinan - LR MC","isPartOf":{"@id":"https:\/\/luxury-rental-mc.com\/#website"},"datePublished":"2019-02-26T10:40:41+00:00","dateModified":"2019-05-29T20:48:50+00:00","breadcrumb":{"@id":"https:\/\/luxury-rental-mc.com\/fr\/location-voiture\/cullinan\/#breadcrumb"},"inLanguage":"fr-FR","potentialAction":[{"@type":"ReadAction","target":["https:\/\/luxury-rental-mc.com\/fr\/location-voiture\/cullinan\/"]}]},{"@type":"BreadcrumbList","@id":"https:\/\/luxury-rental-mc.com\/fr\/location-voiture\/cullinan\/#breadcrumb","itemListElement":[{"@type":"ListItem","position":1,"name":"Accueil","item":"https:\/\/luxury-rental-mc.com\/fr\/"},{"@type":"ListItem","position":2,"name":"Location","item":"https:\/\/luxury-rental-mc.com\/fr\/location-voiture\/"},{"@type":"ListItem","position":3,"name":"Cullinan"}]},{"@type":"WebSite","@id":"https:\/\/luxury-rental-mc.com\/#website","url":"https:\/\/luxury-rental-mc.com\/","name":"Luxury Car Rentals | Monaco, Nice, Cannes, Saint-Tropez","description":"Rent the finest brands : Porsche, Ferrari, Lamborghini, Mercedes...","potentialAction":[{"@type":"SearchAction","target":{"@type":"EntryPoint","urlTemplate":"https:\/\/luxury-rental-mc.com\/?s={search_term_string}"},"query-input":"required name=search_term_string"}],"inLanguage":"fr-FR"}]}},"_links":{"self":[{"href":"https:\/\/luxury-rental-mc.com\/fr\/wp-json\/wp\/v2\/pages\/11911\/"}],"collection":[{"href":"https:\/\/luxury-rental-mc.com\/fr\/wp-json\/wp\/v2\/pages\/"}],"about":[{"href":"https:\/\/luxury-rental-mc.com\/fr\/wp-json\/wp\/v2\/types\/page\/"}],"author":[{"embeddable":true,"href":"https:\/\/luxury-rental-mc.com\/fr\/wp-json\/wp\/v2\/users\/1\/"}],"replies":[{"embeddable":true,"href":"https:\/\/luxury-rental-mc.com\/fr\/wp-json\/wp\/v2\/comments\/?post=11911"}],"version-history":[{"count":8,"href":"https:\/\/luxury-rental-mc.com\/fr\/wp-json\/wp\/v2\/pages\/11911\/revisions\/"}],"predecessor-version":[{"id":12370,"href":"https:\/\/luxury-rental-mc.com\/fr\/wp-json\/wp\/v2\/pages\/11911\/revisions\/12370\/"}],"up":[{"embeddable":true,"href":"https:\/\/luxury-rental-mc.com\/fr\/wp-json\/wp\/v2\/pages\/7038\/"}],"wp:attachment":[{"href":"https:\/\/luxury-rental-mc.com\/fr\/wp-json\/wp\/v2\/media\/?parent=11911"}],"curies":[{"name":"wp","href":"https:\/\/api.w.org\/{rel}","templated":true}]}}