{"id":11921,"date":"2019-02-26T12:06:33","date_gmt":"2019-02-26T11:06:33","guid":{"rendered":"https:\/\/luxury-rental-mc.com\/?page_id=11921"},"modified":"2020-07-31T18:21:35","modified_gmt":"2020-07-31T16:21:35","slug":"porsche-911-992-s-cab","status":"publish","type":"page","link":"https:\/\/luxury-rental-mc.com\/fr\/location-voiture\/porsche-911-992-s-cab\/","title":{"rendered":"Porsche 911 992 S cab"},"content":{"rendered":"[vc_row][vc_column width=\u00a0\u00bb2\/3&Prime;][mk_title_box size=\u00a0\u00bb16&Prime; letter_spacing=\u00a0\u00bb4&Prime; margin_bottom=\u00a0\u00bb0&Prime; font_family=\u00a0\u00bbnone\u00a0\u00bb]\n<h1><span style=\"font-size: 14pt;\">Location Porsche 911 992 S cab<\/span><\/h1>\n[\/mk_title_box][mk_swipe_slideshow images=\u00a0\u00bb11906,11901,11899&Prime; image_width=\u00a0\u00bb750&Prime; image_height=\u00a0\u00bb400&Prime;][vc_column_text css=\u00a0\u00bb.vc_custom_1553348456187{margin-bottom: 0px !important;}\u00a0\u00bb]<span style=\"font-size: 10pt;\">MC Luxury Rental propose la <strong>location de la nouvelle Porsche 992 convertible<\/strong>. Cette voiture de sport cabriolet s\u2019annonce comme une v\u00e9ritable r\u00e9volution dans l\u2019univers de la location automobile de prestige. <\/span><a style=\"font-size: 10pt;\" href=\"https:\/\/luxury-rental-mc.com\/fr\/porsche\">Le constructeur Porsche<\/a><span style=\"font-size: 10pt;\"> a su r\u00e9inventer son mod\u00e8le iconique par son design et ses performances. Pour r\u00e9server une location de voiture de sport, louer une Porsche 911 992 Carrera S. La nouvelle Porsche 911 8\u00e8me g\u00e9n\u00e9ration (992) sera parfaite pour une location de <\/span><a style=\"font-size: 10pt;\" href=\"https:\/\/luxury-rental-mc.com\/fr\/location-voiture-luxe\/nice\">voiture de sport cabriolet \u00e0 l\u2019a\u00e9roport de Nice<\/a><span style=\"font-size: 10pt;\">. Gr\u00e2ce \u00e0 cette version convertible,<strong> louer la Porsche 911 922 Carrera S<\/strong> vous permettra de profiter d\u2019une conduite sportive sous le soleil de Monaco et ses alentours (Villefranche-sur-Mer, St Jean Cap-Ferrat, Beaulieu-sur-Mer). Offrez vous un moment de plaisir, avec la <strong>location d\u2019une Porsche 911 922 cabriolet \u00e0 Monte-Carlo<\/strong> (Principaut\u00e9 de Monaco).\u00a0La nouvelle Porsche 911 992 Carrera S cabriolet est un m\u00e9lange subtil entre tradition et modernit\u00e9. Dot\u00e9 d\u2019un moteur 6 cylindres de 450 ch, la nouvelle Porsche 992 Carrera S convertible atteint 0 \u00e0 100km\/h en seulement 3,5s. <\/span><a style=\"font-size: 10pt;\" href=\"https:\/\/luxury-rental-mc.com\/fr\/location-voiture-luxe\/cannes\">Louer une Porsche 911 922 Carrera S convertible \u00e0 Cannes<\/a><span style=\"font-size: 10pt;\"> durant l\u2019\u00e9v\u00e8nement du Festival International du Film. Polyvalente, la Porsche 911 992 Carrera S cabriolet est id\u00e9ale sur l\u2019autoroute entre <strong>Paris<\/strong> et l\u2019<strong>a\u00e9roport de Lyon Bron<\/strong>, comme sur les routes montagneuses de la Grande Corniche entre l\u2019a\u00e9roport de Nice et la Principaut\u00e9 de Monaco. Au volant de cette nouvelle Porsche 992 S cabriolet vous pourrez conduire dans l\u2019arri\u00e8re pays proven\u00e7al en direction de Grimaud ou encore vers la Riviera italienne pour les stations baln\u00e9aires de Forte dei Marmi ou Portofino. <\/span><a style=\"font-size: 10pt;\" href=\"https:\/\/luxury-rental-mc.com\/fr\/news-fr\/louer-une-voiture-de-luxe-en-europe\">Louer une Porsche 911 992 S cabriolet en Europe<\/a><span style=\"font-size: 10pt;\"> (France, Italie, Suisse, Espagne\u2026) et b\u00e9n\u00e9ficiez d\u2019une livraison du v\u00e9hicule de location sur mesure 24\/7 (\u00e0 votre domicile au <strong>Cap d\u2019Antibes<\/strong>, votre mas \u00e0 <strong>Saint-Tropez<\/strong>, \u00e0 votre hotel \u00e0 Nice, \u00e0 votre villa \u00e0 Marbella, \u00e0 l\u2019h\u00e9liport de Monte-Carlo, au Vieux Port de <strong>Cannes<\/strong>, \u00e0 l&rsquo;<strong>a\u00e9roport international de Marseille-Marignane<\/strong> ou au terminal d\u2019affaires du Castellet\u2026)<\/span>[\/vc_column_text][\/vc_column][vc_column width=\u00a0\u00bb1\/3&Prime;][mk_padding_divider size=\u00a0\u00bb12&Prime;][mk_title_box size=\u00a0\u00bb16&Prime; letter_spacing=\u00a0\u00bb4&Prime; margin_bottom=\u00a0\u00bb0&Prime; font_family=\u00a0\u00bbnone\u00a0\u00bb]\n<h2><span style=\"font-size: 14pt;\">Tarifs<\/span><\/h2>\n[\/mk_title_box][vc_table vc_table_theme=\u00a0\u00bbsimple_pink\u00a0\u00bb][align-left]Journ%C3%A9e%20(150%20Km),[align-left]1050%20%E2%82%AC|[b;align-left]3%20Jours%20(500%20km),[align-left]3000%20%E2%82%AC|[b;align-left]5%20Jours%20(750%20Km),[align-left]4500%20%E2%82%AC|[b;align-left]Jour%20supp.,[align-left]850%20%E2%82%AC[\/vc_table][mk_button dimension=\u00a0\u00bboutline\u00a0\u00bb size=\u00a0\u00bblarge\u00a0\u00bb icon=\u00a0\u00bbmk-li-call\u00a0\u00bb url=\u00a0\u00bbhttps:\/\/luxury-rental-mc.com\/fr\/contact\/\u00a0\u00bb align=\u00a0\u00bbcenter\u00a0\u00bb fullwidth=\u00a0\u00bbtrue\u00a0\u00bb visibility=\u00a0\u00bbhidden-sm\u00a0\u00bb]R\u00e9servation +33762841105[\/mk_button][mk_button dimension=\u00a0\u00bboutline\u00a0\u00bb size=\u00a0\u00bblarge\u00a0\u00bb icon=\u00a0\u00bbmk-li-call\u00a0\u00bb url=\u00a0\u00bbtel:+33762841105&Prime; align=\u00a0\u00bbcenter\u00a0\u00bb fullwidth=\u00a0\u00bbtrue\u00a0\u00bb visibility=\u00a0\u00bbhidden-dt\u00a0\u00bb]Reservation[\/mk_button][vc_column_text css=\u00a0\u00bb.vc_custom_1551890146517{margin-bottom: 0px !important;}\u00a0\u00bb]Marque\u00a0:\u00a0Porsche<br \/>\nMod\u00e8le :\u00a0911 992 S cabriolet<br \/>\nNombre de places : 4<br \/>\nPuissance : 450 ch<br \/>\nCylindr\u00e9e\u00a0: 2981 cm3<br \/>\nVitesse\u00a0max : 304 km\/h<br \/>\nConsommation Mixte\u00a0: 9.1 l\/100 km<br \/>\nAge minimum\u00a0: 21 ans[\/vc_column_text][\/vc_column][\/vc_row][vc_row fullwidth=\u00a0\u00bbtrue\u00a0\u00bb][vc_column][mk_clients clients=\u00a0\u00bb7183,7187,7173,7185,7177,7175,7179,7181,7189&Prime;][\/vc_column][\/vc_row]\n","protected":false},"excerpt":{"rendered":"<p>[vc_row][vc_column width=\u00a0\u00bb2\/3&Prime;][mk_title_box size=\u00a0\u00bb16&Prime; letter_spacing=\u00a0\u00bb4&Prime; margin_bottom=\u00a0\u00bb0&Prime; font_family=\u00a0\u00bbnone\u00a0\u00bb] Location Porsche 911 992 S cab [\/mk_title_box][mk_swipe_slideshow images=\u00a0\u00bb11906,11901,11899&Prime; image_width=\u00a0\u00bb750&Prime; image_height=\u00a0\u00bb400&Prime;][vc_column_text css=\u00a0\u00bb.vc_custom_1553348456187{margin-bottom: 0px !important;}\u00a0\u00bb]MC Luxury Rental propose la location de la nouvelle Porsche 992 convertible. Cette voiture de sport cabriolet s\u2019annonce comme une v\u00e9ritable r\u00e9volution dans l\u2019univers de la location automobile de prestige. Le constructeur Porsche a su r\u00e9inventer son [&hellip;]<\/p>\n","protected":false},"author":1,"featured_media":0,"parent":7038,"menu_order":0,"comment_status":"closed","ping_status":"closed","template":"","meta":{"_monsterinsights_skip_tracking":false,"_monsterinsights_sitenote_active":false,"_monsterinsights_sitenote_note":"","_monsterinsights_sitenote_category":0},"yoast_head":"<!-- This site is optimized with the Yoast SEO plugin v20.3 - https:\/\/yoast.com\/wordpress\/plugins\/seo\/ -->\n<title>Porsche 911 992 S cab - Luxury Car Rentals | Monaco, Nice, Cannes, Saint-Tropez<\/title>\n<meta name=\"robots\" content=\"index, follow, max-snippet:-1, max-image-preview:large, max-video-preview:-1\" \/>\n<link rel=\"canonical\" href=\"https:\/\/luxury-rental-mc.com\/fr\/location-voiture\/porsche-911-992-s-cab\/\" \/>\n<meta property=\"og:locale\" content=\"fr_FR\" \/>\n<meta property=\"og:type\" content=\"article\" \/>\n<meta property=\"og:title\" content=\"Porsche 911 992 S cab - Luxury Car Rentals | Monaco, Nice, Cannes, Saint-Tropez\" \/>\n<meta property=\"og:description\" content=\"[vc_row][vc_column width=\u00a0\u00bb2\/3&Prime;][mk_title_box size=\u00a0\u00bb16&Prime; letter_spacing=\u00a0\u00bb4&Prime; margin_bottom=\u00a0\u00bb0&Prime; font_family=\u00a0\u00bbnone\u00a0\u00bb] Location Porsche 911 992 S cab [\/mk_title_box][mk_swipe_slideshow images=\u00a0\u00bb11906,11901,11899&Prime; image_width=\u00a0\u00bb750&Prime; image_height=\u00a0\u00bb400&Prime;][vc_column_text css=\u00a0\u00bb.vc_custom_1553348456187{margin-bottom: 0px !important;}\u00a0\u00bb]MC Luxury Rental propose la location de la nouvelle Porsche 992 convertible. Cette voiture de sport cabriolet s\u2019annonce comme une v\u00e9ritable r\u00e9volution dans l\u2019univers de la location automobile de prestige. Le constructeur Porsche a su r\u00e9inventer son [&hellip;]\" \/>\n<meta property=\"og:url\" content=\"https:\/\/luxury-rental-mc.com\/fr\/location-voiture\/porsche-911-992-s-cab\/\" \/>\n<meta property=\"og:site_name\" content=\"Luxury Car Rentals | Monaco, Nice, Cannes, Saint-Tropez\" \/>\n<meta property=\"article:modified_time\" content=\"2020-07-31T16:21:35+00:00\" \/>\n<meta name=\"twitter:label1\" content=\"Dur\u00e9e de lecture estim\u00e9e\" \/>\n\t<meta name=\"twitter:data1\" content=\"3 minutes\" \/>\n<script type=\"application\/ld+json\" class=\"yoast-schema-graph\">{\"@context\":\"https:\/\/schema.org\",\"@graph\":[{\"@type\":\"WebPage\",\"@id\":\"https:\/\/luxury-rental-mc.com\/fr\/location-voiture\/porsche-911-992-s-cab\/\",\"url\":\"https:\/\/luxury-rental-mc.com\/fr\/location-voiture\/porsche-911-992-s-cab\/\",\"name\":\"Porsche 911 992 S cab - Luxury Car Rentals | Monaco, Nice, Cannes, Saint-Tropez\",\"isPartOf\":{\"@id\":\"https:\/\/luxury-rental-mc.com\/#website\"},\"datePublished\":\"2019-02-26T11:06:33+00:00\",\"dateModified\":\"2020-07-31T16:21:35+00:00\",\"breadcrumb\":{\"@id\":\"https:\/\/luxury-rental-mc.com\/fr\/location-voiture\/porsche-911-992-s-cab\/#breadcrumb\"},\"inLanguage\":\"fr-FR\",\"potentialAction\":[{\"@type\":\"ReadAction\",\"target\":[\"https:\/\/luxury-rental-mc.com\/fr\/location-voiture\/porsche-911-992-s-cab\/\"]}]},{\"@type\":\"BreadcrumbList\",\"@id\":\"https:\/\/luxury-rental-mc.com\/fr\/location-voiture\/porsche-911-992-s-cab\/#breadcrumb\",\"itemListElement\":[{\"@type\":\"ListItem\",\"position\":1,\"name\":\"Accueil\",\"item\":\"https:\/\/luxury-rental-mc.com\/fr\/\"},{\"@type\":\"ListItem\",\"position\":2,\"name\":\"Location\",\"item\":\"https:\/\/luxury-rental-mc.com\/fr\/location-voiture\/\"},{\"@type\":\"ListItem\",\"position\":3,\"name\":\"Porsche 911 992 S cab\"}]},{\"@type\":\"WebSite\",\"@id\":\"https:\/\/luxury-rental-mc.com\/#website\",\"url\":\"https:\/\/luxury-rental-mc.com\/\",\"name\":\"Luxury Car Rentals | Monaco, Nice, Cannes, Saint-Tropez\",\"description\":\"Rent the finest brands : Porsche, Ferrari, Lamborghini, Mercedes...\",\"potentialAction\":[{\"@type\":\"SearchAction\",\"target\":{\"@type\":\"EntryPoint\",\"urlTemplate\":\"https:\/\/luxury-rental-mc.com\/?s={search_term_string}\"},\"query-input\":\"required name=search_term_string\"}],\"inLanguage\":\"fr-FR\"}]}<\/script>\n<!-- \/ Yoast SEO plugin. -->","yoast_head_json":{"title":"Porsche 911 992 S cab - Luxury Car Rentals | Monaco, Nice, Cannes, Saint-Tropez","robots":{"index":"index","follow":"follow","max-snippet":"max-snippet:-1","max-image-preview":"max-image-preview:large","max-video-preview":"max-video-preview:-1"},"canonical":"https:\/\/luxury-rental-mc.com\/fr\/location-voiture\/porsche-911-992-s-cab\/","og_locale":"fr_FR","og_type":"article","og_title":"Porsche 911 992 S cab - Luxury Car Rentals | Monaco, Nice, Cannes, Saint-Tropez","og_description":"[vc_row][vc_column width=\u00a0\u00bb2\/3&Prime;][mk_title_box size=\u00a0\u00bb16&Prime; letter_spacing=\u00a0\u00bb4&Prime; margin_bottom=\u00a0\u00bb0&Prime; font_family=\u00a0\u00bbnone\u00a0\u00bb] Location Porsche 911 992 S cab [\/mk_title_box][mk_swipe_slideshow images=\u00a0\u00bb11906,11901,11899&Prime; image_width=\u00a0\u00bb750&Prime; image_height=\u00a0\u00bb400&Prime;][vc_column_text css=\u00a0\u00bb.vc_custom_1553348456187{margin-bottom: 0px !important;}\u00a0\u00bb]MC Luxury Rental propose la location de la nouvelle Porsche 992 convertible. Cette voiture de sport cabriolet s\u2019annonce comme une v\u00e9ritable r\u00e9volution dans l\u2019univers de la location automobile de prestige. Le constructeur Porsche a su r\u00e9inventer son [&hellip;]","og_url":"https:\/\/luxury-rental-mc.com\/fr\/location-voiture\/porsche-911-992-s-cab\/","og_site_name":"Luxury Car Rentals | Monaco, Nice, Cannes, Saint-Tropez","article_modified_time":"2020-07-31T16:21:35+00:00","twitter_misc":{"Dur\u00e9e de lecture estim\u00e9e":"3 minutes"},"schema":{"@context":"https:\/\/schema.org","@graph":[{"@type":"WebPage","@id":"https:\/\/luxury-rental-mc.com\/fr\/location-voiture\/porsche-911-992-s-cab\/","url":"https:\/\/luxury-rental-mc.com\/fr\/location-voiture\/porsche-911-992-s-cab\/","name":"Porsche 911 992 S cab - Luxury Car Rentals | Monaco, Nice, Cannes, Saint-Tropez","isPartOf":{"@id":"https:\/\/luxury-rental-mc.com\/#website"},"datePublished":"2019-02-26T11:06:33+00:00","dateModified":"2020-07-31T16:21:35+00:00","breadcrumb":{"@id":"https:\/\/luxury-rental-mc.com\/fr\/location-voiture\/porsche-911-992-s-cab\/#breadcrumb"},"inLanguage":"fr-FR","potentialAction":[{"@type":"ReadAction","target":["https:\/\/luxury-rental-mc.com\/fr\/location-voiture\/porsche-911-992-s-cab\/"]}]},{"@type":"BreadcrumbList","@id":"https:\/\/luxury-rental-mc.com\/fr\/location-voiture\/porsche-911-992-s-cab\/#breadcrumb","itemListElement":[{"@type":"ListItem","position":1,"name":"Accueil","item":"https:\/\/luxury-rental-mc.com\/fr\/"},{"@type":"ListItem","position":2,"name":"Location","item":"https:\/\/luxury-rental-mc.com\/fr\/location-voiture\/"},{"@type":"ListItem","position":3,"name":"Porsche 911 992 S cab"}]},{"@type":"WebSite","@id":"https:\/\/luxury-rental-mc.com\/#website","url":"https:\/\/luxury-rental-mc.com\/","name":"Luxury Car Rentals | Monaco, Nice, Cannes, Saint-Tropez","description":"Rent the finest brands : Porsche, Ferrari, Lamborghini, Mercedes...","potentialAction":[{"@type":"SearchAction","target":{"@type":"EntryPoint","urlTemplate":"https:\/\/luxury-rental-mc.com\/?s={search_term_string}"},"query-input":"required name=search_term_string"}],"inLanguage":"fr-FR"}]}},"_links":{"self":[{"href":"https:\/\/luxury-rental-mc.com\/fr\/wp-json\/wp\/v2\/pages\/11921\/"}],"collection":[{"href":"https:\/\/luxury-rental-mc.com\/fr\/wp-json\/wp\/v2\/pages\/"}],"about":[{"href":"https:\/\/luxury-rental-mc.com\/fr\/wp-json\/wp\/v2\/types\/page\/"}],"author":[{"embeddable":true,"href":"https:\/\/luxury-rental-mc.com\/fr\/wp-json\/wp\/v2\/users\/1\/"}],"replies":[{"embeddable":true,"href":"https:\/\/luxury-rental-mc.com\/fr\/wp-json\/wp\/v2\/comments\/?post=11921"}],"version-history":[{"count":6,"href":"https:\/\/luxury-rental-mc.com\/fr\/wp-json\/wp\/v2\/pages\/11921\/revisions\/"}],"predecessor-version":[{"id":77620,"href":"https:\/\/luxury-rental-mc.com\/fr\/wp-json\/wp\/v2\/pages\/11921\/revisions\/77620\/"}],"up":[{"embeddable":true,"href":"https:\/\/luxury-rental-mc.com\/fr\/wp-json\/wp\/v2\/pages\/7038\/"}],"wp:attachment":[{"href":"https:\/\/luxury-rental-mc.com\/fr\/wp-json\/wp\/v2\/media\/?parent=11921"}],"curies":[{"name":"wp","href":"https:\/\/api.w.org\/{rel}","templated":true}]}}