{"id":12201,"date":"2019-04-11T16:00:26","date_gmt":"2019-04-11T14:00:26","guid":{"rendered":"https:\/\/luxury-rental-mc.com\/location-voiture\/audi-rs6"},"modified":"2019-04-23T20:05:12","modified_gmt":"2019-04-23T18:05:12","slug":"audi-rs6","status":"publish","type":"page","link":"https:\/\/luxury-rental-mc.com\/fr\/location-voiture\/audi-rs6\/","title":{"rendered":"Audi RS6"},"content":{"rendered":"[vc_row][vc_column width=\u00a0\u00bb2\/3&Prime;][mk_title_box size=\u00a0\u00bb16&Prime; letter_spacing=\u00a0\u00bb4&Prime; margin_bottom=\u00a0\u00bb0&Prime; font_family=\u00a0\u00bbnone\u00a0\u00bb]\n<h1><span style=\"font-size: 14pt;\">Location Audi RS6 Performance<\/span><\/h1>\n[\/mk_title_box][mk_swipe_slideshow images=\u00a0\u00bb12188,12186,12184,12182,12180&Prime; image_width=\u00a0\u00bb750&Prime; image_height=\u00a0\u00bb380&Prime;][vc_column_text css=\u00a0\u00bb.vc_custom_1556042683885{margin-bottom: 0px !important;}\u00a0\u00bb]<span style=\"font-size: 10pt;\">L\u2019Audi RS6 Performance est une vraie voiture de sport, c\u2019est le break de location le plus puissant du monde. Ce v\u00e9hicule de location est dot\u00e9 de 605 chevaux permettant d\u2019atteindre le 0 \u00e0 100 km\/h en seulement 3,5 secondes. Gr\u00e2ce \u00e0 ses 5 places, vous pourrez <strong>louer ce v\u00e9hicule de luxe \u00e0 Monaco<\/strong> lors de vos vacances en famille. Cette sportive familiale permettra le chargement de vos bagages d\u00e8s votre arriv\u00e9e \u00e0 l\u2019a\u00e9roport de Nice C\u00f4te d\u2019Azur. <\/span><a style=\"font-size: 10pt;\" href=\"https:\/\/luxury-rental-mc.com\/fr\/location-voiture-luxe\/cannes\">Louer une berline sportive Audi RS6 Performance \u00e0 Cannes<\/a><span style=\"font-size: 10pt;\"> et d\u00e9couvrez de nouvelles sensations au volant d\u2019une Audi sportive. A bord de cette Audi RS6 Performance de location, vous ne laisserez personne indiff\u00e9rent sur votre passage entre <strong>Nice<\/strong> et <strong>Saint Tropez<\/strong>. Aussi puissante qu\u2019une supercar, cette Audi RS6 Performante \u00e9tonnera m\u00eame les plus aguerris en mati\u00e8re de voiture de sport. <\/span><a style=\"font-size: 10pt;\" href=\"https:\/\/luxury-rental-mc.com\/fr\/location-voiture-luxe\/autres-villes\/location-voiture-de-luxe-forte-dei-marmi\">Louer une Audi RS6 Performante \u00e0 Forte Dei Marmi<\/a><span style=\"font-size: 10pt;\"> ou Portofino pour vos vacances estivales dans la cit\u00e9 baln\u00e9aire d\u2019Italie. Pour les longs trajets cette familiale sportive vous fera voyager en premi\u00e8re classe entre l\u2019<strong>a\u00e9roport de Paris CDG<\/strong> et l\u2019a\u00e9roport de Barcelone-El Prat. Sur la C\u00f4te d\u2019Azur, d\u00e9couvrez la Provence (Le Castellet, <strong>Grimaud<\/strong>, Cassis) au volant d\u2019une voiture de sport de location. Louer une Audi RS6 Performance \u00e0 Monaco, et choisissez la livraison de votre v\u00e9hicule de location sur mesure 24\/7 \u00e0 l\u2019h\u00e9liport de Monaco, \u00e0 votre hotel de prestige, devant votre yacht sur le Port Hercule\u2026 La location d\u2019une Audi RS6 Performante facilite tous vos d\u00e9placements en Europe gr\u00e2ce \u00e0 la location en aller-simple avec un lieu de prise en charge diff\u00e9rent du lieu de d\u00e9part. R\u00e9servez d\u00e8s aujourd\u2019hui pour <strong>louer une Audi RS6 berline \u00e0 Gordes<\/strong> et la restituer \u00e0 l\u2019a\u00e9roport de Toulon-Hy\u00e8res. Offrez vous un moment de libert\u00e9 au volant d\u2019une <\/span><a style=\"font-size: 10pt;\" href=\"https:\/\/luxury-rental-mc.com\/fr\/location-voiture-luxe\/monaco\">voiture de sport de location \u00e0 Monaco<\/a><span style=\"font-size: 10pt;\">.<\/span>[\/vc_column_text][\/vc_column][vc_column width=\u00a0\u00bb1\/3&Prime;][mk_padding_divider size=\u00a0\u00bb12&Prime;][mk_title_box size=\u00a0\u00bb16&Prime; letter_spacing=\u00a0\u00bb4&Prime; margin_bottom=\u00a0\u00bb0&Prime; font_family=\u00a0\u00bbnone\u00a0\u00bb]\n<h2><span style=\"font-size: 14pt;\">Tarifs<\/span><\/h2>\n[\/mk_title_box][vc_table vc_table_theme=\u00a0\u00bbsimple_pink\u00a0\u00bb][align-left]Journ%C3%A9e%20(150%20Km),[align-left]750%E2%82%AC|[b;align-left]3%20Jours%20(500%20km),[align-left]2100%E2%82%AC|[b;align-left]5%20Jours%20(750%20Km),[align-left]3000%E2%82%AC|[b;align-left]Jour%20supp.,[align-left]500%E2%82%AC[\/vc_table][mk_button dimension=\u00a0\u00bboutline\u00a0\u00bb size=\u00a0\u00bblarge\u00a0\u00bb icon=\u00a0\u00bbmk-li-call\u00a0\u00bb url=\u00a0\u00bbhttps:\/\/luxury-rental-mc.com\/fr\/contact\/\u00a0\u00bb align=\u00a0\u00bbcenter\u00a0\u00bb fullwidth=\u00a0\u00bbtrue\u00a0\u00bb visibility=\u00a0\u00bbhidden-sm\u00a0\u00bb]R\u00e9servation +33762841105[\/mk_button][mk_button dimension=\u00a0\u00bboutline\u00a0\u00bb size=\u00a0\u00bblarge\u00a0\u00bb icon=\u00a0\u00bbmk-li-call\u00a0\u00bb url=\u00a0\u00bbtel:+33762841105&Prime; align=\u00a0\u00bbcenter\u00a0\u00bb fullwidth=\u00a0\u00bbtrue\u00a0\u00bb visibility=\u00a0\u00bbhidden-dt\u00a0\u00bb]Reservation[\/mk_button][vc_column_text css=\u00a0\u00bb.vc_custom_1555081189140{margin-bottom: 0px !important;}\u00a0\u00bb]Marque\u00a0:\u00a0Audi<br \/>\nMod\u00e8le :\u00a0RS6 Performance<br \/>\nNombre de places :\u00a05<br \/>\nPuissance : 605 Ch<br \/>\nCylindr\u00e9e\u00a0: 1993\u00a0cm3<br \/>\nVitesse\u00a0max :\u00a0280 Km\/h<br \/>\nConsommation Mixte\u00a0: 9,6 l \/100 km<br \/>\nAge minimum\u00a0: 21 ans[\/vc_column_text][\/vc_column][\/vc_row][vc_row fullwidth=\u00a0\u00bbtrue\u00a0\u00bb][vc_column][mk_clients clients=\u00a0\u00bb7183,7187,7173,7185,7177,7175,7179,7181,7189&Prime;][\/vc_column][\/vc_row]\n","protected":false},"excerpt":{"rendered":"<p>[vc_row][vc_column width=\u00a0\u00bb2\/3&Prime;][mk_title_box size=\u00a0\u00bb16&Prime; letter_spacing=\u00a0\u00bb4&Prime; margin_bottom=\u00a0\u00bb0&Prime; font_family=\u00a0\u00bbnone\u00a0\u00bb] Location Audi RS6 Performance [\/mk_title_box][mk_swipe_slideshow images=\u00a0\u00bb12188,12186,12184,12182,12180&Prime; image_width=\u00a0\u00bb750&Prime; image_height=\u00a0\u00bb380&Prime;][vc_column_text css=\u00a0\u00bb.vc_custom_1556042683885{margin-bottom: 0px !important;}\u00a0\u00bb]L\u2019Audi RS6 Performance est une vraie voiture de sport, c\u2019est le break de location le plus puissant du monde. Ce v\u00e9hicule de location est dot\u00e9 de 605 chevaux permettant d\u2019atteindre le 0 \u00e0 100 km\/h en seulement 3,5 secondes. [&hellip;]<\/p>\n","protected":false},"author":1,"featured_media":0,"parent":7038,"menu_order":0,"comment_status":"closed","ping_status":"closed","template":"","meta":{"_monsterinsights_skip_tracking":false,"_monsterinsights_sitenote_active":false,"_monsterinsights_sitenote_note":"","_monsterinsights_sitenote_category":0},"yoast_head":"<!-- This site is optimized with the Yoast SEO plugin v20.3 - https:\/\/yoast.com\/wordpress\/plugins\/seo\/ -->\n<title>Audi RS6 - Luxury Car Rentals | Monaco, Nice, Cannes, Saint-Tropez<\/title>\n<meta name=\"robots\" content=\"index, follow, max-snippet:-1, max-image-preview:large, max-video-preview:-1\" \/>\n<link rel=\"canonical\" href=\"https:\/\/luxury-rental-mc.com\/fr\/location-voiture\/audi-rs6\/\" \/>\n<meta property=\"og:locale\" content=\"fr_FR\" \/>\n<meta property=\"og:type\" content=\"article\" \/>\n<meta property=\"og:title\" content=\"Audi RS6 - Luxury Car Rentals | Monaco, Nice, Cannes, Saint-Tropez\" \/>\n<meta property=\"og:description\" content=\"[vc_row][vc_column width=\u00a0\u00bb2\/3&Prime;][mk_title_box size=\u00a0\u00bb16&Prime; letter_spacing=\u00a0\u00bb4&Prime; margin_bottom=\u00a0\u00bb0&Prime; font_family=\u00a0\u00bbnone\u00a0\u00bb] Location Audi RS6 Performance [\/mk_title_box][mk_swipe_slideshow images=\u00a0\u00bb12188,12186,12184,12182,12180&Prime; image_width=\u00a0\u00bb750&Prime; image_height=\u00a0\u00bb380&Prime;][vc_column_text css=\u00a0\u00bb.vc_custom_1556042683885{margin-bottom: 0px !important;}\u00a0\u00bb]L\u2019Audi RS6 Performance est une vraie voiture de sport, c\u2019est le break de location le plus puissant du monde. Ce v\u00e9hicule de location est dot\u00e9 de 605 chevaux permettant d\u2019atteindre le 0 \u00e0 100 km\/h en seulement 3,5 secondes. [&hellip;]\" \/>\n<meta property=\"og:url\" content=\"https:\/\/luxury-rental-mc.com\/fr\/location-voiture\/audi-rs6\/\" \/>\n<meta property=\"og:site_name\" content=\"Luxury Car Rentals | Monaco, Nice, Cannes, Saint-Tropez\" \/>\n<meta property=\"article:modified_time\" content=\"2019-04-23T18:05:12+00:00\" \/>\n<meta name=\"twitter:label1\" content=\"Dur\u00e9e de lecture estim\u00e9e\" \/>\n\t<meta name=\"twitter:data1\" content=\"3 minutes\" \/>\n<script type=\"application\/ld+json\" class=\"yoast-schema-graph\">{\"@context\":\"https:\/\/schema.org\",\"@graph\":[{\"@type\":\"WebPage\",\"@id\":\"https:\/\/luxury-rental-mc.com\/fr\/location-voiture\/audi-rs6\/\",\"url\":\"https:\/\/luxury-rental-mc.com\/fr\/location-voiture\/audi-rs6\/\",\"name\":\"Audi RS6 - Luxury Car Rentals | Monaco, Nice, Cannes, Saint-Tropez\",\"isPartOf\":{\"@id\":\"https:\/\/luxury-rental-mc.com\/#website\"},\"datePublished\":\"2019-04-11T14:00:26+00:00\",\"dateModified\":\"2019-04-23T18:05:12+00:00\",\"breadcrumb\":{\"@id\":\"https:\/\/luxury-rental-mc.com\/fr\/location-voiture\/audi-rs6\/#breadcrumb\"},\"inLanguage\":\"fr-FR\",\"potentialAction\":[{\"@type\":\"ReadAction\",\"target\":[\"https:\/\/luxury-rental-mc.com\/fr\/location-voiture\/audi-rs6\/\"]}]},{\"@type\":\"BreadcrumbList\",\"@id\":\"https:\/\/luxury-rental-mc.com\/fr\/location-voiture\/audi-rs6\/#breadcrumb\",\"itemListElement\":[{\"@type\":\"ListItem\",\"position\":1,\"name\":\"Accueil\",\"item\":\"https:\/\/luxury-rental-mc.com\/fr\/\"},{\"@type\":\"ListItem\",\"position\":2,\"name\":\"Location\",\"item\":\"https:\/\/luxury-rental-mc.com\/fr\/location-voiture\/\"},{\"@type\":\"ListItem\",\"position\":3,\"name\":\"Audi RS6\"}]},{\"@type\":\"WebSite\",\"@id\":\"https:\/\/luxury-rental-mc.com\/#website\",\"url\":\"https:\/\/luxury-rental-mc.com\/\",\"name\":\"Luxury Car Rentals | Monaco, Nice, Cannes, Saint-Tropez\",\"description\":\"Rent the finest brands : Porsche, Ferrari, Lamborghini, Mercedes...\",\"potentialAction\":[{\"@type\":\"SearchAction\",\"target\":{\"@type\":\"EntryPoint\",\"urlTemplate\":\"https:\/\/luxury-rental-mc.com\/?s={search_term_string}\"},\"query-input\":\"required name=search_term_string\"}],\"inLanguage\":\"fr-FR\"}]}<\/script>\n<!-- \/ Yoast SEO plugin. -->","yoast_head_json":{"title":"Audi RS6 - Luxury Car Rentals | Monaco, Nice, Cannes, Saint-Tropez","robots":{"index":"index","follow":"follow","max-snippet":"max-snippet:-1","max-image-preview":"max-image-preview:large","max-video-preview":"max-video-preview:-1"},"canonical":"https:\/\/luxury-rental-mc.com\/fr\/location-voiture\/audi-rs6\/","og_locale":"fr_FR","og_type":"article","og_title":"Audi RS6 - Luxury Car Rentals | Monaco, Nice, Cannes, Saint-Tropez","og_description":"[vc_row][vc_column width=\u00a0\u00bb2\/3&Prime;][mk_title_box size=\u00a0\u00bb16&Prime; letter_spacing=\u00a0\u00bb4&Prime; margin_bottom=\u00a0\u00bb0&Prime; font_family=\u00a0\u00bbnone\u00a0\u00bb] Location Audi RS6 Performance [\/mk_title_box][mk_swipe_slideshow images=\u00a0\u00bb12188,12186,12184,12182,12180&Prime; image_width=\u00a0\u00bb750&Prime; image_height=\u00a0\u00bb380&Prime;][vc_column_text css=\u00a0\u00bb.vc_custom_1556042683885{margin-bottom: 0px !important;}\u00a0\u00bb]L\u2019Audi RS6 Performance est une vraie voiture de sport, c\u2019est le break de location le plus puissant du monde. Ce v\u00e9hicule de location est dot\u00e9 de 605 chevaux permettant d\u2019atteindre le 0 \u00e0 100 km\/h en seulement 3,5 secondes. [&hellip;]","og_url":"https:\/\/luxury-rental-mc.com\/fr\/location-voiture\/audi-rs6\/","og_site_name":"Luxury Car Rentals | Monaco, Nice, Cannes, Saint-Tropez","article_modified_time":"2019-04-23T18:05:12+00:00","twitter_misc":{"Dur\u00e9e de lecture estim\u00e9e":"3 minutes"},"schema":{"@context":"https:\/\/schema.org","@graph":[{"@type":"WebPage","@id":"https:\/\/luxury-rental-mc.com\/fr\/location-voiture\/audi-rs6\/","url":"https:\/\/luxury-rental-mc.com\/fr\/location-voiture\/audi-rs6\/","name":"Audi RS6 - Luxury Car Rentals | Monaco, Nice, Cannes, Saint-Tropez","isPartOf":{"@id":"https:\/\/luxury-rental-mc.com\/#website"},"datePublished":"2019-04-11T14:00:26+00:00","dateModified":"2019-04-23T18:05:12+00:00","breadcrumb":{"@id":"https:\/\/luxury-rental-mc.com\/fr\/location-voiture\/audi-rs6\/#breadcrumb"},"inLanguage":"fr-FR","potentialAction":[{"@type":"ReadAction","target":["https:\/\/luxury-rental-mc.com\/fr\/location-voiture\/audi-rs6\/"]}]},{"@type":"BreadcrumbList","@id":"https:\/\/luxury-rental-mc.com\/fr\/location-voiture\/audi-rs6\/#breadcrumb","itemListElement":[{"@type":"ListItem","position":1,"name":"Accueil","item":"https:\/\/luxury-rental-mc.com\/fr\/"},{"@type":"ListItem","position":2,"name":"Location","item":"https:\/\/luxury-rental-mc.com\/fr\/location-voiture\/"},{"@type":"ListItem","position":3,"name":"Audi RS6"}]},{"@type":"WebSite","@id":"https:\/\/luxury-rental-mc.com\/#website","url":"https:\/\/luxury-rental-mc.com\/","name":"Luxury Car Rentals | Monaco, Nice, Cannes, Saint-Tropez","description":"Rent the finest brands : Porsche, Ferrari, Lamborghini, Mercedes...","potentialAction":[{"@type":"SearchAction","target":{"@type":"EntryPoint","urlTemplate":"https:\/\/luxury-rental-mc.com\/?s={search_term_string}"},"query-input":"required name=search_term_string"}],"inLanguage":"fr-FR"}]}},"_links":{"self":[{"href":"https:\/\/luxury-rental-mc.com\/fr\/wp-json\/wp\/v2\/pages\/12201\/"}],"collection":[{"href":"https:\/\/luxury-rental-mc.com\/fr\/wp-json\/wp\/v2\/pages\/"}],"about":[{"href":"https:\/\/luxury-rental-mc.com\/fr\/wp-json\/wp\/v2\/types\/page\/"}],"author":[{"embeddable":true,"href":"https:\/\/luxury-rental-mc.com\/fr\/wp-json\/wp\/v2\/users\/1\/"}],"replies":[{"embeddable":true,"href":"https:\/\/luxury-rental-mc.com\/fr\/wp-json\/wp\/v2\/comments\/?post=12201"}],"version-history":[{"count":6,"href":"https:\/\/luxury-rental-mc.com\/fr\/wp-json\/wp\/v2\/pages\/12201\/revisions\/"}],"predecessor-version":[{"id":12264,"href":"https:\/\/luxury-rental-mc.com\/fr\/wp-json\/wp\/v2\/pages\/12201\/revisions\/12264\/"}],"up":[{"embeddable":true,"href":"https:\/\/luxury-rental-mc.com\/fr\/wp-json\/wp\/v2\/pages\/7038\/"}],"wp:attachment":[{"href":"https:\/\/luxury-rental-mc.com\/fr\/wp-json\/wp\/v2\/media\/?parent=12201"}],"curies":[{"name":"wp","href":"https:\/\/api.w.org\/{rel}","templated":true}]}}