{"id":12392,"date":"2019-06-01T12:26:31","date_gmt":"2019-06-01T10:26:31","guid":{"rendered":"https:\/\/luxury-rental-mc.com\/?page_id=12392"},"modified":"2021-09-14T10:22:30","modified_gmt":"2021-09-14T08:22:30","slug":"bmw-serie-2-cabriolet","status":"publish","type":"page","link":"https:\/\/luxury-rental-mc.com\/fr\/location-voiture\/bmw-serie-2-cabriolet\/","title":{"rendered":"Bmw Serie 2 cabriolet"},"content":{"rendered":"[vc_row][vc_column width=\u00a0\u00bb2\/3&Prime;][mk_title_box size=\u00a0\u00bb16&Prime; letter_spacing=\u00a0\u00bb4&Prime; margin_bottom=\u00a0\u00bb0&Prime; font_family=\u00a0\u00bbnone\u00a0\u00bb]\n<h1><span style=\"font-size: 14pt;\">Location BMW serie 2 Cabriolet<\/span><\/h1>\n[\/mk_title_box][mk_swipe_slideshow images=\u00a0\u00bb12454,48660&Prime; image_width=\u00a0\u00bb750&Prime; image_height=\u00a0\u00bb380&Prime;][vc_column_text css=\u00a0\u00bb.vc_custom_1560458919787{margin-bottom: 0px !important;}\u00a0\u00bb]Comme \u00e0 son habitude, MC Luxury Rental vous propose \u00e0 la location cette magnifique BMW s\u00e9rie 2 cabriolet derni\u00e8re g\u00e9n\u00e9ration, sportif et \u00e9l\u00e9gant, ce v\u00e9hicule de luxe vous permettra de vous d\u00e9placer les cheveux aux vents pendant vos magnifiques vacances sur la c\u00f4te d\u2019azur.<\/p>\n<p>Cette BMW s\u00e9rie 2 cabriolet vous attendra au pied de votre avion ou de votre h\u00f4tel \u00e0 votre convenance afin que vous puissiez vous d\u00e9placer comme il se doit pendant votre s\u00e9jour de luxe.<\/p>\n<p>Nous vous offrons un service qui permettra de vous simplifier la vie au maximum, l\u00e0 o\u00f9 vous \u00eates nous viendrons vous louer cette BMW s\u00e9rie 2 de luxe pour la dur\u00e9e de votre choix, en location courte ou longue dur\u00e9e, et nous viendrons la r\u00e9cup\u00e9rer l\u00e0 o\u00f9 vous souhaitez la rendre \u00e9galement.<\/p>\n<p>Cette petite sportive vous permettra d\u2019acc\u00e9l\u00e9rer quand vous le souhaitez avec son moteur d\u00e9veloppant 136 chevaux vous pourrez parcourir le 0 \u00e0 100 km\/h en moins de 9,4 secondes, le tout les cheveux au vent avec beaucoup de classe.<\/p>\n<p>Cette BMW s\u00e9rie 2 cabriolet vous permettra d\u2019allier confort et sportivit\u00e9 tout en ayant beaucoup d\u2019\u00e9l\u00e9gance, cette petite voiture de luxe est id\u00e9al pour votre s\u00e9jour sous le soleil, au bord de la mer, afin de vous d\u00e9placer en toute simplicit\u00e9.<\/p>\n<p>Cette BMW s\u00e9rie 2 cabriolet de luxe est parfaite que vous soyez en famille, ou pour un s\u00e9jour en amoureux vous prendrez beaucoup de plaisir \u00e0 la conduire.<\/p>\n<p>Alors n\u2019h\u00e9sitez plus, communiquez nous toutes vos informations de voyage afin de vous donner un devis personnalis\u00e9 et l\u2019\u00e9quipe de MC Luxury Rental se fera un plaisir de vous livrer cette magnifique voiture de location pour la dur\u00e9e de votre choix.<\/p>\n<p>Pour que cette BMW s\u00e9rie 2 cabriolet devienne votre v\u00e9hicule pendant une ann\u00e9e lors de tous vos d\u00e9placements, ou simplement pendant une semaine lors de vacances en famille \u00e0 Barcelone ou encore pour un weekend en amoureux \u00e0 Monaco ou en Corse l\u2019\u00e9quipe de MC Luxury Rental pourra r\u00e9pondre \u00e0 votre service.[\/vc_column_text][\/vc_column][vc_column width=\u00a0\u00bb1\/3&Prime;][mk_padding_divider size=\u00a0\u00bb12&Prime;][mk_title_box size=\u00a0\u00bb16&Prime; letter_spacing=\u00a0\u00bb4&Prime; margin_bottom=\u00a0\u00bb0&Prime; font_family=\u00a0\u00bbnone\u00a0\u00bb]\n<h2><span style=\"font-size: 14pt;\">Tarifs<\/span><\/h2>\n[\/mk_title_box][vc_table vc_table_theme=\u00a0\u00bbsimple_pink\u00a0\u00bb][align-left]Journ%C3%A9e%20(150%20Km),[align-left]250%E2%82%AC|[b;align-left]3%20Jours%20(500%20km),[align-left]650%E2%82%AC|[b;align-left]5%20Jours%20(750%20Km),[align-left]1100%E2%82%AC|[b;align-left]Jour%20supp.,[align-left]150%E2%82%AC[\/vc_table][mk_button dimension=\u00a0\u00bboutline\u00a0\u00bb size=\u00a0\u00bblarge\u00a0\u00bb icon=\u00a0\u00bbmk-li-call\u00a0\u00bb url=\u00a0\u00bbhttps:\/\/luxury-rental-mc.com\/fr\/contact\/\u00a0\u00bb align=\u00a0\u00bbcenter\u00a0\u00bb fullwidth=\u00a0\u00bbtrue\u00a0\u00bb visibility=\u00a0\u00bbhidden-sm\u00a0\u00bb]R\u00e9servation +33762841105[\/mk_button][mk_button dimension=\u00a0\u00bboutline\u00a0\u00bb size=\u00a0\u00bblarge\u00a0\u00bb icon=\u00a0\u00bbmk-li-call\u00a0\u00bb url=\u00a0\u00bbtel:+33762841105&Prime; align=\u00a0\u00bbcenter\u00a0\u00bb fullwidth=\u00a0\u00bbtrue\u00a0\u00bb visibility=\u00a0\u00bbhidden-dt\u00a0\u00bb]Reservation[\/mk_button][vc_column_text css=\u00a0\u00bb.vc_custom_1560458527572{margin-bottom: 0px !important;}\u00a0\u00bb]Marque\u00a0: BMW<br \/>\nMod\u00e8le : s\u00e9rie 2 cabriolet<br \/>\nNombre de places : 4<br \/>\nPuissance :\u00a0150 Ch<br \/>\nCylindr\u00e9e\u00a0: 1995 cm3<br \/>\nVitesse\u00a0max :\u00a0205 Km\/h<br \/>\nConsommation Mixte\u00a0: 4.5 l \/100 km<br \/>\nAge minimum\u00a0:\u00a018 ans[\/vc_column_text][\/vc_column][\/vc_row][vc_row fullwidth=\u00a0\u00bbtrue\u00a0\u00bb][vc_column][mk_clients clients=\u00a0\u00bb7183,7187,7173,7185,7177,7175,7179,7181,7189&Prime;][\/vc_column][\/vc_row]\n","protected":false},"excerpt":{"rendered":"<p>[vc_row][vc_column width=\u00a0\u00bb2\/3&Prime;][mk_title_box size=\u00a0\u00bb16&Prime; letter_spacing=\u00a0\u00bb4&Prime; margin_bottom=\u00a0\u00bb0&Prime; font_family=\u00a0\u00bbnone\u00a0\u00bb] Location BMW serie 2 Cabriolet [\/mk_title_box][mk_swipe_slideshow images=\u00a0\u00bb12454,48660&Prime; image_width=\u00a0\u00bb750&Prime; image_height=\u00a0\u00bb380&Prime;][vc_column_text css=\u00a0\u00bb.vc_custom_1560458919787{margin-bottom: 0px !important;}\u00a0\u00bb]Comme \u00e0 son habitude, MC Luxury Rental vous propose \u00e0 la location cette magnifique BMW s\u00e9rie 2 cabriolet derni\u00e8re g\u00e9n\u00e9ration, sportif et \u00e9l\u00e9gant, ce v\u00e9hicule de luxe vous permettra de vous d\u00e9placer les cheveux aux vents pendant vos [&hellip;]<\/p>\n","protected":false},"author":1,"featured_media":0,"parent":7038,"menu_order":0,"comment_status":"closed","ping_status":"closed","template":"","meta":{"_monsterinsights_skip_tracking":false,"_monsterinsights_sitenote_active":false,"_monsterinsights_sitenote_note":"","_monsterinsights_sitenote_category":0},"yoast_head":"<!-- This site is optimized with the Yoast SEO plugin v20.3 - https:\/\/yoast.com\/wordpress\/plugins\/seo\/ -->\n<title>Bmw Serie 2 cabriolet - Luxury Car Rentals | Monaco, Nice, Cannes, Saint-Tropez<\/title>\n<meta name=\"robots\" content=\"index, follow, max-snippet:-1, max-image-preview:large, max-video-preview:-1\" \/>\n<link rel=\"canonical\" href=\"https:\/\/luxury-rental-mc.com\/fr\/location-voiture\/bmw-serie-2-cabriolet\/\" \/>\n<meta property=\"og:locale\" content=\"fr_FR\" \/>\n<meta property=\"og:type\" content=\"article\" \/>\n<meta property=\"og:title\" content=\"Bmw Serie 2 cabriolet - Luxury Car Rentals | Monaco, Nice, Cannes, Saint-Tropez\" \/>\n<meta property=\"og:description\" content=\"[vc_row][vc_column width=\u00a0\u00bb2\/3&Prime;][mk_title_box size=\u00a0\u00bb16&Prime; letter_spacing=\u00a0\u00bb4&Prime; margin_bottom=\u00a0\u00bb0&Prime; font_family=\u00a0\u00bbnone\u00a0\u00bb] Location BMW serie 2 Cabriolet [\/mk_title_box][mk_swipe_slideshow images=\u00a0\u00bb12454,48660&Prime; image_width=\u00a0\u00bb750&Prime; image_height=\u00a0\u00bb380&Prime;][vc_column_text css=\u00a0\u00bb.vc_custom_1560458919787{margin-bottom: 0px !important;}\u00a0\u00bb]Comme \u00e0 son habitude, MC Luxury Rental vous propose \u00e0 la location cette magnifique BMW s\u00e9rie 2 cabriolet derni\u00e8re g\u00e9n\u00e9ration, sportif et \u00e9l\u00e9gant, ce v\u00e9hicule de luxe vous permettra de vous d\u00e9placer les cheveux aux vents pendant vos [&hellip;]\" \/>\n<meta property=\"og:url\" content=\"https:\/\/luxury-rental-mc.com\/fr\/location-voiture\/bmw-serie-2-cabriolet\/\" \/>\n<meta property=\"og:site_name\" content=\"Luxury Car Rentals | Monaco, Nice, Cannes, Saint-Tropez\" \/>\n<meta property=\"article:modified_time\" content=\"2021-09-14T08:22:30+00:00\" \/>\n<meta name=\"twitter:label1\" content=\"Dur\u00e9e de lecture estim\u00e9e\" \/>\n\t<meta name=\"twitter:data1\" content=\"3 minutes\" \/>\n<script type=\"application\/ld+json\" class=\"yoast-schema-graph\">{\"@context\":\"https:\/\/schema.org\",\"@graph\":[{\"@type\":\"WebPage\",\"@id\":\"https:\/\/luxury-rental-mc.com\/fr\/location-voiture\/bmw-serie-2-cabriolet\/\",\"url\":\"https:\/\/luxury-rental-mc.com\/fr\/location-voiture\/bmw-serie-2-cabriolet\/\",\"name\":\"Bmw Serie 2 cabriolet - Luxury Car Rentals | Monaco, Nice, Cannes, Saint-Tropez\",\"isPartOf\":{\"@id\":\"https:\/\/luxury-rental-mc.com\/#website\"},\"datePublished\":\"2019-06-01T10:26:31+00:00\",\"dateModified\":\"2021-09-14T08:22:30+00:00\",\"breadcrumb\":{\"@id\":\"https:\/\/luxury-rental-mc.com\/fr\/location-voiture\/bmw-serie-2-cabriolet\/#breadcrumb\"},\"inLanguage\":\"fr-FR\",\"potentialAction\":[{\"@type\":\"ReadAction\",\"target\":[\"https:\/\/luxury-rental-mc.com\/fr\/location-voiture\/bmw-serie-2-cabriolet\/\"]}]},{\"@type\":\"BreadcrumbList\",\"@id\":\"https:\/\/luxury-rental-mc.com\/fr\/location-voiture\/bmw-serie-2-cabriolet\/#breadcrumb\",\"itemListElement\":[{\"@type\":\"ListItem\",\"position\":1,\"name\":\"Accueil\",\"item\":\"https:\/\/luxury-rental-mc.com\/fr\/\"},{\"@type\":\"ListItem\",\"position\":2,\"name\":\"Location\",\"item\":\"https:\/\/luxury-rental-mc.com\/fr\/location-voiture\/\"},{\"@type\":\"ListItem\",\"position\":3,\"name\":\"Bmw Serie 2 cabriolet\"}]},{\"@type\":\"WebSite\",\"@id\":\"https:\/\/luxury-rental-mc.com\/#website\",\"url\":\"https:\/\/luxury-rental-mc.com\/\",\"name\":\"Luxury Car Rentals | Monaco, Nice, Cannes, Saint-Tropez\",\"description\":\"Rent the finest brands : Porsche, Ferrari, Lamborghini, Mercedes...\",\"potentialAction\":[{\"@type\":\"SearchAction\",\"target\":{\"@type\":\"EntryPoint\",\"urlTemplate\":\"https:\/\/luxury-rental-mc.com\/?s={search_term_string}\"},\"query-input\":\"required name=search_term_string\"}],\"inLanguage\":\"fr-FR\"}]}<\/script>\n<!-- \/ Yoast SEO plugin. -->","yoast_head_json":{"title":"Bmw Serie 2 cabriolet - Luxury Car Rentals | Monaco, Nice, Cannes, Saint-Tropez","robots":{"index":"index","follow":"follow","max-snippet":"max-snippet:-1","max-image-preview":"max-image-preview:large","max-video-preview":"max-video-preview:-1"},"canonical":"https:\/\/luxury-rental-mc.com\/fr\/location-voiture\/bmw-serie-2-cabriolet\/","og_locale":"fr_FR","og_type":"article","og_title":"Bmw Serie 2 cabriolet - Luxury Car Rentals | Monaco, Nice, Cannes, Saint-Tropez","og_description":"[vc_row][vc_column width=\u00a0\u00bb2\/3&Prime;][mk_title_box size=\u00a0\u00bb16&Prime; letter_spacing=\u00a0\u00bb4&Prime; margin_bottom=\u00a0\u00bb0&Prime; font_family=\u00a0\u00bbnone\u00a0\u00bb] Location BMW serie 2 Cabriolet [\/mk_title_box][mk_swipe_slideshow images=\u00a0\u00bb12454,48660&Prime; image_width=\u00a0\u00bb750&Prime; image_height=\u00a0\u00bb380&Prime;][vc_column_text css=\u00a0\u00bb.vc_custom_1560458919787{margin-bottom: 0px !important;}\u00a0\u00bb]Comme \u00e0 son habitude, MC Luxury Rental vous propose \u00e0 la location cette magnifique BMW s\u00e9rie 2 cabriolet derni\u00e8re g\u00e9n\u00e9ration, sportif et \u00e9l\u00e9gant, ce v\u00e9hicule de luxe vous permettra de vous d\u00e9placer les cheveux aux vents pendant vos [&hellip;]","og_url":"https:\/\/luxury-rental-mc.com\/fr\/location-voiture\/bmw-serie-2-cabriolet\/","og_site_name":"Luxury Car Rentals | Monaco, Nice, Cannes, Saint-Tropez","article_modified_time":"2021-09-14T08:22:30+00:00","twitter_misc":{"Dur\u00e9e de lecture estim\u00e9e":"3 minutes"},"schema":{"@context":"https:\/\/schema.org","@graph":[{"@type":"WebPage","@id":"https:\/\/luxury-rental-mc.com\/fr\/location-voiture\/bmw-serie-2-cabriolet\/","url":"https:\/\/luxury-rental-mc.com\/fr\/location-voiture\/bmw-serie-2-cabriolet\/","name":"Bmw Serie 2 cabriolet - Luxury Car Rentals | Monaco, Nice, Cannes, Saint-Tropez","isPartOf":{"@id":"https:\/\/luxury-rental-mc.com\/#website"},"datePublished":"2019-06-01T10:26:31+00:00","dateModified":"2021-09-14T08:22:30+00:00","breadcrumb":{"@id":"https:\/\/luxury-rental-mc.com\/fr\/location-voiture\/bmw-serie-2-cabriolet\/#breadcrumb"},"inLanguage":"fr-FR","potentialAction":[{"@type":"ReadAction","target":["https:\/\/luxury-rental-mc.com\/fr\/location-voiture\/bmw-serie-2-cabriolet\/"]}]},{"@type":"BreadcrumbList","@id":"https:\/\/luxury-rental-mc.com\/fr\/location-voiture\/bmw-serie-2-cabriolet\/#breadcrumb","itemListElement":[{"@type":"ListItem","position":1,"name":"Accueil","item":"https:\/\/luxury-rental-mc.com\/fr\/"},{"@type":"ListItem","position":2,"name":"Location","item":"https:\/\/luxury-rental-mc.com\/fr\/location-voiture\/"},{"@type":"ListItem","position":3,"name":"Bmw Serie 2 cabriolet"}]},{"@type":"WebSite","@id":"https:\/\/luxury-rental-mc.com\/#website","url":"https:\/\/luxury-rental-mc.com\/","name":"Luxury Car Rentals | Monaco, Nice, Cannes, Saint-Tropez","description":"Rent the finest brands : Porsche, Ferrari, Lamborghini, Mercedes...","potentialAction":[{"@type":"SearchAction","target":{"@type":"EntryPoint","urlTemplate":"https:\/\/luxury-rental-mc.com\/?s={search_term_string}"},"query-input":"required name=search_term_string"}],"inLanguage":"fr-FR"}]}},"_links":{"self":[{"href":"https:\/\/luxury-rental-mc.com\/fr\/wp-json\/wp\/v2\/pages\/12392\/"}],"collection":[{"href":"https:\/\/luxury-rental-mc.com\/fr\/wp-json\/wp\/v2\/pages\/"}],"about":[{"href":"https:\/\/luxury-rental-mc.com\/fr\/wp-json\/wp\/v2\/types\/page\/"}],"author":[{"embeddable":true,"href":"https:\/\/luxury-rental-mc.com\/fr\/wp-json\/wp\/v2\/users\/1\/"}],"replies":[{"embeddable":true,"href":"https:\/\/luxury-rental-mc.com\/fr\/wp-json\/wp\/v2\/comments\/?post=12392"}],"version-history":[{"count":5,"href":"https:\/\/luxury-rental-mc.com\/fr\/wp-json\/wp\/v2\/pages\/12392\/revisions\/"}],"predecessor-version":[{"id":48663,"href":"https:\/\/luxury-rental-mc.com\/fr\/wp-json\/wp\/v2\/pages\/12392\/revisions\/48663\/"}],"up":[{"embeddable":true,"href":"https:\/\/luxury-rental-mc.com\/fr\/wp-json\/wp\/v2\/pages\/7038\/"}],"wp:attachment":[{"href":"https:\/\/luxury-rental-mc.com\/fr\/wp-json\/wp\/v2\/media\/?parent=12392"}],"curies":[{"name":"wp","href":"https:\/\/api.w.org\/{rel}","templated":true}]}}