{"id":12400,"date":"2019-06-01T12:54:11","date_gmt":"2019-06-01T10:54:11","guid":{"rendered":"https:\/\/luxury-rental-mc.com\/?page_id=12400"},"modified":"2021-09-14T10:26:19","modified_gmt":"2021-09-14T08:26:19","slug":"bmw-m4-cabriolet","status":"publish","type":"page","link":"https:\/\/luxury-rental-mc.com\/fr\/location-voiture\/bmw-m4-cabriolet\/","title":{"rendered":"BMW M4 Cabriolet"},"content":{"rendered":"[vc_row][vc_column width=\u00a0\u00bb2\/3&Prime;][mk_title_box size=\u00a0\u00bb16&Prime; letter_spacing=\u00a0\u00bb4&Prime; margin_bottom=\u00a0\u00bb0&Prime; font_family=\u00a0\u00bbnone\u00a0\u00bb]\n<h1><span style=\"font-size: 14pt;\">Location BMW M4 cabriolet<\/span><\/h1>\n[\/mk_title_box][mk_swipe_slideshow images=\u00a0\u00bb12407,12409,12411,12413&Prime; image_width=\u00a0\u00bb750&Prime; image_height=\u00a0\u00bb380&Prime;][vc_column_text css=\u00a0\u00bb.vc_custom_1582130748820{margin-bottom: 0px !important;}\u00a0\u00bb]Sport incontournable de la marque allemande BMW, le cabriolet M4 est la voiture du pur plaisir. Louez une voiture de sport BMW \u00e0 Monaco, profitez de la conduite sportive mais aussi confortablement lors de vos d\u00e9placements sous le soleil avec la version M4 cabriolet. Notre agence de location de voitures MC Luxury Rental, met cette voiture de sport derni\u00e8re g\u00e9n\u00e9ration \u00e0 votre disposition afin que vous puissiez vous amuser lors d&rsquo;une location de voiture de prestige en Principaut\u00e9 de Monaco ou partout en Europe. Louer cette BMW M4 cabriolet est une voiture de course haut de gamme, son moteur 3.0L capable de d\u00e9velopper 431 chevaux vous fera passer de 0 \u00e0 100 km \/ h en seulement 4,4 secondes, de quoi vous faire exploser la t\u00eate avec cette version cabriolet. Lors de la location en Corse (\u00e0 Ajaccio, Bastia ou Calvi) faites-vous remarquer par le bruit sourd des 4 sorties d&rsquo;\u00e9chappement tr\u00e8s agressives de ce v\u00e9hicule de luxe, des mod\u00e8les sportifs importants de BMW. Notre \u00e9quipe se fera un plaisir de vous livrer la BMW M4 sportive d\u00e9capotable partout en Europe pour en profiter lors de vos d\u00e9placements priv\u00e9s et professionnels. Que vous soyez sur la C\u00f4te d&rsquo;Azur \u00e0 Nice, Cannes ou St Tropez, mais aussi dans l&rsquo;une des plus belles capitales europ\u00e9ennes, comme Paris, Barcelone ou Rome, vous pouvez louer une BMW M4 cabriolet. D\u00e8s votre arriv\u00e9e \u00e0 l&rsquo;a\u00e9roport, que vous soyez \u00e0 Milan, Bordeaux ou Marseille, ne vous souciez plus de vos moyens de transport et louez cette voiture de luxe sport cabriolet qui vous fera passer des vacances encore meilleures. Nos services de location de voitures de luxe sont disponibles dans toute l&rsquo;Europe. Pour un road trip en Italie entre Florence et Portofino, en Espagne entre Marbella et Barcelone, ou en Suisse entre Zurich et Gen\u00e8ve, optez pour la location d&rsquo;une BMW M4 convertible en aller simple.[\/vc_column_text][\/vc_column][vc_column width=\u00a0\u00bb1\/3&Prime;][mk_padding_divider size=\u00a0\u00bb12&Prime;][mk_title_box size=\u00a0\u00bb16&Prime; letter_spacing=\u00a0\u00bb4&Prime; margin_bottom=\u00a0\u00bb0&Prime; font_family=\u00a0\u00bbnone\u00a0\u00bb]\n<h2><span style=\"font-size: 14pt;\">Tarifs<\/span><\/h2>\n[\/mk_title_box][vc_table vc_table_theme=\u00a0\u00bbsimple_pink\u00a0\u00bb][align-left]Journ%C3%A9e%20(150%20Km),[align-left]550%E2%82%AC|[b;align-left]3%20Jours%20(500%20km),[align-left]1500%E2%82%AC|[b;align-left]5%20Jours%20(750%20Km),[align-left]2200%E2%82%AC|[b;align-left]Jour%20supp.,[align-left]400%E2%82%AC[\/vc_table][mk_button dimension=\u00a0\u00bboutline\u00a0\u00bb size=\u00a0\u00bblarge\u00a0\u00bb icon=\u00a0\u00bbmk-li-call\u00a0\u00bb url=\u00a0\u00bbhttps:\/\/luxury-rental-mc.com\/fr\/contact\/\u00a0\u00bb align=\u00a0\u00bbcenter\u00a0\u00bb fullwidth=\u00a0\u00bbtrue\u00a0\u00bb visibility=\u00a0\u00bbhidden-sm\u00a0\u00bb]R\u00e9servation +33762841105[\/mk_button][mk_button dimension=\u00a0\u00bboutline\u00a0\u00bb size=\u00a0\u00bblarge\u00a0\u00bb icon=\u00a0\u00bbmk-li-call\u00a0\u00bb url=\u00a0\u00bbtel:+33762841105&Prime; align=\u00a0\u00bbcenter\u00a0\u00bb fullwidth=\u00a0\u00bbtrue\u00a0\u00bb visibility=\u00a0\u00bbhidden-dt\u00a0\u00bb]Reservation[\/mk_button][vc_column_text css=\u00a0\u00bb.vc_custom_1583409181646{margin-bottom: 0px !important;}\u00a0\u00bb]Marque\u00a0:\u00a0BMW<br \/>\nMod\u00e8le :\u00a0M4<br \/>\nNombre de places :\u00a05<br \/>\nPuissance :\u00a0431 Ch<br \/>\nCylindr\u00e9e\u00a0: 1968 cm3<br \/>\nVitesse\u00a0max :\u00a0290 Km\/h<br \/>\nConsommation Mixte\u00a0: 4.2\u00a0l \/100 km<br \/>\nAge minimum\u00a0:\u00a018 ans[\/vc_column_text][\/vc_column][\/vc_row][vc_row fullwidth=\u00a0\u00bbtrue\u00a0\u00bb][vc_column][mk_clients clients=\u00a0\u00bb7183,7187,7173,7185,7177,7175,7179,7181,7189&Prime;][\/vc_column][\/vc_row]\n","protected":false},"excerpt":{"rendered":"<p>[vc_row][vc_column width=\u00a0\u00bb2\/3&Prime;][mk_title_box size=\u00a0\u00bb16&Prime; letter_spacing=\u00a0\u00bb4&Prime; margin_bottom=\u00a0\u00bb0&Prime; font_family=\u00a0\u00bbnone\u00a0\u00bb] Location BMW M4 cabriolet [\/mk_title_box][mk_swipe_slideshow images=\u00a0\u00bb12407,12409,12411,12413&Prime; image_width=\u00a0\u00bb750&Prime; image_height=\u00a0\u00bb380&Prime;][vc_column_text css=\u00a0\u00bb.vc_custom_1582130748820{margin-bottom: 0px !important;}\u00a0\u00bb]Sport incontournable de la marque allemande BMW, le cabriolet M4 est la voiture du pur plaisir. Louez une voiture de sport BMW \u00e0 Monaco, profitez de la conduite sportive mais aussi confortablement lors de vos d\u00e9placements sous le soleil [&hellip;]<\/p>\n","protected":false},"author":1,"featured_media":0,"parent":7038,"menu_order":0,"comment_status":"closed","ping_status":"closed","template":"","meta":{"_monsterinsights_skip_tracking":false,"_monsterinsights_sitenote_active":false,"_monsterinsights_sitenote_note":"","_monsterinsights_sitenote_category":0},"yoast_head":"<!-- This site is optimized with the Yoast SEO plugin v20.3 - https:\/\/yoast.com\/wordpress\/plugins\/seo\/ -->\n<title>BMW M4 Cabriolet - Luxury Car Rentals | Monaco, Nice, Cannes, Saint-Tropez<\/title>\n<meta name=\"robots\" content=\"index, follow, max-snippet:-1, max-image-preview:large, max-video-preview:-1\" \/>\n<link rel=\"canonical\" href=\"https:\/\/luxury-rental-mc.com\/fr\/location-voiture\/bmw-m4-cabriolet\/\" \/>\n<meta property=\"og:locale\" content=\"fr_FR\" \/>\n<meta property=\"og:type\" content=\"article\" \/>\n<meta property=\"og:title\" content=\"BMW M4 Cabriolet - Luxury Car Rentals | Monaco, Nice, Cannes, Saint-Tropez\" \/>\n<meta property=\"og:description\" content=\"[vc_row][vc_column width=\u00a0\u00bb2\/3&Prime;][mk_title_box size=\u00a0\u00bb16&Prime; letter_spacing=\u00a0\u00bb4&Prime; margin_bottom=\u00a0\u00bb0&Prime; font_family=\u00a0\u00bbnone\u00a0\u00bb] Location BMW M4 cabriolet [\/mk_title_box][mk_swipe_slideshow images=\u00a0\u00bb12407,12409,12411,12413&Prime; image_width=\u00a0\u00bb750&Prime; image_height=\u00a0\u00bb380&Prime;][vc_column_text css=\u00a0\u00bb.vc_custom_1582130748820{margin-bottom: 0px !important;}\u00a0\u00bb]Sport incontournable de la marque allemande BMW, le cabriolet M4 est la voiture du pur plaisir. Louez une voiture de sport BMW \u00e0 Monaco, profitez de la conduite sportive mais aussi confortablement lors de vos d\u00e9placements sous le soleil [&hellip;]\" \/>\n<meta property=\"og:url\" content=\"https:\/\/luxury-rental-mc.com\/fr\/location-voiture\/bmw-m4-cabriolet\/\" \/>\n<meta property=\"og:site_name\" content=\"Luxury Car Rentals | Monaco, Nice, Cannes, Saint-Tropez\" \/>\n<meta property=\"article:modified_time\" content=\"2021-09-14T08:26:19+00:00\" \/>\n<meta name=\"twitter:label1\" content=\"Dur\u00e9e de lecture estim\u00e9e\" \/>\n\t<meta name=\"twitter:data1\" content=\"3 minutes\" \/>\n<script type=\"application\/ld+json\" class=\"yoast-schema-graph\">{\"@context\":\"https:\/\/schema.org\",\"@graph\":[{\"@type\":\"WebPage\",\"@id\":\"https:\/\/luxury-rental-mc.com\/fr\/location-voiture\/bmw-m4-cabriolet\/\",\"url\":\"https:\/\/luxury-rental-mc.com\/fr\/location-voiture\/bmw-m4-cabriolet\/\",\"name\":\"BMW M4 Cabriolet - Luxury Car Rentals | Monaco, Nice, Cannes, Saint-Tropez\",\"isPartOf\":{\"@id\":\"https:\/\/luxury-rental-mc.com\/#website\"},\"datePublished\":\"2019-06-01T10:54:11+00:00\",\"dateModified\":\"2021-09-14T08:26:19+00:00\",\"breadcrumb\":{\"@id\":\"https:\/\/luxury-rental-mc.com\/fr\/location-voiture\/bmw-m4-cabriolet\/#breadcrumb\"},\"inLanguage\":\"fr-FR\",\"potentialAction\":[{\"@type\":\"ReadAction\",\"target\":[\"https:\/\/luxury-rental-mc.com\/fr\/location-voiture\/bmw-m4-cabriolet\/\"]}]},{\"@type\":\"BreadcrumbList\",\"@id\":\"https:\/\/luxury-rental-mc.com\/fr\/location-voiture\/bmw-m4-cabriolet\/#breadcrumb\",\"itemListElement\":[{\"@type\":\"ListItem\",\"position\":1,\"name\":\"Accueil\",\"item\":\"https:\/\/luxury-rental-mc.com\/fr\/\"},{\"@type\":\"ListItem\",\"position\":2,\"name\":\"Location\",\"item\":\"https:\/\/luxury-rental-mc.com\/fr\/location-voiture\/\"},{\"@type\":\"ListItem\",\"position\":3,\"name\":\"BMW M4 Cabriolet\"}]},{\"@type\":\"WebSite\",\"@id\":\"https:\/\/luxury-rental-mc.com\/#website\",\"url\":\"https:\/\/luxury-rental-mc.com\/\",\"name\":\"Luxury Car Rentals | Monaco, Nice, Cannes, Saint-Tropez\",\"description\":\"Rent the finest brands : Porsche, Ferrari, Lamborghini, Mercedes...\",\"potentialAction\":[{\"@type\":\"SearchAction\",\"target\":{\"@type\":\"EntryPoint\",\"urlTemplate\":\"https:\/\/luxury-rental-mc.com\/?s={search_term_string}\"},\"query-input\":\"required name=search_term_string\"}],\"inLanguage\":\"fr-FR\"}]}<\/script>\n<!-- \/ Yoast SEO plugin. -->","yoast_head_json":{"title":"BMW M4 Cabriolet - Luxury Car Rentals | Monaco, Nice, Cannes, Saint-Tropez","robots":{"index":"index","follow":"follow","max-snippet":"max-snippet:-1","max-image-preview":"max-image-preview:large","max-video-preview":"max-video-preview:-1"},"canonical":"https:\/\/luxury-rental-mc.com\/fr\/location-voiture\/bmw-m4-cabriolet\/","og_locale":"fr_FR","og_type":"article","og_title":"BMW M4 Cabriolet - Luxury Car Rentals | Monaco, Nice, Cannes, Saint-Tropez","og_description":"[vc_row][vc_column width=\u00a0\u00bb2\/3&Prime;][mk_title_box size=\u00a0\u00bb16&Prime; letter_spacing=\u00a0\u00bb4&Prime; margin_bottom=\u00a0\u00bb0&Prime; font_family=\u00a0\u00bbnone\u00a0\u00bb] Location BMW M4 cabriolet [\/mk_title_box][mk_swipe_slideshow images=\u00a0\u00bb12407,12409,12411,12413&Prime; image_width=\u00a0\u00bb750&Prime; image_height=\u00a0\u00bb380&Prime;][vc_column_text css=\u00a0\u00bb.vc_custom_1582130748820{margin-bottom: 0px !important;}\u00a0\u00bb]Sport incontournable de la marque allemande BMW, le cabriolet M4 est la voiture du pur plaisir. Louez une voiture de sport BMW \u00e0 Monaco, profitez de la conduite sportive mais aussi confortablement lors de vos d\u00e9placements sous le soleil [&hellip;]","og_url":"https:\/\/luxury-rental-mc.com\/fr\/location-voiture\/bmw-m4-cabriolet\/","og_site_name":"Luxury Car Rentals | Monaco, Nice, Cannes, Saint-Tropez","article_modified_time":"2021-09-14T08:26:19+00:00","twitter_misc":{"Dur\u00e9e de lecture estim\u00e9e":"3 minutes"},"schema":{"@context":"https:\/\/schema.org","@graph":[{"@type":"WebPage","@id":"https:\/\/luxury-rental-mc.com\/fr\/location-voiture\/bmw-m4-cabriolet\/","url":"https:\/\/luxury-rental-mc.com\/fr\/location-voiture\/bmw-m4-cabriolet\/","name":"BMW M4 Cabriolet - Luxury Car Rentals | Monaco, Nice, Cannes, Saint-Tropez","isPartOf":{"@id":"https:\/\/luxury-rental-mc.com\/#website"},"datePublished":"2019-06-01T10:54:11+00:00","dateModified":"2021-09-14T08:26:19+00:00","breadcrumb":{"@id":"https:\/\/luxury-rental-mc.com\/fr\/location-voiture\/bmw-m4-cabriolet\/#breadcrumb"},"inLanguage":"fr-FR","potentialAction":[{"@type":"ReadAction","target":["https:\/\/luxury-rental-mc.com\/fr\/location-voiture\/bmw-m4-cabriolet\/"]}]},{"@type":"BreadcrumbList","@id":"https:\/\/luxury-rental-mc.com\/fr\/location-voiture\/bmw-m4-cabriolet\/#breadcrumb","itemListElement":[{"@type":"ListItem","position":1,"name":"Accueil","item":"https:\/\/luxury-rental-mc.com\/fr\/"},{"@type":"ListItem","position":2,"name":"Location","item":"https:\/\/luxury-rental-mc.com\/fr\/location-voiture\/"},{"@type":"ListItem","position":3,"name":"BMW M4 Cabriolet"}]},{"@type":"WebSite","@id":"https:\/\/luxury-rental-mc.com\/#website","url":"https:\/\/luxury-rental-mc.com\/","name":"Luxury Car Rentals | Monaco, Nice, Cannes, Saint-Tropez","description":"Rent the finest brands : Porsche, Ferrari, Lamborghini, Mercedes...","potentialAction":[{"@type":"SearchAction","target":{"@type":"EntryPoint","urlTemplate":"https:\/\/luxury-rental-mc.com\/?s={search_term_string}"},"query-input":"required name=search_term_string"}],"inLanguage":"fr-FR"}]}},"_links":{"self":[{"href":"https:\/\/luxury-rental-mc.com\/fr\/wp-json\/wp\/v2\/pages\/12400\/"}],"collection":[{"href":"https:\/\/luxury-rental-mc.com\/fr\/wp-json\/wp\/v2\/pages\/"}],"about":[{"href":"https:\/\/luxury-rental-mc.com\/fr\/wp-json\/wp\/v2\/types\/page\/"}],"author":[{"embeddable":true,"href":"https:\/\/luxury-rental-mc.com\/fr\/wp-json\/wp\/v2\/users\/1\/"}],"replies":[{"embeddable":true,"href":"https:\/\/luxury-rental-mc.com\/fr\/wp-json\/wp\/v2\/comments\/?post=12400"}],"version-history":[{"count":5,"href":"https:\/\/luxury-rental-mc.com\/fr\/wp-json\/wp\/v2\/pages\/12400\/revisions\/"}],"predecessor-version":[{"id":76758,"href":"https:\/\/luxury-rental-mc.com\/fr\/wp-json\/wp\/v2\/pages\/12400\/revisions\/76758\/"}],"up":[{"embeddable":true,"href":"https:\/\/luxury-rental-mc.com\/fr\/wp-json\/wp\/v2\/pages\/7038\/"}],"wp:attachment":[{"href":"https:\/\/luxury-rental-mc.com\/fr\/wp-json\/wp\/v2\/media\/?parent=12400"}],"curies":[{"name":"wp","href":"https:\/\/api.w.org\/{rel}","templated":true}]}}