{"id":7047,"date":"2016-01-28T10:59:26","date_gmt":"2016-01-28T09:59:26","guid":{"rendered":"https:\/\/luxury-rental-mc.com\/fr\/services\/"},"modified":"2022-04-26T16:07:39","modified_gmt":"2022-04-26T14:07:39","slug":"services","status":"publish","type":"page","link":"https:\/\/luxury-rental-mc.com\/fr\/services\/","title":{"rendered":"Services"},"content":{"rendered":"[vc_row][vc_column][mk_padding_divider][vc_column_text]\n<h1 style=\"text-align: center;\"><span style=\"font-size: 18pt;\">SERVICES LOCATION VOITURE DE LUXE<br \/>\n<\/span><\/h1>\n[\/vc_column_text][mk_divider style=\u00a0\u00bbthick_solid\u00a0\u00bb divider_width=\u00a0\u00bbcustom_width\u00a0\u00bb custom_width=\u00a0\u00bb50&Prime; border_color=\u00a0\u00bb#dd3333&Prime; margin_top=\u00a0\u00bb0&Prime; margin_bottom=\u00a0\u00bb0&Prime;][mk_padding_divider][\/vc_column][\/vc_row][vc_row][vc_column][vc_column_text css=\u00a0\u00bb.vc_custom_1650982057421{margin-bottom: 0px !important;}\u00a0\u00bb]Mc Luxury Rental vous propose ses diff\u00e9rents services tous mis en place dans le simple but de satisfaire vos besoins. Tout d&rsquo;abord son service de location de voiture, met \u00e0 votre disposition dans toute L&rsquo;Europe, de Saint Tropez \u00e0 Monaco en passant par Cannes et Nice, une large gamme de voiture de luxe (Ferrari, Lamborghini, Bentley, McLaren&#8230;) ainsi qu&rsquo;une gamme moyenne et plus accessible .(Mercedes classe E, Mercedes classe C, BMW s\u00e9rie 3, s\u00e9rie 5 et s\u00e9rie 6, Mini Cooper). <a href=\"https:\/\/luxury-rental-mc.com\/fr\/location-ferrari\/\">Louez une Ferrari<\/a> pour une journ\u00e9e !<\/p>\n<p>Notre soci\u00e9t\u00e9 poss\u00e8de aussi un service de livraison et de transport de v\u00e9hicules partout\u00a0en Europe et ceci durant toute l&rsquo;ann\u00e9e. Une prestation sur mesure adapt\u00e9e \u00e0 n&rsquo;importe\u00a0quel \u00e9v\u00e9nement et situation.\u00a0Enfin Mc\u00a0Luxury Rental vous accompagnera si vous le d\u00e9sirez, dans la location de ses voitures de\u00a0luxe et de moyenne gamme, dans tous les \u00e9v\u00e8nements susceptibles de\u00a0marquer votre vie : mariage, bapt\u00eame, anniversaire, enterrement de vie de gar\u00e7ons&#8230;.[\/vc_column_text][vc_column_text]<span style=\"text-decoration: underline;\">D\u00e9couvrez \u00e9galement :<\/span><\/p>\n<ul>\n<li style=\"text-align: justify;\"><a href=\"https:\/\/luxury-rental-mc.com\/fr\/\">Accueil<\/a><\/li>\n<li style=\"text-align: justify;\"><a href=\"https:\/\/luxury-rental-mc.com\/fr\/location-voiture-luxe\">Location<\/a><\/li>\n<li style=\"text-align: justify;\"><a href=\"https:\/\/luxury-rental-mc.com\/fr\/location-voiture\">Voitures de luxe<\/a><\/li>\n<li style=\"text-align: justify;\"><a href=\"https:\/\/luxury-rental-mc.com\/fr\/tarifs\">Tarifs<\/a><\/li>\n<li style=\"text-align: justify;\"><a href=\"http:\/\/pros.lacentrale.fr\/C040603\/\">Occasions<\/a><\/li>\n<li style=\"text-align: justify;\"><a href=\"https:\/\/luxury-rental-mc.com\/fr\/agences\">Agences<\/a><\/li>\n<li style=\"text-align: justify;\"><a href=\"https:\/\/luxury-rental-mc.com\/fr\/category\/news-fr\">News<\/a><\/li>\n<li style=\"text-align: justify;\"><a href=\"https:\/\/luxury-rental-mc.com\/fr\/contact\">Contact<\/a><\/li>\n<\/ul>\n[\/vc_column_text][mk_padding_divider size=\u00a0\u00bb20&Prime;][\/vc_column][\/vc_row][vc_row fullwidth=\u00a0\u00bbtrue\u00a0\u00bb equal_columns=\u00a0\u00bbtrue\u00a0\u00bb][vc_column][mk_steps step=\u00a0\u00bb5&Prime; hover_color=\u00a0\u00bb#000000&Prime; icon_1=\u00a0\u00bbmk-moon-airplane\u00a0\u00bb title_1=\u00a0\u00bbTransfert A\u00e9roport\u00a0\u00bb url_1=\u00a0\u00bbhttps:\/\/luxury-rental-mc.com\/fr\/chauffeur-transfert\/\u00a0\u00bb icon_2=\u00a0\u00bbmk-icon-birthday-cake\u00a0\u00bb title_2=\u00a0\u00bbMariage, Anniversaire\u00a0\u00bb url_2=\u00a0\u00bbhttps:\/\/luxury-rental-mc.com\/fr\/location-voiture\/\u00a0\u00bb icon_3=\u00a0\u00bbmk-moon-briefcase\u00a0\u00bb title_3=\u00a0\u00bbCongr\u00e8s, S\u00e9minairs\u00a0\u00bb url_3=\u00a0\u00bbhttps:\/\/luxury-rental-mc.com\/fr\/services\/\u00a0\u00bb icon_4=\u00a0\u00bbmk-moon-truck\u00a0\u00bb title_4=\u00a0\u00bbTransport de voitures\u00a0\u00bb url_4=\u00a0\u00bbhttps:\/\/luxury-rental-mc.com\/fr\/contact\/\u00a0\u00bb icon_5=\u00a0\u00bbmk-moon-crown\u00a0\u00bb title_5=\u00a0\u00bbV\u00c9HICULES DE PRESTIGE\u00a0\u00bb url_5=\u00a0\u00bbhttps:\/\/luxury-rental-mc.com\/fr\/location-voiture\/\u00a0\u00bb][\/vc_column][\/vc_row][vc_row][vc_column][\/vc_column][\/vc_row]\n","protected":false},"excerpt":{"rendered":"<p>[vc_row][vc_column][mk_padding_divider][vc_column_text] SERVICES LOCATION VOITURE DE LUXE [\/vc_column_text][mk_divider style=\u00a0\u00bbthick_solid\u00a0\u00bb divider_width=\u00a0\u00bbcustom_width\u00a0\u00bb custom_width=\u00a0\u00bb50&Prime; border_color=\u00a0\u00bb#dd3333&Prime; margin_top=\u00a0\u00bb0&Prime; margin_bottom=\u00a0\u00bb0&Prime;][mk_padding_divider][\/vc_column][\/vc_row][vc_row][vc_column][vc_column_text css=\u00a0\u00bb.vc_custom_1650982057421{margin-bottom: 0px !important;}\u00a0\u00bb]Mc Luxury Rental vous propose ses diff\u00e9rents services tous mis en place dans le simple but de satisfaire vos besoins. Tout d&rsquo;abord son service de location de voiture, met \u00e0 votre disposition dans toute L&rsquo;Europe, de Saint Tropez \u00e0 Monaco [&hellip;]<\/p>\n","protected":false},"author":1,"featured_media":0,"parent":0,"menu_order":0,"comment_status":"closed","ping_status":"closed","template":"","meta":{"_monsterinsights_skip_tracking":false,"_monsterinsights_sitenote_active":false,"_monsterinsights_sitenote_note":"","_monsterinsights_sitenote_category":0},"yoast_head":"<!-- This site is optimized with the Yoast SEO plugin v20.3 - https:\/\/yoast.com\/wordpress\/plugins\/seo\/ -->\n<title>Location voiture Monaco, transfert a\u00e9roport Nice - LR MC<\/title>\n<meta name=\"description\" content=\"Notre \u00e9quipe vous propose ses services de qualit\u00e9 dans le domaine de la location de v\u00e9hicules de luxe. Louez votre voiture de luxe avec chauffeur 24h24 7j7.\" \/>\n<meta name=\"robots\" content=\"index, follow, max-snippet:-1, max-image-preview:large, max-video-preview:-1\" \/>\n<link rel=\"canonical\" href=\"https:\/\/luxury-rental-mc.com\/fr\/services\/\" \/>\n<meta property=\"og:locale\" content=\"fr_FR\" \/>\n<meta property=\"og:type\" content=\"article\" \/>\n<meta property=\"og:title\" content=\"Location voiture Monaco, transfert a\u00e9roport Nice - LR MC\" \/>\n<meta property=\"og:description\" content=\"Notre \u00e9quipe vous propose ses services de qualit\u00e9 dans le domaine de la location de v\u00e9hicules de luxe. Louez votre voiture de luxe avec chauffeur 24h24 7j7.\" \/>\n<meta property=\"og:url\" content=\"https:\/\/luxury-rental-mc.com\/fr\/services\/\" \/>\n<meta property=\"og:site_name\" content=\"Luxury Car Rentals | Monaco, Nice, Cannes, Saint-Tropez\" \/>\n<meta property=\"article:modified_time\" content=\"2022-04-26T14:07:39+00:00\" \/>\n<meta name=\"twitter:label1\" content=\"Dur\u00e9e de lecture estim\u00e9e\" \/>\n\t<meta name=\"twitter:data1\" content=\"2 minutes\" \/>\n<script type=\"application\/ld+json\" class=\"yoast-schema-graph\">{\"@context\":\"https:\/\/schema.org\",\"@graph\":[{\"@type\":\"WebPage\",\"@id\":\"https:\/\/luxury-rental-mc.com\/fr\/services\/\",\"url\":\"https:\/\/luxury-rental-mc.com\/fr\/services\/\",\"name\":\"Location voiture Monaco, transfert a\u00e9roport Nice - LR MC\",\"isPartOf\":{\"@id\":\"https:\/\/luxury-rental-mc.com\/#website\"},\"datePublished\":\"2016-01-28T09:59:26+00:00\",\"dateModified\":\"2022-04-26T14:07:39+00:00\",\"description\":\"Notre \u00e9quipe vous propose ses services de qualit\u00e9 dans le domaine de la location de v\u00e9hicules de luxe. Louez votre voiture de luxe avec chauffeur 24h24 7j7.\",\"breadcrumb\":{\"@id\":\"https:\/\/luxury-rental-mc.com\/fr\/services\/#breadcrumb\"},\"inLanguage\":\"fr-FR\",\"potentialAction\":[{\"@type\":\"ReadAction\",\"target\":[\"https:\/\/luxury-rental-mc.com\/fr\/services\/\"]}]},{\"@type\":\"BreadcrumbList\",\"@id\":\"https:\/\/luxury-rental-mc.com\/fr\/services\/#breadcrumb\",\"itemListElement\":[{\"@type\":\"ListItem\",\"position\":1,\"name\":\"Accueil\",\"item\":\"https:\/\/luxury-rental-mc.com\/fr\/\"},{\"@type\":\"ListItem\",\"position\":2,\"name\":\"Services\"}]},{\"@type\":\"WebSite\",\"@id\":\"https:\/\/luxury-rental-mc.com\/#website\",\"url\":\"https:\/\/luxury-rental-mc.com\/\",\"name\":\"Luxury Car Rentals | Monaco, Nice, Cannes, Saint-Tropez\",\"description\":\"Rent the finest brands : Porsche, Ferrari, Lamborghini, Mercedes...\",\"potentialAction\":[{\"@type\":\"SearchAction\",\"target\":{\"@type\":\"EntryPoint\",\"urlTemplate\":\"https:\/\/luxury-rental-mc.com\/?s={search_term_string}\"},\"query-input\":\"required name=search_term_string\"}],\"inLanguage\":\"fr-FR\"}]}<\/script>\n<!-- \/ Yoast SEO plugin. -->","yoast_head_json":{"title":"Location voiture Monaco, transfert a\u00e9roport Nice - LR MC","description":"Notre \u00e9quipe vous propose ses services de qualit\u00e9 dans le domaine de la location de v\u00e9hicules de luxe. Louez votre voiture de luxe avec chauffeur 24h24 7j7.","robots":{"index":"index","follow":"follow","max-snippet":"max-snippet:-1","max-image-preview":"max-image-preview:large","max-video-preview":"max-video-preview:-1"},"canonical":"https:\/\/luxury-rental-mc.com\/fr\/services\/","og_locale":"fr_FR","og_type":"article","og_title":"Location voiture Monaco, transfert a\u00e9roport Nice - LR MC","og_description":"Notre \u00e9quipe vous propose ses services de qualit\u00e9 dans le domaine de la location de v\u00e9hicules de luxe. Louez votre voiture de luxe avec chauffeur 24h24 7j7.","og_url":"https:\/\/luxury-rental-mc.com\/fr\/services\/","og_site_name":"Luxury Car Rentals | Monaco, Nice, Cannes, Saint-Tropez","article_modified_time":"2022-04-26T14:07:39+00:00","twitter_misc":{"Dur\u00e9e de lecture estim\u00e9e":"2 minutes"},"schema":{"@context":"https:\/\/schema.org","@graph":[{"@type":"WebPage","@id":"https:\/\/luxury-rental-mc.com\/fr\/services\/","url":"https:\/\/luxury-rental-mc.com\/fr\/services\/","name":"Location voiture Monaco, transfert a\u00e9roport Nice - LR MC","isPartOf":{"@id":"https:\/\/luxury-rental-mc.com\/#website"},"datePublished":"2016-01-28T09:59:26+00:00","dateModified":"2022-04-26T14:07:39+00:00","description":"Notre \u00e9quipe vous propose ses services de qualit\u00e9 dans le domaine de la location de v\u00e9hicules de luxe. Louez votre voiture de luxe avec chauffeur 24h24 7j7.","breadcrumb":{"@id":"https:\/\/luxury-rental-mc.com\/fr\/services\/#breadcrumb"},"inLanguage":"fr-FR","potentialAction":[{"@type":"ReadAction","target":["https:\/\/luxury-rental-mc.com\/fr\/services\/"]}]},{"@type":"BreadcrumbList","@id":"https:\/\/luxury-rental-mc.com\/fr\/services\/#breadcrumb","itemListElement":[{"@type":"ListItem","position":1,"name":"Accueil","item":"https:\/\/luxury-rental-mc.com\/fr\/"},{"@type":"ListItem","position":2,"name":"Services"}]},{"@type":"WebSite","@id":"https:\/\/luxury-rental-mc.com\/#website","url":"https:\/\/luxury-rental-mc.com\/","name":"Luxury Car Rentals | Monaco, Nice, Cannes, Saint-Tropez","description":"Rent the finest brands : Porsche, Ferrari, Lamborghini, Mercedes...","potentialAction":[{"@type":"SearchAction","target":{"@type":"EntryPoint","urlTemplate":"https:\/\/luxury-rental-mc.com\/?s={search_term_string}"},"query-input":"required name=search_term_string"}],"inLanguage":"fr-FR"}]}},"_links":{"self":[{"href":"https:\/\/luxury-rental-mc.com\/fr\/wp-json\/wp\/v2\/pages\/7047\/"}],"collection":[{"href":"https:\/\/luxury-rental-mc.com\/fr\/wp-json\/wp\/v2\/pages\/"}],"about":[{"href":"https:\/\/luxury-rental-mc.com\/fr\/wp-json\/wp\/v2\/types\/page\/"}],"author":[{"embeddable":true,"href":"https:\/\/luxury-rental-mc.com\/fr\/wp-json\/wp\/v2\/users\/1\/"}],"replies":[{"embeddable":true,"href":"https:\/\/luxury-rental-mc.com\/fr\/wp-json\/wp\/v2\/comments\/?post=7047"}],"version-history":[{"count":15,"href":"https:\/\/luxury-rental-mc.com\/fr\/wp-json\/wp\/v2\/pages\/7047\/revisions\/"}],"predecessor-version":[{"id":117164,"href":"https:\/\/luxury-rental-mc.com\/fr\/wp-json\/wp\/v2\/pages\/7047\/revisions\/117164\/"}],"wp:attachment":[{"href":"https:\/\/luxury-rental-mc.com\/fr\/wp-json\/wp\/v2\/media\/?parent=7047"}],"curies":[{"name":"wp","href":"https:\/\/api.w.org\/{rel}","templated":true}]}}