{"id":7149,"date":"2016-02-09T01:01:38","date_gmt":"2016-02-09T00:01:38","guid":{"rendered":"https:\/\/luxury-rental-mc.com\/fr\/legal-notice\/"},"modified":"2016-02-10T18:27:53","modified_gmt":"2016-02-10T17:27:53","slug":"mentions-legales","status":"publish","type":"page","link":"https:\/\/luxury-rental-mc.com\/fr\/mentions-legales\/","title":{"rendered":"Legal Notice"},"content":{"rendered":"[vc_row][vc_column][mk_padding_divider][mk_fancy_title tag_name=\u00a0\u00bbh1&Prime; color=\u00a0\u00bb#dd3333&Prime; letter_spacing=\u00a0\u00bb4&Prime; font_family=\u00a0\u00bbnone\u00a0\u00bb align=\u00a0\u00bbcenter\u00a0\u00bb]\n<h1 class=\"title\"><span class=\"title-text\" style=\"font-size: 18pt;\">MENTIONS LEGALES<\/span><\/h1>\n[\/mk_fancy_title][mk_divider style=\u00a0\u00bbthick_solid\u00a0\u00bb divider_width=\u00a0\u00bbcustom_width\u00a0\u00bb custom_width=\u00a0\u00bb50&Prime; border_color=\u00a0\u00bb#dd3333&Prime; margin_top=\u00a0\u00bb0&Prime; margin_bottom=\u00a0\u00bb0&Prime;][mk_padding_divider][\/vc_column][\/vc_row][vc_row fullwidth=\u00a0\u00bbtrue\u00a0\u00bb fullwidth_content=\u00a0\u00bbfalse\u00a0\u00bb attached=\u00a0\u00bbtrue\u00a0\u00bb column_padding=\u00a0\u00bb2&Prime;][vc_column][vc_column_text]\n<p style=\"text-align: center;\">Raison ou denomination sociale\u00a0: SARL MC ECO RENTAL<\/p>\n<p style=\"text-align: center;\">Enseigne: MC LUXURY RENTAL<\/p>\n<p style=\"text-align: center;\">Num\u00e9ro d&rsquo;inscription au registre du commerce et des soci\u00e9t\u00e9s : 10S05312<\/p>\n<p style=\"text-align: center;\">Si\u00e9ge social\u00a0: 30, boulevard Princesse Charlotte, 98000 MONACO<\/p>\n<p style=\"text-align: center;\">Capital social: 15 000 euros<\/p>\n<p style=\"text-align: center;\">T\u00e9l\u00a0: 00.33.7.62.84.11.05<\/p>\n<p style=\"text-align: center;\">Mail\u00a0: mcecorental@gmail.com<\/p>\n[\/vc_column_text][\/vc_column][\/vc_row]\n","protected":false},"excerpt":{"rendered":"<p>[vc_row][vc_column][mk_padding_divider][mk_fancy_title tag_name=\u00a0\u00bbh1&Prime; color=\u00a0\u00bb#dd3333&Prime; letter_spacing=\u00a0\u00bb4&Prime; font_family=\u00a0\u00bbnone\u00a0\u00bb align=\u00a0\u00bbcenter\u00a0\u00bb] MENTIONS LEGALES [\/mk_fancy_title][mk_divider style=\u00a0\u00bbthick_solid\u00a0\u00bb divider_width=\u00a0\u00bbcustom_width\u00a0\u00bb custom_width=\u00a0\u00bb50&Prime; border_color=\u00a0\u00bb#dd3333&Prime; margin_top=\u00a0\u00bb0&Prime; margin_bottom=\u00a0\u00bb0&Prime;][mk_padding_divider][\/vc_column][\/vc_row][vc_row fullwidth=\u00a0\u00bbtrue\u00a0\u00bb fullwidth_content=\u00a0\u00bbfalse\u00a0\u00bb attached=\u00a0\u00bbtrue\u00a0\u00bb column_padding=\u00a0\u00bb2&Prime;][vc_column][vc_column_text] Raison ou denomination sociale\u00a0: SARL MC ECO RENTAL Enseigne: MC LUXURY RENTAL Num\u00e9ro d&rsquo;inscription au registre du commerce et des soci\u00e9t\u00e9s : 10S05312 Si\u00e9ge social\u00a0: 30, boulevard Princesse Charlotte, 98000 MONACO Capital social: 15 000 euros [&hellip;]<\/p>\n","protected":false},"author":1,"featured_media":0,"parent":0,"menu_order":0,"comment_status":"closed","ping_status":"closed","template":"","meta":{"_monsterinsights_skip_tracking":false,"_monsterinsights_sitenote_active":false,"_monsterinsights_sitenote_note":"","_monsterinsights_sitenote_category":0},"yoast_head":"<!-- This site is optimized with the Yoast SEO plugin v20.3 - https:\/\/yoast.com\/wordpress\/plugins\/seo\/ -->\n<title>Legal Notice - Luxury Car Rentals | Monaco, Nice, Cannes, Saint-Tropez<\/title>\n<meta name=\"robots\" content=\"index, follow, max-snippet:-1, max-image-preview:large, max-video-preview:-1\" \/>\n<link rel=\"canonical\" href=\"https:\/\/luxury-rental-mc.com\/fr\/mentions-legales\/\" \/>\n<meta property=\"og:locale\" content=\"fr_FR\" \/>\n<meta property=\"og:type\" content=\"article\" \/>\n<meta property=\"og:title\" content=\"Legal Notice - Luxury Car Rentals | Monaco, Nice, Cannes, Saint-Tropez\" \/>\n<meta property=\"og:description\" content=\"[vc_row][vc_column][mk_padding_divider][mk_fancy_title tag_name=\u00a0\u00bbh1&Prime; color=\u00a0\u00bb#dd3333&Prime; letter_spacing=\u00a0\u00bb4&Prime; font_family=\u00a0\u00bbnone\u00a0\u00bb align=\u00a0\u00bbcenter\u00a0\u00bb] MENTIONS LEGALES [\/mk_fancy_title][mk_divider style=\u00a0\u00bbthick_solid\u00a0\u00bb divider_width=\u00a0\u00bbcustom_width\u00a0\u00bb custom_width=\u00a0\u00bb50&Prime; border_color=\u00a0\u00bb#dd3333&Prime; margin_top=\u00a0\u00bb0&Prime; margin_bottom=\u00a0\u00bb0&Prime;][mk_padding_divider][\/vc_column][\/vc_row][vc_row fullwidth=\u00a0\u00bbtrue\u00a0\u00bb fullwidth_content=\u00a0\u00bbfalse\u00a0\u00bb attached=\u00a0\u00bbtrue\u00a0\u00bb column_padding=\u00a0\u00bb2&Prime;][vc_column][vc_column_text] Raison ou denomination sociale\u00a0: SARL MC ECO RENTAL Enseigne: MC LUXURY RENTAL Num\u00e9ro d&rsquo;inscription au registre du commerce et des soci\u00e9t\u00e9s : 10S05312 Si\u00e9ge social\u00a0: 30, boulevard Princesse Charlotte, 98000 MONACO Capital social: 15 000 euros [&hellip;]\" \/>\n<meta property=\"og:url\" content=\"https:\/\/luxury-rental-mc.com\/fr\/mentions-legales\/\" \/>\n<meta property=\"og:site_name\" content=\"Luxury Car Rentals | Monaco, Nice, Cannes, Saint-Tropez\" \/>\n<meta property=\"article:modified_time\" content=\"2016-02-10T17:27:53+00:00\" \/>\n<meta name=\"twitter:label1\" content=\"Dur\u00e9e de lecture estim\u00e9e\" \/>\n\t<meta name=\"twitter:data1\" content=\"1 minute\" \/>\n<script type=\"application\/ld+json\" class=\"yoast-schema-graph\">{\"@context\":\"https:\/\/schema.org\",\"@graph\":[{\"@type\":\"WebPage\",\"@id\":\"https:\/\/luxury-rental-mc.com\/fr\/mentions-legales\/\",\"url\":\"https:\/\/luxury-rental-mc.com\/fr\/mentions-legales\/\",\"name\":\"Legal Notice - Luxury Car Rentals | Monaco, Nice, Cannes, Saint-Tropez\",\"isPartOf\":{\"@id\":\"https:\/\/luxury-rental-mc.com\/#website\"},\"datePublished\":\"2016-02-09T00:01:38+00:00\",\"dateModified\":\"2016-02-10T17:27:53+00:00\",\"breadcrumb\":{\"@id\":\"https:\/\/luxury-rental-mc.com\/fr\/mentions-legales\/#breadcrumb\"},\"inLanguage\":\"fr-FR\",\"potentialAction\":[{\"@type\":\"ReadAction\",\"target\":[\"https:\/\/luxury-rental-mc.com\/fr\/mentions-legales\/\"]}]},{\"@type\":\"BreadcrumbList\",\"@id\":\"https:\/\/luxury-rental-mc.com\/fr\/mentions-legales\/#breadcrumb\",\"itemListElement\":[{\"@type\":\"ListItem\",\"position\":1,\"name\":\"Accueil\",\"item\":\"https:\/\/luxury-rental-mc.com\/fr\/\"},{\"@type\":\"ListItem\",\"position\":2,\"name\":\"Legal Notice\"}]},{\"@type\":\"WebSite\",\"@id\":\"https:\/\/luxury-rental-mc.com\/#website\",\"url\":\"https:\/\/luxury-rental-mc.com\/\",\"name\":\"Luxury Car Rentals | Monaco, Nice, Cannes, Saint-Tropez\",\"description\":\"Rent the finest brands : Porsche, Ferrari, Lamborghini, Mercedes...\",\"potentialAction\":[{\"@type\":\"SearchAction\",\"target\":{\"@type\":\"EntryPoint\",\"urlTemplate\":\"https:\/\/luxury-rental-mc.com\/?s={search_term_string}\"},\"query-input\":\"required name=search_term_string\"}],\"inLanguage\":\"fr-FR\"}]}<\/script>\n<!-- \/ Yoast SEO plugin. -->","yoast_head_json":{"title":"Legal Notice - Luxury Car Rentals | Monaco, Nice, Cannes, Saint-Tropez","robots":{"index":"index","follow":"follow","max-snippet":"max-snippet:-1","max-image-preview":"max-image-preview:large","max-video-preview":"max-video-preview:-1"},"canonical":"https:\/\/luxury-rental-mc.com\/fr\/mentions-legales\/","og_locale":"fr_FR","og_type":"article","og_title":"Legal Notice - Luxury Car Rentals | Monaco, Nice, Cannes, Saint-Tropez","og_description":"[vc_row][vc_column][mk_padding_divider][mk_fancy_title tag_name=\u00a0\u00bbh1&Prime; color=\u00a0\u00bb#dd3333&Prime; letter_spacing=\u00a0\u00bb4&Prime; font_family=\u00a0\u00bbnone\u00a0\u00bb align=\u00a0\u00bbcenter\u00a0\u00bb] MENTIONS LEGALES [\/mk_fancy_title][mk_divider style=\u00a0\u00bbthick_solid\u00a0\u00bb divider_width=\u00a0\u00bbcustom_width\u00a0\u00bb custom_width=\u00a0\u00bb50&Prime; border_color=\u00a0\u00bb#dd3333&Prime; margin_top=\u00a0\u00bb0&Prime; margin_bottom=\u00a0\u00bb0&Prime;][mk_padding_divider][\/vc_column][\/vc_row][vc_row fullwidth=\u00a0\u00bbtrue\u00a0\u00bb fullwidth_content=\u00a0\u00bbfalse\u00a0\u00bb attached=\u00a0\u00bbtrue\u00a0\u00bb column_padding=\u00a0\u00bb2&Prime;][vc_column][vc_column_text] Raison ou denomination sociale\u00a0: SARL MC ECO RENTAL Enseigne: MC LUXURY RENTAL Num\u00e9ro d&rsquo;inscription au registre du commerce et des soci\u00e9t\u00e9s : 10S05312 Si\u00e9ge social\u00a0: 30, boulevard Princesse Charlotte, 98000 MONACO Capital social: 15 000 euros [&hellip;]","og_url":"https:\/\/luxury-rental-mc.com\/fr\/mentions-legales\/","og_site_name":"Luxury Car Rentals | Monaco, Nice, Cannes, Saint-Tropez","article_modified_time":"2016-02-10T17:27:53+00:00","twitter_misc":{"Dur\u00e9e de lecture estim\u00e9e":"1 minute"},"schema":{"@context":"https:\/\/schema.org","@graph":[{"@type":"WebPage","@id":"https:\/\/luxury-rental-mc.com\/fr\/mentions-legales\/","url":"https:\/\/luxury-rental-mc.com\/fr\/mentions-legales\/","name":"Legal Notice - Luxury Car Rentals | Monaco, Nice, Cannes, Saint-Tropez","isPartOf":{"@id":"https:\/\/luxury-rental-mc.com\/#website"},"datePublished":"2016-02-09T00:01:38+00:00","dateModified":"2016-02-10T17:27:53+00:00","breadcrumb":{"@id":"https:\/\/luxury-rental-mc.com\/fr\/mentions-legales\/#breadcrumb"},"inLanguage":"fr-FR","potentialAction":[{"@type":"ReadAction","target":["https:\/\/luxury-rental-mc.com\/fr\/mentions-legales\/"]}]},{"@type":"BreadcrumbList","@id":"https:\/\/luxury-rental-mc.com\/fr\/mentions-legales\/#breadcrumb","itemListElement":[{"@type":"ListItem","position":1,"name":"Accueil","item":"https:\/\/luxury-rental-mc.com\/fr\/"},{"@type":"ListItem","position":2,"name":"Legal Notice"}]},{"@type":"WebSite","@id":"https:\/\/luxury-rental-mc.com\/#website","url":"https:\/\/luxury-rental-mc.com\/","name":"Luxury Car Rentals | Monaco, Nice, Cannes, Saint-Tropez","description":"Rent the finest brands : Porsche, Ferrari, Lamborghini, Mercedes...","potentialAction":[{"@type":"SearchAction","target":{"@type":"EntryPoint","urlTemplate":"https:\/\/luxury-rental-mc.com\/?s={search_term_string}"},"query-input":"required name=search_term_string"}],"inLanguage":"fr-FR"}]}},"_links":{"self":[{"href":"https:\/\/luxury-rental-mc.com\/fr\/wp-json\/wp\/v2\/pages\/7149\/"}],"collection":[{"href":"https:\/\/luxury-rental-mc.com\/fr\/wp-json\/wp\/v2\/pages\/"}],"about":[{"href":"https:\/\/luxury-rental-mc.com\/fr\/wp-json\/wp\/v2\/types\/page\/"}],"author":[{"embeddable":true,"href":"https:\/\/luxury-rental-mc.com\/fr\/wp-json\/wp\/v2\/users\/1\/"}],"replies":[{"embeddable":true,"href":"https:\/\/luxury-rental-mc.com\/fr\/wp-json\/wp\/v2\/comments\/?post=7149"}],"version-history":[{"count":2,"href":"https:\/\/luxury-rental-mc.com\/fr\/wp-json\/wp\/v2\/pages\/7149\/revisions\/"}],"predecessor-version":[{"id":7153,"href":"https:\/\/luxury-rental-mc.com\/fr\/wp-json\/wp\/v2\/pages\/7149\/revisions\/7153\/"}],"wp:attachment":[{"href":"https:\/\/luxury-rental-mc.com\/fr\/wp-json\/wp\/v2\/media\/?parent=7149"}],"curies":[{"name":"wp","href":"https:\/\/api.w.org\/{rel}","templated":true}]}}