{"id":7396,"date":"2016-02-14T18:07:39","date_gmt":"2016-02-14T17:07:39","guid":{"rendered":"https:\/\/luxury-rental-mc.com\/fr\/location-voiture\/audi-a6\/"},"modified":"2020-03-07T10:29:05","modified_gmt":"2020-03-07T09:29:05","slug":"audi-a6","status":"publish","type":"page","link":"https:\/\/luxury-rental-mc.com\/fr\/location-voiture\/audi-a6\/","title":{"rendered":"Audi A6"},"content":{"rendered":"[vc_row][vc_column width=\u00a0\u00bb2\/3&Prime;][mk_title_box size=\u00a0\u00bb16&Prime; letter_spacing=\u00a0\u00bb4&Prime; margin_bottom=\u00a0\u00bb0&Prime; font_family=\u00a0\u00bbnone\u00a0\u00bb]\n<h1><span style=\"font-size: 14pt;\">Location Audi A6<\/span><\/h1>\n[\/mk_title_box][mk_swipe_slideshow images=\u00a0\u00bb11701,11703&Prime; image_width=\u00a0\u00bb750&Prime; image_height=\u00a0\u00bb380&Prime;][vc_column_text css=\u00a0\u00bb.vc_custom_1556035649091{margin-bottom: 0px !important;}\u00a0\u00bb]<span style=\"font-size: 10pt;\">Notre agence de location de v\u00e9hicules premium vous propose de louer l\u2019Audi A6, la voiture familiale incontournable pour vos vacances \u00e0 <strong>Monaco<\/strong> et sur la C\u00f4te d\u2019Azur. Cette berline de luxe spacieuse vous offre confort tout en offrant 5 si\u00e8ges ainsi que nombreux bagages d\u00e8s votre arriv\u00e9e \u00e0 l\u2019<strong>a\u00e9roport international de Nice<\/strong> ou \u00e0 l\u2019a\u00e9roport de Marseille Marignane. <a href=\"https:\/\/luxury-rental-mc.com\/fr\/location-voiture-luxe\/cannes\">Louer cette voiture \u00e9conomique au d\u00e9part de Cannes<\/a>, et restituez la \u00e0 l\u2019a\u00e9roport de Toulon-Hyeres gr\u00e2ce \u00e0 une location de berline en aller simple. Pour faciliter vos d\u00e9placements priv\u00e9s ou professionnels, notre \u00e9quipe MC Luxury Rental est disponible 24\/7. Pour un road trip en Europe, louer une Audi A6 berline. R\u00e9cup\u00e9rer la voiture de location \u00e9conomique \u00e0 Venise et la restituer dans une ville diff\u00e9rente telle que Barcelone sera d\u2019une extr\u00eame simplicit\u00e9 gr\u00e2ce \u00e0 nos chauffeurs professionnels. Partez \u00e0 la d\u00e9couverte de la France \u00e0 bord d\u2019une Audi A6 de location au d\u00e9part de l\u2019a\u00e9roport de Bordeaux. Optez pour une <a href=\"https:\/\/luxury-rental-mc.com\/fr\/location-voiture-luxe\/monaco\">location de voiture familiale \u00e0 Monaco<\/a>, prenez la route vers <strong>Cannes<\/strong> et restituez l\u2019Audi A6 limousine \u00e0 l\u2019a\u00e9roport de Lyon. D\u00e9couvrez la France au volant d\u2019une magnifique berline de luxe, la navigation GPS vous m\u00e8nera vers Gordes, <strong>Le Castellet<\/strong> et Cassis qui n\u2019auront plus de secret pour vous. Vous avez un faible pour la dolce vita italienne ? Offrez vous un s\u00e9jour \u00e0 Florence \u00e0 bord d\u2019une Audi A6 de location. Profitez de services de location sur mesure, en aller simple lorsque vous louez une voiture \u00e9conomique, r\u00e9servez une livraison sur le lieux (h\u00f4tel, a\u00e9roport, gare, port&#8230;) et dans la ville de votre choix (<strong>Monte-Carlo<\/strong>, <a href=\"https:\/\/luxury-rental-mc.com\/fr\/location-voiture-luxe\/saint-tropez\">St Tropez<\/a>, Avignon, <a href=\"https:\/\/luxury-rental-mc.com\/fr\/location-voiture-luxe\/autres-villes\/location-voiture-de-luxe-forte-dei-marmi\">Forte Dei Marmi<\/a>, Barcelone&#8230;), et b\u00e9n\u00e9ficiez d\u2019un accueil privil\u00e9gi\u00e9. Fini les longues heures d\u2019attentes au comptoirs des agences de location de v\u00e9hicules classiques. R\u00e9servez d\u00e8s maintenant pour <strong>louer une Audi A6 limousine<\/strong> en courte ou longue dur\u00e9e \u00e0 Monaco.<\/span>[\/vc_column_text][\/vc_column][vc_column width=\u00a0\u00bb1\/3&Prime;][mk_padding_divider size=\u00a0\u00bb12&Prime;][mk_title_box size=\u00a0\u00bb16&Prime; letter_spacing=\u00a0\u00bb4&Prime; margin_bottom=\u00a0\u00bb0&Prime; font_family=\u00a0\u00bbnone\u00a0\u00bb]\n<h2><span style=\"font-size: 14pt;\">Tarifs<\/span><\/h2>\n[\/mk_title_box][vc_table vc_table_theme=\u00a0\u00bbsimple_pink\u00a0\u00bb][align-left]Journ%C3%A9e%20(150%20Km),[align-left]250%E2%82%AC|[b;align-left]3%20Jours%20(500%20km),[align-left]600%E2%82%AC|[b;align-left]5%20Jours%20(750%20Km),[align-left]1000%E2%82%AC|[b;align-left]Jour%20supp.,[align-left]200%E2%82%AC[\/vc_table][mk_button dimension=\u00a0\u00bboutline\u00a0\u00bb size=\u00a0\u00bblarge\u00a0\u00bb icon=\u00a0\u00bbmk-li-call\u00a0\u00bb url=\u00a0\u00bbhttps:\/\/luxury-rental-mc.com\/fr\/contact\/\u00a0\u00bb align=\u00a0\u00bbcenter\u00a0\u00bb fullwidth=\u00a0\u00bbtrue\u00a0\u00bb visibility=\u00a0\u00bbhidden-sm\u00a0\u00bb]R\u00e9servation +33762841105[\/mk_button][mk_button dimension=\u00a0\u00bboutline\u00a0\u00bb size=\u00a0\u00bblarge\u00a0\u00bb icon=\u00a0\u00bbmk-li-call\u00a0\u00bb url=\u00a0\u00bbtel:+33762841105&Prime; align=\u00a0\u00bbcenter\u00a0\u00bb fullwidth=\u00a0\u00bbtrue\u00a0\u00bb visibility=\u00a0\u00bbhidden-dt\u00a0\u00bb]Reservation[\/mk_button][vc_column_text]Marque\u00a0:\u00a0Audi<br \/>\nMod\u00e8le :\u00a0A6<br \/>\nNombre de places :\u00a05<br \/>\nPuissance :\u00a0190 Ch<br \/>\nCylindr\u00e9e\u00a0: 1968 cm3<br \/>\nVitesse\u00a0max :\u00a0232 Km\/h<br \/>\nConsommation Mixte\u00a0: 4.2\u00a0l \/100 km<br \/>\nAge minimum\u00a0:\u00a018 ans[\/vc_column_text][\/vc_column][\/vc_row][vc_row fullwidth=\u00a0\u00bbtrue\u00a0\u00bb][vc_column][mk_clients clients=\u00a0\u00bb7183,7187,7173,7185,7177,7175,7179,7181,7189&Prime;][\/vc_column][\/vc_row]\n","protected":false},"excerpt":{"rendered":"<p>[vc_row][vc_column width=\u00a0\u00bb2\/3&Prime;][mk_title_box size=\u00a0\u00bb16&Prime; letter_spacing=\u00a0\u00bb4&Prime; margin_bottom=\u00a0\u00bb0&Prime; font_family=\u00a0\u00bbnone\u00a0\u00bb] Location Audi A6 [\/mk_title_box][mk_swipe_slideshow images=\u00a0\u00bb11701,11703&Prime; image_width=\u00a0\u00bb750&Prime; image_height=\u00a0\u00bb380&Prime;][vc_column_text css=\u00a0\u00bb.vc_custom_1556035649091{margin-bottom: 0px !important;}\u00a0\u00bb]Notre agence de location de v\u00e9hicules premium vous propose de louer l\u2019Audi A6, la voiture familiale incontournable pour vos vacances \u00e0 Monaco et sur la C\u00f4te d\u2019Azur. Cette berline de luxe spacieuse vous offre confort tout en offrant 5 si\u00e8ges [&hellip;]<\/p>\n","protected":false},"author":1,"featured_media":0,"parent":7038,"menu_order":0,"comment_status":"closed","ping_status":"closed","template":"","meta":{"_monsterinsights_skip_tracking":false,"_monsterinsights_sitenote_active":false,"_monsterinsights_sitenote_note":"","_monsterinsights_sitenote_category":0},"yoast_head":"<!-- This site is optimized with the Yoast SEO plugin v20.3 - https:\/\/yoast.com\/wordpress\/plugins\/seo\/ -->\n<title>Location Audi A6 Nice, Monaco, Cannes | Luxury Car Rental<\/title>\n<meta name=\"robots\" content=\"index, follow, max-snippet:-1, max-image-preview:large, max-video-preview:-1\" \/>\n<link rel=\"canonical\" href=\"https:\/\/luxury-rental-mc.com\/fr\/location-voiture\/audi-a6\/\" \/>\n<meta property=\"og:locale\" content=\"fr_FR\" \/>\n<meta property=\"og:type\" content=\"article\" \/>\n<meta property=\"og:title\" content=\"Location Audi A6 Nice, Monaco, Cannes | Luxury Car Rental\" \/>\n<meta property=\"og:description\" content=\"[vc_row][vc_column width=\u00a0\u00bb2\/3&Prime;][mk_title_box size=\u00a0\u00bb16&Prime; letter_spacing=\u00a0\u00bb4&Prime; margin_bottom=\u00a0\u00bb0&Prime; font_family=\u00a0\u00bbnone\u00a0\u00bb] Location Audi A6 [\/mk_title_box][mk_swipe_slideshow images=\u00a0\u00bb11701,11703&Prime; image_width=\u00a0\u00bb750&Prime; image_height=\u00a0\u00bb380&Prime;][vc_column_text css=\u00a0\u00bb.vc_custom_1556035649091{margin-bottom: 0px !important;}\u00a0\u00bb]Notre agence de location de v\u00e9hicules premium vous propose de louer l\u2019Audi A6, la voiture familiale incontournable pour vos vacances \u00e0 Monaco et sur la C\u00f4te d\u2019Azur. Cette berline de luxe spacieuse vous offre confort tout en offrant 5 si\u00e8ges [&hellip;]\" \/>\n<meta property=\"og:url\" content=\"https:\/\/luxury-rental-mc.com\/fr\/location-voiture\/audi-a6\/\" \/>\n<meta property=\"og:site_name\" content=\"Luxury Car Rentals | Monaco, Nice, Cannes, Saint-Tropez\" \/>\n<meta property=\"article:modified_time\" content=\"2020-03-07T09:29:05+00:00\" \/>\n<meta name=\"twitter:label1\" content=\"Dur\u00e9e de lecture estim\u00e9e\" \/>\n\t<meta name=\"twitter:data1\" content=\"3 minutes\" \/>\n<script type=\"application\/ld+json\" class=\"yoast-schema-graph\">{\"@context\":\"https:\/\/schema.org\",\"@graph\":[{\"@type\":\"WebPage\",\"@id\":\"https:\/\/luxury-rental-mc.com\/fr\/location-voiture\/audi-a6\/\",\"url\":\"https:\/\/luxury-rental-mc.com\/fr\/location-voiture\/audi-a6\/\",\"name\":\"Location Audi A6 Nice, Monaco, Cannes | Luxury Car Rental\",\"isPartOf\":{\"@id\":\"https:\/\/luxury-rental-mc.com\/#website\"},\"datePublished\":\"2016-02-14T17:07:39+00:00\",\"dateModified\":\"2020-03-07T09:29:05+00:00\",\"breadcrumb\":{\"@id\":\"https:\/\/luxury-rental-mc.com\/fr\/location-voiture\/audi-a6\/#breadcrumb\"},\"inLanguage\":\"fr-FR\",\"potentialAction\":[{\"@type\":\"ReadAction\",\"target\":[\"https:\/\/luxury-rental-mc.com\/fr\/location-voiture\/audi-a6\/\"]}]},{\"@type\":\"BreadcrumbList\",\"@id\":\"https:\/\/luxury-rental-mc.com\/fr\/location-voiture\/audi-a6\/#breadcrumb\",\"itemListElement\":[{\"@type\":\"ListItem\",\"position\":1,\"name\":\"Accueil\",\"item\":\"https:\/\/luxury-rental-mc.com\/fr\/\"},{\"@type\":\"ListItem\",\"position\":2,\"name\":\"Location\",\"item\":\"https:\/\/luxury-rental-mc.com\/fr\/location-voiture\/\"},{\"@type\":\"ListItem\",\"position\":3,\"name\":\"Audi A6\"}]},{\"@type\":\"WebSite\",\"@id\":\"https:\/\/luxury-rental-mc.com\/#website\",\"url\":\"https:\/\/luxury-rental-mc.com\/\",\"name\":\"Luxury Car Rentals | Monaco, Nice, Cannes, Saint-Tropez\",\"description\":\"Rent the finest brands : Porsche, Ferrari, Lamborghini, Mercedes...\",\"potentialAction\":[{\"@type\":\"SearchAction\",\"target\":{\"@type\":\"EntryPoint\",\"urlTemplate\":\"https:\/\/luxury-rental-mc.com\/?s={search_term_string}\"},\"query-input\":\"required name=search_term_string\"}],\"inLanguage\":\"fr-FR\"}]}<\/script>\n<!-- \/ Yoast SEO plugin. -->","yoast_head_json":{"title":"Location Audi A6 Nice, Monaco, Cannes | Luxury Car Rental","robots":{"index":"index","follow":"follow","max-snippet":"max-snippet:-1","max-image-preview":"max-image-preview:large","max-video-preview":"max-video-preview:-1"},"canonical":"https:\/\/luxury-rental-mc.com\/fr\/location-voiture\/audi-a6\/","og_locale":"fr_FR","og_type":"article","og_title":"Location Audi A6 Nice, Monaco, Cannes | Luxury Car Rental","og_description":"[vc_row][vc_column width=\u00a0\u00bb2\/3&Prime;][mk_title_box size=\u00a0\u00bb16&Prime; letter_spacing=\u00a0\u00bb4&Prime; margin_bottom=\u00a0\u00bb0&Prime; font_family=\u00a0\u00bbnone\u00a0\u00bb] Location Audi A6 [\/mk_title_box][mk_swipe_slideshow images=\u00a0\u00bb11701,11703&Prime; image_width=\u00a0\u00bb750&Prime; image_height=\u00a0\u00bb380&Prime;][vc_column_text css=\u00a0\u00bb.vc_custom_1556035649091{margin-bottom: 0px !important;}\u00a0\u00bb]Notre agence de location de v\u00e9hicules premium vous propose de louer l\u2019Audi A6, la voiture familiale incontournable pour vos vacances \u00e0 Monaco et sur la C\u00f4te d\u2019Azur. Cette berline de luxe spacieuse vous offre confort tout en offrant 5 si\u00e8ges [&hellip;]","og_url":"https:\/\/luxury-rental-mc.com\/fr\/location-voiture\/audi-a6\/","og_site_name":"Luxury Car Rentals | Monaco, Nice, Cannes, Saint-Tropez","article_modified_time":"2020-03-07T09:29:05+00:00","twitter_misc":{"Dur\u00e9e de lecture estim\u00e9e":"3 minutes"},"schema":{"@context":"https:\/\/schema.org","@graph":[{"@type":"WebPage","@id":"https:\/\/luxury-rental-mc.com\/fr\/location-voiture\/audi-a6\/","url":"https:\/\/luxury-rental-mc.com\/fr\/location-voiture\/audi-a6\/","name":"Location Audi A6 Nice, Monaco, Cannes | Luxury Car Rental","isPartOf":{"@id":"https:\/\/luxury-rental-mc.com\/#website"},"datePublished":"2016-02-14T17:07:39+00:00","dateModified":"2020-03-07T09:29:05+00:00","breadcrumb":{"@id":"https:\/\/luxury-rental-mc.com\/fr\/location-voiture\/audi-a6\/#breadcrumb"},"inLanguage":"fr-FR","potentialAction":[{"@type":"ReadAction","target":["https:\/\/luxury-rental-mc.com\/fr\/location-voiture\/audi-a6\/"]}]},{"@type":"BreadcrumbList","@id":"https:\/\/luxury-rental-mc.com\/fr\/location-voiture\/audi-a6\/#breadcrumb","itemListElement":[{"@type":"ListItem","position":1,"name":"Accueil","item":"https:\/\/luxury-rental-mc.com\/fr\/"},{"@type":"ListItem","position":2,"name":"Location","item":"https:\/\/luxury-rental-mc.com\/fr\/location-voiture\/"},{"@type":"ListItem","position":3,"name":"Audi A6"}]},{"@type":"WebSite","@id":"https:\/\/luxury-rental-mc.com\/#website","url":"https:\/\/luxury-rental-mc.com\/","name":"Luxury Car Rentals | Monaco, Nice, Cannes, Saint-Tropez","description":"Rent the finest brands : Porsche, Ferrari, Lamborghini, Mercedes...","potentialAction":[{"@type":"SearchAction","target":{"@type":"EntryPoint","urlTemplate":"https:\/\/luxury-rental-mc.com\/?s={search_term_string}"},"query-input":"required name=search_term_string"}],"inLanguage":"fr-FR"}]}},"_links":{"self":[{"href":"https:\/\/luxury-rental-mc.com\/fr\/wp-json\/wp\/v2\/pages\/7396\/"}],"collection":[{"href":"https:\/\/luxury-rental-mc.com\/fr\/wp-json\/wp\/v2\/pages\/"}],"about":[{"href":"https:\/\/luxury-rental-mc.com\/fr\/wp-json\/wp\/v2\/types\/page\/"}],"author":[{"embeddable":true,"href":"https:\/\/luxury-rental-mc.com\/fr\/wp-json\/wp\/v2\/users\/1\/"}],"replies":[{"embeddable":true,"href":"https:\/\/luxury-rental-mc.com\/fr\/wp-json\/wp\/v2\/comments\/?post=7396"}],"version-history":[{"count":13,"href":"https:\/\/luxury-rental-mc.com\/fr\/wp-json\/wp\/v2\/pages\/7396\/revisions\/"}],"predecessor-version":[{"id":49357,"href":"https:\/\/luxury-rental-mc.com\/fr\/wp-json\/wp\/v2\/pages\/7396\/revisions\/49357\/"}],"up":[{"embeddable":true,"href":"https:\/\/luxury-rental-mc.com\/fr\/wp-json\/wp\/v2\/pages\/7038\/"}],"wp:attachment":[{"href":"https:\/\/luxury-rental-mc.com\/fr\/wp-json\/wp\/v2\/media\/?parent=7396"}],"curies":[{"name":"wp","href":"https:\/\/api.w.org\/{rel}","templated":true}]}}