{"id":7407,"date":"2016-02-21T23:34:23","date_gmt":"2016-02-21T22:34:23","guid":{"rendered":"https:\/\/luxury-rental-mc.com\/fr\/?page_id=7407"},"modified":"2020-03-07T11:18:55","modified_gmt":"2020-03-07T10:18:55","slug":"bmw-serie-4","status":"publish","type":"page","link":"https:\/\/luxury-rental-mc.com\/fr\/location-voiture\/bmw-serie-4\/","title":{"rendered":"BMW Serie 4"},"content":{"rendered":"[vc_row][vc_column width=\u00a0\u00bb2\/3&Prime;][mk_title_box size=\u00a0\u00bb16&Prime; letter_spacing=\u00a0\u00bb4&Prime; margin_bottom=\u00a0\u00bb0&Prime; font_family=\u00a0\u00bbnone\u00a0\u00bb]\n<h1><span style=\"font-size: 14pt;\">Location\u00a0BMW Serie 4\u00a0<\/span><\/h1>\n[\/mk_title_box][mk_swipe_slideshow images=\u00a0\u00bb11802,11804,11806&Prime; image_width=\u00a0\u00bb750&Prime; image_height=\u00a0\u00bb380&Prime;][vc_column_text]\n<div style=\"text-align: justify;\">La \u00a0BMW Serie 4 est la rempla\u00e7ante l\u00e9gitime de la serie 3 \u00a0et comme ses concurrentes la Mercedes classe e et l&rsquo;audi a5 elle est le parfait compagnon combinant fluidit\u00e9 , l\u00e9g\u00e8rt\u00e9 et puissance.\u00a0Elle vous donnera enti\u00e8rement satisfaction sur route de campagne \u00a0comme en ville . Forte de son succ\u00e8s depuis maintenant 3 ans , elle est l&rsquo;outil id\u00e9al en toutes circonstances.<\/div>\n<div style=\"text-align: justify;\">Notre service de livraison est en mesure de d\u00e9poser les v\u00e9hicules partout en Europe,\u00a0France ainsi que dans les plus grandes villes\u00a0les plus pris\u00e9es tels que Saint Tropez, Courchevel , Rome, Paris , Madrid, Zurich \u00a0contactez nous par t\u00e9l\u00e9phone, ou par mail nous r\u00e9pondrons a vos attentes<\/div>\n[\/vc_column_text][\/vc_column][vc_column width=\u00a0\u00bb1\/3&Prime;][mk_padding_divider size=\u00a0\u00bb12&Prime;][mk_title_box size=\u00a0\u00bb16&Prime; letter_spacing=\u00a0\u00bb4&Prime; margin_bottom=\u00a0\u00bb0&Prime; font_family=\u00a0\u00bbnone\u00a0\u00bb]\n<h2><span style=\"font-size: 14pt;\">Tarifs<\/span><\/h2>\n[\/mk_title_box][vc_table vc_table_theme=\u00a0\u00bbsimple_pink\u00a0\u00bb][align-left]Journ%C3%A9e%20(150%20Km),[align-left]380%E2%82%AC|[b;align-left]3%20Jours%20(500%20km),[align-left]950%E2%82%AC|[b;align-left]5%20Jours%20(750%20Km),[align-left]1450%E2%82%AC|[b;align-left]Jour%20supp.,[align-left]300%E2%82%AC[\/vc_table][mk_button dimension=\u00a0\u00bboutline\u00a0\u00bb size=\u00a0\u00bblarge\u00a0\u00bb icon=\u00a0\u00bbmk-li-call\u00a0\u00bb url=\u00a0\u00bbhttps:\/\/luxury-rental-mc.com\/fr\/contact\/\u00a0\u00bb align=\u00a0\u00bbcenter\u00a0\u00bb fullwidth=\u00a0\u00bbtrue\u00a0\u00bb visibility=\u00a0\u00bbhidden-sm\u00a0\u00bb]R\u00e9servation +33762841105[\/mk_button][mk_button dimension=\u00a0\u00bboutline\u00a0\u00bb size=\u00a0\u00bblarge\u00a0\u00bb icon=\u00a0\u00bbmk-li-call\u00a0\u00bb url=\u00a0\u00bbtel:+33762841105&Prime; align=\u00a0\u00bbcenter\u00a0\u00bb fullwidth=\u00a0\u00bbtrue\u00a0\u00bb visibility=\u00a0\u00bbhidden-dt\u00a0\u00bb]Reservation[\/mk_button][vc_column_text]Marque\u00a0:\u00a0BMW<br \/>\nMod\u00e8le : S\u00e9rie 4<br \/>\nNombre de places :\u00a04<br \/>\nPuissance : 245\u00a0Ch<br \/>\nCylindr\u00e9e\u00a0: 1 997\u00a0cm3<br \/>\nVitesse\u00a0max :\u00a0250 Km\/h<br \/>\nConsommation Mixte\u00a0: 6.6\u00a0l \/100 km<br \/>\nAge minimum\u00a0:\u00a018 ans[\/vc_column_text][\/vc_column][\/vc_row][vc_row fullwidth=\u00a0\u00bbtrue\u00a0\u00bb][vc_column][mk_clients clients=\u00a0\u00bb7183,7187,7173,7185,7177,7175,7179,7181,7189&Prime;][\/vc_column][\/vc_row]\n","protected":false},"excerpt":{"rendered":"<p>[vc_row][vc_column width=\u00a0\u00bb2\/3&Prime;][mk_title_box size=\u00a0\u00bb16&Prime; letter_spacing=\u00a0\u00bb4&Prime; margin_bottom=\u00a0\u00bb0&Prime; font_family=\u00a0\u00bbnone\u00a0\u00bb] Location\u00a0BMW Serie 4\u00a0 [\/mk_title_box][mk_swipe_slideshow images=\u00a0\u00bb11802,11804,11806&Prime; image_width=\u00a0\u00bb750&Prime; image_height=\u00a0\u00bb380&Prime;][vc_column_text] La \u00a0BMW Serie 4 est la rempla\u00e7ante l\u00e9gitime de la serie 3 \u00a0et comme ses concurrentes la Mercedes classe e et l&rsquo;audi a5 elle est le parfait compagnon combinant fluidit\u00e9 , l\u00e9g\u00e8rt\u00e9 et puissance.\u00a0Elle vous donnera enti\u00e8rement satisfaction sur route de campagne [&hellip;]<\/p>\n","protected":false},"author":1,"featured_media":0,"parent":7038,"menu_order":0,"comment_status":"closed","ping_status":"closed","template":"","meta":{"_monsterinsights_skip_tracking":false,"_monsterinsights_sitenote_active":false,"_monsterinsights_sitenote_note":"","_monsterinsights_sitenote_category":0},"yoast_head":"<!-- This site is optimized with the Yoast SEO plugin v20.3 - https:\/\/yoast.com\/wordpress\/plugins\/seo\/ -->\n<title>\u00a0Location BMW S\u00e9rie 4 Saint Tropez, Cannes, Antibes | Luxury Car Rental<\/title>\n<meta name=\"description\" content=\"La serie 4 est la rempla\u00e7ante l\u00e9gitime de la serie 3 \u00a0et comme ses concurrentes la Mercedes classe e et l&#039;audi a5 elle est le parfait compagnon\" \/>\n<meta name=\"robots\" content=\"index, follow, max-snippet:-1, max-image-preview:large, max-video-preview:-1\" \/>\n<link rel=\"canonical\" href=\"https:\/\/luxury-rental-mc.com\/fr\/location-voiture\/bmw-serie-4\/\" \/>\n<meta property=\"og:locale\" content=\"fr_FR\" \/>\n<meta property=\"og:type\" content=\"article\" \/>\n<meta property=\"og:title\" content=\"\u00a0Location BMW S\u00e9rie 4 Saint Tropez, Cannes, Antibes | Luxury Car Rental\" \/>\n<meta property=\"og:description\" content=\"La serie 4 est la rempla\u00e7ante l\u00e9gitime de la serie 3 \u00a0et comme ses concurrentes la Mercedes classe e et l&#039;audi a5 elle est le parfait compagnon\" \/>\n<meta property=\"og:url\" content=\"https:\/\/luxury-rental-mc.com\/fr\/location-voiture\/bmw-serie-4\/\" \/>\n<meta property=\"og:site_name\" content=\"Luxury Car Rentals | Monaco, Nice, Cannes, Saint-Tropez\" \/>\n<meta property=\"article:modified_time\" content=\"2020-03-07T10:18:55+00:00\" \/>\n<meta name=\"twitter:label1\" content=\"Dur\u00e9e de lecture estim\u00e9e\" \/>\n\t<meta name=\"twitter:data1\" content=\"2 minutes\" \/>\n<script type=\"application\/ld+json\" class=\"yoast-schema-graph\">{\"@context\":\"https:\/\/schema.org\",\"@graph\":[{\"@type\":\"WebPage\",\"@id\":\"https:\/\/luxury-rental-mc.com\/fr\/location-voiture\/bmw-serie-4\/\",\"url\":\"https:\/\/luxury-rental-mc.com\/fr\/location-voiture\/bmw-serie-4\/\",\"name\":\"\u00a0Location BMW S\u00e9rie 4 Saint Tropez, Cannes, Antibes | Luxury Car Rental\",\"isPartOf\":{\"@id\":\"https:\/\/luxury-rental-mc.com\/#website\"},\"datePublished\":\"2016-02-21T22:34:23+00:00\",\"dateModified\":\"2020-03-07T10:18:55+00:00\",\"description\":\"La serie 4 est la rempla\u00e7ante l\u00e9gitime de la serie 3 \u00a0et comme ses concurrentes la Mercedes classe e et l'audi a5 elle est le parfait compagnon\",\"breadcrumb\":{\"@id\":\"https:\/\/luxury-rental-mc.com\/fr\/location-voiture\/bmw-serie-4\/#breadcrumb\"},\"inLanguage\":\"fr-FR\",\"potentialAction\":[{\"@type\":\"ReadAction\",\"target\":[\"https:\/\/luxury-rental-mc.com\/fr\/location-voiture\/bmw-serie-4\/\"]}]},{\"@type\":\"BreadcrumbList\",\"@id\":\"https:\/\/luxury-rental-mc.com\/fr\/location-voiture\/bmw-serie-4\/#breadcrumb\",\"itemListElement\":[{\"@type\":\"ListItem\",\"position\":1,\"name\":\"Accueil\",\"item\":\"https:\/\/luxury-rental-mc.com\/fr\/\"},{\"@type\":\"ListItem\",\"position\":2,\"name\":\"Location\",\"item\":\"https:\/\/luxury-rental-mc.com\/fr\/location-voiture\/\"},{\"@type\":\"ListItem\",\"position\":3,\"name\":\"BMW Serie 4\"}]},{\"@type\":\"WebSite\",\"@id\":\"https:\/\/luxury-rental-mc.com\/#website\",\"url\":\"https:\/\/luxury-rental-mc.com\/\",\"name\":\"Luxury Car Rentals | Monaco, Nice, Cannes, Saint-Tropez\",\"description\":\"Rent the finest brands : Porsche, Ferrari, Lamborghini, Mercedes...\",\"potentialAction\":[{\"@type\":\"SearchAction\",\"target\":{\"@type\":\"EntryPoint\",\"urlTemplate\":\"https:\/\/luxury-rental-mc.com\/?s={search_term_string}\"},\"query-input\":\"required name=search_term_string\"}],\"inLanguage\":\"fr-FR\"}]}<\/script>\n<!-- \/ Yoast SEO plugin. -->","yoast_head_json":{"title":"\u00a0Location BMW S\u00e9rie 4 Saint Tropez, Cannes, Antibes | Luxury Car Rental","description":"La serie 4 est la rempla\u00e7ante l\u00e9gitime de la serie 3 \u00a0et comme ses concurrentes la Mercedes classe e et l'audi a5 elle est le parfait compagnon","robots":{"index":"index","follow":"follow","max-snippet":"max-snippet:-1","max-image-preview":"max-image-preview:large","max-video-preview":"max-video-preview:-1"},"canonical":"https:\/\/luxury-rental-mc.com\/fr\/location-voiture\/bmw-serie-4\/","og_locale":"fr_FR","og_type":"article","og_title":"\u00a0Location BMW S\u00e9rie 4 Saint Tropez, Cannes, Antibes | Luxury Car Rental","og_description":"La serie 4 est la rempla\u00e7ante l\u00e9gitime de la serie 3 \u00a0et comme ses concurrentes la Mercedes classe e et l'audi a5 elle est le parfait compagnon","og_url":"https:\/\/luxury-rental-mc.com\/fr\/location-voiture\/bmw-serie-4\/","og_site_name":"Luxury Car Rentals | Monaco, Nice, Cannes, Saint-Tropez","article_modified_time":"2020-03-07T10:18:55+00:00","twitter_misc":{"Dur\u00e9e de lecture estim\u00e9e":"2 minutes"},"schema":{"@context":"https:\/\/schema.org","@graph":[{"@type":"WebPage","@id":"https:\/\/luxury-rental-mc.com\/fr\/location-voiture\/bmw-serie-4\/","url":"https:\/\/luxury-rental-mc.com\/fr\/location-voiture\/bmw-serie-4\/","name":"\u00a0Location BMW S\u00e9rie 4 Saint Tropez, Cannes, Antibes | Luxury Car Rental","isPartOf":{"@id":"https:\/\/luxury-rental-mc.com\/#website"},"datePublished":"2016-02-21T22:34:23+00:00","dateModified":"2020-03-07T10:18:55+00:00","description":"La serie 4 est la rempla\u00e7ante l\u00e9gitime de la serie 3 \u00a0et comme ses concurrentes la Mercedes classe e et l'audi a5 elle est le parfait compagnon","breadcrumb":{"@id":"https:\/\/luxury-rental-mc.com\/fr\/location-voiture\/bmw-serie-4\/#breadcrumb"},"inLanguage":"fr-FR","potentialAction":[{"@type":"ReadAction","target":["https:\/\/luxury-rental-mc.com\/fr\/location-voiture\/bmw-serie-4\/"]}]},{"@type":"BreadcrumbList","@id":"https:\/\/luxury-rental-mc.com\/fr\/location-voiture\/bmw-serie-4\/#breadcrumb","itemListElement":[{"@type":"ListItem","position":1,"name":"Accueil","item":"https:\/\/luxury-rental-mc.com\/fr\/"},{"@type":"ListItem","position":2,"name":"Location","item":"https:\/\/luxury-rental-mc.com\/fr\/location-voiture\/"},{"@type":"ListItem","position":3,"name":"BMW Serie 4"}]},{"@type":"WebSite","@id":"https:\/\/luxury-rental-mc.com\/#website","url":"https:\/\/luxury-rental-mc.com\/","name":"Luxury Car Rentals | Monaco, Nice, Cannes, Saint-Tropez","description":"Rent the finest brands : Porsche, Ferrari, Lamborghini, Mercedes...","potentialAction":[{"@type":"SearchAction","target":{"@type":"EntryPoint","urlTemplate":"https:\/\/luxury-rental-mc.com\/?s={search_term_string}"},"query-input":"required name=search_term_string"}],"inLanguage":"fr-FR"}]}},"_links":{"self":[{"href":"https:\/\/luxury-rental-mc.com\/fr\/wp-json\/wp\/v2\/pages\/7407\/"}],"collection":[{"href":"https:\/\/luxury-rental-mc.com\/fr\/wp-json\/wp\/v2\/pages\/"}],"about":[{"href":"https:\/\/luxury-rental-mc.com\/fr\/wp-json\/wp\/v2\/types\/page\/"}],"author":[{"embeddable":true,"href":"https:\/\/luxury-rental-mc.com\/fr\/wp-json\/wp\/v2\/users\/1\/"}],"replies":[{"embeddable":true,"href":"https:\/\/luxury-rental-mc.com\/fr\/wp-json\/wp\/v2\/comments\/?post=7407"}],"version-history":[{"count":6,"href":"https:\/\/luxury-rental-mc.com\/fr\/wp-json\/wp\/v2\/pages\/7407\/revisions\/"}],"predecessor-version":[{"id":49375,"href":"https:\/\/luxury-rental-mc.com\/fr\/wp-json\/wp\/v2\/pages\/7407\/revisions\/49375\/"}],"up":[{"embeddable":true,"href":"https:\/\/luxury-rental-mc.com\/fr\/wp-json\/wp\/v2\/pages\/7038\/"}],"wp:attachment":[{"href":"https:\/\/luxury-rental-mc.com\/fr\/wp-json\/wp\/v2\/media\/?parent=7407"}],"curies":[{"name":"wp","href":"https:\/\/api.w.org\/{rel}","templated":true}]}}