{"id":7451,"date":"2016-02-22T00:22:44","date_gmt":"2016-02-21T23:22:44","guid":{"rendered":"https:\/\/luxury-rental-mc.com\/fr\/location-voiture\/range-rover-vogue\/"},"modified":"2019-05-10T13:58:36","modified_gmt":"2019-05-10T11:58:36","slug":"range-rover-vogue","status":"publish","type":"page","link":"https:\/\/luxury-rental-mc.com\/fr\/location-voiture\/range-rover-vogue\/","title":{"rendered":"Range Rover Vogue"},"content":{"rendered":"[vc_row][vc_column width=\u00a0\u00bb2\/3&Prime;][mk_title_box size=\u00a0\u00bb16&Prime; letter_spacing=\u00a0\u00bb4&Prime; margin_bottom=\u00a0\u00bb0&Prime; font_family=\u00a0\u00bbnone\u00a0\u00bb]\n<h1><span style=\"font-size: 14pt;\">Location\u00a0Range Rover Vogue<\/span><\/h1>\n[\/mk_title_box][mk_swipe_slideshow images=\u00a0\u00bb12316,12314,12312,12318&Prime; image_width=\u00a0\u00bb750&Prime; image_height=\u00a0\u00bb420&Prime;][vc_column_text css=\u00a0\u00bb.vc_custom_1555094632939{margin-bottom: 0px !important;}\u00a0\u00bb]\n<div>\n<p><span style=\"font-size: 10pt;\">Notre agence de location de v\u00e9hicules de luxe bas\u00e9e \u00e0 Monte-Carlo, Monaco vous propose de louer le Range Rover Vogue. Cet imposant SUV de luxe est id\u00e9al pour vos d\u00e9placements dans toute l\u2019Europe. Louer le Range Rover Vogue et offrez vous confort ultime, espace et somptuosit\u00e9 au d\u00e9part de l\u2019<span style=\"color: #000000;\"><strong>a\u00e9roport de Lyon<\/strong><\/span>. R\u00e9servez d\u00e8s maintenant la <a href=\"https:\/\/luxury-rental-mc.com\/fr\/location-voiture-luxe\/nice\">location d\u2019un Range Rover Vogue \u00e0 l\u2019a\u00e9roport de Nice C\u00f4te d\u2019Azur<\/a>. A bord de ce prestigieux SUV, vous parcourrez les villes de la C\u00f4te d\u2019Azur, telles que Cannes et <strong>Saint Tropez<\/strong>. Pour faciliter vos voyages, <a href=\"https:\/\/luxury-rental-mc.com\/fr\/location-voiture-luxe\/milan\">louez un Range Rover Vogue en aller simple \u00e0 l\u2019a\u00e9roport de Milan-Malpensa<\/a>, et restituez votre 4&#215;4 de location dans une ville diff\u00e9rente telle que <strong>Marseille<\/strong>. Gr\u00e2ce \u00e0 nos services sur mesure et \u00e0 notre \u00e9quipe de professionnels de la location de voitures, <strong>louer un 4&#215;4 de luxe Range Rover Vogue<\/strong> sera d\u2019une extr\u00eame simplicit\u00e9. Louer un Range Rover Vogue \u00e0 <strong>Gen\u00e8ve<\/strong> et restituez le SUV au pied de votre chalet \u00e0 <strong>St Moritz<\/strong>. Optez pour la <a href=\"https:\/\/luxury-rental-mc.com\/fr\/location-voiture-luxe\/cannes\">location d\u2019un Range Rover Vogue \u00e0 Cannes<\/a> et d\u00e9posez le \u00e0 l\u2019a\u00e9roport de Barcelone El-Prat. Louer un Range Rover Vogue \u00e0 Portofino sera d\u2019une facilit\u00e9 sans \u00e9gal, choisissez la livraison de ce SUV de prestige \u00e0 votre h\u00f4tel en Italie. Pour un rendez vous d\u2019affaires, optez pour la<strong> location d\u2019un Range Rover Vogue \u00e0 l\u2019a\u00e9roport de Paris CDG<\/strong>. Envie d\u2019organiser un road trip dans le Sud de la France ? Louer un Range Rover Vogue \u00e0 Monte-Carlo est la solution. En famille vous pourrez quitter la Principaut\u00e9 de <strong>Monaco<\/strong> pour vous diriger vers Gordes en passant par <strong>Le Castellet<\/strong>, les Calanques de Cassis et Aix-en-Provence. Le SUV de prestige Range Rover Vogue accueillera tous vos bagages et vous fera voyager en premi\u00e8re classe. Dans notre agence de location de voitures de prestige, vous pourrez louer un Range Rover Vogue 5 places ou 7 places. Notre service de livraison de v\u00e9hicules de location disponible <a href=\"https:\/\/luxury-rental-mc.com\/fr\/news-fr\/louer-une-voiture-de-luxe-en-europe\">partout en Europe<\/a> (France, Italie, Espagne, Suisse&#8230;) est disponible 24\/7.<\/span><br \/>\n<span style=\"text-align: justify; font-size: 10pt;\">Le Range Rover de chez Land Rover se d\u00e9cline sous plusieurs formes, consid\u00e9r\u00e9 par tous comme l&rsquo;un des 4&#215;4 \/ SUV par excellence il a su garder sa place parmi les v\u00e9hicules tous terrains des plus appr\u00e9ci\u00e9s, au sommet du luxe avec un niveau de raffinement exceptionnel et un souci du d\u00e9tail rarement \u00e9gal\u00e9, le Range Rover ne manquera pas de vous s\u00e9duire.\u00a0Regroupant performance, intuitivit\u00e9 et plaisir de conduite, il est aujourd&rsquo;hui un SUV sans \u00e9gal.<\/span><\/p>\n<\/div>\n[\/vc_column_text][\/vc_column][vc_column width=\u00a0\u00bb1\/3&Prime;][mk_padding_divider size=\u00a0\u00bb12&Prime;][mk_title_box size=\u00a0\u00bb16&Prime; letter_spacing=\u00a0\u00bb4&Prime; margin_bottom=\u00a0\u00bb0&Prime; font_family=\u00a0\u00bbnone\u00a0\u00bb]\n<h2><span style=\"font-size: 14pt;\">Tarifs<\/span><\/h2>\n[\/mk_title_box][vc_table vc_table_theme=\u00a0\u00bbsimple_pink\u00a0\u00bb][align-left]Journ%C3%A9e%20(150%20Km),[align-left]650%E2%82%AC|[b;align-left]3%20Jours%20(500%20km),[align-left]1800%E2%82%AC|[b;align-left]5%20Jours%20(750%20Km),[align-left]2800%E2%82%AC|[b;align-left]Jour%20supp.,[align-left]450%E2%82%AC|[b;align-left]KM%20extra,[align-left]3%E2%82%AC|[b;align-left]Caution,[align-left]6000%E2%82%AC[\/vc_table][mk_button dimension=\u00a0\u00bboutline\u00a0\u00bb size=\u00a0\u00bblarge\u00a0\u00bb icon=\u00a0\u00bbmk-li-call\u00a0\u00bb url=\u00a0\u00bbhttps:\/\/luxury-rental-mc.com\/fr\/contact\/\u00a0\u00bb align=\u00a0\u00bbcenter\u00a0\u00bb fullwidth=\u00a0\u00bbtrue\u00a0\u00bb visibility=\u00a0\u00bbhidden-sm\u00a0\u00bb]R\u00e9servation +33762841105[\/mk_button][mk_button dimension=\u00a0\u00bboutline\u00a0\u00bb size=\u00a0\u00bblarge\u00a0\u00bb icon=\u00a0\u00bbmk-li-call\u00a0\u00bb url=\u00a0\u00bbtel:+33762841105&Prime; align=\u00a0\u00bbcenter\u00a0\u00bb fullwidth=\u00a0\u00bbtrue\u00a0\u00bb visibility=\u00a0\u00bbhidden-dt\u00a0\u00bb]Reservation[\/mk_button][vc_column_text]Marque\u00a0: Range Rover<br \/>\nMod\u00e8le :\u00a0Vogue<br \/>\nNombre de places :\u00a05<br \/>\nPuissance : 340\u00a0Ch<br \/>\nCylindr\u00e9e\u00a0: 4367\u00a0cm3<br \/>\nVitesse\u00a0max : 220\u00a0Km\/h<br \/>\nConsommation Mixte\u00a0: 8.4l \/100 km<br \/>\nAge minimum\u00a0:\u00a018 ans[\/vc_column_text][\/vc_column][\/vc_row][vc_row fullwidth=\u00a0\u00bbtrue\u00a0\u00bb][vc_column][mk_clients clients=\u00a0\u00bb7183,7187,7173,7185,7177,7175,7179,7181,7189&Prime;][\/vc_column][\/vc_row]\n","protected":false},"excerpt":{"rendered":"<p>[vc_row][vc_column width=\u00a0\u00bb2\/3&Prime;][mk_title_box size=\u00a0\u00bb16&Prime; letter_spacing=\u00a0\u00bb4&Prime; margin_bottom=\u00a0\u00bb0&Prime; font_family=\u00a0\u00bbnone\u00a0\u00bb] Location\u00a0Range Rover Vogue [\/mk_title_box][mk_swipe_slideshow images=\u00a0\u00bb12316,12314,12312,12318&Prime; image_width=\u00a0\u00bb750&Prime; image_height=\u00a0\u00bb420&Prime;][vc_column_text css=\u00a0\u00bb.vc_custom_1555094632939{margin-bottom: 0px !important;}\u00a0\u00bb] Notre agence de location de v\u00e9hicules de luxe bas\u00e9e \u00e0 Monte-Carlo, Monaco vous propose de louer le Range Rover Vogue. Cet imposant SUV de luxe est id\u00e9al pour vos d\u00e9placements dans toute l\u2019Europe. Louer le Range Rover Vogue et [&hellip;]<\/p>\n","protected":false},"author":1,"featured_media":0,"parent":7038,"menu_order":0,"comment_status":"closed","ping_status":"closed","template":"","meta":{"_monsterinsights_skip_tracking":false,"_monsterinsights_sitenote_active":false,"_monsterinsights_sitenote_note":"","_monsterinsights_sitenote_category":0},"yoast_head":"<!-- This site is optimized with the Yoast SEO plugin v20.3 - https:\/\/yoast.com\/wordpress\/plugins\/seo\/ -->\n<title>Location Range Rover Nice, Louer 4x4 Cannes | LR Monaco<\/title>\n<meta name=\"description\" content=\"Location Range Rover Nice, Cannes, Monaco il est l&#039;une des r\u00e9f\u00e9rences en mati\u00e8re de 4x4.Il est dot\u00e9 d&#039;un moteur diesel tr\u00e8s dynamique.\" \/>\n<meta name=\"robots\" content=\"index, follow, max-snippet:-1, max-image-preview:large, max-video-preview:-1\" \/>\n<link rel=\"canonical\" href=\"https:\/\/luxury-rental-mc.com\/fr\/location-voiture\/range-rover-vogue\/\" \/>\n<meta property=\"og:locale\" content=\"fr_FR\" \/>\n<meta property=\"og:type\" content=\"article\" \/>\n<meta property=\"og:title\" content=\"Location Range Rover Nice, Louer 4x4 Cannes | LR Monaco\" \/>\n<meta property=\"og:description\" content=\"Location Range Rover Nice, Cannes, Monaco il est l&#039;une des r\u00e9f\u00e9rences en mati\u00e8re de 4x4.Il est dot\u00e9 d&#039;un moteur diesel tr\u00e8s dynamique.\" \/>\n<meta property=\"og:url\" content=\"https:\/\/luxury-rental-mc.com\/fr\/location-voiture\/range-rover-vogue\/\" \/>\n<meta property=\"og:site_name\" content=\"Luxury Car Rentals | Monaco, Nice, Cannes, Saint-Tropez\" \/>\n<meta property=\"article:modified_time\" content=\"2019-05-10T11:58:36+00:00\" \/>\n<meta name=\"twitter:label1\" content=\"Dur\u00e9e de lecture estim\u00e9e\" \/>\n\t<meta name=\"twitter:data1\" content=\"3 minutes\" \/>\n<script type=\"application\/ld+json\" class=\"yoast-schema-graph\">{\"@context\":\"https:\/\/schema.org\",\"@graph\":[{\"@type\":\"WebPage\",\"@id\":\"https:\/\/luxury-rental-mc.com\/fr\/location-voiture\/range-rover-vogue\/\",\"url\":\"https:\/\/luxury-rental-mc.com\/fr\/location-voiture\/range-rover-vogue\/\",\"name\":\"Location Range Rover Nice, Louer 4x4 Cannes | LR Monaco\",\"isPartOf\":{\"@id\":\"https:\/\/luxury-rental-mc.com\/#website\"},\"datePublished\":\"2016-02-21T23:22:44+00:00\",\"dateModified\":\"2019-05-10T11:58:36+00:00\",\"description\":\"Location Range Rover Nice, Cannes, Monaco il est l'une des r\u00e9f\u00e9rences en mati\u00e8re de 4x4.Il est dot\u00e9 d'un moteur diesel tr\u00e8s dynamique.\",\"breadcrumb\":{\"@id\":\"https:\/\/luxury-rental-mc.com\/fr\/location-voiture\/range-rover-vogue\/#breadcrumb\"},\"inLanguage\":\"fr-FR\",\"potentialAction\":[{\"@type\":\"ReadAction\",\"target\":[\"https:\/\/luxury-rental-mc.com\/fr\/location-voiture\/range-rover-vogue\/\"]}]},{\"@type\":\"BreadcrumbList\",\"@id\":\"https:\/\/luxury-rental-mc.com\/fr\/location-voiture\/range-rover-vogue\/#breadcrumb\",\"itemListElement\":[{\"@type\":\"ListItem\",\"position\":1,\"name\":\"Accueil\",\"item\":\"https:\/\/luxury-rental-mc.com\/fr\/\"},{\"@type\":\"ListItem\",\"position\":2,\"name\":\"Location\",\"item\":\"https:\/\/luxury-rental-mc.com\/fr\/location-voiture\/\"},{\"@type\":\"ListItem\",\"position\":3,\"name\":\"Range Rover Vogue\"}]},{\"@type\":\"WebSite\",\"@id\":\"https:\/\/luxury-rental-mc.com\/#website\",\"url\":\"https:\/\/luxury-rental-mc.com\/\",\"name\":\"Luxury Car Rentals | Monaco, Nice, Cannes, Saint-Tropez\",\"description\":\"Rent the finest brands : Porsche, Ferrari, Lamborghini, Mercedes...\",\"potentialAction\":[{\"@type\":\"SearchAction\",\"target\":{\"@type\":\"EntryPoint\",\"urlTemplate\":\"https:\/\/luxury-rental-mc.com\/?s={search_term_string}\"},\"query-input\":\"required name=search_term_string\"}],\"inLanguage\":\"fr-FR\"}]}<\/script>\n<!-- \/ Yoast SEO plugin. -->","yoast_head_json":{"title":"Location Range Rover Nice, Louer 4x4 Cannes | LR Monaco","description":"Location Range Rover Nice, Cannes, Monaco il est l'une des r\u00e9f\u00e9rences en mati\u00e8re de 4x4.Il est dot\u00e9 d'un moteur diesel tr\u00e8s dynamique.","robots":{"index":"index","follow":"follow","max-snippet":"max-snippet:-1","max-image-preview":"max-image-preview:large","max-video-preview":"max-video-preview:-1"},"canonical":"https:\/\/luxury-rental-mc.com\/fr\/location-voiture\/range-rover-vogue\/","og_locale":"fr_FR","og_type":"article","og_title":"Location Range Rover Nice, Louer 4x4 Cannes | LR Monaco","og_description":"Location Range Rover Nice, Cannes, Monaco il est l'une des r\u00e9f\u00e9rences en mati\u00e8re de 4x4.Il est dot\u00e9 d'un moteur diesel tr\u00e8s dynamique.","og_url":"https:\/\/luxury-rental-mc.com\/fr\/location-voiture\/range-rover-vogue\/","og_site_name":"Luxury Car Rentals | Monaco, Nice, Cannes, Saint-Tropez","article_modified_time":"2019-05-10T11:58:36+00:00","twitter_misc":{"Dur\u00e9e de lecture estim\u00e9e":"3 minutes"},"schema":{"@context":"https:\/\/schema.org","@graph":[{"@type":"WebPage","@id":"https:\/\/luxury-rental-mc.com\/fr\/location-voiture\/range-rover-vogue\/","url":"https:\/\/luxury-rental-mc.com\/fr\/location-voiture\/range-rover-vogue\/","name":"Location Range Rover Nice, Louer 4x4 Cannes | LR Monaco","isPartOf":{"@id":"https:\/\/luxury-rental-mc.com\/#website"},"datePublished":"2016-02-21T23:22:44+00:00","dateModified":"2019-05-10T11:58:36+00:00","description":"Location Range Rover Nice, Cannes, Monaco il est l'une des r\u00e9f\u00e9rences en mati\u00e8re de 4x4.Il est dot\u00e9 d'un moteur diesel tr\u00e8s dynamique.","breadcrumb":{"@id":"https:\/\/luxury-rental-mc.com\/fr\/location-voiture\/range-rover-vogue\/#breadcrumb"},"inLanguage":"fr-FR","potentialAction":[{"@type":"ReadAction","target":["https:\/\/luxury-rental-mc.com\/fr\/location-voiture\/range-rover-vogue\/"]}]},{"@type":"BreadcrumbList","@id":"https:\/\/luxury-rental-mc.com\/fr\/location-voiture\/range-rover-vogue\/#breadcrumb","itemListElement":[{"@type":"ListItem","position":1,"name":"Accueil","item":"https:\/\/luxury-rental-mc.com\/fr\/"},{"@type":"ListItem","position":2,"name":"Location","item":"https:\/\/luxury-rental-mc.com\/fr\/location-voiture\/"},{"@type":"ListItem","position":3,"name":"Range Rover Vogue"}]},{"@type":"WebSite","@id":"https:\/\/luxury-rental-mc.com\/#website","url":"https:\/\/luxury-rental-mc.com\/","name":"Luxury Car Rentals | Monaco, Nice, Cannes, Saint-Tropez","description":"Rent the finest brands : Porsche, Ferrari, Lamborghini, Mercedes...","potentialAction":[{"@type":"SearchAction","target":{"@type":"EntryPoint","urlTemplate":"https:\/\/luxury-rental-mc.com\/?s={search_term_string}"},"query-input":"required name=search_term_string"}],"inLanguage":"fr-FR"}]}},"_links":{"self":[{"href":"https:\/\/luxury-rental-mc.com\/fr\/wp-json\/wp\/v2\/pages\/7451\/"}],"collection":[{"href":"https:\/\/luxury-rental-mc.com\/fr\/wp-json\/wp\/v2\/pages\/"}],"about":[{"href":"https:\/\/luxury-rental-mc.com\/fr\/wp-json\/wp\/v2\/types\/page\/"}],"author":[{"embeddable":true,"href":"https:\/\/luxury-rental-mc.com\/fr\/wp-json\/wp\/v2\/users\/1\/"}],"replies":[{"embeddable":true,"href":"https:\/\/luxury-rental-mc.com\/fr\/wp-json\/wp\/v2\/comments\/?post=7451"}],"version-history":[{"count":18,"href":"https:\/\/luxury-rental-mc.com\/fr\/wp-json\/wp\/v2\/pages\/7451\/revisions\/"}],"predecessor-version":[{"id":12320,"href":"https:\/\/luxury-rental-mc.com\/fr\/wp-json\/wp\/v2\/pages\/7451\/revisions\/12320\/"}],"up":[{"embeddable":true,"href":"https:\/\/luxury-rental-mc.com\/fr\/wp-json\/wp\/v2\/pages\/7038\/"}],"wp:attachment":[{"href":"https:\/\/luxury-rental-mc.com\/fr\/wp-json\/wp\/v2\/media\/?parent=7451"}],"curies":[{"name":"wp","href":"https:\/\/api.w.org\/{rel}","templated":true}]}}