{"id":7463,"date":"2016-02-22T09:37:33","date_gmt":"2016-02-22T08:37:33","guid":{"rendered":"https:\/\/luxury-rental-mc.com\/fr\/?page_id=7463"},"modified":"2017-06-21T17:25:53","modified_gmt":"2017-06-21T15:25:53","slug":"lamborghini-aventador","status":"publish","type":"page","link":"https:\/\/luxury-rental-mc.com\/fr\/location-voiture\/lamborghini-aventador\/","title":{"rendered":"Lamborghini Aventador"},"content":{"rendered":"[vc_row][vc_column width=\u00a0\u00bb2\/3&Prime;][mk_title_box size=\u00a0\u00bb16&Prime; letter_spacing=\u00a0\u00bb4&Prime; margin_bottom=\u00a0\u00bb0&Prime; font_family=\u00a0\u00bbnone\u00a0\u00bb]\n<h1><span style=\"font-size: 14pt;\">Location\u00a0Lamborghini Aventador<\/span><\/h1>\n[\/mk_title_box][mk_swipe_slideshow images=\u00a0\u00bb10192,10185,10189,10181,10177&Prime; image_width=\u00a0\u00bb750&Prime; image_height=\u00a0\u00bb380&Prime;][vc_column_text]\n<p style=\"text-align: justify;\">Comment parler de supercar sans exprimer la Lamborghini Aventador. Digne rempla\u00e7ante d\u2019une\u00a0l\u00e9gende, la Lamborghini Murcielago. Elle affiche une puissance de 700 ch gr\u00e2ce \u00e0 son moteur V12 de\u00a06.5 litres, ce qui lui permet de passer de 0 \u00e0 100 km\/h en 2,9 secondes.\u00a0L\u2019Aventador s&rsquo;annonce comme la plus performante des Lamborghini, l\u2019alliance de puissance et de\u00a0l\u00e9g\u00e8ret\u00e9 dans la conduite associ\u00e9e \u00e0 une esth\u00e9tique sans \u00e9gale.Une exp\u00e9rience de conduite incomparable.<\/p>\n[\/vc_column_text][\/vc_column][vc_column width=\u00a0\u00bb1\/3&Prime;][mk_padding_divider size=\u00a0\u00bb12&Prime;][mk_title_box size=\u00a0\u00bb16&Prime; letter_spacing=\u00a0\u00bb4&Prime; margin_bottom=\u00a0\u00bb0&Prime; font_family=\u00a0\u00bbnone\u00a0\u00bb]\n<h2><span style=\"font-size: 14pt;\">Tarifs<\/span><\/h2>\n[\/mk_title_box][vc_table vc_table_theme=\u00a0\u00bbsimple_pink\u00a0\u00bb][align-left]Journ%C3%A9e%20(150%20Km),[align-left]3200%E2%82%AC|[b;align-left]3%20Jours%20(500%20km),[align-left]9000%E2%82%AC|[b;align-left]5%20Jours%20(750%20Km),[align-left]14500%E2%82%AC|[b;align-left]Jour%20supp.,[align-left]2800%E2%82%AC[\/vc_table][mk_button dimension=\u00a0\u00bboutline\u00a0\u00bb size=\u00a0\u00bblarge\u00a0\u00bb icon=\u00a0\u00bbmk-li-call\u00a0\u00bb url=\u00a0\u00bbhttps:\/\/luxury-rental-mc.com\/fr\/contact\/\u00a0\u00bb align=\u00a0\u00bbcenter\u00a0\u00bb fullwidth=\u00a0\u00bbtrue\u00a0\u00bb visibility=\u00a0\u00bbhidden-sm\u00a0\u00bb]R\u00e9servation +33762841105[\/mk_button][mk_button dimension=\u00a0\u00bboutline\u00a0\u00bb size=\u00a0\u00bblarge\u00a0\u00bb icon=\u00a0\u00bbmk-li-call\u00a0\u00bb url=\u00a0\u00bbtel:+33762841105&Prime; align=\u00a0\u00bbcenter\u00a0\u00bb fullwidth=\u00a0\u00bbtrue\u00a0\u00bb visibility=\u00a0\u00bbhidden-dt\u00a0\u00bb]Reservation[\/mk_button][vc_column_text]Marque\u00a0:\u00a0Lamborghini<br \/>\nMod\u00e8le :\u00a0Aventador<br \/>\nNombre de places :\u00a02<br \/>\nPuissance : 700\u00a0Ch<br \/>\nCylindr\u00e9e\u00a0: 6498\u00a0cm3<br \/>\nVitesse\u00a0max : 350\u00a0Km\/h<br \/>\nConsommation Mixte\u00a0: 16\u00a0l \/100 km<br \/>\nAge minimum\u00a0:\u00a018 ans[\/vc_column_text][\/vc_column][\/vc_row][vc_row fullwidth=\u00a0\u00bbtrue\u00a0\u00bb][vc_column][mk_clients clients=\u00a0\u00bb7183,7187,7173,7185,7177,7175,7179,7181,7189&Prime;][\/vc_column][\/vc_row]\n","protected":false},"excerpt":{"rendered":"<p>[vc_row][vc_column width=\u00a0\u00bb2\/3&Prime;][mk_title_box size=\u00a0\u00bb16&Prime; letter_spacing=\u00a0\u00bb4&Prime; margin_bottom=\u00a0\u00bb0&Prime; font_family=\u00a0\u00bbnone\u00a0\u00bb] Location\u00a0Lamborghini Aventador [\/mk_title_box][mk_swipe_slideshow images=\u00a0\u00bb10192,10185,10189,10181,10177&Prime; image_width=\u00a0\u00bb750&Prime; image_height=\u00a0\u00bb380&Prime;][vc_column_text] Comment parler de supercar sans exprimer la Lamborghini Aventador. Digne rempla\u00e7ante d\u2019une\u00a0l\u00e9gende, la Lamborghini Murcielago. Elle affiche une puissance de 700 ch gr\u00e2ce \u00e0 son moteur V12 de\u00a06.5 litres, ce qui lui permet de passer de 0 \u00e0 100 km\/h en 2,9 secondes.\u00a0L\u2019Aventador [&hellip;]<\/p>\n","protected":false},"author":1,"featured_media":0,"parent":7038,"menu_order":0,"comment_status":"closed","ping_status":"closed","template":"","meta":{"_monsterinsights_skip_tracking":false,"_monsterinsights_sitenote_active":false,"_monsterinsights_sitenote_note":"","_monsterinsights_sitenote_category":0},"yoast_head":"<!-- This site is optimized with the Yoast SEO plugin v20.3 - https:\/\/yoast.com\/wordpress\/plugins\/seo\/ -->\n<title>Location Lamborghini Nice, Louer voiture sport Cannes | Luxury Car Rental<\/title>\n<meta name=\"description\" content=\"R\u00e9servez votre Lamborghini \u00e0 Nice, Cannes, Monaco, Zurich ! Louer une voiture de sport avec Luxury Car Rental la r\u00e9f\u00e9rence de la location de voiture de luxe en Europe\" \/>\n<meta name=\"robots\" content=\"index, follow, max-snippet:-1, max-image-preview:large, max-video-preview:-1\" \/>\n<link rel=\"canonical\" href=\"https:\/\/luxury-rental-mc.com\/fr\/location-voiture\/lamborghini-aventador\/\" \/>\n<meta property=\"og:locale\" content=\"fr_FR\" \/>\n<meta property=\"og:type\" content=\"article\" \/>\n<meta property=\"og:title\" content=\"Location Lamborghini Nice, Louer voiture sport Cannes | Luxury Car Rental\" \/>\n<meta property=\"og:description\" content=\"R\u00e9servez votre Lamborghini \u00e0 Nice, Cannes, Monaco, Zurich ! Louer une voiture de sport avec Luxury Car Rental la r\u00e9f\u00e9rence de la location de voiture de luxe en Europe\" \/>\n<meta property=\"og:url\" content=\"https:\/\/luxury-rental-mc.com\/fr\/location-voiture\/lamborghini-aventador\/\" \/>\n<meta property=\"og:site_name\" content=\"Luxury Car Rentals | Monaco, Nice, Cannes, Saint-Tropez\" \/>\n<meta property=\"article:modified_time\" content=\"2017-06-21T15:25:53+00:00\" \/>\n<meta name=\"twitter:label1\" content=\"Dur\u00e9e de lecture estim\u00e9e\" \/>\n\t<meta name=\"twitter:data1\" content=\"1 minute\" \/>\n<script type=\"application\/ld+json\" class=\"yoast-schema-graph\">{\"@context\":\"https:\/\/schema.org\",\"@graph\":[{\"@type\":\"WebPage\",\"@id\":\"https:\/\/luxury-rental-mc.com\/fr\/location-voiture\/lamborghini-aventador\/\",\"url\":\"https:\/\/luxury-rental-mc.com\/fr\/location-voiture\/lamborghini-aventador\/\",\"name\":\"Location Lamborghini Nice, Louer voiture sport Cannes | Luxury Car Rental\",\"isPartOf\":{\"@id\":\"https:\/\/luxury-rental-mc.com\/#website\"},\"datePublished\":\"2016-02-22T08:37:33+00:00\",\"dateModified\":\"2017-06-21T15:25:53+00:00\",\"description\":\"R\u00e9servez votre Lamborghini \u00e0 Nice, Cannes, Monaco, Zurich ! Louer une voiture de sport avec Luxury Car Rental la r\u00e9f\u00e9rence de la location de voiture de luxe en Europe\",\"breadcrumb\":{\"@id\":\"https:\/\/luxury-rental-mc.com\/fr\/location-voiture\/lamborghini-aventador\/#breadcrumb\"},\"inLanguage\":\"fr-FR\",\"potentialAction\":[{\"@type\":\"ReadAction\",\"target\":[\"https:\/\/luxury-rental-mc.com\/fr\/location-voiture\/lamborghini-aventador\/\"]}]},{\"@type\":\"BreadcrumbList\",\"@id\":\"https:\/\/luxury-rental-mc.com\/fr\/location-voiture\/lamborghini-aventador\/#breadcrumb\",\"itemListElement\":[{\"@type\":\"ListItem\",\"position\":1,\"name\":\"Accueil\",\"item\":\"https:\/\/luxury-rental-mc.com\/fr\/\"},{\"@type\":\"ListItem\",\"position\":2,\"name\":\"Location\",\"item\":\"https:\/\/luxury-rental-mc.com\/fr\/location-voiture\/\"},{\"@type\":\"ListItem\",\"position\":3,\"name\":\"Lamborghini Aventador\"}]},{\"@type\":\"WebSite\",\"@id\":\"https:\/\/luxury-rental-mc.com\/#website\",\"url\":\"https:\/\/luxury-rental-mc.com\/\",\"name\":\"Luxury Car Rentals | Monaco, Nice, Cannes, Saint-Tropez\",\"description\":\"Rent the finest brands : Porsche, Ferrari, Lamborghini, Mercedes...\",\"potentialAction\":[{\"@type\":\"SearchAction\",\"target\":{\"@type\":\"EntryPoint\",\"urlTemplate\":\"https:\/\/luxury-rental-mc.com\/?s={search_term_string}\"},\"query-input\":\"required name=search_term_string\"}],\"inLanguage\":\"fr-FR\"}]}<\/script>\n<!-- \/ Yoast SEO plugin. -->","yoast_head_json":{"title":"Location Lamborghini Nice, Louer voiture sport Cannes | Luxury Car Rental","description":"R\u00e9servez votre Lamborghini \u00e0 Nice, Cannes, Monaco, Zurich ! Louer une voiture de sport avec Luxury Car Rental la r\u00e9f\u00e9rence de la location de voiture de luxe en Europe","robots":{"index":"index","follow":"follow","max-snippet":"max-snippet:-1","max-image-preview":"max-image-preview:large","max-video-preview":"max-video-preview:-1"},"canonical":"https:\/\/luxury-rental-mc.com\/fr\/location-voiture\/lamborghini-aventador\/","og_locale":"fr_FR","og_type":"article","og_title":"Location Lamborghini Nice, Louer voiture sport Cannes | Luxury Car Rental","og_description":"R\u00e9servez votre Lamborghini \u00e0 Nice, Cannes, Monaco, Zurich ! Louer une voiture de sport avec Luxury Car Rental la r\u00e9f\u00e9rence de la location de voiture de luxe en Europe","og_url":"https:\/\/luxury-rental-mc.com\/fr\/location-voiture\/lamborghini-aventador\/","og_site_name":"Luxury Car Rentals | Monaco, Nice, Cannes, Saint-Tropez","article_modified_time":"2017-06-21T15:25:53+00:00","twitter_misc":{"Dur\u00e9e de lecture estim\u00e9e":"1 minute"},"schema":{"@context":"https:\/\/schema.org","@graph":[{"@type":"WebPage","@id":"https:\/\/luxury-rental-mc.com\/fr\/location-voiture\/lamborghini-aventador\/","url":"https:\/\/luxury-rental-mc.com\/fr\/location-voiture\/lamborghini-aventador\/","name":"Location Lamborghini Nice, Louer voiture sport Cannes | Luxury Car Rental","isPartOf":{"@id":"https:\/\/luxury-rental-mc.com\/#website"},"datePublished":"2016-02-22T08:37:33+00:00","dateModified":"2017-06-21T15:25:53+00:00","description":"R\u00e9servez votre Lamborghini \u00e0 Nice, Cannes, Monaco, Zurich ! Louer une voiture de sport avec Luxury Car Rental la r\u00e9f\u00e9rence de la location de voiture de luxe en Europe","breadcrumb":{"@id":"https:\/\/luxury-rental-mc.com\/fr\/location-voiture\/lamborghini-aventador\/#breadcrumb"},"inLanguage":"fr-FR","potentialAction":[{"@type":"ReadAction","target":["https:\/\/luxury-rental-mc.com\/fr\/location-voiture\/lamborghini-aventador\/"]}]},{"@type":"BreadcrumbList","@id":"https:\/\/luxury-rental-mc.com\/fr\/location-voiture\/lamborghini-aventador\/#breadcrumb","itemListElement":[{"@type":"ListItem","position":1,"name":"Accueil","item":"https:\/\/luxury-rental-mc.com\/fr\/"},{"@type":"ListItem","position":2,"name":"Location","item":"https:\/\/luxury-rental-mc.com\/fr\/location-voiture\/"},{"@type":"ListItem","position":3,"name":"Lamborghini Aventador"}]},{"@type":"WebSite","@id":"https:\/\/luxury-rental-mc.com\/#website","url":"https:\/\/luxury-rental-mc.com\/","name":"Luxury Car Rentals | Monaco, Nice, Cannes, Saint-Tropez","description":"Rent the finest brands : Porsche, Ferrari, Lamborghini, Mercedes...","potentialAction":[{"@type":"SearchAction","target":{"@type":"EntryPoint","urlTemplate":"https:\/\/luxury-rental-mc.com\/?s={search_term_string}"},"query-input":"required name=search_term_string"}],"inLanguage":"fr-FR"}]}},"_links":{"self":[{"href":"https:\/\/luxury-rental-mc.com\/fr\/wp-json\/wp\/v2\/pages\/7463\/"}],"collection":[{"href":"https:\/\/luxury-rental-mc.com\/fr\/wp-json\/wp\/v2\/pages\/"}],"about":[{"href":"https:\/\/luxury-rental-mc.com\/fr\/wp-json\/wp\/v2\/types\/page\/"}],"author":[{"embeddable":true,"href":"https:\/\/luxury-rental-mc.com\/fr\/wp-json\/wp\/v2\/users\/1\/"}],"replies":[{"embeddable":true,"href":"https:\/\/luxury-rental-mc.com\/fr\/wp-json\/wp\/v2\/comments\/?post=7463"}],"version-history":[{"count":12,"href":"https:\/\/luxury-rental-mc.com\/fr\/wp-json\/wp\/v2\/pages\/7463\/revisions\/"}],"predecessor-version":[{"id":10253,"href":"https:\/\/luxury-rental-mc.com\/fr\/wp-json\/wp\/v2\/pages\/7463\/revisions\/10253\/"}],"up":[{"embeddable":true,"href":"https:\/\/luxury-rental-mc.com\/fr\/wp-json\/wp\/v2\/pages\/7038\/"}],"wp:attachment":[{"href":"https:\/\/luxury-rental-mc.com\/fr\/wp-json\/wp\/v2\/media\/?parent=7463"}],"curies":[{"name":"wp","href":"https:\/\/api.w.org\/{rel}","templated":true}]}}