{"id":7481,"date":"2016-02-22T16:54:24","date_gmt":"2016-02-22T15:54:24","guid":{"rendered":"https:\/\/luxury-rental-mc.com\/fr\/?page_id=7481"},"modified":"2020-03-07T11:45:04","modified_gmt":"2020-03-07T10:45:04","slug":"lamborghini-huracan","status":"publish","type":"page","link":"https:\/\/luxury-rental-mc.com\/fr\/location-voiture\/lamborghini-huracan\/","title":{"rendered":"Lamborghini Huracan"},"content":{"rendered":"[vc_row][vc_column width=\u00a0\u00bb2\/3&Prime;][mk_title_box size=\u00a0\u00bb16&Prime; letter_spacing=\u00a0\u00bb4&Prime; margin_bottom=\u00a0\u00bb0&Prime; font_family=\u00a0\u00bbnone\u00a0\u00bb]\n<h1><span style=\"font-size: 14pt;\">Location\u00a0Lamborghini\u00a0Huracan<\/span><\/h1>\n[\/mk_title_box][mk_swipe_slideshow images=\u00a0\u00bb48920,48922,48924&Prime; image_width=\u00a0\u00bb750&Prime; image_height=\u00a0\u00bb380&Prime;][vc_column_text]\n<p style=\"text-align: justify;\">La Lamborghini Huracan inspire le luxe li\u00e9 \u00e0 des performances sans limites, h\u00e9riti\u00e8re de la Gallardo, le c\u00e9l\u00e8bre constructeur italien nous offre une nouvelle exp\u00e9rience.\u00a0Elle b\u00e9n\u00e9ficie du m\u00eame moteur V10 de 5,2 litres pouss\u00e9 \u00e0 610 ch avec une vitesse de pointe annonc\u00e9e de 325 km\/h. Cette Lamborghini passe de 0 \u00e0 100 km\/h en 3,2s et de 0 \u00e0 200 km\/h en 9,9s. Elle dispose de quatre roues motrices et d\u2019une boite de vitesse 7 rapports.L\u2019 Huracan saura vous faire appr\u00e9cier un style de conduite unique.<\/p>\n[\/vc_column_text][\/vc_column][vc_column width=\u00a0\u00bb1\/3&Prime;][mk_padding_divider size=\u00a0\u00bb12&Prime;][mk_title_box size=\u00a0\u00bb16&Prime; letter_spacing=\u00a0\u00bb4&Prime; margin_bottom=\u00a0\u00bb0&Prime; font_family=\u00a0\u00bbnone\u00a0\u00bb]\n<h2><span style=\"font-size: 14pt;\">Tarifs<\/span><\/h2>\n[\/mk_title_box][vc_table vc_table_theme=\u00a0\u00bbsimple_pink\u00a0\u00bb][align-left]Journ%C3%A9e%20(150%20Km),[align-left]1800%E2%82%AC|[b;align-left]3%20Jours%20(500%20km),[align-left]5000%E2%82%AC|[b;align-left]5%20Jours%20(750%20Km),[align-left]8200%E2%82%AC|[b;align-left]Jour%20supp.,[align-left]1300%E2%82%AC[\/vc_table][mk_button dimension=\u00a0\u00bboutline\u00a0\u00bb size=\u00a0\u00bblarge\u00a0\u00bb icon=\u00a0\u00bbmk-li-call\u00a0\u00bb url=\u00a0\u00bbhttps:\/\/luxury-rental-mc.com\/fr\/contact\/\u00a0\u00bb align=\u00a0\u00bbcenter\u00a0\u00bb fullwidth=\u00a0\u00bbtrue\u00a0\u00bb visibility=\u00a0\u00bbhidden-sm\u00a0\u00bb]R\u00e9servation +33762841105[\/mk_button][mk_button dimension=\u00a0\u00bboutline\u00a0\u00bb size=\u00a0\u00bblarge\u00a0\u00bb icon=\u00a0\u00bbmk-li-call\u00a0\u00bb url=\u00a0\u00bbtel:+33762841105&Prime; align=\u00a0\u00bbcenter\u00a0\u00bb fullwidth=\u00a0\u00bbtrue\u00a0\u00bb visibility=\u00a0\u00bbhidden-dt\u00a0\u00bb]Reservation[\/mk_button][vc_column_text]Marque\u00a0:\u00a0Lamborghini<br \/>\nMod\u00e8le : Huracan<br \/>\nNombre de places :\u00a02<br \/>\nPuissance : 610\u00a0Ch<br \/>\nCylindr\u00e9e\u00a0: 5240\u00a0cm3<br \/>\nVitesse\u00a0max : 325\u00a0Km\/h<br \/>\nConsommation Mixte\u00a0: 12.5\u00a0l \/100 km<br \/>\nAge minimum\u00a0:\u00a018 ans[\/vc_column_text][\/vc_column][\/vc_row][vc_row fullwidth=\u00a0\u00bbtrue\u00a0\u00bb][vc_column][mk_clients clients=\u00a0\u00bb7183,7187,7173,7185,7177,7175,7179,7181,7189&Prime;][\/vc_column][\/vc_row]\n","protected":false},"excerpt":{"rendered":"<p>[vc_row][vc_column width=\u00a0\u00bb2\/3&Prime;][mk_title_box size=\u00a0\u00bb16&Prime; letter_spacing=\u00a0\u00bb4&Prime; margin_bottom=\u00a0\u00bb0&Prime; font_family=\u00a0\u00bbnone\u00a0\u00bb] Location\u00a0Lamborghini\u00a0Huracan [\/mk_title_box][mk_swipe_slideshow images=\u00a0\u00bb48920,48922,48924&Prime; image_width=\u00a0\u00bb750&Prime; image_height=\u00a0\u00bb380&Prime;][vc_column_text] La Lamborghini Huracan inspire le luxe li\u00e9 \u00e0 des performances sans limites, h\u00e9riti\u00e8re de la Gallardo, le c\u00e9l\u00e8bre constructeur italien nous offre une nouvelle exp\u00e9rience.\u00a0Elle b\u00e9n\u00e9ficie du m\u00eame moteur V10 de 5,2 litres pouss\u00e9 \u00e0 610 ch avec une vitesse de pointe annonc\u00e9e de [&hellip;]<\/p>\n","protected":false},"author":1,"featured_media":0,"parent":7038,"menu_order":0,"comment_status":"closed","ping_status":"closed","template":"","meta":{"_monsterinsights_skip_tracking":false,"_monsterinsights_sitenote_active":false,"_monsterinsights_sitenote_note":"","_monsterinsights_sitenote_category":0},"yoast_head":"<!-- This site is optimized with the Yoast SEO plugin v20.3 - https:\/\/yoast.com\/wordpress\/plugins\/seo\/ -->\n<title>Louer Lamborghini Huracan Nice, Paris, Saint Tropez | Luxury Car Rental<\/title>\n<meta name=\"description\" content=\"La Lamborghini Huracan inspire le luxe li\u00e9 \u00e0 des performances sans limites, h\u00e9riti\u00e8re de la Gallardo, le c\u00e9l\u00e8bre constructeur italien nous offre une nouvelle exp\u00e9rience.\" \/>\n<meta name=\"robots\" content=\"index, follow, max-snippet:-1, max-image-preview:large, max-video-preview:-1\" \/>\n<link rel=\"canonical\" href=\"https:\/\/luxury-rental-mc.com\/fr\/location-voiture\/lamborghini-huracan\/\" \/>\n<meta property=\"og:locale\" content=\"fr_FR\" \/>\n<meta property=\"og:type\" content=\"article\" \/>\n<meta property=\"og:title\" content=\"Louer Lamborghini Huracan Nice, Paris, Saint Tropez | Luxury Car Rental\" \/>\n<meta property=\"og:description\" content=\"La Lamborghini Huracan inspire le luxe li\u00e9 \u00e0 des performances sans limites, h\u00e9riti\u00e8re de la Gallardo, le c\u00e9l\u00e8bre constructeur italien nous offre une nouvelle exp\u00e9rience.\" \/>\n<meta property=\"og:url\" content=\"https:\/\/luxury-rental-mc.com\/fr\/location-voiture\/lamborghini-huracan\/\" \/>\n<meta property=\"og:site_name\" content=\"Luxury Car Rentals | Monaco, Nice, Cannes, Saint-Tropez\" \/>\n<meta property=\"article:modified_time\" content=\"2020-03-07T10:45:04+00:00\" \/>\n<meta name=\"twitter:label1\" content=\"Dur\u00e9e de lecture estim\u00e9e\" \/>\n\t<meta name=\"twitter:data1\" content=\"1 minute\" \/>\n<script type=\"application\/ld+json\" class=\"yoast-schema-graph\">{\"@context\":\"https:\/\/schema.org\",\"@graph\":[{\"@type\":\"WebPage\",\"@id\":\"https:\/\/luxury-rental-mc.com\/fr\/location-voiture\/lamborghini-huracan\/\",\"url\":\"https:\/\/luxury-rental-mc.com\/fr\/location-voiture\/lamborghini-huracan\/\",\"name\":\"Louer Lamborghini Huracan Nice, Paris, Saint Tropez | Luxury Car Rental\",\"isPartOf\":{\"@id\":\"https:\/\/luxury-rental-mc.com\/#website\"},\"datePublished\":\"2016-02-22T15:54:24+00:00\",\"dateModified\":\"2020-03-07T10:45:04+00:00\",\"description\":\"La Lamborghini Huracan inspire le luxe li\u00e9 \u00e0 des performances sans limites, h\u00e9riti\u00e8re de la Gallardo, le c\u00e9l\u00e8bre constructeur italien nous offre une nouvelle exp\u00e9rience.\",\"breadcrumb\":{\"@id\":\"https:\/\/luxury-rental-mc.com\/fr\/location-voiture\/lamborghini-huracan\/#breadcrumb\"},\"inLanguage\":\"fr-FR\",\"potentialAction\":[{\"@type\":\"ReadAction\",\"target\":[\"https:\/\/luxury-rental-mc.com\/fr\/location-voiture\/lamborghini-huracan\/\"]}]},{\"@type\":\"BreadcrumbList\",\"@id\":\"https:\/\/luxury-rental-mc.com\/fr\/location-voiture\/lamborghini-huracan\/#breadcrumb\",\"itemListElement\":[{\"@type\":\"ListItem\",\"position\":1,\"name\":\"Accueil\",\"item\":\"https:\/\/luxury-rental-mc.com\/fr\/\"},{\"@type\":\"ListItem\",\"position\":2,\"name\":\"Location\",\"item\":\"https:\/\/luxury-rental-mc.com\/fr\/location-voiture\/\"},{\"@type\":\"ListItem\",\"position\":3,\"name\":\"Lamborghini Huracan\"}]},{\"@type\":\"WebSite\",\"@id\":\"https:\/\/luxury-rental-mc.com\/#website\",\"url\":\"https:\/\/luxury-rental-mc.com\/\",\"name\":\"Luxury Car Rentals | Monaco, Nice, Cannes, Saint-Tropez\",\"description\":\"Rent the finest brands : Porsche, Ferrari, Lamborghini, Mercedes...\",\"potentialAction\":[{\"@type\":\"SearchAction\",\"target\":{\"@type\":\"EntryPoint\",\"urlTemplate\":\"https:\/\/luxury-rental-mc.com\/?s={search_term_string}\"},\"query-input\":\"required name=search_term_string\"}],\"inLanguage\":\"fr-FR\"}]}<\/script>\n<!-- \/ Yoast SEO plugin. -->","yoast_head_json":{"title":"Louer Lamborghini Huracan Nice, Paris, Saint Tropez | Luxury Car Rental","description":"La Lamborghini Huracan inspire le luxe li\u00e9 \u00e0 des performances sans limites, h\u00e9riti\u00e8re de la Gallardo, le c\u00e9l\u00e8bre constructeur italien nous offre une nouvelle exp\u00e9rience.","robots":{"index":"index","follow":"follow","max-snippet":"max-snippet:-1","max-image-preview":"max-image-preview:large","max-video-preview":"max-video-preview:-1"},"canonical":"https:\/\/luxury-rental-mc.com\/fr\/location-voiture\/lamborghini-huracan\/","og_locale":"fr_FR","og_type":"article","og_title":"Louer Lamborghini Huracan Nice, Paris, Saint Tropez | Luxury Car Rental","og_description":"La Lamborghini Huracan inspire le luxe li\u00e9 \u00e0 des performances sans limites, h\u00e9riti\u00e8re de la Gallardo, le c\u00e9l\u00e8bre constructeur italien nous offre une nouvelle exp\u00e9rience.","og_url":"https:\/\/luxury-rental-mc.com\/fr\/location-voiture\/lamborghini-huracan\/","og_site_name":"Luxury Car Rentals | Monaco, Nice, Cannes, Saint-Tropez","article_modified_time":"2020-03-07T10:45:04+00:00","twitter_misc":{"Dur\u00e9e de lecture estim\u00e9e":"1 minute"},"schema":{"@context":"https:\/\/schema.org","@graph":[{"@type":"WebPage","@id":"https:\/\/luxury-rental-mc.com\/fr\/location-voiture\/lamborghini-huracan\/","url":"https:\/\/luxury-rental-mc.com\/fr\/location-voiture\/lamborghini-huracan\/","name":"Louer Lamborghini Huracan Nice, Paris, Saint Tropez | Luxury Car Rental","isPartOf":{"@id":"https:\/\/luxury-rental-mc.com\/#website"},"datePublished":"2016-02-22T15:54:24+00:00","dateModified":"2020-03-07T10:45:04+00:00","description":"La Lamborghini Huracan inspire le luxe li\u00e9 \u00e0 des performances sans limites, h\u00e9riti\u00e8re de la Gallardo, le c\u00e9l\u00e8bre constructeur italien nous offre une nouvelle exp\u00e9rience.","breadcrumb":{"@id":"https:\/\/luxury-rental-mc.com\/fr\/location-voiture\/lamborghini-huracan\/#breadcrumb"},"inLanguage":"fr-FR","potentialAction":[{"@type":"ReadAction","target":["https:\/\/luxury-rental-mc.com\/fr\/location-voiture\/lamborghini-huracan\/"]}]},{"@type":"BreadcrumbList","@id":"https:\/\/luxury-rental-mc.com\/fr\/location-voiture\/lamborghini-huracan\/#breadcrumb","itemListElement":[{"@type":"ListItem","position":1,"name":"Accueil","item":"https:\/\/luxury-rental-mc.com\/fr\/"},{"@type":"ListItem","position":2,"name":"Location","item":"https:\/\/luxury-rental-mc.com\/fr\/location-voiture\/"},{"@type":"ListItem","position":3,"name":"Lamborghini Huracan"}]},{"@type":"WebSite","@id":"https:\/\/luxury-rental-mc.com\/#website","url":"https:\/\/luxury-rental-mc.com\/","name":"Luxury Car Rentals | Monaco, Nice, Cannes, Saint-Tropez","description":"Rent the finest brands : Porsche, Ferrari, Lamborghini, Mercedes...","potentialAction":[{"@type":"SearchAction","target":{"@type":"EntryPoint","urlTemplate":"https:\/\/luxury-rental-mc.com\/?s={search_term_string}"},"query-input":"required name=search_term_string"}],"inLanguage":"fr-FR"}]}},"_links":{"self":[{"href":"https:\/\/luxury-rental-mc.com\/fr\/wp-json\/wp\/v2\/pages\/7481\/"}],"collection":[{"href":"https:\/\/luxury-rental-mc.com\/fr\/wp-json\/wp\/v2\/pages\/"}],"about":[{"href":"https:\/\/luxury-rental-mc.com\/fr\/wp-json\/wp\/v2\/types\/page\/"}],"author":[{"embeddable":true,"href":"https:\/\/luxury-rental-mc.com\/fr\/wp-json\/wp\/v2\/users\/1\/"}],"replies":[{"embeddable":true,"href":"https:\/\/luxury-rental-mc.com\/fr\/wp-json\/wp\/v2\/comments\/?post=7481"}],"version-history":[{"count":4,"href":"https:\/\/luxury-rental-mc.com\/fr\/wp-json\/wp\/v2\/pages\/7481\/revisions\/"}],"predecessor-version":[{"id":49382,"href":"https:\/\/luxury-rental-mc.com\/fr\/wp-json\/wp\/v2\/pages\/7481\/revisions\/49382\/"}],"up":[{"embeddable":true,"href":"https:\/\/luxury-rental-mc.com\/fr\/wp-json\/wp\/v2\/pages\/7038\/"}],"wp:attachment":[{"href":"https:\/\/luxury-rental-mc.com\/fr\/wp-json\/wp\/v2\/media\/?parent=7481"}],"curies":[{"name":"wp","href":"https:\/\/api.w.org\/{rel}","templated":true}]}}