{"id":7498,"date":"2016-02-22T17:32:26","date_gmt":"2016-02-22T16:32:26","guid":{"rendered":"https:\/\/luxury-rental-mc.com\/fr\/?page_id=7498"},"modified":"2020-03-15T11:36:58","modified_gmt":"2020-03-15T10:36:58","slug":"bmw-serie-7","status":"publish","type":"page","link":"https:\/\/luxury-rental-mc.com\/fr\/location-voiture\/bmw-serie-7\/","title":{"rendered":"BMW S\u00e9rie 7"},"content":{"rendered":"[vc_row][vc_column width=\u00a0\u00bb2\/3&Prime;][mk_title_box size=\u00a0\u00bb16&Prime; letter_spacing=\u00a0\u00bb4&Prime; margin_bottom=\u00a0\u00bb0&Prime; font_family=\u00a0\u00bbnone\u00a0\u00bb]\n<h1><span style=\"font-size: 14pt;\">Location\u00a0BMW S\u00e9rie 7<\/span><\/h1>\n[\/mk_title_box][mk_swipe_slideshow images=\u00a0\u00bb48682,48684,48687,48689&Prime; image_width=\u00a0\u00bb750&Prime; image_height=\u00a0\u00bb380&Prime;][vc_column_text css=\u00a0\u00bb.vc_custom_1584024894125{margin-bottom: 0px !important;}\u00a0\u00bb]Le luxe de chez BMW, la nouvelle s\u00e9rie 7 tr\u00e8s luxueuse et confortable est un v\u00e9hicule incontournable que notre \u00e9quipe de Mc Luxury Rental met \u00e0 votre disposition \u00e0 la location courte et longue dur\u00e9e.<\/p>\n<p>Cette grande berline est un mixe des v\u00e9hicules les plus luxueux de chez BMW mais aussi des plus sportifs avec son moteur qui d\u00e9veloppe pr\u00e8s de 500 chevaux.<\/p>\n<p>Cette limousine BMW s\u00e9rie 7 vous fournira confort et sport lors de votre location, son int\u00e9rieur tout en cuir met \u00e0 disposition tout ce que l\u2019on peut trouver de luxueux et confortable dans les mod\u00e8les de chez BMW avec de tr\u00e8s grands espaces et des si\u00e8ges massants. Ce v\u00e9hicule disponible \u00e0 la location est id\u00e9al si vous recherchez du confort, un plaisir de conduite incroyable et \u00eatre en voiture comme dans votre canap\u00e9, confort, luxe et sport y sont r\u00e9unis.<\/p>\n<p>Parfaite pour de longs voyages ou pour vous balader, cette grande berline de luxe saura vous satisfaire dans toute situation, que vous soyez \u00e0 Monaco, Paris, Barcelone ou Milan, nous nous ferons un plaisir de vous la mettre \u00e0 disposition et vous la livrer.<\/p>\n<p>Alors n\u2019h\u00e9sitez plus et prenez contact avec Mc Luxury Rental pour louer cette limousine BMW s\u00e9rie 7 de luxe l\u00e0 o\u00f9 vous le souhaitez, que \u00e7a soit \u00e0 Nice, Cannes, ou n\u2019importe o\u00f9 en Europe.<\/p>\n<p>Avec la qualit\u00e9 Xdrive de chez BMW, ce v\u00e9hicule sera parfait pour vous accompagner lors de vos s\u00e9jours en station de sport d\u2019hiver de luxe afin que vous puissiez aller skier sereinement \u00e0 Courchevel, M\u00e9ribel, Meg\u00e8ve ou la station Europ\u00e9enne que vous pr\u00e9f\u00e9rez.<\/p>\n<p>Il vous sera tr\u00e8s agr\u00e9able de faire appel \u00e0 nos services pour g\u00e9rer cette location pendant vos vacances puisque nous nous occupons de tout et peu importe o\u00f9 vous \u00eates.<\/p>\n<p>Ce BMW s\u00e9rie 7 berline est un v\u00e9hicule qui alliera parfaitement votre plaisir de conduite en famille ou entre ami afin de faire de nombreux kilom\u00e8tres de mani\u00e8re confortable.[\/vc_column_text][\/vc_column][vc_column width=\u00a0\u00bb1\/3&Prime;][mk_padding_divider size=\u00a0\u00bb12&Prime;][mk_title_box size=\u00a0\u00bb16&Prime; letter_spacing=\u00a0\u00bb4&Prime; margin_bottom=\u00a0\u00bb0&Prime; font_family=\u00a0\u00bbnone\u00a0\u00bb]\n<h2><span style=\"font-size: 14pt;\">Tarifs<\/span><\/h2>\n[\/mk_title_box][vc_table vc_table_theme=\u00a0\u00bbsimple_pink\u00a0\u00bb][align-left]Journ%C3%A9e%20(150%20Km),[align-left]650%E2%82%AC|[b;align-left]3%20Jours%20(500%20km),[align-left]1800%E2%82%AC|[b;align-left]5%20Jours%20(750%20Km),[align-left]2700%E2%82%AC|[b;align-left]Jour%20supp.,[align-left]480%E2%82%AC[\/vc_table][mk_button dimension=\u00a0\u00bboutline\u00a0\u00bb size=\u00a0\u00bblarge\u00a0\u00bb icon=\u00a0\u00bbmk-li-call\u00a0\u00bb url=\u00a0\u00bbhttps:\/\/luxury-rental-mc.com\/fr\/contact\/\u00a0\u00bb align=\u00a0\u00bbcenter\u00a0\u00bb fullwidth=\u00a0\u00bbtrue\u00a0\u00bb visibility=\u00a0\u00bbhidden-sm\u00a0\u00bb]R\u00e9servation +33762841105[\/mk_button][mk_button dimension=\u00a0\u00bboutline\u00a0\u00bb size=\u00a0\u00bblarge\u00a0\u00bb icon=\u00a0\u00bbmk-li-call\u00a0\u00bb url=\u00a0\u00bbtel:+33762841105&Prime; align=\u00a0\u00bbcenter\u00a0\u00bb fullwidth=\u00a0\u00bbtrue\u00a0\u00bb visibility=\u00a0\u00bbhidden-dt\u00a0\u00bb]Reservation[\/mk_button][vc_column_text css=\u00a0\u00bb.vc_custom_1583345307302{margin-bottom: 0px !important;}\u00a0\u00bb]Marque\u00a0:\u00a0BMW<br \/>\nMod\u00e8le : S\u00e9rie 7<br \/>\nNombre de places : 4<br \/>\nPuissance : 450 Ch<br \/>\nCylindr\u00e9e\u00a0: 4395\u00a0cm3<br \/>\nVitesse\u00a0max :\u00a0250 Km\/h<br \/>\nConsommation Mixte\u00a0: 6.6\u00a0l \/100 km<br \/>\nAge minimum\u00a0:\u00a018 ans[\/vc_column_text][\/vc_column][\/vc_row][vc_row fullwidth=\u00a0\u00bbtrue\u00a0\u00bb][vc_column][mk_clients clients=\u00a0\u00bb7183,7187,7173,7185,7177,7175,7179,7181,7189&Prime;][\/vc_column][\/vc_row]\n","protected":false},"excerpt":{"rendered":"<p>[vc_row][vc_column width=\u00a0\u00bb2\/3&Prime;][mk_title_box size=\u00a0\u00bb16&Prime; letter_spacing=\u00a0\u00bb4&Prime; margin_bottom=\u00a0\u00bb0&Prime; font_family=\u00a0\u00bbnone\u00a0\u00bb] Location\u00a0BMW S\u00e9rie 7 [\/mk_title_box][mk_swipe_slideshow images=\u00a0\u00bb48682,48684,48687,48689&Prime; image_width=\u00a0\u00bb750&Prime; image_height=\u00a0\u00bb380&Prime;][vc_column_text css=\u00a0\u00bb.vc_custom_1584024894125{margin-bottom: 0px !important;}\u00a0\u00bb]Le luxe de chez BMW, la nouvelle s\u00e9rie 7 tr\u00e8s luxueuse et confortable est un v\u00e9hicule incontournable que notre \u00e9quipe de Mc Luxury Rental met \u00e0 votre disposition \u00e0 la location courte et longue dur\u00e9e. Cette grande berline est un [&hellip;]<\/p>\n","protected":false},"author":1,"featured_media":0,"parent":7038,"menu_order":0,"comment_status":"closed","ping_status":"closed","template":"","meta":{"_monsterinsights_skip_tracking":false,"_monsterinsights_sitenote_active":false,"_monsterinsights_sitenote_note":"","_monsterinsights_sitenote_category":0},"yoast_head":"<!-- This site is optimized with the Yoast SEO plugin v20.3 - https:\/\/yoast.com\/wordpress\/plugins\/seo\/ -->\n<title>Location BMW Serie 7, chauffeur Limousine | Luxury Car Rental<\/title>\n<meta name=\"description\" content=\"La BMW Serie 7 limousine \u00a0tous comme sa concurrente la Mercedes classe S est silencieuse \u00a0, \u00a0elle poss\u00e8de un coffre \u00e0 grand volume et reste dynamique gr\u00e2ce \u00e0 sa version 750i activehybride\" \/>\n<meta name=\"robots\" content=\"index, follow, max-snippet:-1, max-image-preview:large, max-video-preview:-1\" \/>\n<link rel=\"canonical\" href=\"https:\/\/luxury-rental-mc.com\/fr\/location-voiture\/bmw-serie-7\/\" \/>\n<meta property=\"og:locale\" content=\"fr_FR\" \/>\n<meta property=\"og:type\" content=\"article\" \/>\n<meta property=\"og:title\" content=\"Location BMW Serie 7, chauffeur Limousine | Luxury Car Rental\" \/>\n<meta property=\"og:description\" content=\"La BMW Serie 7 limousine \u00a0tous comme sa concurrente la Mercedes classe S est silencieuse \u00a0, \u00a0elle poss\u00e8de un coffre \u00e0 grand volume et reste dynamique gr\u00e2ce \u00e0 sa version 750i activehybride\" \/>\n<meta property=\"og:url\" content=\"https:\/\/luxury-rental-mc.com\/fr\/location-voiture\/bmw-serie-7\/\" \/>\n<meta property=\"og:site_name\" content=\"Luxury Car Rentals | Monaco, Nice, Cannes, Saint-Tropez\" \/>\n<meta property=\"article:modified_time\" content=\"2020-03-15T10:36:58+00:00\" \/>\n<meta name=\"twitter:label1\" content=\"Dur\u00e9e de lecture estim\u00e9e\" \/>\n\t<meta name=\"twitter:data1\" content=\"3 minutes\" \/>\n<script type=\"application\/ld+json\" class=\"yoast-schema-graph\">{\"@context\":\"https:\/\/schema.org\",\"@graph\":[{\"@type\":\"WebPage\",\"@id\":\"https:\/\/luxury-rental-mc.com\/fr\/location-voiture\/bmw-serie-7\/\",\"url\":\"https:\/\/luxury-rental-mc.com\/fr\/location-voiture\/bmw-serie-7\/\",\"name\":\"Location BMW Serie 7, chauffeur Limousine | Luxury Car Rental\",\"isPartOf\":{\"@id\":\"https:\/\/luxury-rental-mc.com\/#website\"},\"datePublished\":\"2016-02-22T16:32:26+00:00\",\"dateModified\":\"2020-03-15T10:36:58+00:00\",\"description\":\"La BMW Serie 7 limousine \u00a0tous comme sa concurrente la Mercedes classe S est silencieuse \u00a0, \u00a0elle poss\u00e8de un coffre \u00e0 grand volume et reste dynamique gr\u00e2ce \u00e0 sa version 750i activehybride\",\"breadcrumb\":{\"@id\":\"https:\/\/luxury-rental-mc.com\/fr\/location-voiture\/bmw-serie-7\/#breadcrumb\"},\"inLanguage\":\"fr-FR\",\"potentialAction\":[{\"@type\":\"ReadAction\",\"target\":[\"https:\/\/luxury-rental-mc.com\/fr\/location-voiture\/bmw-serie-7\/\"]}]},{\"@type\":\"BreadcrumbList\",\"@id\":\"https:\/\/luxury-rental-mc.com\/fr\/location-voiture\/bmw-serie-7\/#breadcrumb\",\"itemListElement\":[{\"@type\":\"ListItem\",\"position\":1,\"name\":\"Accueil\",\"item\":\"https:\/\/luxury-rental-mc.com\/fr\/\"},{\"@type\":\"ListItem\",\"position\":2,\"name\":\"Location\",\"item\":\"https:\/\/luxury-rental-mc.com\/fr\/location-voiture\/\"},{\"@type\":\"ListItem\",\"position\":3,\"name\":\"BMW S\u00e9rie 7\"}]},{\"@type\":\"WebSite\",\"@id\":\"https:\/\/luxury-rental-mc.com\/#website\",\"url\":\"https:\/\/luxury-rental-mc.com\/\",\"name\":\"Luxury Car Rentals | Monaco, Nice, Cannes, Saint-Tropez\",\"description\":\"Rent the finest brands : Porsche, Ferrari, Lamborghini, Mercedes...\",\"potentialAction\":[{\"@type\":\"SearchAction\",\"target\":{\"@type\":\"EntryPoint\",\"urlTemplate\":\"https:\/\/luxury-rental-mc.com\/?s={search_term_string}\"},\"query-input\":\"required name=search_term_string\"}],\"inLanguage\":\"fr-FR\"}]}<\/script>\n<!-- \/ Yoast SEO plugin. -->","yoast_head_json":{"title":"Location BMW Serie 7, chauffeur Limousine | Luxury Car Rental","description":"La BMW Serie 7 limousine \u00a0tous comme sa concurrente la Mercedes classe S est silencieuse \u00a0, \u00a0elle poss\u00e8de un coffre \u00e0 grand volume et reste dynamique gr\u00e2ce \u00e0 sa version 750i activehybride","robots":{"index":"index","follow":"follow","max-snippet":"max-snippet:-1","max-image-preview":"max-image-preview:large","max-video-preview":"max-video-preview:-1"},"canonical":"https:\/\/luxury-rental-mc.com\/fr\/location-voiture\/bmw-serie-7\/","og_locale":"fr_FR","og_type":"article","og_title":"Location BMW Serie 7, chauffeur Limousine | Luxury Car Rental","og_description":"La BMW Serie 7 limousine \u00a0tous comme sa concurrente la Mercedes classe S est silencieuse \u00a0, \u00a0elle poss\u00e8de un coffre \u00e0 grand volume et reste dynamique gr\u00e2ce \u00e0 sa version 750i activehybride","og_url":"https:\/\/luxury-rental-mc.com\/fr\/location-voiture\/bmw-serie-7\/","og_site_name":"Luxury Car Rentals | Monaco, Nice, Cannes, Saint-Tropez","article_modified_time":"2020-03-15T10:36:58+00:00","twitter_misc":{"Dur\u00e9e de lecture estim\u00e9e":"3 minutes"},"schema":{"@context":"https:\/\/schema.org","@graph":[{"@type":"WebPage","@id":"https:\/\/luxury-rental-mc.com\/fr\/location-voiture\/bmw-serie-7\/","url":"https:\/\/luxury-rental-mc.com\/fr\/location-voiture\/bmw-serie-7\/","name":"Location BMW Serie 7, chauffeur Limousine | Luxury Car Rental","isPartOf":{"@id":"https:\/\/luxury-rental-mc.com\/#website"},"datePublished":"2016-02-22T16:32:26+00:00","dateModified":"2020-03-15T10:36:58+00:00","description":"La BMW Serie 7 limousine \u00a0tous comme sa concurrente la Mercedes classe S est silencieuse \u00a0, \u00a0elle poss\u00e8de un coffre \u00e0 grand volume et reste dynamique gr\u00e2ce \u00e0 sa version 750i activehybride","breadcrumb":{"@id":"https:\/\/luxury-rental-mc.com\/fr\/location-voiture\/bmw-serie-7\/#breadcrumb"},"inLanguage":"fr-FR","potentialAction":[{"@type":"ReadAction","target":["https:\/\/luxury-rental-mc.com\/fr\/location-voiture\/bmw-serie-7\/"]}]},{"@type":"BreadcrumbList","@id":"https:\/\/luxury-rental-mc.com\/fr\/location-voiture\/bmw-serie-7\/#breadcrumb","itemListElement":[{"@type":"ListItem","position":1,"name":"Accueil","item":"https:\/\/luxury-rental-mc.com\/fr\/"},{"@type":"ListItem","position":2,"name":"Location","item":"https:\/\/luxury-rental-mc.com\/fr\/location-voiture\/"},{"@type":"ListItem","position":3,"name":"BMW S\u00e9rie 7"}]},{"@type":"WebSite","@id":"https:\/\/luxury-rental-mc.com\/#website","url":"https:\/\/luxury-rental-mc.com\/","name":"Luxury Car Rentals | Monaco, Nice, Cannes, Saint-Tropez","description":"Rent the finest brands : Porsche, Ferrari, Lamborghini, Mercedes...","potentialAction":[{"@type":"SearchAction","target":{"@type":"EntryPoint","urlTemplate":"https:\/\/luxury-rental-mc.com\/?s={search_term_string}"},"query-input":"required name=search_term_string"}],"inLanguage":"fr-FR"}]}},"_links":{"self":[{"href":"https:\/\/luxury-rental-mc.com\/fr\/wp-json\/wp\/v2\/pages\/7498\/"}],"collection":[{"href":"https:\/\/luxury-rental-mc.com\/fr\/wp-json\/wp\/v2\/pages\/"}],"about":[{"href":"https:\/\/luxury-rental-mc.com\/fr\/wp-json\/wp\/v2\/types\/page\/"}],"author":[{"embeddable":true,"href":"https:\/\/luxury-rental-mc.com\/fr\/wp-json\/wp\/v2\/users\/1\/"}],"replies":[{"embeddable":true,"href":"https:\/\/luxury-rental-mc.com\/fr\/wp-json\/wp\/v2\/comments\/?post=7498"}],"version-history":[{"count":13,"href":"https:\/\/luxury-rental-mc.com\/fr\/wp-json\/wp\/v2\/pages\/7498\/revisions\/"}],"predecessor-version":[{"id":7501,"href":"https:\/\/luxury-rental-mc.com\/fr\/wp-json\/wp\/v2\/pages\/7498\/revisions\/7501\/"}],"up":[{"embeddable":true,"href":"https:\/\/luxury-rental-mc.com\/fr\/wp-json\/wp\/v2\/pages\/7038\/"}],"wp:attachment":[{"href":"https:\/\/luxury-rental-mc.com\/fr\/wp-json\/wp\/v2\/media\/?parent=7498"}],"curies":[{"name":"wp","href":"https:\/\/api.w.org\/{rel}","templated":true}]}}