{"id":7506,"date":"2016-02-22T17:58:25","date_gmt":"2016-02-22T16:58:25","guid":{"rendered":"https:\/\/luxury-rental-mc.com\/fr\/?page_id=7506"},"modified":"2022-04-26T16:39:57","modified_gmt":"2022-04-26T14:39:57","slug":"ferrari-488-gtb","status":"publish","type":"page","link":"https:\/\/luxury-rental-mc.com\/fr\/location-voiture\/ferrari-488-gtb\/","title":{"rendered":"Ferrari 488 GTB"},"content":{"rendered":"[vc_row][vc_column width=\u00a0\u00bb2\/3&Prime;][mk_title_box size=\u00a0\u00bb16&Prime; letter_spacing=\u00a0\u00bb4&Prime; margin_bottom=\u00a0\u00bb0&Prime; font_family=\u00a0\u00bbnone\u00a0\u00bb]\n<h1><span style=\"font-size: 14pt;\">Location\u00a0Ferrari 488 GTB<\/span><\/h1>\n[\/mk_title_box][mk_swipe_slideshow images=\u00a0\u00bb10187,10191,10183,10179,10194,10193&Prime; image_width=\u00a0\u00bb750&Prime; image_height=\u00a0\u00bb380&Prime;][vc_column_text css=\u00a0\u00bb.vc_custom_1650983993027{margin-bottom: 0px !important;}\u00a0\u00bb]\n<p style=\"text-align: justify;\">La Ferrari 488 GTB est le nouvel ic\u00f4ne de la marque au cheval cabr\u00e9, avec son nouveau moteur V8 \u00a0d\u00e9veloppant 670 chevaux elle saura montrer son c\u00f4t\u00e9 indomptable . Encore plus agressive que sa petite s\u0153ur la 458 Italia , La 488 GTB saura se surpasser en toutes circonstances, attention de ne pas l\u00e2cher les reines \u00e0 cause de son efficacit\u00e9 foudroyante. Vous recherchez une <a href=\"https:\/\/luxury-rental-mc.com\/fr\/location-ferrari\/\">location de Ferrari<\/a> ? Contactez nous<\/p>\n[\/vc_column_text][\/vc_column][vc_column width=\u00a0\u00bb1\/3&Prime;][mk_padding_divider size=\u00a0\u00bb12&Prime;][mk_title_box size=\u00a0\u00bb16&Prime; letter_spacing=\u00a0\u00bb4&Prime; margin_bottom=\u00a0\u00bb0&Prime; font_family=\u00a0\u00bbnone\u00a0\u00bb]\n<h2><span style=\"font-size: 14pt;\">Tarifs<\/span><\/h2>\n[\/mk_title_box][vc_table vc_table_theme=\u00a0\u00bbsimple_pink\u00a0\u00bb][align-left]Journ%C3%A9e%20(150%20Km),[align-left]2200%E2%82%AC|[b;align-left]3%20Jours%20(500%20km),[align-left]6000%E2%82%AC|[b;align-left]5%20Jours%20(750%20Km),[align-left]10000%E2%82%AC|[b;align-left]Jour%20supp.,[align-left]1700%E2%82%AC[\/vc_table][mk_button dimension=\u00a0\u00bboutline\u00a0\u00bb size=\u00a0\u00bblarge\u00a0\u00bb icon=\u00a0\u00bbmk-li-call\u00a0\u00bb url=\u00a0\u00bbhttps:\/\/luxury-rental-mc.com\/fr\/contact\/\u00a0\u00bb align=\u00a0\u00bbcenter\u00a0\u00bb fullwidth=\u00a0\u00bbtrue\u00a0\u00bb visibility=\u00a0\u00bbhidden-sm\u00a0\u00bb]R\u00e9servation +33762841105[\/mk_button][mk_button dimension=\u00a0\u00bboutline\u00a0\u00bb size=\u00a0\u00bblarge\u00a0\u00bb icon=\u00a0\u00bbmk-li-call\u00a0\u00bb url=\u00a0\u00bbtel:+33762841105&Prime; align=\u00a0\u00bbcenter\u00a0\u00bb fullwidth=\u00a0\u00bbtrue\u00a0\u00bb visibility=\u00a0\u00bbhidden-dt\u00a0\u00bb]Reservation[\/mk_button][vc_column_text]Marque\u00a0:\u00a0Ferrari<br \/>\nMod\u00e8le :\u00a0488 GTB<br \/>\nNombre de places :\u00a02<br \/>\nPuissance : 670 Ch<br \/>\nCylindr\u00e9e\u00a0: 3902\u00a0cm3<br \/>\nVitesse\u00a0max : 330\u00a0Km\/h<br \/>\nConsommation Mixte\u00a0: 11.4\u00a0l \/100 km<br \/>\nAge minimum\u00a0:\u00a018 ans[\/vc_column_text][\/vc_column][\/vc_row][vc_row fullwidth=\u00a0\u00bbtrue\u00a0\u00bb][vc_column][mk_clients clients=\u00a0\u00bb7183,7187,7173,7185,7177,7175,7179,7181,7189&Prime;][\/vc_column][\/vc_row]\n","protected":false},"excerpt":{"rendered":"<p>[vc_row][vc_column width=\u00a0\u00bb2\/3&Prime;][mk_title_box size=\u00a0\u00bb16&Prime; letter_spacing=\u00a0\u00bb4&Prime; margin_bottom=\u00a0\u00bb0&Prime; font_family=\u00a0\u00bbnone\u00a0\u00bb] Location\u00a0Ferrari 488 GTB [\/mk_title_box][mk_swipe_slideshow images=\u00a0\u00bb10187,10191,10183,10179,10194,10193&Prime; image_width=\u00a0\u00bb750&Prime; image_height=\u00a0\u00bb380&Prime;][vc_column_text css=\u00a0\u00bb.vc_custom_1650983993027{margin-bottom: 0px !important;}\u00a0\u00bb] La Ferrari 488 GTB est le nouvel ic\u00f4ne de la marque au cheval cabr\u00e9, avec son nouveau moteur V8 \u00a0d\u00e9veloppant 670 chevaux elle saura montrer son c\u00f4t\u00e9 indomptable . Encore plus agressive que sa petite s\u0153ur la 458 Italia [&hellip;]<\/p>\n","protected":false},"author":1,"featured_media":0,"parent":7038,"menu_order":0,"comment_status":"closed","ping_status":"closed","template":"","meta":{"_monsterinsights_skip_tracking":false,"_monsterinsights_sitenote_active":false,"_monsterinsights_sitenote_note":"","_monsterinsights_sitenote_category":0},"yoast_head":"<!-- This site is optimized with the Yoast SEO plugin v20.3 - https:\/\/yoast.com\/wordpress\/plugins\/seo\/ -->\n<title>Location Ferrari Nice, Louer voiture luxe Cannes | Luxury car Rental\u00a0<\/title>\n<meta name=\"description\" content=\"Louer votre Ferrari \u00e0 Nice, Cannes, Monaco, livraison de voiture de luxe \u00e0 la location dans toute l&#039;Europe au +33 7 62 84 11 05\" \/>\n<meta name=\"robots\" content=\"index, follow, max-snippet:-1, max-image-preview:large, max-video-preview:-1\" \/>\n<link rel=\"canonical\" href=\"https:\/\/luxury-rental-mc.com\/fr\/location-voiture\/ferrari-488-gtb\/\" \/>\n<meta property=\"og:locale\" content=\"fr_FR\" \/>\n<meta property=\"og:type\" content=\"article\" \/>\n<meta property=\"og:title\" content=\"Location Ferrari Nice, Louer voiture luxe Cannes | Luxury car Rental\u00a0\" \/>\n<meta property=\"og:description\" content=\"Louer votre Ferrari \u00e0 Nice, Cannes, Monaco, livraison de voiture de luxe \u00e0 la location dans toute l&#039;Europe au +33 7 62 84 11 05\" \/>\n<meta property=\"og:url\" content=\"https:\/\/luxury-rental-mc.com\/fr\/location-voiture\/ferrari-488-gtb\/\" \/>\n<meta property=\"og:site_name\" content=\"Luxury Car Rentals | Monaco, Nice, Cannes, Saint-Tropez\" \/>\n<meta property=\"article:modified_time\" content=\"2022-04-26T14:39:57+00:00\" \/>\n<meta name=\"twitter:label1\" content=\"Dur\u00e9e de lecture estim\u00e9e\" \/>\n\t<meta name=\"twitter:data1\" content=\"1 minute\" \/>\n<script type=\"application\/ld+json\" class=\"yoast-schema-graph\">{\"@context\":\"https:\/\/schema.org\",\"@graph\":[{\"@type\":\"WebPage\",\"@id\":\"https:\/\/luxury-rental-mc.com\/fr\/location-voiture\/ferrari-488-gtb\/\",\"url\":\"https:\/\/luxury-rental-mc.com\/fr\/location-voiture\/ferrari-488-gtb\/\",\"name\":\"Location Ferrari Nice, Louer voiture luxe Cannes | Luxury car Rental\u00a0\",\"isPartOf\":{\"@id\":\"https:\/\/luxury-rental-mc.com\/#website\"},\"datePublished\":\"2016-02-22T16:58:25+00:00\",\"dateModified\":\"2022-04-26T14:39:57+00:00\",\"description\":\"Louer votre Ferrari \u00e0 Nice, Cannes, Monaco, livraison de voiture de luxe \u00e0 la location dans toute l'Europe au +33 7 62 84 11 05\",\"breadcrumb\":{\"@id\":\"https:\/\/luxury-rental-mc.com\/fr\/location-voiture\/ferrari-488-gtb\/#breadcrumb\"},\"inLanguage\":\"fr-FR\",\"potentialAction\":[{\"@type\":\"ReadAction\",\"target\":[\"https:\/\/luxury-rental-mc.com\/fr\/location-voiture\/ferrari-488-gtb\/\"]}]},{\"@type\":\"BreadcrumbList\",\"@id\":\"https:\/\/luxury-rental-mc.com\/fr\/location-voiture\/ferrari-488-gtb\/#breadcrumb\",\"itemListElement\":[{\"@type\":\"ListItem\",\"position\":1,\"name\":\"Accueil\",\"item\":\"https:\/\/luxury-rental-mc.com\/fr\/\"},{\"@type\":\"ListItem\",\"position\":2,\"name\":\"Location\",\"item\":\"https:\/\/luxury-rental-mc.com\/fr\/location-voiture\/\"},{\"@type\":\"ListItem\",\"position\":3,\"name\":\"Ferrari 488 GTB\"}]},{\"@type\":\"WebSite\",\"@id\":\"https:\/\/luxury-rental-mc.com\/#website\",\"url\":\"https:\/\/luxury-rental-mc.com\/\",\"name\":\"Luxury Car Rentals | Monaco, Nice, Cannes, Saint-Tropez\",\"description\":\"Rent the finest brands : Porsche, Ferrari, Lamborghini, Mercedes...\",\"potentialAction\":[{\"@type\":\"SearchAction\",\"target\":{\"@type\":\"EntryPoint\",\"urlTemplate\":\"https:\/\/luxury-rental-mc.com\/?s={search_term_string}\"},\"query-input\":\"required name=search_term_string\"}],\"inLanguage\":\"fr-FR\"}]}<\/script>\n<!-- \/ Yoast SEO plugin. -->","yoast_head_json":{"title":"Location Ferrari Nice, Louer voiture luxe Cannes | Luxury car Rental\u00a0","description":"Louer votre Ferrari \u00e0 Nice, Cannes, Monaco, livraison de voiture de luxe \u00e0 la location dans toute l'Europe au +33 7 62 84 11 05","robots":{"index":"index","follow":"follow","max-snippet":"max-snippet:-1","max-image-preview":"max-image-preview:large","max-video-preview":"max-video-preview:-1"},"canonical":"https:\/\/luxury-rental-mc.com\/fr\/location-voiture\/ferrari-488-gtb\/","og_locale":"fr_FR","og_type":"article","og_title":"Location Ferrari Nice, Louer voiture luxe Cannes | Luxury car Rental\u00a0","og_description":"Louer votre Ferrari \u00e0 Nice, Cannes, Monaco, livraison de voiture de luxe \u00e0 la location dans toute l'Europe au +33 7 62 84 11 05","og_url":"https:\/\/luxury-rental-mc.com\/fr\/location-voiture\/ferrari-488-gtb\/","og_site_name":"Luxury Car Rentals | Monaco, Nice, Cannes, Saint-Tropez","article_modified_time":"2022-04-26T14:39:57+00:00","twitter_misc":{"Dur\u00e9e de lecture estim\u00e9e":"1 minute"},"schema":{"@context":"https:\/\/schema.org","@graph":[{"@type":"WebPage","@id":"https:\/\/luxury-rental-mc.com\/fr\/location-voiture\/ferrari-488-gtb\/","url":"https:\/\/luxury-rental-mc.com\/fr\/location-voiture\/ferrari-488-gtb\/","name":"Location Ferrari Nice, Louer voiture luxe Cannes | Luxury car Rental\u00a0","isPartOf":{"@id":"https:\/\/luxury-rental-mc.com\/#website"},"datePublished":"2016-02-22T16:58:25+00:00","dateModified":"2022-04-26T14:39:57+00:00","description":"Louer votre Ferrari \u00e0 Nice, Cannes, Monaco, livraison de voiture de luxe \u00e0 la location dans toute l'Europe au +33 7 62 84 11 05","breadcrumb":{"@id":"https:\/\/luxury-rental-mc.com\/fr\/location-voiture\/ferrari-488-gtb\/#breadcrumb"},"inLanguage":"fr-FR","potentialAction":[{"@type":"ReadAction","target":["https:\/\/luxury-rental-mc.com\/fr\/location-voiture\/ferrari-488-gtb\/"]}]},{"@type":"BreadcrumbList","@id":"https:\/\/luxury-rental-mc.com\/fr\/location-voiture\/ferrari-488-gtb\/#breadcrumb","itemListElement":[{"@type":"ListItem","position":1,"name":"Accueil","item":"https:\/\/luxury-rental-mc.com\/fr\/"},{"@type":"ListItem","position":2,"name":"Location","item":"https:\/\/luxury-rental-mc.com\/fr\/location-voiture\/"},{"@type":"ListItem","position":3,"name":"Ferrari 488 GTB"}]},{"@type":"WebSite","@id":"https:\/\/luxury-rental-mc.com\/#website","url":"https:\/\/luxury-rental-mc.com\/","name":"Luxury Car Rentals | Monaco, Nice, Cannes, Saint-Tropez","description":"Rent the finest brands : Porsche, Ferrari, Lamborghini, Mercedes...","potentialAction":[{"@type":"SearchAction","target":{"@type":"EntryPoint","urlTemplate":"https:\/\/luxury-rental-mc.com\/?s={search_term_string}"},"query-input":"required name=search_term_string"}],"inLanguage":"fr-FR"}]}},"_links":{"self":[{"href":"https:\/\/luxury-rental-mc.com\/fr\/wp-json\/wp\/v2\/pages\/7506\/"}],"collection":[{"href":"https:\/\/luxury-rental-mc.com\/fr\/wp-json\/wp\/v2\/pages\/"}],"about":[{"href":"https:\/\/luxury-rental-mc.com\/fr\/wp-json\/wp\/v2\/types\/page\/"}],"author":[{"embeddable":true,"href":"https:\/\/luxury-rental-mc.com\/fr\/wp-json\/wp\/v2\/users\/1\/"}],"replies":[{"embeddable":true,"href":"https:\/\/luxury-rental-mc.com\/fr\/wp-json\/wp\/v2\/comments\/?post=7506"}],"version-history":[{"count":10,"href":"https:\/\/luxury-rental-mc.com\/fr\/wp-json\/wp\/v2\/pages\/7506\/revisions\/"}],"predecessor-version":[{"id":10199,"href":"https:\/\/luxury-rental-mc.com\/fr\/wp-json\/wp\/v2\/pages\/7506\/revisions\/10199\/"}],"up":[{"embeddable":true,"href":"https:\/\/luxury-rental-mc.com\/fr\/wp-json\/wp\/v2\/pages\/7038\/"}],"wp:attachment":[{"href":"https:\/\/luxury-rental-mc.com\/fr\/wp-json\/wp\/v2\/media\/?parent=7506"}],"curies":[{"name":"wp","href":"https:\/\/api.w.org\/{rel}","templated":true}]}}