{"id":7572,"date":"2016-03-29T14:06:50","date_gmt":"2016-03-29T12:06:50","guid":{"rendered":"https:\/\/luxury-rental-mc.com\/fr\/?page_id=7572"},"modified":"2021-09-14T19:49:59","modified_gmt":"2021-09-14T17:49:59","slug":"mercedes-class-v","status":"publish","type":"page","link":"https:\/\/luxury-rental-mc.com\/fr\/location-voiture\/mercedes-class-v\/","title":{"rendered":"Mercedes Class V"},"content":{"rendered":"[vc_row][vc_column width=\u00a0\u00bb2\/3&Prime;][mk_title_box size=\u00a0\u00bb16&Prime; letter_spacing=\u00a0\u00bb4&Prime; margin_bottom=\u00a0\u00bb0&Prime; font_family=\u00a0\u00bbnone\u00a0\u00bb]\n<h1><span style=\"font-size: 14pt;\">Location\u00a0Mercedes Classe V<\/span><\/h1>\n[\/mk_title_box][mk_swipe_slideshow images=\u00a0\u00bb12372,12376,12374,12380,12382&Prime; image_width=\u00a0\u00bb750&Prime; image_height=\u00a0\u00bb380&Prime;][vc_column_text css=\u00a0\u00bb.vc_custom_1553885756499{margin-bottom: 0px !important;}\u00a0\u00bb]<span style=\"font-size: 10pt;\">Le Mercedes Benz Classe V est le van de luxe par excellence.\u00a0Comme son anc\u00eatre le Mercedes Viano il a conquis le c\u0153ur des familles et chefs d&rsquo;entreprises en voyage. Vous souhaitez <strong>louer un minivan de prestige en Europe<\/strong> ? Dans sa version \u00ab\u00a0luxe\u00a0\u00bb, le Mercedes Benz Classe V de location sera parfait pour une escapade en famille \u00e0 Cannes ou entre amis \u00e0 Le Castellet. Ce v\u00e9hicule 8 places vous offrira confort et permettra de transporter vos bagages, skis\u2026 A l\u2019occasion du festival International du Film de Cannes, <a href=\"https:\/\/luxury-rental-mc.com\/fr\/location-voiture-luxe\/cannes\">louer un Mercedes Benz Classe V \u00e0 l\u2019a\u00e9roport de Cannes-Mandelieu<\/a>. Pour plus de simplicit\u00e9 dans vos d\u00e9placements sur la C\u00f4te d\u2019Azur, faites appel \u00e0 votre chauffeur priv\u00e9. <strong>Louer un Mercedes Benz Classe V en aller simple<\/strong> \u00e0 l\u2019a\u00e9roport de Milan Malpensa, et restituez le van de prestige dans une ville diff\u00e9rente comme Marseille-Marignane. Pour votre <strong>location de van Mercedes Benz Classe V<\/strong> profitez de notre service de livraison de voiture sur mesure, \u00e0 votre villa \u00e0 Marbella, votre h\u00f4tel \u00e0 Gen\u00e8ve ou bien sur votre yacht au Port Canto \u00e0 Cannes, 24\/24 7\/7. <a href=\"https:\/\/luxury-rental-mc.com\/fr\/news-fr\/louer-le-mercedes-benz-classe-v-le-van-de-prestige\">Louer un Mercedes Benz Classe V pour votre s\u00e9jour d\u2019affaires \u00e0 Monte Carlo<\/a>, il sera id\u00e9al pour vous d\u00e9placer avec vos collaborateurs dans la Principaut\u00e9 de Monaco. Louer ce van de luxe pour vos trajets entre <strong>Barcelone<\/strong> et Saint-Tropez. Ce <strong>minivan 8 places<\/strong> dispose des \u00e9quipements n\u00e9cessaires au bien \u00eatre des passagers (si\u00e8ges cuir, climatisation) comme du conducteur (navigation GPS, assistants de s\u00e9curit\u00e9). R\u00e9servez d\u00e8s maintenant une <a href=\"https:\/\/luxury-rental-mc.com\/fr\/location-voiture-luxe\/nice\">location de van Mercedes Benz Classe V \u00e0 l\u2019a\u00e9roport de Nice<\/a>. Pendant l\u2019hiver, <strong>louer un van Mercedes Benz Classe V 4 Matic<\/strong> dans les luxueuses stations de ski Meg\u00e8ve, Zermatt ou encore Lech-Zurs. Notre \u00e9quipe organisera la livraison de votre van 4 roues motrices au pied de votre chalet \u00e0 Chamonix, devant votre h\u00f4tel \u00e0 Gstaad ou encore \u00e0 l\u2019altiport de <strong>Courchevel 1850<\/strong>. Selon vos besoins, vous pouvez louer courte ou longue dur\u00e9e des Mercedes Benz Classe V compact, long et extralong. Le Mercedes Benz Classe V est disponible dans notre agence de <strong>Monaco<\/strong>, et partout en Europe (France, Italie, Espagne, Suisse\u2026).<\/span>[\/vc_column_text][\/vc_column][vc_column width=\u00a0\u00bb1\/3&Prime;][mk_padding_divider size=\u00a0\u00bb12&Prime;][mk_title_box size=\u00a0\u00bb16&Prime; letter_spacing=\u00a0\u00bb4&Prime; margin_bottom=\u00a0\u00bb0&Prime; font_family=\u00a0\u00bbnone\u00a0\u00bb]\n<h2><span style=\"font-size: 14pt;\">Tarifs<\/span><\/h2>\n[\/mk_title_box][vc_table vc_table_theme=\u00a0\u00bbsimple_pink\u00a0\u00bb][align-left;b]Journ%C3%A9e%20(150%20Km),[align-left]380%E2%82%AC|[b;align-left]3%20Jours%20(500%20km),[align-left]950%E2%82%AC|[b;align-left]5%20Jours%20(750%20Km),[align-left]1450%E2%82%AC|[b;align-left]Jour%20supp.,[align-left]300%E2%82%AC|[align-left;b]KM%20supp,[align-left]3%E2%82%AC|[align-left;b]Caution,[align-left]4000%E2%82%AC[\/vc_table][mk_button dimension=\u00a0\u00bboutline\u00a0\u00bb size=\u00a0\u00bblarge\u00a0\u00bb icon=\u00a0\u00bbmk-li-call\u00a0\u00bb url=\u00a0\u00bbhttps:\/\/luxury-rental-mc.com\/fr\/contact\/\u00a0\u00bb align=\u00a0\u00bbcenter\u00a0\u00bb fullwidth=\u00a0\u00bbtrue\u00a0\u00bb visibility=\u00a0\u00bbhidden-sm\u00a0\u00bb]R\u00e9servation +33762841105[\/mk_button][mk_button dimension=\u00a0\u00bboutline\u00a0\u00bb size=\u00a0\u00bblarge\u00a0\u00bb icon=\u00a0\u00bbmk-li-call\u00a0\u00bb url=\u00a0\u00bbtel:+33762841105&Prime; align=\u00a0\u00bbcenter\u00a0\u00bb fullwidth=\u00a0\u00bbtrue\u00a0\u00bb visibility=\u00a0\u00bbhidden-dt\u00a0\u00bb]Reservation[\/mk_button][vc_column_text css=\u00a0\u00bb.vc_custom_1583582390513{margin-bottom: 0px !important;}\u00a0\u00bb]Marque\u00a0:\u00a0Mercedes<br \/>\nMod\u00e8le : Class V<br \/>\nNombre de places : 8<br \/>\nPuissance :\u00a0190 Ch<br \/>\nCylindr\u00e9e\u00a0: 2143\u00a0cm3<br \/>\nVitesse\u00a0max :\u00a0206\u00a0Km\/h<br \/>\nConsommation Mixte\u00a0: 6\u00a0l \/100 km<br \/>\nAge minimum\u00a0:\u00a018 ans[\/vc_column_text][\/vc_column][\/vc_row][vc_row fullwidth=\u00a0\u00bbtrue\u00a0\u00bb][vc_column][mk_clients clients=\u00a0\u00bb7183,7187,7173,7185,7177,7175,7179,7181,7189&Prime;][\/vc_column][\/vc_row]\n","protected":false},"excerpt":{"rendered":"<p>[vc_row][vc_column width=\u00a0\u00bb2\/3&Prime;][mk_title_box size=\u00a0\u00bb16&Prime; letter_spacing=\u00a0\u00bb4&Prime; margin_bottom=\u00a0\u00bb0&Prime; font_family=\u00a0\u00bbnone\u00a0\u00bb] Location\u00a0Mercedes Classe V [\/mk_title_box][mk_swipe_slideshow images=\u00a0\u00bb12372,12376,12374,12380,12382&Prime; image_width=\u00a0\u00bb750&Prime; image_height=\u00a0\u00bb380&Prime;][vc_column_text css=\u00a0\u00bb.vc_custom_1553885756499{margin-bottom: 0px !important;}\u00a0\u00bb]Le Mercedes Benz Classe V est le van de luxe par excellence.\u00a0Comme son anc\u00eatre le Mercedes Viano il a conquis le c\u0153ur des familles et chefs d&rsquo;entreprises en voyage. Vous souhaitez louer un minivan de prestige en Europe ? Dans [&hellip;]<\/p>\n","protected":false},"author":1,"featured_media":0,"parent":7038,"menu_order":0,"comment_status":"closed","ping_status":"closed","template":"","meta":{"_monsterinsights_skip_tracking":false,"_monsterinsights_sitenote_active":false,"_monsterinsights_sitenote_note":"","_monsterinsights_sitenote_category":0},"yoast_head":"<!-- This site is optimized with the Yoast SEO plugin v20.3 - https:\/\/yoast.com\/wordpress\/plugins\/seo\/ -->\n<title>Location Mercedes Class V Nice, Louer Minivan Cannes | LR MC<\/title>\n<meta name=\"description\" content=\"Louer le Mercedes classe V \u00e0 Nice, Cannes, Monaco. Le Mercedes V est un Van \/ Mini Van ou Mini Bus par excellence : confort, luxe, spacieux, silencieux,\" \/>\n<meta name=\"robots\" content=\"index, follow, max-snippet:-1, max-image-preview:large, max-video-preview:-1\" \/>\n<link rel=\"canonical\" href=\"https:\/\/luxury-rental-mc.com\/fr\/location-voiture\/mercedes-class-v\/\" \/>\n<meta property=\"og:locale\" content=\"fr_FR\" \/>\n<meta property=\"og:type\" content=\"article\" \/>\n<meta property=\"og:title\" content=\"Location Mercedes Class V Nice, Louer Minivan Cannes | LR MC\" \/>\n<meta property=\"og:description\" content=\"Louer le Mercedes classe V \u00e0 Nice, Cannes, Monaco. Le Mercedes V est un Van \/ Mini Van ou Mini Bus par excellence : confort, luxe, spacieux, silencieux,\" \/>\n<meta property=\"og:url\" content=\"https:\/\/luxury-rental-mc.com\/fr\/location-voiture\/mercedes-class-v\/\" \/>\n<meta property=\"og:site_name\" content=\"Luxury Car Rentals | Monaco, Nice, Cannes, Saint-Tropez\" \/>\n<meta property=\"article:modified_time\" content=\"2021-09-14T17:49:59+00:00\" \/>\n<meta name=\"twitter:label1\" content=\"Dur\u00e9e de lecture estim\u00e9e\" \/>\n\t<meta name=\"twitter:data1\" content=\"3 minutes\" \/>\n<script type=\"application\/ld+json\" class=\"yoast-schema-graph\">{\"@context\":\"https:\/\/schema.org\",\"@graph\":[{\"@type\":\"WebPage\",\"@id\":\"https:\/\/luxury-rental-mc.com\/fr\/location-voiture\/mercedes-class-v\/\",\"url\":\"https:\/\/luxury-rental-mc.com\/fr\/location-voiture\/mercedes-class-v\/\",\"name\":\"Location Mercedes Class V Nice, Louer Minivan Cannes | LR MC\",\"isPartOf\":{\"@id\":\"https:\/\/luxury-rental-mc.com\/#website\"},\"datePublished\":\"2016-03-29T12:06:50+00:00\",\"dateModified\":\"2021-09-14T17:49:59+00:00\",\"description\":\"Louer le Mercedes classe V \u00e0 Nice, Cannes, Monaco. Le Mercedes V est un Van \/ Mini Van ou Mini Bus par excellence : confort, luxe, spacieux, silencieux,\",\"breadcrumb\":{\"@id\":\"https:\/\/luxury-rental-mc.com\/fr\/location-voiture\/mercedes-class-v\/#breadcrumb\"},\"inLanguage\":\"fr-FR\",\"potentialAction\":[{\"@type\":\"ReadAction\",\"target\":[\"https:\/\/luxury-rental-mc.com\/fr\/location-voiture\/mercedes-class-v\/\"]}]},{\"@type\":\"BreadcrumbList\",\"@id\":\"https:\/\/luxury-rental-mc.com\/fr\/location-voiture\/mercedes-class-v\/#breadcrumb\",\"itemListElement\":[{\"@type\":\"ListItem\",\"position\":1,\"name\":\"Accueil\",\"item\":\"https:\/\/luxury-rental-mc.com\/fr\/\"},{\"@type\":\"ListItem\",\"position\":2,\"name\":\"Location\",\"item\":\"https:\/\/luxury-rental-mc.com\/fr\/location-voiture\/\"},{\"@type\":\"ListItem\",\"position\":3,\"name\":\"Mercedes Class V\"}]},{\"@type\":\"WebSite\",\"@id\":\"https:\/\/luxury-rental-mc.com\/#website\",\"url\":\"https:\/\/luxury-rental-mc.com\/\",\"name\":\"Luxury Car Rentals | Monaco, Nice, Cannes, Saint-Tropez\",\"description\":\"Rent the finest brands : Porsche, Ferrari, Lamborghini, Mercedes...\",\"potentialAction\":[{\"@type\":\"SearchAction\",\"target\":{\"@type\":\"EntryPoint\",\"urlTemplate\":\"https:\/\/luxury-rental-mc.com\/?s={search_term_string}\"},\"query-input\":\"required name=search_term_string\"}],\"inLanguage\":\"fr-FR\"}]}<\/script>\n<!-- \/ Yoast SEO plugin. -->","yoast_head_json":{"title":"Location Mercedes Class V Nice, Louer Minivan Cannes | LR MC","description":"Louer le Mercedes classe V \u00e0 Nice, Cannes, Monaco. Le Mercedes V est un Van \/ Mini Van ou Mini Bus par excellence : confort, luxe, spacieux, silencieux,","robots":{"index":"index","follow":"follow","max-snippet":"max-snippet:-1","max-image-preview":"max-image-preview:large","max-video-preview":"max-video-preview:-1"},"canonical":"https:\/\/luxury-rental-mc.com\/fr\/location-voiture\/mercedes-class-v\/","og_locale":"fr_FR","og_type":"article","og_title":"Location Mercedes Class V Nice, Louer Minivan Cannes | LR MC","og_description":"Louer le Mercedes classe V \u00e0 Nice, Cannes, Monaco. Le Mercedes V est un Van \/ Mini Van ou Mini Bus par excellence : confort, luxe, spacieux, silencieux,","og_url":"https:\/\/luxury-rental-mc.com\/fr\/location-voiture\/mercedes-class-v\/","og_site_name":"Luxury Car Rentals | Monaco, Nice, Cannes, Saint-Tropez","article_modified_time":"2021-09-14T17:49:59+00:00","twitter_misc":{"Dur\u00e9e de lecture estim\u00e9e":"3 minutes"},"schema":{"@context":"https:\/\/schema.org","@graph":[{"@type":"WebPage","@id":"https:\/\/luxury-rental-mc.com\/fr\/location-voiture\/mercedes-class-v\/","url":"https:\/\/luxury-rental-mc.com\/fr\/location-voiture\/mercedes-class-v\/","name":"Location Mercedes Class V Nice, Louer Minivan Cannes | LR MC","isPartOf":{"@id":"https:\/\/luxury-rental-mc.com\/#website"},"datePublished":"2016-03-29T12:06:50+00:00","dateModified":"2021-09-14T17:49:59+00:00","description":"Louer le Mercedes classe V \u00e0 Nice, Cannes, Monaco. Le Mercedes V est un Van \/ Mini Van ou Mini Bus par excellence : confort, luxe, spacieux, silencieux,","breadcrumb":{"@id":"https:\/\/luxury-rental-mc.com\/fr\/location-voiture\/mercedes-class-v\/#breadcrumb"},"inLanguage":"fr-FR","potentialAction":[{"@type":"ReadAction","target":["https:\/\/luxury-rental-mc.com\/fr\/location-voiture\/mercedes-class-v\/"]}]},{"@type":"BreadcrumbList","@id":"https:\/\/luxury-rental-mc.com\/fr\/location-voiture\/mercedes-class-v\/#breadcrumb","itemListElement":[{"@type":"ListItem","position":1,"name":"Accueil","item":"https:\/\/luxury-rental-mc.com\/fr\/"},{"@type":"ListItem","position":2,"name":"Location","item":"https:\/\/luxury-rental-mc.com\/fr\/location-voiture\/"},{"@type":"ListItem","position":3,"name":"Mercedes Class V"}]},{"@type":"WebSite","@id":"https:\/\/luxury-rental-mc.com\/#website","url":"https:\/\/luxury-rental-mc.com\/","name":"Luxury Car Rentals | Monaco, Nice, Cannes, Saint-Tropez","description":"Rent the finest brands : Porsche, Ferrari, Lamborghini, Mercedes...","potentialAction":[{"@type":"SearchAction","target":{"@type":"EntryPoint","urlTemplate":"https:\/\/luxury-rental-mc.com\/?s={search_term_string}"},"query-input":"required name=search_term_string"}],"inLanguage":"fr-FR"}]}},"_links":{"self":[{"href":"https:\/\/luxury-rental-mc.com\/fr\/wp-json\/wp\/v2\/pages\/7572\/"}],"collection":[{"href":"https:\/\/luxury-rental-mc.com\/fr\/wp-json\/wp\/v2\/pages\/"}],"about":[{"href":"https:\/\/luxury-rental-mc.com\/fr\/wp-json\/wp\/v2\/types\/page\/"}],"author":[{"embeddable":true,"href":"https:\/\/luxury-rental-mc.com\/fr\/wp-json\/wp\/v2\/users\/1\/"}],"replies":[{"embeddable":true,"href":"https:\/\/luxury-rental-mc.com\/fr\/wp-json\/wp\/v2\/comments\/?post=7572"}],"version-history":[{"count":8,"href":"https:\/\/luxury-rental-mc.com\/fr\/wp-json\/wp\/v2\/pages\/7572\/revisions\/"}],"predecessor-version":[{"id":83613,"href":"https:\/\/luxury-rental-mc.com\/fr\/wp-json\/wp\/v2\/pages\/7572\/revisions\/83613\/"}],"up":[{"embeddable":true,"href":"https:\/\/luxury-rental-mc.com\/fr\/wp-json\/wp\/v2\/pages\/7038\/"}],"wp:attachment":[{"href":"https:\/\/luxury-rental-mc.com\/fr\/wp-json\/wp\/v2\/media\/?parent=7572"}],"curies":[{"name":"wp","href":"https:\/\/api.w.org\/{rel}","templated":true}]}}