{"id":7593,"date":"2016-03-29T15:38:47","date_gmt":"2016-03-29T13:38:47","guid":{"rendered":"https:\/\/luxury-rental-mc.com\/fr\/?page_id=7593"},"modified":"2020-03-07T11:57:50","modified_gmt":"2020-03-07T10:57:50","slug":"maserati-granturismo","status":"publish","type":"page","link":"https:\/\/luxury-rental-mc.com\/fr\/location-voiture\/maserati-granturismo\/","title":{"rendered":"Maserati GranTurismo"},"content":{"rendered":"[vc_row][vc_column width=\u00a0\u00bb2\/3&Prime;][mk_title_box size=\u00a0\u00bb16&Prime; letter_spacing=\u00a0\u00bb4&Prime; margin_bottom=\u00a0\u00bb0&Prime; font_family=\u00a0\u00bbnone\u00a0\u00bb]\n<h1><span style=\"font-size: 14pt;\">Location\u00a0Maserati GranTurismo<\/span><\/h1>\n[\/mk_title_box][mk_swipe_slideshow images=\u00a0\u00bb48960,48962&Prime; image_width=\u00a0\u00bb750&Prime; image_height=\u00a0\u00bb380&Prime;][vc_column_text]La Maserati Granturismo est L&rsquo;ic\u00f4ne embl\u00e9matique de la marque au trident.<br \/>\nEn effet cette routi\u00e8re 4 places vous s\u00e9duira gr\u00e2ce \u00e0 son V8 de 460cv d&rsquo;une sonorit\u00e9 hors du commun , vous ne pourrez passer inaper\u00e7us .<br \/>\nMalgr\u00e9 le peu de restyling qu&rsquo;elle a subi elle reste toujours dans l&rsquo;air du temps et fait partie des grandes de ce monde, elle saura vous satisfaire en toutes occasions . Un seul mot pour classer cette auto : incroyable !![\/vc_column_text][\/vc_column][vc_column width=\u00a0\u00bb1\/3&Prime;][mk_padding_divider size=\u00a0\u00bb12&Prime;][mk_title_box size=\u00a0\u00bb16&Prime; letter_spacing=\u00a0\u00bb4&Prime; margin_bottom=\u00a0\u00bb0&Prime; font_family=\u00a0\u00bbnone\u00a0\u00bb]\n<h2><span style=\"font-size: 14pt;\">Tarifs<\/span><\/h2>\n[\/mk_title_box][vc_table vc_table_theme=\u00a0\u00bbsimple_pink\u00a0\u00bb][align-left]Journ%C3%A9e%20(150%20Km),[align-left]990%E2%82%AC|[b;align-left]3%20Jours%20(500%20km),[align-left]2700%E2%82%AC|[b;align-left]5%20Jours%20(750%20Km),[align-left]4200%E2%82%AC|[b;align-left]Jour%20supp.,[align-left]800%E2%82%AC[\/vc_table][mk_button dimension=\u00a0\u00bboutline\u00a0\u00bb size=\u00a0\u00bblarge\u00a0\u00bb icon=\u00a0\u00bbmk-li-call\u00a0\u00bb url=\u00a0\u00bbhttps:\/\/luxury-rental-mc.com\/fr\/contact\/\u00a0\u00bb align=\u00a0\u00bbcenter\u00a0\u00bb fullwidth=\u00a0\u00bbtrue\u00a0\u00bb visibility=\u00a0\u00bbhidden-sm\u00a0\u00bb]R\u00e9servation +33762841105[\/mk_button][mk_button dimension=\u00a0\u00bboutline\u00a0\u00bb size=\u00a0\u00bblarge\u00a0\u00bb icon=\u00a0\u00bbmk-li-call\u00a0\u00bb url=\u00a0\u00bbtel:+33762841105&Prime; align=\u00a0\u00bbcenter\u00a0\u00bb fullwidth=\u00a0\u00bbtrue\u00a0\u00bb visibility=\u00a0\u00bbhidden-dt\u00a0\u00bb]Reservation[\/mk_button][vc_column_text]Marque\u00a0:\u00a0Maserati<br \/>\nMod\u00e8le :\u00a0GranTurismo<br \/>\nNombre de places : 4<br \/>\nPuissance : 460 Ch<br \/>\nCylindr\u00e9e\u00a0: 4691\u00a0cm3<br \/>\nVitesse\u00a0max : 285\u00a0Km\/h<br \/>\nConsommation Mixte\u00a0: 14.3l \/100 km<br \/>\nAge minimum\u00a0:\u00a018 ans[\/vc_column_text][\/vc_column][\/vc_row][vc_row fullwidth=\u00a0\u00bbtrue\u00a0\u00bb][vc_column][mk_clients clients=\u00a0\u00bb7183,7187,7173,7185,7177,7175,7179,7181,7189&Prime;][\/vc_column][\/vc_row]\n","protected":false},"excerpt":{"rendered":"<p>[vc_row][vc_column width=\u00a0\u00bb2\/3&Prime;][mk_title_box size=\u00a0\u00bb16&Prime; letter_spacing=\u00a0\u00bb4&Prime; margin_bottom=\u00a0\u00bb0&Prime; font_family=\u00a0\u00bbnone\u00a0\u00bb] Location\u00a0Maserati GranTurismo [\/mk_title_box][mk_swipe_slideshow images=\u00a0\u00bb48960,48962&Prime; image_width=\u00a0\u00bb750&Prime; image_height=\u00a0\u00bb380&Prime;][vc_column_text]La Maserati Granturismo est L&rsquo;ic\u00f4ne embl\u00e9matique de la marque au trident. En effet cette routi\u00e8re 4 places vous s\u00e9duira gr\u00e2ce \u00e0 son V8 de 460cv d&rsquo;une sonorit\u00e9 hors du commun , vous ne pourrez passer inaper\u00e7us . Malgr\u00e9 le peu de restyling qu&rsquo;elle a [&hellip;]<\/p>\n","protected":false},"author":1,"featured_media":0,"parent":7038,"menu_order":0,"comment_status":"closed","ping_status":"closed","template":"","meta":{"_monsterinsights_skip_tracking":false,"_monsterinsights_sitenote_active":false,"_monsterinsights_sitenote_note":"","_monsterinsights_sitenote_category":0},"yoast_head":"<!-- This site is optimized with the Yoast SEO plugin v20.3 - https:\/\/yoast.com\/wordpress\/plugins\/seo\/ -->\n<title>Location maserati Geneve, Louer berline luxe Nice | LR MC<\/title>\n<meta name=\"description\" content=\"La Maserati Granturismo est L&#039;ic\u00f4ne embl\u00e9matique de la marque au trident. En effet cette routi\u00e8re 4 places vous s\u00e9duira gr\u00e2ce \u00e0 son V8 de 460cv d&#039;une sonorit\u00e9 hors du commun\" \/>\n<meta name=\"robots\" content=\"index, follow, max-snippet:-1, max-image-preview:large, max-video-preview:-1\" \/>\n<link rel=\"canonical\" href=\"https:\/\/luxury-rental-mc.com\/fr\/location-voiture\/maserati-granturismo\/\" \/>\n<meta property=\"og:locale\" content=\"fr_FR\" \/>\n<meta property=\"og:type\" content=\"article\" \/>\n<meta property=\"og:title\" content=\"Location maserati Geneve, Louer berline luxe Nice | LR MC\" \/>\n<meta property=\"og:description\" content=\"La Maserati Granturismo est L&#039;ic\u00f4ne embl\u00e9matique de la marque au trident. En effet cette routi\u00e8re 4 places vous s\u00e9duira gr\u00e2ce \u00e0 son V8 de 460cv d&#039;une sonorit\u00e9 hors du commun\" \/>\n<meta property=\"og:url\" content=\"https:\/\/luxury-rental-mc.com\/fr\/location-voiture\/maserati-granturismo\/\" \/>\n<meta property=\"og:site_name\" content=\"Luxury Car Rentals | Monaco, Nice, Cannes, Saint-Tropez\" \/>\n<meta property=\"article:modified_time\" content=\"2020-03-07T10:57:50+00:00\" \/>\n<meta name=\"twitter:label1\" content=\"Dur\u00e9e de lecture estim\u00e9e\" \/>\n\t<meta name=\"twitter:data1\" content=\"1 minute\" \/>\n<script type=\"application\/ld+json\" class=\"yoast-schema-graph\">{\"@context\":\"https:\/\/schema.org\",\"@graph\":[{\"@type\":\"WebPage\",\"@id\":\"https:\/\/luxury-rental-mc.com\/fr\/location-voiture\/maserati-granturismo\/\",\"url\":\"https:\/\/luxury-rental-mc.com\/fr\/location-voiture\/maserati-granturismo\/\",\"name\":\"Location maserati Geneve, Louer berline luxe Nice | LR MC\",\"isPartOf\":{\"@id\":\"https:\/\/luxury-rental-mc.com\/#website\"},\"datePublished\":\"2016-03-29T13:38:47+00:00\",\"dateModified\":\"2020-03-07T10:57:50+00:00\",\"description\":\"La Maserati Granturismo est L'ic\u00f4ne embl\u00e9matique de la marque au trident. En effet cette routi\u00e8re 4 places vous s\u00e9duira gr\u00e2ce \u00e0 son V8 de 460cv d'une sonorit\u00e9 hors du commun\",\"breadcrumb\":{\"@id\":\"https:\/\/luxury-rental-mc.com\/fr\/location-voiture\/maserati-granturismo\/#breadcrumb\"},\"inLanguage\":\"fr-FR\",\"potentialAction\":[{\"@type\":\"ReadAction\",\"target\":[\"https:\/\/luxury-rental-mc.com\/fr\/location-voiture\/maserati-granturismo\/\"]}]},{\"@type\":\"BreadcrumbList\",\"@id\":\"https:\/\/luxury-rental-mc.com\/fr\/location-voiture\/maserati-granturismo\/#breadcrumb\",\"itemListElement\":[{\"@type\":\"ListItem\",\"position\":1,\"name\":\"Accueil\",\"item\":\"https:\/\/luxury-rental-mc.com\/fr\/\"},{\"@type\":\"ListItem\",\"position\":2,\"name\":\"Location\",\"item\":\"https:\/\/luxury-rental-mc.com\/fr\/location-voiture\/\"},{\"@type\":\"ListItem\",\"position\":3,\"name\":\"Maserati GranTurismo\"}]},{\"@type\":\"WebSite\",\"@id\":\"https:\/\/luxury-rental-mc.com\/#website\",\"url\":\"https:\/\/luxury-rental-mc.com\/\",\"name\":\"Luxury Car Rentals | Monaco, Nice, Cannes, Saint-Tropez\",\"description\":\"Rent the finest brands : Porsche, Ferrari, Lamborghini, Mercedes...\",\"potentialAction\":[{\"@type\":\"SearchAction\",\"target\":{\"@type\":\"EntryPoint\",\"urlTemplate\":\"https:\/\/luxury-rental-mc.com\/?s={search_term_string}\"},\"query-input\":\"required name=search_term_string\"}],\"inLanguage\":\"fr-FR\"}]}<\/script>\n<!-- \/ Yoast SEO plugin. -->","yoast_head_json":{"title":"Location maserati Geneve, Louer berline luxe Nice | LR MC","description":"La Maserati Granturismo est L'ic\u00f4ne embl\u00e9matique de la marque au trident. En effet cette routi\u00e8re 4 places vous s\u00e9duira gr\u00e2ce \u00e0 son V8 de 460cv d'une sonorit\u00e9 hors du commun","robots":{"index":"index","follow":"follow","max-snippet":"max-snippet:-1","max-image-preview":"max-image-preview:large","max-video-preview":"max-video-preview:-1"},"canonical":"https:\/\/luxury-rental-mc.com\/fr\/location-voiture\/maserati-granturismo\/","og_locale":"fr_FR","og_type":"article","og_title":"Location maserati Geneve, Louer berline luxe Nice | LR MC","og_description":"La Maserati Granturismo est L'ic\u00f4ne embl\u00e9matique de la marque au trident. En effet cette routi\u00e8re 4 places vous s\u00e9duira gr\u00e2ce \u00e0 son V8 de 460cv d'une sonorit\u00e9 hors du commun","og_url":"https:\/\/luxury-rental-mc.com\/fr\/location-voiture\/maserati-granturismo\/","og_site_name":"Luxury Car Rentals | Monaco, Nice, Cannes, Saint-Tropez","article_modified_time":"2020-03-07T10:57:50+00:00","twitter_misc":{"Dur\u00e9e de lecture estim\u00e9e":"1 minute"},"schema":{"@context":"https:\/\/schema.org","@graph":[{"@type":"WebPage","@id":"https:\/\/luxury-rental-mc.com\/fr\/location-voiture\/maserati-granturismo\/","url":"https:\/\/luxury-rental-mc.com\/fr\/location-voiture\/maserati-granturismo\/","name":"Location maserati Geneve, Louer berline luxe Nice | LR MC","isPartOf":{"@id":"https:\/\/luxury-rental-mc.com\/#website"},"datePublished":"2016-03-29T13:38:47+00:00","dateModified":"2020-03-07T10:57:50+00:00","description":"La Maserati Granturismo est L'ic\u00f4ne embl\u00e9matique de la marque au trident. En effet cette routi\u00e8re 4 places vous s\u00e9duira gr\u00e2ce \u00e0 son V8 de 460cv d'une sonorit\u00e9 hors du commun","breadcrumb":{"@id":"https:\/\/luxury-rental-mc.com\/fr\/location-voiture\/maserati-granturismo\/#breadcrumb"},"inLanguage":"fr-FR","potentialAction":[{"@type":"ReadAction","target":["https:\/\/luxury-rental-mc.com\/fr\/location-voiture\/maserati-granturismo\/"]}]},{"@type":"BreadcrumbList","@id":"https:\/\/luxury-rental-mc.com\/fr\/location-voiture\/maserati-granturismo\/#breadcrumb","itemListElement":[{"@type":"ListItem","position":1,"name":"Accueil","item":"https:\/\/luxury-rental-mc.com\/fr\/"},{"@type":"ListItem","position":2,"name":"Location","item":"https:\/\/luxury-rental-mc.com\/fr\/location-voiture\/"},{"@type":"ListItem","position":3,"name":"Maserati GranTurismo"}]},{"@type":"WebSite","@id":"https:\/\/luxury-rental-mc.com\/#website","url":"https:\/\/luxury-rental-mc.com\/","name":"Luxury Car Rentals | Monaco, Nice, Cannes, Saint-Tropez","description":"Rent the finest brands : Porsche, Ferrari, Lamborghini, Mercedes...","potentialAction":[{"@type":"SearchAction","target":{"@type":"EntryPoint","urlTemplate":"https:\/\/luxury-rental-mc.com\/?s={search_term_string}"},"query-input":"required name=search_term_string"}],"inLanguage":"fr-FR"}]}},"_links":{"self":[{"href":"https:\/\/luxury-rental-mc.com\/fr\/wp-json\/wp\/v2\/pages\/7593\/"}],"collection":[{"href":"https:\/\/luxury-rental-mc.com\/fr\/wp-json\/wp\/v2\/pages\/"}],"about":[{"href":"https:\/\/luxury-rental-mc.com\/fr\/wp-json\/wp\/v2\/types\/page\/"}],"author":[{"embeddable":true,"href":"https:\/\/luxury-rental-mc.com\/fr\/wp-json\/wp\/v2\/users\/1\/"}],"replies":[{"embeddable":true,"href":"https:\/\/luxury-rental-mc.com\/fr\/wp-json\/wp\/v2\/comments\/?post=7593"}],"version-history":[{"count":6,"href":"https:\/\/luxury-rental-mc.com\/fr\/wp-json\/wp\/v2\/pages\/7593\/revisions\/"}],"predecessor-version":[{"id":49388,"href":"https:\/\/luxury-rental-mc.com\/fr\/wp-json\/wp\/v2\/pages\/7593\/revisions\/49388\/"}],"up":[{"embeddable":true,"href":"https:\/\/luxury-rental-mc.com\/fr\/wp-json\/wp\/v2\/pages\/7038\/"}],"wp:attachment":[{"href":"https:\/\/luxury-rental-mc.com\/fr\/wp-json\/wp\/v2\/media\/?parent=7593"}],"curies":[{"name":"wp","href":"https:\/\/api.w.org\/{rel}","templated":true}]}}