{"id":7613,"date":"2016-03-29T19:51:00","date_gmt":"2016-03-29T17:51:00","guid":{"rendered":"https:\/\/luxury-rental-mc.com\/fr\/?page_id=7613"},"modified":"2019-04-12T16:57:38","modified_gmt":"2019-04-12T14:57:38","slug":"audi-a5-cabriolet","status":"publish","type":"page","link":"https:\/\/luxury-rental-mc.com\/fr\/location-voiture\/audi-a5-cabriolet\/","title":{"rendered":"Audi A5 Cabriolet"},"content":{"rendered":"[vc_row][vc_column width=\u00a0\u00bb2\/3&Prime;][mk_title_box size=\u00a0\u00bb16&Prime; letter_spacing=\u00a0\u00bb4&Prime; margin_bottom=\u00a0\u00bb0&Prime; font_family=\u00a0\u00bbnone\u00a0\u00bb]\n<h1><span style=\"font-size: 14pt;\">Location Audi A5 Cabriolet<\/span><\/h1>\n[\/mk_title_box][mk_swipe_slideshow images=\u00a0\u00bb11694,10705,11697&Prime; image_width=\u00a0\u00bb750&Prime; image_height=\u00a0\u00bb380&Prime;][vc_column_text css=\u00a0\u00bb.vc_custom_1551112934778{margin-bottom: 0px !important;}\u00a0\u00bb]Le <a href=\"https:\/\/luxury-rental-mc.com\/fr\/audi\">constructeur allemand Audi<\/a> a offert \u00e0 son mod\u00e8le <strong>A5 cabriolet<\/strong> le meilleur que l\u2019on peut trouver dans chacun des mod\u00e8les de la marque automobile allemande. <strong>Louer une Audi A5 cabriolet<\/strong>, ce v\u00e9hicule est le mod\u00e8le parfait pour profiter de vos vacances sur la C\u00f4te italienne \u00e0 <a href=\"https:\/\/luxury-rental-mc.com\/fr\/location-voiture-luxe\/location-portofino\">Portofino<\/a> ou Forte Dei Marmi, ou encore dans l\u2019arri\u00e8re pays proven\u00e7al \u00e0 <strong>Gordes<\/strong>. Pratique dans la vie de tous les jours \u00e0 <strong>Monaco<\/strong> ou dans toute l\u2019Europe, l\u2019Audi A5 d\u00e9capotable vous comblera pour passer des vacances sereinement.\u00a0MC Luxury Rental vous propose ce v\u00e9hicule de luxe \u00e0 la <strong>location courte ou longue dur\u00e9e<\/strong> afin de simplifier et remplir de bonheur vos moments, qu\u2019ils soient d\u2019ordre priv\u00e9 (vacances \u00e0 <strong>Nice<\/strong>, week end \u00e0 <strong>Saint-Tropez<\/strong>, s\u00e9jour \u00e0 <strong>Monte-Carlo<\/strong>) ou professionnel (s\u00e9minaire \u00e0 <strong>Cannes<\/strong>, voyage d\u2019affaires \u00e0 <strong>Paris<\/strong>, rendez vous \u00e0 <strong>Milan<\/strong>). Cette voiture premium allie avec succ\u00e8s confort lors votre voyage, sportivit\u00e9 lors de vos acc\u00e9l\u00e9rations et luxe de par ses finitions et son allure. Le cabriolet Audi A5 de prestige vous donnera le sourire tout au long de votre location en Europe. <a href=\"https:\/\/luxury-rental-mc.com\/fr\/news-fr\/decouvrez-la-audi-a5-coupe\">L\u2019 Audi A5<\/a> cabriolet est un v\u00e9hicule de confort et luxueux avec une touche de sportivit\u00e9 gr\u00e2ce \u00e0 sa finition S-Line et il sera parfait peu importe vos besoins.\u00a0L\u2019\u00e9quipe de MC Luxury Rental se fera un plaisir de vous <a href=\"https:\/\/luxury-rental-mc.com\/fr\/location-voiture-luxe\/nice\">louer ce v\u00e9hicule de luxe \u00e0 l\u2019a\u00e9roport de Nice C\u00f4te d\u2019Azur<\/a>, Milan Malpensa, <a href=\"https:\/\/luxury-rental-mc.com\/fr\/location-voiture-luxe\/barcelone\">Barcelone El-Prat<\/a> ou encore celui de votre choix. Nos services sur mesure permettent de <strong>louer une Audi A5 convertible<\/strong> et d\u2019opter pour la livraison \u00e0 votre h\u00f4tel \u00e0 Nice, \u00e0 l\u2019h\u00e9liport de Monaco, dans votre villa \u00e0 <strong>Saint-Jean-Cap Ferrat<\/strong> ou encore au port de plaisance Port Canto \u00e0 Cannes devant votre yacht. Lors de vos d\u00e9placements en France, en Italie ou en <strong>Espagne<\/strong> ne vous tracassez plus et \u00e9viter de longues heures d\u2019attente au comptoir des loueurs automobiles classiques, offrez vous un <strong>service de premi\u00e8re classe<\/strong> avec MC Luxury Rental. Notre \u00e9quipe de professionnels de la location de v\u00e9hicules s\u2019occupe de tout.[\/vc_column_text][\/vc_column][vc_column width=\u00a0\u00bb1\/3&Prime;][mk_padding_divider size=\u00a0\u00bb12&Prime;][mk_title_box size=\u00a0\u00bb16&Prime; letter_spacing=\u00a0\u00bb4&Prime; margin_bottom=\u00a0\u00bb0&Prime; font_family=\u00a0\u00bbnone\u00a0\u00bb]\n<h2><span style=\"font-size: 14pt;\">Tarifs<\/span><\/h2>\n[\/mk_title_box][vc_table vc_table_theme=\u00a0\u00bbsimple_pink\u00a0\u00bb][align-left]Journ%C3%A9e%20(150%20Km),[align-left]330%E2%82%AC|[b;align-left]3%20Jours%20(500%20km),[align-left]900%E2%82%AC|[b;align-left]5%20Jours%20(750%20Km),[align-left]1400%E2%82%AC|[b;align-left]Jour%20supp.,[align-left]250%E2%82%AC[\/vc_table][mk_button dimension=\u00a0\u00bboutline\u00a0\u00bb size=\u00a0\u00bblarge\u00a0\u00bb icon=\u00a0\u00bbmk-li-call\u00a0\u00bb url=\u00a0\u00bbhttps:\/\/luxury-rental-mc.com\/fr\/contact\/\u00a0\u00bb align=\u00a0\u00bbcenter\u00a0\u00bb fullwidth=\u00a0\u00bbtrue\u00a0\u00bb visibility=\u00a0\u00bbhidden-sm\u00a0\u00bb]R\u00e9servation +33762841105[\/mk_button][mk_button dimension=\u00a0\u00bboutline\u00a0\u00bb size=\u00a0\u00bblarge\u00a0\u00bb icon=\u00a0\u00bbmk-li-call\u00a0\u00bb url=\u00a0\u00bbtel:+33762841105&Prime; align=\u00a0\u00bbcenter\u00a0\u00bb fullwidth=\u00a0\u00bbtrue\u00a0\u00bb visibility=\u00a0\u00bbhidden-dt\u00a0\u00bb]Reservation[\/mk_button][vc_column_text]Marque\u00a0:\u00a0Audi<br \/>\nMod\u00e8le :\u00a0A5 Cabriolet<br \/>\nNombre de places :\u00a04<br \/>\nPuissance :\u00a0190 Ch<br \/>\nCylindr\u00e9e\u00a0: 1798 cm3<br \/>\nVitesse\u00a0max :\u00a0223\u00a0Km\/h<br \/>\nConsommation Mixte\u00a0: 5.9\u00a0l \/100 km<br \/>\nAge minimum\u00a0:\u00a018 ans[\/vc_column_text][\/vc_column][\/vc_row][vc_row fullwidth=\u00a0\u00bbtrue\u00a0\u00bb][vc_column][mk_clients clients=\u00a0\u00bb7183,7187,7173,7185,7177,7175,7179,7181,7189&Prime;][\/vc_column][\/vc_row]\n","protected":false},"excerpt":{"rendered":"<p>[vc_row][vc_column width=\u00a0\u00bb2\/3&Prime;][mk_title_box size=\u00a0\u00bb16&Prime; letter_spacing=\u00a0\u00bb4&Prime; margin_bottom=\u00a0\u00bb0&Prime; font_family=\u00a0\u00bbnone\u00a0\u00bb] Location Audi A5 Cabriolet [\/mk_title_box][mk_swipe_slideshow images=\u00a0\u00bb11694,10705,11697&Prime; image_width=\u00a0\u00bb750&Prime; image_height=\u00a0\u00bb380&Prime;][vc_column_text css=\u00a0\u00bb.vc_custom_1551112934778{margin-bottom: 0px !important;}\u00a0\u00bb]Le constructeur allemand Audi a offert \u00e0 son mod\u00e8le A5 cabriolet le meilleur que l\u2019on peut trouver dans chacun des mod\u00e8les de la marque automobile allemande. Louer une Audi A5 cabriolet, ce v\u00e9hicule est le mod\u00e8le parfait pour profiter [&hellip;]<\/p>\n","protected":false},"author":1,"featured_media":0,"parent":7038,"menu_order":0,"comment_status":"closed","ping_status":"closed","template":"","meta":{"_monsterinsights_skip_tracking":false,"_monsterinsights_sitenote_active":false,"_monsterinsights_sitenote_note":"","_monsterinsights_sitenote_category":0},"yoast_head":"<!-- This site is optimized with the Yoast SEO plugin v20.3 - https:\/\/yoast.com\/wordpress\/plugins\/seo\/ -->\n<title>Location audi Cabriolet Nice, Louer vehicule coup\u00e9 Cannes | LR MC<\/title>\n<meta name=\"description\" content=\"Profitez de nos derni\u00e8res nouveaut\u00e9s en cabriolet, une belle Audi A5 pour profitez de belles ballades cheveux au vent ! contactez nous au 07 62 84 11 05\" \/>\n<meta name=\"robots\" content=\"index, follow, max-snippet:-1, max-image-preview:large, max-video-preview:-1\" \/>\n<link rel=\"canonical\" href=\"https:\/\/luxury-rental-mc.com\/fr\/location-voiture\/audi-a5-cabriolet\/\" \/>\n<meta property=\"og:locale\" content=\"fr_FR\" \/>\n<meta property=\"og:type\" content=\"article\" \/>\n<meta property=\"og:title\" content=\"Location audi Cabriolet Nice, Louer vehicule coup\u00e9 Cannes | LR MC\" \/>\n<meta property=\"og:description\" content=\"Profitez de nos derni\u00e8res nouveaut\u00e9s en cabriolet, une belle Audi A5 pour profitez de belles ballades cheveux au vent ! contactez nous au 07 62 84 11 05\" \/>\n<meta property=\"og:url\" content=\"https:\/\/luxury-rental-mc.com\/fr\/location-voiture\/audi-a5-cabriolet\/\" \/>\n<meta property=\"og:site_name\" content=\"Luxury Car Rentals | Monaco, Nice, Cannes, Saint-Tropez\" \/>\n<meta property=\"article:modified_time\" content=\"2019-04-12T14:57:38+00:00\" \/>\n<meta name=\"twitter:label1\" content=\"Dur\u00e9e de lecture estim\u00e9e\" \/>\n\t<meta name=\"twitter:data1\" content=\"3 minutes\" \/>\n<script type=\"application\/ld+json\" class=\"yoast-schema-graph\">{\"@context\":\"https:\/\/schema.org\",\"@graph\":[{\"@type\":\"WebPage\",\"@id\":\"https:\/\/luxury-rental-mc.com\/fr\/location-voiture\/audi-a5-cabriolet\/\",\"url\":\"https:\/\/luxury-rental-mc.com\/fr\/location-voiture\/audi-a5-cabriolet\/\",\"name\":\"Location audi Cabriolet Nice, Louer vehicule coup\u00e9 Cannes | LR MC\",\"isPartOf\":{\"@id\":\"https:\/\/luxury-rental-mc.com\/#website\"},\"datePublished\":\"2016-03-29T17:51:00+00:00\",\"dateModified\":\"2019-04-12T14:57:38+00:00\",\"description\":\"Profitez de nos derni\u00e8res nouveaut\u00e9s en cabriolet, une belle Audi A5 pour profitez de belles ballades cheveux au vent ! contactez nous au 07 62 84 11 05\",\"breadcrumb\":{\"@id\":\"https:\/\/luxury-rental-mc.com\/fr\/location-voiture\/audi-a5-cabriolet\/#breadcrumb\"},\"inLanguage\":\"fr-FR\",\"potentialAction\":[{\"@type\":\"ReadAction\",\"target\":[\"https:\/\/luxury-rental-mc.com\/fr\/location-voiture\/audi-a5-cabriolet\/\"]}]},{\"@type\":\"BreadcrumbList\",\"@id\":\"https:\/\/luxury-rental-mc.com\/fr\/location-voiture\/audi-a5-cabriolet\/#breadcrumb\",\"itemListElement\":[{\"@type\":\"ListItem\",\"position\":1,\"name\":\"Accueil\",\"item\":\"https:\/\/luxury-rental-mc.com\/fr\/\"},{\"@type\":\"ListItem\",\"position\":2,\"name\":\"Location\",\"item\":\"https:\/\/luxury-rental-mc.com\/fr\/location-voiture\/\"},{\"@type\":\"ListItem\",\"position\":3,\"name\":\"Audi A5 Cabriolet\"}]},{\"@type\":\"WebSite\",\"@id\":\"https:\/\/luxury-rental-mc.com\/#website\",\"url\":\"https:\/\/luxury-rental-mc.com\/\",\"name\":\"Luxury Car Rentals | Monaco, Nice, Cannes, Saint-Tropez\",\"description\":\"Rent the finest brands : Porsche, Ferrari, Lamborghini, Mercedes...\",\"potentialAction\":[{\"@type\":\"SearchAction\",\"target\":{\"@type\":\"EntryPoint\",\"urlTemplate\":\"https:\/\/luxury-rental-mc.com\/?s={search_term_string}\"},\"query-input\":\"required name=search_term_string\"}],\"inLanguage\":\"fr-FR\"}]}<\/script>\n<!-- \/ Yoast SEO plugin. -->","yoast_head_json":{"title":"Location audi Cabriolet Nice, Louer vehicule coup\u00e9 Cannes | LR MC","description":"Profitez de nos derni\u00e8res nouveaut\u00e9s en cabriolet, une belle Audi A5 pour profitez de belles ballades cheveux au vent ! contactez nous au 07 62 84 11 05","robots":{"index":"index","follow":"follow","max-snippet":"max-snippet:-1","max-image-preview":"max-image-preview:large","max-video-preview":"max-video-preview:-1"},"canonical":"https:\/\/luxury-rental-mc.com\/fr\/location-voiture\/audi-a5-cabriolet\/","og_locale":"fr_FR","og_type":"article","og_title":"Location audi Cabriolet Nice, Louer vehicule coup\u00e9 Cannes | LR MC","og_description":"Profitez de nos derni\u00e8res nouveaut\u00e9s en cabriolet, une belle Audi A5 pour profitez de belles ballades cheveux au vent ! contactez nous au 07 62 84 11 05","og_url":"https:\/\/luxury-rental-mc.com\/fr\/location-voiture\/audi-a5-cabriolet\/","og_site_name":"Luxury Car Rentals | Monaco, Nice, Cannes, Saint-Tropez","article_modified_time":"2019-04-12T14:57:38+00:00","twitter_misc":{"Dur\u00e9e de lecture estim\u00e9e":"3 minutes"},"schema":{"@context":"https:\/\/schema.org","@graph":[{"@type":"WebPage","@id":"https:\/\/luxury-rental-mc.com\/fr\/location-voiture\/audi-a5-cabriolet\/","url":"https:\/\/luxury-rental-mc.com\/fr\/location-voiture\/audi-a5-cabriolet\/","name":"Location audi Cabriolet Nice, Louer vehicule coup\u00e9 Cannes | LR MC","isPartOf":{"@id":"https:\/\/luxury-rental-mc.com\/#website"},"datePublished":"2016-03-29T17:51:00+00:00","dateModified":"2019-04-12T14:57:38+00:00","description":"Profitez de nos derni\u00e8res nouveaut\u00e9s en cabriolet, une belle Audi A5 pour profitez de belles ballades cheveux au vent ! contactez nous au 07 62 84 11 05","breadcrumb":{"@id":"https:\/\/luxury-rental-mc.com\/fr\/location-voiture\/audi-a5-cabriolet\/#breadcrumb"},"inLanguage":"fr-FR","potentialAction":[{"@type":"ReadAction","target":["https:\/\/luxury-rental-mc.com\/fr\/location-voiture\/audi-a5-cabriolet\/"]}]},{"@type":"BreadcrumbList","@id":"https:\/\/luxury-rental-mc.com\/fr\/location-voiture\/audi-a5-cabriolet\/#breadcrumb","itemListElement":[{"@type":"ListItem","position":1,"name":"Accueil","item":"https:\/\/luxury-rental-mc.com\/fr\/"},{"@type":"ListItem","position":2,"name":"Location","item":"https:\/\/luxury-rental-mc.com\/fr\/location-voiture\/"},{"@type":"ListItem","position":3,"name":"Audi A5 Cabriolet"}]},{"@type":"WebSite","@id":"https:\/\/luxury-rental-mc.com\/#website","url":"https:\/\/luxury-rental-mc.com\/","name":"Luxury Car Rentals | Monaco, Nice, Cannes, Saint-Tropez","description":"Rent the finest brands : Porsche, Ferrari, Lamborghini, Mercedes...","potentialAction":[{"@type":"SearchAction","target":{"@type":"EntryPoint","urlTemplate":"https:\/\/luxury-rental-mc.com\/?s={search_term_string}"},"query-input":"required name=search_term_string"}],"inLanguage":"fr-FR"}]}},"_links":{"self":[{"href":"https:\/\/luxury-rental-mc.com\/fr\/wp-json\/wp\/v2\/pages\/7613\/"}],"collection":[{"href":"https:\/\/luxury-rental-mc.com\/fr\/wp-json\/wp\/v2\/pages\/"}],"about":[{"href":"https:\/\/luxury-rental-mc.com\/fr\/wp-json\/wp\/v2\/types\/page\/"}],"author":[{"embeddable":true,"href":"https:\/\/luxury-rental-mc.com\/fr\/wp-json\/wp\/v2\/users\/1\/"}],"replies":[{"embeddable":true,"href":"https:\/\/luxury-rental-mc.com\/fr\/wp-json\/wp\/v2\/comments\/?post=7613"}],"version-history":[{"count":10,"href":"https:\/\/luxury-rental-mc.com\/fr\/wp-json\/wp\/v2\/pages\/7613\/revisions\/"}],"predecessor-version":[{"id":12209,"href":"https:\/\/luxury-rental-mc.com\/fr\/wp-json\/wp\/v2\/pages\/7613\/revisions\/12209\/"}],"up":[{"embeddable":true,"href":"https:\/\/luxury-rental-mc.com\/fr\/wp-json\/wp\/v2\/pages\/7038\/"}],"wp:attachment":[{"href":"https:\/\/luxury-rental-mc.com\/fr\/wp-json\/wp\/v2\/media\/?parent=7613"}],"curies":[{"name":"wp","href":"https:\/\/api.w.org\/{rel}","templated":true}]}}