{"id":7695,"date":"2016-05-08T15:27:33","date_gmt":"2016-05-08T13:27:33","guid":{"rendered":"https:\/\/luxury-rental-mc.com\/?page_id=7695"},"modified":"2022-05-04T23:20:52","modified_gmt":"2022-05-04T21:20:52","slug":"location-corse","status":"publish","type":"page","link":"https:\/\/luxury-rental-mc.com\/fr\/location-voiture-luxe\/location-corse\/","title":{"rendered":"Location Corse"},"content":{"rendered":"[vc_row][vc_column][mk_fancy_title tag_name=\u00a0\u00bbh1&Prime; color=\u00a0\u00bb#000000&Prime; letter_spacing=\u00a0\u00bb4&Prime; margin_bottom=\u00a0\u00bb0&Prime; font_family=\u00a0\u00bbnone\u00a0\u00bb align=\u00a0\u00bbcenter\u00a0\u00bb]\n<h1 style=\"text-align: center;\"><span style=\"font-size: 18pt;\">Location voiture de Luxe en Corse<\/span><\/h1>\n[\/mk_fancy_title][mk_divider style=\u00a0\u00bbthick_solid\u00a0\u00bb divider_width=\u00a0\u00bbcustom_width\u00a0\u00bb custom_width=\u00a0\u00bb50&Prime; border_color=\u00a0\u00bb#dd3333&Prime; margin_top=\u00a0\u00bb0&Prime; margin_bottom=\u00a0\u00bb0&Prime;][mk_padding_divider][\/vc_column][\/vc_row][vc_row][vc_column][vc_column_text css=\u00a0\u00bb.vc_custom_1651699216959{margin-bottom: 0px !important;}\u00a0\u00bb]<a href=\"https:\/\/luxury-rental-mc.com\/wp-content\/uploads\/2016\/05\/Location-de-voiture-Corse.jpg\"><img loading=\"lazy\" class=\"alignleft wp-image-7785\" src=\"https:\/\/luxury-rental-mc.com\/wp-content\/uploads\/2016\/05\/Location-de-voiture-Corse-300x225.jpg\" alt=\"Location de voiture Corse\" width=\"500\" height=\"375\" srcset=\"https:\/\/luxury-rental-mc.com\/wp-content\/uploads\/2016\/05\/Location-de-voiture-Corse-300x225.jpg 300w, https:\/\/luxury-rental-mc.com\/wp-content\/uploads\/2016\/05\/Location-de-voiture-Corse-768x576.jpg 768w, https:\/\/luxury-rental-mc.com\/wp-content\/uploads\/2016\/05\/Location-de-voiture-Corse.jpg 1024w, https:\/\/luxury-rental-mc.com\/wp-content\/uploads\/2016\/05\/Location-de-voiture-Corse-400x300.jpg 400w, https:\/\/luxury-rental-mc.com\/wp-content\/uploads\/2016\/05\/Location-de-voiture-Corse-800x600.jpg 800w\" sizes=\"(max-width: 500px) 100vw, 500px\" \/><\/a>Soci\u00e9t\u00e9 de <strong>location de v\u00e9hicules de luxe<\/strong> et de mise \u00e0 disposition de chauffeur particulier, Mc Luxury Rental, a d\u00e9j\u00e0 conquis de nombreux clients sur le continent europ\u00e9en et principalement dans le sud de la France entre Saint-Tropez et Monaco en passant par des villes incontournables telles que Cannes et Nice. Vous recherchez une <a href=\"https:\/\/luxury-rental-mc.com\/fr\/location-ferrari\/\">location de Ferrari<\/a> ? Contactez nous<\/p>\n<p>C&rsquo;est r\u00e9cemment sur le territoire Corse que l&rsquo;entreprise s&rsquo;est implant\u00e9e. Vous pourrez alors louer des v\u00e9hicules Ferrari, McLaren, BMW, Mercedes ou encore Mini Cooper dans les grandes villes de l&rsquo;\u00eele de beaut\u00e9 comme Ajaccio, Porto-Vecchio et Bastia.<\/p>\n<h2><span style=\"font-size: 14pt;\"><strong>1\u00e8re agence de location de voiture en Corse<\/strong><\/span><\/h2>\n<p>La Corse est une \u00eele tr\u00e8s escarp\u00e9e, devenue un lieu incontournable du paysage fran\u00e7ais. Le choix de l&rsquo;implantation de la soci\u00e9t\u00e9 en Corse n&rsquo;est pas anodin puisqu\u2019aucune soci\u00e9t\u00e9\u00a0 de <strong>location de v\u00e9hicule<\/strong> de cette ampleur et pr\u00e9sentant\u00a0 de tels services de qualit\u00e9 n&rsquo;est pr\u00e9sente dans cette zone g\u00e9ographique.<\/p>\n<p>L&rsquo;expansion de Mc Luxury Rental \u00e0 Bastia, Porto-Vecchio et Ajaccio permet donc \u00e0 tout le territoire Corse de pouvoir b\u00e9n\u00e9ficier de ce type de prestations tr\u00e8s peu r\u00e9pandu sur l&rsquo;\u00eele de Beaut\u00e9. Les v\u00e9hicules Ferrari, Lamborghini, BMW, Mercedes, pourront vous \u00eatre d\u00e9livr\u00e9s et lou\u00e9s que vous vous situiez dans le Nord, Sud, Ouest ou Est de l&rsquo;\u00eele paradisiaque que repr\u00e9sente la Corse.<\/p>\n<h2><span style=\"font-size: 14pt;\"><strong>Louer votre voiture de luxe pour profiter des paysages corses<\/strong><\/span><\/h2>\n<p>La Corse est un lieu o\u00f9 il se fait bon vivre gr\u00e2ce au temps et au climat m\u00e9diterran\u00e9en. Les touristes ne cessent d&rsquo;accro\u00eetre chaque ann\u00e9e afin de visiter les villes, les routes et les paysages liants Bastia, Ajaccio et Porto-Vecchio.<\/p>\n<p><strong><a href=\"https:\/\/luxury-rental-mc.com\/fr\/location-voiture\/ferrari-488-gtb\/\">Louer une Ferrari en Corse<\/a><\/strong> ou tout autre supercar permet de profiter de la diversit\u00e9 des paysages magnifiques que nous offre la Corse.<\/p>\n<p>Le territoire Corse a toujours su garder son charme et s&rsquo;est dynamis\u00e9 afin de s&rsquo;adapter \u00e0 la demande de ces nouveaux touristes corses. Vous pouvez participer alors \u00e0 divers \u00e9v\u00e9nements, soir\u00e9es, visites, etc qui se d\u00e9roulent tout au long de l&rsquo;ann\u00e9e.<\/p>\n<p>Mc Luxury Rental r\u00e9pond alors particuli\u00e8rement \u00e0 cette demande en vous permettant de louer des <strong>voitures sportives<\/strong> ou des berlines pour des grandes occasions, mais aussi louer des voitures afin de vous balader dans les arri\u00e8res pays arri\u00e8re-pays tel que des 4&#215;4 particuli\u00e8rement adapt\u00e9s\u00a0 aux routes les plus redoutables de la Corse mais aussi des cabriolets pour vos balades ensoleill\u00e9es.<\/p>\n\n\t\t<style type=\"text\/css\">\n\t\t\t#gallery-1 {\n\t\t\t\tmargin: auto;\n\t\t\t}\n\t\t\t#gallery-1 .gallery-item {\n\t\t\t\tfloat: left;\n\t\t\t\tmargin-top: 10px;\n\t\t\t\ttext-align: center;\n\t\t\t\twidth: 33%;\n\t\t\t}\n\t\t\t#gallery-1 img {\n\t\t\t\tborder: 2px solid #cfcfcf;\n\t\t\t}\n\t\t\t#gallery-1 .gallery-caption {\n\t\t\t\tmargin-left: 0;\n\t\t\t}\n\t\t\t\/* see gallery_shortcode() in wp-includes\/media.php *\/\n\t\t<\/style>\n\t\t<div id='gallery-1' class='gallery galleryid-7695 gallery-columns-3 gallery-size-large'><dl class='gallery-item'>\n\t\t\t<dt class='gallery-icon landscape'>\n\t\t\t\t<a href='https:\/\/luxury-rental-mc.com\/wp-content\/uploads\/2016\/05\/Location-de-voiture-Porto-Vecchio.jpg'><img width=\"1024\" height=\"683\" src=\"https:\/\/luxury-rental-mc.com\/wp-content\/uploads\/2016\/05\/Location-de-voiture-Porto-Vecchio-1024x683.jpg\" class=\"attachment-large size-large\" alt=\"Location de voiture Porto Vecchio\" loading=\"lazy\" srcset=\"https:\/\/luxury-rental-mc.com\/wp-content\/uploads\/2016\/05\/Location-de-voiture-Porto-Vecchio-1024x683.jpg 1024w, https:\/\/luxury-rental-mc.com\/wp-content\/uploads\/2016\/05\/Location-de-voiture-Porto-Vecchio-300x200.jpg 300w, https:\/\/luxury-rental-mc.com\/wp-content\/uploads\/2016\/05\/Location-de-voiture-Porto-Vecchio-768x512.jpg 768w, https:\/\/luxury-rental-mc.com\/wp-content\/uploads\/2016\/05\/Location-de-voiture-Porto-Vecchio-150x100.jpg 150w, https:\/\/luxury-rental-mc.com\/wp-content\/uploads\/2016\/05\/Location-de-voiture-Porto-Vecchio-400x267.jpg 400w, https:\/\/luxury-rental-mc.com\/wp-content\/uploads\/2016\/05\/Location-de-voiture-Porto-Vecchio-800x533.jpg 800w, https:\/\/luxury-rental-mc.com\/wp-content\/uploads\/2016\/05\/Location-de-voiture-Porto-Vecchio-900x600.jpg 900w, https:\/\/luxury-rental-mc.com\/wp-content\/uploads\/2016\/05\/Location-de-voiture-Porto-Vecchio.jpg 1920w\" sizes=\"(max-width: 1024px) 100vw, 1024px\" itemprop=\"image\" \/><\/a>\n\t\t\t<\/dt><\/dl><dl class='gallery-item'>\n\t\t\t<dt class='gallery-icon landscape'>\n\t\t\t\t<a href='https:\/\/luxury-rental-mc.com\/wp-content\/uploads\/2016\/05\/Location-de-voiture-Bastia.jpg'><img width=\"1024\" height=\"683\" src=\"https:\/\/luxury-rental-mc.com\/wp-content\/uploads\/2016\/05\/Location-de-voiture-Bastia-1024x683.jpg\" class=\"attachment-large size-large\" alt=\"Location de voiture Bastia\" loading=\"lazy\" srcset=\"https:\/\/luxury-rental-mc.com\/wp-content\/uploads\/2016\/05\/Location-de-voiture-Bastia-1024x683.jpg 1024w, https:\/\/luxury-rental-mc.com\/wp-content\/uploads\/2016\/05\/Location-de-voiture-Bastia-300x200.jpg 300w, https:\/\/luxury-rental-mc.com\/wp-content\/uploads\/2016\/05\/Location-de-voiture-Bastia-768x512.jpg 768w, https:\/\/luxury-rental-mc.com\/wp-content\/uploads\/2016\/05\/Location-de-voiture-Bastia-150x100.jpg 150w, https:\/\/luxury-rental-mc.com\/wp-content\/uploads\/2016\/05\/Location-de-voiture-Bastia-400x267.jpg 400w, https:\/\/luxury-rental-mc.com\/wp-content\/uploads\/2016\/05\/Location-de-voiture-Bastia-800x533.jpg 800w, https:\/\/luxury-rental-mc.com\/wp-content\/uploads\/2016\/05\/Location-de-voiture-Bastia-900x600.jpg 900w\" sizes=\"(max-width: 1024px) 100vw, 1024px\" itemprop=\"image\" \/><\/a>\n\t\t\t<\/dt><\/dl><dl class='gallery-item'>\n\t\t\t<dt class='gallery-icon landscape'>\n\t\t\t\t<a href='https:\/\/luxury-rental-mc.com\/wp-content\/uploads\/2016\/05\/Location-de-voiture-Ajaccio.jpg'><img width=\"1024\" height=\"683\" src=\"https:\/\/luxury-rental-mc.com\/wp-content\/uploads\/2016\/05\/Location-de-voiture-Ajaccio-1024x683.jpg\" class=\"attachment-large size-large\" alt=\"Location de voiture Ajaccio\" loading=\"lazy\" srcset=\"https:\/\/luxury-rental-mc.com\/wp-content\/uploads\/2016\/05\/Location-de-voiture-Ajaccio-1024x683.jpg 1024w, https:\/\/luxury-rental-mc.com\/wp-content\/uploads\/2016\/05\/Location-de-voiture-Ajaccio-300x200.jpg 300w, https:\/\/luxury-rental-mc.com\/wp-content\/uploads\/2016\/05\/Location-de-voiture-Ajaccio-768x512.jpg 768w, https:\/\/luxury-rental-mc.com\/wp-content\/uploads\/2016\/05\/Location-de-voiture-Ajaccio-150x100.jpg 150w, https:\/\/luxury-rental-mc.com\/wp-content\/uploads\/2016\/05\/Location-de-voiture-Ajaccio-400x267.jpg 400w, https:\/\/luxury-rental-mc.com\/wp-content\/uploads\/2016\/05\/Location-de-voiture-Ajaccio-800x533.jpg 800w, https:\/\/luxury-rental-mc.com\/wp-content\/uploads\/2016\/05\/Location-de-voiture-Ajaccio-900x600.jpg 900w\" sizes=\"(max-width: 1024px) 100vw, 1024px\" itemprop=\"image\" \/><\/a>\n\t\t\t<\/dt><\/dl><br style=\"clear: both\" \/>\n\t\t<\/div>\n\n<h3><\/h3>\n<h3><span style=\"font-size: 14pt;\"><strong>Un Large choix de location de v\u00e9hicules d\u2019Ajaccio \u00e0 Bastia<\/strong><\/span><\/h3>\n<p>Par ailleurs, la soci\u00e9t\u00e9 \u00e9tant soucieuse de satisfaire ses clients, Mc Luxury Rental vous propose la possibilit\u00e9 de disposer d&rsquo;un <strong>chauffeur priv\u00e9<\/strong> 7 jours\/7 et 24\/24h permettant de profiter pleinement de vos soir\u00e9es et s\u00e9jours \u00e0 bord de votre Ferrari, Lamborghini, McLaren, BMW ou encore Mercedes. En effet, les marques de voiture de luxe les plus r\u00e9put\u00e9es dans le monde sont disponibles mais aussi des marques de voitures moins exclusives telles Mercedes, Mini Cooper et BMW qui offrent \u00e9galement un service de qualit\u00e9. Vous pourrez ajouter \u00e0 toutes ces prestations un service de livraison et de transport de v\u00e9hicules partout en Europe tout au long de l&rsquo;ann\u00e9e. Notre \u00e9quipe experte vous accompagne dans votre choix de location de v\u00e9hicules en vous offrant les meilleurs conseils tout en respectant votre budget.<\/p>\n<p>Vous n&rsquo;avez plus aucune raison d&rsquo;h\u00e9siter !<\/p>\n<p>A bient\u00f4t chez Mc Luxury Rental.<\/p>\n<div><strong>Location Ferrari Corse (Bastia, Porto Vecchio, Ajaccio)<\/strong><\/div>\n<div><strong>Location Lamborghini Corse (Bastia, Porto Vecchio, Ajaccio)<\/strong><\/div>\n<div><\/div>\n<div>\n<p><span style=\"text-decoration: underline;\"><strong>D\u00e9couvrez les autres villes :<\/strong><\/span><\/p>\n<ul>\n<li><a href=\"https:\/\/luxury-rental-mc.com\/fr\/location-voiture-luxe\/barcelone\">Location Barcelone<\/a><\/li>\n<li><a href=\"https:\/\/luxury-rental-mc.com\/fr\/location-voiture-luxe\/cannes\">Location Cannes<\/a><\/li>\n<li><a href=\"https:\/\/luxury-rental-mc.com\/fr\/location-voiture-luxe\/marbella\">Location Marbella<\/a><\/li>\n<li><a href=\"https:\/\/luxury-rental-mc.com\/fr\/location-voiture-luxe\/milan\">Location Milan<\/a><\/li>\n<li><a href=\"https:\/\/luxury-rental-mc.com\/fr\/location-voiture-luxe\/monaco\">Location Monaco<\/a><\/li>\n<li><a href=\"https:\/\/luxury-rental-mc.com\/fr\/location-voiture-luxe\/nice\">Location Nice<\/a><\/li>\n<li><a href=\"https:\/\/luxury-rental-mc.com\/fr\/location-voiture-luxe\/rome\">Location Rome<\/a><\/li>\n<li><a href=\"https:\/\/luxury-rental-mc.com\/fr\/location-voiture-luxe\/saint-tropez\">Location Saint Tropez<\/a><\/li>\n<li><a href=\"https:\/\/luxury-rental-mc.com\/fr\/location-voiture-luxe\/toulon\">Location Toulon<\/a><\/li>\n<\/ul>\n<\/div>\n[\/vc_column_text][mk_padding_divider][\/vc_column][\/vc_row]\n","protected":false},"excerpt":{"rendered":"<p>[vc_row][vc_column][mk_fancy_title tag_name=\u00a0\u00bbh1&Prime; color=\u00a0\u00bb#000000&Prime; letter_spacing=\u00a0\u00bb4&Prime; margin_bottom=\u00a0\u00bb0&Prime; font_family=\u00a0\u00bbnone\u00a0\u00bb align=\u00a0\u00bbcenter\u00a0\u00bb] Location voiture de Luxe en Corse [\/mk_fancy_title][mk_divider style=\u00a0\u00bbthick_solid\u00a0\u00bb divider_width=\u00a0\u00bbcustom_width\u00a0\u00bb custom_width=\u00a0\u00bb50&Prime; border_color=\u00a0\u00bb#dd3333&Prime; margin_top=\u00a0\u00bb0&Prime; margin_bottom=\u00a0\u00bb0&Prime;][mk_padding_divider][\/vc_column][\/vc_row][vc_row][vc_column][vc_column_text css=\u00a0\u00bb.vc_custom_1651699216959{margin-bottom: 0px !important;}\u00a0\u00bb]Soci\u00e9t\u00e9 de location de v\u00e9hicules de luxe et de mise \u00e0 disposition de chauffeur particulier, Mc Luxury Rental, a d\u00e9j\u00e0 conquis de nombreux clients sur le continent europ\u00e9en et principalement dans le sud [&hellip;]<\/p>\n","protected":false},"author":1,"featured_media":0,"parent":8650,"menu_order":0,"comment_status":"closed","ping_status":"closed","template":"","meta":{"_monsterinsights_skip_tracking":false,"_monsterinsights_sitenote_active":false,"_monsterinsights_sitenote_note":"","_monsterinsights_sitenote_category":0},"yoast_head":"<!-- This site is optimized with the Yoast SEO plugin v20.3 - https:\/\/yoast.com\/wordpress\/plugins\/seo\/ -->\n<title>Location V\u00e9hicule de Luxe en Corse : Ferrari - Lamborghini - 4*4 | LR MC<\/title>\n<meta name=\"description\" content=\"Louer votre v\u00e9hicule de Luxe en Corse : Un large choix de marque de prestige \u00e0 des prix tr\u00e8s concurrentiel : Ferrari - Lamborghini - Maserati- Bentley- 4*4\" \/>\n<meta name=\"robots\" content=\"index, follow, max-snippet:-1, max-image-preview:large, max-video-preview:-1\" \/>\n<link rel=\"canonical\" href=\"https:\/\/luxury-rental-mc.com\/fr\/location-voiture-luxe\/location-corse\/\" \/>\n<meta property=\"og:locale\" content=\"fr_FR\" \/>\n<meta property=\"og:type\" content=\"article\" \/>\n<meta property=\"og:title\" content=\"Location V\u00e9hicule de Luxe en Corse : Ferrari - Lamborghini - 4*4 | LR MC\" \/>\n<meta property=\"og:description\" content=\"Louer votre v\u00e9hicule de Luxe en Corse : Un large choix de marque de prestige \u00e0 des prix tr\u00e8s concurrentiel : Ferrari - Lamborghini - Maserati- Bentley- 4*4\" \/>\n<meta property=\"og:url\" content=\"https:\/\/luxury-rental-mc.com\/fr\/location-voiture-luxe\/location-corse\/\" \/>\n<meta property=\"og:site_name\" content=\"Luxury Car Rentals | Monaco, Nice, Cannes, Saint-Tropez\" \/>\n<meta property=\"article:modified_time\" content=\"2022-05-04T21:20:52+00:00\" \/>\n<meta property=\"og:image\" content=\"https:\/\/luxury-rental-mc.com\/wp-content\/uploads\/2016\/05\/Location-de-voiture-Corse-300x225.jpg\" \/>\n<meta name=\"twitter:label1\" content=\"Dur\u00e9e de lecture estim\u00e9e\" \/>\n\t<meta name=\"twitter:data1\" content=\"3 minutes\" \/>\n<script type=\"application\/ld+json\" class=\"yoast-schema-graph\">{\"@context\":\"https:\/\/schema.org\",\"@graph\":[{\"@type\":\"WebPage\",\"@id\":\"https:\/\/luxury-rental-mc.com\/fr\/location-voiture-luxe\/location-corse\/\",\"url\":\"https:\/\/luxury-rental-mc.com\/fr\/location-voiture-luxe\/location-corse\/\",\"name\":\"Location V\u00e9hicule de Luxe en Corse : Ferrari - Lamborghini - 4*4 | LR MC\",\"isPartOf\":{\"@id\":\"https:\/\/luxury-rental-mc.com\/#website\"},\"datePublished\":\"2016-05-08T13:27:33+00:00\",\"dateModified\":\"2022-05-04T21:20:52+00:00\",\"description\":\"Louer votre v\u00e9hicule de Luxe en Corse : Un large choix de marque de prestige \u00e0 des prix tr\u00e8s concurrentiel : Ferrari - Lamborghini - Maserati- Bentley- 4*4\",\"breadcrumb\":{\"@id\":\"https:\/\/luxury-rental-mc.com\/fr\/location-voiture-luxe\/location-corse\/#breadcrumb\"},\"inLanguage\":\"fr-FR\",\"potentialAction\":[{\"@type\":\"ReadAction\",\"target\":[\"https:\/\/luxury-rental-mc.com\/fr\/location-voiture-luxe\/location-corse\/\"]}]},{\"@type\":\"BreadcrumbList\",\"@id\":\"https:\/\/luxury-rental-mc.com\/fr\/location-voiture-luxe\/location-corse\/#breadcrumb\",\"itemListElement\":[{\"@type\":\"ListItem\",\"position\":1,\"name\":\"Accueil\",\"item\":\"https:\/\/luxury-rental-mc.com\/fr\/\"},{\"@type\":\"ListItem\",\"position\":2,\"name\":\"Location\",\"item\":\"https:\/\/luxury-rental-mc.com\/fr\/location-voiture-luxe\/\"},{\"@type\":\"ListItem\",\"position\":3,\"name\":\"Location Corse\"}]},{\"@type\":\"WebSite\",\"@id\":\"https:\/\/luxury-rental-mc.com\/#website\",\"url\":\"https:\/\/luxury-rental-mc.com\/\",\"name\":\"Luxury Car Rentals | Monaco, Nice, Cannes, Saint-Tropez\",\"description\":\"Rent the finest brands : Porsche, Ferrari, Lamborghini, Mercedes...\",\"potentialAction\":[{\"@type\":\"SearchAction\",\"target\":{\"@type\":\"EntryPoint\",\"urlTemplate\":\"https:\/\/luxury-rental-mc.com\/?s={search_term_string}\"},\"query-input\":\"required name=search_term_string\"}],\"inLanguage\":\"fr-FR\"}]}<\/script>\n<!-- \/ Yoast SEO plugin. -->","yoast_head_json":{"title":"Location V\u00e9hicule de Luxe en Corse : Ferrari - Lamborghini - 4*4 | LR MC","description":"Louer votre v\u00e9hicule de Luxe en Corse : Un large choix de marque de prestige \u00e0 des prix tr\u00e8s concurrentiel : Ferrari - Lamborghini - Maserati- Bentley- 4*4","robots":{"index":"index","follow":"follow","max-snippet":"max-snippet:-1","max-image-preview":"max-image-preview:large","max-video-preview":"max-video-preview:-1"},"canonical":"https:\/\/luxury-rental-mc.com\/fr\/location-voiture-luxe\/location-corse\/","og_locale":"fr_FR","og_type":"article","og_title":"Location V\u00e9hicule de Luxe en Corse : Ferrari - Lamborghini - 4*4 | LR MC","og_description":"Louer votre v\u00e9hicule de Luxe en Corse : Un large choix de marque de prestige \u00e0 des prix tr\u00e8s concurrentiel : Ferrari - Lamborghini - Maserati- Bentley- 4*4","og_url":"https:\/\/luxury-rental-mc.com\/fr\/location-voiture-luxe\/location-corse\/","og_site_name":"Luxury Car Rentals | Monaco, Nice, Cannes, Saint-Tropez","article_modified_time":"2022-05-04T21:20:52+00:00","og_image":[{"url":"https:\/\/luxury-rental-mc.com\/wp-content\/uploads\/2016\/05\/Location-de-voiture-Corse-300x225.jpg"}],"twitter_misc":{"Dur\u00e9e de lecture estim\u00e9e":"3 minutes"},"schema":{"@context":"https:\/\/schema.org","@graph":[{"@type":"WebPage","@id":"https:\/\/luxury-rental-mc.com\/fr\/location-voiture-luxe\/location-corse\/","url":"https:\/\/luxury-rental-mc.com\/fr\/location-voiture-luxe\/location-corse\/","name":"Location V\u00e9hicule de Luxe en Corse : Ferrari - Lamborghini - 4*4 | LR MC","isPartOf":{"@id":"https:\/\/luxury-rental-mc.com\/#website"},"datePublished":"2016-05-08T13:27:33+00:00","dateModified":"2022-05-04T21:20:52+00:00","description":"Louer votre v\u00e9hicule de Luxe en Corse : Un large choix de marque de prestige \u00e0 des prix tr\u00e8s concurrentiel : Ferrari - Lamborghini - Maserati- Bentley- 4*4","breadcrumb":{"@id":"https:\/\/luxury-rental-mc.com\/fr\/location-voiture-luxe\/location-corse\/#breadcrumb"},"inLanguage":"fr-FR","potentialAction":[{"@type":"ReadAction","target":["https:\/\/luxury-rental-mc.com\/fr\/location-voiture-luxe\/location-corse\/"]}]},{"@type":"BreadcrumbList","@id":"https:\/\/luxury-rental-mc.com\/fr\/location-voiture-luxe\/location-corse\/#breadcrumb","itemListElement":[{"@type":"ListItem","position":1,"name":"Accueil","item":"https:\/\/luxury-rental-mc.com\/fr\/"},{"@type":"ListItem","position":2,"name":"Location","item":"https:\/\/luxury-rental-mc.com\/fr\/location-voiture-luxe\/"},{"@type":"ListItem","position":3,"name":"Location Corse"}]},{"@type":"WebSite","@id":"https:\/\/luxury-rental-mc.com\/#website","url":"https:\/\/luxury-rental-mc.com\/","name":"Luxury Car Rentals | Monaco, Nice, Cannes, Saint-Tropez","description":"Rent the finest brands : Porsche, Ferrari, Lamborghini, Mercedes...","potentialAction":[{"@type":"SearchAction","target":{"@type":"EntryPoint","urlTemplate":"https:\/\/luxury-rental-mc.com\/?s={search_term_string}"},"query-input":"required name=search_term_string"}],"inLanguage":"fr-FR"}]}},"_links":{"self":[{"href":"https:\/\/luxury-rental-mc.com\/fr\/wp-json\/wp\/v2\/pages\/7695\/"}],"collection":[{"href":"https:\/\/luxury-rental-mc.com\/fr\/wp-json\/wp\/v2\/pages\/"}],"about":[{"href":"https:\/\/luxury-rental-mc.com\/fr\/wp-json\/wp\/v2\/types\/page\/"}],"author":[{"embeddable":true,"href":"https:\/\/luxury-rental-mc.com\/fr\/wp-json\/wp\/v2\/users\/1\/"}],"replies":[{"embeddable":true,"href":"https:\/\/luxury-rental-mc.com\/fr\/wp-json\/wp\/v2\/comments\/?post=7695"}],"version-history":[{"count":18,"href":"https:\/\/luxury-rental-mc.com\/fr\/wp-json\/wp\/v2\/pages\/7695\/revisions\/"}],"predecessor-version":[{"id":117191,"href":"https:\/\/luxury-rental-mc.com\/fr\/wp-json\/wp\/v2\/pages\/7695\/revisions\/117191\/"}],"up":[{"embeddable":true,"href":"https:\/\/luxury-rental-mc.com\/fr\/wp-json\/wp\/v2\/pages\/8650\/"}],"wp:attachment":[{"href":"https:\/\/luxury-rental-mc.com\/fr\/wp-json\/wp\/v2\/media\/?parent=7695"}],"curies":[{"name":"wp","href":"https:\/\/api.w.org\/{rel}","templated":true}]}}