{"id":7817,"date":"2016-06-13T10:14:09","date_gmt":"2016-06-13T08:14:09","guid":{"rendered":"https:\/\/luxury-rental-mc.com\/fr\/?page_id=7817"},"modified":"2021-05-05T17:48:31","modified_gmt":"2021-05-05T15:48:31","slug":"mini-cooper-cabriolet","status":"publish","type":"page","link":"https:\/\/luxury-rental-mc.com\/fr\/location-voiture\/mini-cooper-cabriolet\/","title":{"rendered":"Mini Cooper Cabriolet"},"content":{"rendered":"[vc_row][vc_column width=\u00a0\u00bb2\/3&Prime;][mk_title_box size=\u00a0\u00bb16&Prime; letter_spacing=\u00a0\u00bb4&Prime; margin_bottom=\u00a0\u00bb0&Prime; font_family=\u00a0\u00bbnone\u00a0\u00bb]\n<h1><span style=\"font-size: 14pt;\">Location\u00a0Mini Cooper Cabriolet<\/span><\/h1>\n[\/mk_title_box][mk_swipe_slideshow images=\u00a0\u00bb12442,12448,12444&Prime; image_width=\u00a0\u00bb750&Prime; image_height=\u00a0\u00bb380&Prime;][vc_column_text]\n<div style=\"text-align: justify;\">L&rsquo;Esprit Mini !!<br \/>\nLa Mini Cooper cabriolet est l&rsquo;une des citadines incontournables, depuis des ann\u00e9es et encore aujourd&rsquo;hui.<br \/>\nLes mots \u00e0 retenir \u00e0 propos de ce v\u00e9hicule sont design, rapidit\u00e9 et efficacit\u00e9, avec un comportement efficace sur route comme en ville digne des plus grandes la Mini Cooper cabriolet a su garder au travers des \u00e2ges son c\u00f4t\u00e9 aventurier afin de vous laisser profiter de l&rsquo;instant pr\u00e9sent.<\/div>\n[\/vc_column_text][\/vc_column][vc_column width=\u00a0\u00bb1\/3&Prime;][mk_padding_divider size=\u00a0\u00bb12&Prime;][mk_title_box size=\u00a0\u00bb16&Prime; letter_spacing=\u00a0\u00bb4&Prime; margin_bottom=\u00a0\u00bb0&Prime; font_family=\u00a0\u00bbnone\u00a0\u00bb]\n<h2><span style=\"font-size: 14pt;\">Tarifs<\/span><\/h2>\n[\/mk_title_box][vc_table vc_table_theme=\u00a0\u00bbsimple_pink\u00a0\u00bb][align-left]Journ%C3%A9e%20(150%20Km),[align-left]300%E2%82%AC|[b;align-left]3%20Jours%20(500%20km),[align-left]850%E2%82%AC|[b;align-left]5%20Jours%20(750%20Km),[align-left]1400%E2%82%AC|[b;align-left]Jour%20supp.,[align-left]200%E2%82%AC[\/vc_table][mk_button dimension=\u00a0\u00bboutline\u00a0\u00bb size=\u00a0\u00bblarge\u00a0\u00bb icon=\u00a0\u00bbmk-li-call\u00a0\u00bb url=\u00a0\u00bbhttps:\/\/luxury-rental-mc.com\/fr\/contact\/\u00a0\u00bb align=\u00a0\u00bbcenter\u00a0\u00bb fullwidth=\u00a0\u00bbtrue\u00a0\u00bb visibility=\u00a0\u00bbhidden-sm\u00a0\u00bb]R\u00e9servation +33762841105[\/mk_button][mk_button dimension=\u00a0\u00bboutline\u00a0\u00bb size=\u00a0\u00bblarge\u00a0\u00bb icon=\u00a0\u00bbmk-li-call\u00a0\u00bb url=\u00a0\u00bbtel:+33762841105&Prime; align=\u00a0\u00bbcenter\u00a0\u00bb fullwidth=\u00a0\u00bbtrue\u00a0\u00bb visibility=\u00a0\u00bbhidden-dt\u00a0\u00bb]Reservation[\/mk_button][vc_column_text]Marque\u00a0:\u00a0Mini Cooper<br \/>\nMod\u00e8le :\u00a0Cabriolet<br \/>\nNombre de places :\u00a05<br \/>\nPuissance : n\/b\u00a0Ch<br \/>\nCylindr\u00e9e\u00a0: n\/b cm3<br \/>\nVitesse\u00a0max : n\/b Km\/h<br \/>\nConsommation Mixte\u00a0: n\/b\u00a0\/100 km<br \/>\nAge minimum\u00a0:\u00a018 ans[\/vc_column_text][\/vc_column][\/vc_row][vc_row fullwidth=\u00a0\u00bbtrue\u00a0\u00bb][vc_column][mk_clients clients=\u00a0\u00bb7183,7187,7173,7185,7177,7175,7179,7181,7189&Prime;][\/vc_column][\/vc_row]\n","protected":false},"excerpt":{"rendered":"<p>[vc_row][vc_column width=\u00a0\u00bb2\/3&Prime;][mk_title_box size=\u00a0\u00bb16&Prime; letter_spacing=\u00a0\u00bb4&Prime; margin_bottom=\u00a0\u00bb0&Prime; font_family=\u00a0\u00bbnone\u00a0\u00bb] Location\u00a0Mini Cooper Cabriolet [\/mk_title_box][mk_swipe_slideshow images=\u00a0\u00bb12442,12448,12444&Prime; image_width=\u00a0\u00bb750&Prime; image_height=\u00a0\u00bb380&Prime;][vc_column_text] L&rsquo;Esprit Mini !! La Mini Cooper cabriolet est l&rsquo;une des citadines incontournables, depuis des ann\u00e9es et encore aujourd&rsquo;hui. Les mots \u00e0 retenir \u00e0 propos de ce v\u00e9hicule sont design, rapidit\u00e9 et efficacit\u00e9, avec un comportement efficace sur route comme en ville digne [&hellip;]<\/p>\n","protected":false},"author":1,"featured_media":0,"parent":7038,"menu_order":0,"comment_status":"closed","ping_status":"closed","template":"","meta":{"_monsterinsights_skip_tracking":false,"_monsterinsights_sitenote_active":false,"_monsterinsights_sitenote_note":"","_monsterinsights_sitenote_category":0},"yoast_head":"<!-- This site is optimized with the Yoast SEO plugin v20.3 - https:\/\/yoast.com\/wordpress\/plugins\/seo\/ -->\n<title>Location de Mini Cabriolet Nice, Louer voiture Cannes - LR MC<\/title>\n<meta name=\"description\" content=\"Location de Mini Cabriolet \u00e0 Nice Cannes, Monaco un magnifique cabriolet pour rouler l&#039;\u00e9t\u00e9 sur la c\u00f4te d&#039;azur ! Contactez nous +33 762841105\" \/>\n<meta name=\"robots\" content=\"index, follow, max-snippet:-1, max-image-preview:large, max-video-preview:-1\" \/>\n<link rel=\"canonical\" href=\"https:\/\/luxury-rental-mc.com\/fr\/location-voiture\/mini-cooper-cabriolet\/\" \/>\n<meta property=\"og:locale\" content=\"fr_FR\" \/>\n<meta property=\"og:type\" content=\"article\" \/>\n<meta property=\"og:title\" content=\"Location de Mini Cabriolet Nice, Louer voiture Cannes - LR MC\" \/>\n<meta property=\"og:description\" content=\"Location de Mini Cabriolet \u00e0 Nice Cannes, Monaco un magnifique cabriolet pour rouler l&#039;\u00e9t\u00e9 sur la c\u00f4te d&#039;azur ! Contactez nous +33 762841105\" \/>\n<meta property=\"og:url\" content=\"https:\/\/luxury-rental-mc.com\/fr\/location-voiture\/mini-cooper-cabriolet\/\" \/>\n<meta property=\"og:site_name\" content=\"Luxury Car Rentals | Monaco, Nice, Cannes, Saint-Tropez\" \/>\n<meta property=\"article:modified_time\" content=\"2021-05-05T15:48:31+00:00\" \/>\n<meta name=\"twitter:label1\" content=\"Dur\u00e9e de lecture estim\u00e9e\" \/>\n\t<meta name=\"twitter:data1\" content=\"1 minute\" \/>\n<script type=\"application\/ld+json\" class=\"yoast-schema-graph\">{\"@context\":\"https:\/\/schema.org\",\"@graph\":[{\"@type\":\"WebPage\",\"@id\":\"https:\/\/luxury-rental-mc.com\/fr\/location-voiture\/mini-cooper-cabriolet\/\",\"url\":\"https:\/\/luxury-rental-mc.com\/fr\/location-voiture\/mini-cooper-cabriolet\/\",\"name\":\"Location de Mini Cabriolet Nice, Louer voiture Cannes - LR MC\",\"isPartOf\":{\"@id\":\"https:\/\/luxury-rental-mc.com\/#website\"},\"datePublished\":\"2016-06-13T08:14:09+00:00\",\"dateModified\":\"2021-05-05T15:48:31+00:00\",\"description\":\"Location de Mini Cabriolet \u00e0 Nice Cannes, Monaco un magnifique cabriolet pour rouler l'\u00e9t\u00e9 sur la c\u00f4te d'azur ! Contactez nous +33 762841105\",\"breadcrumb\":{\"@id\":\"https:\/\/luxury-rental-mc.com\/fr\/location-voiture\/mini-cooper-cabriolet\/#breadcrumb\"},\"inLanguage\":\"fr-FR\",\"potentialAction\":[{\"@type\":\"ReadAction\",\"target\":[\"https:\/\/luxury-rental-mc.com\/fr\/location-voiture\/mini-cooper-cabriolet\/\"]}]},{\"@type\":\"BreadcrumbList\",\"@id\":\"https:\/\/luxury-rental-mc.com\/fr\/location-voiture\/mini-cooper-cabriolet\/#breadcrumb\",\"itemListElement\":[{\"@type\":\"ListItem\",\"position\":1,\"name\":\"Accueil\",\"item\":\"https:\/\/luxury-rental-mc.com\/fr\/\"},{\"@type\":\"ListItem\",\"position\":2,\"name\":\"Location\",\"item\":\"https:\/\/luxury-rental-mc.com\/fr\/location-voiture\/\"},{\"@type\":\"ListItem\",\"position\":3,\"name\":\"Mini Cooper Cabriolet\"}]},{\"@type\":\"WebSite\",\"@id\":\"https:\/\/luxury-rental-mc.com\/#website\",\"url\":\"https:\/\/luxury-rental-mc.com\/\",\"name\":\"Luxury Car Rentals | Monaco, Nice, Cannes, Saint-Tropez\",\"description\":\"Rent the finest brands : Porsche, Ferrari, Lamborghini, Mercedes...\",\"potentialAction\":[{\"@type\":\"SearchAction\",\"target\":{\"@type\":\"EntryPoint\",\"urlTemplate\":\"https:\/\/luxury-rental-mc.com\/?s={search_term_string}\"},\"query-input\":\"required name=search_term_string\"}],\"inLanguage\":\"fr-FR\"}]}<\/script>\n<!-- \/ Yoast SEO plugin. -->","yoast_head_json":{"title":"Location de Mini Cabriolet Nice, Louer voiture Cannes - LR MC","description":"Location de Mini Cabriolet \u00e0 Nice Cannes, Monaco un magnifique cabriolet pour rouler l'\u00e9t\u00e9 sur la c\u00f4te d'azur ! Contactez nous +33 762841105","robots":{"index":"index","follow":"follow","max-snippet":"max-snippet:-1","max-image-preview":"max-image-preview:large","max-video-preview":"max-video-preview:-1"},"canonical":"https:\/\/luxury-rental-mc.com\/fr\/location-voiture\/mini-cooper-cabriolet\/","og_locale":"fr_FR","og_type":"article","og_title":"Location de Mini Cabriolet Nice, Louer voiture Cannes - LR MC","og_description":"Location de Mini Cabriolet \u00e0 Nice Cannes, Monaco un magnifique cabriolet pour rouler l'\u00e9t\u00e9 sur la c\u00f4te d'azur ! Contactez nous +33 762841105","og_url":"https:\/\/luxury-rental-mc.com\/fr\/location-voiture\/mini-cooper-cabriolet\/","og_site_name":"Luxury Car Rentals | Monaco, Nice, Cannes, Saint-Tropez","article_modified_time":"2021-05-05T15:48:31+00:00","twitter_misc":{"Dur\u00e9e de lecture estim\u00e9e":"1 minute"},"schema":{"@context":"https:\/\/schema.org","@graph":[{"@type":"WebPage","@id":"https:\/\/luxury-rental-mc.com\/fr\/location-voiture\/mini-cooper-cabriolet\/","url":"https:\/\/luxury-rental-mc.com\/fr\/location-voiture\/mini-cooper-cabriolet\/","name":"Location de Mini Cabriolet Nice, Louer voiture Cannes - LR MC","isPartOf":{"@id":"https:\/\/luxury-rental-mc.com\/#website"},"datePublished":"2016-06-13T08:14:09+00:00","dateModified":"2021-05-05T15:48:31+00:00","description":"Location de Mini Cabriolet \u00e0 Nice Cannes, Monaco un magnifique cabriolet pour rouler l'\u00e9t\u00e9 sur la c\u00f4te d'azur ! Contactez nous +33 762841105","breadcrumb":{"@id":"https:\/\/luxury-rental-mc.com\/fr\/location-voiture\/mini-cooper-cabriolet\/#breadcrumb"},"inLanguage":"fr-FR","potentialAction":[{"@type":"ReadAction","target":["https:\/\/luxury-rental-mc.com\/fr\/location-voiture\/mini-cooper-cabriolet\/"]}]},{"@type":"BreadcrumbList","@id":"https:\/\/luxury-rental-mc.com\/fr\/location-voiture\/mini-cooper-cabriolet\/#breadcrumb","itemListElement":[{"@type":"ListItem","position":1,"name":"Accueil","item":"https:\/\/luxury-rental-mc.com\/fr\/"},{"@type":"ListItem","position":2,"name":"Location","item":"https:\/\/luxury-rental-mc.com\/fr\/location-voiture\/"},{"@type":"ListItem","position":3,"name":"Mini Cooper Cabriolet"}]},{"@type":"WebSite","@id":"https:\/\/luxury-rental-mc.com\/#website","url":"https:\/\/luxury-rental-mc.com\/","name":"Luxury Car Rentals | Monaco, Nice, Cannes, Saint-Tropez","description":"Rent the finest brands : Porsche, Ferrari, Lamborghini, Mercedes...","potentialAction":[{"@type":"SearchAction","target":{"@type":"EntryPoint","urlTemplate":"https:\/\/luxury-rental-mc.com\/?s={search_term_string}"},"query-input":"required name=search_term_string"}],"inLanguage":"fr-FR"}]}},"_links":{"self":[{"href":"https:\/\/luxury-rental-mc.com\/fr\/wp-json\/wp\/v2\/pages\/7817\/"}],"collection":[{"href":"https:\/\/luxury-rental-mc.com\/fr\/wp-json\/wp\/v2\/pages\/"}],"about":[{"href":"https:\/\/luxury-rental-mc.com\/fr\/wp-json\/wp\/v2\/types\/page\/"}],"author":[{"embeddable":true,"href":"https:\/\/luxury-rental-mc.com\/fr\/wp-json\/wp\/v2\/users\/1\/"}],"replies":[{"embeddable":true,"href":"https:\/\/luxury-rental-mc.com\/fr\/wp-json\/wp\/v2\/comments\/?post=7817"}],"version-history":[{"count":7,"href":"https:\/\/luxury-rental-mc.com\/fr\/wp-json\/wp\/v2\/pages\/7817\/revisions\/"}],"predecessor-version":[{"id":80242,"href":"https:\/\/luxury-rental-mc.com\/fr\/wp-json\/wp\/v2\/pages\/7817\/revisions\/80242\/"}],"up":[{"embeddable":true,"href":"https:\/\/luxury-rental-mc.com\/fr\/wp-json\/wp\/v2\/pages\/7038\/"}],"wp:attachment":[{"href":"https:\/\/luxury-rental-mc.com\/fr\/wp-json\/wp\/v2\/media\/?parent=7817"}],"curies":[{"name":"wp","href":"https:\/\/api.w.org\/{rel}","templated":true}]}}