{"id":7846,"date":"2016-06-20T10:01:45","date_gmt":"2016-06-20T08:01:45","guid":{"rendered":"https:\/\/luxury-rental-mc.com\/fr\/?page_id=7846"},"modified":"2020-07-24T12:46:57","modified_gmt":"2020-07-24T10:46:57","slug":"porsche-cayenne-diesel","status":"publish","type":"page","link":"https:\/\/luxury-rental-mc.com\/fr\/location-voiture\/porsche-cayenne-diesel\/","title":{"rendered":"Porsche Cayenne Diesel"},"content":{"rendered":"[vc_row][vc_column width=\u00a0\u00bb2\/3&Prime;][mk_title_box size=\u00a0\u00bb16&Prime; letter_spacing=\u00a0\u00bb4&Prime; margin_bottom=\u00a0\u00bb0&Prime; font_family=\u00a0\u00bbnone\u00a0\u00bb]\n<h1><span style=\"font-size: 14pt;\">Location Porsche Cayenne\u00a0<\/span><\/h1>\n[\/mk_title_box][mk_swipe_slideshow images=\u00a0\u00bb48594,48596,48598&Prime; image_width=\u00a0\u00bb750&Prime; image_height=\u00a0\u00bb380&Prime;][vc_column_text]\n<div style=\"text-align: justify;\">Tant de chose \u00e0 dire sur le <span class=\"il\">Porsche<\/span> <span class=\"il\">Cayenne<\/span>, comme sa s\u0153ur la <span class=\"il\">Porsche<\/span> Panamera, il a su concilier les diff\u00e9rentes exigences de ses clients, \u00a0par son exp\u00e9rience <span class=\"il\">Porsche<\/span> a su optimiser l&rsquo;espace int\u00e9rieur et r\u00e9ussi \u00e0 redonner \u00e0 ce SUV 4&#215;4 la place de leader du SUV de luxe,\u00a0un espace dynamique et confortable tout en restant luxueux et sportif \u00e0 la fois. La\u00a0pr\u00e9sence de nombreuses nouvelles technologies ne vous laissera pas indiff\u00e9rent le <span class=\"il\">Porsche<\/span> <span class=\"il\">Cayenne<\/span> sera votre compagnon id\u00e9al gr\u00e2ce \u00e0 son efficacit\u00e9.<\/div>\n[\/vc_column_text][\/vc_column][vc_column width=\u00a0\u00bb1\/3&Prime;][mk_padding_divider size=\u00a0\u00bb12&Prime;][mk_title_box size=\u00a0\u00bb16&Prime; letter_spacing=\u00a0\u00bb4&Prime; margin_bottom=\u00a0\u00bb0&Prime; font_family=\u00a0\u00bbnone\u00a0\u00bb]\n<h2><span style=\"font-size: 14pt;\">Tarifs<\/span><\/h2>\n[\/mk_title_box][vc_table vc_table_theme=\u00a0\u00bbsimple_pink\u00a0\u00bb][align-left]Journ%C3%A9e%20(150%20Km),[align-left]450%E2%82%AC|[b;align-left]3%20Jours%20(500%20km),[align-left]1200%E2%82%AC|[b;align-left]5%20Jours%20(750%20Km),[align-left]1700%E2%82%AC|[b;align-left]Jour%20supp.,[align-left]375%E2%82%AC[\/vc_table][mk_button dimension=\u00a0\u00bboutline\u00a0\u00bb size=\u00a0\u00bblarge\u00a0\u00bb icon=\u00a0\u00bbmk-li-call\u00a0\u00bb url=\u00a0\u00bbhttps:\/\/luxury-rental-mc.com\/fr\/contact\/\u00a0\u00bb align=\u00a0\u00bbcenter\u00a0\u00bb fullwidth=\u00a0\u00bbtrue\u00a0\u00bb visibility=\u00a0\u00bbhidden-sm\u00a0\u00bb]R\u00e9servation +33762841105[\/mk_button][mk_button dimension=\u00a0\u00bboutline\u00a0\u00bb size=\u00a0\u00bblarge\u00a0\u00bb icon=\u00a0\u00bbmk-li-call\u00a0\u00bb url=\u00a0\u00bbtel:+33762841105&Prime; align=\u00a0\u00bbcenter\u00a0\u00bb fullwidth=\u00a0\u00bbtrue\u00a0\u00bb visibility=\u00a0\u00bbhidden-dt\u00a0\u00bb]Reservation[\/mk_button][vc_column_text]Marque\u00a0:\u00a0Porsche<br \/>\nMod\u00e8le :\u00a0Cayenne<br \/>\nNombre de places :\u00a05<br \/>\nPuissance : 262\u00a0Ch<br \/>\nCylindr\u00e9e\u00a0: 2967\u00a0cm3<br \/>\nVitesse\u00a0max : 221\u00a0Km\/h<br \/>\nConsommation Mixte\u00a0: 6.6\u00a0l \/100 km<br \/>\nAge minimum\u00a0:\u00a018 ans[\/vc_column_text][\/vc_column][\/vc_row][vc_row fullwidth=\u00a0\u00bbtrue\u00a0\u00bb][vc_column][mk_clients clients=\u00a0\u00bb7183,7187,7173,7185,7177,7175,7179,7181,7189&Prime;][\/vc_column][\/vc_row]\n","protected":false},"excerpt":{"rendered":"<p>[vc_row][vc_column width=\u00a0\u00bb2\/3&Prime;][mk_title_box size=\u00a0\u00bb16&Prime; letter_spacing=\u00a0\u00bb4&Prime; margin_bottom=\u00a0\u00bb0&Prime; font_family=\u00a0\u00bbnone\u00a0\u00bb] Location Porsche Cayenne\u00a0 [\/mk_title_box][mk_swipe_slideshow images=\u00a0\u00bb48594,48596,48598&Prime; image_width=\u00a0\u00bb750&Prime; image_height=\u00a0\u00bb380&Prime;][vc_column_text] Tant de chose \u00e0 dire sur le Porsche Cayenne, comme sa s\u0153ur la Porsche Panamera, il a su concilier les diff\u00e9rentes exigences de ses clients, \u00a0par son exp\u00e9rience Porsche a su optimiser l&rsquo;espace int\u00e9rieur et r\u00e9ussi \u00e0 redonner \u00e0 ce SUV 4&#215;4 [&hellip;]<\/p>\n","protected":false},"author":1,"featured_media":0,"parent":7038,"menu_order":0,"comment_status":"closed","ping_status":"closed","template":"","meta":{"_monsterinsights_skip_tracking":false,"_monsterinsights_sitenote_active":false,"_monsterinsights_sitenote_note":"","_monsterinsights_sitenote_category":0},"yoast_head":"<!-- This site is optimized with the Yoast SEO plugin v20.3 - https:\/\/yoast.com\/wordpress\/plugins\/seo\/ -->\n<title>Location 4x4, Louer Porsche Cayenne France - LR MC<\/title>\n<meta name=\"description\" content=\"Louer votre 4x4 pour vos vacances d&#039;hiver, Courchevel, Meribel, Alpe D&#039;huez, Des SUV compactes, puissants et spacieux, Reservez votre location de SUV\" \/>\n<meta name=\"robots\" content=\"index, follow, max-snippet:-1, max-image-preview:large, max-video-preview:-1\" \/>\n<link rel=\"canonical\" href=\"https:\/\/luxury-rental-mc.com\/fr\/location-voiture\/porsche-cayenne-diesel\/\" \/>\n<meta property=\"og:locale\" content=\"fr_FR\" \/>\n<meta property=\"og:type\" content=\"article\" \/>\n<meta property=\"og:title\" content=\"Location 4x4, Louer Porsche Cayenne France - LR MC\" \/>\n<meta property=\"og:description\" content=\"Louer votre 4x4 pour vos vacances d&#039;hiver, Courchevel, Meribel, Alpe D&#039;huez, Des SUV compactes, puissants et spacieux, Reservez votre location de SUV\" \/>\n<meta property=\"og:url\" content=\"https:\/\/luxury-rental-mc.com\/fr\/location-voiture\/porsche-cayenne-diesel\/\" \/>\n<meta property=\"og:site_name\" content=\"Luxury Car Rentals | Monaco, Nice, Cannes, Saint-Tropez\" \/>\n<meta property=\"article:modified_time\" content=\"2020-07-24T10:46:57+00:00\" \/>\n<meta name=\"twitter:label1\" content=\"Dur\u00e9e de lecture estim\u00e9e\" \/>\n\t<meta name=\"twitter:data1\" content=\"1 minute\" \/>\n<script type=\"application\/ld+json\" class=\"yoast-schema-graph\">{\"@context\":\"https:\/\/schema.org\",\"@graph\":[{\"@type\":\"WebPage\",\"@id\":\"https:\/\/luxury-rental-mc.com\/fr\/location-voiture\/porsche-cayenne-diesel\/\",\"url\":\"https:\/\/luxury-rental-mc.com\/fr\/location-voiture\/porsche-cayenne-diesel\/\",\"name\":\"Location 4x4, Louer Porsche Cayenne France - LR MC\",\"isPartOf\":{\"@id\":\"https:\/\/luxury-rental-mc.com\/#website\"},\"datePublished\":\"2016-06-20T08:01:45+00:00\",\"dateModified\":\"2020-07-24T10:46:57+00:00\",\"description\":\"Louer votre 4x4 pour vos vacances d'hiver, Courchevel, Meribel, Alpe D'huez, Des SUV compactes, puissants et spacieux, Reservez votre location de SUV\",\"breadcrumb\":{\"@id\":\"https:\/\/luxury-rental-mc.com\/fr\/location-voiture\/porsche-cayenne-diesel\/#breadcrumb\"},\"inLanguage\":\"fr-FR\",\"potentialAction\":[{\"@type\":\"ReadAction\",\"target\":[\"https:\/\/luxury-rental-mc.com\/fr\/location-voiture\/porsche-cayenne-diesel\/\"]}]},{\"@type\":\"BreadcrumbList\",\"@id\":\"https:\/\/luxury-rental-mc.com\/fr\/location-voiture\/porsche-cayenne-diesel\/#breadcrumb\",\"itemListElement\":[{\"@type\":\"ListItem\",\"position\":1,\"name\":\"Accueil\",\"item\":\"https:\/\/luxury-rental-mc.com\/fr\/\"},{\"@type\":\"ListItem\",\"position\":2,\"name\":\"Location\",\"item\":\"https:\/\/luxury-rental-mc.com\/fr\/location-voiture\/\"},{\"@type\":\"ListItem\",\"position\":3,\"name\":\"Porsche Cayenne Diesel\"}]},{\"@type\":\"WebSite\",\"@id\":\"https:\/\/luxury-rental-mc.com\/#website\",\"url\":\"https:\/\/luxury-rental-mc.com\/\",\"name\":\"Luxury Car Rentals | Monaco, Nice, Cannes, Saint-Tropez\",\"description\":\"Rent the finest brands : Porsche, Ferrari, Lamborghini, Mercedes...\",\"potentialAction\":[{\"@type\":\"SearchAction\",\"target\":{\"@type\":\"EntryPoint\",\"urlTemplate\":\"https:\/\/luxury-rental-mc.com\/?s={search_term_string}\"},\"query-input\":\"required name=search_term_string\"}],\"inLanguage\":\"fr-FR\"}]}<\/script>\n<!-- \/ Yoast SEO plugin. -->","yoast_head_json":{"title":"Location 4x4, Louer Porsche Cayenne France - LR MC","description":"Louer votre 4x4 pour vos vacances d'hiver, Courchevel, Meribel, Alpe D'huez, Des SUV compactes, puissants et spacieux, Reservez votre location de SUV","robots":{"index":"index","follow":"follow","max-snippet":"max-snippet:-1","max-image-preview":"max-image-preview:large","max-video-preview":"max-video-preview:-1"},"canonical":"https:\/\/luxury-rental-mc.com\/fr\/location-voiture\/porsche-cayenne-diesel\/","og_locale":"fr_FR","og_type":"article","og_title":"Location 4x4, Louer Porsche Cayenne France - LR MC","og_description":"Louer votre 4x4 pour vos vacances d'hiver, Courchevel, Meribel, Alpe D'huez, Des SUV compactes, puissants et spacieux, Reservez votre location de SUV","og_url":"https:\/\/luxury-rental-mc.com\/fr\/location-voiture\/porsche-cayenne-diesel\/","og_site_name":"Luxury Car Rentals | Monaco, Nice, Cannes, Saint-Tropez","article_modified_time":"2020-07-24T10:46:57+00:00","twitter_misc":{"Dur\u00e9e de lecture estim\u00e9e":"1 minute"},"schema":{"@context":"https:\/\/schema.org","@graph":[{"@type":"WebPage","@id":"https:\/\/luxury-rental-mc.com\/fr\/location-voiture\/porsche-cayenne-diesel\/","url":"https:\/\/luxury-rental-mc.com\/fr\/location-voiture\/porsche-cayenne-diesel\/","name":"Location 4x4, Louer Porsche Cayenne France - LR MC","isPartOf":{"@id":"https:\/\/luxury-rental-mc.com\/#website"},"datePublished":"2016-06-20T08:01:45+00:00","dateModified":"2020-07-24T10:46:57+00:00","description":"Louer votre 4x4 pour vos vacances d'hiver, Courchevel, Meribel, Alpe D'huez, Des SUV compactes, puissants et spacieux, Reservez votre location de SUV","breadcrumb":{"@id":"https:\/\/luxury-rental-mc.com\/fr\/location-voiture\/porsche-cayenne-diesel\/#breadcrumb"},"inLanguage":"fr-FR","potentialAction":[{"@type":"ReadAction","target":["https:\/\/luxury-rental-mc.com\/fr\/location-voiture\/porsche-cayenne-diesel\/"]}]},{"@type":"BreadcrumbList","@id":"https:\/\/luxury-rental-mc.com\/fr\/location-voiture\/porsche-cayenne-diesel\/#breadcrumb","itemListElement":[{"@type":"ListItem","position":1,"name":"Accueil","item":"https:\/\/luxury-rental-mc.com\/fr\/"},{"@type":"ListItem","position":2,"name":"Location","item":"https:\/\/luxury-rental-mc.com\/fr\/location-voiture\/"},{"@type":"ListItem","position":3,"name":"Porsche Cayenne Diesel"}]},{"@type":"WebSite","@id":"https:\/\/luxury-rental-mc.com\/#website","url":"https:\/\/luxury-rental-mc.com\/","name":"Luxury Car Rentals | Monaco, Nice, Cannes, Saint-Tropez","description":"Rent the finest brands : Porsche, Ferrari, Lamborghini, Mercedes...","potentialAction":[{"@type":"SearchAction","target":{"@type":"EntryPoint","urlTemplate":"https:\/\/luxury-rental-mc.com\/?s={search_term_string}"},"query-input":"required name=search_term_string"}],"inLanguage":"fr-FR"}]}},"_links":{"self":[{"href":"https:\/\/luxury-rental-mc.com\/fr\/wp-json\/wp\/v2\/pages\/7846\/"}],"collection":[{"href":"https:\/\/luxury-rental-mc.com\/fr\/wp-json\/wp\/v2\/pages\/"}],"about":[{"href":"https:\/\/luxury-rental-mc.com\/fr\/wp-json\/wp\/v2\/types\/page\/"}],"author":[{"embeddable":true,"href":"https:\/\/luxury-rental-mc.com\/fr\/wp-json\/wp\/v2\/users\/1\/"}],"replies":[{"embeddable":true,"href":"https:\/\/luxury-rental-mc.com\/fr\/wp-json\/wp\/v2\/comments\/?post=7846"}],"version-history":[{"count":5,"href":"https:\/\/luxury-rental-mc.com\/fr\/wp-json\/wp\/v2\/pages\/7846\/revisions\/"}],"predecessor-version":[{"id":76183,"href":"https:\/\/luxury-rental-mc.com\/fr\/wp-json\/wp\/v2\/pages\/7846\/revisions\/76183\/"}],"up":[{"embeddable":true,"href":"https:\/\/luxury-rental-mc.com\/fr\/wp-json\/wp\/v2\/pages\/7038\/"}],"wp:attachment":[{"href":"https:\/\/luxury-rental-mc.com\/fr\/wp-json\/wp\/v2\/media\/?parent=7846"}],"curies":[{"name":"wp","href":"https:\/\/api.w.org\/{rel}","templated":true}]}}