{"id":7859,"date":"2016-06-20T11:17:45","date_gmt":"2016-06-20T09:17:45","guid":{"rendered":"https:\/\/luxury-rental-mc.com\/fr\/?page_id=7859"},"modified":"2022-04-26T16:39:20","modified_gmt":"2022-04-26T14:39:20","slug":"ferrari-458-spider","status":"publish","type":"page","link":"https:\/\/luxury-rental-mc.com\/fr\/location-voiture\/ferrari-458-spider\/","title":{"rendered":"Ferrari 458 Spider"},"content":{"rendered":"[vc_row][vc_column width=\u00a0\u00bb2\/3&Prime;][mk_title_box size=\u00a0\u00bb16&Prime; letter_spacing=\u00a0\u00bb4&Prime; margin_bottom=\u00a0\u00bb0&Prime; font_family=\u00a0\u00bbnone\u00a0\u00bb]\n<h1><span style=\"font-size: 14pt;\">Location\u00a0Ferrari 458 Spider<\/span><\/h1>\n[\/mk_title_box][mk_swipe_slideshow images=\u00a0\u00bb7994,7992,48831,48833,7988&Prime; image_width=\u00a0\u00bb750&Prime; image_height=\u00a0\u00bb380&Prime;][vc_column_text css=\u00a0\u00bb.vc_custom_1650983957001{margin-bottom: 0px !important;}\u00a0\u00bb]\n<p style=\"text-align: justify;\">On l&rsquo;attendait ! La Ferrari 458 Italia Spider est la d\u00e9clinaison cabriolet de la Ferrari 458 Italia gr\u00e2ce \u00e0 son nouveau design toujours sign\u00e9 par les prestigieux studio Pininfarina et accompagn\u00e9e de son moteur V8 d\u00e9veloppant toujours 570 chevaux elle saura montrer elle aussi son c\u00f4t\u00e9 indomptable. Tr\u00e8s agressive et a\u00e9rodynamique, La Ferrari 458 Italia spider saura se surpasser en toutes circonstances, digne successetrice de la Ferrari 430 elle saura tenir tous vos sens en \u00e9veil et vous ravir avec son toit escamotable afin de profiter du beau temps. <a href=\"https:\/\/luxury-rental-mc.com\/fr\/location-ferrari\/\">Louez une Ferrari<\/a> un week end<\/p>\n[\/vc_column_text][\/vc_column][vc_column width=\u00a0\u00bb1\/3&Prime;][mk_padding_divider size=\u00a0\u00bb12&Prime;][mk_title_box size=\u00a0\u00bb16&Prime; letter_spacing=\u00a0\u00bb4&Prime; margin_bottom=\u00a0\u00bb0&Prime; font_family=\u00a0\u00bbnone\u00a0\u00bb]\n<h2><span style=\"font-size: 14pt;\">Tarifs<\/span><\/h2>\n[\/mk_title_box][vc_table vc_table_theme=\u00a0\u00bbsimple_pink\u00a0\u00bb][align-left]Journ%C3%A9e%20(150%20Km),[align-left]1600%E2%82%AC|[b;align-left]3%20Jours%20(500%20km),[align-left]4300%E2%82%AC|[b;align-left]5%20Jours%20(750%20Km),[align-left]6500%E2%82%AC|[b;align-left]Jour%20supp.,[align-left]1200%E2%82%AC[\/vc_table][mk_button dimension=\u00a0\u00bboutline\u00a0\u00bb size=\u00a0\u00bblarge\u00a0\u00bb icon=\u00a0\u00bbmk-li-call\u00a0\u00bb url=\u00a0\u00bbhttps:\/\/luxury-rental-mc.com\/fr\/contact\/\u00a0\u00bb align=\u00a0\u00bbcenter\u00a0\u00bb fullwidth=\u00a0\u00bbtrue\u00a0\u00bb visibility=\u00a0\u00bbhidden-sm\u00a0\u00bb]R\u00e9servation +33762841105[\/mk_button][mk_button dimension=\u00a0\u00bboutline\u00a0\u00bb size=\u00a0\u00bblarge\u00a0\u00bb icon=\u00a0\u00bbmk-li-call\u00a0\u00bb url=\u00a0\u00bbtel:+33762841105&Prime; align=\u00a0\u00bbcenter\u00a0\u00bb fullwidth=\u00a0\u00bbtrue\u00a0\u00bb visibility=\u00a0\u00bbhidden-dt\u00a0\u00bb]Reservation[\/mk_button][vc_column_text]Marque\u00a0:\u00a0Ferrari<br \/>\nMod\u00e8le :\u00a0458 Spider<br \/>\nNombre de places :\u00a02<br \/>\nPuissance : 570 Ch<br \/>\nCylindr\u00e9e\u00a0: 4497\u00a0cm3<br \/>\nVitesse\u00a0max : 321\u00a0Km\/h<br \/>\nConsommation Mixte\u00a0: 11.8\u00a0l \/100 km<br \/>\nAge minimum\u00a0:\u00a018 ans[\/vc_column_text][\/vc_column][\/vc_row][vc_row fullwidth=\u00a0\u00bbtrue\u00a0\u00bb][vc_column][mk_clients clients=\u00a0\u00bb7183,7187,7173,7185,7177,7175,7179,7181,7189&Prime;][\/vc_column][\/vc_row]\n","protected":false},"excerpt":{"rendered":"<p>[vc_row][vc_column width=\u00a0\u00bb2\/3&Prime;][mk_title_box size=\u00a0\u00bb16&Prime; letter_spacing=\u00a0\u00bb4&Prime; margin_bottom=\u00a0\u00bb0&Prime; font_family=\u00a0\u00bbnone\u00a0\u00bb] Location\u00a0Ferrari 458 Spider [\/mk_title_box][mk_swipe_slideshow images=\u00a0\u00bb7994,7992,48831,48833,7988&Prime; image_width=\u00a0\u00bb750&Prime; image_height=\u00a0\u00bb380&Prime;][vc_column_text css=\u00a0\u00bb.vc_custom_1650983957001{margin-bottom: 0px !important;}\u00a0\u00bb] On l&rsquo;attendait ! La Ferrari 458 Italia Spider est la d\u00e9clinaison cabriolet de la Ferrari 458 Italia gr\u00e2ce \u00e0 son nouveau design toujours sign\u00e9 par les prestigieux studio Pininfarina et accompagn\u00e9e de son moteur V8 d\u00e9veloppant toujours 570 chevaux [&hellip;]<\/p>\n","protected":false},"author":1,"featured_media":0,"parent":7038,"menu_order":0,"comment_status":"closed","ping_status":"closed","template":"","meta":{"_monsterinsights_skip_tracking":false,"_monsterinsights_sitenote_active":false,"_monsterinsights_sitenote_note":"","_monsterinsights_sitenote_category":0},"yoast_head":"<!-- This site is optimized with the Yoast SEO plugin v20.3 - https:\/\/yoast.com\/wordpress\/plugins\/seo\/ -->\n<title>Location Ferrari 458, Louer une Ferrari - LR MC<\/title>\n<meta name=\"description\" content=\"La Ferrari 458 Spider est enfin disponible chez Luxury Car rental, Profitez de belles journ\u00e9es au volant d&#039;une cabriolet \/ sportive \u00e0 l&#039;\u00e9tat pur !\" \/>\n<meta name=\"robots\" content=\"index, follow, max-snippet:-1, max-image-preview:large, max-video-preview:-1\" \/>\n<link rel=\"canonical\" href=\"https:\/\/luxury-rental-mc.com\/fr\/location-voiture\/ferrari-458-spider\/\" \/>\n<meta property=\"og:locale\" content=\"fr_FR\" \/>\n<meta property=\"og:type\" content=\"article\" \/>\n<meta property=\"og:title\" content=\"Location Ferrari 458, Louer une Ferrari - LR MC\" \/>\n<meta property=\"og:description\" content=\"La Ferrari 458 Spider est enfin disponible chez Luxury Car rental, Profitez de belles journ\u00e9es au volant d&#039;une cabriolet \/ sportive \u00e0 l&#039;\u00e9tat pur !\" \/>\n<meta property=\"og:url\" content=\"https:\/\/luxury-rental-mc.com\/fr\/location-voiture\/ferrari-458-spider\/\" \/>\n<meta property=\"og:site_name\" content=\"Luxury Car Rentals | Monaco, Nice, Cannes, Saint-Tropez\" \/>\n<meta property=\"article:modified_time\" content=\"2022-04-26T14:39:20+00:00\" \/>\n<meta name=\"twitter:label1\" content=\"Dur\u00e9e de lecture estim\u00e9e\" \/>\n\t<meta name=\"twitter:data1\" content=\"1 minute\" \/>\n<script type=\"application\/ld+json\" class=\"yoast-schema-graph\">{\"@context\":\"https:\/\/schema.org\",\"@graph\":[{\"@type\":\"WebPage\",\"@id\":\"https:\/\/luxury-rental-mc.com\/fr\/location-voiture\/ferrari-458-spider\/\",\"url\":\"https:\/\/luxury-rental-mc.com\/fr\/location-voiture\/ferrari-458-spider\/\",\"name\":\"Location Ferrari 458, Louer une Ferrari - LR MC\",\"isPartOf\":{\"@id\":\"https:\/\/luxury-rental-mc.com\/#website\"},\"datePublished\":\"2016-06-20T09:17:45+00:00\",\"dateModified\":\"2022-04-26T14:39:20+00:00\",\"description\":\"La Ferrari 458 Spider est enfin disponible chez Luxury Car rental, Profitez de belles journ\u00e9es au volant d'une cabriolet \/ sportive \u00e0 l'\u00e9tat pur !\",\"breadcrumb\":{\"@id\":\"https:\/\/luxury-rental-mc.com\/fr\/location-voiture\/ferrari-458-spider\/#breadcrumb\"},\"inLanguage\":\"fr-FR\",\"potentialAction\":[{\"@type\":\"ReadAction\",\"target\":[\"https:\/\/luxury-rental-mc.com\/fr\/location-voiture\/ferrari-458-spider\/\"]}]},{\"@type\":\"BreadcrumbList\",\"@id\":\"https:\/\/luxury-rental-mc.com\/fr\/location-voiture\/ferrari-458-spider\/#breadcrumb\",\"itemListElement\":[{\"@type\":\"ListItem\",\"position\":1,\"name\":\"Accueil\",\"item\":\"https:\/\/luxury-rental-mc.com\/fr\/\"},{\"@type\":\"ListItem\",\"position\":2,\"name\":\"Location\",\"item\":\"https:\/\/luxury-rental-mc.com\/fr\/location-voiture\/\"},{\"@type\":\"ListItem\",\"position\":3,\"name\":\"Ferrari 458 Spider\"}]},{\"@type\":\"WebSite\",\"@id\":\"https:\/\/luxury-rental-mc.com\/#website\",\"url\":\"https:\/\/luxury-rental-mc.com\/\",\"name\":\"Luxury Car Rentals | Monaco, Nice, Cannes, Saint-Tropez\",\"description\":\"Rent the finest brands : Porsche, Ferrari, Lamborghini, Mercedes...\",\"potentialAction\":[{\"@type\":\"SearchAction\",\"target\":{\"@type\":\"EntryPoint\",\"urlTemplate\":\"https:\/\/luxury-rental-mc.com\/?s={search_term_string}\"},\"query-input\":\"required name=search_term_string\"}],\"inLanguage\":\"fr-FR\"}]}<\/script>\n<!-- \/ Yoast SEO plugin. -->","yoast_head_json":{"title":"Location Ferrari 458, Louer une Ferrari - LR MC","description":"La Ferrari 458 Spider est enfin disponible chez Luxury Car rental, Profitez de belles journ\u00e9es au volant d'une cabriolet \/ sportive \u00e0 l'\u00e9tat pur !","robots":{"index":"index","follow":"follow","max-snippet":"max-snippet:-1","max-image-preview":"max-image-preview:large","max-video-preview":"max-video-preview:-1"},"canonical":"https:\/\/luxury-rental-mc.com\/fr\/location-voiture\/ferrari-458-spider\/","og_locale":"fr_FR","og_type":"article","og_title":"Location Ferrari 458, Louer une Ferrari - LR MC","og_description":"La Ferrari 458 Spider est enfin disponible chez Luxury Car rental, Profitez de belles journ\u00e9es au volant d'une cabriolet \/ sportive \u00e0 l'\u00e9tat pur !","og_url":"https:\/\/luxury-rental-mc.com\/fr\/location-voiture\/ferrari-458-spider\/","og_site_name":"Luxury Car Rentals | Monaco, Nice, Cannes, Saint-Tropez","article_modified_time":"2022-04-26T14:39:20+00:00","twitter_misc":{"Dur\u00e9e de lecture estim\u00e9e":"1 minute"},"schema":{"@context":"https:\/\/schema.org","@graph":[{"@type":"WebPage","@id":"https:\/\/luxury-rental-mc.com\/fr\/location-voiture\/ferrari-458-spider\/","url":"https:\/\/luxury-rental-mc.com\/fr\/location-voiture\/ferrari-458-spider\/","name":"Location Ferrari 458, Louer une Ferrari - LR MC","isPartOf":{"@id":"https:\/\/luxury-rental-mc.com\/#website"},"datePublished":"2016-06-20T09:17:45+00:00","dateModified":"2022-04-26T14:39:20+00:00","description":"La Ferrari 458 Spider est enfin disponible chez Luxury Car rental, Profitez de belles journ\u00e9es au volant d'une cabriolet \/ sportive \u00e0 l'\u00e9tat pur !","breadcrumb":{"@id":"https:\/\/luxury-rental-mc.com\/fr\/location-voiture\/ferrari-458-spider\/#breadcrumb"},"inLanguage":"fr-FR","potentialAction":[{"@type":"ReadAction","target":["https:\/\/luxury-rental-mc.com\/fr\/location-voiture\/ferrari-458-spider\/"]}]},{"@type":"BreadcrumbList","@id":"https:\/\/luxury-rental-mc.com\/fr\/location-voiture\/ferrari-458-spider\/#breadcrumb","itemListElement":[{"@type":"ListItem","position":1,"name":"Accueil","item":"https:\/\/luxury-rental-mc.com\/fr\/"},{"@type":"ListItem","position":2,"name":"Location","item":"https:\/\/luxury-rental-mc.com\/fr\/location-voiture\/"},{"@type":"ListItem","position":3,"name":"Ferrari 458 Spider"}]},{"@type":"WebSite","@id":"https:\/\/luxury-rental-mc.com\/#website","url":"https:\/\/luxury-rental-mc.com\/","name":"Luxury Car Rentals | Monaco, Nice, Cannes, Saint-Tropez","description":"Rent the finest brands : Porsche, Ferrari, Lamborghini, Mercedes...","potentialAction":[{"@type":"SearchAction","target":{"@type":"EntryPoint","urlTemplate":"https:\/\/luxury-rental-mc.com\/?s={search_term_string}"},"query-input":"required name=search_term_string"}],"inLanguage":"fr-FR"}]}},"_links":{"self":[{"href":"https:\/\/luxury-rental-mc.com\/fr\/wp-json\/wp\/v2\/pages\/7859\/"}],"collection":[{"href":"https:\/\/luxury-rental-mc.com\/fr\/wp-json\/wp\/v2\/pages\/"}],"about":[{"href":"https:\/\/luxury-rental-mc.com\/fr\/wp-json\/wp\/v2\/types\/page\/"}],"author":[{"embeddable":true,"href":"https:\/\/luxury-rental-mc.com\/fr\/wp-json\/wp\/v2\/users\/1\/"}],"replies":[{"embeddable":true,"href":"https:\/\/luxury-rental-mc.com\/fr\/wp-json\/wp\/v2\/comments\/?post=7859"}],"version-history":[{"count":4,"href":"https:\/\/luxury-rental-mc.com\/fr\/wp-json\/wp\/v2\/pages\/7859\/revisions\/"}],"predecessor-version":[{"id":117168,"href":"https:\/\/luxury-rental-mc.com\/fr\/wp-json\/wp\/v2\/pages\/7859\/revisions\/117168\/"}],"up":[{"embeddable":true,"href":"https:\/\/luxury-rental-mc.com\/fr\/wp-json\/wp\/v2\/pages\/7038\/"}],"wp:attachment":[{"href":"https:\/\/luxury-rental-mc.com\/fr\/wp-json\/wp\/v2\/media\/?parent=7859"}],"curies":[{"name":"wp","href":"https:\/\/api.w.org\/{rel}","templated":true}]}}