{"id":7943,"date":"2016-06-20T13:33:36","date_gmt":"2016-06-20T11:33:36","guid":{"rendered":"https:\/\/luxury-rental-mc.com\/fr\/?page_id=7943"},"modified":"2020-07-24T11:58:08","modified_gmt":"2020-07-24T09:58:08","slug":"maybach","status":"publish","type":"page","link":"https:\/\/luxury-rental-mc.com\/fr\/location-voiture\/maybach\/","title":{"rendered":"Maybach"},"content":{"rendered":"[vc_row][vc_column width=\u00a0\u00bb2\/3&Prime;][mk_title_box size=\u00a0\u00bb16&Prime; letter_spacing=\u00a0\u00bb4&Prime; margin_bottom=\u00a0\u00bb0&Prime; font_family=\u00a0\u00bbnone\u00a0\u00bb]\n<h1><span style=\"font-size: 14pt;\">Location\u00a0Maybach<\/span><\/h1>\n[\/mk_title_box][mk_swipe_slideshow images=\u00a0\u00bb7920,48974,7918,7922&Prime; image_width=\u00a0\u00bb750&Prime; image_height=\u00a0\u00bb380&Prime;][vc_column_text]\n<div>La Maybach !!!! Le sommet de l&rsquo;excellence et du luxe. Repris par Mercedes Benz , la Maybach s&rsquo;impose comme l&rsquo;\u00e9lite dans le monde des berlines de luxe. La Maybach est la d\u00e9clinaison ultra luxueuse de la Mercedes classe S.<\/div>\n<div>Elle dispose d&rsquo;un int\u00e9rieur raffin\u00e9 et spacieux orient\u00e9 vers le bien \u00eatre de ses passagers . Pour conclure La Maybach est l&rsquo;outil indispensable pour \u00eatre La Maybach !!!! Le sommet de l&rsquo;excellence et Du luxe .\u00a0Repris par Mercedes Benz , la Maybach s&rsquo;impose comme l&rsquo;\u00e9lite dans le monde des berlines de luxe . La Maybach est la declinaison ultra luxueuse de la Mercedes classe S.<\/div>\n<div>Elle dispose d&rsquo;un int\u00e9rieur raffin\u00e9 et spacieux orient\u00e9 vers le bien \u00eatre de ses passagers . Pour conclure La Maybach est l&rsquo;outil indispensable pour \u00e9tre transport\u00e9 en toute qui\u00e9tude.<\/div>\n[\/vc_column_text][\/vc_column][vc_column width=\u00a0\u00bb1\/3&Prime;][mk_padding_divider size=\u00a0\u00bb12&Prime;][mk_title_box size=\u00a0\u00bb16&Prime; letter_spacing=\u00a0\u00bb4&Prime; margin_bottom=\u00a0\u00bb0&Prime; font_family=\u00a0\u00bbnone\u00a0\u00bb]\n<h2><span style=\"font-size: 14pt;\">Tarifs<\/span><\/h2>\n[\/mk_title_box][vc_table vc_table_theme=\u00a0\u00bbsimple_pink\u00a0\u00bb][align-left]Journ%C3%A9e%20(150%20Km),[align-left]990%20%E2%82%AC|[b;align-left]3%20Jours%20(500%20km),[align-left]2700%20%E2%82%AC|[b;align-left]5%20Jours%20(750%20Km),[align-left]4200%20%E2%82%AC|[b;align-left]Jour%20supp.,[align-left]800%20%E2%82%AC[\/vc_table][mk_button dimension=\u00a0\u00bboutline\u00a0\u00bb size=\u00a0\u00bblarge\u00a0\u00bb icon=\u00a0\u00bbmk-li-call\u00a0\u00bb url=\u00a0\u00bbhttps:\/\/luxury-rental-mc.com\/fr\/contact\/\u00a0\u00bb align=\u00a0\u00bbcenter\u00a0\u00bb fullwidth=\u00a0\u00bbtrue\u00a0\u00bb visibility=\u00a0\u00bbhidden-sm\u00a0\u00bb]R\u00e9servation +33762841105[\/mk_button][mk_button dimension=\u00a0\u00bboutline\u00a0\u00bb size=\u00a0\u00bblarge\u00a0\u00bb icon=\u00a0\u00bbmk-li-call\u00a0\u00bb url=\u00a0\u00bbtel:+33762841105&Prime; align=\u00a0\u00bbcenter\u00a0\u00bb fullwidth=\u00a0\u00bbtrue\u00a0\u00bb visibility=\u00a0\u00bbhidden-dt\u00a0\u00bb]Reservation[\/mk_button][vc_column_text]Marque\u00a0:\u00a0Mercedes<br \/>\nMod\u00e8le :\u00a0Maybach<br \/>\nNombre de places :\u00a05<br \/>\nPuissance : 455 Ch<br \/>\nCylindr\u00e9e\u00a0: 4663 cm3<br \/>\nVitesse\u00a0max : 250\u00a0Km\/h<br \/>\nConsommation Mixte\u00a0: 8.9 l \/100 km<br \/>\nAge minimum\u00a0:\u00a018 ans[\/vc_column_text][\/vc_column][\/vc_row][vc_row fullwidth=\u00a0\u00bbtrue\u00a0\u00bb][vc_column][mk_clients clients=\u00a0\u00bb7183,7187,7173,7185,7177,7175,7179,7181,7189&Prime;][\/vc_column][\/vc_row]\n","protected":false},"excerpt":{"rendered":"<p>[vc_row][vc_column width=\u00a0\u00bb2\/3&Prime;][mk_title_box size=\u00a0\u00bb16&Prime; letter_spacing=\u00a0\u00bb4&Prime; margin_bottom=\u00a0\u00bb0&Prime; font_family=\u00a0\u00bbnone\u00a0\u00bb] Location\u00a0Maybach [\/mk_title_box][mk_swipe_slideshow images=\u00a0\u00bb7920,48974,7918,7922&Prime; image_width=\u00a0\u00bb750&Prime; image_height=\u00a0\u00bb380&Prime;][vc_column_text] La Maybach !!!! Le sommet de l&rsquo;excellence et du luxe. Repris par Mercedes Benz , la Maybach s&rsquo;impose comme l&rsquo;\u00e9lite dans le monde des berlines de luxe. La Maybach est la d\u00e9clinaison ultra luxueuse de la Mercedes classe S. Elle dispose d&rsquo;un int\u00e9rieur raffin\u00e9 [&hellip;]<\/p>\n","protected":false},"author":1,"featured_media":0,"parent":7038,"menu_order":0,"comment_status":"closed","ping_status":"closed","template":"","meta":{"_monsterinsights_skip_tracking":false,"_monsterinsights_sitenote_active":false,"_monsterinsights_sitenote_note":"","_monsterinsights_sitenote_category":0},"yoast_head":"<!-- This site is optimized with the Yoast SEO plugin v20.3 - https:\/\/yoast.com\/wordpress\/plugins\/seo\/ -->\n<title>Location Maybach, Louer Limousine Nice<\/title>\n<meta name=\"description\" content=\"Location de limousine Maybach \u00e0 Nice, Cannes, Monaco et Paris, Laissez vous s\u00e9duire par l\u2019ultime, luxueuse, spacieuse limousine de Mercedes la Maybach !\" \/>\n<meta name=\"robots\" content=\"index, follow, max-snippet:-1, max-image-preview:large, max-video-preview:-1\" \/>\n<link rel=\"canonical\" href=\"https:\/\/luxury-rental-mc.com\/fr\/location-voiture\/maybach\/\" \/>\n<meta property=\"og:locale\" content=\"fr_FR\" \/>\n<meta property=\"og:type\" content=\"article\" \/>\n<meta property=\"og:title\" content=\"Location Maybach, Louer Limousine Nice\" \/>\n<meta property=\"og:description\" content=\"Location de limousine Maybach \u00e0 Nice, Cannes, Monaco et Paris, Laissez vous s\u00e9duire par l\u2019ultime, luxueuse, spacieuse limousine de Mercedes la Maybach !\" \/>\n<meta property=\"og:url\" content=\"https:\/\/luxury-rental-mc.com\/fr\/location-voiture\/maybach\/\" \/>\n<meta property=\"og:site_name\" content=\"Luxury Car Rentals | Monaco, Nice, Cannes, Saint-Tropez\" \/>\n<meta property=\"article:modified_time\" content=\"2020-07-24T09:58:08+00:00\" \/>\n<meta name=\"twitter:label1\" content=\"Dur\u00e9e de lecture estim\u00e9e\" \/>\n\t<meta name=\"twitter:data1\" content=\"2 minutes\" \/>\n<script type=\"application\/ld+json\" class=\"yoast-schema-graph\">{\"@context\":\"https:\/\/schema.org\",\"@graph\":[{\"@type\":\"WebPage\",\"@id\":\"https:\/\/luxury-rental-mc.com\/fr\/location-voiture\/maybach\/\",\"url\":\"https:\/\/luxury-rental-mc.com\/fr\/location-voiture\/maybach\/\",\"name\":\"Location Maybach, Louer Limousine Nice\",\"isPartOf\":{\"@id\":\"https:\/\/luxury-rental-mc.com\/#website\"},\"datePublished\":\"2016-06-20T11:33:36+00:00\",\"dateModified\":\"2020-07-24T09:58:08+00:00\",\"description\":\"Location de limousine Maybach \u00e0 Nice, Cannes, Monaco et Paris, Laissez vous s\u00e9duire par l\u2019ultime, luxueuse, spacieuse limousine de Mercedes la Maybach !\",\"breadcrumb\":{\"@id\":\"https:\/\/luxury-rental-mc.com\/fr\/location-voiture\/maybach\/#breadcrumb\"},\"inLanguage\":\"fr-FR\",\"potentialAction\":[{\"@type\":\"ReadAction\",\"target\":[\"https:\/\/luxury-rental-mc.com\/fr\/location-voiture\/maybach\/\"]}]},{\"@type\":\"BreadcrumbList\",\"@id\":\"https:\/\/luxury-rental-mc.com\/fr\/location-voiture\/maybach\/#breadcrumb\",\"itemListElement\":[{\"@type\":\"ListItem\",\"position\":1,\"name\":\"Accueil\",\"item\":\"https:\/\/luxury-rental-mc.com\/fr\/\"},{\"@type\":\"ListItem\",\"position\":2,\"name\":\"Location\",\"item\":\"https:\/\/luxury-rental-mc.com\/fr\/location-voiture\/\"},{\"@type\":\"ListItem\",\"position\":3,\"name\":\"Maybach\"}]},{\"@type\":\"WebSite\",\"@id\":\"https:\/\/luxury-rental-mc.com\/#website\",\"url\":\"https:\/\/luxury-rental-mc.com\/\",\"name\":\"Luxury Car Rentals | Monaco, Nice, Cannes, Saint-Tropez\",\"description\":\"Rent the finest brands : Porsche, Ferrari, Lamborghini, Mercedes...\",\"potentialAction\":[{\"@type\":\"SearchAction\",\"target\":{\"@type\":\"EntryPoint\",\"urlTemplate\":\"https:\/\/luxury-rental-mc.com\/?s={search_term_string}\"},\"query-input\":\"required name=search_term_string\"}],\"inLanguage\":\"fr-FR\"}]}<\/script>\n<!-- \/ Yoast SEO plugin. -->","yoast_head_json":{"title":"Location Maybach, Louer Limousine Nice","description":"Location de limousine Maybach \u00e0 Nice, Cannes, Monaco et Paris, Laissez vous s\u00e9duire par l\u2019ultime, luxueuse, spacieuse limousine de Mercedes la Maybach !","robots":{"index":"index","follow":"follow","max-snippet":"max-snippet:-1","max-image-preview":"max-image-preview:large","max-video-preview":"max-video-preview:-1"},"canonical":"https:\/\/luxury-rental-mc.com\/fr\/location-voiture\/maybach\/","og_locale":"fr_FR","og_type":"article","og_title":"Location Maybach, Louer Limousine Nice","og_description":"Location de limousine Maybach \u00e0 Nice, Cannes, Monaco et Paris, Laissez vous s\u00e9duire par l\u2019ultime, luxueuse, spacieuse limousine de Mercedes la Maybach !","og_url":"https:\/\/luxury-rental-mc.com\/fr\/location-voiture\/maybach\/","og_site_name":"Luxury Car Rentals | Monaco, Nice, Cannes, Saint-Tropez","article_modified_time":"2020-07-24T09:58:08+00:00","twitter_misc":{"Dur\u00e9e de lecture estim\u00e9e":"2 minutes"},"schema":{"@context":"https:\/\/schema.org","@graph":[{"@type":"WebPage","@id":"https:\/\/luxury-rental-mc.com\/fr\/location-voiture\/maybach\/","url":"https:\/\/luxury-rental-mc.com\/fr\/location-voiture\/maybach\/","name":"Location Maybach, Louer Limousine Nice","isPartOf":{"@id":"https:\/\/luxury-rental-mc.com\/#website"},"datePublished":"2016-06-20T11:33:36+00:00","dateModified":"2020-07-24T09:58:08+00:00","description":"Location de limousine Maybach \u00e0 Nice, Cannes, Monaco et Paris, Laissez vous s\u00e9duire par l\u2019ultime, luxueuse, spacieuse limousine de Mercedes la Maybach !","breadcrumb":{"@id":"https:\/\/luxury-rental-mc.com\/fr\/location-voiture\/maybach\/#breadcrumb"},"inLanguage":"fr-FR","potentialAction":[{"@type":"ReadAction","target":["https:\/\/luxury-rental-mc.com\/fr\/location-voiture\/maybach\/"]}]},{"@type":"BreadcrumbList","@id":"https:\/\/luxury-rental-mc.com\/fr\/location-voiture\/maybach\/#breadcrumb","itemListElement":[{"@type":"ListItem","position":1,"name":"Accueil","item":"https:\/\/luxury-rental-mc.com\/fr\/"},{"@type":"ListItem","position":2,"name":"Location","item":"https:\/\/luxury-rental-mc.com\/fr\/location-voiture\/"},{"@type":"ListItem","position":3,"name":"Maybach"}]},{"@type":"WebSite","@id":"https:\/\/luxury-rental-mc.com\/#website","url":"https:\/\/luxury-rental-mc.com\/","name":"Luxury Car Rentals | Monaco, Nice, Cannes, Saint-Tropez","description":"Rent the finest brands : Porsche, Ferrari, Lamborghini, Mercedes...","potentialAction":[{"@type":"SearchAction","target":{"@type":"EntryPoint","urlTemplate":"https:\/\/luxury-rental-mc.com\/?s={search_term_string}"},"query-input":"required name=search_term_string"}],"inLanguage":"fr-FR"}]}},"_links":{"self":[{"href":"https:\/\/luxury-rental-mc.com\/fr\/wp-json\/wp\/v2\/pages\/7943\/"}],"collection":[{"href":"https:\/\/luxury-rental-mc.com\/fr\/wp-json\/wp\/v2\/pages\/"}],"about":[{"href":"https:\/\/luxury-rental-mc.com\/fr\/wp-json\/wp\/v2\/types\/page\/"}],"author":[{"embeddable":true,"href":"https:\/\/luxury-rental-mc.com\/fr\/wp-json\/wp\/v2\/users\/1\/"}],"replies":[{"embeddable":true,"href":"https:\/\/luxury-rental-mc.com\/fr\/wp-json\/wp\/v2\/comments\/?post=7943"}],"version-history":[{"count":6,"href":"https:\/\/luxury-rental-mc.com\/fr\/wp-json\/wp\/v2\/pages\/7943\/revisions\/"}],"predecessor-version":[{"id":76170,"href":"https:\/\/luxury-rental-mc.com\/fr\/wp-json\/wp\/v2\/pages\/7943\/revisions\/76170\/"}],"up":[{"embeddable":true,"href":"https:\/\/luxury-rental-mc.com\/fr\/wp-json\/wp\/v2\/pages\/7038\/"}],"wp:attachment":[{"href":"https:\/\/luxury-rental-mc.com\/fr\/wp-json\/wp\/v2\/media\/?parent=7943"}],"curies":[{"name":"wp","href":"https:\/\/api.w.org\/{rel}","templated":true}]}}