{"id":7954,"date":"2016-06-20T14:00:12","date_gmt":"2016-06-20T12:00:12","guid":{"rendered":"https:\/\/luxury-rental-mc.com\/fr\/?page_id=7954"},"modified":"2020-03-07T13:51:20","modified_gmt":"2020-03-07T12:51:20","slug":"range-rover-sport","status":"publish","type":"page","link":"https:\/\/luxury-rental-mc.com\/fr\/location-voiture\/range-rover-sport\/","title":{"rendered":"Range Rover Sport"},"content":{"rendered":"[vc_row][vc_column width=\u00a0\u00bb2\/3&Prime;][mk_title_box size=\u00a0\u00bb16&Prime; letter_spacing=\u00a0\u00bb4&Prime; margin_bottom=\u00a0\u00bb0&Prime; font_family=\u00a0\u00bbnone\u00a0\u00bb]\n<h1><span style=\"font-size: 14pt;\">Location\u00a0Range Rover Sport<\/span><\/h1>\n[\/mk_title_box][mk_swipe_slideshow images=\u00a0\u00bb12163,12165,12171,12169&Prime; image_width=\u00a0\u00bb750&Prime; image_height=\u00a0\u00bb380&Prime;][vc_column_text]\n<p style=\"text-align: justify;\">Le range Rover sport de chez Land Rover se d\u00e9cline sous plusieurs formes, consid\u00e9r\u00e9 par tous comme l&rsquo;un des 4&#215;4 \/ SUV comme l&rsquo;excellence, il a su garder sa place parmis les v\u00e9hicules tous terrains des plus appr\u00e9ci\u00e9s, une ligne \u00e0 la fois affirm\u00e9e et raffin\u00e9e le Range Rover Sport ne manquera pas de vous s\u00e9duire gr\u00e2ce \u00e0 sa polyvalence. Performant, \u00a0intuitif et plaisant il est aujourd&rsquo;hui un des SUV incontournable sur le march\u00e9.<\/p>\n[\/vc_column_text][\/vc_column][vc_column width=\u00a0\u00bb1\/3&Prime;][mk_padding_divider size=\u00a0\u00bb12&Prime;][mk_title_box size=\u00a0\u00bb16&Prime; letter_spacing=\u00a0\u00bb4&Prime; margin_bottom=\u00a0\u00bb0&Prime; font_family=\u00a0\u00bbnone\u00a0\u00bb]\n<h2><span style=\"font-size: 14pt;\">Tarifs<\/span><\/h2>\n[\/mk_title_box][vc_table vc_table_theme=\u00a0\u00bbsimple_pink\u00a0\u00bb][align-left]Journ%C3%A9e%20(150%20Km),[align-left]500%E2%82%AC|[b;align-left]3%20Jours%20(500%20km),[align-left]1400%E2%82%AC|[b;align-left]5%20Jours%20(750%20Km),[align-left]2300%E2%82%AC|[b;align-left]Jour%20supp.,[align-left]375%E2%82%AC[\/vc_table][mk_button dimension=\u00a0\u00bboutline\u00a0\u00bb size=\u00a0\u00bblarge\u00a0\u00bb icon=\u00a0\u00bbmk-li-call\u00a0\u00bb url=\u00a0\u00bbhttps:\/\/luxury-rental-mc.com\/fr\/contact\/\u00a0\u00bb align=\u00a0\u00bbcenter\u00a0\u00bb fullwidth=\u00a0\u00bbtrue\u00a0\u00bb visibility=\u00a0\u00bbhidden-sm\u00a0\u00bb]R\u00e9servation +33762841105[\/mk_button][mk_button dimension=\u00a0\u00bboutline\u00a0\u00bb size=\u00a0\u00bblarge\u00a0\u00bb icon=\u00a0\u00bbmk-li-call\u00a0\u00bb url=\u00a0\u00bbtel:+33762841105&Prime; align=\u00a0\u00bbcenter\u00a0\u00bb fullwidth=\u00a0\u00bbtrue\u00a0\u00bb visibility=\u00a0\u00bbhidden-dt\u00a0\u00bb]Reservation[\/mk_button][vc_column_text]Marque\u00a0:\u00a0Range Rover<br \/>\nMod\u00e8le :\u00a0Sport<br \/>\nNombre de places :\u00a05<br \/>\nPuissance : n\/b\u00a0Ch<br \/>\nCylindr\u00e9e\u00a0: n\/b\u00a0cm3<br \/>\nVitesse\u00a0max : n\/b\u00a0Km\/h<br \/>\nConsommation Mixte\u00a0: n\/b\u00a0\/100 km<br \/>\nAge minimum\u00a0:\u00a018 ans[\/vc_column_text][\/vc_column][\/vc_row][vc_row fullwidth=\u00a0\u00bbtrue\u00a0\u00bb][vc_column][mk_clients clients=\u00a0\u00bb7183,7187,7173,7185,7177,7175,7179,7181,7189&Prime;][\/vc_column][\/vc_row]\n","protected":false},"excerpt":{"rendered":"<p>[vc_row][vc_column width=\u00a0\u00bb2\/3&Prime;][mk_title_box size=\u00a0\u00bb16&Prime; letter_spacing=\u00a0\u00bb4&Prime; margin_bottom=\u00a0\u00bb0&Prime; font_family=\u00a0\u00bbnone\u00a0\u00bb] Location\u00a0Range Rover Sport [\/mk_title_box][mk_swipe_slideshow images=\u00a0\u00bb12163,12165,12171,12169&Prime; image_width=\u00a0\u00bb750&Prime; image_height=\u00a0\u00bb380&Prime;][vc_column_text] Le range Rover sport de chez Land Rover se d\u00e9cline sous plusieurs formes, consid\u00e9r\u00e9 par tous comme l&rsquo;un des 4&#215;4 \/ SUV comme l&rsquo;excellence, il a su garder sa place parmis les v\u00e9hicules tous terrains des plus appr\u00e9ci\u00e9s, une ligne \u00e0 la [&hellip;]<\/p>\n","protected":false},"author":1,"featured_media":0,"parent":7038,"menu_order":0,"comment_status":"closed","ping_status":"closed","template":"","meta":{"_monsterinsights_skip_tracking":false,"_monsterinsights_sitenote_active":false,"_monsterinsights_sitenote_note":"","_monsterinsights_sitenote_category":0},"yoast_head":"<!-- This site is optimized with the Yoast SEO plugin v20.3 - https:\/\/yoast.com\/wordpress\/plugins\/seo\/ -->\n<title>Location range rover sport, Location Land Rover - LR MC<\/title>\n<meta name=\"description\" content=\"Vous recherchez un 4x4 de luxe \u00e0 la location, d\u00e9couvrez nos range rover \/ Land Rover \u00e0 la location en Europe : Cannes, Nice, Courchevel, Paris, Meribel, Saint Tropez\" \/>\n<meta name=\"robots\" content=\"index, follow, max-snippet:-1, max-image-preview:large, max-video-preview:-1\" \/>\n<link rel=\"canonical\" href=\"https:\/\/luxury-rental-mc.com\/fr\/location-voiture\/range-rover-sport\/\" \/>\n<meta property=\"og:locale\" content=\"fr_FR\" \/>\n<meta property=\"og:type\" content=\"article\" \/>\n<meta property=\"og:title\" content=\"Location range rover sport, Location Land Rover - LR MC\" \/>\n<meta property=\"og:description\" content=\"Vous recherchez un 4x4 de luxe \u00e0 la location, d\u00e9couvrez nos range rover \/ Land Rover \u00e0 la location en Europe : Cannes, Nice, Courchevel, Paris, Meribel, Saint Tropez\" \/>\n<meta property=\"og:url\" content=\"https:\/\/luxury-rental-mc.com\/fr\/location-voiture\/range-rover-sport\/\" \/>\n<meta property=\"og:site_name\" content=\"Luxury Car Rentals | Monaco, Nice, Cannes, Saint-Tropez\" \/>\n<meta property=\"article:modified_time\" content=\"2020-03-07T12:51:20+00:00\" \/>\n<meta name=\"twitter:label1\" content=\"Dur\u00e9e de lecture estim\u00e9e\" \/>\n\t<meta name=\"twitter:data1\" content=\"1 minute\" \/>\n<script type=\"application\/ld+json\" class=\"yoast-schema-graph\">{\"@context\":\"https:\/\/schema.org\",\"@graph\":[{\"@type\":\"WebPage\",\"@id\":\"https:\/\/luxury-rental-mc.com\/fr\/location-voiture\/range-rover-sport\/\",\"url\":\"https:\/\/luxury-rental-mc.com\/fr\/location-voiture\/range-rover-sport\/\",\"name\":\"Location range rover sport, Location Land Rover - LR MC\",\"isPartOf\":{\"@id\":\"https:\/\/luxury-rental-mc.com\/#website\"},\"datePublished\":\"2016-06-20T12:00:12+00:00\",\"dateModified\":\"2020-03-07T12:51:20+00:00\",\"description\":\"Vous recherchez un 4x4 de luxe \u00e0 la location, d\u00e9couvrez nos range rover \/ Land Rover \u00e0 la location en Europe : Cannes, Nice, Courchevel, Paris, Meribel, Saint Tropez\",\"breadcrumb\":{\"@id\":\"https:\/\/luxury-rental-mc.com\/fr\/location-voiture\/range-rover-sport\/#breadcrumb\"},\"inLanguage\":\"fr-FR\",\"potentialAction\":[{\"@type\":\"ReadAction\",\"target\":[\"https:\/\/luxury-rental-mc.com\/fr\/location-voiture\/range-rover-sport\/\"]}]},{\"@type\":\"BreadcrumbList\",\"@id\":\"https:\/\/luxury-rental-mc.com\/fr\/location-voiture\/range-rover-sport\/#breadcrumb\",\"itemListElement\":[{\"@type\":\"ListItem\",\"position\":1,\"name\":\"Accueil\",\"item\":\"https:\/\/luxury-rental-mc.com\/fr\/\"},{\"@type\":\"ListItem\",\"position\":2,\"name\":\"Location\",\"item\":\"https:\/\/luxury-rental-mc.com\/fr\/location-voiture\/\"},{\"@type\":\"ListItem\",\"position\":3,\"name\":\"Range Rover Sport\"}]},{\"@type\":\"WebSite\",\"@id\":\"https:\/\/luxury-rental-mc.com\/#website\",\"url\":\"https:\/\/luxury-rental-mc.com\/\",\"name\":\"Luxury Car Rentals | Monaco, Nice, Cannes, Saint-Tropez\",\"description\":\"Rent the finest brands : Porsche, Ferrari, Lamborghini, Mercedes...\",\"potentialAction\":[{\"@type\":\"SearchAction\",\"target\":{\"@type\":\"EntryPoint\",\"urlTemplate\":\"https:\/\/luxury-rental-mc.com\/?s={search_term_string}\"},\"query-input\":\"required name=search_term_string\"}],\"inLanguage\":\"fr-FR\"}]}<\/script>\n<!-- \/ Yoast SEO plugin. -->","yoast_head_json":{"title":"Location range rover sport, Location Land Rover - LR MC","description":"Vous recherchez un 4x4 de luxe \u00e0 la location, d\u00e9couvrez nos range rover \/ Land Rover \u00e0 la location en Europe : Cannes, Nice, Courchevel, Paris, Meribel, Saint Tropez","robots":{"index":"index","follow":"follow","max-snippet":"max-snippet:-1","max-image-preview":"max-image-preview:large","max-video-preview":"max-video-preview:-1"},"canonical":"https:\/\/luxury-rental-mc.com\/fr\/location-voiture\/range-rover-sport\/","og_locale":"fr_FR","og_type":"article","og_title":"Location range rover sport, Location Land Rover - LR MC","og_description":"Vous recherchez un 4x4 de luxe \u00e0 la location, d\u00e9couvrez nos range rover \/ Land Rover \u00e0 la location en Europe : Cannes, Nice, Courchevel, Paris, Meribel, Saint Tropez","og_url":"https:\/\/luxury-rental-mc.com\/fr\/location-voiture\/range-rover-sport\/","og_site_name":"Luxury Car Rentals | Monaco, Nice, Cannes, Saint-Tropez","article_modified_time":"2020-03-07T12:51:20+00:00","twitter_misc":{"Dur\u00e9e de lecture estim\u00e9e":"1 minute"},"schema":{"@context":"https:\/\/schema.org","@graph":[{"@type":"WebPage","@id":"https:\/\/luxury-rental-mc.com\/fr\/location-voiture\/range-rover-sport\/","url":"https:\/\/luxury-rental-mc.com\/fr\/location-voiture\/range-rover-sport\/","name":"Location range rover sport, Location Land Rover - LR MC","isPartOf":{"@id":"https:\/\/luxury-rental-mc.com\/#website"},"datePublished":"2016-06-20T12:00:12+00:00","dateModified":"2020-03-07T12:51:20+00:00","description":"Vous recherchez un 4x4 de luxe \u00e0 la location, d\u00e9couvrez nos range rover \/ Land Rover \u00e0 la location en Europe : Cannes, Nice, Courchevel, Paris, Meribel, Saint Tropez","breadcrumb":{"@id":"https:\/\/luxury-rental-mc.com\/fr\/location-voiture\/range-rover-sport\/#breadcrumb"},"inLanguage":"fr-FR","potentialAction":[{"@type":"ReadAction","target":["https:\/\/luxury-rental-mc.com\/fr\/location-voiture\/range-rover-sport\/"]}]},{"@type":"BreadcrumbList","@id":"https:\/\/luxury-rental-mc.com\/fr\/location-voiture\/range-rover-sport\/#breadcrumb","itemListElement":[{"@type":"ListItem","position":1,"name":"Accueil","item":"https:\/\/luxury-rental-mc.com\/fr\/"},{"@type":"ListItem","position":2,"name":"Location","item":"https:\/\/luxury-rental-mc.com\/fr\/location-voiture\/"},{"@type":"ListItem","position":3,"name":"Range Rover Sport"}]},{"@type":"WebSite","@id":"https:\/\/luxury-rental-mc.com\/#website","url":"https:\/\/luxury-rental-mc.com\/","name":"Luxury Car Rentals | Monaco, Nice, Cannes, Saint-Tropez","description":"Rent the finest brands : Porsche, Ferrari, Lamborghini, Mercedes...","potentialAction":[{"@type":"SearchAction","target":{"@type":"EntryPoint","urlTemplate":"https:\/\/luxury-rental-mc.com\/?s={search_term_string}"},"query-input":"required name=search_term_string"}],"inLanguage":"fr-FR"}]}},"_links":{"self":[{"href":"https:\/\/luxury-rental-mc.com\/fr\/wp-json\/wp\/v2\/pages\/7954\/"}],"collection":[{"href":"https:\/\/luxury-rental-mc.com\/fr\/wp-json\/wp\/v2\/pages\/"}],"about":[{"href":"https:\/\/luxury-rental-mc.com\/fr\/wp-json\/wp\/v2\/types\/page\/"}],"author":[{"embeddable":true,"href":"https:\/\/luxury-rental-mc.com\/fr\/wp-json\/wp\/v2\/users\/1\/"}],"replies":[{"embeddable":true,"href":"https:\/\/luxury-rental-mc.com\/fr\/wp-json\/wp\/v2\/comments\/?post=7954"}],"version-history":[{"count":9,"href":"https:\/\/luxury-rental-mc.com\/fr\/wp-json\/wp\/v2\/pages\/7954\/revisions\/"}],"predecessor-version":[{"id":49448,"href":"https:\/\/luxury-rental-mc.com\/fr\/wp-json\/wp\/v2\/pages\/7954\/revisions\/49448\/"}],"up":[{"embeddable":true,"href":"https:\/\/luxury-rental-mc.com\/fr\/wp-json\/wp\/v2\/pages\/7038\/"}],"wp:attachment":[{"href":"https:\/\/luxury-rental-mc.com\/fr\/wp-json\/wp\/v2\/media\/?parent=7954"}],"curies":[{"name":"wp","href":"https:\/\/api.w.org\/{rel}","templated":true}]}}