{"id":80106,"date":"2020-08-13T16:52:56","date_gmt":"2020-08-13T14:52:56","guid":{"rendered":"https:\/\/luxury-rental-mc.com\/?page_id=80106"},"modified":"2020-08-14T16:57:27","modified_gmt":"2020-08-14T14:57:27","slug":"location-jets-prives","status":"publish","type":"page","link":"https:\/\/luxury-rental-mc.com\/fr\/location-jets-prives\/","title":{"rendered":"Jets Priv\u00e9s"},"content":{"rendered":"[vc_row][vc_column][vc_column_text css=\u00a0\u00bb.vc_custom_1597330486706{margin-bottom: 0px !important;}\u00a0\u00bb]\n<h1 style=\"text-align: center;\">Location de jets priv\u00e9s<\/h1>\n<p style=\"text-align: justify;\">Gr\u00e2ce a\u0300 notre partenaire sp\u00e9cialis\u00e9 dans l\u2019aviation d\u2019affaires depuis 2012, voyagez en toute s\u00e9r\u00e9nit\u00e9. Sur la C\u00f4te d\u2019Azur, en Europe ou dans le monde entier, soyez maitre de votre planning. Lors de vos d\u00e9placements, opter pour un prestataire de confiance est indispensable. Avec notre partenaire affr\u00e9teur de <a href=\"#jet-prive\">location de jet prive\u0301<\/a>, nous vous offrons une prestation sur mesure alliant confort et s\u00e9curit\u00e9. Entre vol a\u0300 bord de turbo propulseurs, light \/ midsize jets, avion VIP ou avions commerciaux, l\u2019\u00e9quipe sp\u00e9cialis\u00e9e dans l\u2019affr\u00e8tement vous proposera ses conseils et devis personnalis\u00e9s selon vos exigences.<\/p>\n<h2 style=\"text-align: center;\">Voyagez en jet priv\u00e9 avec Luxury Rental MC<\/h2>\n<p style=\"text-align: justify;\">Profitez d\u2019une exp\u00e9rience inoubliable pour un moment d\u2019exception, confortablement installe\u0301 a\u0300 bord de votre jet prive\u0301. Vous e\u0302tes nombreux a\u0300 nous faire confiance lors de vos <strong>locations de v\u00e9hicules de luxe<\/strong>, n\u2019h\u00e9sitez pas a\u0300 employer notre r\u00e9seau pour b\u00e9n\u00e9ficier de la meilleure qualit\u00e9 de service.<\/p>\n<h3 style=\"text-align: center;\">Un Service sur mesure pour vos voyages en jet priv\u00e9<\/h3>\n<p style=\"text-align: justify;\">Nous pourrons alors vous proposer un <strong>service complet<\/strong> en organisant votre voyage en jet priv\u00e9 sur mesure, aux dates et lieux que vous souhaitez, que \u00e7a soit pour effectuer un <strong>Paris-Gen\u00e8ve<\/strong> ou encore<strong> voyager de New-York<\/strong> en direction de <strong>Nice<\/strong>, ou peu importe, nous pourrons toujours satisfaire votre demande. \u00c0 votre convenance, nous pourrons inclure la location d\u2019une voiture de luxe dans la ville de votre choix \u00e0 votre arriv\u00e9e, en descendant de votre <strong>luxueux jet priv\u00e9<\/strong>, votre BMW s\u00e9rie 7 ou votre <strong>Range Rover<\/strong> vous attendra pour r\u00e9ceptionner vos bagages et vous permettra de vous d\u00e9placer en toute autonomie avec vos amis ou votre famille.<\/p>\n<h3 style=\"text-align: center;\">Notre offre de location de voiture avec jet priv\u00e9<\/h3>\n<p style=\"text-align: justify;\">Profitez de l\u2019offre group\u00e9 multi-service avec une r\u00e9duction de \u2013 20 % sur le prix de la location de votre voiture lorsque vous combinez celle-ci en nous louant aussi un jet priv\u00e9 ou un bateau de luxe type yacht ou autre.<\/p>\n<p style=\"text-align: justify;\">N\u2019h\u00e9sitez pas \u00e0 nous contacter pour obtenir votre <strong>devis personnalis\u00e9<\/strong> en fonction du type de v\u00e9hicule que vous souhaitez entre un bateau comme un yacht de luxe sur le port de Fontvieille \u00e0 Monaco, une prestigieuse voiture comme une <a href=\"https:\/\/luxury-rental-mc.com\/fr\/location-voiture\/lamborghini-huracan-spider\">Lamborghini Huracan spider<\/a> pour profiter du soleil avec les cheveux au vent ou encore d\u2019un jet priv\u00e9 pour profiter de vos voyages long courrier de la plus confortable des mani\u00e8re.<\/p>\n[\/vc_column_text][\/vc_column][\/vc_row][vc_row][vc_column width=\u00a0\u00bb1\/4&Prime;][\/vc_column][vc_column width=\u00a0\u00bb1\/2&Prime;][mk_image_slideshow images=\u00a0\u00bb80111,80113,80115,80117&Prime; image_height=\u00a0\u00bb450&Prime;][\/vc_column][vc_column width=\u00a0\u00bb1\/4&Prime;][\/vc_column][\/vc_row][vc_row][vc_column][vc_column_text css=\u00a0\u00bb.vc_custom_1597330457940{margin-bottom: 0px !important;}\u00a0\u00bb]\n<h3 style=\"text-align: center;\">Nos gammes de jets priv\u00e9s<\/h3>\n<p style=\"text-align: justify;\">Notre <strong>gamme d\u2019avion de luxe<\/strong> est tr\u00e8s large et pourra r\u00e9pondre \u00e0 toutes vos demandes, nous poss\u00e9dons une cat\u00e9gorie de turbopropulseurs haut de gamme tr\u00e8s large offrant des <strong>places assises de 3 \u00e0 32 si\u00e8ges<\/strong> disponibles et pouvant vous faire voyager d\u2019une distance allant jusqu\u2019\u00e0 <strong>5000 kilom\u00e8tres<\/strong> pour les plus long vols.<\/p>\n<h3 style=\"text-align: center;\">Des jets priv\u00e9s \u00e0 la location toutes distances<\/h3>\n<p style=\"text-align: justify;\">Nous pouvons \u00e9galement mettre \u00e0 votre disposition une <strong>gamme de jet priv\u00e9 l\u00e9ger<\/strong> tr\u00e8s luxueuse pour assurer vos voyages des plus prestigieux dans les villes les plus r\u00e9put\u00e9s comme Zurich en Suisse ou encore pour vous rendre en Espagne dans la ville de Barcelone. Ces <strong>jets priv\u00e9s<\/strong> vous offre une amplitude de places assises allant de 3 \u00e0 7 si\u00e8ges en fonction de vos besoins et ceux-ci vous permettrons de partir en vacance ou de vous rendre dans un pays \u00e0 plus de <strong>4300 kilom\u00e8tres<\/strong> de distance. Notre<strong> luxueuse gamme de jets priv\u00e9s<\/strong> de taille moyenne vous offrira encore plus de destination et vous pourrez voyager en \u00e9tant encore plus nombreux. Dites-nous de quoi vous avez besoin et o\u00f9 vous souhaitez aller que \u00e7a soit aux <strong>\u00c9tats-Unis<\/strong> \u00e0 <strong>New-York en famille<\/strong>, ou pour passer un weekend en amoureux \u00e0 Paris dans la ville lumi\u00e8re de la France et nous pourrons vous proposer <strong>diff\u00e9rents avions<\/strong> r\u00e9pondant \u00e0 vos besoins. Cette cat\u00e9gorie vous accompagnera avec des places assises de 6 \u00e0 9 si\u00e8ges disponibles et pour aller jusqu\u2019\u00e0 une distance de <strong>6000 kilom\u00e8tres<\/strong>.<\/p>\n<div id=\"jet-prive\">\n<h3 style=\"text-align: center;\">Des jets priv\u00e9s haut de gamme pour les longues distances<\/h3>\n<\/div>\n<p style=\"text-align: justify;\">Enfin, notre gamme la plus <strong>luxueuse de jets priv\u00e9s<\/strong> vous offrira toutes les prestations que vous souhaitez, les jets priv\u00e9s long-courriers vous permettrons de voyager avec un grand nombre de personne et l\u00e0 o\u00f9 vous le souhaitez. Vous rendre \u00e0 Paris ou en Corse sera tr\u00e8s facile que vous veniez de Russie, des \u00c9tats-Unis ou m\u00eame des \u00c9mirats Arabes Unis. Avec notre <strong>gamme de luxe<\/strong> vous pourrez <strong>voyager de 8 \u00e0 30 passagers<\/strong> dans des int\u00e9rieurs des plus prestigieux et confortables qui puissent exister\u00a0! Mc Luxury Rental vous mettra \u00e0 votre disposition un <strong>jet priv\u00e9<\/strong> qui pourra vous conduire avec vos amis ou votre famille jusqu\u2019\u00e0 plus de <strong>14 200 kilom\u00e8tres<\/strong>, de quoi vous rendre n\u2019importe o\u00f9 vous le souhaitez sur la Terre enti\u00e8re.<\/p>\n<h3 style=\"text-align: justify;\">Obtenez une devis sur mesure pour la location de votre jet priv\u00e9<\/h3>\n<p style=\"text-align: justify;\">Alors n\u2019h\u00e9sitez plus, contactez-nous pour obtenir votre devis personnalis\u00e9 pour la location de jet priv\u00e9, offre combinable avec notre service de <strong>location de voiture de luxe<\/strong> et de <strong>bateaux<\/strong> et <strong>yacht haut de gamme<\/strong> pour obtenir nos meilleurs tarifs.<\/p>\n[\/vc_column_text][\/vc_column][\/vc_row]\n","protected":false},"excerpt":{"rendered":"<p>[vc_row][vc_column][vc_column_text css=\u00a0\u00bb.vc_custom_1597330486706{margin-bottom: 0px !important;}\u00a0\u00bb] Location de jets priv\u00e9s Gr\u00e2ce a\u0300 notre partenaire sp\u00e9cialis\u00e9 dans l\u2019aviation d\u2019affaires depuis 2012, voyagez en toute s\u00e9r\u00e9nit\u00e9. Sur la C\u00f4te d\u2019Azur, en Europe ou dans le monde entier, soyez maitre de votre planning. Lors de vos d\u00e9placements, opter pour un prestataire de confiance est indispensable. Avec notre partenaire affr\u00e9teur de [&hellip;]<\/p>\n","protected":false},"author":1,"featured_media":0,"parent":0,"menu_order":0,"comment_status":"closed","ping_status":"closed","template":"","meta":{"_monsterinsights_skip_tracking":false,"_monsterinsights_sitenote_active":false,"_monsterinsights_sitenote_note":"","_monsterinsights_sitenote_category":0},"yoast_head":"<!-- This site is optimized with the Yoast SEO plugin v20.3 - https:\/\/yoast.com\/wordpress\/plugins\/seo\/ -->\n<title>Location de jet priv\u00e9 - LR Monaco<\/title>\n<meta name=\"description\" content=\"Avec notre partenaire affr\u00e9teur de location de jet prive\u0301, nous vous offrons une prestation sur mesure alliant confort et s\u00e9curit\u00e9.\" \/>\n<meta name=\"robots\" content=\"index, follow, max-snippet:-1, max-image-preview:large, max-video-preview:-1\" \/>\n<link rel=\"canonical\" href=\"https:\/\/luxury-rental-mc.com\/fr\/location-jets-prives\/\" \/>\n<meta property=\"og:locale\" content=\"fr_FR\" \/>\n<meta property=\"og:type\" content=\"article\" \/>\n<meta property=\"og:title\" content=\"Location de jet priv\u00e9 - LR Monaco\" \/>\n<meta property=\"og:description\" content=\"Avec notre partenaire affr\u00e9teur de location de jet prive\u0301, nous vous offrons une prestation sur mesure alliant confort et s\u00e9curit\u00e9.\" \/>\n<meta property=\"og:url\" content=\"https:\/\/luxury-rental-mc.com\/fr\/location-jets-prives\/\" \/>\n<meta property=\"og:site_name\" content=\"Luxury Car Rentals | Monaco, Nice, Cannes, Saint-Tropez\" \/>\n<meta property=\"article:modified_time\" content=\"2020-08-14T14:57:27+00:00\" \/>\n<meta name=\"twitter:label1\" content=\"Dur\u00e9e de lecture estim\u00e9e\" \/>\n\t<meta name=\"twitter:data1\" content=\"5 minutes\" \/>\n<script type=\"application\/ld+json\" class=\"yoast-schema-graph\">{\"@context\":\"https:\/\/schema.org\",\"@graph\":[{\"@type\":\"WebPage\",\"@id\":\"https:\/\/luxury-rental-mc.com\/fr\/location-jets-prives\/\",\"url\":\"https:\/\/luxury-rental-mc.com\/fr\/location-jets-prives\/\",\"name\":\"Location de jet priv\u00e9 - LR Monaco\",\"isPartOf\":{\"@id\":\"https:\/\/luxury-rental-mc.com\/#website\"},\"datePublished\":\"2020-08-13T14:52:56+00:00\",\"dateModified\":\"2020-08-14T14:57:27+00:00\",\"description\":\"Avec notre partenaire affr\u00e9teur de location de jet prive\u0301, nous vous offrons une prestation sur mesure alliant confort et s\u00e9curit\u00e9.\",\"breadcrumb\":{\"@id\":\"https:\/\/luxury-rental-mc.com\/fr\/location-jets-prives\/#breadcrumb\"},\"inLanguage\":\"fr-FR\",\"potentialAction\":[{\"@type\":\"ReadAction\",\"target\":[\"https:\/\/luxury-rental-mc.com\/fr\/location-jets-prives\/\"]}]},{\"@type\":\"BreadcrumbList\",\"@id\":\"https:\/\/luxury-rental-mc.com\/fr\/location-jets-prives\/#breadcrumb\",\"itemListElement\":[{\"@type\":\"ListItem\",\"position\":1,\"name\":\"Accueil\",\"item\":\"https:\/\/luxury-rental-mc.com\/fr\/\"},{\"@type\":\"ListItem\",\"position\":2,\"name\":\"Jets Priv\u00e9s\"}]},{\"@type\":\"WebSite\",\"@id\":\"https:\/\/luxury-rental-mc.com\/#website\",\"url\":\"https:\/\/luxury-rental-mc.com\/\",\"name\":\"Luxury Car Rentals | Monaco, Nice, Cannes, Saint-Tropez\",\"description\":\"Rent the finest brands : Porsche, Ferrari, Lamborghini, Mercedes...\",\"potentialAction\":[{\"@type\":\"SearchAction\",\"target\":{\"@type\":\"EntryPoint\",\"urlTemplate\":\"https:\/\/luxury-rental-mc.com\/?s={search_term_string}\"},\"query-input\":\"required name=search_term_string\"}],\"inLanguage\":\"fr-FR\"}]}<\/script>\n<!-- \/ Yoast SEO plugin. -->","yoast_head_json":{"title":"Location de jet priv\u00e9 - LR Monaco","description":"Avec notre partenaire affr\u00e9teur de location de jet prive\u0301, nous vous offrons une prestation sur mesure alliant confort et s\u00e9curit\u00e9.","robots":{"index":"index","follow":"follow","max-snippet":"max-snippet:-1","max-image-preview":"max-image-preview:large","max-video-preview":"max-video-preview:-1"},"canonical":"https:\/\/luxury-rental-mc.com\/fr\/location-jets-prives\/","og_locale":"fr_FR","og_type":"article","og_title":"Location de jet priv\u00e9 - LR Monaco","og_description":"Avec notre partenaire affr\u00e9teur de location de jet prive\u0301, nous vous offrons une prestation sur mesure alliant confort et s\u00e9curit\u00e9.","og_url":"https:\/\/luxury-rental-mc.com\/fr\/location-jets-prives\/","og_site_name":"Luxury Car Rentals | Monaco, Nice, Cannes, Saint-Tropez","article_modified_time":"2020-08-14T14:57:27+00:00","twitter_misc":{"Dur\u00e9e de lecture estim\u00e9e":"5 minutes"},"schema":{"@context":"https:\/\/schema.org","@graph":[{"@type":"WebPage","@id":"https:\/\/luxury-rental-mc.com\/fr\/location-jets-prives\/","url":"https:\/\/luxury-rental-mc.com\/fr\/location-jets-prives\/","name":"Location de jet priv\u00e9 - LR Monaco","isPartOf":{"@id":"https:\/\/luxury-rental-mc.com\/#website"},"datePublished":"2020-08-13T14:52:56+00:00","dateModified":"2020-08-14T14:57:27+00:00","description":"Avec notre partenaire affr\u00e9teur de location de jet prive\u0301, nous vous offrons une prestation sur mesure alliant confort et s\u00e9curit\u00e9.","breadcrumb":{"@id":"https:\/\/luxury-rental-mc.com\/fr\/location-jets-prives\/#breadcrumb"},"inLanguage":"fr-FR","potentialAction":[{"@type":"ReadAction","target":["https:\/\/luxury-rental-mc.com\/fr\/location-jets-prives\/"]}]},{"@type":"BreadcrumbList","@id":"https:\/\/luxury-rental-mc.com\/fr\/location-jets-prives\/#breadcrumb","itemListElement":[{"@type":"ListItem","position":1,"name":"Accueil","item":"https:\/\/luxury-rental-mc.com\/fr\/"},{"@type":"ListItem","position":2,"name":"Jets Priv\u00e9s"}]},{"@type":"WebSite","@id":"https:\/\/luxury-rental-mc.com\/#website","url":"https:\/\/luxury-rental-mc.com\/","name":"Luxury Car Rentals | Monaco, Nice, Cannes, Saint-Tropez","description":"Rent the finest brands : Porsche, Ferrari, Lamborghini, Mercedes...","potentialAction":[{"@type":"SearchAction","target":{"@type":"EntryPoint","urlTemplate":"https:\/\/luxury-rental-mc.com\/?s={search_term_string}"},"query-input":"required name=search_term_string"}],"inLanguage":"fr-FR"}]}},"_links":{"self":[{"href":"https:\/\/luxury-rental-mc.com\/fr\/wp-json\/wp\/v2\/pages\/80106\/"}],"collection":[{"href":"https:\/\/luxury-rental-mc.com\/fr\/wp-json\/wp\/v2\/pages\/"}],"about":[{"href":"https:\/\/luxury-rental-mc.com\/fr\/wp-json\/wp\/v2\/types\/page\/"}],"author":[{"embeddable":true,"href":"https:\/\/luxury-rental-mc.com\/fr\/wp-json\/wp\/v2\/users\/1\/"}],"replies":[{"embeddable":true,"href":"https:\/\/luxury-rental-mc.com\/fr\/wp-json\/wp\/v2\/comments\/?post=80106"}],"version-history":[{"count":8,"href":"https:\/\/luxury-rental-mc.com\/fr\/wp-json\/wp\/v2\/pages\/80106\/revisions\/"}],"predecessor-version":[{"id":80110,"href":"https:\/\/luxury-rental-mc.com\/fr\/wp-json\/wp\/v2\/pages\/80106\/revisions\/80110\/"}],"wp:attachment":[{"href":"https:\/\/luxury-rental-mc.com\/fr\/wp-json\/wp\/v2\/media\/?parent=80106"}],"curies":[{"name":"wp","href":"https:\/\/api.w.org\/{rel}","templated":true}]}}