{"id":80145,"date":"2020-08-13T19:36:13","date_gmt":"2020-08-13T17:36:13","guid":{"rendered":"https:\/\/luxury-rental-mc.com\/?page_id=80145"},"modified":"2020-08-14T14:58:15","modified_gmt":"2020-08-14T12:58:15","slug":"location-bateaux","status":"publish","type":"page","link":"https:\/\/luxury-rental-mc.com\/fr\/location-bateaux\/","title":{"rendered":"Bateaux"},"content":{"rendered":"[vc_row][vc_column][vc_column_text css=\u00a0\u00bb.vc_custom_1597340641635{margin-bottom: 0px !important;}\u00a0\u00bb]\n<h1 style=\"text-align: center;\">Location de bateaux de luxe<\/h1>\n<blockquote>\n<p style=\"text-align: center;\">\u00a0La mer est un espace de vigueur et de libert\u00e9 \u00bb Victor Hugo.<\/p>\n<\/blockquote>\n<p style=\"text-align: justify;\">Vous l\u2019aurez compris, MC Luxury Rental vous offre ses services pour la <a href=\"#location-yacht\">location de bateaux de luxe<\/a>. Fort de notre exp\u00e9rience dans le domaine de la <a href=\"https:\/\/luxury-rental-mc.com\/fr\/location-voiture-luxe\">location de voiture de prestige<\/a> et de notre habitude \u00e0 organiser vos d\u00e9placements aussi bien qu\u2019une <strong>conciergerie<\/strong>, nous avons dor\u00e9navant d\u00e9cid\u00e9 de vous accompagner sur la mer. Notre polyvalence dans le monde de la <strong>location<\/strong> vous permettre par le biais de notre soci\u00e9t\u00e9 <strong>MC Luxury Rental<\/strong> de vous offrir des services que vous ne trouverez nul-part ailleurs. Pouvant allier Terre et Mer en allant au port de Monaco r\u00e9cup\u00e9rer votre <strong>bateau de luxe<\/strong> \u00e0 l\u2019aide d\u2019une prestigieuse Lamborghini Huracan spider (cabriolet).<\/p>\n[\/vc_column_text][\/vc_column][\/vc_row][vc_row][vc_column width=\u00a0\u00bb1\/4&Prime;][\/vc_column][vc_column width=\u00a0\u00bb1\/2&Prime;][mk_image_slideshow images=\u00a0\u00bb80146,80148,80150,80152,80154,80156&Prime; image_height=\u00a0\u00bb450&Prime;][\/vc_column][vc_column width=\u00a0\u00bb1\/4&Prime;][\/vc_column][\/vc_row][vc_row][vc_column][vc_column_text css=\u00a0\u00bb.vc_custom_1597409893391{margin-bottom: 0px !important;}\u00a0\u00bb]\n<h2 style=\"text-align: center;\">Une offre de location de bateau prestigieux<\/h2>\n<p style=\"text-align: justify;\">Notre <strong>offre de location<\/strong> dans le domaine maritime est tr\u00e8s vari\u00e9e et nous sommes capable de mettre \u00e0 votre disposition le <strong>bateau<\/strong> que vous voulez. Jusqu\u2019aux plus <strong>prestigieux yachts de luxe<\/strong>, vous pourrez avec votre<strong> famille et\/ou vos amis<\/strong> profiter de la mer m\u00e9diterran\u00e9enne dans l\u2019un des plus luxueux bateaux que vous aurez connus. La location de yachts de luxe vous permettra d\u2019organiser \u00e9galement de nombreux \u00e9v\u00e9nements avec des <strong>bateaux \u00e0 quai<\/strong>. Faire plaisir \u00e0 votre <strong>famille sur un yacht<\/strong> pendant le grand prix de F1 vous permettra d\u2019assister \u00e0 la course de la plus belle des fa\u00e7ons. Invitez tous vos <strong>amis \u00e0 bord de votre bateau de luxe<\/strong> pour f\u00eater votre mariage des plus luxueux qui soit ! Organisez votre s\u00e9minaire d\u2019entreprise pour mettre en valeur votre soci\u00e9t\u00e9 et vos employ\u00e9, louez un yacht de luxe pendant des \u00e9v\u00e8nements professionnels comme le MIPIM \u00e0 Cannes. Le MIPTV azur\u00e9en sera bien plus agr\u00e9able pour votre \u00e9quipe \u00e0 bord de l\u2019un de nos <strong>bateaux de luxe<\/strong>. Nous pourrons \u00e9galement vous offrir nos services sur mesure pour des \u00e9v\u00e9nements se d\u00e9roulant sur la C\u00f4te d\u2019Azur comme le festival de Cannes ou encore le TFWA et le MIPCOM.<\/p>\n<h3 style=\"text-align: center;\">Des yachts de luxe \u00e0 la location pour les \u00e9v\u00e9nements \u00e0 Monaco<\/h3>\n<p style=\"text-align: justify;\">Vous serez tr\u00e8s heureux de retrouver votre location de yacht de luxe apr\u00e8s avoir assist\u00e9 au match de tennis de votre joueur favori au Rolex Monte-Carlo Masters \u00e0 Monaco, au <strong>milieu des voitures et des bateaux<\/strong> des plus luxueux du monde entier ! Profitez \u00e9galement de notre offre promotionnel en combinant nos services de location de yacht haut de gamme avec notre secteur de <strong>location de voitures de luxe<\/strong> vous obtiendrez une r\u00e9duction de 20% sur le prix du v\u00e9hicule de votre. C\u2019est en <strong>louant le bateau<\/strong> de vos r\u00eaves que vous pourrez vous d\u00e9placer dans Monaco en en location de Ferrari ou Rolls Royce pas cher.<\/p>\n<div id=\"location-yacht\">\n<h3 style=\"text-align: center;\">Une gamme de yacht de luxe pour des balades en mer !<\/h3>\n<\/div>\n<p style=\"text-align: justify;\">Dans notre <strong>cat\u00e9gorie de yacht de luxe<\/strong> nous poss\u00e9dons une gamme tr\u00e8s large commen\u00e7ant \u00e0 8 m\u00e8tres de long pour ces <strong>petits bateaux de luxe<\/strong> jusqu\u2019\u00e0 86 m\u00e8tres pour qu\u2019on ne voit que vous sur la mer m\u00e9diterran\u00e9e ! \u00c0 bord de ces <strong>yacht de luxe<\/strong> vous ne passerez pas inaper\u00e7u que vous soyez en vacance avec votre famille et vos amis ou que vous organisiez un \u00e9v\u00e9nement pour votre entreprise et ch\u00e9rir vos <strong>employ\u00e9s sous le soleil azur\u00e9en<\/strong>. Jusqu\u2019\u00e0 40 passagers peuvent prendre place dans nos yachts de prestige tout en conservant un <strong>confort obligatoire<\/strong> qui d\u00e9finira vos vacances de luxe. Dans notre <strong>flotte de bateaux<\/strong> vous retrouverez \u00e9galement notre gamme de catamarans qui faciliterons l\u2019organisation de vos \u00e9v\u00e9nements promotionnels et festifs avec une capacit\u00e9 d\u2019accueil bien plus importantes <strong>jusqu\u2019\u00e0 120 personnes<\/strong> gr\u00e2ce \u00e0 leur pont offrant une surface importante.<\/p>\n<h3 style=\"text-align: center;\">Nos services dans la location de bateaux de luxe se diff\u00e9rencient en diff\u00e9rentes cat\u00e9gories.<\/h3>\n<p style=\"text-align: justify;\">Nous pourrons vous <strong>proposer de la location classiques de yachts<\/strong> et autres <strong>bateaux haut de gamme<\/strong> avec des prestations sur mesure. Vous pourrez \u00e9galement organiser par le biais de notre agence Mc Luxury Rental des \u00e9v\u00e9nements yachts \u00e0 quai. Des croisi\u00e8res en M\u00e9diterran\u00e9e seront \u00e9galement envisageable pour vous et gr\u00e2ce \u00e0 nous, vous sillonnerez cette <strong>mer azur\u00e9enne<\/strong> \u00e0 la d\u00e9couverte des plus belles villes du sud de l\u2019Europe et du nord de l\u2019Afrique. Enfin, profitez de notre offre de transfert et de taxi boat pour vous d\u00e9placer de la <strong>meilleure des mani\u00e8res d\u2019un h\u00f4tel<\/strong> \u00e0 l\u2019autre ou pour rejoindre votre villa de luxe \u00e0 <strong>Saint-Tropez<\/strong> apr\u00e8s un weekend au Fairmont \u00e0 Monaco Monte-Carlo.<\/p>\n<p style=\"text-align: justify;\">Alors n\u2019h\u00e9sitez plus et <strong>contactez-nous par mail<\/strong> ou t\u00e9l\u00e9phone pour obtenir votre devis personnalis\u00e9 en fonction des prestations sur mesure que vous souhaitez, avec <strong>Mc Luxury Rental<\/strong>, vos r\u00eaves seront r\u00e9alit\u00e9s.<\/p>\n[\/vc_column_text][\/vc_column][\/vc_row]\n","protected":false},"excerpt":{"rendered":"<p>[vc_row][vc_column][vc_column_text css=\u00a0\u00bb.vc_custom_1597340641635{margin-bottom: 0px !important;}\u00a0\u00bb] Location de bateaux de luxe \u00a0La mer est un espace de vigueur et de libert\u00e9 \u00bb Victor Hugo. Vous l\u2019aurez compris, MC Luxury Rental vous offre ses services pour la location de bateaux de luxe. Fort de notre exp\u00e9rience dans le domaine de la location de voiture de prestige et de [&hellip;]<\/p>\n","protected":false},"author":1,"featured_media":0,"parent":0,"menu_order":0,"comment_status":"closed","ping_status":"closed","template":"","meta":{"_monsterinsights_skip_tracking":false,"_monsterinsights_sitenote_active":false,"_monsterinsights_sitenote_note":"","_monsterinsights_sitenote_category":0},"yoast_head":"<!-- This site is optimized with the Yoast SEO plugin v20.3 - https:\/\/yoast.com\/wordpress\/plugins\/seo\/ -->\n<title>Location de Bateaux \/ Yachts de luxe - LR MC<\/title>\n<meta name=\"description\" content=\"Notre offre de location dans le domaine maritime est tr\u00e8s vari\u00e9e et nous sommes capable de mettre \u00e0 votre disposition le bateau que vous voulez.\" \/>\n<meta name=\"robots\" content=\"index, follow, max-snippet:-1, max-image-preview:large, max-video-preview:-1\" \/>\n<link rel=\"canonical\" href=\"https:\/\/luxury-rental-mc.com\/fr\/location-bateaux\/\" \/>\n<meta property=\"og:locale\" content=\"fr_FR\" \/>\n<meta property=\"og:type\" content=\"article\" \/>\n<meta property=\"og:title\" content=\"Location de Bateaux \/ Yachts de luxe - LR MC\" \/>\n<meta property=\"og:description\" content=\"Notre offre de location dans le domaine maritime est tr\u00e8s vari\u00e9e et nous sommes capable de mettre \u00e0 votre disposition le bateau que vous voulez.\" \/>\n<meta property=\"og:url\" content=\"https:\/\/luxury-rental-mc.com\/fr\/location-bateaux\/\" \/>\n<meta property=\"og:site_name\" content=\"Luxury Car Rentals | Monaco, Nice, Cannes, Saint-Tropez\" \/>\n<meta property=\"article:modified_time\" content=\"2020-08-14T12:58:15+00:00\" \/>\n<meta name=\"twitter:label1\" content=\"Dur\u00e9e de lecture estim\u00e9e\" \/>\n\t<meta name=\"twitter:data1\" content=\"4 minutes\" \/>\n<script type=\"application\/ld+json\" class=\"yoast-schema-graph\">{\"@context\":\"https:\/\/schema.org\",\"@graph\":[{\"@type\":\"WebPage\",\"@id\":\"https:\/\/luxury-rental-mc.com\/fr\/location-bateaux\/\",\"url\":\"https:\/\/luxury-rental-mc.com\/fr\/location-bateaux\/\",\"name\":\"Location de Bateaux \/ Yachts de luxe - LR MC\",\"isPartOf\":{\"@id\":\"https:\/\/luxury-rental-mc.com\/#website\"},\"datePublished\":\"2020-08-13T17:36:13+00:00\",\"dateModified\":\"2020-08-14T12:58:15+00:00\",\"description\":\"Notre offre de location dans le domaine maritime est tr\u00e8s vari\u00e9e et nous sommes capable de mettre \u00e0 votre disposition le bateau que vous voulez.\",\"breadcrumb\":{\"@id\":\"https:\/\/luxury-rental-mc.com\/fr\/location-bateaux\/#breadcrumb\"},\"inLanguage\":\"fr-FR\",\"potentialAction\":[{\"@type\":\"ReadAction\",\"target\":[\"https:\/\/luxury-rental-mc.com\/fr\/location-bateaux\/\"]}]},{\"@type\":\"BreadcrumbList\",\"@id\":\"https:\/\/luxury-rental-mc.com\/fr\/location-bateaux\/#breadcrumb\",\"itemListElement\":[{\"@type\":\"ListItem\",\"position\":1,\"name\":\"Accueil\",\"item\":\"https:\/\/luxury-rental-mc.com\/fr\/\"},{\"@type\":\"ListItem\",\"position\":2,\"name\":\"Bateaux\"}]},{\"@type\":\"WebSite\",\"@id\":\"https:\/\/luxury-rental-mc.com\/#website\",\"url\":\"https:\/\/luxury-rental-mc.com\/\",\"name\":\"Luxury Car Rentals | Monaco, Nice, Cannes, Saint-Tropez\",\"description\":\"Rent the finest brands : Porsche, Ferrari, Lamborghini, Mercedes...\",\"potentialAction\":[{\"@type\":\"SearchAction\",\"target\":{\"@type\":\"EntryPoint\",\"urlTemplate\":\"https:\/\/luxury-rental-mc.com\/?s={search_term_string}\"},\"query-input\":\"required name=search_term_string\"}],\"inLanguage\":\"fr-FR\"}]}<\/script>\n<!-- \/ Yoast SEO plugin. -->","yoast_head_json":{"title":"Location de Bateaux \/ Yachts de luxe - LR MC","description":"Notre offre de location dans le domaine maritime est tr\u00e8s vari\u00e9e et nous sommes capable de mettre \u00e0 votre disposition le bateau que vous voulez.","robots":{"index":"index","follow":"follow","max-snippet":"max-snippet:-1","max-image-preview":"max-image-preview:large","max-video-preview":"max-video-preview:-1"},"canonical":"https:\/\/luxury-rental-mc.com\/fr\/location-bateaux\/","og_locale":"fr_FR","og_type":"article","og_title":"Location de Bateaux \/ Yachts de luxe - LR MC","og_description":"Notre offre de location dans le domaine maritime est tr\u00e8s vari\u00e9e et nous sommes capable de mettre \u00e0 votre disposition le bateau que vous voulez.","og_url":"https:\/\/luxury-rental-mc.com\/fr\/location-bateaux\/","og_site_name":"Luxury Car Rentals | Monaco, Nice, Cannes, Saint-Tropez","article_modified_time":"2020-08-14T12:58:15+00:00","twitter_misc":{"Dur\u00e9e de lecture estim\u00e9e":"4 minutes"},"schema":{"@context":"https:\/\/schema.org","@graph":[{"@type":"WebPage","@id":"https:\/\/luxury-rental-mc.com\/fr\/location-bateaux\/","url":"https:\/\/luxury-rental-mc.com\/fr\/location-bateaux\/","name":"Location de Bateaux \/ Yachts de luxe - LR MC","isPartOf":{"@id":"https:\/\/luxury-rental-mc.com\/#website"},"datePublished":"2020-08-13T17:36:13+00:00","dateModified":"2020-08-14T12:58:15+00:00","description":"Notre offre de location dans le domaine maritime est tr\u00e8s vari\u00e9e et nous sommes capable de mettre \u00e0 votre disposition le bateau que vous voulez.","breadcrumb":{"@id":"https:\/\/luxury-rental-mc.com\/fr\/location-bateaux\/#breadcrumb"},"inLanguage":"fr-FR","potentialAction":[{"@type":"ReadAction","target":["https:\/\/luxury-rental-mc.com\/fr\/location-bateaux\/"]}]},{"@type":"BreadcrumbList","@id":"https:\/\/luxury-rental-mc.com\/fr\/location-bateaux\/#breadcrumb","itemListElement":[{"@type":"ListItem","position":1,"name":"Accueil","item":"https:\/\/luxury-rental-mc.com\/fr\/"},{"@type":"ListItem","position":2,"name":"Bateaux"}]},{"@type":"WebSite","@id":"https:\/\/luxury-rental-mc.com\/#website","url":"https:\/\/luxury-rental-mc.com\/","name":"Luxury Car Rentals | Monaco, Nice, Cannes, Saint-Tropez","description":"Rent the finest brands : Porsche, Ferrari, Lamborghini, Mercedes...","potentialAction":[{"@type":"SearchAction","target":{"@type":"EntryPoint","urlTemplate":"https:\/\/luxury-rental-mc.com\/?s={search_term_string}"},"query-input":"required name=search_term_string"}],"inLanguage":"fr-FR"}]}},"_links":{"self":[{"href":"https:\/\/luxury-rental-mc.com\/fr\/wp-json\/wp\/v2\/pages\/80145\/"}],"collection":[{"href":"https:\/\/luxury-rental-mc.com\/fr\/wp-json\/wp\/v2\/pages\/"}],"about":[{"href":"https:\/\/luxury-rental-mc.com\/fr\/wp-json\/wp\/v2\/types\/page\/"}],"author":[{"embeddable":true,"href":"https:\/\/luxury-rental-mc.com\/fr\/wp-json\/wp\/v2\/users\/1\/"}],"replies":[{"embeddable":true,"href":"https:\/\/luxury-rental-mc.com\/fr\/wp-json\/wp\/v2\/comments\/?post=80145"}],"version-history":[{"count":6,"href":"https:\/\/luxury-rental-mc.com\/fr\/wp-json\/wp\/v2\/pages\/80145\/revisions\/"}],"predecessor-version":[{"id":80164,"href":"https:\/\/luxury-rental-mc.com\/fr\/wp-json\/wp\/v2\/pages\/80145\/revisions\/80164\/"}],"wp:attachment":[{"href":"https:\/\/luxury-rental-mc.com\/fr\/wp-json\/wp\/v2\/media\/?parent=80145"}],"curies":[{"name":"wp","href":"https:\/\/api.w.org\/{rel}","templated":true}]}}