{"id":8037,"date":"2016-06-30T14:54:00","date_gmt":"2016-06-30T12:54:00","guid":{"rendered":"https:\/\/luxury-rental-mc.com\/fr\/?page_id=8037"},"modified":"2019-06-06T16:18:27","modified_gmt":"2019-06-06T14:18:27","slug":"audi-a1","status":"publish","type":"page","link":"https:\/\/luxury-rental-mc.com\/fr\/location-voiture\/audi-a1\/","title":{"rendered":"Audi A1"},"content":{"rendered":"[vc_row][vc_column width=\u00a0\u00bb2\/3&Prime;][mk_title_box size=\u00a0\u00bb16&Prime; letter_spacing=\u00a0\u00bb4&Prime; margin_bottom=\u00a0\u00bb0&Prime; font_family=\u00a0\u00bbnone\u00a0\u00bb]\n<h1><span style=\"font-size: 14pt;\">Location Audi A1<\/span><\/h1>\n[\/mk_title_box][mk_swipe_slideshow images=\u00a0\u00bb11677,11680,11682&Prime; image_width=\u00a0\u00bb750&Prime; image_height=\u00a0\u00bb380&Prime;][vc_column_text css=\u00a0\u00bb.vc_custom_1559830705169{margin-bottom: 0px !important;}\u00a0\u00bb]<span style=\"font-size: 10pt;\">L\u2019Audi A1 est la voiture citadine par excellence. Compacte, performante et confortable, cette voiture est le bon compromis pour une location \u00e9conomique. L\u2019Audi A1 nouvelle g\u00e9n\u00e9ration 2019 a \u00e9t\u00e9 totalement repens\u00e9e par le constructeur automobile allemand. Disponible \u00e0 la <strong>location courte et longue dur\u00e9e \u00e0 Monaco<\/strong>, cette Audi A1 dispose d\u2019une version 3 ou 5 portes. Son prix r\u00e9duit et sa fiabilit\u00e9 font de cette citadine la voiture id\u00e9ale pour vos d\u00e9placements professionnels. En voyage d\u2019affaires \u00e0 Nice sur la Cote d\u2019Azur ou en s\u00e9minaire \u00e0 <a href=\"https:\/\/luxury-rental-mc.com\/fr\/location-voiture-luxe\/cannes\">Cannes<\/a> \u00e0 l\u2019occasion du MIPIM ? <strong>Louer cette voiture \u00e9conomique<\/strong> pour vous d\u00e9placer en toute simplicit\u00e9 avec vos collaborateurs. L\u2019Audi A1 se montrera indispensable lors d\u2019un week end en amoureux, cette voiture de location premium vous permettra de vous \u00e9vader d\u00e8s votre arriv\u00e9e \u00e0 l\u2019<a href=\"https:\/\/luxury-rental-mc.com\/fr\/location-voiture-luxe\/nice\">a\u00e9roport de Nice Cote d\u2019Azur<\/a> ou de Marseille Marignane. A bord de l\u2019Audi A1, vous b\u00e9n\u00e9ficiez d\u2019une boite automatique et de la navigation GPS pour retrouver facilement votre route vers le village de Gordes. Louer une voiture \u00e9conomique Audi A1 4 places et faites vous plaisir au volant de cette citadine sur la route de <strong>St Tropez<\/strong>. Vous acc\u00e9derez avec facilit\u00e9 aux routes \u00e9troites de la station baln\u00e9aire fran\u00e7aise. Louer une voiture \u00e9conomique et b\u00e9n\u00e9ficiez de nos services sur mesure, r<a href=\"https:\/\/luxury-rental-mc.com\/fr\/audi\">\u00e9servez des maintenant une location d\u2019Audi A1 <\/a>\u00e0 Monaco, en France et partout en Europe 24\/7. Fini les longues heures d\u2019attente au comptoir des agences de location de v\u00e9hicule low cost, un chauffeur MC Luxury Rental vous accueillera \u00e0 votre convenance. Vous voyagez en famille ? Evitez les co\u00fbts suppl\u00e9mentaires et profitez de nos services gratuits, louez une citadine Audi A1 et nous offrons la location d\u2019un si\u00e8ge b\u00e9b\u00e9 ou un r\u00e9hausseur enfant gratuitement durant votre location de voiture. Lors de votre location de v\u00e9hicule tel que l\u2019Audi A1, un voiturier sera \u00e0 votre disposition pour vous remettre les cl\u00e9s ainsi que la voiture de location. En cas de besoin, nous proposons un service de transfert de bagages depuis l\u2019a\u00e9roport jusqu\u2019\u00e0 votre hotel.<\/span>[\/vc_column_text][\/vc_column][vc_column width=\u00a0\u00bb1\/3&Prime;][mk_padding_divider size=\u00a0\u00bb12&Prime;][mk_title_box size=\u00a0\u00bb16&Prime; letter_spacing=\u00a0\u00bb4&Prime; margin_bottom=\u00a0\u00bb0&Prime; font_family=\u00a0\u00bbnone\u00a0\u00bb]\n<h2><span style=\"font-size: 14pt;\">Tarifs<\/span><\/h2>\n[\/mk_title_box][vc_table vc_table_theme=\u00a0\u00bbsimple_pink\u00a0\u00bb][align-left]Journ%C3%A9e%20(150%20Km),[align-left]150%E2%82%AC|[b;align-left]3%20Jours%20(500%20km),[align-left]400%E2%82%AC|[b;align-left]5%20Jours%20(750%20Km),[align-left]600%E2%82%AC|[b;align-left]Jour%20supp.,[align-left]100%E2%82%AC[\/vc_table][mk_button dimension=\u00a0\u00bboutline\u00a0\u00bb size=\u00a0\u00bblarge\u00a0\u00bb icon=\u00a0\u00bbmk-li-call\u00a0\u00bb url=\u00a0\u00bbhttps:\/\/luxury-rental-mc.com\/fr\/contact\/\u00a0\u00bb align=\u00a0\u00bbcenter\u00a0\u00bb fullwidth=\u00a0\u00bbtrue\u00a0\u00bb visibility=\u00a0\u00bbhidden-sm\u00a0\u00bb]R\u00e9servation +33762841105[\/mk_button][mk_button dimension=\u00a0\u00bboutline\u00a0\u00bb size=\u00a0\u00bblarge\u00a0\u00bb icon=\u00a0\u00bbmk-li-call\u00a0\u00bb url=\u00a0\u00bbtel:+33762841105&Prime; align=\u00a0\u00bbcenter\u00a0\u00bb fullwidth=\u00a0\u00bbtrue\u00a0\u00bb visibility=\u00a0\u00bbhidden-dt\u00a0\u00bb]Reservation[\/mk_button][vc_column_text]Marque\u00a0:\u00a0Audi<br \/>\nMod\u00e8le :\u00a0A1<br \/>\nNombre de places :\u00a05<br \/>\nPuissance : 150 Ch<br \/>\nCylindr\u00e9e\u00a0: 1395 cm3<br \/>\nVitesse\u00a0max : 215\u00a0Km\/h<br \/>\nConsommation Mixte\u00a0: 4.7 l \/100 km<br \/>\nAge minimum\u00a0:\u00a018 ans[\/vc_column_text][\/vc_column][\/vc_row][vc_row fullwidth=\u00a0\u00bbtrue\u00a0\u00bb][vc_column][mk_clients clients=\u00a0\u00bb7183,7187,7173,7185,7177,7175,7179,7181,7189&Prime;][\/vc_column][\/vc_row]\n","protected":false},"excerpt":{"rendered":"<p>[vc_row][vc_column width=\u00a0\u00bb2\/3&Prime;][mk_title_box size=\u00a0\u00bb16&Prime; letter_spacing=\u00a0\u00bb4&Prime; margin_bottom=\u00a0\u00bb0&Prime; font_family=\u00a0\u00bbnone\u00a0\u00bb] Location Audi A1 [\/mk_title_box][mk_swipe_slideshow images=\u00a0\u00bb11677,11680,11682&Prime; image_width=\u00a0\u00bb750&Prime; image_height=\u00a0\u00bb380&Prime;][vc_column_text css=\u00a0\u00bb.vc_custom_1559830705169{margin-bottom: 0px !important;}\u00a0\u00bb]L\u2019Audi A1 est la voiture citadine par excellence. Compacte, performante et confortable, cette voiture est le bon compromis pour une location \u00e9conomique. L\u2019Audi A1 nouvelle g\u00e9n\u00e9ration 2019 a \u00e9t\u00e9 totalement repens\u00e9e par le constructeur automobile allemand. Disponible \u00e0 la location [&hellip;]<\/p>\n","protected":false},"author":1,"featured_media":0,"parent":7038,"menu_order":0,"comment_status":"closed","ping_status":"closed","template":"","meta":{"_monsterinsights_skip_tracking":false,"_monsterinsights_sitenote_active":false,"_monsterinsights_sitenote_note":"","_monsterinsights_sitenote_category":0},"yoast_head":"<!-- This site is optimized with the Yoast SEO plugin v20.3 - https:\/\/yoast.com\/wordpress\/plugins\/seo\/ -->\n<title>Location Audi A1, Louer une Audi A1 Nice, Cannes, Monaco - LR MC<\/title>\n<meta name=\"description\" content=\"Louer votre Audi A1 a petit prix pour la journ\u00e9e ou la semaine avec notre agence de location de voiture \u00e0 Nice, Location de voiture de luxe \u00e0 Monaco\" \/>\n<meta name=\"robots\" content=\"index, follow, max-snippet:-1, max-image-preview:large, max-video-preview:-1\" \/>\n<link rel=\"canonical\" href=\"https:\/\/luxury-rental-mc.com\/fr\/location-voiture\/audi-a1\/\" \/>\n<meta property=\"og:locale\" content=\"fr_FR\" \/>\n<meta property=\"og:type\" content=\"article\" \/>\n<meta property=\"og:title\" content=\"Location Audi A1, Louer une Audi A1 Nice, Cannes, Monaco - LR MC\" \/>\n<meta property=\"og:description\" content=\"Louer votre Audi A1 a petit prix pour la journ\u00e9e ou la semaine avec notre agence de location de voiture \u00e0 Nice, Location de voiture de luxe \u00e0 Monaco\" \/>\n<meta property=\"og:url\" content=\"https:\/\/luxury-rental-mc.com\/fr\/location-voiture\/audi-a1\/\" \/>\n<meta property=\"og:site_name\" content=\"Luxury Car Rentals | Monaco, Nice, Cannes, Saint-Tropez\" \/>\n<meta property=\"article:modified_time\" content=\"2019-06-06T14:18:27+00:00\" \/>\n<meta name=\"twitter:label1\" content=\"Dur\u00e9e de lecture estim\u00e9e\" \/>\n\t<meta name=\"twitter:data1\" content=\"3 minutes\" \/>\n<script type=\"application\/ld+json\" class=\"yoast-schema-graph\">{\"@context\":\"https:\/\/schema.org\",\"@graph\":[{\"@type\":\"WebPage\",\"@id\":\"https:\/\/luxury-rental-mc.com\/fr\/location-voiture\/audi-a1\/\",\"url\":\"https:\/\/luxury-rental-mc.com\/fr\/location-voiture\/audi-a1\/\",\"name\":\"Location Audi A1, Louer une Audi A1 Nice, Cannes, Monaco - LR MC\",\"isPartOf\":{\"@id\":\"https:\/\/luxury-rental-mc.com\/#website\"},\"datePublished\":\"2016-06-30T12:54:00+00:00\",\"dateModified\":\"2019-06-06T14:18:27+00:00\",\"description\":\"Louer votre Audi A1 a petit prix pour la journ\u00e9e ou la semaine avec notre agence de location de voiture \u00e0 Nice, Location de voiture de luxe \u00e0 Monaco\",\"breadcrumb\":{\"@id\":\"https:\/\/luxury-rental-mc.com\/fr\/location-voiture\/audi-a1\/#breadcrumb\"},\"inLanguage\":\"fr-FR\",\"potentialAction\":[{\"@type\":\"ReadAction\",\"target\":[\"https:\/\/luxury-rental-mc.com\/fr\/location-voiture\/audi-a1\/\"]}]},{\"@type\":\"BreadcrumbList\",\"@id\":\"https:\/\/luxury-rental-mc.com\/fr\/location-voiture\/audi-a1\/#breadcrumb\",\"itemListElement\":[{\"@type\":\"ListItem\",\"position\":1,\"name\":\"Accueil\",\"item\":\"https:\/\/luxury-rental-mc.com\/fr\/\"},{\"@type\":\"ListItem\",\"position\":2,\"name\":\"Location\",\"item\":\"https:\/\/luxury-rental-mc.com\/fr\/location-voiture\/\"},{\"@type\":\"ListItem\",\"position\":3,\"name\":\"Audi A1\"}]},{\"@type\":\"WebSite\",\"@id\":\"https:\/\/luxury-rental-mc.com\/#website\",\"url\":\"https:\/\/luxury-rental-mc.com\/\",\"name\":\"Luxury Car Rentals | Monaco, Nice, Cannes, Saint-Tropez\",\"description\":\"Rent the finest brands : Porsche, Ferrari, Lamborghini, Mercedes...\",\"potentialAction\":[{\"@type\":\"SearchAction\",\"target\":{\"@type\":\"EntryPoint\",\"urlTemplate\":\"https:\/\/luxury-rental-mc.com\/?s={search_term_string}\"},\"query-input\":\"required name=search_term_string\"}],\"inLanguage\":\"fr-FR\"}]}<\/script>\n<!-- \/ Yoast SEO plugin. -->","yoast_head_json":{"title":"Location Audi A1, Louer une Audi A1 Nice, Cannes, Monaco - LR MC","description":"Louer votre Audi A1 a petit prix pour la journ\u00e9e ou la semaine avec notre agence de location de voiture \u00e0 Nice, Location de voiture de luxe \u00e0 Monaco","robots":{"index":"index","follow":"follow","max-snippet":"max-snippet:-1","max-image-preview":"max-image-preview:large","max-video-preview":"max-video-preview:-1"},"canonical":"https:\/\/luxury-rental-mc.com\/fr\/location-voiture\/audi-a1\/","og_locale":"fr_FR","og_type":"article","og_title":"Location Audi A1, Louer une Audi A1 Nice, Cannes, Monaco - LR MC","og_description":"Louer votre Audi A1 a petit prix pour la journ\u00e9e ou la semaine avec notre agence de location de voiture \u00e0 Nice, Location de voiture de luxe \u00e0 Monaco","og_url":"https:\/\/luxury-rental-mc.com\/fr\/location-voiture\/audi-a1\/","og_site_name":"Luxury Car Rentals | Monaco, Nice, Cannes, Saint-Tropez","article_modified_time":"2019-06-06T14:18:27+00:00","twitter_misc":{"Dur\u00e9e de lecture estim\u00e9e":"3 minutes"},"schema":{"@context":"https:\/\/schema.org","@graph":[{"@type":"WebPage","@id":"https:\/\/luxury-rental-mc.com\/fr\/location-voiture\/audi-a1\/","url":"https:\/\/luxury-rental-mc.com\/fr\/location-voiture\/audi-a1\/","name":"Location Audi A1, Louer une Audi A1 Nice, Cannes, Monaco - LR MC","isPartOf":{"@id":"https:\/\/luxury-rental-mc.com\/#website"},"datePublished":"2016-06-30T12:54:00+00:00","dateModified":"2019-06-06T14:18:27+00:00","description":"Louer votre Audi A1 a petit prix pour la journ\u00e9e ou la semaine avec notre agence de location de voiture \u00e0 Nice, Location de voiture de luxe \u00e0 Monaco","breadcrumb":{"@id":"https:\/\/luxury-rental-mc.com\/fr\/location-voiture\/audi-a1\/#breadcrumb"},"inLanguage":"fr-FR","potentialAction":[{"@type":"ReadAction","target":["https:\/\/luxury-rental-mc.com\/fr\/location-voiture\/audi-a1\/"]}]},{"@type":"BreadcrumbList","@id":"https:\/\/luxury-rental-mc.com\/fr\/location-voiture\/audi-a1\/#breadcrumb","itemListElement":[{"@type":"ListItem","position":1,"name":"Accueil","item":"https:\/\/luxury-rental-mc.com\/fr\/"},{"@type":"ListItem","position":2,"name":"Location","item":"https:\/\/luxury-rental-mc.com\/fr\/location-voiture\/"},{"@type":"ListItem","position":3,"name":"Audi A1"}]},{"@type":"WebSite","@id":"https:\/\/luxury-rental-mc.com\/#website","url":"https:\/\/luxury-rental-mc.com\/","name":"Luxury Car Rentals | Monaco, Nice, Cannes, Saint-Tropez","description":"Rent the finest brands : Porsche, Ferrari, Lamborghini, Mercedes...","potentialAction":[{"@type":"SearchAction","target":{"@type":"EntryPoint","urlTemplate":"https:\/\/luxury-rental-mc.com\/?s={search_term_string}"},"query-input":"required name=search_term_string"}],"inLanguage":"fr-FR"}]}},"_links":{"self":[{"href":"https:\/\/luxury-rental-mc.com\/fr\/wp-json\/wp\/v2\/pages\/8037\/"}],"collection":[{"href":"https:\/\/luxury-rental-mc.com\/fr\/wp-json\/wp\/v2\/pages\/"}],"about":[{"href":"https:\/\/luxury-rental-mc.com\/fr\/wp-json\/wp\/v2\/types\/page\/"}],"author":[{"embeddable":true,"href":"https:\/\/luxury-rental-mc.com\/fr\/wp-json\/wp\/v2\/users\/1\/"}],"replies":[{"embeddable":true,"href":"https:\/\/luxury-rental-mc.com\/fr\/wp-json\/wp\/v2\/comments\/?post=8037"}],"version-history":[{"count":9,"href":"https:\/\/luxury-rental-mc.com\/fr\/wp-json\/wp\/v2\/pages\/8037\/revisions\/"}],"predecessor-version":[{"id":12419,"href":"https:\/\/luxury-rental-mc.com\/fr\/wp-json\/wp\/v2\/pages\/8037\/revisions\/12419\/"}],"up":[{"embeddable":true,"href":"https:\/\/luxury-rental-mc.com\/fr\/wp-json\/wp\/v2\/pages\/7038\/"}],"wp:attachment":[{"href":"https:\/\/luxury-rental-mc.com\/fr\/wp-json\/wp\/v2\/media\/?parent=8037"}],"curies":[{"name":"wp","href":"https:\/\/api.w.org\/{rel}","templated":true}]}}