{"id":8091,"date":"2016-07-02T10:40:04","date_gmt":"2016-07-02T08:40:04","guid":{"rendered":"https:\/\/luxury-rental-mc.com\/fr\/?page_id=8091"},"modified":"2020-03-07T10:09:30","modified_gmt":"2020-03-07T09:09:30","slug":"audi-a3","status":"publish","type":"page","link":"https:\/\/luxury-rental-mc.com\/fr\/location-voiture\/audi-a3\/","title":{"rendered":"Audi A3"},"content":{"rendered":"[vc_row][vc_column width=\u00a0\u00bb2\/3&Prime;][mk_title_box size=\u00a0\u00bb16&Prime; letter_spacing=\u00a0\u00bb4&Prime; margin_bottom=\u00a0\u00bb0&Prime; font_family=\u00a0\u00bbnone\u00a0\u00bb]\n<h1><span style=\"font-size: 14pt;\">Location Audi A3<\/span><\/h1>\n[\/mk_title_box][mk_swipe_slideshow images=\u00a0\u00bb11686,11691&Prime; image_width=\u00a0\u00bb750&Prime; image_height=\u00a0\u00bb380&Prime;][vc_column_text]\n<p><span style=\"font-size: 10pt;\">MC Luxury Rental met \u00e0 votre disposition parmi sa flotte la nouvelle Audi A3. Cette voiture allemande est la voiture familiale id\u00e9ale sur la C\u00f4te d\u2019Azur. <strong>Louer une voiture \u00e9conomique<\/strong> \u00e9quip\u00e9e d\u2019une <em>boite automatique<\/em> S Tronic et de la navigation GPS \u00e0 Monaco, en France et partout en Europe avec facilit\u00e9 et rapidit\u00e9. Notre \u00e9quipe mettra tout en oeuvre avec efficacit\u00e9 pour que vous puissiez <strong>louer une Audi A3<\/strong> sans tracas. Au volant d\u2019une Audi A3 de location, vous d\u00e9couvrez sa polyvalence en ville \u00e0 Cannes ou sur les routes d\u00e9partementales entre St Jean Cap Ferrat et Villefranche sur Mer. Nous proposons la location en courte dur\u00e9e pour un week end \u00e0 <strong>Monaco<\/strong>, un s\u00e9jour \u00e0 Nice, des vacances \u00e0 St Tropez\u2026 Ne perdez plus votre temps derri\u00e8re les comptoirs des agences de location classiques \u00e0 votre arriv\u00e9e \u00e0 l\u2019<a href=\"https:\/\/luxury-rental-mc.com\/fr\/location-voiture-luxe\/nice\">a\u00e9roport de Nice C\u00f4te d\u2019Azur<\/a>, optez pour un service sur mesure et profitez de chaque minute de vos s\u00e9jours. D\u00e8s votre arriv\u00e9e \u00e0 la Gare de Lyon Perrache, \u00e0 l\u2019<a href=\"https:\/\/luxury-rental-mc.com\/fr\/location-voiture-luxe\/milan\">a\u00e9roport de Milan Malpensa<\/a> ou Marseille Marignane, un chauffeur sur accueillera pour vous remettre imm\u00e9diatement votre Audi A3 de location. Louer un v\u00e9hicule pas cher et b\u00e9n\u00e9ficiez de <a href=\"https:\/\/luxury-rental-mc.com\/fr\/qui-sommes-nous\">services gratuits chez MC Luxury Rental<\/a>. Lors de vos s\u00e9jours avec votre enfant, nous mettons \u00e0 votre disposition <em>gratuitement un si\u00e8ge b\u00e9b\u00e9 ou un r\u00e9hausseur enfant<\/em> adapt\u00e9 \u00e0 son age pendant la dur\u00e9e de location de l\u2019Audi A3.\u00a0<\/span><span style=\"font-size: 10pt;\">Parmi nos services, notre agence propose \u00e9galement la location en longue dur\u00e9e \u00e0 Monte Carlo. Accessible aux particuliers et aux professionnels \u00e0 Monaco, la location longue dur\u00e9e offre de nombreux avantages. Contactez nous pour un devis sur mesure si vous souhaitez louer un v\u00e9hicule pas cher pour votre soci\u00e9t\u00e9.\u00a0<\/span><span style=\"font-size: 10pt;\">L\u2019Audi A3 est disponible dans nos agences partout en Europe (Ajaccio, Marbella, Monaco, Nice, Paris\u2026). Notre soci\u00e9t\u00e9 de location de v\u00e9hicule MC Luxury Rental garantit le mod\u00e8le de voiture. Pas de mauvaise surprise lors de la prise en charge du v\u00e9hicule. Pour plus de simplicit\u00e9, optez pour la livraison de l\u2019Audi A3 sur la lieu de votre choix. Dans un domaine \u00e0 St Tropez, \u00e0 l\u2019<strong>a\u00e9roport du Castellet<\/strong>, devant votre hotel \u00e0 Nice, \u00e0 l\u2019a\u00e9roport de Toulon Hy\u00e8res, en bas de votre r\u00e9sidence en Principaut\u00e9 de Monaco\u2026 Notre \u00e9quipe met tout en oeuvre pour am\u00e9liorer votre confort lors de votre location d\u2019Audi A3.<\/span><\/p>\n[\/vc_column_text][\/vc_column][vc_column width=\u00a0\u00bb1\/3&Prime;][mk_padding_divider size=\u00a0\u00bb12&Prime;][mk_title_box size=\u00a0\u00bb16&Prime; letter_spacing=\u00a0\u00bb4&Prime; margin_bottom=\u00a0\u00bb0&Prime; font_family=\u00a0\u00bbnone\u00a0\u00bb]\n<h2><span style=\"font-size: 14pt;\">Tarifs<\/span><\/h2>\n[\/mk_title_box][vc_table vc_table_theme=\u00a0\u00bbsimple_pink\u00a0\u00bb][align-left]Journ%C3%A9e%20(150%20Km),[align-left]200%E2%82%AC|[b;align-left]3%20Jours%20(500%20km),[align-left]500%E2%82%AC|[b;align-left]5%20Jours%20(750%20Km),[align-left]750%E2%82%AC|[b;align-left]Jour%20supp.,[align-left]150%E2%82%AC[\/vc_table][mk_button dimension=\u00a0\u00bboutline\u00a0\u00bb size=\u00a0\u00bblarge\u00a0\u00bb icon=\u00a0\u00bbmk-li-call\u00a0\u00bb url=\u00a0\u00bbhttps:\/\/luxury-rental-mc.com\/fr\/contact\/\u00a0\u00bb align=\u00a0\u00bbcenter\u00a0\u00bb fullwidth=\u00a0\u00bbtrue\u00a0\u00bb visibility=\u00a0\u00bbhidden-sm\u00a0\u00bb]R\u00e9servation +33762841105[\/mk_button][mk_button dimension=\u00a0\u00bboutline\u00a0\u00bb size=\u00a0\u00bblarge\u00a0\u00bb icon=\u00a0\u00bbmk-li-call\u00a0\u00bb url=\u00a0\u00bbtel:+33762841105&Prime; align=\u00a0\u00bbcenter\u00a0\u00bb fullwidth=\u00a0\u00bbtrue\u00a0\u00bb visibility=\u00a0\u00bbhidden-dt\u00a0\u00bb]Reservation[\/mk_button][vc_column_text]Marque\u00a0:\u00a0Audi<br \/>\nMod\u00e8le :\u00a0A3<br \/>\nNombre de places :\u00a05<br \/>\nPuissance :\u00a0150 Ch<br \/>\nCylindr\u00e9e\u00a0: 1395 cm3<br \/>\nVitesse\u00a0max :\u00a0220 Km\/h<br \/>\nConsommation Mixte\u00a0: 4.6 l \/100 km<br \/>\nAge minimum\u00a0:\u00a018 ans[\/vc_column_text][\/vc_column][\/vc_row][vc_row fullwidth=\u00a0\u00bbtrue\u00a0\u00bb][vc_column][mk_clients clients=\u00a0\u00bb7183,7187,7173,7185,7177,7175,7179,7181,7189&Prime;][\/vc_column][\/vc_row]\n","protected":false},"excerpt":{"rendered":"<p>[vc_row][vc_column width=\u00a0\u00bb2\/3&Prime;][mk_title_box size=\u00a0\u00bb16&Prime; letter_spacing=\u00a0\u00bb4&Prime; margin_bottom=\u00a0\u00bb0&Prime; font_family=\u00a0\u00bbnone\u00a0\u00bb] Location Audi A3 [\/mk_title_box][mk_swipe_slideshow images=\u00a0\u00bb11686,11691&Prime; image_width=\u00a0\u00bb750&Prime; image_height=\u00a0\u00bb380&Prime;][vc_column_text] MC Luxury Rental met \u00e0 votre disposition parmi sa flotte la nouvelle Audi A3. Cette voiture allemande est la voiture familiale id\u00e9ale sur la C\u00f4te d\u2019Azur. Louer une voiture \u00e9conomique \u00e9quip\u00e9e d\u2019une boite automatique S Tronic et de la navigation GPS \u00e0 [&hellip;]<\/p>\n","protected":false},"author":1,"featured_media":0,"parent":7038,"menu_order":0,"comment_status":"closed","ping_status":"closed","template":"","meta":{"_monsterinsights_skip_tracking":false,"_monsterinsights_sitenote_active":false,"_monsterinsights_sitenote_note":"","_monsterinsights_sitenote_category":0},"yoast_head":"<!-- This site is optimized with the Yoast SEO plugin v20.3 - https:\/\/yoast.com\/wordpress\/plugins\/seo\/ -->\n<title>Audi A3 - Luxury Car Rentals | Monaco, Nice, Cannes, Saint-Tropez<\/title>\n<meta name=\"robots\" content=\"index, follow, max-snippet:-1, max-image-preview:large, max-video-preview:-1\" \/>\n<link rel=\"canonical\" href=\"https:\/\/luxury-rental-mc.com\/fr\/location-voiture\/audi-a3\/\" \/>\n<meta property=\"og:locale\" content=\"fr_FR\" \/>\n<meta property=\"og:type\" content=\"article\" \/>\n<meta property=\"og:title\" content=\"Audi A3 - Luxury Car Rentals | Monaco, Nice, Cannes, Saint-Tropez\" \/>\n<meta property=\"og:description\" content=\"[vc_row][vc_column width=\u00a0\u00bb2\/3&Prime;][mk_title_box size=\u00a0\u00bb16&Prime; letter_spacing=\u00a0\u00bb4&Prime; margin_bottom=\u00a0\u00bb0&Prime; font_family=\u00a0\u00bbnone\u00a0\u00bb] Location Audi A3 [\/mk_title_box][mk_swipe_slideshow images=\u00a0\u00bb11686,11691&Prime; image_width=\u00a0\u00bb750&Prime; image_height=\u00a0\u00bb380&Prime;][vc_column_text] MC Luxury Rental met \u00e0 votre disposition parmi sa flotte la nouvelle Audi A3. Cette voiture allemande est la voiture familiale id\u00e9ale sur la C\u00f4te d\u2019Azur. Louer une voiture \u00e9conomique \u00e9quip\u00e9e d\u2019une boite automatique S Tronic et de la navigation GPS \u00e0 [&hellip;]\" \/>\n<meta property=\"og:url\" content=\"https:\/\/luxury-rental-mc.com\/fr\/location-voiture\/audi-a3\/\" \/>\n<meta property=\"og:site_name\" content=\"Luxury Car Rentals | Monaco, Nice, Cannes, Saint-Tropez\" \/>\n<meta property=\"article:modified_time\" content=\"2020-03-07T09:09:30+00:00\" \/>\n<meta name=\"twitter:label1\" content=\"Dur\u00e9e de lecture estim\u00e9e\" \/>\n\t<meta name=\"twitter:data1\" content=\"3 minutes\" \/>\n<script type=\"application\/ld+json\" class=\"yoast-schema-graph\">{\"@context\":\"https:\/\/schema.org\",\"@graph\":[{\"@type\":\"WebPage\",\"@id\":\"https:\/\/luxury-rental-mc.com\/fr\/location-voiture\/audi-a3\/\",\"url\":\"https:\/\/luxury-rental-mc.com\/fr\/location-voiture\/audi-a3\/\",\"name\":\"Audi A3 - Luxury Car Rentals | Monaco, Nice, Cannes, Saint-Tropez\",\"isPartOf\":{\"@id\":\"https:\/\/luxury-rental-mc.com\/#website\"},\"datePublished\":\"2016-07-02T08:40:04+00:00\",\"dateModified\":\"2020-03-07T09:09:30+00:00\",\"breadcrumb\":{\"@id\":\"https:\/\/luxury-rental-mc.com\/fr\/location-voiture\/audi-a3\/#breadcrumb\"},\"inLanguage\":\"fr-FR\",\"potentialAction\":[{\"@type\":\"ReadAction\",\"target\":[\"https:\/\/luxury-rental-mc.com\/fr\/location-voiture\/audi-a3\/\"]}]},{\"@type\":\"BreadcrumbList\",\"@id\":\"https:\/\/luxury-rental-mc.com\/fr\/location-voiture\/audi-a3\/#breadcrumb\",\"itemListElement\":[{\"@type\":\"ListItem\",\"position\":1,\"name\":\"Accueil\",\"item\":\"https:\/\/luxury-rental-mc.com\/fr\/\"},{\"@type\":\"ListItem\",\"position\":2,\"name\":\"Location\",\"item\":\"https:\/\/luxury-rental-mc.com\/fr\/location-voiture\/\"},{\"@type\":\"ListItem\",\"position\":3,\"name\":\"Audi A3\"}]},{\"@type\":\"WebSite\",\"@id\":\"https:\/\/luxury-rental-mc.com\/#website\",\"url\":\"https:\/\/luxury-rental-mc.com\/\",\"name\":\"Luxury Car Rentals | Monaco, Nice, Cannes, Saint-Tropez\",\"description\":\"Rent the finest brands : Porsche, Ferrari, Lamborghini, Mercedes...\",\"potentialAction\":[{\"@type\":\"SearchAction\",\"target\":{\"@type\":\"EntryPoint\",\"urlTemplate\":\"https:\/\/luxury-rental-mc.com\/?s={search_term_string}\"},\"query-input\":\"required name=search_term_string\"}],\"inLanguage\":\"fr-FR\"}]}<\/script>\n<!-- \/ Yoast SEO plugin. -->","yoast_head_json":{"title":"Audi A3 - Luxury Car Rentals | Monaco, Nice, Cannes, Saint-Tropez","robots":{"index":"index","follow":"follow","max-snippet":"max-snippet:-1","max-image-preview":"max-image-preview:large","max-video-preview":"max-video-preview:-1"},"canonical":"https:\/\/luxury-rental-mc.com\/fr\/location-voiture\/audi-a3\/","og_locale":"fr_FR","og_type":"article","og_title":"Audi A3 - Luxury Car Rentals | Monaco, Nice, Cannes, Saint-Tropez","og_description":"[vc_row][vc_column width=\u00a0\u00bb2\/3&Prime;][mk_title_box size=\u00a0\u00bb16&Prime; letter_spacing=\u00a0\u00bb4&Prime; margin_bottom=\u00a0\u00bb0&Prime; font_family=\u00a0\u00bbnone\u00a0\u00bb] Location Audi A3 [\/mk_title_box][mk_swipe_slideshow images=\u00a0\u00bb11686,11691&Prime; image_width=\u00a0\u00bb750&Prime; image_height=\u00a0\u00bb380&Prime;][vc_column_text] MC Luxury Rental met \u00e0 votre disposition parmi sa flotte la nouvelle Audi A3. Cette voiture allemande est la voiture familiale id\u00e9ale sur la C\u00f4te d\u2019Azur. Louer une voiture \u00e9conomique \u00e9quip\u00e9e d\u2019une boite automatique S Tronic et de la navigation GPS \u00e0 [&hellip;]","og_url":"https:\/\/luxury-rental-mc.com\/fr\/location-voiture\/audi-a3\/","og_site_name":"Luxury Car Rentals | Monaco, Nice, Cannes, Saint-Tropez","article_modified_time":"2020-03-07T09:09:30+00:00","twitter_misc":{"Dur\u00e9e de lecture estim\u00e9e":"3 minutes"},"schema":{"@context":"https:\/\/schema.org","@graph":[{"@type":"WebPage","@id":"https:\/\/luxury-rental-mc.com\/fr\/location-voiture\/audi-a3\/","url":"https:\/\/luxury-rental-mc.com\/fr\/location-voiture\/audi-a3\/","name":"Audi A3 - Luxury Car Rentals | Monaco, Nice, Cannes, Saint-Tropez","isPartOf":{"@id":"https:\/\/luxury-rental-mc.com\/#website"},"datePublished":"2016-07-02T08:40:04+00:00","dateModified":"2020-03-07T09:09:30+00:00","breadcrumb":{"@id":"https:\/\/luxury-rental-mc.com\/fr\/location-voiture\/audi-a3\/#breadcrumb"},"inLanguage":"fr-FR","potentialAction":[{"@type":"ReadAction","target":["https:\/\/luxury-rental-mc.com\/fr\/location-voiture\/audi-a3\/"]}]},{"@type":"BreadcrumbList","@id":"https:\/\/luxury-rental-mc.com\/fr\/location-voiture\/audi-a3\/#breadcrumb","itemListElement":[{"@type":"ListItem","position":1,"name":"Accueil","item":"https:\/\/luxury-rental-mc.com\/fr\/"},{"@type":"ListItem","position":2,"name":"Location","item":"https:\/\/luxury-rental-mc.com\/fr\/location-voiture\/"},{"@type":"ListItem","position":3,"name":"Audi A3"}]},{"@type":"WebSite","@id":"https:\/\/luxury-rental-mc.com\/#website","url":"https:\/\/luxury-rental-mc.com\/","name":"Luxury Car Rentals | Monaco, Nice, Cannes, Saint-Tropez","description":"Rent the finest brands : Porsche, Ferrari, Lamborghini, Mercedes...","potentialAction":[{"@type":"SearchAction","target":{"@type":"EntryPoint","urlTemplate":"https:\/\/luxury-rental-mc.com\/?s={search_term_string}"},"query-input":"required name=search_term_string"}],"inLanguage":"fr-FR"}]}},"_links":{"self":[{"href":"https:\/\/luxury-rental-mc.com\/fr\/wp-json\/wp\/v2\/pages\/8091\/"}],"collection":[{"href":"https:\/\/luxury-rental-mc.com\/fr\/wp-json\/wp\/v2\/pages\/"}],"about":[{"href":"https:\/\/luxury-rental-mc.com\/fr\/wp-json\/wp\/v2\/types\/page\/"}],"author":[{"embeddable":true,"href":"https:\/\/luxury-rental-mc.com\/fr\/wp-json\/wp\/v2\/users\/1\/"}],"replies":[{"embeddable":true,"href":"https:\/\/luxury-rental-mc.com\/fr\/wp-json\/wp\/v2\/comments\/?post=8091"}],"version-history":[{"count":7,"href":"https:\/\/luxury-rental-mc.com\/fr\/wp-json\/wp\/v2\/pages\/8091\/revisions\/"}],"predecessor-version":[{"id":49348,"href":"https:\/\/luxury-rental-mc.com\/fr\/wp-json\/wp\/v2\/pages\/8091\/revisions\/49348\/"}],"up":[{"embeddable":true,"href":"https:\/\/luxury-rental-mc.com\/fr\/wp-json\/wp\/v2\/pages\/7038\/"}],"wp:attachment":[{"href":"https:\/\/luxury-rental-mc.com\/fr\/wp-json\/wp\/v2\/media\/?parent=8091"}],"curies":[{"name":"wp","href":"https:\/\/api.w.org\/{rel}","templated":true}]}}