{"id":8100,"date":"2016-07-04T15:21:38","date_gmt":"2016-07-04T13:21:38","guid":{"rendered":"https:\/\/luxury-rental-mc.com\/fr\/?page_id=8100"},"modified":"2020-06-29T17:33:30","modified_gmt":"2020-06-29T15:33:30","slug":"audi-r8-v10-spider","status":"publish","type":"page","link":"https:\/\/luxury-rental-mc.com\/fr\/location-voiture\/audi-r8-v10-spider\/","title":{"rendered":"Audi R8 V10 Spider"},"content":{"rendered":"[vc_row][vc_column width=\u00a0\u00bb2\/3&Prime;][mk_title_box size=\u00a0\u00bb16&Prime; letter_spacing=\u00a0\u00bb4&Prime; margin_bottom=\u00a0\u00bb0&Prime; font_family=\u00a0\u00bbnone\u00a0\u00bb]\n<h1><span style=\"font-size: 14pt;\">Location Audi\u00a0R8 V10 Spider<\/span><\/h1>\n[\/mk_title_box][mk_swipe_slideshow images=\u00a0\u00bb45751,45758,45754,45756&Prime; image_width=\u00a0\u00bb750&Prime; image_height=\u00a0\u00bb380&Prime;][vc_column_text css=\u00a0\u00bb.vc_custom_1555309105043{margin-bottom: 0px !important;}\u00a0\u00bb]\n<p style=\"text-align: justify;\"><span style=\"font-size: 10pt;\">L\u2019Audi R8 V10 Spider est devenue au fil du temps la voiture de sport embl\u00e9matique du constructeur allemand Audi, et cette supercar de luxe est disponible \u00e0 la location courte ou longue dur\u00e9e dans nos agences de location automobile MC Luxury Rental.\u00a0\u00ab N\u00e9e sur la piste. Construite pour la route \u00bb, L\u2019Audi R8 V10 Spyder est une voiture sportive de location \u00e0 deux places.\u00a0Alors peu importe votre destination en Europe, pour un weekend romantique \u00e0 <strong>Monaco<\/strong>, pour une semaine \u00e0 Bordeaux ou alors pendant un mois pour qu\u2019elle devienne votre voiture quotidienne \u00e0 Paris, <a href=\"https:\/\/luxury-rental-mc.com\/fr\/news-fr\/audi-r8-spyder\">louer la nouvelle Audi R8 V10 spider<\/a> vous comblera. Louer cette d\u00e9clinaison de l\u2019Audi R8 V10 convertible vous permettra de profiter du soleil avec les cheveux au vent \u00e0 <strong>Portofino<\/strong>, et vous satisfera parfaitement pendant votre vill\u00e9giature \u00e0 Lyon, <a href=\"https:\/\/luxury-rental-mc.com\/fr\/location-voiture-luxe\/barcelone\">Barcelone<\/a> ou encore Florence. Lors de votre <strong>location d\u2019Audi R8 V10 spider<\/strong>, le s\u00e9lecteur vous permettra de choisir une conduite allant de confort jusqu\u2019\u00e0 dynamique pour les plus audacieux. Ce cabriolet de sport est \u00e9quip\u00e9 d\u2019un moteur V10 de 5,2 L qui d\u00e9veloppe 540 chevaux, assez puissant pour abattre le 0 \u00e0 100 km\/h en seulement 3,6 secondes. <a href=\"https:\/\/luxury-rental-mc.com\/fr\/location-voiture-luxe\/monaco\">R\u00e9servez une location de cette luxueuse Audi R8 V10 cabriolet \u00e0 Monaco<\/a> aupr\u00e8s de notre agence de location MC Luxury Rental et nos \u00e9quipes se feront un plaisir de vous livrer ce prestigieux v\u00e9hicule de sport devant votre h\u00f4tel \u00e0 Gordes, au Port de\u00a0<strong>Cannes<\/strong>\u00a0devant votre yacht, \u00e0 votre villa \u00e0 <strong>Saint Tropez<\/strong>, \u00e0 l\u2019h\u00e9liport de Monaco ou \u00e0 l\u2019<strong>a\u00e9roport de Nice C\u00f4te d\u2019Azur<\/strong>, ou tout autre lieu de d\u00e9part de votre choix afin de faciliter vos d\u00e9placements partout en Europe. Pour un s\u00e9jour en couple \u00e0 <strong>Barcelone<\/strong>, un voyage d\u2019affaire \u00e0 <strong>Gen\u00e8ve<\/strong> ou encore des vacances \u00e0 <strong>Milan<\/strong>, louer une superbe voiture de sport Audi R8 V10 spider, vous offrira beaucoup de plaisir.<\/span><\/p>\n[\/vc_column_text][\/vc_column][vc_column width=\u00a0\u00bb1\/3&Prime;][mk_padding_divider size=\u00a0\u00bb12&Prime;][mk_title_box size=\u00a0\u00bb16&Prime; letter_spacing=\u00a0\u00bb4&Prime; margin_bottom=\u00a0\u00bb0&Prime; font_family=\u00a0\u00bbnone\u00a0\u00bb]\n<h2><span style=\"font-size: 14pt;\">Tarifs<\/span><\/h2>\n[\/mk_title_box][vc_table vc_table_theme=\u00a0\u00bbsimple_pink\u00a0\u00bb][align-left]Journ%C3%A9e%20(150%20Km),[align-left]1300%E2%82%AC|[b;align-left]3%20Jours%20(500%20km),[align-left]3500%E2%82%AC|[b;align-left]5%20Jours%20(750%20Km),[align-left]5300%E2%82%AC|[b;align-left]Jour%20supp.,[align-left]1000%E2%82%AC[\/vc_table][mk_button dimension=\u00a0\u00bboutline\u00a0\u00bb size=\u00a0\u00bblarge\u00a0\u00bb icon=\u00a0\u00bbmk-li-call\u00a0\u00bb url=\u00a0\u00bbhttps:\/\/luxury-rental-mc.com\/fr\/contact\/\u00a0\u00bb align=\u00a0\u00bbcenter\u00a0\u00bb fullwidth=\u00a0\u00bbtrue\u00a0\u00bb visibility=\u00a0\u00bbhidden-sm\u00a0\u00bb]R\u00e9servation +33762841105[\/mk_button][mk_button dimension=\u00a0\u00bboutline\u00a0\u00bb size=\u00a0\u00bblarge\u00a0\u00bb icon=\u00a0\u00bbmk-li-call\u00a0\u00bb url=\u00a0\u00bbtel:+33762841105&Prime; align=\u00a0\u00bbcenter\u00a0\u00bb fullwidth=\u00a0\u00bbtrue\u00a0\u00bb visibility=\u00a0\u00bbhidden-dt\u00a0\u00bb]Reservation[\/mk_button][vc_column_text]Marque\u00a0:\u00a0Audi<br \/>\nMod\u00e8le :\u00a0R8 V10 Spider<br \/>\nNombre de places : 2<br \/>\nPuissance : 525\u00a0Ch<br \/>\nCylindr\u00e9e\u00a0: 5204\u00a0cm3<br \/>\nVitesse\u00a0max : 313\u00a0Km\/h<br \/>\nConsommation Mixte\u00a0: 14.9\u00a0l \/100 km<br \/>\nAge minimum\u00a0:\u00a018 ans[\/vc_column_text][\/vc_column][\/vc_row][vc_row fullwidth=\u00a0\u00bbtrue\u00a0\u00bb][vc_column][mk_clients clients=\u00a0\u00bb7183,7187,7173,7185,7177,7175,7179,7181,7189&Prime;][\/vc_column][\/vc_row]\n","protected":false},"excerpt":{"rendered":"<p>[vc_row][vc_column width=\u00a0\u00bb2\/3&Prime;][mk_title_box size=\u00a0\u00bb16&Prime; letter_spacing=\u00a0\u00bb4&Prime; margin_bottom=\u00a0\u00bb0&Prime; font_family=\u00a0\u00bbnone\u00a0\u00bb] Location Audi\u00a0R8 V10 Spider [\/mk_title_box][mk_swipe_slideshow images=\u00a0\u00bb45751,45758,45754,45756&Prime; image_width=\u00a0\u00bb750&Prime; image_height=\u00a0\u00bb380&Prime;][vc_column_text css=\u00a0\u00bb.vc_custom_1555309105043{margin-bottom: 0px !important;}\u00a0\u00bb] L\u2019Audi R8 V10 Spider est devenue au fil du temps la voiture de sport embl\u00e9matique du constructeur allemand Audi, et cette supercar de luxe est disponible \u00e0 la location courte ou longue dur\u00e9e dans nos agences de location [&hellip;]<\/p>\n","protected":false},"author":2,"featured_media":0,"parent":7038,"menu_order":0,"comment_status":"closed","ping_status":"closed","template":"","meta":{"_monsterinsights_skip_tracking":false,"_monsterinsights_sitenote_active":false,"_monsterinsights_sitenote_note":"","_monsterinsights_sitenote_category":0},"yoast_head":"<!-- This site is optimized with the Yoast SEO plugin v20.3 - https:\/\/yoast.com\/wordpress\/plugins\/seo\/ -->\n<title>Audi R8 V10 Spider \u00e0 louer, location voiture de luxe | LR MC<\/title>\n<meta name=\"description\" content=\"L&#039;Audi R8 V10 Spider est une voiture luxueuse et tr\u00e8s sportive. Dernier mod\u00e8le et tr\u00e8s puissant il ne vous laissera pas indiff\u00e9rent. Louez l\u00e0 ici !\" \/>\n<meta name=\"robots\" content=\"index, follow, max-snippet:-1, max-image-preview:large, max-video-preview:-1\" \/>\n<link rel=\"canonical\" href=\"https:\/\/luxury-rental-mc.com\/fr\/location-voiture\/audi-r8-v10-spider\/\" \/>\n<meta property=\"og:locale\" content=\"fr_FR\" \/>\n<meta property=\"og:type\" content=\"article\" \/>\n<meta property=\"og:title\" content=\"Audi R8 V10 Spider \u00e0 louer, location voiture de luxe | LR MC\" \/>\n<meta property=\"og:description\" content=\"L&#039;Audi R8 V10 Spider est une voiture luxueuse et tr\u00e8s sportive. Dernier mod\u00e8le et tr\u00e8s puissant il ne vous laissera pas indiff\u00e9rent. Louez l\u00e0 ici !\" \/>\n<meta property=\"og:url\" content=\"https:\/\/luxury-rental-mc.com\/fr\/location-voiture\/audi-r8-v10-spider\/\" \/>\n<meta property=\"og:site_name\" content=\"Luxury Car Rentals | Monaco, Nice, Cannes, Saint-Tropez\" \/>\n<meta property=\"article:modified_time\" content=\"2020-06-29T15:33:30+00:00\" \/>\n<meta name=\"twitter:label1\" content=\"Dur\u00e9e de lecture estim\u00e9e\" \/>\n\t<meta name=\"twitter:data1\" content=\"3 minutes\" \/>\n<script type=\"application\/ld+json\" class=\"yoast-schema-graph\">{\"@context\":\"https:\/\/schema.org\",\"@graph\":[{\"@type\":\"WebPage\",\"@id\":\"https:\/\/luxury-rental-mc.com\/fr\/location-voiture\/audi-r8-v10-spider\/\",\"url\":\"https:\/\/luxury-rental-mc.com\/fr\/location-voiture\/audi-r8-v10-spider\/\",\"name\":\"Audi R8 V10 Spider \u00e0 louer, location voiture de luxe | LR MC\",\"isPartOf\":{\"@id\":\"https:\/\/luxury-rental-mc.com\/#website\"},\"datePublished\":\"2016-07-04T13:21:38+00:00\",\"dateModified\":\"2020-06-29T15:33:30+00:00\",\"description\":\"L'Audi R8 V10 Spider est une voiture luxueuse et tr\u00e8s sportive. Dernier mod\u00e8le et tr\u00e8s puissant il ne vous laissera pas indiff\u00e9rent. Louez l\u00e0 ici !\",\"breadcrumb\":{\"@id\":\"https:\/\/luxury-rental-mc.com\/fr\/location-voiture\/audi-r8-v10-spider\/#breadcrumb\"},\"inLanguage\":\"fr-FR\",\"potentialAction\":[{\"@type\":\"ReadAction\",\"target\":[\"https:\/\/luxury-rental-mc.com\/fr\/location-voiture\/audi-r8-v10-spider\/\"]}]},{\"@type\":\"BreadcrumbList\",\"@id\":\"https:\/\/luxury-rental-mc.com\/fr\/location-voiture\/audi-r8-v10-spider\/#breadcrumb\",\"itemListElement\":[{\"@type\":\"ListItem\",\"position\":1,\"name\":\"Accueil\",\"item\":\"https:\/\/luxury-rental-mc.com\/fr\/\"},{\"@type\":\"ListItem\",\"position\":2,\"name\":\"Location\",\"item\":\"https:\/\/luxury-rental-mc.com\/fr\/location-voiture\/\"},{\"@type\":\"ListItem\",\"position\":3,\"name\":\"Audi R8 V10 Spider\"}]},{\"@type\":\"WebSite\",\"@id\":\"https:\/\/luxury-rental-mc.com\/#website\",\"url\":\"https:\/\/luxury-rental-mc.com\/\",\"name\":\"Luxury Car Rentals | Monaco, Nice, Cannes, Saint-Tropez\",\"description\":\"Rent the finest brands : Porsche, Ferrari, Lamborghini, Mercedes...\",\"potentialAction\":[{\"@type\":\"SearchAction\",\"target\":{\"@type\":\"EntryPoint\",\"urlTemplate\":\"https:\/\/luxury-rental-mc.com\/?s={search_term_string}\"},\"query-input\":\"required name=search_term_string\"}],\"inLanguage\":\"fr-FR\"}]}<\/script>\n<!-- \/ Yoast SEO plugin. -->","yoast_head_json":{"title":"Audi R8 V10 Spider \u00e0 louer, location voiture de luxe | LR MC","description":"L'Audi R8 V10 Spider est une voiture luxueuse et tr\u00e8s sportive. Dernier mod\u00e8le et tr\u00e8s puissant il ne vous laissera pas indiff\u00e9rent. Louez l\u00e0 ici !","robots":{"index":"index","follow":"follow","max-snippet":"max-snippet:-1","max-image-preview":"max-image-preview:large","max-video-preview":"max-video-preview:-1"},"canonical":"https:\/\/luxury-rental-mc.com\/fr\/location-voiture\/audi-r8-v10-spider\/","og_locale":"fr_FR","og_type":"article","og_title":"Audi R8 V10 Spider \u00e0 louer, location voiture de luxe | LR MC","og_description":"L'Audi R8 V10 Spider est une voiture luxueuse et tr\u00e8s sportive. Dernier mod\u00e8le et tr\u00e8s puissant il ne vous laissera pas indiff\u00e9rent. Louez l\u00e0 ici !","og_url":"https:\/\/luxury-rental-mc.com\/fr\/location-voiture\/audi-r8-v10-spider\/","og_site_name":"Luxury Car Rentals | Monaco, Nice, Cannes, Saint-Tropez","article_modified_time":"2020-06-29T15:33:30+00:00","twitter_misc":{"Dur\u00e9e de lecture estim\u00e9e":"3 minutes"},"schema":{"@context":"https:\/\/schema.org","@graph":[{"@type":"WebPage","@id":"https:\/\/luxury-rental-mc.com\/fr\/location-voiture\/audi-r8-v10-spider\/","url":"https:\/\/luxury-rental-mc.com\/fr\/location-voiture\/audi-r8-v10-spider\/","name":"Audi R8 V10 Spider \u00e0 louer, location voiture de luxe | LR MC","isPartOf":{"@id":"https:\/\/luxury-rental-mc.com\/#website"},"datePublished":"2016-07-04T13:21:38+00:00","dateModified":"2020-06-29T15:33:30+00:00","description":"L'Audi R8 V10 Spider est une voiture luxueuse et tr\u00e8s sportive. Dernier mod\u00e8le et tr\u00e8s puissant il ne vous laissera pas indiff\u00e9rent. Louez l\u00e0 ici !","breadcrumb":{"@id":"https:\/\/luxury-rental-mc.com\/fr\/location-voiture\/audi-r8-v10-spider\/#breadcrumb"},"inLanguage":"fr-FR","potentialAction":[{"@type":"ReadAction","target":["https:\/\/luxury-rental-mc.com\/fr\/location-voiture\/audi-r8-v10-spider\/"]}]},{"@type":"BreadcrumbList","@id":"https:\/\/luxury-rental-mc.com\/fr\/location-voiture\/audi-r8-v10-spider\/#breadcrumb","itemListElement":[{"@type":"ListItem","position":1,"name":"Accueil","item":"https:\/\/luxury-rental-mc.com\/fr\/"},{"@type":"ListItem","position":2,"name":"Location","item":"https:\/\/luxury-rental-mc.com\/fr\/location-voiture\/"},{"@type":"ListItem","position":3,"name":"Audi R8 V10 Spider"}]},{"@type":"WebSite","@id":"https:\/\/luxury-rental-mc.com\/#website","url":"https:\/\/luxury-rental-mc.com\/","name":"Luxury Car Rentals | Monaco, Nice, Cannes, Saint-Tropez","description":"Rent the finest brands : Porsche, Ferrari, Lamborghini, Mercedes...","potentialAction":[{"@type":"SearchAction","target":{"@type":"EntryPoint","urlTemplate":"https:\/\/luxury-rental-mc.com\/?s={search_term_string}"},"query-input":"required name=search_term_string"}],"inLanguage":"fr-FR"}]}},"_links":{"self":[{"href":"https:\/\/luxury-rental-mc.com\/fr\/wp-json\/wp\/v2\/pages\/8100\/"}],"collection":[{"href":"https:\/\/luxury-rental-mc.com\/fr\/wp-json\/wp\/v2\/pages\/"}],"about":[{"href":"https:\/\/luxury-rental-mc.com\/fr\/wp-json\/wp\/v2\/types\/page\/"}],"author":[{"embeddable":true,"href":"https:\/\/luxury-rental-mc.com\/fr\/wp-json\/wp\/v2\/users\/2\/"}],"replies":[{"embeddable":true,"href":"https:\/\/luxury-rental-mc.com\/fr\/wp-json\/wp\/v2\/comments\/?post=8100"}],"version-history":[{"count":9,"href":"https:\/\/luxury-rental-mc.com\/fr\/wp-json\/wp\/v2\/pages\/8100\/revisions\/"}],"predecessor-version":[{"id":71425,"href":"https:\/\/luxury-rental-mc.com\/fr\/wp-json\/wp\/v2\/pages\/8100\/revisions\/71425\/"}],"up":[{"embeddable":true,"href":"https:\/\/luxury-rental-mc.com\/fr\/wp-json\/wp\/v2\/pages\/7038\/"}],"wp:attachment":[{"href":"https:\/\/luxury-rental-mc.com\/fr\/wp-json\/wp\/v2\/media\/?parent=8100"}],"curies":[{"name":"wp","href":"https:\/\/api.w.org\/{rel}","templated":true}]}}