{"id":81096,"date":"2021-08-28T18:37:21","date_gmt":"2021-08-28T16:37:21","guid":{"rendered":"https:\/\/luxury-rental-mc.com\/?page_id=81096"},"modified":"2021-08-31T10:45:41","modified_gmt":"2021-08-31T08:45:41","slug":"devenir-franchise","status":"publish","type":"page","link":"https:\/\/luxury-rental-mc.com\/fr\/devenir-franchise\/","title":{"rendered":"Devenir franchis\u00e9"},"content":{"rendered":"[vc_row][vc_column][vc_column_text css=\u00a0\u00bb.vc_custom_1630173109361{margin-bottom: 0px !important;}\u00a0\u00bb]\n<h1 class=\"title\" style=\"text-align: center;\"><span class=\"title-text\" style=\"font-size: 18pt;\">Devenir franchis\u00e9 Luxury Car rental<\/span><\/h1>\n[\/vc_column_text][vc_column_text css=\u00a0\u00bb.vc_custom_1630399164362{margin-bottom: 0px !important;}\u00a0\u00bb]\n<div style=\"text-align: justify;\"><strong>Passionn\u00e9 d\u2019automobile<\/strong>, Entrepreneur averti, l\u2019\u00e2me d\u2019un <strong>chef d\u2019entreprise sommeil en vous<\/strong>, Vous souhaitez vous reconvertir . Ne pas d\u00e9sesp\u00e9rer, <strong>MC LUXURY RENTAL<\/strong> \u00e0 la solution 100% efficace pour vous.\u00a0 Vous \u00eates <strong>motiv\u00e9s et pr\u00eats \u00e0 vous d\u00e9passer<\/strong> . Devenir votre propre patron . Vous avez le sens des responsabilit\u00e9s alors la franchise MC LUXURY RENTAL et faites pour vous. Si Vous \u00eates \u00e0 la Recherche d\u2019une reconversion professionnelle, d\u2019une activit\u00e9 attrayante et rentable alors venez postuler pour l\u2019une de nos <strong>futures franchises<\/strong>. Cr\u00e9\u00e9e en 2010 la soci\u00e9t\u00e9 MC LUXURY RENTAL se d\u00e9veloppe tr\u00e8s rapidement, et ouvriront <strong>prochainement une vingtaine d\u2019agence en Europe<\/strong>.<\/div>\n[\/vc_column_text][\/vc_column][\/vc_row][vc_row][vc_column width=\u00a0\u00bb1\/6&Prime;][\/vc_column][vc_column width=\u00a0\u00bb2\/3&Prime;][vc_separator css=\u00a0\u00bb.vc_custom_1630398999874{padding-top: 20px !important;}\u00a0\u00bb][vc_column_text css=\u00a0\u00bb.vc_custom_1630398974479{margin-bottom: 0px !important;}\u00a0\u00bb]\n<h2 class=\"title\" style=\"text-align: center;\"><span class=\"title-text\" style=\"font-size: 18pt;\">Contactez nous pour ouvrir une franchise<\/span><\/h2>\n[\/vc_column_text]\n<div class=\"wpcf7 no-js\" id=\"wpcf7-f81115-o1\" lang=\"en-US\" dir=\"ltr\">\n<div class=\"screen-reader-response\"><p role=\"status\" aria-live=\"polite\" aria-atomic=\"true\"><\/p> <ul><\/ul><\/div>\n<form action=\"\/fr\/wp-json\/wp\/v2\/pages\/81096\/#wpcf7-f81115-o1\" method=\"post\" class=\"wpcf7-form init\" aria-label=\"Contact form\" enctype=\"multipart\/form-data\" novalidate=\"novalidate\" data-status=\"init\">\n<div style=\"display: none;\">\n<input type=\"hidden\" name=\"_wpcf7\" value=\"81115\" \/>\n<input type=\"hidden\" name=\"_wpcf7_version\" value=\"5.7.4\" \/>\n<input type=\"hidden\" name=\"_wpcf7_locale\" value=\"en_US\" \/>\n<input type=\"hidden\" name=\"_wpcf7_unit_tag\" value=\"wpcf7-f81115-o1\" \/>\n<input type=\"hidden\" name=\"_wpcf7_container_post\" value=\"0\" \/>\n<input type=\"hidden\" name=\"_wpcf7_posted_data_hash\" value=\"\" \/>\n<\/div>\n<p><label> Votre Nom<br \/>\n<span class=\"wpcf7-form-control-wrap\" data-name=\"your-name\"><input size=\"40\" class=\"wpcf7-form-control wpcf7-text wpcf7-validates-as-required\" aria-required=\"true\" aria-invalid=\"false\" value=\"\" type=\"text\" name=\"your-name\" \/><\/span> <\/label><br \/>\n<label> Votre Nom<br \/>\n<span class=\"wpcf7-form-control-wrap\" data-name=\"text-500\"><input size=\"40\" class=\"wpcf7-form-control wpcf7-text wpcf7-validates-as-required\" aria-required=\"true\" aria-invalid=\"false\" value=\"\" type=\"text\" name=\"text-500\" \/><\/span><\/label><br \/>\n<label> Votre T\u00e9l\u00e9phone<br \/>\n<span class=\"wpcf7-form-control-wrap\" data-name=\"tel-949\"><input size=\"40\" class=\"wpcf7-form-control wpcf7-text wpcf7-tel wpcf7-validates-as-required wpcf7-validates-as-tel\" aria-required=\"true\" aria-invalid=\"false\" value=\"\" type=\"tel\" name=\"tel-949\" \/><\/span><\/label><br \/>\n<label> Votre Email<br \/>\n<span class=\"wpcf7-form-control-wrap\" data-name=\"your-email\"><input size=\"40\" class=\"wpcf7-form-control wpcf7-text wpcf7-email wpcf7-validates-as-required wpcf7-validates-as-email\" aria-required=\"true\" aria-invalid=\"false\" value=\"\" type=\"email\" name=\"your-email\" \/><\/span> <\/label>\n<\/p>\n<p><label><span class=\"wpcf7-form-control-wrap\" data-name=\"fichier\"><input size=\"40\" class=\"wpcf7-form-control wpcf7-file\" accept=\".pdf,.txt,.doc\" aria-invalid=\"false\" type=\"file\" name=\"fichier\" \/><\/span><br \/>\nFormats accept\u00e9s : PDF, doc, txt<\/label>\n<\/p>\n<p><label> Votre Message<br \/>\n<span class=\"wpcf7-form-control-wrap\" data-name=\"your-message\"><textarea cols=\"40\" rows=\"10\" class=\"wpcf7-form-control wpcf7-textarea\" aria-invalid=\"false\" name=\"your-message\"><\/textarea><\/span> <\/label>\n<\/p>\n<p><span class=\"wpcf7-form-control-wrap\" data-name=\"acceptance-112\"><span class=\"wpcf7-form-control wpcf7-acceptance\"><span class=\"wpcf7-list-item\"><label><input type=\"checkbox\" name=\"acceptance-112\" value=\"1\" aria-invalid=\"false\" \/><span class=\"wpcf7-list-item-label\">En renseignant ce formulaire, j'accepte que la soci\u00e9t\u00e9 Luxury Car Rental recueille mes donn\u00e9es personnelles et je confirme avoir pris connaissance de la <a href=\"https:\/\/luxury-rental-mc.com\/fr\/privacy-policy\/\">Politique de confidentialit\u00e9<\/a>.<\/span><\/label><\/span><\/span><\/span><br \/>\n<span class=\"wpcf7-form-control-wrap\" data-name=\"acceptance-653\"><span class=\"wpcf7-form-control wpcf7-acceptance\"><span class=\"wpcf7-list-item\"><label><input type=\"checkbox\" name=\"acceptance-653\" value=\"1\" aria-invalid=\"false\" \/><span class=\"wpcf7-list-item-label\">Je note que je peux me d\u00e9sinscrire du fichier clients \u00e0 l'aide de l'adresse mail : contact@luxury-rental-mc.com<\/span><\/label><\/span><\/span><\/span>\n<\/p>\n<p>[anr_nocaptcha g-recaptcha-response]<br \/>\n<input class=\"wpcf7-form-control has-spinner wpcf7-submit\" type=\"submit\" value=\"Envoyer\" \/>\n<\/p><div class=\"wpcf7-response-output\" aria-hidden=\"true\"><\/div>\n<\/form>\n<\/div>\n[\/vc_column][vc_column width=\u00a0\u00bb1\/6&Prime;][\/vc_column][\/vc_row][vc_row][vc_column][vc_column_text css=\u00a0\u00bb.vc_custom_1630399117857{margin-bottom: 0px !important;}\u00a0\u00bb]\n<div style=\"text-align: justify;\">Son objectif est de <strong>devenir la franchise<\/strong> \u00ab <strong>number one<\/strong> \u00bb de la location de v\u00e9hicule haut de gamme, et de devenir la r\u00e9f\u00e9rence incontournable dans son domaine du luxe. Forte de son exp\u00e9rience dans le domaine de la location haut de gamme, elle propose de mettre \u00e0 votre disposition son savoir-faire et son exp\u00e9rience afin que l\u2019<strong>ouverture de votre franchise<\/strong> soit un succ\u00e8s. Premi\u00e8re franchise de v\u00e9hicules de location haut de gamme, <strong>bas\u00e9 \u00e0 Monaco<\/strong>, couronne \u00e0 la fois passion automobile et business. L\u2019<strong>\u00e9tablissement de la franchise \u2018LR&rsquo;<\/strong> est est la solution \u00e0 un d\u00e9veloppement r\u00e9ussi.<\/div>\n<div><\/div>\n<div style=\"text-align: justify;\">La <strong>soci\u00e9t\u00e9 MC LUXURY RENTAL<\/strong> vous accompagnera tout au long de votre d\u00e9veloppement, tout en mettant \u00e0 votre disposition ses outils techniques, technologique, son savoir-faire, et son portefeuille partenaires. MC LUXURY RENTAL s\u2019occupera aussi de la r\u00e9alisation de votre <strong>Web marketing<\/strong> et du renforcement de votre <strong>pr\u00e9sence sur le Web<\/strong>, avec les meilleurs outils d\u2019utilisation de mots-cl\u00e9s, pour un d\u00e9veloppement commun. Devenir une franchise de <a href=\"https:\/\/luxury-rental-mc.com\/fr\/location-voiture-luxe\/\">location de v\u00e9hicules haut de gamme<\/a> est une \u00e9tape tr\u00e8s int\u00e9ressante d\u2019un point de vue personnel et professionnel. En effet, vous serez amen\u00e9 \u00e0 c\u00f4toyer une <strong>client\u00e8le haut de gamme<\/strong> dans des endroits fabuleux est magique. Nous vous \u00e9paulerons aussi sur la cr\u00e9ation de votre propre \u00e9quipe, afin d\u2019assurer votre d\u00e9veloppement. La <strong>soci\u00e9t\u00e9 MC LUXURY RENTAL<\/strong> <strong>franchiseur<\/strong> vous donnera toutes les cl\u00e9s et astuces en sa possession afin de vous \u00e9pauler dans le d\u00e9veloppement de votre franchise. N\u2019attendez plus, ne remettez plus \u00e0 demain votre succ\u00e8s .<\/div>\n<div><\/div>\n<div style=\"text-align: justify;\">Rejoignez d\u00e8s aujourd&rsquo;hui la soci\u00e9t\u00e9 <strong>MC LUXURY RENTAL<\/strong> en tant que <strong>franchis\u00e9<\/strong> et ressortez-y gagnant avec un \u00e9panouissement personnel et un <strong>d\u00e9veloppement financier extraordinaire<\/strong>. N\u2019attendez plus pour nous dire quelle ville vous souhaitez ouvrir.<\/div>\n[\/vc_column_text][\/vc_column][\/vc_row]\n","protected":false},"excerpt":{"rendered":"<p>[vc_row][vc_column][vc_column_text css=\u00a0\u00bb.vc_custom_1630173109361{margin-bottom: 0px !important;}\u00a0\u00bb] Devenir franchis\u00e9 Luxury Car rental [\/vc_column_text][vc_column_text css=\u00a0\u00bb.vc_custom_1630399164362{margin-bottom: 0px !important;}\u00a0\u00bb] Passionn\u00e9 d\u2019automobile, Entrepreneur averti, l\u2019\u00e2me d\u2019un chef d\u2019entreprise sommeil en vous, Vous souhaitez vous reconvertir . Ne pas d\u00e9sesp\u00e9rer, MC LUXURY RENTAL \u00e0 la solution 100% efficace pour vous.\u00a0 Vous \u00eates motiv\u00e9s et pr\u00eats \u00e0 vous d\u00e9passer . Devenir votre propre patron [&hellip;]<\/p>\n","protected":false},"author":1,"featured_media":0,"parent":0,"menu_order":0,"comment_status":"closed","ping_status":"closed","template":"","meta":{"_monsterinsights_skip_tracking":false,"_monsterinsights_sitenote_active":false,"_monsterinsights_sitenote_note":"","_monsterinsights_sitenote_category":0},"yoast_head":"<!-- This site is optimized with the Yoast SEO plugin v20.3 - https:\/\/yoast.com\/wordpress\/plugins\/seo\/ -->\n<title>Ouvrez une franchise de location de voiture de luxe avec MC Luxury Rental<\/title>\n<meta name=\"description\" content=\"Passionn\u00e9 d\u2019automobile, Entrepreneur averti, l\u2019\u00e2me d\u2019un chef d\u2019entreprise sommeil en vous, Vous souhaitez vous reconvertir . Ne pas d\u00e9sesp\u00e9rer, MC LUXURY RENTAL \u00e0 la solution 100% efficace pour vous\" \/>\n<meta name=\"robots\" content=\"index, follow, max-snippet:-1, max-image-preview:large, max-video-preview:-1\" \/>\n<link rel=\"canonical\" href=\"https:\/\/luxury-rental-mc.com\/fr\/devenir-franchise\/\" \/>\n<meta property=\"og:locale\" content=\"fr_FR\" \/>\n<meta property=\"og:type\" content=\"article\" \/>\n<meta property=\"og:title\" content=\"Ouvrez une franchise de location de voiture de luxe avec MC Luxury Rental\" \/>\n<meta property=\"og:description\" content=\"Passionn\u00e9 d\u2019automobile, Entrepreneur averti, l\u2019\u00e2me d\u2019un chef d\u2019entreprise sommeil en vous, Vous souhaitez vous reconvertir . Ne pas d\u00e9sesp\u00e9rer, MC LUXURY RENTAL \u00e0 la solution 100% efficace pour vous\" \/>\n<meta property=\"og:url\" content=\"https:\/\/luxury-rental-mc.com\/fr\/devenir-franchise\/\" \/>\n<meta property=\"og:site_name\" content=\"Luxury Car Rentals | Monaco, Nice, Cannes, Saint-Tropez\" \/>\n<meta property=\"article:modified_time\" content=\"2021-08-31T08:45:41+00:00\" \/>\n<meta name=\"twitter:label1\" content=\"Est. reading time\" \/>\n\t<meta name=\"twitter:data1\" content=\"2 minutes\" \/>\n<script type=\"application\/ld+json\" class=\"yoast-schema-graph\">{\"@context\":\"https:\/\/schema.org\",\"@graph\":[{\"@type\":\"WebPage\",\"@id\":\"https:\/\/luxury-rental-mc.com\/fr\/devenir-franchise\/\",\"url\":\"https:\/\/luxury-rental-mc.com\/fr\/devenir-franchise\/\",\"name\":\"Ouvrez une franchise de location de voiture de luxe avec MC Luxury Rental\",\"isPartOf\":{\"@id\":\"https:\/\/luxury-rental-mc.com\/#website\"},\"datePublished\":\"2021-08-28T16:37:21+00:00\",\"dateModified\":\"2021-08-31T08:45:41+00:00\",\"description\":\"Passionn\u00e9 d\u2019automobile, Entrepreneur averti, l\u2019\u00e2me d\u2019un chef d\u2019entreprise sommeil en vous, Vous souhaitez vous reconvertir . Ne pas d\u00e9sesp\u00e9rer, MC LUXURY RENTAL \u00e0 la solution 100% efficace pour vous\",\"breadcrumb\":{\"@id\":\"https:\/\/luxury-rental-mc.com\/fr\/devenir-franchise\/#breadcrumb\"},\"inLanguage\":\"fr-FR\",\"potentialAction\":[{\"@type\":\"ReadAction\",\"target\":[\"https:\/\/luxury-rental-mc.com\/fr\/devenir-franchise\/\"]}]},{\"@type\":\"BreadcrumbList\",\"@id\":\"https:\/\/luxury-rental-mc.com\/fr\/devenir-franchise\/#breadcrumb\",\"itemListElement\":[{\"@type\":\"ListItem\",\"position\":1,\"name\":\"Accueil\",\"item\":\"https:\/\/luxury-rental-mc.com\/fr\/\"},{\"@type\":\"ListItem\",\"position\":2,\"name\":\"Devenir franchis\u00e9\"}]},{\"@type\":\"WebSite\",\"@id\":\"https:\/\/luxury-rental-mc.com\/#website\",\"url\":\"https:\/\/luxury-rental-mc.com\/\",\"name\":\"Luxury Car Rentals | Monaco, Nice, Cannes, Saint-Tropez\",\"description\":\"Rent the finest brands : Porsche, Ferrari, Lamborghini, Mercedes...\",\"potentialAction\":[{\"@type\":\"SearchAction\",\"target\":{\"@type\":\"EntryPoint\",\"urlTemplate\":\"https:\/\/luxury-rental-mc.com\/?s={search_term_string}\"},\"query-input\":\"required name=search_term_string\"}],\"inLanguage\":\"fr-FR\"}]}<\/script>\n<!-- \/ Yoast SEO plugin. -->","yoast_head_json":{"title":"Ouvrez une franchise de location de voiture de luxe avec MC Luxury Rental","description":"Passionn\u00e9 d\u2019automobile, Entrepreneur averti, l\u2019\u00e2me d\u2019un chef d\u2019entreprise sommeil en vous, Vous souhaitez vous reconvertir . Ne pas d\u00e9sesp\u00e9rer, MC LUXURY RENTAL \u00e0 la solution 100% efficace pour vous","robots":{"index":"index","follow":"follow","max-snippet":"max-snippet:-1","max-image-preview":"max-image-preview:large","max-video-preview":"max-video-preview:-1"},"canonical":"https:\/\/luxury-rental-mc.com\/fr\/devenir-franchise\/","og_locale":"fr_FR","og_type":"article","og_title":"Ouvrez une franchise de location de voiture de luxe avec MC Luxury Rental","og_description":"Passionn\u00e9 d\u2019automobile, Entrepreneur averti, l\u2019\u00e2me d\u2019un chef d\u2019entreprise sommeil en vous, Vous souhaitez vous reconvertir . Ne pas d\u00e9sesp\u00e9rer, MC LUXURY RENTAL \u00e0 la solution 100% efficace pour vous","og_url":"https:\/\/luxury-rental-mc.com\/fr\/devenir-franchise\/","og_site_name":"Luxury Car Rentals | Monaco, Nice, Cannes, Saint-Tropez","article_modified_time":"2021-08-31T08:45:41+00:00","twitter_misc":{"Est. reading time":"2 minutes"},"schema":{"@context":"https:\/\/schema.org","@graph":[{"@type":"WebPage","@id":"https:\/\/luxury-rental-mc.com\/fr\/devenir-franchise\/","url":"https:\/\/luxury-rental-mc.com\/fr\/devenir-franchise\/","name":"Ouvrez une franchise de location de voiture de luxe avec MC Luxury Rental","isPartOf":{"@id":"https:\/\/luxury-rental-mc.com\/#website"},"datePublished":"2021-08-28T16:37:21+00:00","dateModified":"2021-08-31T08:45:41+00:00","description":"Passionn\u00e9 d\u2019automobile, Entrepreneur averti, l\u2019\u00e2me d\u2019un chef d\u2019entreprise sommeil en vous, Vous souhaitez vous reconvertir . Ne pas d\u00e9sesp\u00e9rer, MC LUXURY RENTAL \u00e0 la solution 100% efficace pour vous","breadcrumb":{"@id":"https:\/\/luxury-rental-mc.com\/fr\/devenir-franchise\/#breadcrumb"},"inLanguage":"fr-FR","potentialAction":[{"@type":"ReadAction","target":["https:\/\/luxury-rental-mc.com\/fr\/devenir-franchise\/"]}]},{"@type":"BreadcrumbList","@id":"https:\/\/luxury-rental-mc.com\/fr\/devenir-franchise\/#breadcrumb","itemListElement":[{"@type":"ListItem","position":1,"name":"Accueil","item":"https:\/\/luxury-rental-mc.com\/fr\/"},{"@type":"ListItem","position":2,"name":"Devenir franchis\u00e9"}]},{"@type":"WebSite","@id":"https:\/\/luxury-rental-mc.com\/#website","url":"https:\/\/luxury-rental-mc.com\/","name":"Luxury Car Rentals | Monaco, Nice, Cannes, Saint-Tropez","description":"Rent the finest brands : Porsche, Ferrari, Lamborghini, Mercedes...","potentialAction":[{"@type":"SearchAction","target":{"@type":"EntryPoint","urlTemplate":"https:\/\/luxury-rental-mc.com\/?s={search_term_string}"},"query-input":"required name=search_term_string"}],"inLanguage":"fr-FR"}]}},"_links":{"self":[{"href":"https:\/\/luxury-rental-mc.com\/fr\/wp-json\/wp\/v2\/pages\/81096\/"}],"collection":[{"href":"https:\/\/luxury-rental-mc.com\/fr\/wp-json\/wp\/v2\/pages\/"}],"about":[{"href":"https:\/\/luxury-rental-mc.com\/fr\/wp-json\/wp\/v2\/types\/page\/"}],"author":[{"embeddable":true,"href":"https:\/\/luxury-rental-mc.com\/fr\/wp-json\/wp\/v2\/users\/1\/"}],"replies":[{"embeddable":true,"href":"https:\/\/luxury-rental-mc.com\/fr\/wp-json\/wp\/v2\/comments\/?post=81096"}],"version-history":[{"count":12,"href":"https:\/\/luxury-rental-mc.com\/fr\/wp-json\/wp\/v2\/pages\/81096\/revisions\/"}],"predecessor-version":[{"id":81489,"href":"https:\/\/luxury-rental-mc.com\/fr\/wp-json\/wp\/v2\/pages\/81096\/revisions\/81489\/"}],"wp:attachment":[{"href":"https:\/\/luxury-rental-mc.com\/fr\/wp-json\/wp\/v2\/media\/?parent=81096"}],"curies":[{"name":"wp","href":"https:\/\/api.w.org\/{rel}","templated":true}]}}