{"id":81130,"date":"2021-08-29T10:39:05","date_gmt":"2021-08-29T08:39:05","guid":{"rendered":"https:\/\/luxury-rental-mc.com\/?page_id=81130"},"modified":"2021-08-31T11:15:32","modified_gmt":"2021-08-31T09:15:32","slug":"recrutement-chauffeur","status":"publish","type":"page","link":"https:\/\/luxury-rental-mc.com\/fr\/recrutement-chauffeur\/","title":{"rendered":"Recrutement Chauffeur"},"content":{"rendered":"[vc_row][vc_column][vc_column_text css=\u00a0\u00bb.vc_custom_1630399626156{margin-bottom: 0px !important;}\u00a0\u00bb]\n<h1 style=\"text-align: center;\">Postuler et Rejoignez l\u2019Elite team de chauffeurs de la soci\u00e9t\u00e9 MC LUXURY RENTAL.<\/h1>\n[\/vc_column_text][vc_column_text css=\u00a0\u00bb.vc_custom_1630401330116{margin-bottom: 0px !important;}\u00a0\u00bb]\n<p style=\"text-align: justify;\">S\u00e9rieux et amoureux de conduite, passionn\u00e9 de voiture de luxe, excellent professionnalisme et <strong>impeccable conduite<\/strong>, <strong>MC LUXURY RENTAL<\/strong>, soci\u00e9t\u00e9 de location de voiture haut de gamme, a une place pour vous. Vous pouvez d\u00e9sormais devenir un <strong>partenaire de conduite<\/strong> sur notre plateforme et <strong>gagner de l&rsquo;argent<\/strong> en conduisant nos v\u00e9hicules afin de les mettre \u00e0 disposition de nos clients.<\/p>\n<p style=\"text-align: justify;\">Discr\u00e9tion , rigueur et professionnalisme seront les mettre mots de cet emploi.<\/p>\n<p style=\"text-align: justify;\">Nous offrons nos <strong>services un peu partout en Europe<\/strong>. En France, nos clients sont le plus souvent bas\u00e9s dans toutes les plus grandes villes comme : Nice, Paris , Lyon , Bordeaux ainsi que dans plusieurs stations de sport d\u2019hiver tel que Courchevel, Meg\u00e8ve, Meribel et Chamonix. En Europe, ils sont base \u00e0 <strong>Malaga<\/strong>, Barcelone et Madrid , Milan , Gen\u00e8ve ainsi que les autres <strong>plus grandes villes d\u2019Europe<\/strong>.<\/p>\n[\/vc_column_text][\/vc_column][\/vc_row][vc_row][vc_column width=\u00a0\u00bb1\/4&Prime;][\/vc_column][vc_column width=\u00a0\u00bb1\/2&Prime;]\n<div class=\"wpcf7 no-js\" id=\"wpcf7-f81115-o1\" lang=\"en-US\" dir=\"ltr\">\n<div class=\"screen-reader-response\"><p role=\"status\" aria-live=\"polite\" aria-atomic=\"true\"><\/p> <ul><\/ul><\/div>\n<form action=\"\/fr\/wp-json\/wp\/v2\/pages\/81130\/#wpcf7-f81115-o1\" method=\"post\" class=\"wpcf7-form init\" aria-label=\"Contact form\" enctype=\"multipart\/form-data\" novalidate=\"novalidate\" data-status=\"init\">\n<div style=\"display: none;\">\n<input type=\"hidden\" name=\"_wpcf7\" value=\"81115\" \/>\n<input type=\"hidden\" name=\"_wpcf7_version\" value=\"5.7.4\" \/>\n<input type=\"hidden\" name=\"_wpcf7_locale\" value=\"en_US\" \/>\n<input type=\"hidden\" name=\"_wpcf7_unit_tag\" value=\"wpcf7-f81115-o1\" \/>\n<input type=\"hidden\" name=\"_wpcf7_container_post\" value=\"0\" \/>\n<input type=\"hidden\" name=\"_wpcf7_posted_data_hash\" value=\"\" \/>\n<\/div>\n<p><label> Votre Nom<br \/>\n<span class=\"wpcf7-form-control-wrap\" data-name=\"your-name\"><input size=\"40\" class=\"wpcf7-form-control wpcf7-text wpcf7-validates-as-required\" aria-required=\"true\" aria-invalid=\"false\" value=\"\" type=\"text\" name=\"your-name\" \/><\/span> <\/label><br \/>\n<label> Votre Nom<br \/>\n<span class=\"wpcf7-form-control-wrap\" data-name=\"text-500\"><input size=\"40\" class=\"wpcf7-form-control wpcf7-text wpcf7-validates-as-required\" aria-required=\"true\" aria-invalid=\"false\" value=\"\" type=\"text\" name=\"text-500\" \/><\/span><\/label><br \/>\n<label> Votre T\u00e9l\u00e9phone<br \/>\n<span class=\"wpcf7-form-control-wrap\" data-name=\"tel-949\"><input size=\"40\" class=\"wpcf7-form-control wpcf7-text wpcf7-tel wpcf7-validates-as-required wpcf7-validates-as-tel\" aria-required=\"true\" aria-invalid=\"false\" value=\"\" type=\"tel\" name=\"tel-949\" \/><\/span><\/label><br \/>\n<label> Votre Email<br \/>\n<span class=\"wpcf7-form-control-wrap\" data-name=\"your-email\"><input size=\"40\" class=\"wpcf7-form-control wpcf7-text wpcf7-email wpcf7-validates-as-required wpcf7-validates-as-email\" aria-required=\"true\" aria-invalid=\"false\" value=\"\" type=\"email\" name=\"your-email\" \/><\/span> <\/label>\n<\/p>\n<p><label><span class=\"wpcf7-form-control-wrap\" data-name=\"fichier\"><input size=\"40\" class=\"wpcf7-form-control wpcf7-file\" accept=\".pdf,.txt,.doc\" aria-invalid=\"false\" type=\"file\" name=\"fichier\" \/><\/span><br \/>\nFormats accept\u00e9s : PDF, doc, txt<\/label>\n<\/p>\n<p><label> Votre Message<br \/>\n<span class=\"wpcf7-form-control-wrap\" data-name=\"your-message\"><textarea cols=\"40\" rows=\"10\" class=\"wpcf7-form-control wpcf7-textarea\" aria-invalid=\"false\" name=\"your-message\"><\/textarea><\/span> <\/label>\n<\/p>\n<p><span class=\"wpcf7-form-control-wrap\" data-name=\"acceptance-112\"><span class=\"wpcf7-form-control wpcf7-acceptance\"><span class=\"wpcf7-list-item\"><label><input type=\"checkbox\" name=\"acceptance-112\" value=\"1\" aria-invalid=\"false\" \/><span class=\"wpcf7-list-item-label\">En renseignant ce formulaire, j'accepte que la soci\u00e9t\u00e9 Luxury Car Rental recueille mes donn\u00e9es personnelles et je confirme avoir pris connaissance de la <a href=\"https:\/\/luxury-rental-mc.com\/fr\/privacy-policy\/\">Politique de confidentialit\u00e9<\/a>.<\/span><\/label><\/span><\/span><\/span><br \/>\n<span class=\"wpcf7-form-control-wrap\" data-name=\"acceptance-653\"><span class=\"wpcf7-form-control wpcf7-acceptance\"><span class=\"wpcf7-list-item\"><label><input type=\"checkbox\" name=\"acceptance-653\" value=\"1\" aria-invalid=\"false\" \/><span class=\"wpcf7-list-item-label\">Je note que je peux me d\u00e9sinscrire du fichier clients \u00e0 l'aide de l'adresse mail : contact@luxury-rental-mc.com<\/span><\/label><\/span><\/span><\/span>\n<\/p>\n<p>[anr_nocaptcha g-recaptcha-response]<br \/>\n<input class=\"wpcf7-form-control has-spinner wpcf7-submit\" type=\"submit\" value=\"Envoyer\" \/>\n<\/p><div class=\"wpcf7-response-output\" aria-hidden=\"true\"><\/div>\n<\/form>\n<\/div>\n[\/vc_column][vc_column width=\u00a0\u00bb1\/4&Prime;][\/vc_column][\/vc_row][vc_row][vc_column][vc_column_text css=\u00a0\u00bb.vc_custom_1630401224130{margin-bottom: 0px !important;}\u00a0\u00bb]\n<h2 style=\"text-align: justify;\">Pourquoi rejoindre MC LUXURY RENTAL en tant que chauffeur ?<\/h2>\n<h3 style=\"text-align: justify;\">Int\u00e9gration facile<\/h3>\n<p style=\"text-align: justify;\">Chez <strong>MC LUXURY RENTAL<\/strong>, vous \u00eates \u00e9valu\u00e9, form\u00e9 et int\u00e9gr\u00e9 \u00e0 notre syst\u00e8me, pr\u00eat \u00e0 conduire tr\u00e8s rapidement vous permettant ainsi de rentrer rapidement dans le <strong>march\u00e9 du travail<\/strong>.<\/p>\n<h3 style=\"text-align: justify;\">La flexibilit\u00e9<\/h3>\n<p style=\"text-align: justify;\">Nos <strong>meilleurs chauffeurs<\/strong> gagnent tr\u00e8s bien leurs vies et ceci en ne travaillant qu\u2019a la demande de notre prestigieuse client\u00e8le se mettant ainsi \u00e0 leur disposition afin de pouvoir les livrer partout en Europe .<\/p>\n<h3 style=\"text-align: justify;\">Paiement<\/h3>\n<p style=\"text-align: justify;\">Des mises \u00e0 jour instantan\u00e9es en direct de vos gains de voyage sont affich\u00e9es sur votre <strong>application MC LUXURY RENTAL<\/strong>. Choisissez parmi nos options de <strong>paiement flexibles<\/strong> &#8211; <strong>paiement quotidien<\/strong>, hebdomadaire ou mensuel.<\/p>\n<h3 style=\"text-align: justify;\">Des incitations<\/h3>\n<p style=\"text-align: justify;\">Tirez le meilleur parti des <strong>programmes d&rsquo;incitation<\/strong> sp\u00e9ciaux <strong>MC LUXURY RENTAL<\/strong> qui se d\u00e9roulent fr\u00e9quemment pour augmenter vos revenus.<\/p>\n<h3 style=\"text-align: justify;\">S\u00e9curit\u00e9 du conducteur<\/h3>\n<p style=\"text-align: justify;\">Votre s\u00e9curit\u00e9 est importante pour <strong>MC LUXURY RENTAL<\/strong>. Nous proposons une assurance individuelle accident<\/p>\n<h3 style=\"text-align: justify;\">L&rsquo;application ( bient\u00f4t)<\/h3>\n<p style=\"text-align: justify;\">Une <strong>application<\/strong>, \u00e0 venir tr\u00e8s bient\u00f4t, vous \u00e9paulera sur toutes vos r\u00e9servations. L\u2019application aura une interface facile \u00e0 utiliser avec des d\u00e9tails pr\u00e9cis sur le lieu de ramassage et de <strong>d\u00e9p\u00f4t des v\u00e9hicules<\/strong> ainsi que des fonctionnalit\u00e9s pour suivre les revenus, les performances, les r\u00e9servations futures pour n&rsquo;en nommer que quelques-uns<\/p>\n<h3 style=\"text-align: justify;\">Soutien<\/h3>\n<p style=\"text-align: justify;\">Nous avons une <strong>\u00e9quipe d&rsquo;assistance 24h\/24 et 7j\/7<\/strong> pour vous aider avec tout type de <strong>probl\u00e8me<\/strong><\/p>\n<h2 style=\"text-align: justify;\">\u00c0 propos de nous<\/h2>\n<p style=\"text-align: justify;\"><a href=\"https:\/\/luxury-rental-mc.com\/fr\/qui-sommes-nous\/\"><strong>MC LUXURY RENTAL<\/strong><\/a> op\u00e8re dans toutes les <strong>grandes villes D\u2019Europe<\/strong> et dispose d\u2019une client\u00e8le prestigieuse et exigeante. A cet effet, MC LUXURY RENTAL ne peut s\u2019entourer que des meilleurs chauffeurs. MC LUXURY RENTAL s&rsquo;engage \u00e0 aider ses chauffeurs partenaires \u00e0 devenir des <strong>micro-entrepreneurs<\/strong> et \u00e0 augmenter leurs revenus. <strong>MC LUXURY RENTAL<\/strong> s\u2019efforce \u00e9galement d&rsquo;am\u00e9liorer la qualit\u00e9 de vie de ses chauffeurs partenaires par le biais de formations \u00e0 l&rsquo;hygi\u00e8ne, \u00e0 la <strong>qualit\u00e9 de service<\/strong>, qualit\u00e9 de nettoyage des v\u00e9hicules \u2026<\/p>\n<p style=\"text-align: justify;\">N\u2019attendez plus et postule des maintenant pour rejoindre la <strong>selecte \u00e9quipe des chauffeurs<\/strong> de MC LUXURY RENTAL.<\/p>\n[\/vc_column_text][\/vc_column][\/vc_row]\n","protected":false},"excerpt":{"rendered":"<p>[vc_row][vc_column][vc_column_text css=\u00a0\u00bb.vc_custom_1630399626156{margin-bottom: 0px !important;}\u00a0\u00bb] Postuler et Rejoignez l\u2019Elite team de chauffeurs de la soci\u00e9t\u00e9 MC LUXURY RENTAL. [\/vc_column_text][vc_column_text css=\u00a0\u00bb.vc_custom_1630401330116{margin-bottom: 0px !important;}\u00a0\u00bb] S\u00e9rieux et amoureux de conduite, passionn\u00e9 de voiture de luxe, excellent professionnalisme et impeccable conduite, MC LUXURY RENTAL, soci\u00e9t\u00e9 de location de voiture haut de gamme, a une place pour vous. Vous pouvez d\u00e9sormais [&hellip;]<\/p>\n","protected":false},"author":1,"featured_media":0,"parent":0,"menu_order":0,"comment_status":"closed","ping_status":"closed","template":"","meta":{"_monsterinsights_skip_tracking":false,"_monsterinsights_sitenote_active":false,"_monsterinsights_sitenote_note":"","_monsterinsights_sitenote_category":0},"yoast_head":"<!-- This site is optimized with the Yoast SEO plugin v20.3 - https:\/\/yoast.com\/wordpress\/plugins\/seo\/ -->\n<title>Recrutement Chauffeur - Luxury Car Rentals | Monaco, Nice, Cannes, Saint-Tropez MC Luxury Rental<\/title>\n<meta name=\"description\" content=\"S\u00e9rieux et amoureux de conduite, passionn\u00e9 de voiture de luxe. MC LUXURY RENTAL, soci\u00e9t\u00e9 de location de voiture haut de gamme, a une place pour vous\" \/>\n<meta name=\"robots\" content=\"index, follow, max-snippet:-1, max-image-preview:large, max-video-preview:-1\" \/>\n<link rel=\"canonical\" href=\"https:\/\/luxury-rental-mc.com\/fr\/recrutement-chauffeur\/\" \/>\n<meta property=\"og:locale\" content=\"fr_FR\" \/>\n<meta property=\"og:type\" content=\"article\" \/>\n<meta property=\"og:title\" content=\"Recrutement Chauffeur - Luxury Car Rentals | Monaco, Nice, Cannes, Saint-Tropez MC Luxury Rental\" \/>\n<meta property=\"og:description\" content=\"S\u00e9rieux et amoureux de conduite, passionn\u00e9 de voiture de luxe. MC LUXURY RENTAL, soci\u00e9t\u00e9 de location de voiture haut de gamme, a une place pour vous\" \/>\n<meta property=\"og:url\" content=\"https:\/\/luxury-rental-mc.com\/fr\/recrutement-chauffeur\/\" \/>\n<meta property=\"og:site_name\" content=\"Luxury Car Rentals | Monaco, Nice, Cannes, Saint-Tropez\" \/>\n<meta property=\"article:modified_time\" content=\"2021-08-31T09:15:32+00:00\" \/>\n<meta name=\"twitter:label1\" content=\"Est. reading time\" \/>\n\t<meta name=\"twitter:data1\" content=\"3 minutes\" \/>\n<script type=\"application\/ld+json\" class=\"yoast-schema-graph\">{\"@context\":\"https:\/\/schema.org\",\"@graph\":[{\"@type\":\"WebPage\",\"@id\":\"https:\/\/luxury-rental-mc.com\/fr\/recrutement-chauffeur\/\",\"url\":\"https:\/\/luxury-rental-mc.com\/fr\/recrutement-chauffeur\/\",\"name\":\"Recrutement Chauffeur - Luxury Car Rentals | Monaco, Nice, Cannes, Saint-Tropez MC Luxury Rental\",\"isPartOf\":{\"@id\":\"https:\/\/luxury-rental-mc.com\/#website\"},\"datePublished\":\"2021-08-29T08:39:05+00:00\",\"dateModified\":\"2021-08-31T09:15:32+00:00\",\"description\":\"S\u00e9rieux et amoureux de conduite, passionn\u00e9 de voiture de luxe. MC LUXURY RENTAL, soci\u00e9t\u00e9 de location de voiture haut de gamme, a une place pour vous\",\"breadcrumb\":{\"@id\":\"https:\/\/luxury-rental-mc.com\/fr\/recrutement-chauffeur\/#breadcrumb\"},\"inLanguage\":\"fr-FR\",\"potentialAction\":[{\"@type\":\"ReadAction\",\"target\":[\"https:\/\/luxury-rental-mc.com\/fr\/recrutement-chauffeur\/\"]}]},{\"@type\":\"BreadcrumbList\",\"@id\":\"https:\/\/luxury-rental-mc.com\/fr\/recrutement-chauffeur\/#breadcrumb\",\"itemListElement\":[{\"@type\":\"ListItem\",\"position\":1,\"name\":\"Accueil\",\"item\":\"https:\/\/luxury-rental-mc.com\/fr\/\"},{\"@type\":\"ListItem\",\"position\":2,\"name\":\"Recrutement Chauffeur\"}]},{\"@type\":\"WebSite\",\"@id\":\"https:\/\/luxury-rental-mc.com\/#website\",\"url\":\"https:\/\/luxury-rental-mc.com\/\",\"name\":\"Luxury Car Rentals | Monaco, Nice, Cannes, Saint-Tropez\",\"description\":\"Rent the finest brands : Porsche, Ferrari, Lamborghini, Mercedes...\",\"potentialAction\":[{\"@type\":\"SearchAction\",\"target\":{\"@type\":\"EntryPoint\",\"urlTemplate\":\"https:\/\/luxury-rental-mc.com\/?s={search_term_string}\"},\"query-input\":\"required name=search_term_string\"}],\"inLanguage\":\"fr-FR\"}]}<\/script>\n<!-- \/ Yoast SEO plugin. -->","yoast_head_json":{"title":"Recrutement Chauffeur - Luxury Car Rentals | Monaco, Nice, Cannes, Saint-Tropez MC Luxury Rental","description":"S\u00e9rieux et amoureux de conduite, passionn\u00e9 de voiture de luxe. MC LUXURY RENTAL, soci\u00e9t\u00e9 de location de voiture haut de gamme, a une place pour vous","robots":{"index":"index","follow":"follow","max-snippet":"max-snippet:-1","max-image-preview":"max-image-preview:large","max-video-preview":"max-video-preview:-1"},"canonical":"https:\/\/luxury-rental-mc.com\/fr\/recrutement-chauffeur\/","og_locale":"fr_FR","og_type":"article","og_title":"Recrutement Chauffeur - Luxury Car Rentals | Monaco, Nice, Cannes, Saint-Tropez MC Luxury Rental","og_description":"S\u00e9rieux et amoureux de conduite, passionn\u00e9 de voiture de luxe. MC LUXURY RENTAL, soci\u00e9t\u00e9 de location de voiture haut de gamme, a une place pour vous","og_url":"https:\/\/luxury-rental-mc.com\/fr\/recrutement-chauffeur\/","og_site_name":"Luxury Car Rentals | Monaco, Nice, Cannes, Saint-Tropez","article_modified_time":"2021-08-31T09:15:32+00:00","twitter_misc":{"Est. reading time":"3 minutes"},"schema":{"@context":"https:\/\/schema.org","@graph":[{"@type":"WebPage","@id":"https:\/\/luxury-rental-mc.com\/fr\/recrutement-chauffeur\/","url":"https:\/\/luxury-rental-mc.com\/fr\/recrutement-chauffeur\/","name":"Recrutement Chauffeur - Luxury Car Rentals | Monaco, Nice, Cannes, Saint-Tropez MC Luxury Rental","isPartOf":{"@id":"https:\/\/luxury-rental-mc.com\/#website"},"datePublished":"2021-08-29T08:39:05+00:00","dateModified":"2021-08-31T09:15:32+00:00","description":"S\u00e9rieux et amoureux de conduite, passionn\u00e9 de voiture de luxe. MC LUXURY RENTAL, soci\u00e9t\u00e9 de location de voiture haut de gamme, a une place pour vous","breadcrumb":{"@id":"https:\/\/luxury-rental-mc.com\/fr\/recrutement-chauffeur\/#breadcrumb"},"inLanguage":"fr-FR","potentialAction":[{"@type":"ReadAction","target":["https:\/\/luxury-rental-mc.com\/fr\/recrutement-chauffeur\/"]}]},{"@type":"BreadcrumbList","@id":"https:\/\/luxury-rental-mc.com\/fr\/recrutement-chauffeur\/#breadcrumb","itemListElement":[{"@type":"ListItem","position":1,"name":"Accueil","item":"https:\/\/luxury-rental-mc.com\/fr\/"},{"@type":"ListItem","position":2,"name":"Recrutement Chauffeur"}]},{"@type":"WebSite","@id":"https:\/\/luxury-rental-mc.com\/#website","url":"https:\/\/luxury-rental-mc.com\/","name":"Luxury Car Rentals | Monaco, Nice, Cannes, Saint-Tropez","description":"Rent the finest brands : Porsche, Ferrari, Lamborghini, Mercedes...","potentialAction":[{"@type":"SearchAction","target":{"@type":"EntryPoint","urlTemplate":"https:\/\/luxury-rental-mc.com\/?s={search_term_string}"},"query-input":"required name=search_term_string"}],"inLanguage":"fr-FR"}]}},"_links":{"self":[{"href":"https:\/\/luxury-rental-mc.com\/fr\/wp-json\/wp\/v2\/pages\/81130\/"}],"collection":[{"href":"https:\/\/luxury-rental-mc.com\/fr\/wp-json\/wp\/v2\/pages\/"}],"about":[{"href":"https:\/\/luxury-rental-mc.com\/fr\/wp-json\/wp\/v2\/types\/page\/"}],"author":[{"embeddable":true,"href":"https:\/\/luxury-rental-mc.com\/fr\/wp-json\/wp\/v2\/users\/1\/"}],"replies":[{"embeddable":true,"href":"https:\/\/luxury-rental-mc.com\/fr\/wp-json\/wp\/v2\/comments\/?post=81130"}],"version-history":[{"count":6,"href":"https:\/\/luxury-rental-mc.com\/fr\/wp-json\/wp\/v2\/pages\/81130\/revisions\/"}],"predecessor-version":[{"id":81493,"href":"https:\/\/luxury-rental-mc.com\/fr\/wp-json\/wp\/v2\/pages\/81130\/revisions\/81493\/"}],"wp:attachment":[{"href":"https:\/\/luxury-rental-mc.com\/fr\/wp-json\/wp\/v2\/media\/?parent=81130"}],"curies":[{"name":"wp","href":"https:\/\/api.w.org\/{rel}","templated":true}]}}