{"id":8118,"date":"2016-07-04T16:05:11","date_gmt":"2016-07-04T14:05:11","guid":{"rendered":"https:\/\/luxury-rental-mc.com\/fr\/?page_id=8118"},"modified":"2021-09-18T10:07:49","modified_gmt":"2021-09-18T08:07:49","slug":"audi-r8-v10-spider-2","status":"publish","type":"page","link":"https:\/\/luxury-rental-mc.com\/fr\/location-voiture\/audi-r8-v10-spider-2\/","title":{"rendered":"Audi R8 V10 Spider"},"content":{"rendered":"[vc_row][vc_column width=\u00a0\u00bb2\/3&Prime;][mk_title_box size=\u00a0\u00bb16&Prime; letter_spacing=\u00a0\u00bb4&Prime; margin_bottom=\u00a0\u00bb0&Prime; font_family=\u00a0\u00bbnone\u00a0\u00bb]\n<h1><span style=\"font-size: 14pt;\">Location Audi R8 V10 Spyder<\/span><\/h1>\n[\/mk_title_box][mk_swipe_slideshow images=\u00a0\u00bb84268,84264&Prime; image_width=\u00a0\u00bb750&Prime; image_height=\u00a0\u00bb380&Prime;][vc_column_text css=\u00a0\u00bb.vc_custom_1631951138690{margin-bottom: 0px !important;}\u00a0\u00bb]\n<p id=\"tw-target-text\" class=\"tw-data-text tw-text-large XcVN5d tw-ta\" dir=\"ltr\" data-placeholder=\"Translation\"><span class=\"Y2IQFc\" lang=\"fr\" style=\"font-family: georgia, palatino, serif;\">L&rsquo;Audi R8 V10 spyder est devenue au fil du temps la voiture de sport embl\u00e9matique du constructeur allemand Audi, et cette supercar de luxe est disponible en location courte ou longue dur\u00e9e dans nos agences de location de voitures MC Luxury Rental. \u00ab\u00a0N\u00e9e sur la piste. Construite pour la route\u00a0\u00bb, l&rsquo;Audi R8 V10 Spyder est une voiture de sport de location \u00e0 deux places.\u00a0Pour toutes les destinations en Europe, pour un week-end romantique \u00e0 Monaco, pour une semaine \u00e0 Bordeaux ou pour un mois pour le faire votre voiture au quotidien \u00e0 Paris, louer la nouvelle Audi R8 V10 spider vous comblera.Louez l&rsquo;Audi R8 V10 cabriolet vous profiterez du soleil avec du vent \u00e0 Portofino, et vous serez parfaitement satisfait lors de vos vacances \u00e0 Lyon, Barcelone ou Florence.Quand vous Louez Audi R8 V10 spider, le s\u00e9lecteur vous permettra de choisir une plage de conduite allant du confort \u00e0 la dynamique pour les plus audacieux.Ce cabriolet sport est \u00e9quip\u00e9 d&rsquo;un moteur V10 de 5,2L qui d\u00e9veloppe 540 chevaux, suffisamment puissant pour abattre de 0 \u00e0 100 km \/ h en seulement 3,6 secondes R\u00e9servez une location de cette luxueuse Audi R8 V10 cabriolet \u00e0 Monaco aupr\u00e8s de notre agence de location MC Luxury Rental et nos \u00e9quipes se feront un plaisir de vous livrer cette prestigieuse voiture de sport devant votre h\u00f4tel \u00e0 Gordes, au Vieux Port de Cannes devant votre yacht, chez vous r villa \u00e0 Saint Tropez, \u00e0 l&rsquo;h\u00e9liport de Monaco ou \u00e0 l&rsquo;a\u00e9roport Nice C\u00f4te d&rsquo;Azur, ou tout autre point de d\u00e9part de votre choix pour faciliter vos d\u00e9placements partout en Europe. Pour un s\u00e9jour en couple \u00e0 Barcelone, un voyage d&rsquo;affaires \u00e0 Gen\u00e8ve ou des vacances \u00e0 Milan, en louant une superbe voiture de sport Audi R8 V10 spider, vous vous amuserez beaucoup.<\/span><\/p>\n[\/vc_column_text][\/vc_column][vc_column width=\u00a0\u00bb1\/3&Prime;][mk_padding_divider size=\u00a0\u00bb12&Prime;][mk_title_box size=\u00a0\u00bb16&Prime; letter_spacing=\u00a0\u00bb4&Prime; margin_bottom=\u00a0\u00bb0&Prime; font_family=\u00a0\u00bbnone\u00a0\u00bb]\n<h2><span style=\"font-size: 14pt;\">Tarifs<\/span><\/h2>\n[\/mk_title_box][vc_table vc_table_theme=\u00a0\u00bbsimple_pink\u00a0\u00bb][align-left]Journ%C3%A9e%20(150%20Km),[align-left]1300%E2%82%AC|[b;align-left]3%20Jours%20(500%20km),[align-left]3500%E2%82%AC|[b;align-left]5%20Jours%20(750%20Km),[align-left]5300%E2%82%AC|[b;align-left]Jour%20supp.,[align-left]1000%E2%82%AC[\/vc_table][mk_button dimension=\u00a0\u00bboutline\u00a0\u00bb size=\u00a0\u00bblarge\u00a0\u00bb icon=\u00a0\u00bbmk-li-call\u00a0\u00bb url=\u00a0\u00bbhttps:\/\/luxury-rental-mc.com\/fr\/contact\/\u00a0\u00bb align=\u00a0\u00bbcenter\u00a0\u00bb fullwidth=\u00a0\u00bbtrue\u00a0\u00bb visibility=\u00a0\u00bbhidden-sm\u00a0\u00bb]R\u00e9servation +33762841105[\/mk_button][mk_button dimension=\u00a0\u00bboutline\u00a0\u00bb size=\u00a0\u00bblarge\u00a0\u00bb icon=\u00a0\u00bbmk-li-call\u00a0\u00bb url=\u00a0\u00bbtel:+33762841105&Prime; align=\u00a0\u00bbcenter\u00a0\u00bb fullwidth=\u00a0\u00bbtrue\u00a0\u00bb visibility=\u00a0\u00bbhidden-dt\u00a0\u00bb]Reservation[\/mk_button][vc_column_text css=\u00a0\u00bb.vc_custom_1631951212885{margin-bottom: 0px !important;}\u00a0\u00bb]\n<pre id=\"tw-target-text\" class=\"tw-data-text tw-text-large XcVN5d tw-ta\" dir=\"ltr\" data-placeholder=\"Translation\"><span class=\"Y2IQFc\" lang=\"fr\" style=\"font-family: georgia, palatino, serif;\">Marque\u00a0:\u00a0Audi\r\nMod\u00e8le : R8 V10 Spyder\r\nNombre de place : 2\r\nPuissance : 518 ch\r\nCapacit\u00e9 : 5204 cm3\r\nVitesse max\u00a0: 195\u00a0mph\r\nConsommation moyenne\u00a0: 19,4 l\/100 km\r\n\u00c2ge requis pour le conducteur\u00a0:\u00a018\u00a0ans<\/span><\/pre>\n[\/vc_column_text][\/vc_column][\/vc_row][vc_row fullwidth=\u00a0\u00bbtrue\u00a0\u00bb][vc_column][mk_clients clients=\u00a0\u00bb7183,7187,7173,7185,7177,7175,7179,7181,7189&Prime;][\/vc_column][\/vc_row]\n","protected":false},"excerpt":{"rendered":"<p>[vc_row][vc_column width=\u00a0\u00bb2\/3&Prime;][mk_title_box size=\u00a0\u00bb16&Prime; letter_spacing=\u00a0\u00bb4&Prime; margin_bottom=\u00a0\u00bb0&Prime; font_family=\u00a0\u00bbnone\u00a0\u00bb] Location Audi R8 V10 Spyder [\/mk_title_box][mk_swipe_slideshow images=\u00a0\u00bb84268,84264&Prime; image_width=\u00a0\u00bb750&Prime; image_height=\u00a0\u00bb380&Prime;][vc_column_text css=\u00a0\u00bb.vc_custom_1631951138690{margin-bottom: 0px !important;}\u00a0\u00bb] L&rsquo;Audi R8 V10 spyder est devenue au fil du temps la voiture de sport embl\u00e9matique du constructeur allemand Audi, et cette supercar de luxe est disponible en location courte ou longue dur\u00e9e dans nos agences de location [&hellip;]<\/p>\n","protected":false},"author":2,"featured_media":0,"parent":7038,"menu_order":0,"comment_status":"closed","ping_status":"closed","template":"","meta":{"_monsterinsights_skip_tracking":false,"_monsterinsights_sitenote_active":false,"_monsterinsights_sitenote_note":"","_monsterinsights_sitenote_category":0},"yoast_head":"<!-- This site is optimized with the Yoast SEO plugin v20.3 - https:\/\/yoast.com\/wordpress\/plugins\/seo\/ -->\n<title>Audi R8 V8 Coup\u00e9, location voiture de luxe | LR MC<\/title>\n<meta name=\"description\" content=\"L&#039;Audi R8 V8 Coup\u00e9 est un incroyable mod\u00e8le montrant puissance et sportivit\u00e9. Son design est \u00e9l\u00e9gant. Louez la ici pour une exp\u00e9rience in\u00e9dite.\" \/>\n<meta name=\"robots\" content=\"index, follow, max-snippet:-1, max-image-preview:large, max-video-preview:-1\" \/>\n<link rel=\"canonical\" href=\"https:\/\/luxury-rental-mc.com\/fr\/location-voiture\/audi-r8-v10-spider-2\/\" \/>\n<meta property=\"og:locale\" content=\"fr_FR\" \/>\n<meta property=\"og:type\" content=\"article\" \/>\n<meta property=\"og:title\" content=\"Audi R8 V8 Coup\u00e9, location voiture de luxe | LR MC\" \/>\n<meta property=\"og:description\" content=\"L&#039;Audi R8 V8 Coup\u00e9 est un incroyable mod\u00e8le montrant puissance et sportivit\u00e9. Son design est \u00e9l\u00e9gant. Louez la ici pour une exp\u00e9rience in\u00e9dite.\" \/>\n<meta property=\"og:url\" content=\"https:\/\/luxury-rental-mc.com\/fr\/location-voiture\/audi-r8-v10-spider-2\/\" \/>\n<meta property=\"og:site_name\" content=\"Luxury Car Rentals | Monaco, Nice, Cannes, Saint-Tropez\" \/>\n<meta property=\"article:modified_time\" content=\"2021-09-18T08:07:49+00:00\" \/>\n<meta name=\"twitter:label1\" content=\"Dur\u00e9e de lecture estim\u00e9e\" \/>\n\t<meta name=\"twitter:data1\" content=\"2 minutes\" \/>\n<script type=\"application\/ld+json\" class=\"yoast-schema-graph\">{\"@context\":\"https:\/\/schema.org\",\"@graph\":[{\"@type\":\"WebPage\",\"@id\":\"https:\/\/luxury-rental-mc.com\/fr\/location-voiture\/audi-r8-v10-spider-2\/\",\"url\":\"https:\/\/luxury-rental-mc.com\/fr\/location-voiture\/audi-r8-v10-spider-2\/\",\"name\":\"Audi R8 V8 Coup\u00e9, location voiture de luxe | LR MC\",\"isPartOf\":{\"@id\":\"https:\/\/luxury-rental-mc.com\/#website\"},\"datePublished\":\"2016-07-04T14:05:11+00:00\",\"dateModified\":\"2021-09-18T08:07:49+00:00\",\"description\":\"L'Audi R8 V8 Coup\u00e9 est un incroyable mod\u00e8le montrant puissance et sportivit\u00e9. Son design est \u00e9l\u00e9gant. Louez la ici pour une exp\u00e9rience in\u00e9dite.\",\"breadcrumb\":{\"@id\":\"https:\/\/luxury-rental-mc.com\/fr\/location-voiture\/audi-r8-v10-spider-2\/#breadcrumb\"},\"inLanguage\":\"fr-FR\",\"potentialAction\":[{\"@type\":\"ReadAction\",\"target\":[\"https:\/\/luxury-rental-mc.com\/fr\/location-voiture\/audi-r8-v10-spider-2\/\"]}]},{\"@type\":\"BreadcrumbList\",\"@id\":\"https:\/\/luxury-rental-mc.com\/fr\/location-voiture\/audi-r8-v10-spider-2\/#breadcrumb\",\"itemListElement\":[{\"@type\":\"ListItem\",\"position\":1,\"name\":\"Accueil\",\"item\":\"https:\/\/luxury-rental-mc.com\/fr\/\"},{\"@type\":\"ListItem\",\"position\":2,\"name\":\"Location\",\"item\":\"https:\/\/luxury-rental-mc.com\/fr\/location-voiture\/\"},{\"@type\":\"ListItem\",\"position\":3,\"name\":\"Audi R8 V10 Spider\"}]},{\"@type\":\"WebSite\",\"@id\":\"https:\/\/luxury-rental-mc.com\/#website\",\"url\":\"https:\/\/luxury-rental-mc.com\/\",\"name\":\"Luxury Car Rentals | Monaco, Nice, Cannes, Saint-Tropez\",\"description\":\"Rent the finest brands : Porsche, Ferrari, Lamborghini, Mercedes...\",\"potentialAction\":[{\"@type\":\"SearchAction\",\"target\":{\"@type\":\"EntryPoint\",\"urlTemplate\":\"https:\/\/luxury-rental-mc.com\/?s={search_term_string}\"},\"query-input\":\"required name=search_term_string\"}],\"inLanguage\":\"fr-FR\"}]}<\/script>\n<!-- \/ Yoast SEO plugin. -->","yoast_head_json":{"title":"Audi R8 V8 Coup\u00e9, location voiture de luxe | LR MC","description":"L'Audi R8 V8 Coup\u00e9 est un incroyable mod\u00e8le montrant puissance et sportivit\u00e9. Son design est \u00e9l\u00e9gant. Louez la ici pour une exp\u00e9rience in\u00e9dite.","robots":{"index":"index","follow":"follow","max-snippet":"max-snippet:-1","max-image-preview":"max-image-preview:large","max-video-preview":"max-video-preview:-1"},"canonical":"https:\/\/luxury-rental-mc.com\/fr\/location-voiture\/audi-r8-v10-spider-2\/","og_locale":"fr_FR","og_type":"article","og_title":"Audi R8 V8 Coup\u00e9, location voiture de luxe | LR MC","og_description":"L'Audi R8 V8 Coup\u00e9 est un incroyable mod\u00e8le montrant puissance et sportivit\u00e9. Son design est \u00e9l\u00e9gant. Louez la ici pour une exp\u00e9rience in\u00e9dite.","og_url":"https:\/\/luxury-rental-mc.com\/fr\/location-voiture\/audi-r8-v10-spider-2\/","og_site_name":"Luxury Car Rentals | Monaco, Nice, Cannes, Saint-Tropez","article_modified_time":"2021-09-18T08:07:49+00:00","twitter_misc":{"Dur\u00e9e de lecture estim\u00e9e":"2 minutes"},"schema":{"@context":"https:\/\/schema.org","@graph":[{"@type":"WebPage","@id":"https:\/\/luxury-rental-mc.com\/fr\/location-voiture\/audi-r8-v10-spider-2\/","url":"https:\/\/luxury-rental-mc.com\/fr\/location-voiture\/audi-r8-v10-spider-2\/","name":"Audi R8 V8 Coup\u00e9, location voiture de luxe | LR MC","isPartOf":{"@id":"https:\/\/luxury-rental-mc.com\/#website"},"datePublished":"2016-07-04T14:05:11+00:00","dateModified":"2021-09-18T08:07:49+00:00","description":"L'Audi R8 V8 Coup\u00e9 est un incroyable mod\u00e8le montrant puissance et sportivit\u00e9. Son design est \u00e9l\u00e9gant. Louez la ici pour une exp\u00e9rience in\u00e9dite.","breadcrumb":{"@id":"https:\/\/luxury-rental-mc.com\/fr\/location-voiture\/audi-r8-v10-spider-2\/#breadcrumb"},"inLanguage":"fr-FR","potentialAction":[{"@type":"ReadAction","target":["https:\/\/luxury-rental-mc.com\/fr\/location-voiture\/audi-r8-v10-spider-2\/"]}]},{"@type":"BreadcrumbList","@id":"https:\/\/luxury-rental-mc.com\/fr\/location-voiture\/audi-r8-v10-spider-2\/#breadcrumb","itemListElement":[{"@type":"ListItem","position":1,"name":"Accueil","item":"https:\/\/luxury-rental-mc.com\/fr\/"},{"@type":"ListItem","position":2,"name":"Location","item":"https:\/\/luxury-rental-mc.com\/fr\/location-voiture\/"},{"@type":"ListItem","position":3,"name":"Audi R8 V10 Spider"}]},{"@type":"WebSite","@id":"https:\/\/luxury-rental-mc.com\/#website","url":"https:\/\/luxury-rental-mc.com\/","name":"Luxury Car Rentals | Monaco, Nice, Cannes, Saint-Tropez","description":"Rent the finest brands : Porsche, Ferrari, Lamborghini, Mercedes...","potentialAction":[{"@type":"SearchAction","target":{"@type":"EntryPoint","urlTemplate":"https:\/\/luxury-rental-mc.com\/?s={search_term_string}"},"query-input":"required name=search_term_string"}],"inLanguage":"fr-FR"}]}},"_links":{"self":[{"href":"https:\/\/luxury-rental-mc.com\/fr\/wp-json\/wp\/v2\/pages\/8118\/"}],"collection":[{"href":"https:\/\/luxury-rental-mc.com\/fr\/wp-json\/wp\/v2\/pages\/"}],"about":[{"href":"https:\/\/luxury-rental-mc.com\/fr\/wp-json\/wp\/v2\/types\/page\/"}],"author":[{"embeddable":true,"href":"https:\/\/luxury-rental-mc.com\/fr\/wp-json\/wp\/v2\/users\/2\/"}],"replies":[{"embeddable":true,"href":"https:\/\/luxury-rental-mc.com\/fr\/wp-json\/wp\/v2\/comments\/?post=8118"}],"version-history":[{"count":8,"href":"https:\/\/luxury-rental-mc.com\/fr\/wp-json\/wp\/v2\/pages\/8118\/revisions\/"}],"predecessor-version":[{"id":84270,"href":"https:\/\/luxury-rental-mc.com\/fr\/wp-json\/wp\/v2\/pages\/8118\/revisions\/84270\/"}],"up":[{"embeddable":true,"href":"https:\/\/luxury-rental-mc.com\/fr\/wp-json\/wp\/v2\/pages\/7038\/"}],"wp:attachment":[{"href":"https:\/\/luxury-rental-mc.com\/fr\/wp-json\/wp\/v2\/media\/?parent=8118"}],"curies":[{"name":"wp","href":"https:\/\/api.w.org\/{rel}","templated":true}]}}