{"id":8130,"date":"2016-07-04T16:56:20","date_gmt":"2016-07-04T14:56:20","guid":{"rendered":"https:\/\/luxury-rental-mc.com\/fr\/?page_id=8130"},"modified":"2021-09-19T10:11:39","modified_gmt":"2021-09-19T08:11:39","slug":"bmw-serie-4-cabriolet-2","status":"publish","type":"page","link":"https:\/\/luxury-rental-mc.com\/fr\/location-voiture\/bmw-serie-4-cabriolet-2\/","title":{"rendered":"BMW Serie 4 Cabriolet"},"content":{"rendered":"[vc_row][vc_column width=\u00a0\u00bb2\/3&Prime;][mk_title_box size=\u00a0\u00bb16&Prime; letter_spacing=\u00a0\u00bb4&Prime; margin_bottom=\u00a0\u00bb0&Prime; font_family=\u00a0\u00bbnone\u00a0\u00bb]\n<h1><span style=\"font-size: 14pt;\">Location BMW Serie 4 Cabriolet<\/span><\/h1>\n[\/mk_title_box][mk_swipe_slideshow images=\u00a0\u00bb84460,84454,84458,84456&Prime; image_width=\u00a0\u00bb750&Prime; image_height=\u00a0\u00bb380&Prime;][vc_column_text css=\u00a0\u00bb.vc_custom_1632038295985{margin-bottom: 0px !important;}\u00a0\u00bb]\n<p id=\"tw-target-text\" class=\"tw-data-text tw-text-large XcVN5d tw-ta\" dir=\"ltr\" style=\"text-align: justify;\" data-placeholder=\"Translation\"><span class=\"Y2IQFc\" lang=\"fr\" style=\"font-family: georgia, palatino, serif;\">La BMW S\u00e9rie 4 Cabriolet, mod\u00e8le phare de la marque automobile allemande BMW vous fera profiter du soleil gr\u00e2ce \u00e0 son toit rigide cabriolet. Cette BMW S\u00e9rie 4 Cabriolet est le v\u00e9hicule id\u00e9al pour allier plaisir, sport et confort que ce soit en famille ou entre amis, vous appr\u00e9cierez la puissance de ce v\u00e9hicule haut de gamme aux finitions luxueuses tout au long de votre location. Louer ce cabriolet de luxe vous fera bronzer lors de vos d\u00e9placements professionnels en Principaut\u00e9 de Monaco ou lors de vos d\u00e9placements priv\u00e9s pour vos vacances d&rsquo;\u00e9t\u00e9 en Italie. Ses diff\u00e9rents modes de conduite vous permettront d&rsquo;adapter cette voiture de luxe \u00e0 vos besoins et \u00e0 votre parcours, que vous soyez en bord de mer \u00e0 Nice, Monaco ou Cannes, ou dans l&rsquo;une des plus belles villes d&rsquo;Europe comme Paris, Milan, Barcelone ou Venise. La BMW S\u00e9rie 4 Cabriolet sera votre voiture id\u00e9ale lors des beaux jours sur la C\u00f4te d&rsquo;Azur, que ce soit en ville ou sur route, le plein d&rsquo;air quotidien se fera avec l\u00e9g\u00e8ret\u00e9 et fluidit\u00e9 mais surtout avec puissance. Louez maintenant un cabriolet BMW S\u00e9rie 4. Toute l&rsquo;\u00e9quipe de MC Luxury Rental se fera un plaisir de mettre \u00e0 votre disposition ce v\u00e9hicule premium premium en location courte ou longue dur\u00e9e. Nos services sur mesure disponibles dans toute l&rsquo;Europe vous permettront, avec cette BMW S\u00e9rie 4 Cabriolet, de proposer une location en aller simple avec diff\u00e9rents lieux de d\u00e9part et de retour (Espagne, France, Italie, Suisse&#8230;). Par exemple, louez la BMW S\u00e9rie 4 cabriolet \u00e0 l&rsquo;a\u00e9roport Nice-C\u00f4te d&rsquo;Azur, G\u00eanes Cristoforo Colombo ou Milan Malpensa et vous la restituez dans une autre ville de votre choix comme Portofino, Saint-Tropez ou Gen\u00e8ve. La BMW S\u00e9rie 4 Cabriolet est en concurrence avec l&rsquo;Audi A5 Cabriolet et la Mercedes Benz Classe E Cabrio. Avec notre soci\u00e9t\u00e9 de location de voitures de luxe, MC Luxury Rental, vous n&rsquo;avez plus qu&rsquo;\u00e0 choisir car ces trois mod\u00e8les de voitures d\u00e9capotables sont disponibles \u00e0 la location dans nos agences.<\/span><\/p>\n[\/vc_column_text][\/vc_column][vc_column width=\u00a0\u00bb1\/3&Prime;][mk_padding_divider size=\u00a0\u00bb12&Prime;][mk_title_box size=\u00a0\u00bb16&Prime; letter_spacing=\u00a0\u00bb4&Prime; margin_bottom=\u00a0\u00bb0&Prime; font_family=\u00a0\u00bbnone\u00a0\u00bb]\n<h2><span style=\"font-size: 14pt;\">Tarifs<\/span><\/h2>\n[\/mk_title_box][vc_table vc_table_theme=\u00a0\u00bbsimple_pink\u00a0\u00bb][align-left]Journ%C3%A9e%20(150%20Km),[align-left]380%E2%82%AC|[b;align-left]3%20Jours%20(500%20km),[align-left]950%E2%82%AC|[b;align-left]5%20Jours%20(750%20Km),[align-left]1450%E2%82%AC|[b;align-left]Jour%20supp.,[align-left]300%E2%82%AC[\/vc_table][mk_button dimension=\u00a0\u00bboutline\u00a0\u00bb size=\u00a0\u00bblarge\u00a0\u00bb icon=\u00a0\u00bbmk-li-call\u00a0\u00bb url=\u00a0\u00bbhttps:\/\/luxury-rental-mc.com\/fr\/contact\/\u00a0\u00bb align=\u00a0\u00bbcenter\u00a0\u00bb fullwidth=\u00a0\u00bbtrue\u00a0\u00bb visibility=\u00a0\u00bbhidden-sm\u00a0\u00bb]R\u00e9servation +33762841105[\/mk_button][mk_button dimension=\u00a0\u00bboutline\u00a0\u00bb size=\u00a0\u00bblarge\u00a0\u00bb icon=\u00a0\u00bbmk-li-call\u00a0\u00bb url=\u00a0\u00bbtel:+33762841105&Prime; align=\u00a0\u00bbcenter\u00a0\u00bb fullwidth=\u00a0\u00bbtrue\u00a0\u00bb visibility=\u00a0\u00bbhidden-dt\u00a0\u00bb]Reservation[\/mk_button][vc_column_text css=\u00a0\u00bb.vc_custom_1632038850700{margin-bottom: 0px !important;}\u00a0\u00bb]\n<pre id=\"tw-target-text\" class=\"tw-data-text tw-text-large XcVN5d tw-ta\" dir=\"ltr\" data-placeholder=\"Translation\"><span class=\"Y2IQFc\" lang=\"fr\" style=\"font-family: georgia, palatino, serif;\">Marque\u00a0:\u00a0BMW\r\nMod\u00e8le\u00a0:\u00a0Serie 4 Cabriolet\r\nNombre de place :\u00a04\r\nPuissance : 187\u00a0cv\r\nCapacit\u00e9 : 1995\u00a0cc\r\nVitesse max\u00a0: 141\u00a0mph\r\nConsommation moyenne\u00a0: 4,7\u00a0l\/100\u00a0km\r\n\u00c2ge requis pour le conducteur\u00a0:\u00a018\u00a0ans<\/span><\/pre>\n[\/vc_column_text][\/vc_column][\/vc_row][vc_row fullwidth=\u00a0\u00bbtrue\u00a0\u00bb][vc_column][mk_clients clients=\u00a0\u00bb7183,7187,7173,7185,7177,7175,7179,7181,7189&Prime;][\/vc_column][\/vc_row]\n","protected":false},"excerpt":{"rendered":"<p>[vc_row][vc_column width=\u00a0\u00bb2\/3&Prime;][mk_title_box size=\u00a0\u00bb16&Prime; letter_spacing=\u00a0\u00bb4&Prime; margin_bottom=\u00a0\u00bb0&Prime; font_family=\u00a0\u00bbnone\u00a0\u00bb] Location BMW Serie 4 Cabriolet [\/mk_title_box][mk_swipe_slideshow images=\u00a0\u00bb84460,84454,84458,84456&Prime; image_width=\u00a0\u00bb750&Prime; image_height=\u00a0\u00bb380&Prime;][vc_column_text css=\u00a0\u00bb.vc_custom_1632038295985{margin-bottom: 0px !important;}\u00a0\u00bb] La BMW S\u00e9rie 4 Cabriolet, mod\u00e8le phare de la marque automobile allemande BMW vous fera profiter du soleil gr\u00e2ce \u00e0 son toit rigide cabriolet. Cette BMW S\u00e9rie 4 Cabriolet est le v\u00e9hicule id\u00e9al pour allier plaisir, sport [&hellip;]<\/p>\n","protected":false},"author":2,"featured_media":0,"parent":7038,"menu_order":0,"comment_status":"closed","ping_status":"closed","template":"","meta":{"_monsterinsights_skip_tracking":false,"_monsterinsights_sitenote_active":false,"_monsterinsights_sitenote_note":"","_monsterinsights_sitenote_category":0},"yoast_head":"<!-- This site is optimized with the Yoast SEO plugin v20.3 - https:\/\/yoast.com\/wordpress\/plugins\/seo\/ -->\n<title>Location citadine BMW s\u00e9rie 1, louer voiture | LR MC<\/title>\n<meta name=\"description\" content=\"La BMW s\u00e9rie 1 est une voiture citadine parfaite pour vos week-ends dans les centres villes afin de visiter et se d\u00e9placer sans encombre. A louer ici !\" \/>\n<meta name=\"robots\" content=\"index, follow, max-snippet:-1, max-image-preview:large, max-video-preview:-1\" \/>\n<link rel=\"canonical\" href=\"https:\/\/luxury-rental-mc.com\/fr\/location-voiture\/bmw-serie-4-cabriolet-2\/\" \/>\n<meta property=\"og:locale\" content=\"fr_FR\" \/>\n<meta property=\"og:type\" content=\"article\" \/>\n<meta property=\"og:title\" content=\"Location citadine BMW s\u00e9rie 1, louer voiture | LR MC\" \/>\n<meta property=\"og:description\" content=\"La BMW s\u00e9rie 1 est une voiture citadine parfaite pour vos week-ends dans les centres villes afin de visiter et se d\u00e9placer sans encombre. A louer ici !\" \/>\n<meta property=\"og:url\" content=\"https:\/\/luxury-rental-mc.com\/fr\/location-voiture\/bmw-serie-4-cabriolet-2\/\" \/>\n<meta property=\"og:site_name\" content=\"Luxury Car Rentals | Monaco, Nice, Cannes, Saint-Tropez\" \/>\n<meta property=\"article:modified_time\" content=\"2021-09-19T08:11:39+00:00\" \/>\n<meta name=\"twitter:label1\" content=\"Dur\u00e9e de lecture estim\u00e9e\" \/>\n\t<meta name=\"twitter:data1\" content=\"2 minutes\" \/>\n<script type=\"application\/ld+json\" class=\"yoast-schema-graph\">{\"@context\":\"https:\/\/schema.org\",\"@graph\":[{\"@type\":\"WebPage\",\"@id\":\"https:\/\/luxury-rental-mc.com\/fr\/location-voiture\/bmw-serie-4-cabriolet-2\/\",\"url\":\"https:\/\/luxury-rental-mc.com\/fr\/location-voiture\/bmw-serie-4-cabriolet-2\/\",\"name\":\"Location citadine BMW s\u00e9rie 1, louer voiture | LR MC\",\"isPartOf\":{\"@id\":\"https:\/\/luxury-rental-mc.com\/#website\"},\"datePublished\":\"2016-07-04T14:56:20+00:00\",\"dateModified\":\"2021-09-19T08:11:39+00:00\",\"description\":\"La BMW s\u00e9rie 1 est une voiture citadine parfaite pour vos week-ends dans les centres villes afin de visiter et se d\u00e9placer sans encombre. A louer ici !\",\"breadcrumb\":{\"@id\":\"https:\/\/luxury-rental-mc.com\/fr\/location-voiture\/bmw-serie-4-cabriolet-2\/#breadcrumb\"},\"inLanguage\":\"fr-FR\",\"potentialAction\":[{\"@type\":\"ReadAction\",\"target\":[\"https:\/\/luxury-rental-mc.com\/fr\/location-voiture\/bmw-serie-4-cabriolet-2\/\"]}]},{\"@type\":\"BreadcrumbList\",\"@id\":\"https:\/\/luxury-rental-mc.com\/fr\/location-voiture\/bmw-serie-4-cabriolet-2\/#breadcrumb\",\"itemListElement\":[{\"@type\":\"ListItem\",\"position\":1,\"name\":\"Accueil\",\"item\":\"https:\/\/luxury-rental-mc.com\/fr\/\"},{\"@type\":\"ListItem\",\"position\":2,\"name\":\"Location\",\"item\":\"https:\/\/luxury-rental-mc.com\/fr\/location-voiture\/\"},{\"@type\":\"ListItem\",\"position\":3,\"name\":\"BMW Serie 4 Cabriolet\"}]},{\"@type\":\"WebSite\",\"@id\":\"https:\/\/luxury-rental-mc.com\/#website\",\"url\":\"https:\/\/luxury-rental-mc.com\/\",\"name\":\"Luxury Car Rentals | Monaco, Nice, Cannes, Saint-Tropez\",\"description\":\"Rent the finest brands : Porsche, Ferrari, Lamborghini, Mercedes...\",\"potentialAction\":[{\"@type\":\"SearchAction\",\"target\":{\"@type\":\"EntryPoint\",\"urlTemplate\":\"https:\/\/luxury-rental-mc.com\/?s={search_term_string}\"},\"query-input\":\"required name=search_term_string\"}],\"inLanguage\":\"fr-FR\"}]}<\/script>\n<!-- \/ Yoast SEO plugin. -->","yoast_head_json":{"title":"Location citadine BMW s\u00e9rie 1, louer voiture | LR MC","description":"La BMW s\u00e9rie 1 est une voiture citadine parfaite pour vos week-ends dans les centres villes afin de visiter et se d\u00e9placer sans encombre. A louer ici !","robots":{"index":"index","follow":"follow","max-snippet":"max-snippet:-1","max-image-preview":"max-image-preview:large","max-video-preview":"max-video-preview:-1"},"canonical":"https:\/\/luxury-rental-mc.com\/fr\/location-voiture\/bmw-serie-4-cabriolet-2\/","og_locale":"fr_FR","og_type":"article","og_title":"Location citadine BMW s\u00e9rie 1, louer voiture | LR MC","og_description":"La BMW s\u00e9rie 1 est une voiture citadine parfaite pour vos week-ends dans les centres villes afin de visiter et se d\u00e9placer sans encombre. A louer ici !","og_url":"https:\/\/luxury-rental-mc.com\/fr\/location-voiture\/bmw-serie-4-cabriolet-2\/","og_site_name":"Luxury Car Rentals | Monaco, Nice, Cannes, Saint-Tropez","article_modified_time":"2021-09-19T08:11:39+00:00","twitter_misc":{"Dur\u00e9e de lecture estim\u00e9e":"2 minutes"},"schema":{"@context":"https:\/\/schema.org","@graph":[{"@type":"WebPage","@id":"https:\/\/luxury-rental-mc.com\/fr\/location-voiture\/bmw-serie-4-cabriolet-2\/","url":"https:\/\/luxury-rental-mc.com\/fr\/location-voiture\/bmw-serie-4-cabriolet-2\/","name":"Location citadine BMW s\u00e9rie 1, louer voiture | LR MC","isPartOf":{"@id":"https:\/\/luxury-rental-mc.com\/#website"},"datePublished":"2016-07-04T14:56:20+00:00","dateModified":"2021-09-19T08:11:39+00:00","description":"La BMW s\u00e9rie 1 est une voiture citadine parfaite pour vos week-ends dans les centres villes afin de visiter et se d\u00e9placer sans encombre. A louer ici !","breadcrumb":{"@id":"https:\/\/luxury-rental-mc.com\/fr\/location-voiture\/bmw-serie-4-cabriolet-2\/#breadcrumb"},"inLanguage":"fr-FR","potentialAction":[{"@type":"ReadAction","target":["https:\/\/luxury-rental-mc.com\/fr\/location-voiture\/bmw-serie-4-cabriolet-2\/"]}]},{"@type":"BreadcrumbList","@id":"https:\/\/luxury-rental-mc.com\/fr\/location-voiture\/bmw-serie-4-cabriolet-2\/#breadcrumb","itemListElement":[{"@type":"ListItem","position":1,"name":"Accueil","item":"https:\/\/luxury-rental-mc.com\/fr\/"},{"@type":"ListItem","position":2,"name":"Location","item":"https:\/\/luxury-rental-mc.com\/fr\/location-voiture\/"},{"@type":"ListItem","position":3,"name":"BMW Serie 4 Cabriolet"}]},{"@type":"WebSite","@id":"https:\/\/luxury-rental-mc.com\/#website","url":"https:\/\/luxury-rental-mc.com\/","name":"Luxury Car Rentals | Monaco, Nice, Cannes, Saint-Tropez","description":"Rent the finest brands : Porsche, Ferrari, Lamborghini, Mercedes...","potentialAction":[{"@type":"SearchAction","target":{"@type":"EntryPoint","urlTemplate":"https:\/\/luxury-rental-mc.com\/?s={search_term_string}"},"query-input":"required name=search_term_string"}],"inLanguage":"fr-FR"}]}},"_links":{"self":[{"href":"https:\/\/luxury-rental-mc.com\/fr\/wp-json\/wp\/v2\/pages\/8130\/"}],"collection":[{"href":"https:\/\/luxury-rental-mc.com\/fr\/wp-json\/wp\/v2\/pages\/"}],"about":[{"href":"https:\/\/luxury-rental-mc.com\/fr\/wp-json\/wp\/v2\/types\/page\/"}],"author":[{"embeddable":true,"href":"https:\/\/luxury-rental-mc.com\/fr\/wp-json\/wp\/v2\/users\/2\/"}],"replies":[{"embeddable":true,"href":"https:\/\/luxury-rental-mc.com\/fr\/wp-json\/wp\/v2\/comments\/?post=8130"}],"version-history":[{"count":6,"href":"https:\/\/luxury-rental-mc.com\/fr\/wp-json\/wp\/v2\/pages\/8130\/revisions\/"}],"predecessor-version":[{"id":84462,"href":"https:\/\/luxury-rental-mc.com\/fr\/wp-json\/wp\/v2\/pages\/8130\/revisions\/84462\/"}],"up":[{"embeddable":true,"href":"https:\/\/luxury-rental-mc.com\/fr\/wp-json\/wp\/v2\/pages\/7038\/"}],"wp:attachment":[{"href":"https:\/\/luxury-rental-mc.com\/fr\/wp-json\/wp\/v2\/media\/?parent=8130"}],"curies":[{"name":"wp","href":"https:\/\/api.w.org\/{rel}","templated":true}]}}