{"id":8136,"date":"2016-07-04T17:11:23","date_gmt":"2016-07-04T15:11:23","guid":{"rendered":"https:\/\/luxury-rental-mc.com\/fr\/?page_id=8136"},"modified":"2019-06-26T17:23:59","modified_gmt":"2019-06-26T15:23:59","slug":"bmw-x5-m","status":"publish","type":"page","link":"https:\/\/luxury-rental-mc.com\/fr\/location-voiture\/bmw-x5-m\/","title":{"rendered":"BMW X5"},"content":{"rendered":"[vc_row][vc_column width=\u00a0\u00bb2\/3&Prime;][mk_title_box size=\u00a0\u00bb16&Prime; letter_spacing=\u00a0\u00bb4&Prime; margin_bottom=\u00a0\u00bb0&Prime; font_family=\u00a0\u00bbnone\u00a0\u00bb]\n<h1><span style=\"font-size: 14pt;\">Location\u00a0BMW X5<\/span><\/h1>\n[\/mk_title_box][mk_swipe_slideshow images=\u00a0\u00bb12428,12431,12435,12433&Prime; image_width=\u00a0\u00bb750&Prime; image_height=\u00a0\u00bb380&Prime;][vc_column_text]\n<p><span style=\"font-size: 10pt;\">Le nouveau BMW X5 est une v\u00e9ritable r\u00e9volution chez le constructeur automobile allemand. Le SUV BMW x5 devient plus imposant, performant et b\u00e9n\u00e9ficie des derni\u00e8res nouveaut\u00e9s technologiques. <strong>Louer un SUV de luxe \u00e0 Monaco<\/strong>, r\u00e9server un BMW X5 au sein de notre agence de location de prestige. Au volant de ce SUV haut de gamme de location, vous d\u00e9couvrez un plaisir de conduite sans \u00e9gal. L\u2019\u00e9t\u00e9 sur la C\u00f4te d\u2019Azur, rien de mieux que se pavaner sur la route du bord de mer entre Nice et <strong>Cannes<\/strong> \u00e0 bord d\u2019un BMW X5 nouvelle g\u00e9n\u00e9ration de location. Son coffre spacieux accueillera facilement vos bagages d\u00e8s votre arriv\u00e9e au <em>Terminal d\u2019Affaires de l\u2019A\u00e9roport de Nice C\u00f4te d\u2019Azur<\/em> ou \u00e0 l\u2019<strong>a\u00e9roport international de Marseille Marignane<\/strong>. Dans l\u2019habitacle du BMW X5, vous retrouvez l\u2019espace et le confort premi\u00e8re classe \u00e0 bord de ce 4&#215;4 de prestige. Louer une voiture de prestige boite automatique, si\u00e8ges cuir, navigation GPS\u2026. Louer un BMW X5 chez MC Luxury Rental, nous organisons la livraison de votre <a href=\"https:\/\/luxury-rental-mc.com\/fr\/news-fr\/louer-une-voiture-de-luxe-en-europe\">SUV de luxe \u00e0 votre convenance, 24\/7 partout en Europe<\/a>. Que vous soyez sur votre yacht au Port de St Tropez, \u00e0 l\u2019h\u00e9liport de Monaco, dans votre villa \u00e0 Cannes, dans un hotel \u00e0 Milan, \u00e0 l\u2019<a href=\"https:\/\/luxury-rental-mc.com\/fr\/location-voiture-luxe\/barcelone\">a\u00e9roport de Barcelone El Prat<\/a>, \u00e0 la gare de Paris Montparnasse, ou \u00e0 l\u2019<em>a\u00e9roport du Castellet<\/em>, la location d\u2019une voiture de luxe comme le BMW X5 sera d\u2019une extr\u00eame simplicit\u00e9. Equip\u00e9 de pneus neige, le BMW X5 vous permettra de braver les intemp\u00e9ries durant la p\u00e9riode hivernale dans les stations de sports d\u2019hiver telles que Chamonix, Meg\u00e8ve ou encore St Moritz. A l\u2019occasion de votre s\u00e9jour au ski, <a href=\"https:\/\/luxury-rental-mc.com\/fr\/location-voiture-luxe\/location-courchevel\">r\u00e9servez la livraison de votre BMW X5 \u00e0 l\u2019h\u00e9liport de Courchevel 1850<\/a>, devant votre chalet \u00e0 M\u00e9ribel, au pied des pistes \u00e0 Gstaad ou encore \u00e0 l\u2019A\u00e9roport de Gen\u00e8ve. Parmi nos services sur mesure, nous proposons la location de voitures de prestige en aller-simple, restituer un v\u00e9hicule de location \u00e0 un lieu diff\u00e9rent de la prise en charge. Pour un road-trip en Europe, r\u00e9cup\u00e9rez le BMW X5 \u00e0 l\u2019a\u00e9roport de Milan Malpensa et restituez le \u00e0 l\u2019a\u00e9roport de Bordeaux. Pendant votre location de BMW X5 vous pourrez effectuer vos trajets dans les pays d\u2019Europe tels que l\u2019Italie, l\u2019<strong>Espagne<\/strong>, la Suisse, l\u2019Autriche sans restrictions\u2026<\/span><\/p>\n[\/vc_column_text][\/vc_column][vc_column width=\u00a0\u00bb1\/3&Prime;][mk_padding_divider size=\u00a0\u00bb12&Prime;][mk_title_box size=\u00a0\u00bb16&Prime; letter_spacing=\u00a0\u00bb4&Prime; margin_bottom=\u00a0\u00bb0&Prime; font_family=\u00a0\u00bbnone\u00a0\u00bb]\n<h2><span style=\"font-size: 14pt;\">Tarifs<\/span><\/h2>\n[\/mk_title_box][vc_table vc_table_theme=\u00a0\u00bbsimple_pink\u00a0\u00bb][align-left]Journ%C3%A9e%20(150%20Km),[align-left]400%E2%82%AC|[b;align-left]3%20Jours%20(500%20km),[align-left]1000%E2%82%AC|[b;align-left]5%20Jours%20(750%20Km),[align-left]1800%E2%82%AC|[b;align-left]Jour%20supp.,[align-left]300%E2%82%AC[\/vc_table][mk_button dimension=\u00a0\u00bboutline\u00a0\u00bb size=\u00a0\u00bblarge\u00a0\u00bb icon=\u00a0\u00bbmk-li-call\u00a0\u00bb url=\u00a0\u00bbhttps:\/\/luxury-rental-mc.com\/fr\/contact\/\u00a0\u00bb align=\u00a0\u00bbcenter\u00a0\u00bb fullwidth=\u00a0\u00bbtrue\u00a0\u00bb visibility=\u00a0\u00bbhidden-sm\u00a0\u00bb]R\u00e9servation +33762841105[\/mk_button][mk_button dimension=\u00a0\u00bboutline\u00a0\u00bb size=\u00a0\u00bblarge\u00a0\u00bb icon=\u00a0\u00bbmk-li-call\u00a0\u00bb url=\u00a0\u00bbtel:+33762841105&Prime; align=\u00a0\u00bbcenter\u00a0\u00bb fullwidth=\u00a0\u00bbtrue\u00a0\u00bb visibility=\u00a0\u00bbhidden-dt\u00a0\u00bb]Reservation[\/mk_button][vc_column_text]Marque\u00a0:\u00a0BMW<br \/>\nMod\u00e8le : X5 M<br \/>\nNombre de places : 5<br \/>\nPuissance : 306\u00a0Ch<br \/>\nCylindr\u00e9e\u00a0: 2979 cm3<br \/>\nVitesse\u00a0max :\u00a0235 Km\/h<br \/>\nConsommation Mixte\u00a0: 8.5 l \/100 km<br \/>\nAge minimum\u00a0:\u00a018 ans[\/vc_column_text][\/vc_column][\/vc_row][vc_row fullwidth=\u00a0\u00bbtrue\u00a0\u00bb][vc_column][mk_clients clients=\u00a0\u00bb7183,7187,7173,7185,7177,7175,7179,7181,7189&Prime;][\/vc_column][\/vc_row]\n","protected":false},"excerpt":{"rendered":"<p>[vc_row][vc_column width=\u00a0\u00bb2\/3&Prime;][mk_title_box size=\u00a0\u00bb16&Prime; letter_spacing=\u00a0\u00bb4&Prime; margin_bottom=\u00a0\u00bb0&Prime; font_family=\u00a0\u00bbnone\u00a0\u00bb] Location\u00a0BMW X5 [\/mk_title_box][mk_swipe_slideshow images=\u00a0\u00bb12428,12431,12435,12433&Prime; image_width=\u00a0\u00bb750&Prime; image_height=\u00a0\u00bb380&Prime;][vc_column_text] Le nouveau BMW X5 est une v\u00e9ritable r\u00e9volution chez le constructeur automobile allemand. Le SUV BMW x5 devient plus imposant, performant et b\u00e9n\u00e9ficie des derni\u00e8res nouveaut\u00e9s technologiques. Louer un SUV de luxe \u00e0 Monaco, r\u00e9server un BMW X5 au sein de notre agence [&hellip;]<\/p>\n","protected":false},"author":2,"featured_media":0,"parent":7038,"menu_order":0,"comment_status":"closed","ping_status":"closed","template":"","meta":{"_monsterinsights_skip_tracking":false,"_monsterinsights_sitenote_active":false,"_monsterinsights_sitenote_note":"","_monsterinsights_sitenote_category":0},"yoast_head":"<!-- This site is optimized with the Yoast SEO plugin v20.3 - https:\/\/yoast.com\/wordpress\/plugins\/seo\/ -->\n<title>Location 4x4 BMW X5 M, louer un 4x4 BMW | LR MC<\/title>\n<meta name=\"description\" content=\"Le 4x4 X5 M de la marque BMW est tr\u00e8s connu et n&#039;a jamais d\u00e9\u00e7u. Son design, son \u00e9l\u00e9gance et sa puissance font de lui un parfait atout pour vos vacances.\" \/>\n<meta name=\"robots\" content=\"index, follow, max-snippet:-1, max-image-preview:large, max-video-preview:-1\" \/>\n<link rel=\"canonical\" href=\"https:\/\/luxury-rental-mc.com\/fr\/location-voiture\/bmw-x5-m\/\" \/>\n<meta property=\"og:locale\" content=\"fr_FR\" \/>\n<meta property=\"og:type\" content=\"article\" \/>\n<meta property=\"og:title\" content=\"Location 4x4 BMW X5 M, louer un 4x4 BMW | LR MC\" \/>\n<meta property=\"og:description\" content=\"Le 4x4 X5 M de la marque BMW est tr\u00e8s connu et n&#039;a jamais d\u00e9\u00e7u. Son design, son \u00e9l\u00e9gance et sa puissance font de lui un parfait atout pour vos vacances.\" \/>\n<meta property=\"og:url\" content=\"https:\/\/luxury-rental-mc.com\/fr\/location-voiture\/bmw-x5-m\/\" \/>\n<meta property=\"og:site_name\" content=\"Luxury Car Rentals | Monaco, Nice, Cannes, Saint-Tropez\" \/>\n<meta property=\"article:modified_time\" content=\"2019-06-26T15:23:59+00:00\" \/>\n<meta name=\"twitter:label1\" content=\"Dur\u00e9e de lecture estim\u00e9e\" \/>\n\t<meta name=\"twitter:data1\" content=\"3 minutes\" \/>\n<script type=\"application\/ld+json\" class=\"yoast-schema-graph\">{\"@context\":\"https:\/\/schema.org\",\"@graph\":[{\"@type\":\"WebPage\",\"@id\":\"https:\/\/luxury-rental-mc.com\/fr\/location-voiture\/bmw-x5-m\/\",\"url\":\"https:\/\/luxury-rental-mc.com\/fr\/location-voiture\/bmw-x5-m\/\",\"name\":\"Location 4x4 BMW X5 M, louer un 4x4 BMW | LR MC\",\"isPartOf\":{\"@id\":\"https:\/\/luxury-rental-mc.com\/#website\"},\"datePublished\":\"2016-07-04T15:11:23+00:00\",\"dateModified\":\"2019-06-26T15:23:59+00:00\",\"description\":\"Le 4x4 X5 M de la marque BMW est tr\u00e8s connu et n'a jamais d\u00e9\u00e7u. Son design, son \u00e9l\u00e9gance et sa puissance font de lui un parfait atout pour vos vacances.\",\"breadcrumb\":{\"@id\":\"https:\/\/luxury-rental-mc.com\/fr\/location-voiture\/bmw-x5-m\/#breadcrumb\"},\"inLanguage\":\"fr-FR\",\"potentialAction\":[{\"@type\":\"ReadAction\",\"target\":[\"https:\/\/luxury-rental-mc.com\/fr\/location-voiture\/bmw-x5-m\/\"]}]},{\"@type\":\"BreadcrumbList\",\"@id\":\"https:\/\/luxury-rental-mc.com\/fr\/location-voiture\/bmw-x5-m\/#breadcrumb\",\"itemListElement\":[{\"@type\":\"ListItem\",\"position\":1,\"name\":\"Accueil\",\"item\":\"https:\/\/luxury-rental-mc.com\/fr\/\"},{\"@type\":\"ListItem\",\"position\":2,\"name\":\"Location\",\"item\":\"https:\/\/luxury-rental-mc.com\/fr\/location-voiture\/\"},{\"@type\":\"ListItem\",\"position\":3,\"name\":\"BMW X5\"}]},{\"@type\":\"WebSite\",\"@id\":\"https:\/\/luxury-rental-mc.com\/#website\",\"url\":\"https:\/\/luxury-rental-mc.com\/\",\"name\":\"Luxury Car Rentals | Monaco, Nice, Cannes, Saint-Tropez\",\"description\":\"Rent the finest brands : Porsche, Ferrari, Lamborghini, Mercedes...\",\"potentialAction\":[{\"@type\":\"SearchAction\",\"target\":{\"@type\":\"EntryPoint\",\"urlTemplate\":\"https:\/\/luxury-rental-mc.com\/?s={search_term_string}\"},\"query-input\":\"required name=search_term_string\"}],\"inLanguage\":\"fr-FR\"}]}<\/script>\n<!-- \/ Yoast SEO plugin. -->","yoast_head_json":{"title":"Location 4x4 BMW X5 M, louer un 4x4 BMW | LR MC","description":"Le 4x4 X5 M de la marque BMW est tr\u00e8s connu et n'a jamais d\u00e9\u00e7u. Son design, son \u00e9l\u00e9gance et sa puissance font de lui un parfait atout pour vos vacances.","robots":{"index":"index","follow":"follow","max-snippet":"max-snippet:-1","max-image-preview":"max-image-preview:large","max-video-preview":"max-video-preview:-1"},"canonical":"https:\/\/luxury-rental-mc.com\/fr\/location-voiture\/bmw-x5-m\/","og_locale":"fr_FR","og_type":"article","og_title":"Location 4x4 BMW X5 M, louer un 4x4 BMW | LR MC","og_description":"Le 4x4 X5 M de la marque BMW est tr\u00e8s connu et n'a jamais d\u00e9\u00e7u. Son design, son \u00e9l\u00e9gance et sa puissance font de lui un parfait atout pour vos vacances.","og_url":"https:\/\/luxury-rental-mc.com\/fr\/location-voiture\/bmw-x5-m\/","og_site_name":"Luxury Car Rentals | Monaco, Nice, Cannes, Saint-Tropez","article_modified_time":"2019-06-26T15:23:59+00:00","twitter_misc":{"Dur\u00e9e de lecture estim\u00e9e":"3 minutes"},"schema":{"@context":"https:\/\/schema.org","@graph":[{"@type":"WebPage","@id":"https:\/\/luxury-rental-mc.com\/fr\/location-voiture\/bmw-x5-m\/","url":"https:\/\/luxury-rental-mc.com\/fr\/location-voiture\/bmw-x5-m\/","name":"Location 4x4 BMW X5 M, louer un 4x4 BMW | LR MC","isPartOf":{"@id":"https:\/\/luxury-rental-mc.com\/#website"},"datePublished":"2016-07-04T15:11:23+00:00","dateModified":"2019-06-26T15:23:59+00:00","description":"Le 4x4 X5 M de la marque BMW est tr\u00e8s connu et n'a jamais d\u00e9\u00e7u. Son design, son \u00e9l\u00e9gance et sa puissance font de lui un parfait atout pour vos vacances.","breadcrumb":{"@id":"https:\/\/luxury-rental-mc.com\/fr\/location-voiture\/bmw-x5-m\/#breadcrumb"},"inLanguage":"fr-FR","potentialAction":[{"@type":"ReadAction","target":["https:\/\/luxury-rental-mc.com\/fr\/location-voiture\/bmw-x5-m\/"]}]},{"@type":"BreadcrumbList","@id":"https:\/\/luxury-rental-mc.com\/fr\/location-voiture\/bmw-x5-m\/#breadcrumb","itemListElement":[{"@type":"ListItem","position":1,"name":"Accueil","item":"https:\/\/luxury-rental-mc.com\/fr\/"},{"@type":"ListItem","position":2,"name":"Location","item":"https:\/\/luxury-rental-mc.com\/fr\/location-voiture\/"},{"@type":"ListItem","position":3,"name":"BMW X5"}]},{"@type":"WebSite","@id":"https:\/\/luxury-rental-mc.com\/#website","url":"https:\/\/luxury-rental-mc.com\/","name":"Luxury Car Rentals | Monaco, Nice, Cannes, Saint-Tropez","description":"Rent the finest brands : Porsche, Ferrari, Lamborghini, Mercedes...","potentialAction":[{"@type":"SearchAction","target":{"@type":"EntryPoint","urlTemplate":"https:\/\/luxury-rental-mc.com\/?s={search_term_string}"},"query-input":"required name=search_term_string"}],"inLanguage":"fr-FR"}]}},"_links":{"self":[{"href":"https:\/\/luxury-rental-mc.com\/fr\/wp-json\/wp\/v2\/pages\/8136\/"}],"collection":[{"href":"https:\/\/luxury-rental-mc.com\/fr\/wp-json\/wp\/v2\/pages\/"}],"about":[{"href":"https:\/\/luxury-rental-mc.com\/fr\/wp-json\/wp\/v2\/types\/page\/"}],"author":[{"embeddable":true,"href":"https:\/\/luxury-rental-mc.com\/fr\/wp-json\/wp\/v2\/users\/2\/"}],"replies":[{"embeddable":true,"href":"https:\/\/luxury-rental-mc.com\/fr\/wp-json\/wp\/v2\/comments\/?post=8136"}],"version-history":[{"count":8,"href":"https:\/\/luxury-rental-mc.com\/fr\/wp-json\/wp\/v2\/pages\/8136\/revisions\/"}],"predecessor-version":[{"id":12469,"href":"https:\/\/luxury-rental-mc.com\/fr\/wp-json\/wp\/v2\/pages\/8136\/revisions\/12469\/"}],"up":[{"embeddable":true,"href":"https:\/\/luxury-rental-mc.com\/fr\/wp-json\/wp\/v2\/pages\/7038\/"}],"wp:attachment":[{"href":"https:\/\/luxury-rental-mc.com\/fr\/wp-json\/wp\/v2\/media\/?parent=8136"}],"curies":[{"name":"wp","href":"https:\/\/api.w.org\/{rel}","templated":true}]}}