{"id":8142,"date":"2016-07-04T18:34:11","date_gmt":"2016-07-04T16:34:11","guid":{"rendered":"https:\/\/luxury-rental-mc.com\/fr\/?page_id=8142"},"modified":"2017-06-22T08:39:41","modified_gmt":"2017-06-22T06:39:41","slug":"bentley-bentayga","status":"publish","type":"page","link":"https:\/\/luxury-rental-mc.com\/fr\/location-voiture\/bentley-bentayga\/","title":{"rendered":"Bentley Bentayga"},"content":{"rendered":"[vc_row][vc_column width=\u00a0\u00bb2\/3&Prime;][mk_title_box size=\u00a0\u00bb16&Prime; letter_spacing=\u00a0\u00bb4&Prime; margin_bottom=\u00a0\u00bb0&Prime; font_family=\u00a0\u00bbnone\u00a0\u00bb]\n<h1><span style=\"font-size: 14pt;\">Location\u00a0Bentley Bentayga<\/span><\/h1>\n[\/mk_title_box][mk_swipe_slideshow images=\u00a0\u00bb10148,10152,10156,10160&Prime; image_width=\u00a0\u00bb750&Prime; image_height=\u00a0\u00bb380&Prime;][vc_column_text]\n<p style=\"text-align: justify;\">La Bentley Bentayga est une technologie d\u2019avant-garde munie d\u2019un circuit \u00e9lectrique doubl\u00e9 par un syst\u00e8me en 48 volts, d\u2019une suspension pneumatique permettant de se croire sur un tapis roulant, un moteur pharamineux d\u2019une cylindr\u00e9e de 6 litres d\u00e9veloppant 608 chevaux et bien d\u2019autres. Le Bentayga repr\u00e9sente le mod\u00e8le le plus sophistiqu\u00e9 de la c\u00e9l\u00e8bre marque. \u00a0Le Bentayga est un v\u00e9hicule de luxe mais ne n\u00e9glige pas l\u2019espace de l\u2019habitacle. Un v\u00e9hicule correspondant \u00e0 des nombreuses attentes et qui ne vous d\u00e9cevra pas.<\/p>\n[\/vc_column_text][\/vc_column][vc_column width=\u00a0\u00bb1\/3&Prime;][mk_padding_divider size=\u00a0\u00bb12&Prime;][mk_title_box size=\u00a0\u00bb16&Prime; letter_spacing=\u00a0\u00bb4&Prime; margin_bottom=\u00a0\u00bb0&Prime; font_family=\u00a0\u00bbnone\u00a0\u00bb]\n<h2><span style=\"font-size: 14pt;\">Tarifs<\/span><\/h2>\n[\/mk_title_box][vc_table vc_table_theme=\u00a0\u00bbsimple_pink\u00a0\u00bb][align-left]Journ%C3%A9e%20(150%20Km),[align-left]2200%E2%82%AC|[b;align-left]3%20Jours%20(500%20km),[align-left]6000%E2%82%AC|[b;align-left]5%20Jours%20(750%20Km),[align-left]9000%E2%82%AC|[b;align-left]Jour%20supp.,[align-left]1800%E2%82%AC[\/vc_table][mk_button dimension=\u00a0\u00bboutline\u00a0\u00bb size=\u00a0\u00bblarge\u00a0\u00bb icon=\u00a0\u00bbmk-li-call\u00a0\u00bb url=\u00a0\u00bbhttps:\/\/luxury-rental-mc.com\/fr\/contact\/\u00a0\u00bb align=\u00a0\u00bbcenter\u00a0\u00bb fullwidth=\u00a0\u00bbtrue\u00a0\u00bb visibility=\u00a0\u00bbhidden-sm\u00a0\u00bb]R\u00e9servation +33762841105[\/mk_button][mk_button dimension=\u00a0\u00bboutline\u00a0\u00bb size=\u00a0\u00bblarge\u00a0\u00bb icon=\u00a0\u00bbmk-li-call\u00a0\u00bb url=\u00a0\u00bbtel:+33762841105&Prime; align=\u00a0\u00bbcenter\u00a0\u00bb fullwidth=\u00a0\u00bbtrue\u00a0\u00bb visibility=\u00a0\u00bbhidden-dt\u00a0\u00bb]Reservation[\/mk_button][vc_column_text]Marque\u00a0: Bentley<br \/>\nMod\u00e8le : Bentayga<br \/>\nNombre de places :\u00a05<br \/>\nPuissance : 608 Ch<br \/>\nCylindr\u00e9e\u00a0: 5950 cm3<br \/>\nVitesse\u00a0max : 301 Km\/h<br \/>\nConsommation Mixte\u00a0: 12.8 l \/100 km<br \/>\nAge minimum\u00a0:\u00a018 ans[\/vc_column_text][\/vc_column][\/vc_row][vc_row fullwidth=\u00a0\u00bbtrue\u00a0\u00bb][vc_column][mk_clients clients=\u00a0\u00bb7183,7187,7173,7185,7177,7175,7179,7181,7189&Prime;][\/vc_column][\/vc_row]\n","protected":false},"excerpt":{"rendered":"<p>[vc_row][vc_column width=\u00a0\u00bb2\/3&Prime;][mk_title_box size=\u00a0\u00bb16&Prime; letter_spacing=\u00a0\u00bb4&Prime; margin_bottom=\u00a0\u00bb0&Prime; font_family=\u00a0\u00bbnone\u00a0\u00bb] Location\u00a0Bentley Bentayga [\/mk_title_box][mk_swipe_slideshow images=\u00a0\u00bb10148,10152,10156,10160&Prime; image_width=\u00a0\u00bb750&Prime; image_height=\u00a0\u00bb380&Prime;][vc_column_text] La Bentley Bentayga est une technologie d\u2019avant-garde munie d\u2019un circuit \u00e9lectrique doubl\u00e9 par un syst\u00e8me en 48 volts, d\u2019une suspension pneumatique permettant de se croire sur un tapis roulant, un moteur pharamineux d\u2019une cylindr\u00e9e de 6 litres d\u00e9veloppant 608 chevaux et bien d\u2019autres. [&hellip;]<\/p>\n","protected":false},"author":2,"featured_media":0,"parent":7038,"menu_order":0,"comment_status":"closed","ping_status":"closed","template":"","meta":{"_monsterinsights_skip_tracking":false,"_monsterinsights_sitenote_active":false,"_monsterinsights_sitenote_note":"","_monsterinsights_sitenote_category":0},"yoast_head":"<!-- This site is optimized with the Yoast SEO plugin v20.3 - https:\/\/yoast.com\/wordpress\/plugins\/seo\/ -->\n<title>Location voiture Bentley Bentayga, voiture \u00e9l\u00e9gante | LR MC<\/title>\n<meta name=\"description\" content=\"Le mod\u00e8le Bentayga de la marque Bentley est un des mod\u00e8les les plus sophistiqu\u00e9s. Luxueux, spacieux, dynamique ce v\u00e9hicule ne vous d\u00e9cevra pas. A louer ici!\" \/>\n<meta name=\"robots\" content=\"index, follow, max-snippet:-1, max-image-preview:large, max-video-preview:-1\" \/>\n<link rel=\"canonical\" href=\"https:\/\/luxury-rental-mc.com\/fr\/location-voiture\/bentley-bentayga\/\" \/>\n<meta property=\"og:locale\" content=\"fr_FR\" \/>\n<meta property=\"og:type\" content=\"article\" \/>\n<meta property=\"og:title\" content=\"Location voiture Bentley Bentayga, voiture \u00e9l\u00e9gante | LR MC\" \/>\n<meta property=\"og:description\" content=\"Le mod\u00e8le Bentayga de la marque Bentley est un des mod\u00e8les les plus sophistiqu\u00e9s. Luxueux, spacieux, dynamique ce v\u00e9hicule ne vous d\u00e9cevra pas. A louer ici!\" \/>\n<meta property=\"og:url\" content=\"https:\/\/luxury-rental-mc.com\/fr\/location-voiture\/bentley-bentayga\/\" \/>\n<meta property=\"og:site_name\" content=\"Luxury Car Rentals | Monaco, Nice, Cannes, Saint-Tropez\" \/>\n<meta property=\"article:modified_time\" content=\"2017-06-22T06:39:41+00:00\" \/>\n<meta name=\"twitter:label1\" content=\"Dur\u00e9e de lecture estim\u00e9e\" \/>\n\t<meta name=\"twitter:data1\" content=\"1 minute\" \/>\n<script type=\"application\/ld+json\" class=\"yoast-schema-graph\">{\"@context\":\"https:\/\/schema.org\",\"@graph\":[{\"@type\":\"WebPage\",\"@id\":\"https:\/\/luxury-rental-mc.com\/fr\/location-voiture\/bentley-bentayga\/\",\"url\":\"https:\/\/luxury-rental-mc.com\/fr\/location-voiture\/bentley-bentayga\/\",\"name\":\"Location voiture Bentley Bentayga, voiture \u00e9l\u00e9gante | LR MC\",\"isPartOf\":{\"@id\":\"https:\/\/luxury-rental-mc.com\/#website\"},\"datePublished\":\"2016-07-04T16:34:11+00:00\",\"dateModified\":\"2017-06-22T06:39:41+00:00\",\"description\":\"Le mod\u00e8le Bentayga de la marque Bentley est un des mod\u00e8les les plus sophistiqu\u00e9s. Luxueux, spacieux, dynamique ce v\u00e9hicule ne vous d\u00e9cevra pas. A louer ici!\",\"breadcrumb\":{\"@id\":\"https:\/\/luxury-rental-mc.com\/fr\/location-voiture\/bentley-bentayga\/#breadcrumb\"},\"inLanguage\":\"fr-FR\",\"potentialAction\":[{\"@type\":\"ReadAction\",\"target\":[\"https:\/\/luxury-rental-mc.com\/fr\/location-voiture\/bentley-bentayga\/\"]}]},{\"@type\":\"BreadcrumbList\",\"@id\":\"https:\/\/luxury-rental-mc.com\/fr\/location-voiture\/bentley-bentayga\/#breadcrumb\",\"itemListElement\":[{\"@type\":\"ListItem\",\"position\":1,\"name\":\"Accueil\",\"item\":\"https:\/\/luxury-rental-mc.com\/fr\/\"},{\"@type\":\"ListItem\",\"position\":2,\"name\":\"Location\",\"item\":\"https:\/\/luxury-rental-mc.com\/fr\/location-voiture\/\"},{\"@type\":\"ListItem\",\"position\":3,\"name\":\"Bentley Bentayga\"}]},{\"@type\":\"WebSite\",\"@id\":\"https:\/\/luxury-rental-mc.com\/#website\",\"url\":\"https:\/\/luxury-rental-mc.com\/\",\"name\":\"Luxury Car Rentals | Monaco, Nice, Cannes, Saint-Tropez\",\"description\":\"Rent the finest brands : Porsche, Ferrari, Lamborghini, Mercedes...\",\"potentialAction\":[{\"@type\":\"SearchAction\",\"target\":{\"@type\":\"EntryPoint\",\"urlTemplate\":\"https:\/\/luxury-rental-mc.com\/?s={search_term_string}\"},\"query-input\":\"required name=search_term_string\"}],\"inLanguage\":\"fr-FR\"}]}<\/script>\n<!-- \/ Yoast SEO plugin. -->","yoast_head_json":{"title":"Location voiture Bentley Bentayga, voiture \u00e9l\u00e9gante | LR MC","description":"Le mod\u00e8le Bentayga de la marque Bentley est un des mod\u00e8les les plus sophistiqu\u00e9s. Luxueux, spacieux, dynamique ce v\u00e9hicule ne vous d\u00e9cevra pas. A louer ici!","robots":{"index":"index","follow":"follow","max-snippet":"max-snippet:-1","max-image-preview":"max-image-preview:large","max-video-preview":"max-video-preview:-1"},"canonical":"https:\/\/luxury-rental-mc.com\/fr\/location-voiture\/bentley-bentayga\/","og_locale":"fr_FR","og_type":"article","og_title":"Location voiture Bentley Bentayga, voiture \u00e9l\u00e9gante | LR MC","og_description":"Le mod\u00e8le Bentayga de la marque Bentley est un des mod\u00e8les les plus sophistiqu\u00e9s. Luxueux, spacieux, dynamique ce v\u00e9hicule ne vous d\u00e9cevra pas. A louer ici!","og_url":"https:\/\/luxury-rental-mc.com\/fr\/location-voiture\/bentley-bentayga\/","og_site_name":"Luxury Car Rentals | Monaco, Nice, Cannes, Saint-Tropez","article_modified_time":"2017-06-22T06:39:41+00:00","twitter_misc":{"Dur\u00e9e de lecture estim\u00e9e":"1 minute"},"schema":{"@context":"https:\/\/schema.org","@graph":[{"@type":"WebPage","@id":"https:\/\/luxury-rental-mc.com\/fr\/location-voiture\/bentley-bentayga\/","url":"https:\/\/luxury-rental-mc.com\/fr\/location-voiture\/bentley-bentayga\/","name":"Location voiture Bentley Bentayga, voiture \u00e9l\u00e9gante | LR MC","isPartOf":{"@id":"https:\/\/luxury-rental-mc.com\/#website"},"datePublished":"2016-07-04T16:34:11+00:00","dateModified":"2017-06-22T06:39:41+00:00","description":"Le mod\u00e8le Bentayga de la marque Bentley est un des mod\u00e8les les plus sophistiqu\u00e9s. Luxueux, spacieux, dynamique ce v\u00e9hicule ne vous d\u00e9cevra pas. A louer ici!","breadcrumb":{"@id":"https:\/\/luxury-rental-mc.com\/fr\/location-voiture\/bentley-bentayga\/#breadcrumb"},"inLanguage":"fr-FR","potentialAction":[{"@type":"ReadAction","target":["https:\/\/luxury-rental-mc.com\/fr\/location-voiture\/bentley-bentayga\/"]}]},{"@type":"BreadcrumbList","@id":"https:\/\/luxury-rental-mc.com\/fr\/location-voiture\/bentley-bentayga\/#breadcrumb","itemListElement":[{"@type":"ListItem","position":1,"name":"Accueil","item":"https:\/\/luxury-rental-mc.com\/fr\/"},{"@type":"ListItem","position":2,"name":"Location","item":"https:\/\/luxury-rental-mc.com\/fr\/location-voiture\/"},{"@type":"ListItem","position":3,"name":"Bentley Bentayga"}]},{"@type":"WebSite","@id":"https:\/\/luxury-rental-mc.com\/#website","url":"https:\/\/luxury-rental-mc.com\/","name":"Luxury Car Rentals | Monaco, Nice, Cannes, Saint-Tropez","description":"Rent the finest brands : Porsche, Ferrari, Lamborghini, Mercedes...","potentialAction":[{"@type":"SearchAction","target":{"@type":"EntryPoint","urlTemplate":"https:\/\/luxury-rental-mc.com\/?s={search_term_string}"},"query-input":"required name=search_term_string"}],"inLanguage":"fr-FR"}]}},"_links":{"self":[{"href":"https:\/\/luxury-rental-mc.com\/fr\/wp-json\/wp\/v2\/pages\/8142\/"}],"collection":[{"href":"https:\/\/luxury-rental-mc.com\/fr\/wp-json\/wp\/v2\/pages\/"}],"about":[{"href":"https:\/\/luxury-rental-mc.com\/fr\/wp-json\/wp\/v2\/types\/page\/"}],"author":[{"embeddable":true,"href":"https:\/\/luxury-rental-mc.com\/fr\/wp-json\/wp\/v2\/users\/2\/"}],"replies":[{"embeddable":true,"href":"https:\/\/luxury-rental-mc.com\/fr\/wp-json\/wp\/v2\/comments\/?post=8142"}],"version-history":[{"count":3,"href":"https:\/\/luxury-rental-mc.com\/fr\/wp-json\/wp\/v2\/pages\/8142\/revisions\/"}],"predecessor-version":[{"id":10239,"href":"https:\/\/luxury-rental-mc.com\/fr\/wp-json\/wp\/v2\/pages\/8142\/revisions\/10239\/"}],"up":[{"embeddable":true,"href":"https:\/\/luxury-rental-mc.com\/fr\/wp-json\/wp\/v2\/pages\/7038\/"}],"wp:attachment":[{"href":"https:\/\/luxury-rental-mc.com\/fr\/wp-json\/wp\/v2\/media\/?parent=8142"}],"curies":[{"name":"wp","href":"https:\/\/api.w.org\/{rel}","templated":true}]}}