{"id":8150,"date":"2016-07-05T13:01:45","date_gmt":"2016-07-05T11:01:45","guid":{"rendered":"https:\/\/luxury-rental-mc.com\/fr\/?page_id=8150"},"modified":"2020-03-07T10:59:07","modified_gmt":"2020-03-07T09:59:07","slug":"bentley-flying-spur","status":"publish","type":"page","link":"https:\/\/luxury-rental-mc.com\/fr\/location-voiture\/bentley-flying-spur\/","title":{"rendered":"Bentley Flying Spur"},"content":{"rendered":"[vc_row][vc_column width=\u00a0\u00bb2\/3&Prime;][mk_title_box size=\u00a0\u00bb16&Prime; letter_spacing=\u00a0\u00bb4&Prime; margin_bottom=\u00a0\u00bb0&Prime; font_family=\u00a0\u00bbnone\u00a0\u00bb]\n<h1><span style=\"font-size: 14pt;\">Location Bentley Flying Spur<\/span><\/h1>\n[\/mk_title_box][mk_swipe_slideshow images=\u00a0\u00bb11757,11762,11764&Prime; image_width=\u00a0\u00bb750&Prime; image_height=\u00a0\u00bb380&Prime;][vc_column_text]\n<p style=\"text-align: justify;\">La Bentley Flying Spur \u00a0est dot\u00e9e d\u2019un moteur V8 4 litres biturbo de 507chevaux ce qui place cette jolie berline en entr\u00e9e de gamme dans la marque Bentley. Une entr\u00e9e de gamme tout de m\u00eame sup\u00e9rieure, elle est consid\u00e9r\u00e9e comme la petite s\u0153ur de la Bentley Mulsanne. Comme les Bentley pr\u00e9sent\u00e9es elle pr\u00e9sente \u00e9galement un habitacle spacieux et une puissance suffisante pour dynamiser ses 2,5 tonnes.<\/p>\n[\/vc_column_text][\/vc_column][vc_column width=\u00a0\u00bb1\/3&Prime;][mk_padding_divider size=\u00a0\u00bb12&Prime;][mk_title_box size=\u00a0\u00bb16&Prime; letter_spacing=\u00a0\u00bb4&Prime; margin_bottom=\u00a0\u00bb0&Prime; font_family=\u00a0\u00bbnone\u00a0\u00bb]\n<h2><span style=\"font-size: 14pt;\">Tarifs<\/span><\/h2>\n[\/mk_title_box][vc_table vc_table_theme=\u00a0\u00bbsimple_pink\u00a0\u00bb][align-left]Journ%C3%A9e%20(150%20Km),[align-left]2200%E2%82%AC|[b;align-left]3%20Jours%20(500%20km),[align-left]6800%E2%82%AC|[b;align-left]5%20Jours%20(750%20Km),[align-left]9000%E2%82%AC|[b;align-left]Jour%20supp.,[align-left]1800%E2%82%AC[\/vc_table][mk_button dimension=\u00a0\u00bboutline\u00a0\u00bb size=\u00a0\u00bblarge\u00a0\u00bb icon=\u00a0\u00bbmk-li-call\u00a0\u00bb url=\u00a0\u00bbhttps:\/\/luxury-rental-mc.com\/fr\/contact\/\u00a0\u00bb align=\u00a0\u00bbcenter\u00a0\u00bb fullwidth=\u00a0\u00bbtrue\u00a0\u00bb visibility=\u00a0\u00bbhidden-sm\u00a0\u00bb]R\u00e9servation +33762841105[\/mk_button][mk_button dimension=\u00a0\u00bboutline\u00a0\u00bb size=\u00a0\u00bblarge\u00a0\u00bb icon=\u00a0\u00bbmk-li-call\u00a0\u00bb url=\u00a0\u00bbtel:+33762841105&Prime; align=\u00a0\u00bbcenter\u00a0\u00bb fullwidth=\u00a0\u00bbtrue\u00a0\u00bb visibility=\u00a0\u00bbhidden-dt\u00a0\u00bb]Reservation[\/mk_button][vc_column_text]Marque\u00a0:\u00a0Bentley<br \/>\nMod\u00e8le :\u00a0Flying Spur<br \/>\nNombre de places :\u00a05<br \/>\nPuissance : 625 Ch<br \/>\nCylindr\u00e9e\u00a0: 5998 cm3<br \/>\nVitesse\u00a0max : 320 Km\/h<br \/>\nConsommation Mixte\u00a0: 14.4 l \/100 km<br \/>\nAge minimum\u00a0:\u00a018 ans[\/vc_column_text][\/vc_column][\/vc_row][vc_row fullwidth=\u00a0\u00bbtrue\u00a0\u00bb][vc_column][mk_clients clients=\u00a0\u00bb7183,7187,7173,7185,7177,7175,7179,7181,7189&Prime;][\/vc_column][\/vc_row]\n","protected":false},"excerpt":{"rendered":"<p>[vc_row][vc_column width=\u00a0\u00bb2\/3&Prime;][mk_title_box size=\u00a0\u00bb16&Prime; letter_spacing=\u00a0\u00bb4&Prime; margin_bottom=\u00a0\u00bb0&Prime; font_family=\u00a0\u00bbnone\u00a0\u00bb] Location Bentley Flying Spur [\/mk_title_box][mk_swipe_slideshow images=\u00a0\u00bb11757,11762,11764&Prime; image_width=\u00a0\u00bb750&Prime; image_height=\u00a0\u00bb380&Prime;][vc_column_text] La Bentley Flying Spur \u00a0est dot\u00e9e d\u2019un moteur V8 4 litres biturbo de 507chevaux ce qui place cette jolie berline en entr\u00e9e de gamme dans la marque Bentley. Une entr\u00e9e de gamme tout de m\u00eame sup\u00e9rieure, elle est consid\u00e9r\u00e9e comme la [&hellip;]<\/p>\n","protected":false},"author":2,"featured_media":0,"parent":7038,"menu_order":0,"comment_status":"closed","ping_status":"closed","template":"","meta":{"_monsterinsights_skip_tracking":false,"_monsterinsights_sitenote_active":false,"_monsterinsights_sitenote_note":"","_monsterinsights_sitenote_category":0},"yoast_head":"<!-- This site is optimized with the Yoast SEO plugin v20.3 - https:\/\/yoast.com\/wordpress\/plugins\/seo\/ -->\n<title>Bentley Flying Spur \u00e0 louer, location berline de luxe | LR MC<\/title>\n<meta name=\"description\" content=\"Une berline de luxe nomm\u00e9e Flying Spur du constructeur Bentley, tr\u00e8s \u00e9l\u00e9gante et spacieuse elle sera parfaite pour vos d\u00e9placements professionnels.\" \/>\n<meta name=\"robots\" content=\"index, follow, max-snippet:-1, max-image-preview:large, max-video-preview:-1\" \/>\n<link rel=\"canonical\" href=\"https:\/\/luxury-rental-mc.com\/fr\/location-voiture\/bentley-flying-spur\/\" \/>\n<meta property=\"og:locale\" content=\"fr_FR\" \/>\n<meta property=\"og:type\" content=\"article\" \/>\n<meta property=\"og:title\" content=\"Bentley Flying Spur \u00e0 louer, location berline de luxe | LR MC\" \/>\n<meta property=\"og:description\" content=\"Une berline de luxe nomm\u00e9e Flying Spur du constructeur Bentley, tr\u00e8s \u00e9l\u00e9gante et spacieuse elle sera parfaite pour vos d\u00e9placements professionnels.\" \/>\n<meta property=\"og:url\" content=\"https:\/\/luxury-rental-mc.com\/fr\/location-voiture\/bentley-flying-spur\/\" \/>\n<meta property=\"og:site_name\" content=\"Luxury Car Rentals | Monaco, Nice, Cannes, Saint-Tropez\" \/>\n<meta property=\"article:modified_time\" content=\"2020-03-07T09:59:07+00:00\" \/>\n<meta name=\"twitter:label1\" content=\"Dur\u00e9e de lecture estim\u00e9e\" \/>\n\t<meta name=\"twitter:data1\" content=\"1 minute\" \/>\n<script type=\"application\/ld+json\" class=\"yoast-schema-graph\">{\"@context\":\"https:\/\/schema.org\",\"@graph\":[{\"@type\":\"WebPage\",\"@id\":\"https:\/\/luxury-rental-mc.com\/fr\/location-voiture\/bentley-flying-spur\/\",\"url\":\"https:\/\/luxury-rental-mc.com\/fr\/location-voiture\/bentley-flying-spur\/\",\"name\":\"Bentley Flying Spur \u00e0 louer, location berline de luxe | LR MC\",\"isPartOf\":{\"@id\":\"https:\/\/luxury-rental-mc.com\/#website\"},\"datePublished\":\"2016-07-05T11:01:45+00:00\",\"dateModified\":\"2020-03-07T09:59:07+00:00\",\"description\":\"Une berline de luxe nomm\u00e9e Flying Spur du constructeur Bentley, tr\u00e8s \u00e9l\u00e9gante et spacieuse elle sera parfaite pour vos d\u00e9placements professionnels.\",\"breadcrumb\":{\"@id\":\"https:\/\/luxury-rental-mc.com\/fr\/location-voiture\/bentley-flying-spur\/#breadcrumb\"},\"inLanguage\":\"fr-FR\",\"potentialAction\":[{\"@type\":\"ReadAction\",\"target\":[\"https:\/\/luxury-rental-mc.com\/fr\/location-voiture\/bentley-flying-spur\/\"]}]},{\"@type\":\"BreadcrumbList\",\"@id\":\"https:\/\/luxury-rental-mc.com\/fr\/location-voiture\/bentley-flying-spur\/#breadcrumb\",\"itemListElement\":[{\"@type\":\"ListItem\",\"position\":1,\"name\":\"Accueil\",\"item\":\"https:\/\/luxury-rental-mc.com\/fr\/\"},{\"@type\":\"ListItem\",\"position\":2,\"name\":\"Location\",\"item\":\"https:\/\/luxury-rental-mc.com\/fr\/location-voiture\/\"},{\"@type\":\"ListItem\",\"position\":3,\"name\":\"Bentley Flying Spur\"}]},{\"@type\":\"WebSite\",\"@id\":\"https:\/\/luxury-rental-mc.com\/#website\",\"url\":\"https:\/\/luxury-rental-mc.com\/\",\"name\":\"Luxury Car Rentals | Monaco, Nice, Cannes, Saint-Tropez\",\"description\":\"Rent the finest brands : Porsche, Ferrari, Lamborghini, Mercedes...\",\"potentialAction\":[{\"@type\":\"SearchAction\",\"target\":{\"@type\":\"EntryPoint\",\"urlTemplate\":\"https:\/\/luxury-rental-mc.com\/?s={search_term_string}\"},\"query-input\":\"required name=search_term_string\"}],\"inLanguage\":\"fr-FR\"}]}<\/script>\n<!-- \/ Yoast SEO plugin. -->","yoast_head_json":{"title":"Bentley Flying Spur \u00e0 louer, location berline de luxe | LR MC","description":"Une berline de luxe nomm\u00e9e Flying Spur du constructeur Bentley, tr\u00e8s \u00e9l\u00e9gante et spacieuse elle sera parfaite pour vos d\u00e9placements professionnels.","robots":{"index":"index","follow":"follow","max-snippet":"max-snippet:-1","max-image-preview":"max-image-preview:large","max-video-preview":"max-video-preview:-1"},"canonical":"https:\/\/luxury-rental-mc.com\/fr\/location-voiture\/bentley-flying-spur\/","og_locale":"fr_FR","og_type":"article","og_title":"Bentley Flying Spur \u00e0 louer, location berline de luxe | LR MC","og_description":"Une berline de luxe nomm\u00e9e Flying Spur du constructeur Bentley, tr\u00e8s \u00e9l\u00e9gante et spacieuse elle sera parfaite pour vos d\u00e9placements professionnels.","og_url":"https:\/\/luxury-rental-mc.com\/fr\/location-voiture\/bentley-flying-spur\/","og_site_name":"Luxury Car Rentals | Monaco, Nice, Cannes, Saint-Tropez","article_modified_time":"2020-03-07T09:59:07+00:00","twitter_misc":{"Dur\u00e9e de lecture estim\u00e9e":"1 minute"},"schema":{"@context":"https:\/\/schema.org","@graph":[{"@type":"WebPage","@id":"https:\/\/luxury-rental-mc.com\/fr\/location-voiture\/bentley-flying-spur\/","url":"https:\/\/luxury-rental-mc.com\/fr\/location-voiture\/bentley-flying-spur\/","name":"Bentley Flying Spur \u00e0 louer, location berline de luxe | LR MC","isPartOf":{"@id":"https:\/\/luxury-rental-mc.com\/#website"},"datePublished":"2016-07-05T11:01:45+00:00","dateModified":"2020-03-07T09:59:07+00:00","description":"Une berline de luxe nomm\u00e9e Flying Spur du constructeur Bentley, tr\u00e8s \u00e9l\u00e9gante et spacieuse elle sera parfaite pour vos d\u00e9placements professionnels.","breadcrumb":{"@id":"https:\/\/luxury-rental-mc.com\/fr\/location-voiture\/bentley-flying-spur\/#breadcrumb"},"inLanguage":"fr-FR","potentialAction":[{"@type":"ReadAction","target":["https:\/\/luxury-rental-mc.com\/fr\/location-voiture\/bentley-flying-spur\/"]}]},{"@type":"BreadcrumbList","@id":"https:\/\/luxury-rental-mc.com\/fr\/location-voiture\/bentley-flying-spur\/#breadcrumb","itemListElement":[{"@type":"ListItem","position":1,"name":"Accueil","item":"https:\/\/luxury-rental-mc.com\/fr\/"},{"@type":"ListItem","position":2,"name":"Location","item":"https:\/\/luxury-rental-mc.com\/fr\/location-voiture\/"},{"@type":"ListItem","position":3,"name":"Bentley Flying Spur"}]},{"@type":"WebSite","@id":"https:\/\/luxury-rental-mc.com\/#website","url":"https:\/\/luxury-rental-mc.com\/","name":"Luxury Car Rentals | Monaco, Nice, Cannes, Saint-Tropez","description":"Rent the finest brands : Porsche, Ferrari, Lamborghini, Mercedes...","potentialAction":[{"@type":"SearchAction","target":{"@type":"EntryPoint","urlTemplate":"https:\/\/luxury-rental-mc.com\/?s={search_term_string}"},"query-input":"required name=search_term_string"}],"inLanguage":"fr-FR"}]}},"_links":{"self":[{"href":"https:\/\/luxury-rental-mc.com\/fr\/wp-json\/wp\/v2\/pages\/8150\/"}],"collection":[{"href":"https:\/\/luxury-rental-mc.com\/fr\/wp-json\/wp\/v2\/pages\/"}],"about":[{"href":"https:\/\/luxury-rental-mc.com\/fr\/wp-json\/wp\/v2\/types\/page\/"}],"author":[{"embeddable":true,"href":"https:\/\/luxury-rental-mc.com\/fr\/wp-json\/wp\/v2\/users\/2\/"}],"replies":[{"embeddable":true,"href":"https:\/\/luxury-rental-mc.com\/fr\/wp-json\/wp\/v2\/comments\/?post=8150"}],"version-history":[{"count":7,"href":"https:\/\/luxury-rental-mc.com\/fr\/wp-json\/wp\/v2\/pages\/8150\/revisions\/"}],"predecessor-version":[{"id":49360,"href":"https:\/\/luxury-rental-mc.com\/fr\/wp-json\/wp\/v2\/pages\/8150\/revisions\/49360\/"}],"up":[{"embeddable":true,"href":"https:\/\/luxury-rental-mc.com\/fr\/wp-json\/wp\/v2\/pages\/7038\/"}],"wp:attachment":[{"href":"https:\/\/luxury-rental-mc.com\/fr\/wp-json\/wp\/v2\/media\/?parent=8150"}],"curies":[{"name":"wp","href":"https:\/\/api.w.org\/{rel}","templated":true}]}}