{"id":8203,"date":"2016-07-05T16:51:59","date_gmt":"2016-07-05T14:51:59","guid":{"rendered":"https:\/\/luxury-rental-mc.com\/fr\/?page_id=8203"},"modified":"2022-04-26T16:40:18","modified_gmt":"2022-04-26T14:40:18","slug":"ferrari-488-gtb-spider","status":"publish","type":"page","link":"https:\/\/luxury-rental-mc.com\/fr\/location-voiture\/ferrari-488-gtb-spider\/","title":{"rendered":"Ferrari 488 GTB Spider"},"content":{"rendered":"[vc_row][vc_column width=\u00a0\u00bb2\/3&Prime;][mk_title_box size=\u00a0\u00bb16&Prime; letter_spacing=\u00a0\u00bb4&Prime; margin_bottom=\u00a0\u00bb0&Prime; font_family=\u00a0\u00bbnone\u00a0\u00bb]\n<h1><span style=\"font-size: 14pt;\">Location Ferrari 488 GTB Spider<\/span><\/h1>\n[\/mk_title_box][mk_swipe_slideshow images=\u00a0\u00bb11736,11739,11741&Prime; image_width=\u00a0\u00bb750&Prime; image_height=\u00a0\u00bb400&Prime;][vc_video title=\u00a0\u00bbFerrari 488 Spider VS Lamborghini Huracan Spyder\u00a0\u00bb link=\u00a0\u00bbhttps:\/\/www.youtube.com\/watch?v=J1zbSVQ99UQ\u00a0\u00bb][vc_column_text css=\u00a0\u00bb.vc_custom_1650984013067{margin-bottom: 0px !important;}\u00a0\u00bb]<span style=\"font-size: 10pt;\">La Ferrari 488 Spider est une d\u00e9clinaison de la <a href=\"https:\/\/luxury-rental-mc.com\/fr\/location-voiture\/ferrari-488-gtb\">488 GTB<\/a> elle poss\u00e8de toutes les m\u00eames caract\u00e9ristiques et sa diff\u00e9rence qui fait d\u2019elle un atout est son toit ouvrant rigide.Vous recherchez une <a href=\"https:\/\/luxury-rental-mc.com\/fr\/location-ferrari\/\">location de Ferrari<\/a> ? Contactez nous<\/span><\/p>\n<p>. Vivez une exp\u00e9rience de conduite in\u00e9dite, <strong>louer la Ferrari 488 Spider<\/strong> ! Quelle que soit votre destination, \u00e0 <strong>Monaco<\/strong> ou en <strong>Europe<\/strong>, l\u2019incroyable voiture de sport du constructeur italien Ferrari saura vous surprendre. Durant votre location de Ferrari 488 spider, au volant de cette <strong>supercar<\/strong> vous appr\u00e9cierez les performances de son moteur <strong>V8 biturbo de 670 chevaux<\/strong> (670ch). N\u2019attendez plus un \u00e9v\u00e8nement sp\u00e9cial comme le Festival International du Film de Cannes ou le Grand Prix F1 de Monaco, <a href=\"https:\/\/luxury-rental-mc.com\/fr\/location-voiture-luxe\/nice\">r\u00e9servez d\u00e8s maintenant votre location de Ferrari 488 Spider \u00e0 l\u2019a\u00e9roport de Nice &#8211; C\u00f4te d\u2019Azur <\/a>et offrez-vous un week end inoubliable. Au volant de cette merveille confectionn\u00e9e \u00e0 Maranello, en mode cabriolet vous profiterez du soleil de <strong>Saint-Tropez<\/strong>\u00a0ou <strong>Cannes<\/strong>.\u00a0Nos services sur mesure vous permettent d\u2019opter pour une location de <strong>Ferrari 488 cabriolet<\/strong> en aller simple gr\u00e2ce la r\u00e9cup\u00e9ration de cette supercar de luxe sur le lieu de votre choix, diff\u00e9rent ou pas de celui de la livraison.\u00a0Alors n\u2019h\u00e9sitez plus venez louer la luxueuse voiture de course Ferrari 488 sans changer votre planning de vacances pour une <strong>location de voiture<\/strong>. Notre \u00e9quipe MC Luxury Rental se fera un plaisir de vous livrer la Ferrari 488 spider (cabriolet) de luxe l\u00e0 o\u00f9 vous le voulez et quand vous le voudrez.<span class=\"Apple-converted-space\">\u00a0<\/span>La location de cette supercar d\u00e9capotable ne vous fera pas discret, son design incroyable et son bruit d\u2019\u00e9chappement incroyablement sourd attirera beaucoup de regard sur vous.\u00a0Pour vos <a href=\"https:\/\/luxury-rental-mc.com\/fr\/location-voiture-luxe\/barcelone\">vacances \u00e0 Barcelone<\/a>, votre s\u00e9minaire \u00e0 <a href=\"https:\/\/luxury-rental-mc.com\/fr\/location-voiture-luxe\/milan\">Milan<\/a>, ou encore dans <a href=\"https:\/\/luxury-rental-mc.com\/fr\/location-voiture-luxe\/monaco\">la vie de tous les jours \u00e0 Monte-Carlo<\/a>, louez la Ferrari 488 spider. Cette unique <strong>voiture de sport<\/strong> digne de vous-m\u00eame saura vous combler tout le long de votre location, une fois lanc\u00e9 avec un 0 \u00e0 100 km\/h en seulement 3 secondes vous vous ferez tr\u00e8s facilement plaisir au volant de ce bolide de luxe que <strong>MC Luxury Rental<\/strong> se fera un plaisir de vous louer.\u00a0[\/vc_column_text][\/vc_column][vc_column width=\u00a0\u00bb1\/3&Prime;][mk_padding_divider size=\u00a0\u00bb12&Prime;][mk_title_box size=\u00a0\u00bb16&Prime; letter_spacing=\u00a0\u00bb4&Prime; margin_bottom=\u00a0\u00bb0&Prime; font_family=\u00a0\u00bbnone\u00a0\u00bb]\n<h2><span style=\"font-size: 14pt;\">Tarifs<\/span><\/h2>\n[\/mk_title_box][vc_table vc_table_theme=\u00a0\u00bbsimple_pink\u00a0\u00bb][align-left]Journ%C3%A9e%20(150%20Km),[align-left]1900%E2%82%AC|[b;align-left]3%20Jours%20(500%20km),[align-left]5200%E2%82%AC|[b;align-left]5%20Jours%20(750%20Km),[align-left]8600%E2%82%AC|[b;align-left]Journ%C3%A9e%20supp.,[align-left]1600%E2%82%AC|[align-left;b]Extra%20km,[align-left]6%E2%82%AC|[b;align-left]Caution,[align-left]20000%E2%82%AC[\/vc_table][mk_button dimension=\u00a0\u00bboutline\u00a0\u00bb size=\u00a0\u00bblarge\u00a0\u00bb icon=\u00a0\u00bbmk-li-call\u00a0\u00bb url=\u00a0\u00bbhttps:\/\/luxury-rental-mc.com\/fr\/contact\/\u00a0\u00bb align=\u00a0\u00bbcenter\u00a0\u00bb fullwidth=\u00a0\u00bbtrue\u00a0\u00bb visibility=\u00a0\u00bbhidden-sm\u00a0\u00bb]R\u00e9servation +33762841105[\/mk_button][mk_button dimension=\u00a0\u00bboutline\u00a0\u00bb size=\u00a0\u00bblarge\u00a0\u00bb icon=\u00a0\u00bbmk-li-call\u00a0\u00bb url=\u00a0\u00bbtel:+33762841105&Prime; align=\u00a0\u00bbcenter\u00a0\u00bb fullwidth=\u00a0\u00bbtrue\u00a0\u00bb visibility=\u00a0\u00bbhidden-dt\u00a0\u00bb]Reservation[\/mk_button][vc_column_text]Marque\u00a0:\u00a0Ferrari<br \/>\nMod\u00e8le : 488 GTB Spider<br \/>\nNombre de places : 2<br \/>\nPuissance : 670 Ch<br \/>\nCylindr\u00e9e\u00a0: 3902 cm3<br \/>\nVitesse\u00a0max : 330 Km\/h<br \/>\nConsommation Mixte\u00a0: 12.1 l \/100 km<br \/>\nAge minimum\u00a0:\u00a018 ans[\/vc_column_text][\/vc_column][\/vc_row][vc_row fullwidth=\u00a0\u00bbtrue\u00a0\u00bb][vc_column][mk_clients clients=\u00a0\u00bb7183,7187,7173,7185,7177,7175,7179,7181,7189&Prime;][\/vc_column][\/vc_row]\n","protected":false},"excerpt":{"rendered":"<p>[vc_row][vc_column width=\u00a0\u00bb2\/3&Prime;][mk_title_box size=\u00a0\u00bb16&Prime; letter_spacing=\u00a0\u00bb4&Prime; margin_bottom=\u00a0\u00bb0&Prime; font_family=\u00a0\u00bbnone\u00a0\u00bb] Location Ferrari 488 GTB Spider [\/mk_title_box][mk_swipe_slideshow images=\u00a0\u00bb11736,11739,11741&Prime; image_width=\u00a0\u00bb750&Prime; image_height=\u00a0\u00bb400&Prime;][vc_video title=\u00a0\u00bbFerrari 488 Spider VS Lamborghini Huracan Spyder\u00a0\u00bb link=\u00a0\u00bbhttps:\/\/www.youtube.com\/watch?v=J1zbSVQ99UQ\u00a0\u00bb][vc_column_text css=\u00a0\u00bb.vc_custom_1650984013067{margin-bottom: 0px !important;}\u00a0\u00bb]La Ferrari 488 Spider est une d\u00e9clinaison de la 488 GTB elle poss\u00e8de toutes les m\u00eames caract\u00e9ristiques et sa diff\u00e9rence qui fait d\u2019elle un atout est son toit ouvrant rigide.Vous [&hellip;]<\/p>\n","protected":false},"author":2,"featured_media":0,"parent":7038,"menu_order":0,"comment_status":"closed","ping_status":"closed","template":"","meta":{"_monsterinsights_skip_tracking":false,"_monsterinsights_sitenote_active":false,"_monsterinsights_sitenote_note":"","_monsterinsights_sitenote_category":0},"yoast_head":"<!-- This site is optimized with the Yoast SEO plugin v20.3 - https:\/\/yoast.com\/wordpress\/plugins\/seo\/ -->\n<title>Ferrari 488 GTB Spider \u00e0 louer, location voiture | LR MC<\/title>\n<meta name=\"description\" content=\"La Ferrari 488 GTB Spider est une d\u00e9clinaison de la 488 GTB. Aussi sportive et \u00e9l\u00e9gante son plus est son toit ouvrant parfait pour profiter en conduisant.\" \/>\n<meta name=\"robots\" content=\"index, follow, max-snippet:-1, max-image-preview:large, max-video-preview:-1\" \/>\n<link rel=\"canonical\" href=\"https:\/\/luxury-rental-mc.com\/fr\/location-voiture\/ferrari-488-gtb-spider\/\" \/>\n<meta property=\"og:locale\" content=\"fr_FR\" \/>\n<meta property=\"og:type\" content=\"article\" \/>\n<meta property=\"og:title\" content=\"Ferrari 488 GTB Spider \u00e0 louer, location voiture | LR MC\" \/>\n<meta property=\"og:description\" content=\"La Ferrari 488 GTB Spider est une d\u00e9clinaison de la 488 GTB. Aussi sportive et \u00e9l\u00e9gante son plus est son toit ouvrant parfait pour profiter en conduisant.\" \/>\n<meta property=\"og:url\" content=\"https:\/\/luxury-rental-mc.com\/fr\/location-voiture\/ferrari-488-gtb-spider\/\" \/>\n<meta property=\"og:site_name\" content=\"Luxury Car Rentals | Monaco, Nice, Cannes, Saint-Tropez\" \/>\n<meta property=\"article:modified_time\" content=\"2022-04-26T14:40:18+00:00\" \/>\n<meta name=\"twitter:label1\" content=\"Dur\u00e9e de lecture estim\u00e9e\" \/>\n\t<meta name=\"twitter:data1\" content=\"2 minutes\" \/>\n<script type=\"application\/ld+json\" class=\"yoast-schema-graph\">{\"@context\":\"https:\/\/schema.org\",\"@graph\":[{\"@type\":\"WebPage\",\"@id\":\"https:\/\/luxury-rental-mc.com\/fr\/location-voiture\/ferrari-488-gtb-spider\/\",\"url\":\"https:\/\/luxury-rental-mc.com\/fr\/location-voiture\/ferrari-488-gtb-spider\/\",\"name\":\"Ferrari 488 GTB Spider \u00e0 louer, location voiture | LR MC\",\"isPartOf\":{\"@id\":\"https:\/\/luxury-rental-mc.com\/#website\"},\"datePublished\":\"2016-07-05T14:51:59+00:00\",\"dateModified\":\"2022-04-26T14:40:18+00:00\",\"description\":\"La Ferrari 488 GTB Spider est une d\u00e9clinaison de la 488 GTB. Aussi sportive et \u00e9l\u00e9gante son plus est son toit ouvrant parfait pour profiter en conduisant.\",\"breadcrumb\":{\"@id\":\"https:\/\/luxury-rental-mc.com\/fr\/location-voiture\/ferrari-488-gtb-spider\/#breadcrumb\"},\"inLanguage\":\"fr-FR\",\"potentialAction\":[{\"@type\":\"ReadAction\",\"target\":[\"https:\/\/luxury-rental-mc.com\/fr\/location-voiture\/ferrari-488-gtb-spider\/\"]}]},{\"@type\":\"BreadcrumbList\",\"@id\":\"https:\/\/luxury-rental-mc.com\/fr\/location-voiture\/ferrari-488-gtb-spider\/#breadcrumb\",\"itemListElement\":[{\"@type\":\"ListItem\",\"position\":1,\"name\":\"Accueil\",\"item\":\"https:\/\/luxury-rental-mc.com\/fr\/\"},{\"@type\":\"ListItem\",\"position\":2,\"name\":\"Location\",\"item\":\"https:\/\/luxury-rental-mc.com\/fr\/location-voiture\/\"},{\"@type\":\"ListItem\",\"position\":3,\"name\":\"Ferrari 488 GTB Spider\"}]},{\"@type\":\"WebSite\",\"@id\":\"https:\/\/luxury-rental-mc.com\/#website\",\"url\":\"https:\/\/luxury-rental-mc.com\/\",\"name\":\"Luxury Car Rentals | Monaco, Nice, Cannes, Saint-Tropez\",\"description\":\"Rent the finest brands : Porsche, Ferrari, Lamborghini, Mercedes...\",\"potentialAction\":[{\"@type\":\"SearchAction\",\"target\":{\"@type\":\"EntryPoint\",\"urlTemplate\":\"https:\/\/luxury-rental-mc.com\/?s={search_term_string}\"},\"query-input\":\"required name=search_term_string\"}],\"inLanguage\":\"fr-FR\"}]}<\/script>\n<!-- \/ Yoast SEO plugin. -->","yoast_head_json":{"title":"Ferrari 488 GTB Spider \u00e0 louer, location voiture | LR MC","description":"La Ferrari 488 GTB Spider est une d\u00e9clinaison de la 488 GTB. Aussi sportive et \u00e9l\u00e9gante son plus est son toit ouvrant parfait pour profiter en conduisant.","robots":{"index":"index","follow":"follow","max-snippet":"max-snippet:-1","max-image-preview":"max-image-preview:large","max-video-preview":"max-video-preview:-1"},"canonical":"https:\/\/luxury-rental-mc.com\/fr\/location-voiture\/ferrari-488-gtb-spider\/","og_locale":"fr_FR","og_type":"article","og_title":"Ferrari 488 GTB Spider \u00e0 louer, location voiture | LR MC","og_description":"La Ferrari 488 GTB Spider est une d\u00e9clinaison de la 488 GTB. Aussi sportive et \u00e9l\u00e9gante son plus est son toit ouvrant parfait pour profiter en conduisant.","og_url":"https:\/\/luxury-rental-mc.com\/fr\/location-voiture\/ferrari-488-gtb-spider\/","og_site_name":"Luxury Car Rentals | Monaco, Nice, Cannes, Saint-Tropez","article_modified_time":"2022-04-26T14:40:18+00:00","twitter_misc":{"Dur\u00e9e de lecture estim\u00e9e":"2 minutes"},"schema":{"@context":"https:\/\/schema.org","@graph":[{"@type":"WebPage","@id":"https:\/\/luxury-rental-mc.com\/fr\/location-voiture\/ferrari-488-gtb-spider\/","url":"https:\/\/luxury-rental-mc.com\/fr\/location-voiture\/ferrari-488-gtb-spider\/","name":"Ferrari 488 GTB Spider \u00e0 louer, location voiture | LR MC","isPartOf":{"@id":"https:\/\/luxury-rental-mc.com\/#website"},"datePublished":"2016-07-05T14:51:59+00:00","dateModified":"2022-04-26T14:40:18+00:00","description":"La Ferrari 488 GTB Spider est une d\u00e9clinaison de la 488 GTB. Aussi sportive et \u00e9l\u00e9gante son plus est son toit ouvrant parfait pour profiter en conduisant.","breadcrumb":{"@id":"https:\/\/luxury-rental-mc.com\/fr\/location-voiture\/ferrari-488-gtb-spider\/#breadcrumb"},"inLanguage":"fr-FR","potentialAction":[{"@type":"ReadAction","target":["https:\/\/luxury-rental-mc.com\/fr\/location-voiture\/ferrari-488-gtb-spider\/"]}]},{"@type":"BreadcrumbList","@id":"https:\/\/luxury-rental-mc.com\/fr\/location-voiture\/ferrari-488-gtb-spider\/#breadcrumb","itemListElement":[{"@type":"ListItem","position":1,"name":"Accueil","item":"https:\/\/luxury-rental-mc.com\/fr\/"},{"@type":"ListItem","position":2,"name":"Location","item":"https:\/\/luxury-rental-mc.com\/fr\/location-voiture\/"},{"@type":"ListItem","position":3,"name":"Ferrari 488 GTB Spider"}]},{"@type":"WebSite","@id":"https:\/\/luxury-rental-mc.com\/#website","url":"https:\/\/luxury-rental-mc.com\/","name":"Luxury Car Rentals | Monaco, Nice, Cannes, Saint-Tropez","description":"Rent the finest brands : Porsche, Ferrari, Lamborghini, Mercedes...","potentialAction":[{"@type":"SearchAction","target":{"@type":"EntryPoint","urlTemplate":"https:\/\/luxury-rental-mc.com\/?s={search_term_string}"},"query-input":"required name=search_term_string"}],"inLanguage":"fr-FR"}]}},"_links":{"self":[{"href":"https:\/\/luxury-rental-mc.com\/fr\/wp-json\/wp\/v2\/pages\/8203\/"}],"collection":[{"href":"https:\/\/luxury-rental-mc.com\/fr\/wp-json\/wp\/v2\/pages\/"}],"about":[{"href":"https:\/\/luxury-rental-mc.com\/fr\/wp-json\/wp\/v2\/types\/page\/"}],"author":[{"embeddable":true,"href":"https:\/\/luxury-rental-mc.com\/fr\/wp-json\/wp\/v2\/users\/2\/"}],"replies":[{"embeddable":true,"href":"https:\/\/luxury-rental-mc.com\/fr\/wp-json\/wp\/v2\/comments\/?post=8203"}],"version-history":[{"count":17,"href":"https:\/\/luxury-rental-mc.com\/fr\/wp-json\/wp\/v2\/pages\/8203\/revisions\/"}],"predecessor-version":[{"id":117170,"href":"https:\/\/luxury-rental-mc.com\/fr\/wp-json\/wp\/v2\/pages\/8203\/revisions\/117170\/"}],"up":[{"embeddable":true,"href":"https:\/\/luxury-rental-mc.com\/fr\/wp-json\/wp\/v2\/pages\/7038\/"}],"wp:attachment":[{"href":"https:\/\/luxury-rental-mc.com\/fr\/wp-json\/wp\/v2\/media\/?parent=8203"}],"curies":[{"name":"wp","href":"https:\/\/api.w.org\/{rel}","templated":true}]}}